{"id":9847,"date":"2021-11-03T17:49:58","date_gmt":"2021-11-03T17:49:58","guid":{"rendered":"https:\/\/www.meavia-mh.hr\/?post_type=product&#038;p=9847"},"modified":"2024-07-05T15:47:11","modified_gmt":"2024-07-05T15:47:11","slug":"ikon-iq-kist-za-nail-art-10-0","status":"publish","type":"product","link":"https:\/\/www.meavia-mh.hr\/sl\/product\/ikon-iq-kist-za-nail-art-10-0\/","title":{"rendered":"IKON.iQ \u010dopi\u010d za oblikovanje nohtov 10\/0"},"content":{"rendered":"<p>IKON.iQ \u010dopi\u010d za nail art 10\/0 - kakovost v va\u0161i roki! Vsi IKON.iQ \u010dopi\u010di za nohte so ro\u010dno izdelani v proizvodnji evropskih obrtnikov s stoletno tradicijo izdelave kozmeti\u010dnih in umetni\u0161kih \u010dopi\u010dev najvi\u0161je kakovosti. Vsaka vrsta \u010dopi\u010da za nohte IKON.iQ je zasnovana v skladu z natan\u010dnimi in edinstvenimi specifikacijami in uporablja najkakovostnej\u0161e sinteti\u010dne ali naravne dlake za ustvarjanje najbolj\u0161ih razpolo\u017eljivih \u0161\u010detk. Njihova vrhunska kakovost se ne more primerjati s tovarni\u0161kimi \u0161\u010detkami iz Kitajske ali Tajvana, ki bodo na koncu omejile va\u0161 razvoj in ustvarjalnost zaradi slabega delovanja.<\/p>\n<p>IKON.iQ \u010dopi\u010d za nail art 10\/0 zna\u010dilnosti:<\/p>\n<ul>\n<li>popoln \u010dopi\u010d za risanje linij in krivulj<\/li>\n<li>iz naravnih las za natan\u010den nadzor oblikovanja<\/li>\n<li>oblika \u010dopi\u010da je ustvarjena in obdelana ro\u010dno, ne pa izrezana v obliko kot ve\u010dina drugih izdelkov<\/li>\n<li>pobarvan lesen ro\u010daj \u010dopi\u010da je odporen na aceton in zagotavlja dolgo in varno uporabo.<\/li>\n<li>priporo\u010dljivo za uporabo za vse linije barvnih gelov in trajnih gel lakov IKON.iQ<\/li>\n<li>Premium kvaliteta<\/li>\n<li>dol\u017eina dlake \u0161\u010detke: 40 mm<\/li>\n<li>ro\u010dno izdana v evropskih manufakturah s stoletno tradicijo<\/li>\n<\/ul>\n<h6>Oglejte si video predstavitev \u010dopi\u010dev IKON.iQ:<\/h6>\n<p><a href=\"https:\/\/www.youtube.com\/watch?v=nYeZ-L8AvXc&#038;list=PLYARWdED2Jslsy93VfyXXRXgWaskr3Vxb&#038;index=9\">https:\/\/www.youtube.com\/watch?v=nYeZ-L8AvXc&amp;list=PLYARWdED2Jslsy93VfyXXRXgWaskr3Vxb&amp;index=9<\/a><\/p>\n<h6>Katero krta\u010do izbrati<\/h6>\n<p><span style=\"font-size: 16px\">Ali ste vedeli, da je \u0161\u010detka sestavljena iz treh delov: ro\u010dajev, \u0161\u010detin ali \u0161\u010detin in nastavkov.\u00a0<\/span><\/p>\n<div class=\"itemFullText\">\n<p><strong>Ro\u010daj \u0161\u010detke<\/strong> - lahko iz lesa ali plastike. Ro\u010daj \u0161\u010detke ima pravilno dolo\u010deno dol\u017eino za udoben oprijem \u0161\u010detke ter enostavnej\u0161e in la\u017eje delo. Danes obstajajo skraj\u0161ani, zlo\u017eljivi ro\u010daji.<br \/>\n<strong>Krta\u010da za lase<\/strong> - vrsta las, naravni lasje ali najlon in oblika, v kateri so oblikovani v okrogli ali plo\u0161\u010dati, dolo\u010dajo kon\u010dni namen krta\u010de. Lasje so tisto, kar naredi razliko med dobro in slabo krta\u010do.<br \/>\n<strong>Ferula ali podstavek za noge<\/strong> - je kovinski okrogel del, ki dr\u017ei dlake krta\u010de skupaj in jih pritrdi na ro\u010daj \u0161\u010detke. Osnova las je pritrjena z lepilom in dodatno pritrjena obro\u010dka. Ferula se mora dobro oprijeti ro\u010daja in je pritrjena s posebnim strojem in se vidi po zarezah na njej. \u010ce lasje nenehno izpadajo, to pomeni, da niso pritrjeni z lepilom ali pa so slabo narejeni.<\/p>\n<p>Velikost \u010dopi\u010da je dolo\u010dena s \u0161tevilko. \u0160tevilke velikosti \u010dopi\u010dev se gibljejo od 0 do 40. Manj\u0161e \u0161tevilo pomeni tanj\u0161i \u010dopi\u010d, ve\u010dje \u0161tevilo pomeni ve\u010dji ali debelej\u0161i \u010dopi\u010d. Imamo tudi \u010dopi\u010de v velikostih 0000, 000 in 00 in so namenjeni za zelo natan\u010dne miniaturne detajle (risanje detajlov, \u010drt, nail art). Plo\u0161\u010dati \u010dopi\u010di imajo tudi svoje oznake (#4, #5, #6\u2026) in dolo\u010dajo \u0161irino plo\u0161\u010datega \u010dopi\u010da.<\/p>\n<p>Poskrbite za rokovanje, \u010di\u0161\u010denje in shranjevanje \u0161\u010detk. Odvisno je od tega, kako dolgo vam bodo \u0161\u010detke zdr\u017eale, ne da bi jih morali zamenjati z novimi. Zelo pomembno je \u010di\u0161\u010denje \u010dopi\u010da po uporabi in pri menjavi barve. \u0160\u010detke shranjujte v posodi z ro\u010daji navzdol in z lasmi navzgor.<\/p>\n<\/div>","protected":false},"excerpt":{"rendered":"<p>IKON.iQ kist za nail art 10\/0 &#8211; kvaliteta u va\u0161oj ruci! Svi kistovi za nokte IKON.iQ ru\u010dno su izra\u0111eni u manufakturama europskih obrtnika sa stogodi\u0161njom tradicijom izrade kozmeti\u010dkih i umjetni\u010dkih \u010detkica najvi\u0161e kvalitete. Svaka vrsta IKON.iQ kista za nokte dizajnirana je prema preciznim i jedinstvenim specifikacijama, a koristi najkvalitetniju sinteti\u010dku ili prirodnu dlaku za stvaranje [&hellip;]<\/p>\n","protected":false},"featured_media":9848,"comment_status":"open","ping_status":"closed","template":"","meta":{"_uag_custom_page_level_css":"","site-sidebar-layout":"default","site-content-layout":"default","ast-site-content-layout":"default","site-content-style":"default","site-sidebar-style":"default","ast-global-header-display":"","ast-banner-title-visibility":"","ast-main-header-display":"","ast-hfb-above-header-display":"","ast-hfb-below-header-display":"","ast-hfb-mobile-header-display":"","site-post-title":"","ast-breadcrumbs-content":"","ast-featured-img":"","footer-sml-layout":"","ast-disable-related-posts":"","theme-transparent-header-meta":"default","adv-header-id-meta":"","stick-header-meta":"default","header-above-stick-meta":"","header-main-stick-meta":"","header-below-stick-meta":"","astra-migrate-meta-layouts":"default","ast-page-background-enabled":"default","ast-page-background-meta":{"desktop":{"background-color":"var(--ast-global-color-4)","background-image":"","background-repeat":"repeat","background-position":"center center","background-size":"auto","background-attachment":"scroll","background-type":"","background-media":"","overlay-type":"","overlay-color":"","overlay-opacity":"","overlay-gradient":""},"tablet":{"background-color":"","background-image":"","background-repeat":"repeat","background-position":"center center","background-size":"auto","background-attachment":"scroll","background-type":"","background-media":"","overlay-type":"","overlay-color":"","overlay-opacity":"","overlay-gradient":""},"mobile":{"background-color":"","background-image":"","background-repeat":"repeat","background-position":"center center","background-size":"auto","background-attachment":"scroll","background-type":"","background-media":"","overlay-type":"","overlay-color":"","overlay-opacity":"","overlay-gradient":""}},"ast-content-background-meta":{"desktop":{"background-color":"var(--ast-global-color-5)","background-image":"","background-repeat":"repeat","background-position":"center center","background-size":"auto","background-attachment":"scroll","background-type":"","background-media":"","overlay-type":"","overlay-color":"","overlay-opacity":"","overlay-gradient":""},"tablet":{"background-color":"var(--ast-global-color-5)","background-image":"","background-repeat":"repeat","background-position":"center center","background-size":"auto","background-attachment":"scroll","background-type":"","background-media":"","overlay-type":"","overlay-color":"","overlay-opacity":"","overlay-gradient":""},"mobile":{"background-color":"var(--ast-global-color-5)","background-image":"","background-repeat":"repeat","background-position":"center center","background-size":"auto","background-attachment":"scroll","background-type":"","background-media":"","overlay-type":"","overlay-color":"","overlay-opacity":"","overlay-gradient":""}}},"product_brand":[],"product_cat":[112],"product_tag":[72],"class_list":{"0":"post-9847","1":"product","2":"type-product","3":"status-publish","4":"has-post-thumbnail","6":"product_cat-kistovi","7":"product_tag-kist","8":"desktop-align-left","9":"tablet-align-left","10":"mobile-align-left","11":"ast-product-gallery-layout-horizontal-slider","12":"ast-product-gallery-with-no-image","13":"ast-product-tabs-layout-horizontal","15":"first","16":"outofstock","17":"taxable","18":"shipping-taxable","19":"purchasable","20":"product-type-simple"},"yoast_head":"<!-- This site is optimized with the Yoast SEO plugin v27.5 - https:\/\/yoast.com\/product\/yoast-seo-wordpress\/ -->\n<title>IKON.iQ kist za nail art 10\/0 &#8902; premium kvaliteta &#8902; Mea Via Beauty<\/title>\n<meta name=\"description\" content=\"IKON.iQ kist za nail art 10\/0 &#8902; ru\u010dno izra\u0111eni kist za nail art &#8902; premium kvaliteta &#8902; kist za llinije i krivulje &#8902; Made in EU\" \/>\n<meta name=\"robots\" content=\"index, follow, max-snippet:-1, max-image-preview:large, max-video-preview:-1\" \/>\n<link rel=\"canonical\" href=\"https:\/\/www.meavia-mh.hr\/sl\/product\/ikon-iq-kist-za-nail-art-10-0\/\" \/>\n<meta property=\"og:locale\" content=\"sl_SI\" \/>\n<meta property=\"og:type\" content=\"article\" \/>\n<meta property=\"og:title\" content=\"IKON.iQ kist za nail art 10\/0 &#8902; premium kvaliteta &#8902; Mea Via Beauty\" \/>\n<meta property=\"og:description\" content=\"IKON.iQ kist za nail art 10\/0 &#8902; ru\u010dno izra\u0111eni kist za nail art &#8902; premium kvaliteta &#8902; kist za llinije i krivulje &#8902; Made in EU\" \/>\n<meta property=\"og:url\" content=\"https:\/\/www.meavia-mh.hr\/sl\/product\/ikon-iq-kist-za-nail-art-10-0\/\" \/>\n<meta property=\"og:site_name\" content=\"Mea Via Beauty\" \/>\n<meta property=\"article:publisher\" content=\"https:\/\/www.facebook.com\/MeaViaNailsWorld\" \/>\n<meta property=\"article:modified_time\" content=\"2024-07-05T15:47:11+00:00\" \/>\n<meta property=\"og:image\" content=\"https:\/\/www.meavia-mh.hr\/wp-content\/uploads\/2021\/11\/Slika-zaslona-2021-11-03-u-01.33.16.jpg\" \/>\n\t<meta property=\"og:image:width\" content=\"1296\" \/>\n\t<meta property=\"og:image:height\" content=\"1270\" \/>\n\t<meta property=\"og:image:type\" content=\"image\/jpeg\" \/>\n<meta name=\"twitter:card\" content=\"summary_large_image\" \/>\n<meta name=\"twitter:label1\" content=\"Est. reading time\" \/>\n\t<meta name=\"twitter:data1\" content=\"2 minuti\" \/>\n<script type=\"application\/ld+json\" class=\"yoast-schema-graph\">{\"@context\":\"https:\\\/\\\/schema.org\",\"@graph\":[{\"@type\":\"WebPage\",\"@id\":\"https:\\\/\\\/www.meavia-mh.hr\\\/product\\\/ikon-iq-kist-za-nail-art-10-0\\\/\",\"url\":\"https:\\\/\\\/www.meavia-mh.hr\\\/product\\\/ikon-iq-kist-za-nail-art-10-0\\\/\",\"name\":\"IKON.iQ kist za nail art 10\\\/0 &#8902; premium kvaliteta &#8902; Mea Via Beauty\",\"isPartOf\":{\"@id\":\"https:\\\/\\\/meavia-mh.hr\\\/sl\\\/#website\"},\"primaryImageOfPage\":{\"@id\":\"https:\\\/\\\/www.meavia-mh.hr\\\/product\\\/ikon-iq-kist-za-nail-art-10-0\\\/#primaryimage\"},\"image\":{\"@id\":\"https:\\\/\\\/www.meavia-mh.hr\\\/product\\\/ikon-iq-kist-za-nail-art-10-0\\\/#primaryimage\"},\"thumbnailUrl\":\"https:\\\/\\\/www.meavia-mh.hr\\\/wp-content\\\/uploads\\\/2021\\\/11\\\/Slika-zaslona-2021-11-03-u-01.33.16.jpg\",\"datePublished\":\"2021-11-03T17:49:58+00:00\",\"dateModified\":\"2024-07-05T15:47:11+00:00\",\"description\":\"IKON.iQ kist za nail art 10\\\/0 &#8902; ru\u010dno izra\u0111eni kist za nail art &#8902; premium kvaliteta &#8902; kist za llinije i krivulje &#8902; Made in EU\",\"breadcrumb\":{\"@id\":\"https:\\\/\\\/www.meavia-mh.hr\\\/product\\\/ikon-iq-kist-za-nail-art-10-0\\\/#breadcrumb\"},\"inLanguage\":\"sl-SI\",\"potentialAction\":[{\"@type\":\"ReadAction\",\"target\":[\"https:\\\/\\\/www.meavia-mh.hr\\\/product\\\/ikon-iq-kist-za-nail-art-10-0\\\/\"]}]},{\"@type\":\"ImageObject\",\"inLanguage\":\"sl-SI\",\"@id\":\"https:\\\/\\\/www.meavia-mh.hr\\\/product\\\/ikon-iq-kist-za-nail-art-10-0\\\/#primaryimage\",\"url\":\"https:\\\/\\\/www.meavia-mh.hr\\\/wp-content\\\/uploads\\\/2021\\\/11\\\/Slika-zaslona-2021-11-03-u-01.33.16.jpg\",\"contentUrl\":\"https:\\\/\\\/www.meavia-mh.hr\\\/wp-content\\\/uploads\\\/2021\\\/11\\\/Slika-zaslona-2021-11-03-u-01.33.16.jpg\",\"width\":1296,\"height\":1270,\"caption\":\"IKON.iQ kist za nail art\"},{\"@type\":\"BreadcrumbList\",\"@id\":\"https:\\\/\\\/www.meavia-mh.hr\\\/product\\\/ikon-iq-kist-za-nail-art-10-0\\\/#breadcrumb\",\"itemListElement\":[{\"@type\":\"ListItem\",\"position\":1,\"name\":\"Po\u010detna stranica\",\"item\":\"https:\\\/\\\/www.meavia-mh.hr\\\/\"},{\"@type\":\"ListItem\",\"position\":2,\"name\":\"Trgovina\",\"item\":\"https:\\\/\\\/meavia-mh.hr\\\/sl\\\/store\\\/\"},{\"@type\":\"ListItem\",\"position\":3,\"name\":\"IKON.iQ kist za nail art 10\\\/0\"}]},{\"@type\":\"WebSite\",\"@id\":\"https:\\\/\\\/meavia-mh.hr\\\/sl\\\/#website\",\"url\":\"https:\\\/\\\/meavia-mh.hr\\\/sl\\\/\",\"name\":\"Mea Via Beauty\",\"description\":\"Only The Best For Your Beauty\",\"publisher\":{\"@id\":\"https:\\\/\\\/meavia-mh.hr\\\/sl\\\/#organization\"},\"alternateName\":\"Mea Via Nails\",\"potentialAction\":[{\"@type\":\"SearchAction\",\"target\":{\"@type\":\"EntryPoint\",\"urlTemplate\":\"https:\\\/\\\/meavia-mh.hr\\\/sl\\\/?s={search_term_string}\"},\"query-input\":{\"@type\":\"PropertyValueSpecification\",\"valueRequired\":true,\"valueName\":\"search_term_string\"}}],\"inLanguage\":\"sl-SI\"},{\"@type\":\"Organization\",\"@id\":\"https:\\\/\\\/meavia-mh.hr\\\/sl\\\/#organization\",\"name\":\"Mea Via Nails World\",\"alternateName\":\"Mea Via\",\"url\":\"https:\\\/\\\/meavia-mh.hr\\\/sl\\\/\",\"logo\":{\"@type\":\"ImageObject\",\"inLanguage\":\"sl-SI\",\"@id\":\"https:\\\/\\\/meavia-mh.hr\\\/sl\\\/#\\\/schema\\\/logo\\\/image\\\/\",\"url\":\"https:\\\/\\\/www.meavia-mh.hr\\\/wp-content\\\/uploads\\\/2020\\\/12\\\/Mea-Via.png\",\"contentUrl\":\"https:\\\/\\\/www.meavia-mh.hr\\\/wp-content\\\/uploads\\\/2020\\\/12\\\/Mea-Via.png\",\"width\":1181,\"height\":393,\"caption\":\"Mea Via Nails World\"},\"image\":{\"@id\":\"https:\\\/\\\/meavia-mh.hr\\\/sl\\\/#\\\/schema\\\/logo\\\/image\\\/\"},\"sameAs\":[\"https:\\\/\\\/www.facebook.com\\\/MeaViaNailsWorld\",\"https:\\\/\\\/www.instagram.com\\\/mea_via_nails_world\\\/\",\"https:\\\/\\\/www.youtube.com\\\/channel\\\/UCECk0hpRWP6TN-EfA4ER96g\\\/featured\"]}]}<\/script>\n<!-- \/ Yoast SEO plugin. -->","yoast_head_json":{"title":"IKON.iQ kist za nail art 10\/0 &#8902; premium kvaliteta &#8902; Mea Via Beauty","description":"IKON.iQ kist za nail art 10\/0 &#8902; ru\u010dno izra\u0111eni kist za nail art &#8902; premium kvaliteta &#8902; kist za llinije i krivulje &#8902; Made in EU","robots":{"index":"index","follow":"follow","max-snippet":"max-snippet:-1","max-image-preview":"max-image-preview:large","max-video-preview":"max-video-preview:-1"},"canonical":"https:\/\/www.meavia-mh.hr\/sl\/product\/ikon-iq-kist-za-nail-art-10-0\/","og_locale":"sl_SI","og_type":"article","og_title":"IKON.iQ kist za nail art 10\/0 &#8902; premium kvaliteta &#8902; Mea Via Beauty","og_description":"IKON.iQ kist za nail art 10\/0 &#8902; ru\u010dno izra\u0111eni kist za nail art &#8902; premium kvaliteta &#8902; kist za llinije i krivulje &#8902; Made in EU","og_url":"https:\/\/www.meavia-mh.hr\/sl\/product\/ikon-iq-kist-za-nail-art-10-0\/","og_site_name":"Mea Via Beauty","article_publisher":"https:\/\/www.facebook.com\/MeaViaNailsWorld","article_modified_time":"2024-07-05T15:47:11+00:00","og_image":[{"width":1296,"height":1270,"url":"https:\/\/www.meavia-mh.hr\/wp-content\/uploads\/2021\/11\/Slika-zaslona-2021-11-03-u-01.33.16.jpg","type":"image\/jpeg"}],"twitter_card":"summary_large_image","twitter_misc":{"Est. reading time":"2 minuti"},"schema":{"@context":"https:\/\/schema.org","@graph":[{"@type":"WebPage","@id":"https:\/\/www.meavia-mh.hr\/product\/ikon-iq-kist-za-nail-art-10-0\/","url":"https:\/\/www.meavia-mh.hr\/product\/ikon-iq-kist-za-nail-art-10-0\/","name":"IKON.iQ kist za nail art 10\/0 &#8902; premium kvaliteta &#8902; Mea Via Beauty","isPartOf":{"@id":"https:\/\/meavia-mh.hr\/sl\/#website"},"primaryImageOfPage":{"@id":"https:\/\/www.meavia-mh.hr\/product\/ikon-iq-kist-za-nail-art-10-0\/#primaryimage"},"image":{"@id":"https:\/\/www.meavia-mh.hr\/product\/ikon-iq-kist-za-nail-art-10-0\/#primaryimage"},"thumbnailUrl":"https:\/\/www.meavia-mh.hr\/wp-content\/uploads\/2021\/11\/Slika-zaslona-2021-11-03-u-01.33.16.jpg","datePublished":"2021-11-03T17:49:58+00:00","dateModified":"2024-07-05T15:47:11+00:00","description":"IKON.iQ kist za nail art 10\/0 &#8902; ru\u010dno izra\u0111eni kist za nail art &#8902; premium kvaliteta &#8902; kist za llinije i krivulje &#8902; Made in EU","breadcrumb":{"@id":"https:\/\/www.meavia-mh.hr\/product\/ikon-iq-kist-za-nail-art-10-0\/#breadcrumb"},"inLanguage":"sl-SI","potentialAction":[{"@type":"ReadAction","target":["https:\/\/www.meavia-mh.hr\/product\/ikon-iq-kist-za-nail-art-10-0\/"]}]},{"@type":"ImageObject","inLanguage":"sl-SI","@id":"https:\/\/www.meavia-mh.hr\/product\/ikon-iq-kist-za-nail-art-10-0\/#primaryimage","url":"https:\/\/www.meavia-mh.hr\/wp-content\/uploads\/2021\/11\/Slika-zaslona-2021-11-03-u-01.33.16.jpg","contentUrl":"https:\/\/www.meavia-mh.hr\/wp-content\/uploads\/2021\/11\/Slika-zaslona-2021-11-03-u-01.33.16.jpg","width":1296,"height":1270,"caption":"IKON.iQ kist za nail art"},{"@type":"BreadcrumbList","@id":"https:\/\/www.meavia-mh.hr\/product\/ikon-iq-kist-za-nail-art-10-0\/#breadcrumb","itemListElement":[{"@type":"ListItem","position":1,"name":"Po\u010detna stranica","item":"https:\/\/www.meavia-mh.hr\/"},{"@type":"ListItem","position":2,"name":"Trgovina","item":"https:\/\/meavia-mh.hr\/sl\/store\/"},{"@type":"ListItem","position":3,"name":"IKON.iQ kist za nail art 10\/0"}]},{"@type":"WebSite","@id":"https:\/\/meavia-mh.hr\/sl\/#website","url":"https:\/\/meavia-mh.hr\/sl\/","name":"MEA VIA BEAUTY","description":"Only The Best For Your Beauty","publisher":{"@id":"https:\/\/meavia-mh.hr\/sl\/#organization"},"alternateName":"Mea Via Nails","potentialAction":[{"@type":"SearchAction","target":{"@type":"EntryPoint","urlTemplate":"https:\/\/meavia-mh.hr\/sl\/?s={search_term_string}"},"query-input":{"@type":"PropertyValueSpecification","valueRequired":true,"valueName":"search_term_string"}}],"inLanguage":"sl-SI"},{"@type":"Organization","@id":"https:\/\/meavia-mh.hr\/sl\/#organization","name":"Mea Via Nails World","alternateName":"Mea Via","url":"https:\/\/meavia-mh.hr\/sl\/","logo":{"@type":"ImageObject","inLanguage":"sl-SI","@id":"https:\/\/meavia-mh.hr\/sl\/#\/schema\/logo\/image\/","url":"https:\/\/www.meavia-mh.hr\/wp-content\/uploads\/2020\/12\/Mea-Via.png","contentUrl":"https:\/\/www.meavia-mh.hr\/wp-content\/uploads\/2020\/12\/Mea-Via.png","width":1181,"height":393,"caption":"Mea Via Nails World"},"image":{"@id":"https:\/\/meavia-mh.hr\/sl\/#\/schema\/logo\/image\/"},"sameAs":["https:\/\/www.facebook.com\/MeaViaNailsWorld","https:\/\/www.instagram.com\/mea_via_nails_world\/","https:\/\/www.youtube.com\/channel\/UCECk0hpRWP6TN-EfA4ER96g\/featured"]}]}},"spectra_custom_meta":{"_sku":["30309S"],"_regular_price":["10.6"],"total_sales":["11"],"_tax_status":["taxable"],"_tax_class":[""],"_manage_stock":["yes"],"_backorders":["no"],"_sold_individually":["no"],"_virtual":["no"],"_downloadable":["no"],"_download_limit":["-1"],"_download_expiry":["-1"],"_thumbnail_id":["9848"],"_stock":["0"],"_stock_status":["outofstock"],"_wc_average_rating":["0"],"_wc_review_count":["0"],"_product_version":["7.2.2"],"_price":["10.6"],"_wp_page_template":["default"],"_yoast_wpseo_focuskw":["IKON.iQ kist za nail art"],"_yoast_wpseo_title":["%%title%% %%page%% %%sep%% premium kvaliteta %%sep%% %%sitename%%"],"_yoast_wpseo_metadesc":["%%title%% %%sep%% ru\u010dno izra\u0111eni kist za nail art %%sep%% premium kvaliteta %%sep%% kist za llinije i krivulje %%sep%% Made in EU"],"_yoast_wpseo_linkdex":["69"],"_yoast_wpseo_content_score":["90"],"_yoast_wpseo_primary_product_cat":["112"],"site-sidebar-layout":["default"],"site-content-layout":["default"],"theme-transparent-header-meta":["default"],"stick-header-meta":["default"],"_oembed_a342bf1fed7f38d0c76caa8a9a9014ba":["<iframe title=\"IKON.IQ Sculpting Brushes Explained\" width=\"500\" height=\"281\" src=\"https:\/\/www.youtube.com\/embed\/nYeZ-L8AvXc?list=PLYARWdED2Jslsy93VfyXXRXgWaskr3Vxb\" frameborder=\"0\" allow=\"accelerometer; autoplay; clipboard-write; encrypted-media; gyroscope; picture-in-picture\" allowfullscreen><\/iframe>"],"_oembed_time_a342bf1fed7f38d0c76caa8a9a9014ba":["1655066572"],"_oembed_18dc58266068a7ae3724f8f37da09cd8":["<iframe title=\"IKON.IQ Sculpting Brushes Explained\" width=\"898\" height=\"505\" src=\"https:\/\/www.youtube.com\/embed\/nYeZ-L8AvXc?list=PLYARWdED2Jslsy93VfyXXRXgWaskr3Vxb\" frameborder=\"0\" allow=\"accelerometer; autoplay; clipboard-write; encrypted-media; gyroscope; picture-in-picture\" allowfullscreen><\/iframe>"],"_oembed_time_18dc58266068a7ae3724f8f37da09cd8":["1608833404"],"_oembed_4ea1aa316a2670931be0431af8f393e1":["<iframe title=\"IKON.IQ Sculpting Brushes Explained\" width=\"922\" height=\"519\" src=\"https:\/\/www.youtube.com\/embed\/nYeZ-L8AvXc?list=PLYARWdED2Jslsy93VfyXXRXgWaskr3Vxb\" frameborder=\"0\" allow=\"accelerometer; autoplay; clipboard-write; encrypted-media; gyroscope; picture-in-picture\" allowfullscreen><\/iframe>"],"_oembed_time_4ea1aa316a2670931be0431af8f393e1":["1608833479"],"_oembed_689ae5ac1a397e6820706f3d4dd5033e":["<iframe title=\"IKON.IQ Sculpting Brushes Explained\" width=\"1200\" height=\"675\" src=\"https:\/\/www.youtube.com\/embed\/nYeZ-L8AvXc?list=PLYARWdED2Jslsy93VfyXXRXgWaskr3Vxb\" frameborder=\"0\" allow=\"accelerometer; autoplay; clipboard-write; encrypted-media; gyroscope; picture-in-picture\" allowfullscreen><\/iframe>"],"_oembed_time_689ae5ac1a397e6820706f3d4dd5033e":["1608890129"],"_woocs_price_geo_countries":[""],"_woocs_regular_price_geo":[""],"_woocs_sale_price_geo":[""],"_yoast_wpseo_estimated-reading-time-minutes":["2"],"cartflows_redirect_flow_id":[""],"cartflows_add_to_cart_text":[""],"_edit_lock":["1655073147:1"],"_edit_last":["1"],"_woocs_regular_price_EUR":["13.14"],"_woocs_sale_price_EUR":["-1"],"_oembed_cc89f9af6f875d906cf9b314d521f1de":["{{unknown}}"],"uag_migration_processed":["1"],"_elementor_page_assets":["a:0:{}"],"_uag_page_assets":["a:9:{s:3:\"css\";s:0:\"\";s:2:\"js\";s:0:\"\";s:18:\"current_block_list\";a:3:{i:0;s:11:\"core\/search\";i:1;s:18:\"core\/legacy-widget\";i:2;s:27:\"woocommerce\/product-filters\";}s:8:\"uag_flag\";b:0;s:11:\"uag_version\";s:10:\"1777622644\";s:6:\"gfonts\";a:0:{}s:10:\"gfonts_url\";s:0:\"\";s:12:\"gfonts_files\";a:0:{}s:14:\"uag_faq_layout\";b:0;}"]},"uagb_featured_image_src":{"full":["https:\/\/www.meavia-mh.hr\/wp-content\/uploads\/2021\/11\/Slika-zaslona-2021-11-03-u-01.33.16.jpg",1296,1270,false],"thumbnail":["https:\/\/www.meavia-mh.hr\/wp-content\/uploads\/2021\/11\/Slika-zaslona-2021-11-03-u-01.33.16-150x150.jpg",150,150,true],"medium":["https:\/\/www.meavia-mh.hr\/wp-content\/uploads\/2021\/11\/Slika-zaslona-2021-11-03-u-01.33.16-300x294.jpg",300,294,true],"medium_large":["https:\/\/www.meavia-mh.hr\/wp-content\/uploads\/2021\/11\/Slika-zaslona-2021-11-03-u-01.33.16-768x753.jpg",768,753,true],"large":["https:\/\/www.meavia-mh.hr\/wp-content\/uploads\/2021\/11\/Slika-zaslona-2021-11-03-u-01.33.16-1024x1003.jpg",1024,1003,true],"1536x1536":["https:\/\/www.meavia-mh.hr\/wp-content\/uploads\/2021\/11\/Slika-zaslona-2021-11-03-u-01.33.16.jpg",1296,1270,false],"2048x2048":["https:\/\/www.meavia-mh.hr\/wp-content\/uploads\/2021\/11\/Slika-zaslona-2021-11-03-u-01.33.16.jpg",1296,1270,false],"trp-custom-language-flag":["https:\/\/www.meavia-mh.hr\/wp-content\/uploads\/2021\/11\/Slika-zaslona-2021-11-03-u-01.33.16-12x12.jpg",12,12,true],"woocommerce_thumbnail":["https:\/\/www.meavia-mh.hr\/wp-content\/uploads\/2021\/11\/Slika-zaslona-2021-11-03-u-01.33.16-300x300.jpg",300,300,true],"woocommerce_single":["https:\/\/www.meavia-mh.hr\/wp-content\/uploads\/2021\/11\/Slika-zaslona-2021-11-03-u-01.33.16-600x588.jpg",600,588,true],"woocommerce_gallery_thumbnail":["https:\/\/www.meavia-mh.hr\/wp-content\/uploads\/2021\/11\/Slika-zaslona-2021-11-03-u-01.33.16-100x100.jpg",100,100,true]},"uagb_author_info":{"display_name":"Mea Via","author_link":"https:\/\/www.meavia-mh.hr\/sl\/author\/"},"uagb_comment_info":0,"uagb_excerpt":"IKON.iQ kist za nail art 10\/0 &#8211; kvaliteta u va\u0161oj ruci! Svi kistovi za nokte IKON.iQ ru\u010dno su izra\u0111eni u manufakturama europskih obrtnika sa stogodi\u0161njom tradicijom izrade kozmeti\u010dkih i umjetni\u010dkih \u010detkica najvi\u0161e kvalitete. Svaka vrsta IKON.iQ kista za nokte dizajnirana je prema preciznim i jedinstvenim specifikacijama, a koristi najkvalitetniju sinteti\u010dku ili prirodnu dlaku za stvaranje&hellip;","_links":{"self":[{"href":"https:\/\/www.meavia-mh.hr\/sl\/wp-json\/wp\/v2\/product\/9847","targetHints":{"allow":["GET"]}}],"collection":[{"href":"https:\/\/www.meavia-mh.hr\/sl\/wp-json\/wp\/v2\/product"}],"about":[{"href":"https:\/\/www.meavia-mh.hr\/sl\/wp-json\/wp\/v2\/types\/product"}],"replies":[{"embeddable":true,"href":"https:\/\/www.meavia-mh.hr\/sl\/wp-json\/wp\/v2\/comments?post=9847"}],"version-history":[{"count":1,"href":"https:\/\/www.meavia-mh.hr\/sl\/wp-json\/wp\/v2\/product\/9847\/revisions"}],"predecessor-version":[{"id":31081,"href":"https:\/\/www.meavia-mh.hr\/sl\/wp-json\/wp\/v2\/product\/9847\/revisions\/31081"}],"wp:featuredmedia":[{"embeddable":true,"href":"https:\/\/www.meavia-mh.hr\/sl\/wp-json\/wp\/v2\/media\/9848"}],"wp:attachment":[{"href":"https:\/\/www.meavia-mh.hr\/sl\/wp-json\/wp\/v2\/media?parent=9847"}],"wp:term":[{"taxonomy":"product_brand","embeddable":true,"href":"https:\/\/www.meavia-mh.hr\/sl\/wp-json\/wp\/v2\/product_brand?post=9847"},{"taxonomy":"product_cat","embeddable":true,"href":"https:\/\/www.meavia-mh.hr\/sl\/wp-json\/wp\/v2\/product_cat?post=9847"},{"taxonomy":"product_tag","embeddable":true,"href":"https:\/\/www.meavia-mh.hr\/sl\/wp-json\/wp\/v2\/product_tag?post=9847"}],"curies":[{"name":"delovni list","href":"https:\/\/api.w.org\/{rel}","templated":true}]}}