{"id":9050,"date":"2021-09-11T14:42:34","date_gmt":"2021-09-11T14:42:34","guid":{"rendered":"https:\/\/www.meavia-mh.hr\/?post_type=product&#038;p=9050"},"modified":"2026-01-24T08:16:20","modified_gmt":"2026-01-24T07:16:20","slug":"profesionalne-kozmeticke-skare-bionessa-b-41-cvd","status":"publish","type":"product","link":"https:\/\/www.meavia-mh.hr\/sl\/product\/profesionalne-kozmeticke-skare-bionessa-b-41-cvd\/","title":{"rendered":"Profesionalne kozmeti\u010dne \u0161karje Bionessa B.41.CVD"},"content":{"rendered":"<p>Profesionalne kozmeti\u010dne \u0161karje Bionessa B.41.CVD so izdelane iz kirur\u0161kega jekla, ki se uporablja za izdelavo kirur\u0161kih in medicinskih instrumentov. <strong>Ro\u010dno bru\u0161eni robovi<\/strong> so izredno ostri \u017ee ob prvi uporabi. Profesionalne kozmeti\u010dne \u0161karje Bionessa B.41.CVD so vsestranski izdelek, ki se uporablja pri manikuri in pedikuri, pa tudi pri oblikovanju obrvi, podalj\u0161evanju trepalnic in drugih kozmeti\u010dnih tretmajih. Za uporabljene materiale in ro\u010dno delo so zna\u010dilne \u0161karje z nadpovpre\u010dno vzdr\u017eljivostjo in odpornostjo na oksidacijske procese.<\/p>\n<h6><strong>Zna\u010dilnosti:<\/strong><\/h6>\n<ul>\n<li>dol\u017eina rezalnega roba 20 mm (+\/- 0,5 mm)<\/li>\n<li>dol\u017eina \u0161karij 90 mm (+\/- 1 mm)<\/li>\n<li>ro\u010dno bru\u0161eni robovi<\/li>\n<li>mat zaklju\u010dek<\/li>\n<li>izdelan iz kirur\u0161kega jekla<\/li>\n<li>izdelek, namenjen dezinfekciji in sterilizaciji v avtoklavu<\/li>\n<\/ul>\n<h6><strong>Pravilna uporaba in shranjevanje orodij Bioness:<\/strong><\/h6>\n<ul>\n<li>Orodja uporabljajte samo za namene, za katere so bila namenjena<\/li>\n<li>Orodje vedno hranite z rezili obrnjenimi navzgor<\/li>\n<li>izogibajte se padcu ali udarcu orodja, da prepre\u010dite po\u0161kodbe rezalnih robov<\/li>\n<li>orodje shranjujte na suhem mestu in v posebni embala\u017ei. Zrak v prostoru naj bo suh in orodja ne shranjujte v folijah. To omejuje dostop do zraka in lahko povzro\u010di kondenzacijo vodne pare, ki je zelo \u0161kodljiva za jeklo.<\/li>\n<li>z orodjem je treba ravnati zelo previdno. Nekatere mehanske po\u0161kodbe so s prostim o\u010desom nevidne. Rezila, konice in mehanizmi zahtevajo posebno nego.<\/li>\n<\/ul>\n<h6><strong>Pravilno vzdr\u017eevanje orodij Bioness:<\/strong><\/h6>\n<p>Ne pozabite, da je treba ob vsaki uporabi orodja izvesti pravilne postopke \u010di\u0161\u010denja, dezinfekcije in sterilizacije.<\/p>\n<p><strong>\u010ci\u0161\u010denje:<\/strong>\u00a0Orodje temeljito o\u010distite <a href=\"https:\/\/www.meavia-mh.hr\/sl\/product\/cetkica-za-prasinu-aqua\/\">s krta\u010do za prah<\/a>, tkiva, nohte ali lase. Nato instrumente sperite z destilirano vodo *.<\/p>\n<p>* Za \u010di\u0161\u010denje uporabite destilirano vodo, da prepre\u010dite razbarvanje in rjavenje orodja. Voda iz pipe vsebuje minerale, ki se lahko usedejo na instrumente in negativno vplivajo na u\u010dinek sterilizacije.<\/p>\n<p><strong>dezinfekcija:<\/strong> \u00a0Postopek razku\u017eevanja lahko izvajamo v posodi, napolnjeni s pripravkom ali razku\u017eilno raztopino, ali v <a href=\"https:\/\/www.meavia-mh.hr\/sl\/product\/promed-ultrasonic-sterilizator-uc-50\/\">Ultrazvo\u010dni \u010distilec PROMED<\/a> z uporabo za to namenjenih pripravkov. Ne pozabite, da so orodja popolnoma potopljena v raztopino. Ko je razku\u017eevanje kon\u010dano, odstranite orodje in pustite, da se popolnoma posu\u0161i *.<\/p>\n<p>* \u010cistilne\/dezinfekcijske raztopine je treba pripraviti v skladu z navodili v navodilu za izdelek. \u0160e posebej priporo\u010damo spo\u0161tovanje koncentracije raztopine - to ima tako higienske kot ekonomske posledice. Previsoka koncentracija lahko po\u0161koduje orodje, medtem ko prenizka koncentracija izbranih mikroorganizmov ne razku\u017ei.<\/p>\n<p><strong>Sterilizacija:\u00a0<\/strong>\u00a0Postopek sterilizacije instrumentov poteka v avtoklavu. Priporo\u010dena metoda sterilizacije je parna sterilizacija pod tlakom pri 134 \u00b0C (ne ve\u010d kot 200 \u00b0C). Postopek sterilizacije je treba izvesti v skladu z navodili na napravi za sterilizacijo. Ne pozabite odpreti vseh instrumentov, tako da je vsak element instrumenta steriliziran. Pred sterilizacijo nama\u017eite gibljive mehanizme orodja s posebnim pripravkom. Za parno sterilizacijo priporo\u010damo uporabo vodotopnega maziva.<\/p>\n<h6>Pakiranje: 1 kos<\/h6>\n<h6><\/h6>","protected":false},"excerpt":{"rendered":"<p>Profesionalne kozmeti\u010dke \u0161kare Bionessa B.41.CVD izra\u0111ene su od kirur\u0161kog \u010delika, koji se koristi za proizvodnju kirur\u0161kih i medicinskih instrumenata. Ru\u010dno nao\u0161treni rubovi iznimno su o\u0161tri od prve uporabe. Profesionalne kozmeti\u010dke \u0161kare Bionessa B.41.CVD svestrani su proizvod koji se koristi tijekom tretmana manikure i pedikure, ali i za oblikovanje obrva, nadogradnju trepavica i druge kozmeti\u010dke tretmane. [&hellip;]<\/p>\n","protected":false},"featured_media":9051,"comment_status":"open","ping_status":"closed","template":"","meta":{"_uag_custom_page_level_css":"","site-sidebar-layout":"default","site-content-layout":"default","ast-site-content-layout":"default","site-content-style":"default","site-sidebar-style":"default","ast-global-header-display":"","ast-banner-title-visibility":"","ast-main-header-display":"","ast-hfb-above-header-display":"","ast-hfb-below-header-display":"","ast-hfb-mobile-header-display":"","site-post-title":"","ast-breadcrumbs-content":"","ast-featured-img":"","footer-sml-layout":"","ast-disable-related-posts":"","theme-transparent-header-meta":"default","adv-header-id-meta":"","stick-header-meta":"default","header-above-stick-meta":"","header-main-stick-meta":"","header-below-stick-meta":"","astra-migrate-meta-layouts":"default","ast-page-background-enabled":"default","ast-page-background-meta":{"desktop":{"background-color":"var(--ast-global-color-4)","background-image":"","background-repeat":"repeat","background-position":"center center","background-size":"auto","background-attachment":"scroll","background-type":"","background-media":"","overlay-type":"","overlay-color":"","overlay-opacity":"","overlay-gradient":""},"tablet":{"background-color":"","background-image":"","background-repeat":"repeat","background-position":"center center","background-size":"auto","background-attachment":"scroll","background-type":"","background-media":"","overlay-type":"","overlay-color":"","overlay-opacity":"","overlay-gradient":""},"mobile":{"background-color":"","background-image":"","background-repeat":"repeat","background-position":"center center","background-size":"auto","background-attachment":"scroll","background-type":"","background-media":"","overlay-type":"","overlay-color":"","overlay-opacity":"","overlay-gradient":""}},"ast-content-background-meta":{"desktop":{"background-color":"var(--ast-global-color-5)","background-image":"","background-repeat":"repeat","background-position":"center center","background-size":"auto","background-attachment":"scroll","background-type":"","background-media":"","overlay-type":"","overlay-color":"","overlay-opacity":"","overlay-gradient":""},"tablet":{"background-color":"var(--ast-global-color-5)","background-image":"","background-repeat":"repeat","background-position":"center center","background-size":"auto","background-attachment":"scroll","background-type":"","background-media":"","overlay-type":"","overlay-color":"","overlay-opacity":"","overlay-gradient":""},"mobile":{"background-color":"var(--ast-global-color-5)","background-image":"","background-repeat":"repeat","background-position":"center center","background-size":"auto","background-attachment":"scroll","background-type":"","background-media":"","overlay-type":"","overlay-color":"","overlay-opacity":"","overlay-gradient":""}}},"product_brand":[],"product_cat":[247],"product_tag":[263,244,226,262],"class_list":{"0":"post-9050","1":"product","2":"type-product","3":"status-publish","4":"has-post-thumbnail","6":"product_cat-pribor-za-manikuru","7":"product_tag-accessories","8":"product_tag-manikura","9":"product_tag-pedikura","10":"product_tag-skarice","11":"desktop-align-left","12":"tablet-align-left","13":"mobile-align-left","14":"ast-product-gallery-layout-horizontal-slider","15":"ast-product-tabs-layout-horizontal","17":"first","18":"outofstock","19":"taxable","20":"shipping-taxable","21":"purchasable","22":"product-type-simple"},"yoast_head":"<!-- This site is optimized with the Yoast SEO plugin v27.5 - https:\/\/yoast.com\/product\/yoast-seo-wordpress\/ -->\n<title>Profesionalne kozmeti\u010dke \u0161kare Bionessa B.41.CVD &#8902; Mea Via Beauty &#8902; premium kvaaliteta<\/title>\n<meta name=\"description\" content=\"Profesionalne kozmeti\u010dke \u0161kare Bionessa B.41.CVD &#8902; \u0161karice za manikuru i pedikuru &#8902; vrhunska kvaliteta &#8902; izra\u0111ene od medicinskog \u010delika\" \/>\n<meta name=\"robots\" content=\"index, follow, max-snippet:-1, max-image-preview:large, max-video-preview:-1\" \/>\n<link rel=\"canonical\" href=\"https:\/\/www.meavia-mh.hr\/sl\/product\/profesionalne-kozmeticke-skare-bionessa-b-41-cvd\/\" \/>\n<meta property=\"og:locale\" content=\"sl_SI\" \/>\n<meta property=\"og:type\" content=\"article\" \/>\n<meta property=\"og:title\" content=\"Profesionalne kozmeti\u010dke \u0161kare Bionessa B.41.CVD &#8902; Mea Via Beauty &#8902; premium kvaaliteta\" \/>\n<meta property=\"og:description\" content=\"Profesionalne kozmeti\u010dke \u0161kare Bionessa B.41.CVD &#8902; \u0161karice za manikuru i pedikuru &#8902; vrhunska kvaliteta &#8902; izra\u0111ene od medicinskog \u010delika\" \/>\n<meta property=\"og:url\" content=\"https:\/\/www.meavia-mh.hr\/sl\/product\/profesionalne-kozmeticke-skare-bionessa-b-41-cvd\/\" \/>\n<meta property=\"og:site_name\" content=\"Mea Via Beauty\" \/>\n<meta property=\"article:publisher\" content=\"https:\/\/www.facebook.com\/MeaViaNailsWorld\" \/>\n<meta property=\"article:modified_time\" content=\"2026-01-24T07:16:20+00:00\" \/>\n<meta property=\"og:image\" content=\"https:\/\/www.meavia-mh.hr\/wp-content\/uploads\/2021\/09\/Slika-zaslona-2021-09-11-u-16.43.59.jpg\" \/>\n\t<meta property=\"og:image:width\" content=\"1606\" \/>\n\t<meta property=\"og:image:height\" content=\"1572\" \/>\n\t<meta property=\"og:image:type\" content=\"image\/jpeg\" \/>\n<meta name=\"twitter:card\" content=\"summary_large_image\" \/>\n<meta name=\"twitter:label1\" content=\"Est. reading time\" \/>\n\t<meta name=\"twitter:data1\" content=\"2 minuti\" \/>\n<script type=\"application\/ld+json\" class=\"yoast-schema-graph\">{\"@context\":\"https:\\\/\\\/schema.org\",\"@graph\":[{\"@type\":\"WebPage\",\"@id\":\"https:\\\/\\\/www.meavia-mh.hr\\\/product\\\/profesionalne-kozmeticke-skare-bionessa-b-41-cvd\\\/\",\"url\":\"https:\\\/\\\/www.meavia-mh.hr\\\/product\\\/profesionalne-kozmeticke-skare-bionessa-b-41-cvd\\\/\",\"name\":\"Profesionalne kozmeti\u010dke \u0161kare Bionessa B.41.CVD &#8902; Mea Via Beauty &#8902; premium kvaaliteta\",\"isPartOf\":{\"@id\":\"https:\\\/\\\/meavia-mh.hr\\\/sl\\\/#website\"},\"primaryImageOfPage\":{\"@id\":\"https:\\\/\\\/www.meavia-mh.hr\\\/product\\\/profesionalne-kozmeticke-skare-bionessa-b-41-cvd\\\/#primaryimage\"},\"image\":{\"@id\":\"https:\\\/\\\/www.meavia-mh.hr\\\/product\\\/profesionalne-kozmeticke-skare-bionessa-b-41-cvd\\\/#primaryimage\"},\"thumbnailUrl\":\"https:\\\/\\\/www.meavia-mh.hr\\\/wp-content\\\/uploads\\\/2021\\\/09\\\/Slika-zaslona-2021-09-11-u-16.43.59.jpg\",\"datePublished\":\"2021-09-11T14:42:34+00:00\",\"dateModified\":\"2026-01-24T07:16:20+00:00\",\"description\":\"Profesionalne kozmeti\u010dke \u0161kare Bionessa B.41.CVD &#8902; \u0161karice za manikuru i pedikuru &#8902; vrhunska kvaliteta &#8902; izra\u0111ene od medicinskog \u010delika\",\"breadcrumb\":{\"@id\":\"https:\\\/\\\/www.meavia-mh.hr\\\/product\\\/profesionalne-kozmeticke-skare-bionessa-b-41-cvd\\\/#breadcrumb\"},\"inLanguage\":\"sl-SI\",\"potentialAction\":[{\"@type\":\"ReadAction\",\"target\":[\"https:\\\/\\\/www.meavia-mh.hr\\\/product\\\/profesionalne-kozmeticke-skare-bionessa-b-41-cvd\\\/\"]}]},{\"@type\":\"ImageObject\",\"inLanguage\":\"sl-SI\",\"@id\":\"https:\\\/\\\/www.meavia-mh.hr\\\/product\\\/profesionalne-kozmeticke-skare-bionessa-b-41-cvd\\\/#primaryimage\",\"url\":\"https:\\\/\\\/www.meavia-mh.hr\\\/wp-content\\\/uploads\\\/2021\\\/09\\\/Slika-zaslona-2021-09-11-u-16.43.59.jpg\",\"contentUrl\":\"https:\\\/\\\/www.meavia-mh.hr\\\/wp-content\\\/uploads\\\/2021\\\/09\\\/Slika-zaslona-2021-09-11-u-16.43.59.jpg\",\"width\":1606,\"height\":1572,\"caption\":\"Profesionalne kozmeti\u010dke \u0161kare Bionessa B.41.CVD\"},{\"@type\":\"BreadcrumbList\",\"@id\":\"https:\\\/\\\/www.meavia-mh.hr\\\/product\\\/profesionalne-kozmeticke-skare-bionessa-b-41-cvd\\\/#breadcrumb\",\"itemListElement\":[{\"@type\":\"ListItem\",\"position\":1,\"name\":\"Po\u010detna stranica\",\"item\":\"https:\\\/\\\/www.meavia-mh.hr\\\/\"},{\"@type\":\"ListItem\",\"position\":2,\"name\":\"Trgovina\",\"item\":\"https:\\\/\\\/meavia-mh.hr\\\/sl\\\/store\\\/\"},{\"@type\":\"ListItem\",\"position\":3,\"name\":\"Profesionalne kozmeti\u010dke \u0161kare Bionessa B.41.CVD\"}]},{\"@type\":\"WebSite\",\"@id\":\"https:\\\/\\\/meavia-mh.hr\\\/sl\\\/#website\",\"url\":\"https:\\\/\\\/meavia-mh.hr\\\/sl\\\/\",\"name\":\"Mea Via Beauty\",\"description\":\"Only The Best For Your Beauty\",\"publisher\":{\"@id\":\"https:\\\/\\\/meavia-mh.hr\\\/sl\\\/#organization\"},\"alternateName\":\"Mea Via Nails\",\"potentialAction\":[{\"@type\":\"SearchAction\",\"target\":{\"@type\":\"EntryPoint\",\"urlTemplate\":\"https:\\\/\\\/meavia-mh.hr\\\/sl\\\/?s={search_term_string}\"},\"query-input\":{\"@type\":\"PropertyValueSpecification\",\"valueRequired\":true,\"valueName\":\"search_term_string\"}}],\"inLanguage\":\"sl-SI\"},{\"@type\":\"Organization\",\"@id\":\"https:\\\/\\\/meavia-mh.hr\\\/sl\\\/#organization\",\"name\":\"Mea Via Nails World\",\"alternateName\":\"Mea Via\",\"url\":\"https:\\\/\\\/meavia-mh.hr\\\/sl\\\/\",\"logo\":{\"@type\":\"ImageObject\",\"inLanguage\":\"sl-SI\",\"@id\":\"https:\\\/\\\/meavia-mh.hr\\\/sl\\\/#\\\/schema\\\/logo\\\/image\\\/\",\"url\":\"https:\\\/\\\/www.meavia-mh.hr\\\/wp-content\\\/uploads\\\/2020\\\/12\\\/Mea-Via.png\",\"contentUrl\":\"https:\\\/\\\/www.meavia-mh.hr\\\/wp-content\\\/uploads\\\/2020\\\/12\\\/Mea-Via.png\",\"width\":1181,\"height\":393,\"caption\":\"Mea Via Nails World\"},\"image\":{\"@id\":\"https:\\\/\\\/meavia-mh.hr\\\/sl\\\/#\\\/schema\\\/logo\\\/image\\\/\"},\"sameAs\":[\"https:\\\/\\\/www.facebook.com\\\/MeaViaNailsWorld\",\"https:\\\/\\\/www.instagram.com\\\/mea_via_nails_world\\\/\",\"https:\\\/\\\/www.youtube.com\\\/channel\\\/UCECk0hpRWP6TN-EfA4ER96g\\\/featured\"]}]}<\/script>\n<!-- \/ Yoast SEO plugin. -->","yoast_head_json":{"title":"Profesionalne kozmeti\u010dke \u0161kare Bionessa B.41.CVD &#8902; Mea Via Beauty &#8902; premium kvaaliteta","description":"Profesionalne kozmeti\u010dke \u0161kare Bionessa B.41.CVD &#8902; \u0161karice za manikuru i pedikuru &#8902; vrhunska kvaliteta &#8902; izra\u0111ene od medicinskog \u010delika","robots":{"index":"index","follow":"follow","max-snippet":"max-snippet:-1","max-image-preview":"max-image-preview:large","max-video-preview":"max-video-preview:-1"},"canonical":"https:\/\/www.meavia-mh.hr\/sl\/product\/profesionalne-kozmeticke-skare-bionessa-b-41-cvd\/","og_locale":"sl_SI","og_type":"article","og_title":"Profesionalne kozmeti\u010dke \u0161kare Bionessa B.41.CVD &#8902; Mea Via Beauty &#8902; premium kvaaliteta","og_description":"Profesionalne kozmeti\u010dke \u0161kare Bionessa B.41.CVD &#8902; \u0161karice za manikuru i pedikuru &#8902; vrhunska kvaliteta &#8902; izra\u0111ene od medicinskog \u010delika","og_url":"https:\/\/www.meavia-mh.hr\/sl\/product\/profesionalne-kozmeticke-skare-bionessa-b-41-cvd\/","og_site_name":"Mea Via Beauty","article_publisher":"https:\/\/www.facebook.com\/MeaViaNailsWorld","article_modified_time":"2026-01-24T07:16:20+00:00","og_image":[{"width":1606,"height":1572,"url":"https:\/\/www.meavia-mh.hr\/wp-content\/uploads\/2021\/09\/Slika-zaslona-2021-09-11-u-16.43.59.jpg","type":"image\/jpeg"}],"twitter_card":"summary_large_image","twitter_misc":{"Est. reading time":"2 minuti"},"schema":{"@context":"https:\/\/schema.org","@graph":[{"@type":"WebPage","@id":"https:\/\/www.meavia-mh.hr\/product\/profesionalne-kozmeticke-skare-bionessa-b-41-cvd\/","url":"https:\/\/www.meavia-mh.hr\/product\/profesionalne-kozmeticke-skare-bionessa-b-41-cvd\/","name":"Profesionalne kozmeti\u010dke \u0161kare Bionessa B.41.CVD &#8902; Mea Via Beauty &#8902; premium kvaaliteta","isPartOf":{"@id":"https:\/\/meavia-mh.hr\/sl\/#website"},"primaryImageOfPage":{"@id":"https:\/\/www.meavia-mh.hr\/product\/profesionalne-kozmeticke-skare-bionessa-b-41-cvd\/#primaryimage"},"image":{"@id":"https:\/\/www.meavia-mh.hr\/product\/profesionalne-kozmeticke-skare-bionessa-b-41-cvd\/#primaryimage"},"thumbnailUrl":"https:\/\/www.meavia-mh.hr\/wp-content\/uploads\/2021\/09\/Slika-zaslona-2021-09-11-u-16.43.59.jpg","datePublished":"2021-09-11T14:42:34+00:00","dateModified":"2026-01-24T07:16:20+00:00","description":"Profesionalne kozmeti\u010dke \u0161kare Bionessa B.41.CVD &#8902; \u0161karice za manikuru i pedikuru &#8902; vrhunska kvaliteta &#8902; izra\u0111ene od medicinskog \u010delika","breadcrumb":{"@id":"https:\/\/www.meavia-mh.hr\/product\/profesionalne-kozmeticke-skare-bionessa-b-41-cvd\/#breadcrumb"},"inLanguage":"sl-SI","potentialAction":[{"@type":"ReadAction","target":["https:\/\/www.meavia-mh.hr\/product\/profesionalne-kozmeticke-skare-bionessa-b-41-cvd\/"]}]},{"@type":"ImageObject","inLanguage":"sl-SI","@id":"https:\/\/www.meavia-mh.hr\/product\/profesionalne-kozmeticke-skare-bionessa-b-41-cvd\/#primaryimage","url":"https:\/\/www.meavia-mh.hr\/wp-content\/uploads\/2021\/09\/Slika-zaslona-2021-09-11-u-16.43.59.jpg","contentUrl":"https:\/\/www.meavia-mh.hr\/wp-content\/uploads\/2021\/09\/Slika-zaslona-2021-09-11-u-16.43.59.jpg","width":1606,"height":1572,"caption":"Profesionalne kozmeti\u010dke \u0161kare Bionessa B.41.CVD"},{"@type":"BreadcrumbList","@id":"https:\/\/www.meavia-mh.hr\/product\/profesionalne-kozmeticke-skare-bionessa-b-41-cvd\/#breadcrumb","itemListElement":[{"@type":"ListItem","position":1,"name":"Po\u010detna stranica","item":"https:\/\/www.meavia-mh.hr\/"},{"@type":"ListItem","position":2,"name":"Trgovina","item":"https:\/\/meavia-mh.hr\/sl\/store\/"},{"@type":"ListItem","position":3,"name":"Profesionalne kozmeti\u010dke \u0161kare Bionessa B.41.CVD"}]},{"@type":"WebSite","@id":"https:\/\/meavia-mh.hr\/sl\/#website","url":"https:\/\/meavia-mh.hr\/sl\/","name":"MEA VIA BEAUTY","description":"Only The Best For Your Beauty","publisher":{"@id":"https:\/\/meavia-mh.hr\/sl\/#organization"},"alternateName":"Mea Via Nails","potentialAction":[{"@type":"SearchAction","target":{"@type":"EntryPoint","urlTemplate":"https:\/\/meavia-mh.hr\/sl\/?s={search_term_string}"},"query-input":{"@type":"PropertyValueSpecification","valueRequired":true,"valueName":"search_term_string"}}],"inLanguage":"sl-SI"},{"@type":"Organization","@id":"https:\/\/meavia-mh.hr\/sl\/#organization","name":"Mea Via Nails World","alternateName":"Mea Via","url":"https:\/\/meavia-mh.hr\/sl\/","logo":{"@type":"ImageObject","inLanguage":"sl-SI","@id":"https:\/\/meavia-mh.hr\/sl\/#\/schema\/logo\/image\/","url":"https:\/\/www.meavia-mh.hr\/wp-content\/uploads\/2020\/12\/Mea-Via.png","contentUrl":"https:\/\/www.meavia-mh.hr\/wp-content\/uploads\/2020\/12\/Mea-Via.png","width":1181,"height":393,"caption":"Mea Via Nails World"},"image":{"@id":"https:\/\/meavia-mh.hr\/sl\/#\/schema\/logo\/image\/"},"sameAs":["https:\/\/www.facebook.com\/MeaViaNailsWorld","https:\/\/www.instagram.com\/mea_via_nails_world\/","https:\/\/www.youtube.com\/channel\/UCECk0hpRWP6TN-EfA4ER96g\/featured"]}]}},"spectra_custom_meta":{"_sku":["5903814778293"],"_regular_price":["10.6"],"total_sales":["20"],"_tax_status":["taxable"],"_tax_class":[""],"_manage_stock":["yes"],"_backorders":["no"],"_sold_individually":["no"],"_virtual":["no"],"_downloadable":["no"],"_product_image_gallery":["9052,9055,9054,9053"],"_download_limit":["-1"],"_download_expiry":["-1"],"_thumbnail_id":["9051"],"_stock":["0"],"_stock_status":["outofstock"],"_wc_average_rating":["0"],"_wc_review_count":["0"],"_product_version":["10.4.3"],"_price":["10.6"],"_wp_page_template":["default"],"_yoast_wpseo_focuskw":["Profesionalne kozmeti\u010dke \u0161kare Bionessa"],"_yoast_wpseo_metadesc":["%%title%% %%sep%% \u0161karice za manikuru i pedikuru %%sep%% vrhunska kvaliteta %%sep%% izra\u0111ene od medicinskog \u010delika"],"_yoast_wpseo_linkdex":["77"],"_yoast_wpseo_content_score":["90"],"_yoast_wpseo_primary_product_cat":["247"],"site-sidebar-layout":["default"],"site-content-layout":["default"],"theme-transparent-header-meta":["default"],"stick-header-meta":["default"],"_yoast_wpseo_estimated-reading-time-minutes":["2"],"_woocs_price_geo_countries":[""],"_woocs_regular_price_geo":[""],"_woocs_sale_price_geo":[""],"_yoast_wpseo_title":["%%title%% %%page%% %%sep%% %%sitename%% %%sep%% premium kvaaliteta"],"cartflows_redirect_flow_id":[""],"cartflows_add_to_cart_text":[""],"_edit_lock":["1631434054:1"],"_edit_last":["1"],"_woocs_regular_price_EUR":["10.6"],"_woocs_sale_price_EUR":["-1"],"_lowest_price_30_days":["10.6"],"uag_migration_processed":["1"],"_elementor_page_assets":["a:0:{}"],"_uag_page_assets":["a:9:{s:3:\"css\";s:0:\"\";s:2:\"js\";s:0:\"\";s:18:\"current_block_list\";a:3:{i:0;s:11:\"core\/search\";i:1;s:18:\"core\/legacy-widget\";i:2;s:27:\"woocommerce\/product-filters\";}s:8:\"uag_flag\";b:0;s:11:\"uag_version\";s:10:\"1777638976\";s:6:\"gfonts\";a:0:{}s:10:\"gfonts_url\";s:0:\"\";s:12:\"gfonts_files\";a:0:{}s:14:\"uag_faq_layout\";b:0;}"]},"uagb_featured_image_src":{"full":["https:\/\/www.meavia-mh.hr\/wp-content\/uploads\/2021\/09\/Slika-zaslona-2021-09-11-u-16.43.59.jpg",1606,1572,false],"thumbnail":["https:\/\/www.meavia-mh.hr\/wp-content\/uploads\/2021\/09\/Slika-zaslona-2021-09-11-u-16.43.59-150x150.jpg",150,150,true],"medium":["https:\/\/www.meavia-mh.hr\/wp-content\/uploads\/2021\/09\/Slika-zaslona-2021-09-11-u-16.43.59-300x294.jpg",300,294,true],"medium_large":["https:\/\/www.meavia-mh.hr\/wp-content\/uploads\/2021\/09\/Slika-zaslona-2021-09-11-u-16.43.59-768x752.jpg",768,752,true],"large":["https:\/\/www.meavia-mh.hr\/wp-content\/uploads\/2021\/09\/Slika-zaslona-2021-09-11-u-16.43.59-1024x1002.jpg",1024,1002,true],"1536x1536":["https:\/\/www.meavia-mh.hr\/wp-content\/uploads\/2021\/09\/Slika-zaslona-2021-09-11-u-16.43.59-1536x1503.jpg",1536,1503,true],"2048x2048":["https:\/\/www.meavia-mh.hr\/wp-content\/uploads\/2021\/09\/Slika-zaslona-2021-09-11-u-16.43.59.jpg",1606,1572,false],"trp-custom-language-flag":["https:\/\/www.meavia-mh.hr\/wp-content\/uploads\/2021\/09\/Slika-zaslona-2021-09-11-u-16.43.59-12x12.jpg",12,12,true],"woocommerce_thumbnail":["https:\/\/www.meavia-mh.hr\/wp-content\/uploads\/2021\/09\/Slika-zaslona-2021-09-11-u-16.43.59-300x300.jpg",300,300,true],"woocommerce_single":["https:\/\/www.meavia-mh.hr\/wp-content\/uploads\/2021\/09\/Slika-zaslona-2021-09-11-u-16.43.59-600x587.jpg",600,587,true],"woocommerce_gallery_thumbnail":["https:\/\/www.meavia-mh.hr\/wp-content\/uploads\/2021\/09\/Slika-zaslona-2021-09-11-u-16.43.59-100x100.jpg",100,100,true]},"uagb_author_info":{"display_name":"Mea Via","author_link":"https:\/\/www.meavia-mh.hr\/sl\/author\/"},"uagb_comment_info":0,"uagb_excerpt":"Profesionalne kozmeti\u010dke \u0161kare Bionessa B.41.CVD izra\u0111ene su od kirur\u0161kog \u010delika, koji se koristi za proizvodnju kirur\u0161kih i medicinskih instrumenata. Ru\u010dno nao\u0161treni rubovi iznimno su o\u0161tri od prve uporabe. Profesionalne kozmeti\u010dke \u0161kare Bionessa B.41.CVD svestrani su proizvod koji se koristi tijekom tretmana manikure i pedikure, ali i za oblikovanje obrva, nadogradnju trepavica i druge kozmeti\u010dke tretmane.&hellip;","_links":{"self":[{"href":"https:\/\/www.meavia-mh.hr\/sl\/wp-json\/wp\/v2\/product\/9050","targetHints":{"allow":["GET"]}}],"collection":[{"href":"https:\/\/www.meavia-mh.hr\/sl\/wp-json\/wp\/v2\/product"}],"about":[{"href":"https:\/\/www.meavia-mh.hr\/sl\/wp-json\/wp\/v2\/types\/product"}],"replies":[{"embeddable":true,"href":"https:\/\/www.meavia-mh.hr\/sl\/wp-json\/wp\/v2\/comments?post=9050"}],"version-history":[{"count":1,"href":"https:\/\/www.meavia-mh.hr\/sl\/wp-json\/wp\/v2\/product\/9050\/revisions"}],"predecessor-version":[{"id":31131,"href":"https:\/\/www.meavia-mh.hr\/sl\/wp-json\/wp\/v2\/product\/9050\/revisions\/31131"}],"wp:featuredmedia":[{"embeddable":true,"href":"https:\/\/www.meavia-mh.hr\/sl\/wp-json\/wp\/v2\/media\/9051"}],"wp:attachment":[{"href":"https:\/\/www.meavia-mh.hr\/sl\/wp-json\/wp\/v2\/media?parent=9050"}],"wp:term":[{"taxonomy":"product_brand","embeddable":true,"href":"https:\/\/www.meavia-mh.hr\/sl\/wp-json\/wp\/v2\/product_brand?post=9050"},{"taxonomy":"product_cat","embeddable":true,"href":"https:\/\/www.meavia-mh.hr\/sl\/wp-json\/wp\/v2\/product_cat?post=9050"},{"taxonomy":"product_tag","embeddable":true,"href":"https:\/\/www.meavia-mh.hr\/sl\/wp-json\/wp\/v2\/product_tag?post=9050"}],"curies":[{"name":"delovni list","href":"https:\/\/api.w.org\/{rel}","templated":true}]}}