{"id":9030,"date":"2021-09-11T14:04:50","date_gmt":"2021-09-11T14:04:50","guid":{"rendered":"https:\/\/www.meavia-mh.hr\/?post_type=product&#038;p=9030"},"modified":"2024-07-05T15:47:32","modified_gmt":"2024-07-05T15:47:32","slug":"ukrasna-naljepnica-za-zid-09","status":"publish","type":"product","link":"https:\/\/www.meavia-mh.hr\/sl\/product\/ukrasna-naljepnica-za-zid-09\/","title":{"rendered":"Okrasna stenska nalepka - 09"},"content":{"rendered":"<p>Okrasna stenska nalepka je odli\u010den dodatek va\u0161i manikuri, pedikuri, kozmeti\u010dnem ali doma\u010demu salonu. Sodoben dizajn bo popestril vsako notranjost in dodal edinstven zna\u010daj. Izjemno dopolnjuje va\u0161o notranjost.<\/p>\n<p><strong>Izberite oznako, ki najbolje ustreza va\u0161im \u017eeljam, potrebam in potrebam<\/strong> navdih. Nalepke so na voljo v ve\u010d velikostih in oblikah. Zagotovo boste lahko izbrali tisto, ki najbolj ustreza va\u0161im potrebam in \u017eeljam.<\/p>\n<p>Del vzorca lahko izre\u017eete in prilepite samo izbrani del! Zahvaljujo\u010d samolepilnim elementom je ta izdelek mogo\u010de enostavno montirati. Nalepka je zasnovana za monta\u017eo na gladke povr\u0161ine. Za okrasitev sten, vrat, ogledal uporabite samolepilno folijsko nalepko, edini pogoj, ki mora biti izpolnjen, je ravna povr\u0161ina. Izdelku so prilo\u017eena navodila.<\/p>\n<p>Nalepka brez belega ozadja bo lepo poudarila barvo, \u010drn vzorec pa bo poudaril mesto, kamor jo nalepite.<\/p>\n<p>Seznam vklju\u010duje dokon\u010dan dizajn, ki bo pomagal pri ureditvi. Etiketo je mogo\u010de prosto konfigurirati, kombinirati in razdeliti, zaradi \u010desar lahko pokriva veliko ve\u010djo povr\u0161ino kot v dizajnu.<\/p>\n<p>\u010crna mat folija odli\u010dno poudari lepoto in ne\u017enost notranjosti. Vsaka nalepka je unikatna.<\/p>\n<p>Okrasna stenska nalepka se odli\u010dno prilega razli\u010dnim stilom in tipom notranjosti ter ponuja razli\u010dne mo\u017enosti dekoracije. Popolnoma se prilega v sodobno, asketsko, industrijsko notranjost, pa tudi v skandinavski ali rustikalni slog.<\/p>\n<p>Za lepljenje dobite pripravljene dekoracije s transportno folijo in podrobnimi navodili za lepljenje.<\/p>\n<p><strong>dimenzije:<\/strong> 66 x 58 cm<\/p>","protected":false},"excerpt":{"rendered":"<p>Ukrasna naljepnica za zid izvrstan je dodatak va\u0161em salonu za manikuru, pedikuru, kozmeti\u010dkom salonu ili domu. Moderan dizajn o\u017eivjet \u0107e svaki interijer i dodati jedinstven karakter. Izuzetno nadopunjuje va\u0161 interijer. Izaberite naljepnicu koja najvi\u0161e odgovara va\u0161im \u017eelja, potrebama i inspiraciji. Naljepnice su dostupne u vi\u0161e veli\u010dina i dizajna. Definitivno \u0107ete mo\u0107i odabrati onu koja najvi\u0161e [&hellip;]<\/p>\n","protected":false},"featured_media":9032,"comment_status":"open","ping_status":"closed","template":"","meta":{"_uag_custom_page_level_css":"","site-sidebar-layout":"default","site-content-layout":"default","ast-site-content-layout":"default","site-content-style":"default","site-sidebar-style":"default","ast-global-header-display":"","ast-banner-title-visibility":"","ast-main-header-display":"","ast-hfb-above-header-display":"","ast-hfb-below-header-display":"","ast-hfb-mobile-header-display":"","site-post-title":"","ast-breadcrumbs-content":"","ast-featured-img":"","footer-sml-layout":"","ast-disable-related-posts":"","theme-transparent-header-meta":"default","adv-header-id-meta":"","stick-header-meta":"default","header-above-stick-meta":"","header-main-stick-meta":"","header-below-stick-meta":"","astra-migrate-meta-layouts":"default","ast-page-background-enabled":"default","ast-page-background-meta":{"desktop":{"background-color":"var(--ast-global-color-4)","background-image":"","background-repeat":"repeat","background-position":"center center","background-size":"auto","background-attachment":"scroll","background-type":"","background-media":"","overlay-type":"","overlay-color":"","overlay-opacity":"","overlay-gradient":""},"tablet":{"background-color":"","background-image":"","background-repeat":"repeat","background-position":"center center","background-size":"auto","background-attachment":"scroll","background-type":"","background-media":"","overlay-type":"","overlay-color":"","overlay-opacity":"","overlay-gradient":""},"mobile":{"background-color":"","background-image":"","background-repeat":"repeat","background-position":"center center","background-size":"auto","background-attachment":"scroll","background-type":"","background-media":"","overlay-type":"","overlay-color":"","overlay-opacity":"","overlay-gradient":""}},"ast-content-background-meta":{"desktop":{"background-color":"var(--ast-global-color-5)","background-image":"","background-repeat":"repeat","background-position":"center center","background-size":"auto","background-attachment":"scroll","background-type":"","background-media":"","overlay-type":"","overlay-color":"","overlay-opacity":"","overlay-gradient":""},"tablet":{"background-color":"var(--ast-global-color-5)","background-image":"","background-repeat":"repeat","background-position":"center center","background-size":"auto","background-attachment":"scroll","background-type":"","background-media":"","overlay-type":"","overlay-color":"","overlay-opacity":"","overlay-gradient":""},"mobile":{"background-color":"var(--ast-global-color-5)","background-image":"","background-repeat":"repeat","background-position":"center center","background-size":"auto","background-attachment":"scroll","background-type":"","background-media":"","overlay-type":"","overlay-color":"","overlay-opacity":"","overlay-gradient":""}}},"product_brand":[],"product_cat":[24],"product_tag":[307],"class_list":{"0":"post-9030","1":"product","2":"type-product","3":"status-publish","4":"has-post-thumbnail","6":"product_cat-dodaci","7":"product_tag-naljepnice-za-zid","8":"desktop-align-left","9":"tablet-align-left","10":"mobile-align-left","11":"ast-product-gallery-layout-horizontal-slider","12":"ast-product-tabs-layout-horizontal","14":"first","15":"outofstock","16":"taxable","17":"shipping-taxable","18":"purchasable","19":"product-type-simple"},"yoast_head":"<!-- This site is optimized with the Yoast SEO plugin v27.5 - https:\/\/yoast.com\/product\/yoast-seo-wordpress\/ -->\n<title>Ukrasna naljepnica za zid - 09 &#8902; Mea Via Beauty<\/title>\n<meta name=\"description\" content=\"Ukrasna naljepnica za zid - 09 &#8902; za ure\u0111enje interijera &#8902; zidne naljepnice &#8902; oplemenite salon zidnom naljepnicom &#8902; jedinstveni uzorak\" \/>\n<meta name=\"robots\" content=\"index, follow, max-snippet:-1, max-image-preview:large, max-video-preview:-1\" \/>\n<link rel=\"canonical\" href=\"https:\/\/www.meavia-mh.hr\/sl\/product\/ukrasna-naljepnica-za-zid-09\/\" \/>\n<meta property=\"og:locale\" content=\"sl_SI\" \/>\n<meta property=\"og:type\" content=\"article\" \/>\n<meta property=\"og:title\" content=\"Ukrasna naljepnica za zid - 09 &#8902; Mea Via Beauty\" \/>\n<meta property=\"og:description\" content=\"Ukrasna naljepnica za zid - 09 &#8902; za ure\u0111enje interijera &#8902; zidne naljepnice &#8902; oplemenite salon zidnom naljepnicom &#8902; jedinstveni uzorak\" \/>\n<meta property=\"og:url\" content=\"https:\/\/www.meavia-mh.hr\/sl\/product\/ukrasna-naljepnica-za-zid-09\/\" \/>\n<meta property=\"og:site_name\" content=\"Mea Via Beauty\" \/>\n<meta property=\"article:publisher\" content=\"https:\/\/www.facebook.com\/MeaViaNailsWorld\" \/>\n<meta property=\"article:modified_time\" content=\"2024-07-05T15:47:32+00:00\" \/>\n<meta property=\"og:image\" content=\"https:\/\/www.meavia-mh.hr\/wp-content\/uploads\/2021\/09\/Slika-zaslona-2021-09-11-u-16.04.35.jpg\" \/>\n\t<meta property=\"og:image:width\" content=\"1606\" \/>\n\t<meta property=\"og:image:height\" content=\"1572\" \/>\n\t<meta property=\"og:image:type\" content=\"image\/jpeg\" \/>\n<meta name=\"twitter:card\" content=\"summary_large_image\" \/>\n<meta name=\"twitter:label1\" content=\"Est. reading time\" \/>\n\t<meta name=\"twitter:data1\" content=\"1 minuta\" \/>\n<script type=\"application\/ld+json\" class=\"yoast-schema-graph\">{\"@context\":\"https:\\\/\\\/schema.org\",\"@graph\":[{\"@type\":\"WebPage\",\"@id\":\"https:\\\/\\\/www.meavia-mh.hr\\\/product\\\/ukrasna-naljepnica-za-zid-09\\\/\",\"url\":\"https:\\\/\\\/www.meavia-mh.hr\\\/product\\\/ukrasna-naljepnica-za-zid-09\\\/\",\"name\":\"Ukrasna naljepnica za zid - 09 &#8902; Mea Via Beauty\",\"isPartOf\":{\"@id\":\"https:\\\/\\\/meavia-mh.hr\\\/sl\\\/#website\"},\"primaryImageOfPage\":{\"@id\":\"https:\\\/\\\/www.meavia-mh.hr\\\/product\\\/ukrasna-naljepnica-za-zid-09\\\/#primaryimage\"},\"image\":{\"@id\":\"https:\\\/\\\/www.meavia-mh.hr\\\/product\\\/ukrasna-naljepnica-za-zid-09\\\/#primaryimage\"},\"thumbnailUrl\":\"https:\\\/\\\/www.meavia-mh.hr\\\/wp-content\\\/uploads\\\/2021\\\/09\\\/Slika-zaslona-2021-09-11-u-16.04.35.jpg\",\"datePublished\":\"2021-09-11T14:04:50+00:00\",\"dateModified\":\"2024-07-05T15:47:32+00:00\",\"description\":\"Ukrasna naljepnica za zid - 09 &#8902; za ure\u0111enje interijera &#8902; zidne naljepnice &#8902; oplemenite salon zidnom naljepnicom &#8902; jedinstveni uzorak\",\"breadcrumb\":{\"@id\":\"https:\\\/\\\/www.meavia-mh.hr\\\/product\\\/ukrasna-naljepnica-za-zid-09\\\/#breadcrumb\"},\"inLanguage\":\"sl-SI\",\"potentialAction\":[{\"@type\":\"ReadAction\",\"target\":[\"https:\\\/\\\/www.meavia-mh.hr\\\/product\\\/ukrasna-naljepnica-za-zid-09\\\/\"]}]},{\"@type\":\"ImageObject\",\"inLanguage\":\"sl-SI\",\"@id\":\"https:\\\/\\\/www.meavia-mh.hr\\\/product\\\/ukrasna-naljepnica-za-zid-09\\\/#primaryimage\",\"url\":\"https:\\\/\\\/www.meavia-mh.hr\\\/wp-content\\\/uploads\\\/2021\\\/09\\\/Slika-zaslona-2021-09-11-u-16.04.35.jpg\",\"contentUrl\":\"https:\\\/\\\/www.meavia-mh.hr\\\/wp-content\\\/uploads\\\/2021\\\/09\\\/Slika-zaslona-2021-09-11-u-16.04.35.jpg\",\"width\":1606,\"height\":1572,\"caption\":\"Ukrasna naljepnica za zid - 09\"},{\"@type\":\"BreadcrumbList\",\"@id\":\"https:\\\/\\\/www.meavia-mh.hr\\\/product\\\/ukrasna-naljepnica-za-zid-09\\\/#breadcrumb\",\"itemListElement\":[{\"@type\":\"ListItem\",\"position\":1,\"name\":\"Po\u010detna stranica\",\"item\":\"https:\\\/\\\/www.meavia-mh.hr\\\/\"},{\"@type\":\"ListItem\",\"position\":2,\"name\":\"Trgovina\",\"item\":\"https:\\\/\\\/meavia-mh.hr\\\/sl\\\/store\\\/\"},{\"@type\":\"ListItem\",\"position\":3,\"name\":\"Ukrasna naljepnica za zid &#8211; 09\"}]},{\"@type\":\"WebSite\",\"@id\":\"https:\\\/\\\/meavia-mh.hr\\\/sl\\\/#website\",\"url\":\"https:\\\/\\\/meavia-mh.hr\\\/sl\\\/\",\"name\":\"Mea Via Beauty\",\"description\":\"Only The Best For Your Beauty\",\"publisher\":{\"@id\":\"https:\\\/\\\/meavia-mh.hr\\\/sl\\\/#organization\"},\"alternateName\":\"Mea Via Nails\",\"potentialAction\":[{\"@type\":\"SearchAction\",\"target\":{\"@type\":\"EntryPoint\",\"urlTemplate\":\"https:\\\/\\\/meavia-mh.hr\\\/sl\\\/?s={search_term_string}\"},\"query-input\":{\"@type\":\"PropertyValueSpecification\",\"valueRequired\":true,\"valueName\":\"search_term_string\"}}],\"inLanguage\":\"sl-SI\"},{\"@type\":\"Organization\",\"@id\":\"https:\\\/\\\/meavia-mh.hr\\\/sl\\\/#organization\",\"name\":\"Mea Via Nails World\",\"alternateName\":\"Mea Via\",\"url\":\"https:\\\/\\\/meavia-mh.hr\\\/sl\\\/\",\"logo\":{\"@type\":\"ImageObject\",\"inLanguage\":\"sl-SI\",\"@id\":\"https:\\\/\\\/meavia-mh.hr\\\/sl\\\/#\\\/schema\\\/logo\\\/image\\\/\",\"url\":\"https:\\\/\\\/www.meavia-mh.hr\\\/wp-content\\\/uploads\\\/2020\\\/12\\\/Mea-Via.png\",\"contentUrl\":\"https:\\\/\\\/www.meavia-mh.hr\\\/wp-content\\\/uploads\\\/2020\\\/12\\\/Mea-Via.png\",\"width\":1181,\"height\":393,\"caption\":\"Mea Via Nails World\"},\"image\":{\"@id\":\"https:\\\/\\\/meavia-mh.hr\\\/sl\\\/#\\\/schema\\\/logo\\\/image\\\/\"},\"sameAs\":[\"https:\\\/\\\/www.facebook.com\\\/MeaViaNailsWorld\",\"https:\\\/\\\/www.instagram.com\\\/mea_via_nails_world\\\/\",\"https:\\\/\\\/www.youtube.com\\\/channel\\\/UCECk0hpRWP6TN-EfA4ER96g\\\/featured\"]}]}<\/script>\n<!-- \/ Yoast SEO plugin. -->","yoast_head_json":{"title":"Ukrasna naljepnica za zid - 09 &#8902; Mea Via Beauty","description":"Ukrasna naljepnica za zid - 09 &#8902; za ure\u0111enje interijera &#8902; zidne naljepnice &#8902; oplemenite salon zidnom naljepnicom &#8902; jedinstveni uzorak","robots":{"index":"index","follow":"follow","max-snippet":"max-snippet:-1","max-image-preview":"max-image-preview:large","max-video-preview":"max-video-preview:-1"},"canonical":"https:\/\/www.meavia-mh.hr\/sl\/product\/ukrasna-naljepnica-za-zid-09\/","og_locale":"sl_SI","og_type":"article","og_title":"Ukrasna naljepnica za zid - 09 &#8902; Mea Via Beauty","og_description":"Ukrasna naljepnica za zid - 09 &#8902; za ure\u0111enje interijera &#8902; zidne naljepnice &#8902; oplemenite salon zidnom naljepnicom &#8902; jedinstveni uzorak","og_url":"https:\/\/www.meavia-mh.hr\/sl\/product\/ukrasna-naljepnica-za-zid-09\/","og_site_name":"Mea Via Beauty","article_publisher":"https:\/\/www.facebook.com\/MeaViaNailsWorld","article_modified_time":"2024-07-05T15:47:32+00:00","og_image":[{"width":1606,"height":1572,"url":"https:\/\/www.meavia-mh.hr\/wp-content\/uploads\/2021\/09\/Slika-zaslona-2021-09-11-u-16.04.35.jpg","type":"image\/jpeg"}],"twitter_card":"summary_large_image","twitter_misc":{"Est. reading time":"1 minuta"},"schema":{"@context":"https:\/\/schema.org","@graph":[{"@type":"WebPage","@id":"https:\/\/www.meavia-mh.hr\/product\/ukrasna-naljepnica-za-zid-09\/","url":"https:\/\/www.meavia-mh.hr\/product\/ukrasna-naljepnica-za-zid-09\/","name":"Ukrasna naljepnica za zid - 09 &#8902; Mea Via Beauty","isPartOf":{"@id":"https:\/\/meavia-mh.hr\/sl\/#website"},"primaryImageOfPage":{"@id":"https:\/\/www.meavia-mh.hr\/product\/ukrasna-naljepnica-za-zid-09\/#primaryimage"},"image":{"@id":"https:\/\/www.meavia-mh.hr\/product\/ukrasna-naljepnica-za-zid-09\/#primaryimage"},"thumbnailUrl":"https:\/\/www.meavia-mh.hr\/wp-content\/uploads\/2021\/09\/Slika-zaslona-2021-09-11-u-16.04.35.jpg","datePublished":"2021-09-11T14:04:50+00:00","dateModified":"2024-07-05T15:47:32+00:00","description":"Ukrasna naljepnica za zid - 09 &#8902; za ure\u0111enje interijera &#8902; zidne naljepnice &#8902; oplemenite salon zidnom naljepnicom &#8902; jedinstveni uzorak","breadcrumb":{"@id":"https:\/\/www.meavia-mh.hr\/product\/ukrasna-naljepnica-za-zid-09\/#breadcrumb"},"inLanguage":"sl-SI","potentialAction":[{"@type":"ReadAction","target":["https:\/\/www.meavia-mh.hr\/product\/ukrasna-naljepnica-za-zid-09\/"]}]},{"@type":"ImageObject","inLanguage":"sl-SI","@id":"https:\/\/www.meavia-mh.hr\/product\/ukrasna-naljepnica-za-zid-09\/#primaryimage","url":"https:\/\/www.meavia-mh.hr\/wp-content\/uploads\/2021\/09\/Slika-zaslona-2021-09-11-u-16.04.35.jpg","contentUrl":"https:\/\/www.meavia-mh.hr\/wp-content\/uploads\/2021\/09\/Slika-zaslona-2021-09-11-u-16.04.35.jpg","width":1606,"height":1572,"caption":"Ukrasna naljepnica za zid - 09"},{"@type":"BreadcrumbList","@id":"https:\/\/www.meavia-mh.hr\/product\/ukrasna-naljepnica-za-zid-09\/#breadcrumb","itemListElement":[{"@type":"ListItem","position":1,"name":"Po\u010detna stranica","item":"https:\/\/www.meavia-mh.hr\/"},{"@type":"ListItem","position":2,"name":"Trgovina","item":"https:\/\/meavia-mh.hr\/sl\/store\/"},{"@type":"ListItem","position":3,"name":"Ukrasna naljepnica za zid &#8211; 09"}]},{"@type":"WebSite","@id":"https:\/\/meavia-mh.hr\/sl\/#website","url":"https:\/\/meavia-mh.hr\/sl\/","name":"MEA VIA BEAUTY","description":"Only The Best For Your Beauty","publisher":{"@id":"https:\/\/meavia-mh.hr\/sl\/#organization"},"alternateName":"Mea Via Nails","potentialAction":[{"@type":"SearchAction","target":{"@type":"EntryPoint","urlTemplate":"https:\/\/meavia-mh.hr\/sl\/?s={search_term_string}"},"query-input":{"@type":"PropertyValueSpecification","valueRequired":true,"valueName":"search_term_string"}}],"inLanguage":"sl-SI"},{"@type":"Organization","@id":"https:\/\/meavia-mh.hr\/sl\/#organization","name":"Mea Via Nails World","alternateName":"Mea Via","url":"https:\/\/meavia-mh.hr\/sl\/","logo":{"@type":"ImageObject","inLanguage":"sl-SI","@id":"https:\/\/meavia-mh.hr\/sl\/#\/schema\/logo\/image\/","url":"https:\/\/www.meavia-mh.hr\/wp-content\/uploads\/2020\/12\/Mea-Via.png","contentUrl":"https:\/\/www.meavia-mh.hr\/wp-content\/uploads\/2020\/12\/Mea-Via.png","width":1181,"height":393,"caption":"Mea Via Nails World"},"image":{"@id":"https:\/\/meavia-mh.hr\/sl\/#\/schema\/logo\/image\/"},"sameAs":["https:\/\/www.facebook.com\/MeaViaNailsWorld","https:\/\/www.instagram.com\/mea_via_nails_world\/","https:\/\/www.youtube.com\/channel\/UCECk0hpRWP6TN-EfA4ER96g\/featured"]}]}},"spectra_custom_meta":{"_sku":["5900002340935"],"_regular_price":["9.28"],"total_sales":["4"],"_tax_status":["taxable"],"_tax_class":[""],"_manage_stock":["yes"],"_backorders":["no"],"_sold_individually":["no"],"_virtual":["no"],"_downloadable":["no"],"_product_image_gallery":["9031"],"_download_limit":["-1"],"_download_expiry":["-1"],"_thumbnail_id":["9032"],"_stock":["0"],"_stock_status":["outofstock"],"_wc_average_rating":["0"],"_wc_review_count":["0"],"_product_version":["7.1.1"],"_price":["9.28"],"_wp_page_template":["default"],"_yoast_wpseo_focuskw":["Ukrasna naljepnica za zid"],"_yoast_wpseo_metadesc":["%%title%% %%sep%% za ure\u0111enje interijera %%sep%% zidne naljepnice %%sep%% oplemenite salon zidnom naljepnicom %%sep%% jedinstveni uzorak"],"_yoast_wpseo_linkdex":["69"],"_yoast_wpseo_content_score":["90"],"_yoast_wpseo_estimated-reading-time-minutes":["1"],"cartflows_redirect_flow_id":[""],"cartflows_add_to_cart_text":[""],"_woocs_price_geo_countries":[""],"_woocs_regular_price_geo":[""],"_woocs_sale_price_geo":[""],"site-sidebar-layout":["default"],"site-content-layout":["default"],"theme-transparent-header-meta":["default"],"stick-header-meta":["default"],"_yoast_wpseo_primary_product_cat":["24"],"_edit_lock":["1631369686:1"],"_edit_last":["1"],"_woocs_regular_price_EUR":["9.28"],"_woocs_sale_price_EUR":["-1"],"uag_migration_processed":["1"],"_elementor_page_assets":["a:0:{}"],"_uag_page_assets":["a:9:{s:3:\"css\";s:0:\"\";s:2:\"js\";s:0:\"\";s:18:\"current_block_list\";a:3:{i:0;s:11:\"core\/search\";i:1;s:18:\"core\/legacy-widget\";i:2;s:27:\"woocommerce\/product-filters\";}s:8:\"uag_flag\";b:0;s:11:\"uag_version\";s:10:\"1777568114\";s:6:\"gfonts\";a:0:{}s:10:\"gfonts_url\";s:0:\"\";s:12:\"gfonts_files\";a:0:{}s:14:\"uag_faq_layout\";b:0;}"]},"uagb_featured_image_src":{"full":["https:\/\/www.meavia-mh.hr\/wp-content\/uploads\/2021\/09\/Slika-zaslona-2021-09-11-u-16.04.35.jpg",1606,1572,false],"thumbnail":["https:\/\/www.meavia-mh.hr\/wp-content\/uploads\/2021\/09\/Slika-zaslona-2021-09-11-u-16.04.35-150x150.jpg",150,150,true],"medium":["https:\/\/www.meavia-mh.hr\/wp-content\/uploads\/2021\/09\/Slika-zaslona-2021-09-11-u-16.04.35-300x294.jpg",300,294,true],"medium_large":["https:\/\/www.meavia-mh.hr\/wp-content\/uploads\/2021\/09\/Slika-zaslona-2021-09-11-u-16.04.35-768x752.jpg",768,752,true],"large":["https:\/\/www.meavia-mh.hr\/wp-content\/uploads\/2021\/09\/Slika-zaslona-2021-09-11-u-16.04.35-1024x1002.jpg",1024,1002,true],"1536x1536":["https:\/\/www.meavia-mh.hr\/wp-content\/uploads\/2021\/09\/Slika-zaslona-2021-09-11-u-16.04.35-1536x1503.jpg",1536,1503,true],"2048x2048":["https:\/\/www.meavia-mh.hr\/wp-content\/uploads\/2021\/09\/Slika-zaslona-2021-09-11-u-16.04.35.jpg",1606,1572,false],"trp-custom-language-flag":["https:\/\/www.meavia-mh.hr\/wp-content\/uploads\/2021\/09\/Slika-zaslona-2021-09-11-u-16.04.35-12x12.jpg",12,12,true],"woocommerce_thumbnail":["https:\/\/www.meavia-mh.hr\/wp-content\/uploads\/2021\/09\/Slika-zaslona-2021-09-11-u-16.04.35-300x300.jpg",300,300,true],"woocommerce_single":["https:\/\/www.meavia-mh.hr\/wp-content\/uploads\/2021\/09\/Slika-zaslona-2021-09-11-u-16.04.35-600x587.jpg",600,587,true],"woocommerce_gallery_thumbnail":["https:\/\/www.meavia-mh.hr\/wp-content\/uploads\/2021\/09\/Slika-zaslona-2021-09-11-u-16.04.35-100x100.jpg",100,100,true]},"uagb_author_info":{"display_name":"Mea Via","author_link":"https:\/\/www.meavia-mh.hr\/sl\/author\/"},"uagb_comment_info":0,"uagb_excerpt":"Ukrasna naljepnica za zid izvrstan je dodatak va\u0161em salonu za manikuru, pedikuru, kozmeti\u010dkom salonu ili domu. Moderan dizajn o\u017eivjet \u0107e svaki interijer i dodati jedinstven karakter. Izuzetno nadopunjuje va\u0161 interijer. Izaberite naljepnicu koja najvi\u0161e odgovara va\u0161im \u017eelja, potrebama i inspiraciji. Naljepnice su dostupne u vi\u0161e veli\u010dina i dizajna. Definitivno \u0107ete mo\u0107i odabrati onu koja najvi\u0161e&hellip;","_links":{"self":[{"href":"https:\/\/www.meavia-mh.hr\/sl\/wp-json\/wp\/v2\/product\/9030","targetHints":{"allow":["GET"]}}],"collection":[{"href":"https:\/\/www.meavia-mh.hr\/sl\/wp-json\/wp\/v2\/product"}],"about":[{"href":"https:\/\/www.meavia-mh.hr\/sl\/wp-json\/wp\/v2\/types\/product"}],"replies":[{"embeddable":true,"href":"https:\/\/www.meavia-mh.hr\/sl\/wp-json\/wp\/v2\/comments?post=9030"}],"version-history":[{"count":1,"href":"https:\/\/www.meavia-mh.hr\/sl\/wp-json\/wp\/v2\/product\/9030\/revisions"}],"predecessor-version":[{"id":31135,"href":"https:\/\/www.meavia-mh.hr\/sl\/wp-json\/wp\/v2\/product\/9030\/revisions\/31135"}],"wp:featuredmedia":[{"embeddable":true,"href":"https:\/\/www.meavia-mh.hr\/sl\/wp-json\/wp\/v2\/media\/9032"}],"wp:attachment":[{"href":"https:\/\/www.meavia-mh.hr\/sl\/wp-json\/wp\/v2\/media?parent=9030"}],"wp:term":[{"taxonomy":"product_brand","embeddable":true,"href":"https:\/\/www.meavia-mh.hr\/sl\/wp-json\/wp\/v2\/product_brand?post=9030"},{"taxonomy":"product_cat","embeddable":true,"href":"https:\/\/www.meavia-mh.hr\/sl\/wp-json\/wp\/v2\/product_cat?post=9030"},{"taxonomy":"product_tag","embeddable":true,"href":"https:\/\/www.meavia-mh.hr\/sl\/wp-json\/wp\/v2\/product_tag?post=9030"}],"curies":[{"name":"delovni list","href":"https:\/\/api.w.org\/{rel}","templated":true}]}}