{"id":8981,"date":"2021-09-11T09:30:44","date_gmt":"2021-09-11T09:30:44","guid":{"rendered":"https:\/\/www.meavia-mh.hr\/?post_type=product&#038;p=8981"},"modified":"2026-01-24T08:16:06","modified_gmt":"2026-01-24T07:16:06","slug":"promed-ultrasonic-sterilizator-uc-50","status":"publish","type":"product","link":"https:\/\/www.meavia-mh.hr\/sl\/product\/promed-ultrasonic-sterilizator-uc-50\/","title":{"rendered":"Ultrazvo\u010dni sterilizator PROMED UC-50"},"content":{"rendered":"<p>Ultrazvo\u010dni sterilizator PROMED UC-50 je nujen pripomo\u010dek za sterilizacijo opreme in orodja v va\u0161em salonu ali doma. S pomo\u010djo te naprave boste razku\u017eili vsa orodja za manikuro in pedikuro, nastavke za brusilnike - rezalnike ter vso kovinsko in plasti\u010dno opremo, <a href=\"https:\/\/www.meavia-mh.hr\/sl\/product\/ikon-iq-skarice-za-kutikulu\/\">\u0161karje<\/a>, <a href=\"https:\/\/www.meavia-mh.hr\/sl\/product\/pogurivac-kozice-za-manikuru-pedikuru-yc004\/\">potiskalci ko\u017ee<\/a>, pincete, frizerski pripomo\u010dki, nakit. Poleg zelo visoke u\u010dinkovitosti pranja in dosega najbolj nedostopnih detajlov ultrazvo\u010dno pranje ne povzro\u010di popolnoma nobenih mehanskih po\u0161kodb opranih izdelkov.<\/p>\n<p>Ultrazvo\u010dni sterilizator PROMED UC-50 deluje na principu ultrazvo\u010dne frekvence in visokofrekven\u010dnih vibracij.<\/p>\n<p>Dodajanje dezinfekcijske teko\u010dine lahko izbolj\u0161a rezultat \u010di\u0161\u010denja. Uporabite lahko tudi vodo iz pipe.<\/p>\n<p>Ultrazvo\u010dni sterilizator PROMED UC-50 je zelo stabilen in deluje izjemno tiho ter se po opravljenem delu samodejno izklopi.<\/p>\n<p><strong>Posebnosti:<\/strong><\/p>\n<ul>\n<li>Osvetljen LCD zaslon<\/li>\n<li>Funkcija \u010dasovnika (5 \u010dasovnih nastavitev)<\/li>\n<li>Primerno za vodo iz pipe<\/li>\n<li>Podprta je obljubljena oznaka Pure-ID<\/li>\n<li>Dodatki (dr\u017ealo za CD, dr\u017ealo za nastavke, dr\u017ealo za ure)<\/li>\n<\/ul>\n<p><strong>\u00a012 mesecev garancije<\/strong><\/p>\n<h6>Oglejte si tudi video predstavitev izdelka:<\/h6>\n<div class=\"ast-oembed-container\" style=\"height: 100%;\"><iframe title=\"Promed ultrazvo\u010dni sterilizator UC-50\" width=\"500\" height=\"281\" src=\"https:\/\/www.youtube.com\/embed\/FVkfLO4vFG0?feature=oembed\" frameborder=\"0\" allow=\"accelerometer; autoplay; clipboard-write; encrypted-media; gyroscope; picture-in-picture; web-share\" referrerpolicy=\"strict-origin-when-cross-origin\" allowfullscreen><\/iframe><\/div>\n<p><strong>Tehni\u010dni podatki:<\/strong><\/p>\n<ul>\n<li>Naprava: ultrazvo\u010dni \u010distilec<\/li>\n<li>Napajanje: 230 V, 50 Hz, 50 W<\/li>\n<li>Najve\u010dja koli\u010dina polnjenja, 550 ml<\/li>\n<li>Ure: 13:30; 3:00; 4:30; 6:00; 7:00 min.<\/li>\n<li>Ultrazvo\u010dna frekvenca: 43 kHz<\/li>\n<li>Dimenzije: 200 x 170 x 150 mm (Dx\u0160xV)<\/li>\n<\/ul>\n<p>Te\u017ea: 842 g<\/p>\n<p>&nbsp;<\/p>\n<p><strong>Vsebina paketa<\/strong>:<\/p>\n<ul>\n<li>Naprava UC-50<\/li>\n<li>Ko\u0161ara z dr\u017ealom za uro<\/li>\n<li>dr\u017ealo za CD<\/li>\n<li>Nosilec rezalnika<\/li>\n<li>Navodila za uporabo<\/li>\n<\/ul>\n<h6>SPLO\u0160NE INFORMACIJE IN OPOZORILA<\/h6>\n<ul>\n<li>Ne uporabljajte naprave:<br \/>\n- v mokrih, vla\u017enih prostorih<br \/>\n- \u010de je napajalnik po\u0161kodovan<br \/>\n- \u010de je naprava ali priklju\u010dni kabel po\u0161kodovana<br \/>\n- \u010de so \u010dasovni gumbi po\u0161kodovani<\/li>\n<li>Napravo hranite stran od otrok.<\/li>\n<li>Naprava je namenjena za uporabo v zaprtih prostorih.<\/li>\n<\/ul>","protected":false},"excerpt":{"rendered":"<p>PROMED ultrasonic sterilizator UC-50 neophodan je ure\u0111aj za sterilizacju opreme i alata u va\u0161em salonu ili kod ku\u0107e. Uz\u00a0 pomo\u0107 ovog ure\u0111aja dezinficirat \u0107ete sve alate za manikuru i pedikuru, nastavke za brusilice &#8211; freze te svu metalnu i plasti\u010dnu opremu, \u0161karice, poguriva\u010de ko\u017eice, pincete, frizerski pribor, nakit. Osim vrlo visoke u\u010dinkovitosti pranja i dosezanja [&hellip;]<\/p>\n","protected":false},"featured_media":8988,"comment_status":"closed","ping_status":"closed","template":"","meta":{"_uag_custom_page_level_css":"","site-sidebar-layout":"default","site-content-layout":null,"ast-site-content-layout":"default","site-content-style":"default","site-sidebar-style":"default","ast-global-header-display":"","ast-banner-title-visibility":"","ast-main-header-display":"","ast-hfb-above-header-display":"","ast-hfb-below-header-display":"","ast-hfb-mobile-header-display":"","site-post-title":"","ast-breadcrumbs-content":"","ast-featured-img":"","footer-sml-layout":"","ast-disable-related-posts":"","theme-transparent-header-meta":"default","adv-header-id-meta":"","stick-header-meta":"default","header-above-stick-meta":"","header-main-stick-meta":"","header-below-stick-meta":"","astra-migrate-meta-layouts":"default","ast-page-background-enabled":"default","ast-page-background-meta":{"desktop":{"background-color":"var(--ast-global-color-4)","background-image":"","background-repeat":"repeat","background-position":"center center","background-size":"auto","background-attachment":"scroll","background-type":"","background-media":"","overlay-type":"","overlay-color":"","overlay-opacity":"","overlay-gradient":""},"tablet":{"background-color":"","background-image":"","background-repeat":"repeat","background-position":"center center","background-size":"auto","background-attachment":"scroll","background-type":"","background-media":"","overlay-type":"","overlay-color":"","overlay-opacity":"","overlay-gradient":""},"mobile":{"background-color":"","background-image":"","background-repeat":"repeat","background-position":"center center","background-size":"auto","background-attachment":"scroll","background-type":"","background-media":"","overlay-type":"","overlay-color":"","overlay-opacity":"","overlay-gradient":""}},"ast-content-background-meta":{"desktop":{"background-color":"var(--ast-global-color-5)","background-image":"","background-repeat":"repeat","background-position":"center center","background-size":"auto","background-attachment":"scroll","background-type":"","background-media":"","overlay-type":"","overlay-color":"","overlay-opacity":"","overlay-gradient":""},"tablet":{"background-color":"var(--ast-global-color-5)","background-image":"","background-repeat":"repeat","background-position":"center center","background-size":"auto","background-attachment":"scroll","background-type":"","background-media":"","overlay-type":"","overlay-color":"","overlay-opacity":"","overlay-gradient":""},"mobile":{"background-color":"var(--ast-global-color-5)","background-image":"","background-repeat":"repeat","background-position":"center center","background-size":"auto","background-attachment":"scroll","background-type":"","background-media":"","overlay-type":"","overlay-color":"","overlay-opacity":"","overlay-gradient":""}}},"product_brand":[],"product_cat":[536],"product_tag":[306],"class_list":{"0":"post-8981","1":"product","2":"type-product","3":"status-publish","4":"has-post-thumbnail","6":"product_cat-sterilizatori","7":"product_tag-sterilizator","8":"desktop-align-left","9":"tablet-align-left","10":"mobile-align-left","11":"ast-product-gallery-layout-horizontal-slider","12":"ast-product-tabs-layout-horizontal","14":"first","15":"outofstock","16":"taxable","17":"shipping-taxable","18":"purchasable","19":"product-type-simple"},"yoast_head":"<!-- This site is optimized with the Yoast SEO plugin v27.5 - https:\/\/yoast.com\/product\/yoast-seo-wordpress\/ -->\n<title>PROMED ultrasonic sterilizator UC-50 &#8902; Mea Via Beauty<\/title>\n<meta name=\"description\" content=\"PROMED ultrasonic sterilizator UC-50 &#8902; sterilizator za salone i ku\u0107nu upotabu &#8902; sterilizira i dezinficira pribor za manikuru i pedikuru\" \/>\n<meta name=\"robots\" content=\"index, follow, max-snippet:-1, max-image-preview:large, max-video-preview:-1\" \/>\n<link rel=\"canonical\" href=\"https:\/\/www.meavia-mh.hr\/sl\/product\/promed-ultrasonic-sterilizator-uc-50\/\" \/>\n<meta property=\"og:locale\" content=\"sl_SI\" \/>\n<meta property=\"og:type\" content=\"article\" \/>\n<meta property=\"og:title\" content=\"PROMED ultrasonic sterilizator UC-50 &#8902; Mea Via Beauty\" \/>\n<meta property=\"og:description\" content=\"PROMED ultrasonic sterilizator UC-50 &#8902; sterilizator za salone i ku\u0107nu upotabu &#8902; sterilizira i dezinficira pribor za manikuru i pedikuru\" \/>\n<meta property=\"og:url\" content=\"https:\/\/www.meavia-mh.hr\/sl\/product\/promed-ultrasonic-sterilizator-uc-50\/\" \/>\n<meta property=\"og:site_name\" content=\"Mea Via Beauty\" \/>\n<meta property=\"article:publisher\" content=\"https:\/\/www.facebook.com\/MeaViaNailsWorld\" \/>\n<meta property=\"article:modified_time\" content=\"2026-01-24T07:16:06+00:00\" \/>\n<meta property=\"og:image\" content=\"https:\/\/www.meavia-mh.hr\/wp-content\/uploads\/2021\/09\/Slika-zaslona-2021-09-11-u-11.19.01.jpg\" \/>\n\t<meta property=\"og:image:width\" content=\"1598\" \/>\n\t<meta property=\"og:image:height\" content=\"1564\" \/>\n\t<meta property=\"og:image:type\" content=\"image\/jpeg\" \/>\n<meta name=\"twitter:card\" content=\"summary_large_image\" \/>\n<meta name=\"twitter:label1\" content=\"Est. reading time\" \/>\n\t<meta name=\"twitter:data1\" content=\"2 minuti\" \/>\n<script type=\"application\/ld+json\" class=\"yoast-schema-graph\">{\"@context\":\"https:\\\/\\\/schema.org\",\"@graph\":[{\"@type\":\"WebPage\",\"@id\":\"https:\\\/\\\/www.meavia-mh.hr\\\/product\\\/promed-ultrasonic-sterilizator-uc-50\\\/\",\"url\":\"https:\\\/\\\/www.meavia-mh.hr\\\/product\\\/promed-ultrasonic-sterilizator-uc-50\\\/\",\"name\":\"PROMED ultrasonic sterilizator UC-50 &#8902; Mea Via Beauty\",\"isPartOf\":{\"@id\":\"https:\\\/\\\/meavia-mh.hr\\\/sl\\\/#website\"},\"primaryImageOfPage\":{\"@id\":\"https:\\\/\\\/www.meavia-mh.hr\\\/product\\\/promed-ultrasonic-sterilizator-uc-50\\\/#primaryimage\"},\"image\":{\"@id\":\"https:\\\/\\\/www.meavia-mh.hr\\\/product\\\/promed-ultrasonic-sterilizator-uc-50\\\/#primaryimage\"},\"thumbnailUrl\":\"https:\\\/\\\/www.meavia-mh.hr\\\/wp-content\\\/uploads\\\/2021\\\/09\\\/Slika-zaslona-2021-09-11-u-11.19.01.jpg\",\"datePublished\":\"2021-09-11T09:30:44+00:00\",\"dateModified\":\"2026-01-24T07:16:06+00:00\",\"description\":\"PROMED ultrasonic sterilizator UC-50 &#8902; sterilizator za salone i ku\u0107nu upotabu &#8902; sterilizira i dezinficira pribor za manikuru i pedikuru\",\"breadcrumb\":{\"@id\":\"https:\\\/\\\/www.meavia-mh.hr\\\/product\\\/promed-ultrasonic-sterilizator-uc-50\\\/#breadcrumb\"},\"inLanguage\":\"sl-SI\",\"potentialAction\":[{\"@type\":\"ReadAction\",\"target\":[\"https:\\\/\\\/www.meavia-mh.hr\\\/product\\\/promed-ultrasonic-sterilizator-uc-50\\\/\"]}]},{\"@type\":\"ImageObject\",\"inLanguage\":\"sl-SI\",\"@id\":\"https:\\\/\\\/www.meavia-mh.hr\\\/product\\\/promed-ultrasonic-sterilizator-uc-50\\\/#primaryimage\",\"url\":\"https:\\\/\\\/www.meavia-mh.hr\\\/wp-content\\\/uploads\\\/2021\\\/09\\\/Slika-zaslona-2021-09-11-u-11.19.01.jpg\",\"contentUrl\":\"https:\\\/\\\/www.meavia-mh.hr\\\/wp-content\\\/uploads\\\/2021\\\/09\\\/Slika-zaslona-2021-09-11-u-11.19.01.jpg\",\"width\":1598,\"height\":1564,\"caption\":\"PROMED ultrasonic sterilizator UC-50\"},{\"@type\":\"BreadcrumbList\",\"@id\":\"https:\\\/\\\/www.meavia-mh.hr\\\/product\\\/promed-ultrasonic-sterilizator-uc-50\\\/#breadcrumb\",\"itemListElement\":[{\"@type\":\"ListItem\",\"position\":1,\"name\":\"Po\u010detna stranica\",\"item\":\"https:\\\/\\\/www.meavia-mh.hr\\\/\"},{\"@type\":\"ListItem\",\"position\":2,\"name\":\"Trgovina\",\"item\":\"https:\\\/\\\/meavia-mh.hr\\\/sl\\\/store\\\/\"},{\"@type\":\"ListItem\",\"position\":3,\"name\":\"PROMED ultrasonic sterilizator UC-50\"}]},{\"@type\":\"WebSite\",\"@id\":\"https:\\\/\\\/meavia-mh.hr\\\/sl\\\/#website\",\"url\":\"https:\\\/\\\/meavia-mh.hr\\\/sl\\\/\",\"name\":\"Mea Via Beauty\",\"description\":\"Only The Best For Your Beauty\",\"publisher\":{\"@id\":\"https:\\\/\\\/meavia-mh.hr\\\/sl\\\/#organization\"},\"alternateName\":\"Mea Via Nails\",\"potentialAction\":[{\"@type\":\"SearchAction\",\"target\":{\"@type\":\"EntryPoint\",\"urlTemplate\":\"https:\\\/\\\/meavia-mh.hr\\\/sl\\\/?s={search_term_string}\"},\"query-input\":{\"@type\":\"PropertyValueSpecification\",\"valueRequired\":true,\"valueName\":\"search_term_string\"}}],\"inLanguage\":\"sl-SI\"},{\"@type\":\"Organization\",\"@id\":\"https:\\\/\\\/meavia-mh.hr\\\/sl\\\/#organization\",\"name\":\"Mea Via Nails World\",\"alternateName\":\"Mea Via\",\"url\":\"https:\\\/\\\/meavia-mh.hr\\\/sl\\\/\",\"logo\":{\"@type\":\"ImageObject\",\"inLanguage\":\"sl-SI\",\"@id\":\"https:\\\/\\\/meavia-mh.hr\\\/sl\\\/#\\\/schema\\\/logo\\\/image\\\/\",\"url\":\"https:\\\/\\\/www.meavia-mh.hr\\\/wp-content\\\/uploads\\\/2020\\\/12\\\/Mea-Via.png\",\"contentUrl\":\"https:\\\/\\\/www.meavia-mh.hr\\\/wp-content\\\/uploads\\\/2020\\\/12\\\/Mea-Via.png\",\"width\":1181,\"height\":393,\"caption\":\"Mea Via Nails World\"},\"image\":{\"@id\":\"https:\\\/\\\/meavia-mh.hr\\\/sl\\\/#\\\/schema\\\/logo\\\/image\\\/\"},\"sameAs\":[\"https:\\\/\\\/www.facebook.com\\\/MeaViaNailsWorld\",\"https:\\\/\\\/www.instagram.com\\\/mea_via_nails_world\\\/\",\"https:\\\/\\\/www.youtube.com\\\/channel\\\/UCECk0hpRWP6TN-EfA4ER96g\\\/featured\"]}]}<\/script>\n<!-- \/ Yoast SEO plugin. -->","yoast_head_json":{"title":"PROMED ultrazvo\u010dni sterilizator UC-50 \u22c6 Mea Via Beauty","description":"PROMED ultrazvo\u010dni sterilizator UC-50 \u22c6 sterilizator za salone in doma\u010do uporabo \u22c6 sterilizira in razku\u017euje orodja za manikuro in pedikuro","robots":{"index":"index","follow":"follow","max-snippet":"max-snippet:-1","max-image-preview":"max-image-preview:large","max-video-preview":"max-video-preview:-1"},"canonical":"https:\/\/www.meavia-mh.hr\/sl\/product\/promed-ultrasonic-sterilizator-uc-50\/","og_locale":"sl_SI","og_type":"article","og_title":"PROMED ultrasonic sterilizator UC-50 &#8902; Mea Via Beauty","og_description":"PROMED ultrasonic sterilizator UC-50 &#8902; sterilizator za salone i ku\u0107nu upotabu &#8902; sterilizira i dezinficira pribor za manikuru i pedikuru","og_url":"https:\/\/www.meavia-mh.hr\/sl\/product\/promed-ultrasonic-sterilizator-uc-50\/","og_site_name":"Mea Via Beauty","article_publisher":"https:\/\/www.facebook.com\/MeaViaNailsWorld","article_modified_time":"2026-01-24T07:16:06+00:00","og_image":[{"width":1598,"height":1564,"url":"https:\/\/www.meavia-mh.hr\/wp-content\/uploads\/2021\/09\/Slika-zaslona-2021-09-11-u-11.19.01.jpg","type":"image\/jpeg"}],"twitter_card":"summary_large_image","twitter_misc":{"Est. reading time":"2 minuti"},"schema":{"@context":"https:\/\/schema.org","@graph":[{"@type":"WebPage","@id":"https:\/\/www.meavia-mh.hr\/product\/promed-ultrasonic-sterilizator-uc-50\/","url":"https:\/\/www.meavia-mh.hr\/product\/promed-ultrasonic-sterilizator-uc-50\/","name":"PROMED ultrazvo\u010dni sterilizator UC-50 \u22c6 Mea Via Beauty","isPartOf":{"@id":"https:\/\/meavia-mh.hr\/sl\/#website"},"primaryImageOfPage":{"@id":"https:\/\/www.meavia-mh.hr\/product\/promed-ultrasonic-sterilizator-uc-50\/#primaryimage"},"image":{"@id":"https:\/\/www.meavia-mh.hr\/product\/promed-ultrasonic-sterilizator-uc-50\/#primaryimage"},"thumbnailUrl":"https:\/\/www.meavia-mh.hr\/wp-content\/uploads\/2021\/09\/Slika-zaslona-2021-09-11-u-11.19.01.jpg","datePublished":"2021-09-11T09:30:44+00:00","dateModified":"2026-01-24T07:16:06+00:00","description":"PROMED ultrazvo\u010dni sterilizator UC-50 \u22c6 sterilizator za salone in doma\u010do uporabo \u22c6 sterilizira in razku\u017euje orodja za manikuro in pedikuro","breadcrumb":{"@id":"https:\/\/www.meavia-mh.hr\/product\/promed-ultrasonic-sterilizator-uc-50\/#breadcrumb"},"inLanguage":"sl-SI","potentialAction":[{"@type":"ReadAction","target":["https:\/\/www.meavia-mh.hr\/product\/promed-ultrasonic-sterilizator-uc-50\/"]}]},{"@type":"ImageObject","inLanguage":"sl-SI","@id":"https:\/\/www.meavia-mh.hr\/product\/promed-ultrasonic-sterilizator-uc-50\/#primaryimage","url":"https:\/\/www.meavia-mh.hr\/wp-content\/uploads\/2021\/09\/Slika-zaslona-2021-09-11-u-11.19.01.jpg","contentUrl":"https:\/\/www.meavia-mh.hr\/wp-content\/uploads\/2021\/09\/Slika-zaslona-2021-09-11-u-11.19.01.jpg","width":1598,"height":1564,"caption":"PROMED ultrasonic sterilizator UC-50"},{"@type":"BreadcrumbList","@id":"https:\/\/www.meavia-mh.hr\/product\/promed-ultrasonic-sterilizator-uc-50\/#breadcrumb","itemListElement":[{"@type":"ListItem","position":1,"name":"Po\u010detna stranica","item":"https:\/\/www.meavia-mh.hr\/"},{"@type":"ListItem","position":2,"name":"Trgovina","item":"https:\/\/meavia-mh.hr\/sl\/store\/"},{"@type":"ListItem","position":3,"name":"PROMED ultrasonic sterilizator UC-50"}]},{"@type":"WebSite","@id":"https:\/\/meavia-mh.hr\/sl\/#website","url":"https:\/\/meavia-mh.hr\/sl\/","name":"MEA VIA BEAUTY","description":"Only The Best For Your Beauty","publisher":{"@id":"https:\/\/meavia-mh.hr\/sl\/#organization"},"alternateName":"Mea Via Nails","potentialAction":[{"@type":"SearchAction","target":{"@type":"EntryPoint","urlTemplate":"https:\/\/meavia-mh.hr\/sl\/?s={search_term_string}"},"query-input":{"@type":"PropertyValueSpecification","valueRequired":true,"valueName":"search_term_string"}}],"inLanguage":"sl-SI"},{"@type":"Organization","@id":"https:\/\/meavia-mh.hr\/sl\/#organization","name":"Mea Via Nails World","alternateName":"Mea Via","url":"https:\/\/meavia-mh.hr\/sl\/","logo":{"@type":"ImageObject","inLanguage":"sl-SI","@id":"https:\/\/meavia-mh.hr\/sl\/#\/schema\/logo\/image\/","url":"https:\/\/www.meavia-mh.hr\/wp-content\/uploads\/2020\/12\/Mea-Via.png","contentUrl":"https:\/\/www.meavia-mh.hr\/wp-content\/uploads\/2020\/12\/Mea-Via.png","width":1181,"height":393,"caption":"Mea Via Nails World"},"image":{"@id":"https:\/\/meavia-mh.hr\/sl\/#\/schema\/logo\/image\/"},"sameAs":["https:\/\/www.facebook.com\/MeaViaNailsWorld","https:\/\/www.instagram.com\/mea_via_nails_world\/","https:\/\/www.youtube.com\/channel\/UCECk0hpRWP6TN-EfA4ER96g\/featured"]}]}},"spectra_custom_meta":{"_sku":["4043641330040"],"_regular_price":["78.29"],"total_sales":["7"],"_tax_status":["taxable"],"_tax_class":[""],"_manage_stock":["yes"],"_backorders":["no"],"_sold_individually":["no"],"_virtual":["no"],"_downloadable":["no"],"_download_limit":["-1"],"_download_expiry":["-1"],"_stock":["0"],"_stock_status":["outofstock"],"_wc_average_rating":["0"],"_wc_review_count":["0"],"_product_version":["10.4.3"],"_price":["78.29"],"_wp_page_template":["default"],"_yoast_wpseo_focuskw":["PROMED ultrasonic sterilizator UC-50"],"_yoast_wpseo_linkdex":["79"],"_yoast_wpseo_content_score":["90"],"_yoast_wpseo_primary_product_cat":["114"],"site-sidebar-layout":["default"],"site-content-layout":[null],"theme-transparent-header-meta":["default"],"stick-header-meta":["default"],"_yoast_wpseo_metadesc":["%%title%% %%sep%% sterilizator za salone i ku\u0107nu upotabu %%sep%% sterilizira i dezinficira pribor za manikuru i pedikuru"],"_woocs_price_geo_countries":[""],"_woocs_regular_price_geo":[""],"_woocs_sale_price_geo":[""],"_yoast_wpseo_estimated-reading-time-minutes":["2"],"cartflows_redirect_flow_id":[""],"cartflows_add_to_cart_text":[""],"_edit_lock":["1702753627:1239"],"_edit_last":["1239"],"_oembed_dbb948f2d5140888985d53095e513413":["<iframe title=\"Promed ultrazvu\u010dni sterilizator  UC-50\" width=\"500\" height=\"281\" src=\"https:\/\/www.youtube.com\/embed\/FVkfLO4vFG0?feature=oembed\" frameborder=\"0\" allow=\"accelerometer; autoplay; clipboard-write; encrypted-media; gyroscope; picture-in-picture\" allowfullscreen><\/iframe>"],"_oembed_time_dbb948f2d5140888985d53095e513413":["1631773658"],"_oembed_4b07da0c982329bfa2fcb07d91616b4f":["<iframe title=\"Promed ultrazvu\u010dni sterilizator  UC-50\" width=\"898\" height=\"505\" src=\"https:\/\/www.youtube.com\/embed\/FVkfLO4vFG0?feature=oembed\" frameborder=\"0\" allow=\"accelerometer; autoplay; clipboard-write; encrypted-media; gyroscope; picture-in-picture\" allowfullscreen><\/iframe>"],"_oembed_time_4b07da0c982329bfa2fcb07d91616b4f":["1631357169"],"_oembed_faced7df4d096a14e01aa84f088350cc":["<iframe title=\"Promed ultrazvu\u010dni sterilizator  UC-50\" width=\"922\" height=\"519\" src=\"https:\/\/www.youtube.com\/embed\/FVkfLO4vFG0?feature=oembed\" frameborder=\"0\" allow=\"accelerometer; autoplay; clipboard-write; encrypted-media; gyroscope; picture-in-picture\" allowfullscreen><\/iframe>"],"_oembed_time_faced7df4d096a14e01aa84f088350cc":["1631357204"],"_thumbnail_id":["8988"],"_product_image_gallery":["8989,8992,8991,8990"],"_oembed_b5384fff31debc9be2feed30abd4fa6a":["<iframe title=\"Promed ultrazvu\u010dni sterilizator  UC-50\" width=\"1200\" height=\"675\" src=\"https:\/\/www.youtube.com\/embed\/FVkfLO4vFG0?feature=oembed\" frameborder=\"0\" allow=\"accelerometer; autoplay; clipboard-write; encrypted-media; gyroscope; picture-in-picture\" allowfullscreen><\/iframe>"],"_oembed_time_b5384fff31debc9be2feed30abd4fa6a":["1631378283"],"_woocs_regular_price_EUR":["78.29"],"_woocs_sale_price_EUR":["-1"],"footer-adv-display":[null],"adv-header-id-meta":[""],"_lowest_price_30_days":["78.29"],"_oembed_c7e04a9bb0518de88981af308ba79ba8":["<iframe title=\"Promed ultrazvu\u010dni sterilizator  UC-50\" width=\"500\" height=\"281\" src=\"https:\/\/www.youtube.com\/embed\/FVkfLO4vFG0?feature=oembed\" frameborder=\"0\" allow=\"accelerometer; autoplay; clipboard-write; encrypted-media; gyroscope; picture-in-picture; web-share\" referrerpolicy=\"strict-origin-when-cross-origin\" allowfullscreen><\/iframe>"],"_oembed_time_c7e04a9bb0518de88981af308ba79ba8":["1713880800"],"uag_migration_processed":["1"],"_elementor_page_assets":["a:0:{}"],"_uag_page_assets":["a:9:{s:3:\"css\";s:0:\"\";s:2:\"js\";s:0:\"\";s:18:\"current_block_list\";a:3:{i:0;s:11:\"core\/search\";i:1;s:18:\"core\/legacy-widget\";i:2;s:27:\"woocommerce\/product-filters\";}s:8:\"uag_flag\";b:0;s:11:\"uag_version\";s:10:\"1777638976\";s:6:\"gfonts\";a:0:{}s:10:\"gfonts_url\";s:0:\"\";s:12:\"gfonts_files\";a:0:{}s:14:\"uag_faq_layout\";b:0;}"]},"uagb_featured_image_src":{"full":["https:\/\/www.meavia-mh.hr\/wp-content\/uploads\/2021\/09\/Slika-zaslona-2021-09-11-u-11.19.01.jpg",1598,1564,false],"thumbnail":["https:\/\/www.meavia-mh.hr\/wp-content\/uploads\/2021\/09\/Slika-zaslona-2021-09-11-u-11.19.01-150x150.jpg",150,150,true],"medium":["https:\/\/www.meavia-mh.hr\/wp-content\/uploads\/2021\/09\/Slika-zaslona-2021-09-11-u-11.19.01-300x294.jpg",300,294,true],"medium_large":["https:\/\/www.meavia-mh.hr\/wp-content\/uploads\/2021\/09\/Slika-zaslona-2021-09-11-u-11.19.01-768x752.jpg",768,752,true],"large":["https:\/\/www.meavia-mh.hr\/wp-content\/uploads\/2021\/09\/Slika-zaslona-2021-09-11-u-11.19.01-1024x1002.jpg",1024,1002,true],"1536x1536":["https:\/\/www.meavia-mh.hr\/wp-content\/uploads\/2021\/09\/Slika-zaslona-2021-09-11-u-11.19.01-1536x1503.jpg",1536,1503,true],"2048x2048":["https:\/\/www.meavia-mh.hr\/wp-content\/uploads\/2021\/09\/Slika-zaslona-2021-09-11-u-11.19.01.jpg",1598,1564,false],"trp-custom-language-flag":["https:\/\/www.meavia-mh.hr\/wp-content\/uploads\/2021\/09\/Slika-zaslona-2021-09-11-u-11.19.01-12x12.jpg",12,12,true],"woocommerce_thumbnail":["https:\/\/www.meavia-mh.hr\/wp-content\/uploads\/2021\/09\/Slika-zaslona-2021-09-11-u-11.19.01-300x300.jpg",300,300,true],"woocommerce_single":["https:\/\/www.meavia-mh.hr\/wp-content\/uploads\/2021\/09\/Slika-zaslona-2021-09-11-u-11.19.01-600x587.jpg",600,587,true],"woocommerce_gallery_thumbnail":["https:\/\/www.meavia-mh.hr\/wp-content\/uploads\/2021\/09\/Slika-zaslona-2021-09-11-u-11.19.01-100x100.jpg",100,100,true]},"uagb_author_info":{"display_name":"Mea Via","author_link":"https:\/\/www.meavia-mh.hr\/sl\/author\/"},"uagb_comment_info":0,"uagb_excerpt":"PROMED ultrasonic sterilizator UC-50 neophodan je ure\u0111aj za sterilizacju opreme i alata u va\u0161em salonu ili kod ku\u0107e. Uz\u00a0 pomo\u0107 ovog ure\u0111aja dezinficirat \u0107ete sve alate za manikuru i pedikuru, nastavke za brusilice &#8211; freze te svu metalnu i plasti\u010dnu opremu, \u0161karice, poguriva\u010de ko\u017eice, pincete, frizerski pribor, nakit. Osim vrlo visoke u\u010dinkovitosti pranja i dosezanja&hellip;","_links":{"self":[{"href":"https:\/\/www.meavia-mh.hr\/sl\/wp-json\/wp\/v2\/product\/8981","targetHints":{"allow":["GET"]}}],"collection":[{"href":"https:\/\/www.meavia-mh.hr\/sl\/wp-json\/wp\/v2\/product"}],"about":[{"href":"https:\/\/www.meavia-mh.hr\/sl\/wp-json\/wp\/v2\/types\/product"}],"replies":[{"embeddable":true,"href":"https:\/\/www.meavia-mh.hr\/sl\/wp-json\/wp\/v2\/comments?post=8981"}],"version-history":[{"count":1,"href":"https:\/\/www.meavia-mh.hr\/sl\/wp-json\/wp\/v2\/product\/8981\/revisions"}],"predecessor-version":[{"id":25049,"href":"https:\/\/www.meavia-mh.hr\/sl\/wp-json\/wp\/v2\/product\/8981\/revisions\/25049"}],"wp:featuredmedia":[{"embeddable":true,"href":"https:\/\/www.meavia-mh.hr\/sl\/wp-json\/wp\/v2\/media\/8988"}],"wp:attachment":[{"href":"https:\/\/www.meavia-mh.hr\/sl\/wp-json\/wp\/v2\/media?parent=8981"}],"wp:term":[{"taxonomy":"product_brand","embeddable":true,"href":"https:\/\/www.meavia-mh.hr\/sl\/wp-json\/wp\/v2\/product_brand?post=8981"},{"taxonomy":"product_cat","embeddable":true,"href":"https:\/\/www.meavia-mh.hr\/sl\/wp-json\/wp\/v2\/product_cat?post=8981"},{"taxonomy":"product_tag","embeddable":true,"href":"https:\/\/www.meavia-mh.hr\/sl\/wp-json\/wp\/v2\/product_tag?post=8981"}],"curies":[{"name":"delovni list","href":"https:\/\/api.w.org\/{rel}","templated":true}]}}