{"id":8973,"date":"2021-09-11T08:19:09","date_gmt":"2021-09-11T08:19:09","guid":{"rendered":"https:\/\/www.meavia-mh.hr\/?post_type=product&#038;p=8973"},"modified":"2024-07-05T15:47:35","modified_gmt":"2024-07-05T15:47:35","slug":"magnet-za-cat-eye","status":"publish","type":"product","link":"https:\/\/www.meavia-mh.hr\/sl\/product\/magnet-za-cat-eye\/","title":{"rendered":"Magnet za ma\u010dje oko"},"content":{"rendered":"<p><span>Uporabite njegovo mo\u010d in presenetite vse z globino barve.\u00a0<\/span><span>Pustite domi\u0161ljiji prosto pot in eksperimentirajte z vzorci in barvami! Ustvarite neverjetne u\u010dinke ma\u010djega o\u010desa.<\/span><\/p>\n<p><span>Z na\u0161im magnetom boste dobili popolno, tanko linijo, ki je zna\u010dilna za lake Cat Eye. <\/span><span>Nepogre\u0161ljivo orodje za va\u0161e delo!\u00a0<\/span><span>Popoln za <a href=\"https:\/\/www.meavia-mh.hr\/sl\/product\/palu-gel-polish-trajni-lak-cat-eye-green-ce2-11ml\/\">PALU Cat Eye permanentni laki<\/a> in drugi magnetni laki in geli! <\/span><\/p>\n<p><span>Zahvaljujo\u010d temu magnetu za ma\u010dje oko boste v \u010darobnem slogu poudarili ve\u010ddimenzionalnost in edinstvenost svojega stajlinga! <\/span><span>Uporabite dva magneta in pustite, da njihova mo\u010d deluje! <\/span><span>Njihova obratna uporaba bo ustvarila \u010darobni u\u010dinek &#039;krogle&#039; podoben vrtin\u010du.<\/span><\/p>\n<h6>Pakiranje: 1 kos<\/h6>\n<h6>Dimenzije: 6<span> x 28 mm<\/span><\/h6>\n<p>Previdnostni ukrepi: Hraniti izven pogleda in dosega otrok. Uporabite kot je predvideno. Izdelek za profesionalno uporabo.<\/p>","protected":false},"excerpt":{"rendered":"<p>Iskoristite njegovu mo\u0107 i iznenadite sve dubinom boje.\u00a0Pustite ma\u0161ti na volju i eksperimentirajte s uzorcima i bojama! Izradite \u010dudesne efekte ma\u010djeg oka. S na\u0161im magnetom dobit \u0107ete savr\u0161enu, tanku liniju koja karakterizira Cat Eye lakove. Neizostavni alat za va\u0161 rad!\u00a0Savr\u0161eno za PALU trajne lakove Cat Eye i druge magnetske lakove i gelove! Zahvaljuju\u0107i ovom Magnetu [&hellip;]<\/p>\n","protected":false},"featured_media":8974,"comment_status":"open","ping_status":"closed","template":"","meta":{"_uag_custom_page_level_css":"","site-sidebar-layout":"default","site-content-layout":"default","ast-site-content-layout":"default","site-content-style":"default","site-sidebar-style":"default","ast-global-header-display":"","ast-banner-title-visibility":"","ast-main-header-display":"","ast-hfb-above-header-display":"","ast-hfb-below-header-display":"","ast-hfb-mobile-header-display":"","site-post-title":"","ast-breadcrumbs-content":"","ast-featured-img":"","footer-sml-layout":"","ast-disable-related-posts":"","theme-transparent-header-meta":"default","adv-header-id-meta":"","stick-header-meta":"default","header-above-stick-meta":"","header-main-stick-meta":"","header-below-stick-meta":"","astra-migrate-meta-layouts":"default","ast-page-background-enabled":"default","ast-page-background-meta":{"desktop":{"background-color":"var(--ast-global-color-4)","background-image":"","background-repeat":"repeat","background-position":"center center","background-size":"auto","background-attachment":"scroll","background-type":"","background-media":"","overlay-type":"","overlay-color":"","overlay-opacity":"","overlay-gradient":""},"tablet":{"background-color":"","background-image":"","background-repeat":"repeat","background-position":"center center","background-size":"auto","background-attachment":"scroll","background-type":"","background-media":"","overlay-type":"","overlay-color":"","overlay-opacity":"","overlay-gradient":""},"mobile":{"background-color":"","background-image":"","background-repeat":"repeat","background-position":"center center","background-size":"auto","background-attachment":"scroll","background-type":"","background-media":"","overlay-type":"","overlay-color":"","overlay-opacity":"","overlay-gradient":""}},"ast-content-background-meta":{"desktop":{"background-color":"var(--ast-global-color-5)","background-image":"","background-repeat":"repeat","background-position":"center center","background-size":"auto","background-attachment":"scroll","background-type":"","background-media":"","overlay-type":"","overlay-color":"","overlay-opacity":"","overlay-gradient":""},"tablet":{"background-color":"var(--ast-global-color-5)","background-image":"","background-repeat":"repeat","background-position":"center center","background-size":"auto","background-attachment":"scroll","background-type":"","background-media":"","overlay-type":"","overlay-color":"","overlay-opacity":"","overlay-gradient":""},"mobile":{"background-color":"var(--ast-global-color-5)","background-image":"","background-repeat":"repeat","background-position":"center center","background-size":"auto","background-attachment":"scroll","background-type":"","background-media":"","overlay-type":"","overlay-color":"","overlay-opacity":"","overlay-gradient":""}}},"product_brand":[],"product_cat":[24,110],"product_tag":[305,195],"class_list":{"0":"post-8973","1":"product","2":"type-product","3":"status-publish","4":"has-post-thumbnail","6":"product_cat-dodaci","7":"product_cat-nail-art","8":"product_tag-drzac-tipi","9":"product_tag-nail-art","10":"desktop-align-left","11":"tablet-align-left","12":"mobile-align-left","13":"ast-product-gallery-layout-horizontal-slider","14":"ast-product-tabs-layout-horizontal","16":"first","17":"outofstock","18":"taxable","19":"shipping-taxable","20":"purchasable","21":"product-type-simple"},"yoast_head":"<!-- This site is optimized with the Yoast SEO plugin v27.4 - https:\/\/yoast.com\/product\/yoast-seo-wordpress\/ -->\n<title>Magnet za Cat Eye &#8902; Mea Via Beauty<\/title>\n<meta name=\"description\" content=\"Magnet za Cat Eye &#8902; za magnetne tajne lakove &#8902; \u010dudesni efekt ma\u010djeg oka&#8902; magnet za nail art Cat Eye &#8902; najbolja cijena &#8902; top kvaliteta\" \/>\n<meta name=\"robots\" content=\"index, follow, max-snippet:-1, max-image-preview:large, max-video-preview:-1\" \/>\n<link rel=\"canonical\" href=\"https:\/\/www.meavia-mh.hr\/sl\/product\/magnet-za-cat-eye\/\" \/>\n<meta property=\"og:locale\" content=\"sl_SI\" \/>\n<meta property=\"og:type\" content=\"article\" \/>\n<meta property=\"og:title\" content=\"Magnet za Cat Eye &#8902; Mea Via Beauty\" \/>\n<meta property=\"og:description\" content=\"Magnet za Cat Eye &#8902; za magnetne tajne lakove &#8902; \u010dudesni efekt ma\u010djeg oka&#8902; magnet za nail art Cat Eye &#8902; najbolja cijena &#8902; top kvaliteta\" \/>\n<meta property=\"og:url\" content=\"https:\/\/www.meavia-mh.hr\/sl\/product\/magnet-za-cat-eye\/\" \/>\n<meta property=\"og:site_name\" content=\"Mea Via Beauty\" \/>\n<meta property=\"article:publisher\" content=\"https:\/\/www.facebook.com\/MeaViaNailsWorld\" \/>\n<meta property=\"article:modified_time\" content=\"2024-07-05T15:47:35+00:00\" \/>\n<meta property=\"og:image\" content=\"https:\/\/www.meavia-mh.hr\/wp-content\/uploads\/2021\/09\/Slika-zaslona-2021-09-11-u-09.50.55.jpg\" \/>\n\t<meta property=\"og:image:width\" content=\"1598\" \/>\n\t<meta property=\"og:image:height\" content=\"1564\" \/>\n\t<meta property=\"og:image:type\" content=\"image\/jpeg\" \/>\n<meta name=\"twitter:card\" content=\"summary_large_image\" \/>\n<meta name=\"twitter:label1\" content=\"Est. reading time\" \/>\n\t<meta name=\"twitter:data1\" content=\"1 minuta\" \/>\n<script type=\"application\/ld+json\" class=\"yoast-schema-graph\">{\"@context\":\"https:\\\/\\\/schema.org\",\"@graph\":[{\"@type\":\"WebPage\",\"@id\":\"https:\\\/\\\/www.meavia-mh.hr\\\/product\\\/magnet-za-cat-eye\\\/\",\"url\":\"https:\\\/\\\/www.meavia-mh.hr\\\/product\\\/magnet-za-cat-eye\\\/\",\"name\":\"Magnet za Cat Eye &#8902; Mea Via Beauty\",\"isPartOf\":{\"@id\":\"https:\\\/\\\/meavia-mh.hr\\\/sl\\\/#website\"},\"primaryImageOfPage\":{\"@id\":\"https:\\\/\\\/www.meavia-mh.hr\\\/product\\\/magnet-za-cat-eye\\\/#primaryimage\"},\"image\":{\"@id\":\"https:\\\/\\\/www.meavia-mh.hr\\\/product\\\/magnet-za-cat-eye\\\/#primaryimage\"},\"thumbnailUrl\":\"https:\\\/\\\/www.meavia-mh.hr\\\/wp-content\\\/uploads\\\/2021\\\/09\\\/Slika-zaslona-2021-09-11-u-09.50.55.jpg\",\"datePublished\":\"2021-09-11T08:19:09+00:00\",\"dateModified\":\"2024-07-05T15:47:35+00:00\",\"description\":\"Magnet za Cat Eye &#8902; za magnetne tajne lakove &#8902; \u010dudesni efekt ma\u010djeg oka&#8902; magnet za nail art Cat Eye &#8902; najbolja cijena &#8902; top kvaliteta\",\"breadcrumb\":{\"@id\":\"https:\\\/\\\/www.meavia-mh.hr\\\/product\\\/magnet-za-cat-eye\\\/#breadcrumb\"},\"inLanguage\":\"sl-SI\",\"potentialAction\":[{\"@type\":\"ReadAction\",\"target\":[\"https:\\\/\\\/www.meavia-mh.hr\\\/product\\\/magnet-za-cat-eye\\\/\"]}]},{\"@type\":\"ImageObject\",\"inLanguage\":\"sl-SI\",\"@id\":\"https:\\\/\\\/www.meavia-mh.hr\\\/product\\\/magnet-za-cat-eye\\\/#primaryimage\",\"url\":\"https:\\\/\\\/www.meavia-mh.hr\\\/wp-content\\\/uploads\\\/2021\\\/09\\\/Slika-zaslona-2021-09-11-u-09.50.55.jpg\",\"contentUrl\":\"https:\\\/\\\/www.meavia-mh.hr\\\/wp-content\\\/uploads\\\/2021\\\/09\\\/Slika-zaslona-2021-09-11-u-09.50.55.jpg\",\"width\":1598,\"height\":1564,\"caption\":\"Magnet za Cat Eye\"},{\"@type\":\"BreadcrumbList\",\"@id\":\"https:\\\/\\\/www.meavia-mh.hr\\\/product\\\/magnet-za-cat-eye\\\/#breadcrumb\",\"itemListElement\":[{\"@type\":\"ListItem\",\"position\":1,\"name\":\"Po\u010detna stranica\",\"item\":\"https:\\\/\\\/www.meavia-mh.hr\\\/\"},{\"@type\":\"ListItem\",\"position\":2,\"name\":\"Trgovina\",\"item\":\"https:\\\/\\\/meavia-mh.hr\\\/sl\\\/store\\\/\"},{\"@type\":\"ListItem\",\"position\":3,\"name\":\"Magnet za Cat Eye\"}]},{\"@type\":\"WebSite\",\"@id\":\"https:\\\/\\\/meavia-mh.hr\\\/sl\\\/#website\",\"url\":\"https:\\\/\\\/meavia-mh.hr\\\/sl\\\/\",\"name\":\"Mea Via Beauty\",\"description\":\"Only The Best For Your Beauty\",\"publisher\":{\"@id\":\"https:\\\/\\\/meavia-mh.hr\\\/sl\\\/#organization\"},\"alternateName\":\"Mea Via Nails\",\"potentialAction\":[{\"@type\":\"SearchAction\",\"target\":{\"@type\":\"EntryPoint\",\"urlTemplate\":\"https:\\\/\\\/meavia-mh.hr\\\/sl\\\/?s={search_term_string}\"},\"query-input\":{\"@type\":\"PropertyValueSpecification\",\"valueRequired\":true,\"valueName\":\"search_term_string\"}}],\"inLanguage\":\"sl-SI\"},{\"@type\":\"Organization\",\"@id\":\"https:\\\/\\\/meavia-mh.hr\\\/sl\\\/#organization\",\"name\":\"Mea Via Nails World\",\"alternateName\":\"Mea Via\",\"url\":\"https:\\\/\\\/meavia-mh.hr\\\/sl\\\/\",\"logo\":{\"@type\":\"ImageObject\",\"inLanguage\":\"sl-SI\",\"@id\":\"https:\\\/\\\/meavia-mh.hr\\\/sl\\\/#\\\/schema\\\/logo\\\/image\\\/\",\"url\":\"https:\\\/\\\/www.meavia-mh.hr\\\/wp-content\\\/uploads\\\/2020\\\/12\\\/Mea-Via.png\",\"contentUrl\":\"https:\\\/\\\/www.meavia-mh.hr\\\/wp-content\\\/uploads\\\/2020\\\/12\\\/Mea-Via.png\",\"width\":1181,\"height\":393,\"caption\":\"Mea Via Nails World\"},\"image\":{\"@id\":\"https:\\\/\\\/meavia-mh.hr\\\/sl\\\/#\\\/schema\\\/logo\\\/image\\\/\"},\"sameAs\":[\"https:\\\/\\\/www.facebook.com\\\/MeaViaNailsWorld\",\"https:\\\/\\\/www.instagram.com\\\/mea_via_nails_world\\\/\",\"https:\\\/\\\/www.youtube.com\\\/channel\\\/UCECk0hpRWP6TN-EfA4ER96g\\\/featured\"]}]}<\/script>\n<!-- \/ Yoast SEO plugin. -->","yoast_head_json":{"title":"Magnet za ma\u010dje o\u010di \u22c6 Mea Via Beauty","description":"Magnet za ma\u010dje oko \u22c6 za magnetne skrivne lake \u22c6 neverjeten u\u010dinek ma\u010djega o\u010desa \u22c6 Magnet za poslikavo nohtov z ma\u010djim o\u010desom \u22c6 najbolj\u0161a cena \u22c6 vrhunska kakovost","robots":{"index":"index","follow":"follow","max-snippet":"max-snippet:-1","max-image-preview":"max-image-preview:large","max-video-preview":"max-video-preview:-1"},"canonical":"https:\/\/www.meavia-mh.hr\/sl\/product\/magnet-za-cat-eye\/","og_locale":"sl_SI","og_type":"article","og_title":"Magnet za Cat Eye &#8902; Mea Via Beauty","og_description":"Magnet za Cat Eye &#8902; za magnetne tajne lakove &#8902; \u010dudesni efekt ma\u010djeg oka&#8902; magnet za nail art Cat Eye &#8902; najbolja cijena &#8902; top kvaliteta","og_url":"https:\/\/www.meavia-mh.hr\/sl\/product\/magnet-za-cat-eye\/","og_site_name":"Mea Via Beauty","article_publisher":"https:\/\/www.facebook.com\/MeaViaNailsWorld","article_modified_time":"2024-07-05T15:47:35+00:00","og_image":[{"width":1598,"height":1564,"url":"https:\/\/www.meavia-mh.hr\/wp-content\/uploads\/2021\/09\/Slika-zaslona-2021-09-11-u-09.50.55.jpg","type":"image\/jpeg"}],"twitter_card":"summary_large_image","twitter_misc":{"Est. reading time":"1 minuta"},"schema":{"@context":"https:\/\/schema.org","@graph":[{"@type":"WebPage","@id":"https:\/\/www.meavia-mh.hr\/product\/magnet-za-cat-eye\/","url":"https:\/\/www.meavia-mh.hr\/product\/magnet-za-cat-eye\/","name":"Magnet za ma\u010dje o\u010di \u22c6 Mea Via Beauty","isPartOf":{"@id":"https:\/\/meavia-mh.hr\/sl\/#website"},"primaryImageOfPage":{"@id":"https:\/\/www.meavia-mh.hr\/product\/magnet-za-cat-eye\/#primaryimage"},"image":{"@id":"https:\/\/www.meavia-mh.hr\/product\/magnet-za-cat-eye\/#primaryimage"},"thumbnailUrl":"https:\/\/www.meavia-mh.hr\/wp-content\/uploads\/2021\/09\/Slika-zaslona-2021-09-11-u-09.50.55.jpg","datePublished":"2021-09-11T08:19:09+00:00","dateModified":"2024-07-05T15:47:35+00:00","description":"Magnet za ma\u010dje oko \u22c6 za magnetne skrivne lake \u22c6 neverjeten u\u010dinek ma\u010djega o\u010desa \u22c6 Magnet za poslikavo nohtov z ma\u010djim o\u010desom \u22c6 najbolj\u0161a cena \u22c6 vrhunska kakovost","breadcrumb":{"@id":"https:\/\/www.meavia-mh.hr\/product\/magnet-za-cat-eye\/#breadcrumb"},"inLanguage":"sl-SI","potentialAction":[{"@type":"ReadAction","target":["https:\/\/www.meavia-mh.hr\/product\/magnet-za-cat-eye\/"]}]},{"@type":"ImageObject","inLanguage":"sl-SI","@id":"https:\/\/www.meavia-mh.hr\/product\/magnet-za-cat-eye\/#primaryimage","url":"https:\/\/www.meavia-mh.hr\/wp-content\/uploads\/2021\/09\/Slika-zaslona-2021-09-11-u-09.50.55.jpg","contentUrl":"https:\/\/www.meavia-mh.hr\/wp-content\/uploads\/2021\/09\/Slika-zaslona-2021-09-11-u-09.50.55.jpg","width":1598,"height":1564,"caption":"Magnet za Cat Eye"},{"@type":"BreadcrumbList","@id":"https:\/\/www.meavia-mh.hr\/product\/magnet-za-cat-eye\/#breadcrumb","itemListElement":[{"@type":"ListItem","position":1,"name":"Po\u010detna stranica","item":"https:\/\/www.meavia-mh.hr\/"},{"@type":"ListItem","position":2,"name":"Trgovina","item":"https:\/\/meavia-mh.hr\/sl\/store\/"},{"@type":"ListItem","position":3,"name":"Magnet za Cat Eye"}]},{"@type":"WebSite","@id":"https:\/\/meavia-mh.hr\/sl\/#website","url":"https:\/\/meavia-mh.hr\/sl\/","name":"MEA VIA BEAUTY","description":"Only The Best For Your Beauty","publisher":{"@id":"https:\/\/meavia-mh.hr\/sl\/#organization"},"alternateName":"Mea Via Nails","potentialAction":[{"@type":"SearchAction","target":{"@type":"EntryPoint","urlTemplate":"https:\/\/meavia-mh.hr\/sl\/?s={search_term_string}"},"query-input":{"@type":"PropertyValueSpecification","valueRequired":true,"valueName":"search_term_string"}}],"inLanguage":"sl-SI"},{"@type":"Organization","@id":"https:\/\/meavia-mh.hr\/sl\/#organization","name":"Mea Via Nails World","alternateName":"Mea Via","url":"https:\/\/meavia-mh.hr\/sl\/","logo":{"@type":"ImageObject","inLanguage":"sl-SI","@id":"https:\/\/meavia-mh.hr\/sl\/#\/schema\/logo\/image\/","url":"https:\/\/www.meavia-mh.hr\/wp-content\/uploads\/2020\/12\/Mea-Via.png","contentUrl":"https:\/\/www.meavia-mh.hr\/wp-content\/uploads\/2020\/12\/Mea-Via.png","width":1181,"height":393,"caption":"Mea Via Nails World"},"image":{"@id":"https:\/\/meavia-mh.hr\/sl\/#\/schema\/logo\/image\/"},"sameAs":["https:\/\/www.facebook.com\/MeaViaNailsWorld","https:\/\/www.instagram.com\/mea_via_nails_world\/","https:\/\/www.youtube.com\/channel\/UCECk0hpRWP6TN-EfA4ER96g\/featured"]}]}},"spectra_custom_meta":{"_sku":["5900002374893"],"_regular_price":["2.91"],"total_sales":["21"],"_tax_status":["taxable"],"_tax_class":[""],"_manage_stock":["yes"],"_backorders":["no"],"_sold_individually":["no"],"_virtual":["no"],"_downloadable":["no"],"_product_image_gallery":["8975"],"_download_limit":["-1"],"_download_expiry":["-1"],"_thumbnail_id":["8974"],"_stock":["0"],"_stock_status":["outofstock"],"_wc_average_rating":["0"],"_wc_review_count":["0"],"_product_version":["7.2.2"],"_price":["2.91"],"_wp_page_template":["default"],"_yoast_wpseo_focuskw":["Magnet za Cat Eye"],"_yoast_wpseo_metadesc":["%%title%% %%sep%% za magnetne tajne lakove %%sep%% \u010dudesni efekt ma\u010djeg oka%%sep%% magnet za nail art Cat Eye %%sep%% najbolja cijena %%sep%% top kvaliteta"],"_yoast_wpseo_linkdex":["60"],"_yoast_wpseo_content_score":["90"],"_yoast_wpseo_primary_product_cat":["24"],"site-sidebar-layout":["default"],"site-content-layout":["default"],"theme-transparent-header-meta":["default"],"stick-header-meta":["default"],"_yoast_wpseo_estimated-reading-time-minutes":["1"],"_woocs_price_geo_countries":[""],"_woocs_regular_price_geo":[""],"_woocs_sale_price_geo":[""],"cartflows_redirect_flow_id":[""],"cartflows_add_to_cart_text":[""],"_edit_lock":["1631351333:1"],"_edit_last":["1"],"_woocs_regular_price_EUR":["2.9"],"_woocs_sale_price_EUR":["-1"],"uag_migration_processed":["1"],"_elementor_page_assets":["a:0:{}"],"_uag_page_assets":["a:9:{s:3:\"css\";s:0:\"\";s:2:\"js\";s:0:\"\";s:18:\"current_block_list\";a:3:{i:0;s:11:\"core\/search\";i:1;s:18:\"core\/legacy-widget\";i:2;s:27:\"woocommerce\/product-filters\";}s:8:\"uag_flag\";b:0;s:11:\"uag_version\";s:10:\"1777059771\";s:6:\"gfonts\";a:0:{}s:10:\"gfonts_url\";s:0:\"\";s:12:\"gfonts_files\";a:0:{}s:14:\"uag_faq_layout\";b:0;}"]},"uagb_featured_image_src":{"full":["https:\/\/www.meavia-mh.hr\/wp-content\/uploads\/2021\/09\/Slika-zaslona-2021-09-11-u-09.50.55.jpg",1598,1564,false],"thumbnail":["https:\/\/www.meavia-mh.hr\/wp-content\/uploads\/2021\/09\/Slika-zaslona-2021-09-11-u-09.50.55-150x150.jpg",150,150,true],"medium":["https:\/\/www.meavia-mh.hr\/wp-content\/uploads\/2021\/09\/Slika-zaslona-2021-09-11-u-09.50.55-300x294.jpg",300,294,true],"medium_large":["https:\/\/www.meavia-mh.hr\/wp-content\/uploads\/2021\/09\/Slika-zaslona-2021-09-11-u-09.50.55-768x752.jpg",768,752,true],"large":["https:\/\/www.meavia-mh.hr\/wp-content\/uploads\/2021\/09\/Slika-zaslona-2021-09-11-u-09.50.55-1024x1002.jpg",1024,1002,true],"1536x1536":["https:\/\/www.meavia-mh.hr\/wp-content\/uploads\/2021\/09\/Slika-zaslona-2021-09-11-u-09.50.55-1536x1503.jpg",1536,1503,true],"2048x2048":["https:\/\/www.meavia-mh.hr\/wp-content\/uploads\/2021\/09\/Slika-zaslona-2021-09-11-u-09.50.55.jpg",1598,1564,false],"trp-custom-language-flag":["https:\/\/www.meavia-mh.hr\/wp-content\/uploads\/2021\/09\/Slika-zaslona-2021-09-11-u-09.50.55-12x12.jpg",12,12,true],"woocommerce_thumbnail":["https:\/\/www.meavia-mh.hr\/wp-content\/uploads\/2021\/09\/Slika-zaslona-2021-09-11-u-09.50.55-300x300.jpg",300,300,true],"woocommerce_single":["https:\/\/www.meavia-mh.hr\/wp-content\/uploads\/2021\/09\/Slika-zaslona-2021-09-11-u-09.50.55-600x587.jpg",600,587,true],"woocommerce_gallery_thumbnail":["https:\/\/www.meavia-mh.hr\/wp-content\/uploads\/2021\/09\/Slika-zaslona-2021-09-11-u-09.50.55-100x100.jpg",100,100,true]},"uagb_author_info":{"display_name":"Mea Via","author_link":"https:\/\/www.meavia-mh.hr\/sl\/author\/"},"uagb_comment_info":0,"uagb_excerpt":"Iskoristite njegovu mo\u0107 i iznenadite sve dubinom boje.\u00a0Pustite ma\u0161ti na volju i eksperimentirajte s uzorcima i bojama! Izradite \u010dudesne efekte ma\u010djeg oka. S na\u0161im magnetom dobit \u0107ete savr\u0161enu, tanku liniju koja karakterizira Cat Eye lakove. Neizostavni alat za va\u0161 rad!\u00a0Savr\u0161eno za PALU trajne lakove Cat Eye i druge magnetske lakove i gelove! Zahvaljuju\u0107i ovom Magnetu&hellip;","_links":{"self":[{"href":"https:\/\/www.meavia-mh.hr\/sl\/wp-json\/wp\/v2\/product\/8973","targetHints":{"allow":["GET"]}}],"collection":[{"href":"https:\/\/www.meavia-mh.hr\/sl\/wp-json\/wp\/v2\/product"}],"about":[{"href":"https:\/\/www.meavia-mh.hr\/sl\/wp-json\/wp\/v2\/types\/product"}],"replies":[{"embeddable":true,"href":"https:\/\/www.meavia-mh.hr\/sl\/wp-json\/wp\/v2\/comments?post=8973"}],"version-history":[{"count":1,"href":"https:\/\/www.meavia-mh.hr\/sl\/wp-json\/wp\/v2\/product\/8973\/revisions"}],"predecessor-version":[{"id":31145,"href":"https:\/\/www.meavia-mh.hr\/sl\/wp-json\/wp\/v2\/product\/8973\/revisions\/31145"}],"wp:featuredmedia":[{"embeddable":true,"href":"https:\/\/www.meavia-mh.hr\/sl\/wp-json\/wp\/v2\/media\/8974"}],"wp:attachment":[{"href":"https:\/\/www.meavia-mh.hr\/sl\/wp-json\/wp\/v2\/media?parent=8973"}],"wp:term":[{"taxonomy":"product_brand","embeddable":true,"href":"https:\/\/www.meavia-mh.hr\/sl\/wp-json\/wp\/v2\/product_brand?post=8973"},{"taxonomy":"product_cat","embeddable":true,"href":"https:\/\/www.meavia-mh.hr\/sl\/wp-json\/wp\/v2\/product_cat?post=8973"},{"taxonomy":"product_tag","embeddable":true,"href":"https:\/\/www.meavia-mh.hr\/sl\/wp-json\/wp\/v2\/product_tag?post=8973"}],"curies":[{"name":"delovni list","href":"https:\/\/api.w.org\/{rel}","templated":true}]}}