{"id":8962,"date":"2021-09-11T07:35:27","date_gmt":"2021-09-11T07:35:27","guid":{"rendered":"https:\/\/www.meavia-mh.hr\/?post_type=product&#038;p=8962"},"modified":"2026-01-24T08:16:06","modified_gmt":"2026-01-24T07:16:06","slug":"magnetni-stalak-za-nail-art-tipse-diamond-2","status":"publish","type":"product","link":"https:\/\/www.meavia-mh.hr\/sl\/product\/magnetni-stalak-za-nail-art-tipse-diamond-2\/","title":{"rendered":"Magnetno stojalo za nail art (konice) - Diamond 2"},"content":{"rendered":"<p>Magnetno stojalo za nail art (konice), zahvaljujo\u010d kateremu lahko privla\u010dno prika\u017eete stilizacije, narejene na konicah.<br \/>\nJe kot nala\u0161\u010d za fotografiranje, samo stojalo pa bo polep\u0161alo predstavitev va\u0161ega dela. Predstavite svoja izdelana umetni\u0161ka dela za nohte <a href=\"https:\/\/www.meavia-mh.hr\/sl\/product\/palu-gel-polish-trajni-lak-hollywood-red-r7-11-ml\/\">trajni lak,<\/a> <a href=\"https:\/\/www.meavia-mh.hr\/sl\/product\/palu-matrix-spider-gel-blue-mg6-5-g\/\">pajkov gel<\/a>, <a href=\"https:\/\/www.meavia-mh.hr\/sl\/product\/ikon-iq-inspire-painting-gel-vaxholm-5-ml\/\">barvni gel<\/a> ali <a href=\"https:\/\/www.meavia-mh.hr\/sl\/product\/palu-nail-art-chrome-prah-green-scarab-2\/\">okraski za nohte<\/a>.<\/p>\n<p>Magnetno stojalo za nail art (konice) se lahko uporablja tudi za vaje poslikave nohtov. To bo odli\u010dno ohranilo na\u0161a dela v razstavnem polo\u017eaju.<\/p>\n<p>dimenzije:<\/p>\n<ul>\n<li>Stojalo: 3 x 1,5 cm<\/li>\n<li>Vi\u0161ina stojala: 1,8 cm<\/li>\n<li>Skupna vi\u0161ina: 4 cm.<\/li>\n<\/ul>\n<p>Stojalo je z magnetom pritrjeno na podstavek v obliki diamanta.<\/p>\n<h6>Komplet vsebuje: podstavek v obliki diamanta in 5 stojal.<\/h6>\n<p>&nbsp;<\/p>\n<p>Previdnostni ukrepi: Hraniti izven pogleda in dosega otrok. Uporabite kot je predvideno. Izdelek za profesionalno uporabo.<\/p>","protected":false},"excerpt":{"rendered":"<p>Magnetni stalak za nail art (tipse) zahvaljuju\u0107i kojem mo\u017eete atraktivno prikazati stilizacije napravljene na tipsama. Savr\u0161en je za fotografiranje, a sam stalak \u0107e pobolj\u0161ati prezentaciju va\u0161ih rad. Prika\u017eite va\u0161e radove nail arta izra\u0111ene trajnim lakom, spider gelom, paint gelom ili ukrasima za nokte. Magnetni stalak za nail art (tipse) mo\u017ee se koristiti i za vje\u017ebe [&hellip;]<\/p>\n","protected":false},"featured_media":8964,"comment_status":"open","ping_status":"closed","template":"","meta":{"_uag_custom_page_level_css":"","site-sidebar-layout":"default","site-content-layout":"default","ast-site-content-layout":"default","site-content-style":"default","site-sidebar-style":"default","ast-global-header-display":"","ast-banner-title-visibility":"","ast-main-header-display":"","ast-hfb-above-header-display":"","ast-hfb-below-header-display":"","ast-hfb-mobile-header-display":"","site-post-title":"","ast-breadcrumbs-content":"","ast-featured-img":"","footer-sml-layout":"","ast-disable-related-posts":"","theme-transparent-header-meta":"default","adv-header-id-meta":"","stick-header-meta":"default","header-above-stick-meta":"","header-main-stick-meta":"","header-below-stick-meta":"","astra-migrate-meta-layouts":"default","ast-page-background-enabled":"default","ast-page-background-meta":{"desktop":{"background-color":"var(--ast-global-color-4)","background-image":"","background-repeat":"repeat","background-position":"center center","background-size":"auto","background-attachment":"scroll","background-type":"","background-media":"","overlay-type":"","overlay-color":"","overlay-opacity":"","overlay-gradient":""},"tablet":{"background-color":"","background-image":"","background-repeat":"repeat","background-position":"center center","background-size":"auto","background-attachment":"scroll","background-type":"","background-media":"","overlay-type":"","overlay-color":"","overlay-opacity":"","overlay-gradient":""},"mobile":{"background-color":"","background-image":"","background-repeat":"repeat","background-position":"center center","background-size":"auto","background-attachment":"scroll","background-type":"","background-media":"","overlay-type":"","overlay-color":"","overlay-opacity":"","overlay-gradient":""}},"ast-content-background-meta":{"desktop":{"background-color":"var(--ast-global-color-5)","background-image":"","background-repeat":"repeat","background-position":"center center","background-size":"auto","background-attachment":"scroll","background-type":"","background-media":"","overlay-type":"","overlay-color":"","overlay-opacity":"","overlay-gradient":""},"tablet":{"background-color":"var(--ast-global-color-5)","background-image":"","background-repeat":"repeat","background-position":"center center","background-size":"auto","background-attachment":"scroll","background-type":"","background-media":"","overlay-type":"","overlay-color":"","overlay-opacity":"","overlay-gradient":""},"mobile":{"background-color":"var(--ast-global-color-5)","background-image":"","background-repeat":"repeat","background-position":"center center","background-size":"auto","background-attachment":"scroll","background-type":"","background-media":"","overlay-type":"","overlay-color":"","overlay-opacity":"","overlay-gradient":""}}},"product_brand":[],"product_cat":[24,110],"product_tag":[304,195],"class_list":{"0":"post-8962","1":"product","2":"type-product","3":"status-publish","4":"has-post-thumbnail","6":"product_cat-dodaci","7":"product_cat-nail-art","8":"product_tag-drzaac-tipsi","9":"product_tag-nail-art","10":"desktop-align-left","11":"tablet-align-left","12":"mobile-align-left","13":"ast-product-gallery-layout-horizontal-slider","14":"ast-product-tabs-layout-horizontal","16":"first","17":"outofstock","18":"taxable","19":"shipping-taxable","20":"purchasable","21":"product-type-simple"},"yoast_head":"<!-- This site is optimized with the Yoast SEO plugin v27.4 - https:\/\/yoast.com\/product\/yoast-seo-wordpress\/ -->\n<title>Magnetni stalak za nail art (tipse)- Diamond 2 &#8902; Mea Via Beauty<\/title>\n<meta name=\"description\" content=\"Magnetni stalak za nail art (tipse)- Diamond 2 &#8902; dr\u017ea\u010d tipsi za nail art &#8902; 5 dr\u017ea\u010da tipsi &#8902; kristalno postolje\" \/>\n<meta name=\"robots\" content=\"index, follow, max-snippet:-1, max-image-preview:large, max-video-preview:-1\" \/>\n<link rel=\"canonical\" href=\"https:\/\/www.meavia-mh.hr\/sl\/product\/magnetni-stalak-za-nail-art-tipse-diamond-2\/\" \/>\n<meta property=\"og:locale\" content=\"sl_SI\" \/>\n<meta property=\"og:type\" content=\"article\" \/>\n<meta property=\"og:title\" content=\"Magnetni stalak za nail art (tipse)- Diamond 2 &#8902; Mea Via Beauty\" \/>\n<meta property=\"og:description\" content=\"Magnetni stalak za nail art (tipse)- Diamond 2 &#8902; dr\u017ea\u010d tipsi za nail art &#8902; 5 dr\u017ea\u010da tipsi &#8902; kristalno postolje\" \/>\n<meta property=\"og:url\" content=\"https:\/\/www.meavia-mh.hr\/sl\/product\/magnetni-stalak-za-nail-art-tipse-diamond-2\/\" \/>\n<meta property=\"og:site_name\" content=\"Mea Via Beauty\" \/>\n<meta property=\"article:publisher\" content=\"https:\/\/www.facebook.com\/MeaViaNailsWorld\" \/>\n<meta property=\"article:modified_time\" content=\"2026-01-24T07:16:06+00:00\" \/>\n<meta property=\"og:image\" content=\"https:\/\/www.meavia-mh.hr\/wp-content\/uploads\/2021\/09\/Slika-zaslona-2021-09-11-u-09.34.30.jpg\" \/>\n\t<meta property=\"og:image:width\" content=\"1598\" \/>\n\t<meta property=\"og:image:height\" content=\"1564\" \/>\n\t<meta property=\"og:image:type\" content=\"image\/jpeg\" \/>\n<meta name=\"twitter:card\" content=\"summary_large_image\" \/>\n<meta name=\"twitter:label1\" content=\"Est. reading time\" \/>\n\t<meta name=\"twitter:data1\" content=\"1 minuta\" \/>\n<script type=\"application\/ld+json\" class=\"yoast-schema-graph\">{\"@context\":\"https:\\\/\\\/schema.org\",\"@graph\":[{\"@type\":\"WebPage\",\"@id\":\"https:\\\/\\\/www.meavia-mh.hr\\\/product\\\/magnetni-stalak-za-nail-art-tipse-diamond-2\\\/\",\"url\":\"https:\\\/\\\/www.meavia-mh.hr\\\/product\\\/magnetni-stalak-za-nail-art-tipse-diamond-2\\\/\",\"name\":\"Magnetni stalak za nail art (tipse)- Diamond 2 &#8902; Mea Via Beauty\",\"isPartOf\":{\"@id\":\"https:\\\/\\\/meavia-mh.hr\\\/sl\\\/#website\"},\"primaryImageOfPage\":{\"@id\":\"https:\\\/\\\/www.meavia-mh.hr\\\/product\\\/magnetni-stalak-za-nail-art-tipse-diamond-2\\\/#primaryimage\"},\"image\":{\"@id\":\"https:\\\/\\\/www.meavia-mh.hr\\\/product\\\/magnetni-stalak-za-nail-art-tipse-diamond-2\\\/#primaryimage\"},\"thumbnailUrl\":\"https:\\\/\\\/www.meavia-mh.hr\\\/wp-content\\\/uploads\\\/2021\\\/09\\\/Slika-zaslona-2021-09-11-u-09.34.30.jpg\",\"datePublished\":\"2021-09-11T07:35:27+00:00\",\"dateModified\":\"2026-01-24T07:16:06+00:00\",\"description\":\"Magnetni stalak za nail art (tipse)- Diamond 2 &#8902; dr\u017ea\u010d tipsi za nail art &#8902; 5 dr\u017ea\u010da tipsi &#8902; kristalno postolje\",\"breadcrumb\":{\"@id\":\"https:\\\/\\\/www.meavia-mh.hr\\\/product\\\/magnetni-stalak-za-nail-art-tipse-diamond-2\\\/#breadcrumb\"},\"inLanguage\":\"sl-SI\",\"potentialAction\":[{\"@type\":\"ReadAction\",\"target\":[\"https:\\\/\\\/www.meavia-mh.hr\\\/product\\\/magnetni-stalak-za-nail-art-tipse-diamond-2\\\/\"]}]},{\"@type\":\"ImageObject\",\"inLanguage\":\"sl-SI\",\"@id\":\"https:\\\/\\\/www.meavia-mh.hr\\\/product\\\/magnetni-stalak-za-nail-art-tipse-diamond-2\\\/#primaryimage\",\"url\":\"https:\\\/\\\/www.meavia-mh.hr\\\/wp-content\\\/uploads\\\/2021\\\/09\\\/Slika-zaslona-2021-09-11-u-09.34.30.jpg\",\"contentUrl\":\"https:\\\/\\\/www.meavia-mh.hr\\\/wp-content\\\/uploads\\\/2021\\\/09\\\/Slika-zaslona-2021-09-11-u-09.34.30.jpg\",\"width\":1598,\"height\":1564,\"caption\":\"Magnetni stalak za nail art (tipse)- Diamond 2\"},{\"@type\":\"BreadcrumbList\",\"@id\":\"https:\\\/\\\/www.meavia-mh.hr\\\/product\\\/magnetni-stalak-za-nail-art-tipse-diamond-2\\\/#breadcrumb\",\"itemListElement\":[{\"@type\":\"ListItem\",\"position\":1,\"name\":\"Po\u010detna stranica\",\"item\":\"https:\\\/\\\/www.meavia-mh.hr\\\/\"},{\"@type\":\"ListItem\",\"position\":2,\"name\":\"Trgovina\",\"item\":\"https:\\\/\\\/meavia-mh.hr\\\/sl\\\/store\\\/\"},{\"@type\":\"ListItem\",\"position\":3,\"name\":\"Magnetni stalak za nail art (tipse)- Diamond 2\"}]},{\"@type\":\"WebSite\",\"@id\":\"https:\\\/\\\/meavia-mh.hr\\\/sl\\\/#website\",\"url\":\"https:\\\/\\\/meavia-mh.hr\\\/sl\\\/\",\"name\":\"Mea Via Beauty\",\"description\":\"Only The Best For Your Beauty\",\"publisher\":{\"@id\":\"https:\\\/\\\/meavia-mh.hr\\\/sl\\\/#organization\"},\"alternateName\":\"Mea Via Nails\",\"potentialAction\":[{\"@type\":\"SearchAction\",\"target\":{\"@type\":\"EntryPoint\",\"urlTemplate\":\"https:\\\/\\\/meavia-mh.hr\\\/sl\\\/?s={search_term_string}\"},\"query-input\":{\"@type\":\"PropertyValueSpecification\",\"valueRequired\":true,\"valueName\":\"search_term_string\"}}],\"inLanguage\":\"sl-SI\"},{\"@type\":\"Organization\",\"@id\":\"https:\\\/\\\/meavia-mh.hr\\\/sl\\\/#organization\",\"name\":\"Mea Via Nails World\",\"alternateName\":\"Mea Via\",\"url\":\"https:\\\/\\\/meavia-mh.hr\\\/sl\\\/\",\"logo\":{\"@type\":\"ImageObject\",\"inLanguage\":\"sl-SI\",\"@id\":\"https:\\\/\\\/meavia-mh.hr\\\/sl\\\/#\\\/schema\\\/logo\\\/image\\\/\",\"url\":\"https:\\\/\\\/www.meavia-mh.hr\\\/wp-content\\\/uploads\\\/2020\\\/12\\\/Mea-Via.png\",\"contentUrl\":\"https:\\\/\\\/www.meavia-mh.hr\\\/wp-content\\\/uploads\\\/2020\\\/12\\\/Mea-Via.png\",\"width\":1181,\"height\":393,\"caption\":\"Mea Via Nails World\"},\"image\":{\"@id\":\"https:\\\/\\\/meavia-mh.hr\\\/sl\\\/#\\\/schema\\\/logo\\\/image\\\/\"},\"sameAs\":[\"https:\\\/\\\/www.facebook.com\\\/MeaViaNailsWorld\",\"https:\\\/\\\/www.instagram.com\\\/mea_via_nails_world\\\/\",\"https:\\\/\\\/www.youtube.com\\\/channel\\\/UCECk0hpRWP6TN-EfA4ER96g\\\/featured\"]}]}<\/script>\n<!-- \/ Yoast SEO plugin. -->","yoast_head_json":{"title":"Magnetno stojalo za poslikavo nohtov (konice) - Diamond 2 \u22c6 Mea Via Beauty","description":"Magnetno stojalo za nohte (konice) - Diamond 2 \u22c6 dr\u017ealo za konice za nohte \u22c6 5 dr\u017eal za konice \u22c6 kristalno stojalo","robots":{"index":"index","follow":"follow","max-snippet":"max-snippet:-1","max-image-preview":"max-image-preview:large","max-video-preview":"max-video-preview:-1"},"canonical":"https:\/\/www.meavia-mh.hr\/sl\/product\/magnetni-stalak-za-nail-art-tipse-diamond-2\/","og_locale":"sl_SI","og_type":"article","og_title":"Magnetni stalak za nail art (tipse)- Diamond 2 &#8902; Mea Via Beauty","og_description":"Magnetni stalak za nail art (tipse)- Diamond 2 &#8902; dr\u017ea\u010d tipsi za nail art &#8902; 5 dr\u017ea\u010da tipsi &#8902; kristalno postolje","og_url":"https:\/\/www.meavia-mh.hr\/sl\/product\/magnetni-stalak-za-nail-art-tipse-diamond-2\/","og_site_name":"Mea Via Beauty","article_publisher":"https:\/\/www.facebook.com\/MeaViaNailsWorld","article_modified_time":"2026-01-24T07:16:06+00:00","og_image":[{"width":1598,"height":1564,"url":"https:\/\/www.meavia-mh.hr\/wp-content\/uploads\/2021\/09\/Slika-zaslona-2021-09-11-u-09.34.30.jpg","type":"image\/jpeg"}],"twitter_card":"summary_large_image","twitter_misc":{"Est. reading time":"1 minuta"},"schema":{"@context":"https:\/\/schema.org","@graph":[{"@type":"WebPage","@id":"https:\/\/www.meavia-mh.hr\/product\/magnetni-stalak-za-nail-art-tipse-diamond-2\/","url":"https:\/\/www.meavia-mh.hr\/product\/magnetni-stalak-za-nail-art-tipse-diamond-2\/","name":"Magnetno stojalo za poslikavo nohtov (konice) - Diamond 2 \u22c6 Mea Via Beauty","isPartOf":{"@id":"https:\/\/meavia-mh.hr\/sl\/#website"},"primaryImageOfPage":{"@id":"https:\/\/www.meavia-mh.hr\/product\/magnetni-stalak-za-nail-art-tipse-diamond-2\/#primaryimage"},"image":{"@id":"https:\/\/www.meavia-mh.hr\/product\/magnetni-stalak-za-nail-art-tipse-diamond-2\/#primaryimage"},"thumbnailUrl":"https:\/\/www.meavia-mh.hr\/wp-content\/uploads\/2021\/09\/Slika-zaslona-2021-09-11-u-09.34.30.jpg","datePublished":"2021-09-11T07:35:27+00:00","dateModified":"2026-01-24T07:16:06+00:00","description":"Magnetno stojalo za nohte (konice) - Diamond 2 \u22c6 dr\u017ealo za konice za nohte \u22c6 5 dr\u017eal za konice \u22c6 kristalno stojalo","breadcrumb":{"@id":"https:\/\/www.meavia-mh.hr\/product\/magnetni-stalak-za-nail-art-tipse-diamond-2\/#breadcrumb"},"inLanguage":"sl-SI","potentialAction":[{"@type":"ReadAction","target":["https:\/\/www.meavia-mh.hr\/product\/magnetni-stalak-za-nail-art-tipse-diamond-2\/"]}]},{"@type":"ImageObject","inLanguage":"sl-SI","@id":"https:\/\/www.meavia-mh.hr\/product\/magnetni-stalak-za-nail-art-tipse-diamond-2\/#primaryimage","url":"https:\/\/www.meavia-mh.hr\/wp-content\/uploads\/2021\/09\/Slika-zaslona-2021-09-11-u-09.34.30.jpg","contentUrl":"https:\/\/www.meavia-mh.hr\/wp-content\/uploads\/2021\/09\/Slika-zaslona-2021-09-11-u-09.34.30.jpg","width":1598,"height":1564,"caption":"Magnetni stalak za nail art (tipse)- Diamond 2"},{"@type":"BreadcrumbList","@id":"https:\/\/www.meavia-mh.hr\/product\/magnetni-stalak-za-nail-art-tipse-diamond-2\/#breadcrumb","itemListElement":[{"@type":"ListItem","position":1,"name":"Po\u010detna stranica","item":"https:\/\/www.meavia-mh.hr\/"},{"@type":"ListItem","position":2,"name":"Trgovina","item":"https:\/\/meavia-mh.hr\/sl\/store\/"},{"@type":"ListItem","position":3,"name":"Magnetni stalak za nail art (tipse)- Diamond 2"}]},{"@type":"WebSite","@id":"https:\/\/meavia-mh.hr\/sl\/#website","url":"https:\/\/meavia-mh.hr\/sl\/","name":"MEA VIA BEAUTY","description":"Only The Best For Your Beauty","publisher":{"@id":"https:\/\/meavia-mh.hr\/sl\/#organization"},"alternateName":"Mea Via Nails","potentialAction":[{"@type":"SearchAction","target":{"@type":"EntryPoint","urlTemplate":"https:\/\/meavia-mh.hr\/sl\/?s={search_term_string}"},"query-input":{"@type":"PropertyValueSpecification","valueRequired":true,"valueName":"search_term_string"}}],"inLanguage":"sl-SI"},{"@type":"Organization","@id":"https:\/\/meavia-mh.hr\/sl\/#organization","name":"Mea Via Nails World","alternateName":"Mea Via","url":"https:\/\/meavia-mh.hr\/sl\/","logo":{"@type":"ImageObject","inLanguage":"sl-SI","@id":"https:\/\/meavia-mh.hr\/sl\/#\/schema\/logo\/image\/","url":"https:\/\/www.meavia-mh.hr\/wp-content\/uploads\/2020\/12\/Mea-Via.png","contentUrl":"https:\/\/www.meavia-mh.hr\/wp-content\/uploads\/2020\/12\/Mea-Via.png","width":1181,"height":393,"caption":"Mea Via Nails World"},"image":{"@id":"https:\/\/meavia-mh.hr\/sl\/#\/schema\/logo\/image\/"},"sameAs":["https:\/\/www.facebook.com\/MeaViaNailsWorld","https:\/\/www.instagram.com\/mea_via_nails_world\/","https:\/\/www.youtube.com\/channel\/UCECk0hpRWP6TN-EfA4ER96g\/featured"]}]}},"spectra_custom_meta":{"_sku":["5906611369299"],"_regular_price":["7.29"],"total_sales":["5"],"_tax_status":["taxable"],"_tax_class":[""],"_manage_stock":["yes"],"_backorders":["no"],"_sold_individually":["no"],"_virtual":["no"],"_downloadable":["no"],"_product_image_gallery":["8969,8949,8968,8967,8966,8965"],"_download_limit":["-1"],"_download_expiry":["-1"],"_thumbnail_id":["8964"],"_stock":["0"],"_stock_status":["outofstock"],"_wc_average_rating":["0"],"_wc_review_count":["0"],"_product_version":["10.4.3"],"_price":["7.29"],"_wp_page_template":["default"],"_yoast_wpseo_focuskw":["Magnetni stalak za nail art"],"_yoast_wpseo_metadesc":["%%title%% %%sep%% dr\u017ea\u010d tipsi za nail art %%sep%% %%sep%% 5 dr\u017ea\u010da tipsi %%sep%% kristalno postolje"],"_yoast_wpseo_linkdex":["63"],"_yoast_wpseo_content_score":["90"],"_yoast_wpseo_primary_product_cat":["24"],"site-sidebar-layout":["default"],"site-content-layout":["default"],"theme-transparent-header-meta":["default"],"stick-header-meta":["default"],"_yoast_wpseo_estimated-reading-time-minutes":["1"],"_woocs_price_geo_countries":[""],"_woocs_regular_price_geo":[""],"_woocs_sale_price_geo":[""],"cartflows_redirect_flow_id":[""],"cartflows_add_to_cart_text":[""],"_edit_lock":["1631346261:1"],"_edit_last":["1"],"_woocs_regular_price_EUR":["7.29"],"_woocs_sale_price_EUR":["-1"],"_lowest_price_30_days":["7.29"],"uag_migration_processed":["1"],"_uag_page_assets":["a:9:{s:3:\"css\";s:0:\"\";s:2:\"js\";s:0:\"\";s:18:\"current_block_list\";a:3:{i:0;s:11:\"core\/search\";i:1;s:18:\"core\/legacy-widget\";i:2;s:27:\"woocommerce\/product-filters\";}s:8:\"uag_flag\";b:0;s:11:\"uag_version\";s:10:\"1776341704\";s:6:\"gfonts\";a:0:{}s:10:\"gfonts_url\";s:0:\"\";s:12:\"gfonts_files\";a:0:{}s:14:\"uag_faq_layout\";b:0;}"],"_elementor_page_assets":["a:0:{}"]},"uagb_featured_image_src":{"full":["https:\/\/www.meavia-mh.hr\/wp-content\/uploads\/2021\/09\/Slika-zaslona-2021-09-11-u-09.34.30.jpg",1598,1564,false],"thumbnail":["https:\/\/www.meavia-mh.hr\/wp-content\/uploads\/2021\/09\/Slika-zaslona-2021-09-11-u-09.34.30-150x150.jpg",150,150,true],"medium":["https:\/\/www.meavia-mh.hr\/wp-content\/uploads\/2021\/09\/Slika-zaslona-2021-09-11-u-09.34.30-300x294.jpg",300,294,true],"medium_large":["https:\/\/www.meavia-mh.hr\/wp-content\/uploads\/2021\/09\/Slika-zaslona-2021-09-11-u-09.34.30-768x752.jpg",768,752,true],"large":["https:\/\/www.meavia-mh.hr\/wp-content\/uploads\/2021\/09\/Slika-zaslona-2021-09-11-u-09.34.30-1024x1002.jpg",1024,1002,true],"1536x1536":["https:\/\/www.meavia-mh.hr\/wp-content\/uploads\/2021\/09\/Slika-zaslona-2021-09-11-u-09.34.30-1536x1503.jpg",1536,1503,true],"2048x2048":["https:\/\/www.meavia-mh.hr\/wp-content\/uploads\/2021\/09\/Slika-zaslona-2021-09-11-u-09.34.30.jpg",1598,1564,false],"trp-custom-language-flag":["https:\/\/www.meavia-mh.hr\/wp-content\/uploads\/2021\/09\/Slika-zaslona-2021-09-11-u-09.34.30-12x12.jpg",12,12,true],"woocommerce_thumbnail":["https:\/\/www.meavia-mh.hr\/wp-content\/uploads\/2021\/09\/Slika-zaslona-2021-09-11-u-09.34.30-300x300.jpg",300,300,true],"woocommerce_single":["https:\/\/www.meavia-mh.hr\/wp-content\/uploads\/2021\/09\/Slika-zaslona-2021-09-11-u-09.34.30-600x587.jpg",600,587,true],"woocommerce_gallery_thumbnail":["https:\/\/www.meavia-mh.hr\/wp-content\/uploads\/2021\/09\/Slika-zaslona-2021-09-11-u-09.34.30-100x100.jpg",100,100,true]},"uagb_author_info":{"display_name":"Mea Via","author_link":"https:\/\/www.meavia-mh.hr\/sl\/author\/"},"uagb_comment_info":0,"uagb_excerpt":"Magnetni stalak za nail art (tipse) zahvaljuju\u0107i kojem mo\u017eete atraktivno prikazati stilizacije napravljene na tipsama. Savr\u0161en je za fotografiranje, a sam stalak \u0107e pobolj\u0161ati prezentaciju va\u0161ih rad. Prika\u017eite va\u0161e radove nail arta izra\u0111ene trajnim lakom, spider gelom, paint gelom ili ukrasima za nokte. Magnetni stalak za nail art (tipse) mo\u017ee se koristiti i za vje\u017ebe&hellip;","_links":{"self":[{"href":"https:\/\/www.meavia-mh.hr\/sl\/wp-json\/wp\/v2\/product\/8962","targetHints":{"allow":["GET"]}}],"collection":[{"href":"https:\/\/www.meavia-mh.hr\/sl\/wp-json\/wp\/v2\/product"}],"about":[{"href":"https:\/\/www.meavia-mh.hr\/sl\/wp-json\/wp\/v2\/types\/product"}],"replies":[{"embeddable":true,"href":"https:\/\/www.meavia-mh.hr\/sl\/wp-json\/wp\/v2\/comments?post=8962"}],"version-history":[{"count":1,"href":"https:\/\/www.meavia-mh.hr\/sl\/wp-json\/wp\/v2\/product\/8962\/revisions"}],"predecessor-version":[{"id":31146,"href":"https:\/\/www.meavia-mh.hr\/sl\/wp-json\/wp\/v2\/product\/8962\/revisions\/31146"}],"wp:featuredmedia":[{"embeddable":true,"href":"https:\/\/www.meavia-mh.hr\/sl\/wp-json\/wp\/v2\/media\/8964"}],"wp:attachment":[{"href":"https:\/\/www.meavia-mh.hr\/sl\/wp-json\/wp\/v2\/media?parent=8962"}],"wp:term":[{"taxonomy":"product_brand","embeddable":true,"href":"https:\/\/www.meavia-mh.hr\/sl\/wp-json\/wp\/v2\/product_brand?post=8962"},{"taxonomy":"product_cat","embeddable":true,"href":"https:\/\/www.meavia-mh.hr\/sl\/wp-json\/wp\/v2\/product_cat?post=8962"},{"taxonomy":"product_tag","embeddable":true,"href":"https:\/\/www.meavia-mh.hr\/sl\/wp-json\/wp\/v2\/product_tag?post=8962"}],"curies":[{"name":"delovni list","href":"https:\/\/api.w.org\/{rel}","templated":true}]}}