{"id":8912,"date":"2021-09-10T19:17:09","date_gmt":"2021-09-10T19:17:09","guid":{"rendered":"https:\/\/www.meavia-mh.hr\/?post_type=product&#038;p=8912"},"modified":"2026-01-24T09:14:41","modified_gmt":"2026-01-24T08:14:41","slug":"kvacice-za-uklanjanje-trajnog-laka","status":"publish","type":"product","link":"https:\/\/www.meavia-mh.hr\/sl\/product\/kvacice-za-uklanjanje-trajnog-laka\/","title":{"rendered":"\u0160\u010dipalka za odstranjevanje soak off gel laka (pink) - 10 kos"},"content":{"rendered":"<div class=\"product-description rte\">\n<div class=\"vc_row wpb_row vc_row-fluid\">\n<div class=\"wpb_column vc_column_container vc_col-sm-12\">\n<div class=\"vc_column-inner\">\n<div class=\"wpb_wrapper\">\n<div class=\"vc_row wpb_row vc_inner vc_row-fluid\">\n<div class=\"wpb_column vc_column_container vc_col-sm-6\">\n<div class=\"vc_column-inner\">\n<div class=\"wpb_wrapper\">\n<div class=\"ult-spacer spacer-60075a7ea814f\" data-id=\"60075a7ea814f\" data-height=\"120\" data-height-mobile=\"0\" data-height-tab=\"\" data-height-tab-portrait=\"\" data-height-mobile-landscape=\"0\">Trajni odstranjevalci laka so na voljo v kompletu 10 kosov.<\/div>\n<div class=\"wpb_text_column wpb_content_element\">\n<div class=\"wpb_wrapper\">\n<div class=\"item item-6\">\n<p class=\"text-item\">Udobni in prakti\u010dni gumbi so zasnovani za stranke profesionalnih kozmeti\u010dnih salonov in za doma\u010do uporabo. Uporabljajo se za odstranjevanje <a href=\"https:\/\/www.meavia-mh.hr\/sl\/product\/palu-gel-polish-trajni-lak-toronto-t7-11-ml\/\">trajni lak<\/a>, akril, ble\u0161\u010dice.<\/p>\n<p>Kavlji ne odpadejo, ne zategnejo prstov, pove\u010dajo hitrost in udobje dela.<\/p>\n<p>Sponke so za ve\u010dkratno uporabo. Odporni so na aceton. Omogo\u010dajo, da se blazinice, namo\u010dene v odstranjevalcu, enakomerno pritisnejo na nohtno plo\u0161\u010do.<\/p>\n<p>Sponke za trajno odstranjevanje laka so izdelane iz visokokakovostne trpe\u017ene plastike, so univerzalne in ergonomsko oblikovane.<\/p>\n<p>Vato samo pritrdite s sponko, jo pritrdite na konico prsta, po\u010dakajte nekaj minut in je pripravljena.<\/p>\n<p>Mere sponke - dol\u017eina: 5 cm, \u0161irina: 2 cm<\/p>\n<h6>Pakiranje: 10 kosov<\/h6>\n<h6>Barva: roza<\/h6>\n<\/div>\n<\/div>\n<\/div>\n<\/div>\n<\/div>\n<\/div>\n<\/div>\n<\/div>\n<\/div>\n<\/div>\n<\/div>\n<\/div>","protected":false},"excerpt":{"rendered":"<p>&nbsp;<\/p>\n<p>&nbsp;<\/p>\n<p>&nbsp;<\/p>\n<p>&nbsp;<\/p>","protected":false},"featured_media":8920,"comment_status":"closed","ping_status":"closed","template":"","meta":{"_uag_custom_page_level_css":"","site-sidebar-layout":"default","site-content-layout":null,"ast-site-content-layout":"default","site-content-style":"default","site-sidebar-style":"default","ast-global-header-display":"","ast-banner-title-visibility":"","ast-main-header-display":"","ast-hfb-above-header-display":"","ast-hfb-below-header-display":"","ast-hfb-mobile-header-display":"","site-post-title":"","ast-breadcrumbs-content":null,"ast-featured-img":"","footer-sml-layout":"","ast-disable-related-posts":"","theme-transparent-header-meta":"default","adv-header-id-meta":"","stick-header-meta":"default","header-above-stick-meta":"","header-main-stick-meta":"","header-below-stick-meta":null,"astra-migrate-meta-layouts":"default","ast-page-background-enabled":"default","ast-page-background-meta":{"desktop":{"background-color":"var(--ast-global-color-4)","background-image":"","background-repeat":"repeat","background-position":"center center","background-size":"auto","background-attachment":"scroll","background-type":"","background-media":"","overlay-type":"","overlay-color":"","overlay-opacity":"","overlay-gradient":""},"tablet":{"background-color":"","background-image":"","background-repeat":"repeat","background-position":"center center","background-size":"auto","background-attachment":"scroll","background-type":"","background-media":"","overlay-type":"","overlay-color":"","overlay-opacity":"","overlay-gradient":""},"mobile":{"background-color":"","background-image":"","background-repeat":"repeat","background-position":"center center","background-size":"auto","background-attachment":"scroll","background-type":"","background-media":"","overlay-type":"","overlay-color":"","overlay-opacity":"","overlay-gradient":""}},"ast-content-background-meta":{"desktop":{"background-color":"var(--ast-global-color-5)","background-image":"","background-repeat":"repeat","background-position":"center center","background-size":"auto","background-attachment":"scroll","background-type":"","background-media":"","overlay-type":"","overlay-color":"","overlay-opacity":"","overlay-gradient":""},"tablet":{"background-color":"var(--ast-global-color-5)","background-image":"","background-repeat":"repeat","background-position":"center center","background-size":"auto","background-attachment":"scroll","background-type":"","background-media":"","overlay-type":"","overlay-color":"","overlay-opacity":"","overlay-gradient":""},"mobile":{"background-color":"var(--ast-global-color-5)","background-image":"","background-repeat":"repeat","background-position":"center center","background-size":"auto","background-attachment":"scroll","background-type":"","background-media":"","overlay-type":"","overlay-color":"","overlay-opacity":"","overlay-gradient":""}}},"product_brand":[],"product_cat":[24],"product_tag":[],"class_list":{"0":"post-8912","1":"product","2":"type-product","3":"status-publish","4":"has-post-thumbnail","6":"product_cat-dodaci","7":"desktop-align-left","8":"tablet-align-left","9":"mobile-align-left","10":"ast-product-gallery-layout-horizontal-slider","11":"ast-product-tabs-layout-horizontal","13":"first","14":"instock","15":"taxable","16":"shipping-taxable","17":"purchasable","18":"product-type-simple"},"yoast_head":"<!-- This site is optimized with the Yoast SEO plugin v27.4 - https:\/\/yoast.com\/product\/yoast-seo-wordpress\/ -->\n<title>Kva\u010dice za uklanjanje trajnog laka (pink) - 10 kom &#8902; Mea Via Beauty<\/title>\n<meta name=\"description\" content=\"Kva\u010dice za uklanjanje trajnog laka (pink) - 10 kom &#8902; za vi\u0161ekratnu upotrebu&#8902; 10 komada u setu &#8902; brzo i jednostavno uklanjanje trajnog laka\" \/>\n<meta name=\"robots\" content=\"index, follow, max-snippet:-1, max-image-preview:large, max-video-preview:-1\" \/>\n<link rel=\"canonical\" href=\"https:\/\/www.meavia-mh.hr\/sl\/product\/kvacice-za-uklanjanje-trajnog-laka\/\" \/>\n<meta property=\"og:locale\" content=\"sl_SI\" \/>\n<meta property=\"og:type\" content=\"article\" \/>\n<meta property=\"og:title\" content=\"Kva\u010dice za uklanjanje trajnog laka (pink) - 10 kom &#8902; Mea Via Beauty\" \/>\n<meta property=\"og:description\" content=\"Kva\u010dice za uklanjanje trajnog laka (pink) - 10 kom &#8902; za vi\u0161ekratnu upotrebu&#8902; 10 komada u setu &#8902; brzo i jednostavno uklanjanje trajnog laka\" \/>\n<meta property=\"og:url\" content=\"https:\/\/www.meavia-mh.hr\/sl\/product\/kvacice-za-uklanjanje-trajnog-laka\/\" \/>\n<meta property=\"og:site_name\" content=\"Mea Via Beauty\" \/>\n<meta property=\"article:publisher\" content=\"https:\/\/www.facebook.com\/MeaViaNailsWorld\" \/>\n<meta property=\"article:modified_time\" content=\"2026-01-24T08:14:41+00:00\" \/>\n<meta property=\"og:image\" content=\"https:\/\/www.meavia-mh.hr\/wp-content\/uploads\/2021\/09\/Slika-zaslona-2021-09-10-u-20.26.15.jpg\" \/>\n\t<meta property=\"og:image:width\" content=\"826\" \/>\n\t<meta property=\"og:image:height\" content=\"824\" \/>\n\t<meta property=\"og:image:type\" content=\"image\/jpeg\" \/>\n<meta name=\"twitter:card\" content=\"summary_large_image\" \/>\n<meta name=\"twitter:label1\" content=\"Est. reading time\" \/>\n\t<meta name=\"twitter:data1\" content=\"1 minuta\" \/>\n<script type=\"application\/ld+json\" class=\"yoast-schema-graph\">{\"@context\":\"https:\\\/\\\/schema.org\",\"@graph\":[{\"@type\":\"WebPage\",\"@id\":\"https:\\\/\\\/www.meavia-mh.hr\\\/product\\\/kvacice-za-uklanjanje-trajnog-laka\\\/\",\"url\":\"https:\\\/\\\/www.meavia-mh.hr\\\/product\\\/kvacice-za-uklanjanje-trajnog-laka\\\/\",\"name\":\"Kva\u010dice za uklanjanje trajnog laka (pink) - 10 kom &#8902; Mea Via Beauty\",\"isPartOf\":{\"@id\":\"https:\\\/\\\/meavia-mh.hr\\\/sl\\\/#website\"},\"primaryImageOfPage\":{\"@id\":\"https:\\\/\\\/www.meavia-mh.hr\\\/product\\\/kvacice-za-uklanjanje-trajnog-laka\\\/#primaryimage\"},\"image\":{\"@id\":\"https:\\\/\\\/www.meavia-mh.hr\\\/product\\\/kvacice-za-uklanjanje-trajnog-laka\\\/#primaryimage\"},\"thumbnailUrl\":\"https:\\\/\\\/www.meavia-mh.hr\\\/wp-content\\\/uploads\\\/2021\\\/09\\\/Slika-zaslona-2021-09-10-u-20.26.15.jpg\",\"datePublished\":\"2021-09-10T19:17:09+00:00\",\"dateModified\":\"2026-01-24T08:14:41+00:00\",\"description\":\"Kva\u010dice za uklanjanje trajnog laka (pink) - 10 kom &#8902; za vi\u0161ekratnu upotrebu&#8902; 10 komada u setu &#8902; brzo i jednostavno uklanjanje trajnog laka\",\"breadcrumb\":{\"@id\":\"https:\\\/\\\/www.meavia-mh.hr\\\/product\\\/kvacice-za-uklanjanje-trajnog-laka\\\/#breadcrumb\"},\"inLanguage\":\"sl-SI\",\"potentialAction\":[{\"@type\":\"ReadAction\",\"target\":[\"https:\\\/\\\/www.meavia-mh.hr\\\/product\\\/kvacice-za-uklanjanje-trajnog-laka\\\/\"]}]},{\"@type\":\"ImageObject\",\"inLanguage\":\"sl-SI\",\"@id\":\"https:\\\/\\\/www.meavia-mh.hr\\\/product\\\/kvacice-za-uklanjanje-trajnog-laka\\\/#primaryimage\",\"url\":\"https:\\\/\\\/www.meavia-mh.hr\\\/wp-content\\\/uploads\\\/2021\\\/09\\\/Slika-zaslona-2021-09-10-u-20.26.15.jpg\",\"contentUrl\":\"https:\\\/\\\/www.meavia-mh.hr\\\/wp-content\\\/uploads\\\/2021\\\/09\\\/Slika-zaslona-2021-09-10-u-20.26.15.jpg\",\"width\":826,\"height\":824,\"caption\":\"Kva\u010dice za uklanjanje trajnog laka\"},{\"@type\":\"BreadcrumbList\",\"@id\":\"https:\\\/\\\/www.meavia-mh.hr\\\/product\\\/kvacice-za-uklanjanje-trajnog-laka\\\/#breadcrumb\",\"itemListElement\":[{\"@type\":\"ListItem\",\"position\":1,\"name\":\"Po\u010detna stranica\",\"item\":\"https:\\\/\\\/www.meavia-mh.hr\\\/\"},{\"@type\":\"ListItem\",\"position\":2,\"name\":\"Trgovina\",\"item\":\"https:\\\/\\\/meavia-mh.hr\\\/sl\\\/store\\\/\"},{\"@type\":\"ListItem\",\"position\":3,\"name\":\"Kva\u010dice za uklanjanje trajnog laka (pink) &#8211; 10 kom\"}]},{\"@type\":\"WebSite\",\"@id\":\"https:\\\/\\\/meavia-mh.hr\\\/sl\\\/#website\",\"url\":\"https:\\\/\\\/meavia-mh.hr\\\/sl\\\/\",\"name\":\"Mea Via Beauty\",\"description\":\"Only The Best For Your Beauty\",\"publisher\":{\"@id\":\"https:\\\/\\\/meavia-mh.hr\\\/sl\\\/#organization\"},\"alternateName\":\"Mea Via Nails\",\"potentialAction\":[{\"@type\":\"SearchAction\",\"target\":{\"@type\":\"EntryPoint\",\"urlTemplate\":\"https:\\\/\\\/meavia-mh.hr\\\/sl\\\/?s={search_term_string}\"},\"query-input\":{\"@type\":\"PropertyValueSpecification\",\"valueRequired\":true,\"valueName\":\"search_term_string\"}}],\"inLanguage\":\"sl-SI\"},{\"@type\":\"Organization\",\"@id\":\"https:\\\/\\\/meavia-mh.hr\\\/sl\\\/#organization\",\"name\":\"Mea Via Nails World\",\"alternateName\":\"Mea Via\",\"url\":\"https:\\\/\\\/meavia-mh.hr\\\/sl\\\/\",\"logo\":{\"@type\":\"ImageObject\",\"inLanguage\":\"sl-SI\",\"@id\":\"https:\\\/\\\/meavia-mh.hr\\\/sl\\\/#\\\/schema\\\/logo\\\/image\\\/\",\"url\":\"https:\\\/\\\/www.meavia-mh.hr\\\/wp-content\\\/uploads\\\/2020\\\/12\\\/Mea-Via.png\",\"contentUrl\":\"https:\\\/\\\/www.meavia-mh.hr\\\/wp-content\\\/uploads\\\/2020\\\/12\\\/Mea-Via.png\",\"width\":1181,\"height\":393,\"caption\":\"Mea Via Nails World\"},\"image\":{\"@id\":\"https:\\\/\\\/meavia-mh.hr\\\/sl\\\/#\\\/schema\\\/logo\\\/image\\\/\"},\"sameAs\":[\"https:\\\/\\\/www.facebook.com\\\/MeaViaNailsWorld\",\"https:\\\/\\\/www.instagram.com\\\/mea_via_nails_world\\\/\",\"https:\\\/\\\/www.youtube.com\\\/channel\\\/UCECk0hpRWP6TN-EfA4ER96g\\\/featured\"]}]}<\/script>\n<!-- \/ Yoast SEO plugin. -->","yoast_head_json":{"title":"Kva\u010dice za uklanjanje trajnog laka (pink) - 10 kom &#8902; Mea Via Beauty","description":"Kva\u010dice za uklanjanje trajnog laka (pink) - 10 kom &#8902; za vi\u0161ekratnu upotrebu&#8902; 10 komada u setu &#8902; brzo i jednostavno uklanjanje trajnog laka","robots":{"index":"index","follow":"follow","max-snippet":"max-snippet:-1","max-image-preview":"max-image-preview:large","max-video-preview":"max-video-preview:-1"},"canonical":"https:\/\/www.meavia-mh.hr\/sl\/product\/kvacice-za-uklanjanje-trajnog-laka\/","og_locale":"sl_SI","og_type":"article","og_title":"Kva\u010dice za uklanjanje trajnog laka (pink) - 10 kom &#8902; Mea Via Beauty","og_description":"Kva\u010dice za uklanjanje trajnog laka (pink) - 10 kom &#8902; za vi\u0161ekratnu upotrebu&#8902; 10 komada u setu &#8902; brzo i jednostavno uklanjanje trajnog laka","og_url":"https:\/\/www.meavia-mh.hr\/sl\/product\/kvacice-za-uklanjanje-trajnog-laka\/","og_site_name":"Mea Via Beauty","article_publisher":"https:\/\/www.facebook.com\/MeaViaNailsWorld","article_modified_time":"2026-01-24T08:14:41+00:00","og_image":[{"width":826,"height":824,"url":"https:\/\/www.meavia-mh.hr\/wp-content\/uploads\/2021\/09\/Slika-zaslona-2021-09-10-u-20.26.15.jpg","type":"image\/jpeg"}],"twitter_card":"summary_large_image","twitter_misc":{"Est. reading time":"1 minuta"},"schema":{"@context":"https:\/\/schema.org","@graph":[{"@type":"WebPage","@id":"https:\/\/www.meavia-mh.hr\/product\/kvacice-za-uklanjanje-trajnog-laka\/","url":"https:\/\/www.meavia-mh.hr\/product\/kvacice-za-uklanjanje-trajnog-laka\/","name":"Kva\u010dice za uklanjanje trajnog laka (pink) - 10 kom &#8902; Mea Via Beauty","isPartOf":{"@id":"https:\/\/meavia-mh.hr\/sl\/#website"},"primaryImageOfPage":{"@id":"https:\/\/www.meavia-mh.hr\/product\/kvacice-za-uklanjanje-trajnog-laka\/#primaryimage"},"image":{"@id":"https:\/\/www.meavia-mh.hr\/product\/kvacice-za-uklanjanje-trajnog-laka\/#primaryimage"},"thumbnailUrl":"https:\/\/www.meavia-mh.hr\/wp-content\/uploads\/2021\/09\/Slika-zaslona-2021-09-10-u-20.26.15.jpg","datePublished":"2021-09-10T19:17:09+00:00","dateModified":"2026-01-24T08:14:41+00:00","description":"Kva\u010dice za uklanjanje trajnog laka (pink) - 10 kom &#8902; za vi\u0161ekratnu upotrebu&#8902; 10 komada u setu &#8902; brzo i jednostavno uklanjanje trajnog laka","breadcrumb":{"@id":"https:\/\/www.meavia-mh.hr\/product\/kvacice-za-uklanjanje-trajnog-laka\/#breadcrumb"},"inLanguage":"sl-SI","potentialAction":[{"@type":"ReadAction","target":["https:\/\/www.meavia-mh.hr\/product\/kvacice-za-uklanjanje-trajnog-laka\/"]}]},{"@type":"ImageObject","inLanguage":"sl-SI","@id":"https:\/\/www.meavia-mh.hr\/product\/kvacice-za-uklanjanje-trajnog-laka\/#primaryimage","url":"https:\/\/www.meavia-mh.hr\/wp-content\/uploads\/2021\/09\/Slika-zaslona-2021-09-10-u-20.26.15.jpg","contentUrl":"https:\/\/www.meavia-mh.hr\/wp-content\/uploads\/2021\/09\/Slika-zaslona-2021-09-10-u-20.26.15.jpg","width":826,"height":824,"caption":"Kva\u010dice za uklanjanje trajnog laka"},{"@type":"BreadcrumbList","@id":"https:\/\/www.meavia-mh.hr\/product\/kvacice-za-uklanjanje-trajnog-laka\/#breadcrumb","itemListElement":[{"@type":"ListItem","position":1,"name":"Po\u010detna stranica","item":"https:\/\/www.meavia-mh.hr\/"},{"@type":"ListItem","position":2,"name":"Trgovina","item":"https:\/\/meavia-mh.hr\/sl\/store\/"},{"@type":"ListItem","position":3,"name":"Kva\u010dice za uklanjanje trajnog laka (pink) &#8211; 10 kom"}]},{"@type":"WebSite","@id":"https:\/\/meavia-mh.hr\/sl\/#website","url":"https:\/\/meavia-mh.hr\/sl\/","name":"MEA VIA BEAUTY","description":"Only The Best For Your Beauty","publisher":{"@id":"https:\/\/meavia-mh.hr\/sl\/#organization"},"alternateName":"Mea Via Nails","potentialAction":[{"@type":"SearchAction","target":{"@type":"EntryPoint","urlTemplate":"https:\/\/meavia-mh.hr\/sl\/?s={search_term_string}"},"query-input":{"@type":"PropertyValueSpecification","valueRequired":true,"valueName":"search_term_string"}}],"inLanguage":"sl-SI"},{"@type":"Organization","@id":"https:\/\/meavia-mh.hr\/sl\/#organization","name":"Mea Via Nails World","alternateName":"Mea Via","url":"https:\/\/meavia-mh.hr\/sl\/","logo":{"@type":"ImageObject","inLanguage":"sl-SI","@id":"https:\/\/meavia-mh.hr\/sl\/#\/schema\/logo\/image\/","url":"https:\/\/www.meavia-mh.hr\/wp-content\/uploads\/2020\/12\/Mea-Via.png","contentUrl":"https:\/\/www.meavia-mh.hr\/wp-content\/uploads\/2020\/12\/Mea-Via.png","width":1181,"height":393,"caption":"Mea Via Nails World"},"image":{"@id":"https:\/\/meavia-mh.hr\/sl\/#\/schema\/logo\/image\/"},"sameAs":["https:\/\/www.facebook.com\/MeaViaNailsWorld","https:\/\/www.instagram.com\/mea_via_nails_world\/","https:\/\/www.youtube.com\/channel\/UCECk0hpRWP6TN-EfA4ER96g\/featured"]}]}},"spectra_custom_meta":{"_sku":["5903990544545"],"_regular_price":["4.90"],"total_sales":["86"],"_tax_status":["taxable"],"_tax_class":[""],"_manage_stock":["yes"],"_backorders":["no"],"_sold_individually":["no"],"_virtual":["no"],"_downloadable":["no"],"_download_limit":["-1"],"_download_expiry":["-1"],"_stock":["20"],"_stock_status":["instock"],"_wc_average_rating":["0"],"_wc_review_count":["0"],"_product_version":["10.4.3"],"_price":["4.90"],"_wp_page_template":["default"],"_yoast_wpseo_focuskw":["Kva\u010dice za uklanjanje trajnog laka"],"_yoast_wpseo_linkdex":["66"],"_yoast_wpseo_content_score":["90"],"_yoast_wpseo_primary_product_cat":["24"],"site-sidebar-layout":["default"],"site-content-layout":[null],"theme-transparent-header-meta":["default"],"stick-header-meta":["default"],"_yoast_wpseo_metadesc":["%%title%% %%sep%% za vi\u0161ekratnu upotrebu%%sep%% 10 komada u setu %%sep%% brzo i jednostavno uklanjanje trajnog laka"],"_yoast_wpseo_estimated-reading-time-minutes":["1"],"_woocs_price_geo_countries":[""],"_woocs_regular_price_geo":[""],"_woocs_sale_price_geo":[""],"cartflows_redirect_flow_id":[""],"cartflows_add_to_cart_text":[""],"_oembed_83f44044c8d33c0043318e27c4d5cefb":["<iframe title=\"Brusilica Marathon 3\" width=\"500\" height=\"281\" src=\"https:\/\/www.youtube.com\/embed\/arMjmxUu5dY?feature=oembed\" frameborder=\"0\" allow=\"accelerometer; autoplay; clipboard-write; encrypted-media; gyroscope; picture-in-picture\" allowfullscreen><\/iframe>"],"_oembed_time_83f44044c8d33c0043318e27c4d5cefb":["1628411514"],"_oembed_fd03f06d7b392a2c4483f65b44b045cf":["<iframe title=\"Brusilica Marathon 3\" width=\"898\" height=\"505\" src=\"https:\/\/www.youtube.com\/embed\/arMjmxUu5dY?feature=oembed\" frameborder=\"0\" allow=\"accelerometer; autoplay; clipboard-write; encrypted-media; gyroscope; picture-in-picture\" allowfullscreen><\/iframe>"],"_oembed_time_fd03f06d7b392a2c4483f65b44b045cf":["1628411516"],"_oembed_30e73c3855363736a48ac2452393f82f":["<iframe title=\"Brusilica Marathon 3 Champion\" width=\"922\" height=\"519\" src=\"https:\/\/www.youtube.com\/embed\/arMjmxUu5dY?feature=oembed\" frameborder=\"0\" allow=\"accelerometer; autoplay; clipboard-write; encrypted-media; gyroscope; picture-in-picture\" allowfullscreen><\/iframe>"],"_oembed_time_30e73c3855363736a48ac2452393f82f":["1628412271"],"_oembed_143f70aa5b7f20bfb8e464f950236574":["<iframe title=\"Brusilica Marathon 3 Champion\" width=\"1200\" height=\"675\" src=\"https:\/\/www.youtube.com\/embed\/arMjmxUu5dY?feature=oembed\" frameborder=\"0\" allow=\"accelerometer; autoplay; clipboard-write; encrypted-media; gyroscope; picture-in-picture\" allowfullscreen><\/iframe>"],"_oembed_time_143f70aa5b7f20bfb8e464f950236574":["1628421158"],"_oembed_76fb69acf37e468c4152de83f67b53e2":["<iframe title=\"Marathon K-35 Cube\" width=\"500\" height=\"281\" src=\"https:\/\/www.youtube.com\/embed\/KiUOlhpxP4U?feature=oembed\" frameborder=\"0\" allow=\"accelerometer; autoplay; clipboard-write; encrypted-media; gyroscope; picture-in-picture\" allowfullscreen><\/iframe>"],"_oembed_time_76fb69acf37e468c4152de83f67b53e2":["1630617750"],"_oembed_e4b5a8521ccd38526004dc5c9e5b0821":["<iframe title=\"Marathon K-35 Cube\" width=\"898\" height=\"505\" src=\"https:\/\/www.youtube.com\/embed\/KiUOlhpxP4U?feature=oembed\" frameborder=\"0\" allow=\"accelerometer; autoplay; clipboard-write; encrypted-media; gyroscope; picture-in-picture\" allowfullscreen><\/iframe>"],"_oembed_time_e4b5a8521ccd38526004dc5c9e5b0821":["1628625314"],"_oembed_cec2353f12088b8b08913046d8edda04":["<iframe title=\"Marathon K-35 Cube\" width=\"922\" height=\"519\" src=\"https:\/\/www.youtube.com\/embed\/KiUOlhpxP4U?feature=oembed\" frameborder=\"0\" allow=\"accelerometer; autoplay; clipboard-write; encrypted-media; gyroscope; picture-in-picture\" allowfullscreen><\/iframe>"],"_oembed_time_cec2353f12088b8b08913046d8edda04":["1628626170"],"_oembed_80c2050ed97690eec8331119d7f4ce8b":["<iframe title=\"Marathon K-35 Cube\" width=\"1200\" height=\"675\" src=\"https:\/\/www.youtube.com\/embed\/KiUOlhpxP4U?feature=oembed\" frameborder=\"0\" allow=\"accelerometer; autoplay; clipboard-write; encrypted-media; gyroscope; picture-in-picture\" allowfullscreen><\/iframe>"],"_oembed_time_80c2050ed97690eec8331119d7f4ce8b":["1628626219"],"_edit_lock":["1766932325:1239"],"_edit_last":["1239"],"_thumbnail_id":["8920"],"_product_image_gallery":["8918,8926,8925,8924,8923,8922,8916,8921,8919,8917"],"_woocs_regular_price_EUR":["4.63"],"_woocs_sale_price_EUR":["-1"],"ast-below-header-display":[null],"footer-adv-display":[null],"adv-header-id-meta":[""],"header-below-stick-meta":[null],"_lowest_price_30_days":["4.63"],"uag_migration_processed":["1"],"ast-above-header-display":[null],"ast-breadcrumbs-content":[null],"_last_change_time":["1766932455"],"_uag_page_assets":["a:9:{s:3:\"css\";s:0:\"\";s:2:\"js\";s:0:\"\";s:18:\"current_block_list\";a:3:{i:0;s:11:\"core\/search\";i:1;s:18:\"core\/legacy-widget\";i:2;s:27:\"woocommerce\/product-filters\";}s:8:\"uag_flag\";b:0;s:11:\"uag_version\";s:10:\"1776341704\";s:6:\"gfonts\";a:0:{}s:10:\"gfonts_url\";s:0:\"\";s:12:\"gfonts_files\";a:0:{}s:14:\"uag_faq_layout\";b:0;}"],"_elementor_page_assets":["a:0:{}"]},"uagb_featured_image_src":{"full":["https:\/\/www.meavia-mh.hr\/wp-content\/uploads\/2021\/09\/Slika-zaslona-2021-09-10-u-20.26.15.jpg",826,824,false],"thumbnail":["https:\/\/www.meavia-mh.hr\/wp-content\/uploads\/2021\/09\/Slika-zaslona-2021-09-10-u-20.26.15-150x150.jpg",150,150,true],"medium":["https:\/\/www.meavia-mh.hr\/wp-content\/uploads\/2021\/09\/Slika-zaslona-2021-09-10-u-20.26.15-300x300.jpg",300,300,true],"medium_large":["https:\/\/www.meavia-mh.hr\/wp-content\/uploads\/2021\/09\/Slika-zaslona-2021-09-10-u-20.26.15-768x766.jpg",768,766,true],"large":["https:\/\/www.meavia-mh.hr\/wp-content\/uploads\/2021\/09\/Slika-zaslona-2021-09-10-u-20.26.15.jpg",826,824,false],"1536x1536":["https:\/\/www.meavia-mh.hr\/wp-content\/uploads\/2021\/09\/Slika-zaslona-2021-09-10-u-20.26.15.jpg",826,824,false],"2048x2048":["https:\/\/www.meavia-mh.hr\/wp-content\/uploads\/2021\/09\/Slika-zaslona-2021-09-10-u-20.26.15.jpg",826,824,false],"trp-custom-language-flag":["https:\/\/www.meavia-mh.hr\/wp-content\/uploads\/2021\/09\/Slika-zaslona-2021-09-10-u-20.26.15-12x12.jpg",12,12,true],"woocommerce_thumbnail":["https:\/\/www.meavia-mh.hr\/wp-content\/uploads\/2021\/09\/Slika-zaslona-2021-09-10-u-20.26.15-300x300.jpg",300,300,true],"woocommerce_single":["https:\/\/www.meavia-mh.hr\/wp-content\/uploads\/2021\/09\/Slika-zaslona-2021-09-10-u-20.26.15-600x599.jpg",600,599,true],"woocommerce_gallery_thumbnail":["https:\/\/www.meavia-mh.hr\/wp-content\/uploads\/2021\/09\/Slika-zaslona-2021-09-10-u-20.26.15-100x100.jpg",100,100,true]},"uagb_author_info":{"display_name":"Mea Via","author_link":"https:\/\/www.meavia-mh.hr\/sl\/author\/"},"uagb_comment_info":0,"uagb_excerpt":"&nbsp; &nbsp; &nbsp; &nbsp;","_links":{"self":[{"href":"https:\/\/www.meavia-mh.hr\/sl\/wp-json\/wp\/v2\/product\/8912","targetHints":{"allow":["GET"]}}],"collection":[{"href":"https:\/\/www.meavia-mh.hr\/sl\/wp-json\/wp\/v2\/product"}],"about":[{"href":"https:\/\/www.meavia-mh.hr\/sl\/wp-json\/wp\/v2\/types\/product"}],"replies":[{"embeddable":true,"href":"https:\/\/www.meavia-mh.hr\/sl\/wp-json\/wp\/v2\/comments?post=8912"}],"version-history":[{"count":1,"href":"https:\/\/www.meavia-mh.hr\/sl\/wp-json\/wp\/v2\/product\/8912\/revisions"}],"predecessor-version":[{"id":31149,"href":"https:\/\/www.meavia-mh.hr\/sl\/wp-json\/wp\/v2\/product\/8912\/revisions\/31149"}],"wp:featuredmedia":[{"embeddable":true,"href":"https:\/\/www.meavia-mh.hr\/sl\/wp-json\/wp\/v2\/media\/8920"}],"wp:attachment":[{"href":"https:\/\/www.meavia-mh.hr\/sl\/wp-json\/wp\/v2\/media?parent=8912"}],"wp:term":[{"taxonomy":"product_brand","embeddable":true,"href":"https:\/\/www.meavia-mh.hr\/sl\/wp-json\/wp\/v2\/product_brand?post=8912"},{"taxonomy":"product_cat","embeddable":true,"href":"https:\/\/www.meavia-mh.hr\/sl\/wp-json\/wp\/v2\/product_cat?post=8912"},{"taxonomy":"product_tag","embeddable":true,"href":"https:\/\/www.meavia-mh.hr\/sl\/wp-json\/wp\/v2\/product_tag?post=8912"}],"curies":[{"name":"delovni list","href":"https:\/\/api.w.org\/{rel}","templated":true}]}}