{"id":8852,"date":"2021-09-09T08:44:11","date_gmt":"2021-09-09T08:44:11","guid":{"rendered":"https:\/\/www.meavia-mh.hr\/?post_type=product&#038;p=8852"},"modified":"2024-07-05T15:47:38","modified_gmt":"2024-07-05T15:47:38","slug":"pogurivac-kozice-za-manikuru-pedikuru-yc004","status":"publish","type":"product","link":"https:\/\/www.meavia-mh.hr\/sl\/product\/pogurivac-kozice-za-manikuru-pedikuru-yc004\/","title":{"rendered":"Potiskalo obnohtne ko\u017eice za manikuro\/pedikuro YC004"},"content":{"rendered":"<p>Manikuro zgo\u0161\u010devalec obnohtne ko\u017eice je odli\u010dno orodje za potiskanje odve\u010dne ko\u017eice, odstranjevanje akrila ali lepila za nohte z nohtne plo\u0161\u010de tudi za \u010di\u0161\u010denje pod nohti. Vrhunska kakovost izdelave in vrhunski materiali, iz katerih je izdelan potisnik, zagotavljajo dolgo \u017eivljenjsko dobo in vzdr\u017eljivost.<\/p>\n<p><span style=\"font-size: 16px;font-style: normal\">Potiskalnik ima dva razli\u010dna konca<\/span><span style=\"font-size: 16px;font-style: normal\">\u00a0lijakasto konveksno zaobljeno.<\/span><br \/>\n<span style=\"font-size: 16px;font-style: normal\">Potiska\u010d ima posebej profiliran ro\u010daj (rahlo zarezan, nedrse\u010d),\u00a0<\/span><span style=\"font-size: 16px;font-style: normal\">ki zagotavlja visoko natan\u010dnost, prakti\u010dnost in udobje dela.\u00a0<\/span><\/p>\n<p><span>Zahvaljujo\u010d natan\u010dni obojestranski obdelavi boste skraj\u0161ali delovni \u010das na minimum, ko\u017ea pa bo brezhibna. Popolnoma dvigne obnohtno ko\u017eico, zaradi \u010desar bo va\u0161 styling vedno sijo\u010d brez grdega, razlitega laka za nohte na ne\u017eelenih mestih.<\/span><\/p>\n<p><span>Lahko ga uporabite z <a href=\"https:\/\/www.meavia-mh.hr\/sl\/product\/palu-odstranjivac-kozice-nokta-cuticle-remover-11-ml\/\">PALU odstranjevalec obnohtne ko\u017eice<\/a>, torej pripravek za meh\u010danje ko\u017eiceka za \u0161e bolj\u0161e rezultate.<\/span><\/p>\n<p>Vesele mavri\u010dne barve manikure se bodo odli\u010dno prilegale v notranjost vsakega kozmeti\u010dnega salona.<\/p>\n<p><span style=\"font-size: 16px;font-style: normal\">Potiska\u010d je izdelan iz visokokakovostnega japonskega jekla in je lahko\u00a0<\/span><span style=\"font-size: 16px;font-style: normal\">razku\u017eite in sterilizirajte na kateri koli na\u010din (kemi\u010dni, termi\u010dni,\u00a0<\/span><span style=\"font-size: 16px;font-style: normal\">kemi\u010dno-termi\u010dni).<\/span><\/p>\n<p>Potiskalnik za obnohtno ko\u017eico je v veliko pomo\u010d vsem, ki v svojem kozmeti\u010dnem poklicu opravljate manikuro, pedikuro, umetne nohte.<\/p>\n<ul>\n<li><strong>Material:<\/strong>\u00a0Nerjave\u010de jeklo<\/li>\n<li><strong>Barva:<\/strong>\u00a0mavrica<\/li>\n<li><strong>Dol\u017eina<\/strong>: 14, a cm<\/li>\n<li><strong><span>Dol\u017eina<\/span><\/strong><span>\u00a0en konec: 3 cm\u00a0<\/span><strong><span>premer<\/span><\/strong><span>\u00a00,5 cm<\/span><\/li>\n<li><strong><span>Dol\u017eina<\/span><\/strong><span>\u00a0drugi konec: 3 cm\u00a0<\/span><strong><span>premer<\/span><\/strong><span>\u00a0: 0,8 cm<\/span><\/li>\n<\/ul>\n<p><span style=\"font-size: 16px;font-style: normal\">Kovinski potisnik ko\u017ee - lopatka ima ve\u010d namenov;<\/span><\/p>\n<ul style=\"font-size: 16px;font-style: normal\">\n<li style=\"font-size: 16px\">pri delu na manikiri in pedikuri<\/li>\n<li style=\"font-size: 16px\">hitro in enostavno potiskanje ko\u017eice nazaj<\/li>\n<li style=\"font-size: 16px\">odstraniti povrhnjico okoli nohta<\/li>\n<li style=\"font-size: 16px\">pri name\u0161\u010danju umetnih nohtov<\/li>\n<li style=\"font-size: 16px\">bolj\u0161i oprijem <a href=\"https:\/\/www.meavia-mh.hr\/sl\/product\/palu-gel-polish-trajni-lak-toronto-t4-11-ml\/\">trajni lak<\/a> ali <a href=\"https:\/\/www.meavia-mh.hr\/sl\/product\/evolution-soak-off-sculpting-gels-extension-builder-5ml\/\">gel<\/a> \u010de je ko\u017eica dobro potla\u010dena<\/li>\n<li style=\"font-size: 16px\">za odstranjevanje ostankov trajnega laka, gela, akrila<\/li>\n<li style=\"font-size: 16px\">za me\u0161anje gela<\/li>\n<\/ul>","protected":false},"excerpt":{"rendered":"<p>Poguriva\u010d ko\u017eice za manikuru savr\u0161en je alat za potiskivanje vi\u0161ka ko\u017eice, uklanjanje akrila ili ljepila za nokte s plo\u010de nokta \u010dak i za \u010di\u0161\u0107enje ispod noktiju. Vrhunska kvaliteta izrade i vrhunski materijali od kojih je poguriva\u010d izra\u0111en osiguravaju dugotrajnost \u00a0i postojanost. Poguriva\u010d ima dva razli\u010dita kraja\u00a0u obliku lijevka konveksno zaobljeno. Poguriva\u010d ima posebno profiliranu dr\u0161ku [&hellip;]<\/p>\n","protected":false},"featured_media":8853,"comment_status":"open","ping_status":"closed","template":"","meta":{"_uag_custom_page_level_css":"","site-sidebar-layout":"default","site-content-layout":"default","ast-site-content-layout":"default","site-content-style":"default","site-sidebar-style":"default","ast-global-header-display":"","ast-banner-title-visibility":"","ast-main-header-display":"","ast-hfb-above-header-display":"","ast-hfb-below-header-display":"","ast-hfb-mobile-header-display":"","site-post-title":"","ast-breadcrumbs-content":"","ast-featured-img":"","footer-sml-layout":"","ast-disable-related-posts":"","theme-transparent-header-meta":"default","adv-header-id-meta":"","stick-header-meta":"default","header-above-stick-meta":"","header-main-stick-meta":"","header-below-stick-meta":"","astra-migrate-meta-layouts":"default","ast-page-background-enabled":"default","ast-page-background-meta":{"desktop":{"background-color":"var(--ast-global-color-4)","background-image":"","background-repeat":"repeat","background-position":"center center","background-size":"auto","background-attachment":"scroll","background-type":"","background-media":"","overlay-type":"","overlay-color":"","overlay-opacity":"","overlay-gradient":""},"tablet":{"background-color":"","background-image":"","background-repeat":"repeat","background-position":"center center","background-size":"auto","background-attachment":"scroll","background-type":"","background-media":"","overlay-type":"","overlay-color":"","overlay-opacity":"","overlay-gradient":""},"mobile":{"background-color":"","background-image":"","background-repeat":"repeat","background-position":"center center","background-size":"auto","background-attachment":"scroll","background-type":"","background-media":"","overlay-type":"","overlay-color":"","overlay-opacity":"","overlay-gradient":""}},"ast-content-background-meta":{"desktop":{"background-color":"var(--ast-global-color-5)","background-image":"","background-repeat":"repeat","background-position":"center center","background-size":"auto","background-attachment":"scroll","background-type":"","background-media":"","overlay-type":"","overlay-color":"","overlay-opacity":"","overlay-gradient":""},"tablet":{"background-color":"var(--ast-global-color-5)","background-image":"","background-repeat":"repeat","background-position":"center center","background-size":"auto","background-attachment":"scroll","background-type":"","background-media":"","overlay-type":"","overlay-color":"","overlay-opacity":"","overlay-gradient":""},"mobile":{"background-color":"var(--ast-global-color-5)","background-image":"","background-repeat":"repeat","background-position":"center center","background-size":"auto","background-attachment":"scroll","background-type":"","background-media":"","overlay-type":"","overlay-color":"","overlay-opacity":"","overlay-gradient":""}}},"product_brand":[],"product_cat":[247],"product_tag":[244,226,248],"class_list":{"0":"post-8852","1":"product","2":"type-product","3":"status-publish","4":"has-post-thumbnail","6":"product_cat-pribor-za-manikuru","7":"product_tag-manikura","8":"product_tag-pedikura","9":"product_tag-pogurivac-kozice","10":"desktop-align-left","11":"tablet-align-left","12":"mobile-align-left","13":"ast-product-gallery-layout-horizontal-slider","14":"ast-product-tabs-layout-horizontal","16":"first","17":"outofstock","18":"taxable","19":"shipping-taxable","20":"purchasable","21":"product-type-simple"},"yoast_head":"<!-- This site is optimized with the Yoast SEO plugin v27.4 - https:\/\/yoast.com\/product\/yoast-seo-wordpress\/ -->\n<title>Poguriva\u010d ko\u017eice za manikuru \/ pedikuru YC004 &#8902; Mea Via Beauty<\/title>\n<meta name=\"description\" content=\"Poguriva\u010d ko\u017eice za manikuru \/ pedikuru YC004 &#8902; vrhunska kvaliteta &#8902; izra\u0111eno od vrhunskog japanskog \u010delika &#8902; pogodno za sterilizaciju\" \/>\n<meta name=\"robots\" content=\"index, follow, max-snippet:-1, max-image-preview:large, max-video-preview:-1\" \/>\n<link rel=\"canonical\" href=\"https:\/\/www.meavia-mh.hr\/sl\/product\/pogurivac-kozice-za-manikuru-pedikuru-yc004\/\" \/>\n<meta property=\"og:locale\" content=\"sl_SI\" \/>\n<meta property=\"og:type\" content=\"article\" \/>\n<meta property=\"og:title\" content=\"Poguriva\u010d ko\u017eice za manikuru \/ pedikuru YC004 &#8902; Mea Via Beauty\" \/>\n<meta property=\"og:description\" content=\"Poguriva\u010d ko\u017eice za manikuru \/ pedikuru YC004 &#8902; vrhunska kvaliteta &#8902; izra\u0111eno od vrhunskog japanskog \u010delika &#8902; pogodno za sterilizaciju\" \/>\n<meta property=\"og:url\" content=\"https:\/\/www.meavia-mh.hr\/sl\/product\/pogurivac-kozice-za-manikuru-pedikuru-yc004\/\" \/>\n<meta property=\"og:site_name\" content=\"Mea Via Beauty\" \/>\n<meta property=\"article:publisher\" content=\"https:\/\/www.facebook.com\/MeaViaNailsWorld\" \/>\n<meta property=\"article:modified_time\" content=\"2024-07-05T15:47:38+00:00\" \/>\n<meta property=\"og:image\" content=\"https:\/\/www.meavia-mh.hr\/wp-content\/uploads\/2021\/09\/ezgif.com-gif-maker-435.jpg\" \/>\n\t<meta property=\"og:image:width\" content=\"1594\" \/>\n\t<meta property=\"og:image:height\" content=\"1570\" \/>\n\t<meta property=\"og:image:type\" content=\"image\/jpeg\" \/>\n<meta name=\"twitter:card\" content=\"summary_large_image\" \/>\n<meta name=\"twitter:label1\" content=\"Est. reading time\" \/>\n\t<meta name=\"twitter:data1\" content=\"2 minuti\" \/>\n<script type=\"application\/ld+json\" class=\"yoast-schema-graph\">{\"@context\":\"https:\\\/\\\/schema.org\",\"@graph\":[{\"@type\":\"WebPage\",\"@id\":\"https:\\\/\\\/www.meavia-mh.hr\\\/product\\\/pogurivac-kozice-za-manikuru-pedikuru-yc004\\\/\",\"url\":\"https:\\\/\\\/www.meavia-mh.hr\\\/product\\\/pogurivac-kozice-za-manikuru-pedikuru-yc004\\\/\",\"name\":\"Poguriva\u010d ko\u017eice za manikuru \\\/ pedikuru YC004 &#8902; Mea Via Beauty\",\"isPartOf\":{\"@id\":\"https:\\\/\\\/meavia-mh.hr\\\/sl\\\/#website\"},\"primaryImageOfPage\":{\"@id\":\"https:\\\/\\\/www.meavia-mh.hr\\\/product\\\/pogurivac-kozice-za-manikuru-pedikuru-yc004\\\/#primaryimage\"},\"image\":{\"@id\":\"https:\\\/\\\/www.meavia-mh.hr\\\/product\\\/pogurivac-kozice-za-manikuru-pedikuru-yc004\\\/#primaryimage\"},\"thumbnailUrl\":\"https:\\\/\\\/www.meavia-mh.hr\\\/wp-content\\\/uploads\\\/2021\\\/09\\\/ezgif.com-gif-maker-435.jpg\",\"datePublished\":\"2021-09-09T08:44:11+00:00\",\"dateModified\":\"2024-07-05T15:47:38+00:00\",\"description\":\"Poguriva\u010d ko\u017eice za manikuru \\\/ pedikuru YC004 &#8902; vrhunska kvaliteta &#8902; izra\u0111eno od vrhunskog japanskog \u010delika &#8902; pogodno za sterilizaciju\",\"breadcrumb\":{\"@id\":\"https:\\\/\\\/www.meavia-mh.hr\\\/product\\\/pogurivac-kozice-za-manikuru-pedikuru-yc004\\\/#breadcrumb\"},\"inLanguage\":\"sl-SI\",\"potentialAction\":[{\"@type\":\"ReadAction\",\"target\":[\"https:\\\/\\\/www.meavia-mh.hr\\\/product\\\/pogurivac-kozice-za-manikuru-pedikuru-yc004\\\/\"]}]},{\"@type\":\"ImageObject\",\"inLanguage\":\"sl-SI\",\"@id\":\"https:\\\/\\\/www.meavia-mh.hr\\\/product\\\/pogurivac-kozice-za-manikuru-pedikuru-yc004\\\/#primaryimage\",\"url\":\"https:\\\/\\\/www.meavia-mh.hr\\\/wp-content\\\/uploads\\\/2021\\\/09\\\/ezgif.com-gif-maker-435.jpg\",\"contentUrl\":\"https:\\\/\\\/www.meavia-mh.hr\\\/wp-content\\\/uploads\\\/2021\\\/09\\\/ezgif.com-gif-maker-435.jpg\",\"width\":1594,\"height\":1570,\"caption\":\"Poguriva\u010d ko\u017eice za manikuru\"},{\"@type\":\"BreadcrumbList\",\"@id\":\"https:\\\/\\\/www.meavia-mh.hr\\\/product\\\/pogurivac-kozice-za-manikuru-pedikuru-yc004\\\/#breadcrumb\",\"itemListElement\":[{\"@type\":\"ListItem\",\"position\":1,\"name\":\"Po\u010detna stranica\",\"item\":\"https:\\\/\\\/www.meavia-mh.hr\\\/\"},{\"@type\":\"ListItem\",\"position\":2,\"name\":\"Trgovina\",\"item\":\"https:\\\/\\\/meavia-mh.hr\\\/sl\\\/store\\\/\"},{\"@type\":\"ListItem\",\"position\":3,\"name\":\"Poguriva\u010d ko\u017eice za manikuru \\\/ pedikuru YC004\"}]},{\"@type\":\"WebSite\",\"@id\":\"https:\\\/\\\/meavia-mh.hr\\\/sl\\\/#website\",\"url\":\"https:\\\/\\\/meavia-mh.hr\\\/sl\\\/\",\"name\":\"Mea Via Beauty\",\"description\":\"Only The Best For Your Beauty\",\"publisher\":{\"@id\":\"https:\\\/\\\/meavia-mh.hr\\\/sl\\\/#organization\"},\"alternateName\":\"Mea Via Nails\",\"potentialAction\":[{\"@type\":\"SearchAction\",\"target\":{\"@type\":\"EntryPoint\",\"urlTemplate\":\"https:\\\/\\\/meavia-mh.hr\\\/sl\\\/?s={search_term_string}\"},\"query-input\":{\"@type\":\"PropertyValueSpecification\",\"valueRequired\":true,\"valueName\":\"search_term_string\"}}],\"inLanguage\":\"sl-SI\"},{\"@type\":\"Organization\",\"@id\":\"https:\\\/\\\/meavia-mh.hr\\\/sl\\\/#organization\",\"name\":\"Mea Via Nails World\",\"alternateName\":\"Mea Via\",\"url\":\"https:\\\/\\\/meavia-mh.hr\\\/sl\\\/\",\"logo\":{\"@type\":\"ImageObject\",\"inLanguage\":\"sl-SI\",\"@id\":\"https:\\\/\\\/meavia-mh.hr\\\/sl\\\/#\\\/schema\\\/logo\\\/image\\\/\",\"url\":\"https:\\\/\\\/www.meavia-mh.hr\\\/wp-content\\\/uploads\\\/2020\\\/12\\\/Mea-Via.png\",\"contentUrl\":\"https:\\\/\\\/www.meavia-mh.hr\\\/wp-content\\\/uploads\\\/2020\\\/12\\\/Mea-Via.png\",\"width\":1181,\"height\":393,\"caption\":\"Mea Via Nails World\"},\"image\":{\"@id\":\"https:\\\/\\\/meavia-mh.hr\\\/sl\\\/#\\\/schema\\\/logo\\\/image\\\/\"},\"sameAs\":[\"https:\\\/\\\/www.facebook.com\\\/MeaViaNailsWorld\",\"https:\\\/\\\/www.instagram.com\\\/mea_via_nails_world\\\/\",\"https:\\\/\\\/www.youtube.com\\\/channel\\\/UCECk0hpRWP6TN-EfA4ER96g\\\/featured\"]}]}<\/script>\n<!-- \/ Yoast SEO plugin. -->","yoast_head_json":{"title":"Potiska\u010d obnohtne ko\u017eice za manikuro \/ pedikuro YC004 \u22c6 Mea Via Beauty","description":"Potiska\u010d obnohtne ko\u017eice za manikuro\/pedikuro YC004 \u22c6 vrhunska kakovost \u22c6 izdelano iz visokokakovostnega japonskega jekla \u22c6 primerno za sterilizacijo","robots":{"index":"index","follow":"follow","max-snippet":"max-snippet:-1","max-image-preview":"max-image-preview:large","max-video-preview":"max-video-preview:-1"},"canonical":"https:\/\/www.meavia-mh.hr\/sl\/product\/pogurivac-kozice-za-manikuru-pedikuru-yc004\/","og_locale":"sl_SI","og_type":"article","og_title":"Poguriva\u010d ko\u017eice za manikuru \/ pedikuru YC004 &#8902; Mea Via Beauty","og_description":"Poguriva\u010d ko\u017eice za manikuru \/ pedikuru YC004 &#8902; vrhunska kvaliteta &#8902; izra\u0111eno od vrhunskog japanskog \u010delika &#8902; pogodno za sterilizaciju","og_url":"https:\/\/www.meavia-mh.hr\/sl\/product\/pogurivac-kozice-za-manikuru-pedikuru-yc004\/","og_site_name":"Mea Via Beauty","article_publisher":"https:\/\/www.facebook.com\/MeaViaNailsWorld","article_modified_time":"2024-07-05T15:47:38+00:00","og_image":[{"width":1594,"height":1570,"url":"https:\/\/www.meavia-mh.hr\/wp-content\/uploads\/2021\/09\/ezgif.com-gif-maker-435.jpg","type":"image\/jpeg"}],"twitter_card":"summary_large_image","twitter_misc":{"Est. reading time":"2 minuti"},"schema":{"@context":"https:\/\/schema.org","@graph":[{"@type":"WebPage","@id":"https:\/\/www.meavia-mh.hr\/product\/pogurivac-kozice-za-manikuru-pedikuru-yc004\/","url":"https:\/\/www.meavia-mh.hr\/product\/pogurivac-kozice-za-manikuru-pedikuru-yc004\/","name":"Potiska\u010d obnohtne ko\u017eice za manikuro \/ pedikuro YC004 \u22c6 Mea Via Beauty","isPartOf":{"@id":"https:\/\/meavia-mh.hr\/sl\/#website"},"primaryImageOfPage":{"@id":"https:\/\/www.meavia-mh.hr\/product\/pogurivac-kozice-za-manikuru-pedikuru-yc004\/#primaryimage"},"image":{"@id":"https:\/\/www.meavia-mh.hr\/product\/pogurivac-kozice-za-manikuru-pedikuru-yc004\/#primaryimage"},"thumbnailUrl":"https:\/\/www.meavia-mh.hr\/wp-content\/uploads\/2021\/09\/ezgif.com-gif-maker-435.jpg","datePublished":"2021-09-09T08:44:11+00:00","dateModified":"2024-07-05T15:47:38+00:00","description":"Potiska\u010d obnohtne ko\u017eice za manikuro\/pedikuro YC004 \u22c6 vrhunska kakovost \u22c6 izdelano iz visokokakovostnega japonskega jekla \u22c6 primerno za sterilizacijo","breadcrumb":{"@id":"https:\/\/www.meavia-mh.hr\/product\/pogurivac-kozice-za-manikuru-pedikuru-yc004\/#breadcrumb"},"inLanguage":"sl-SI","potentialAction":[{"@type":"ReadAction","target":["https:\/\/www.meavia-mh.hr\/product\/pogurivac-kozice-za-manikuru-pedikuru-yc004\/"]}]},{"@type":"ImageObject","inLanguage":"sl-SI","@id":"https:\/\/www.meavia-mh.hr\/product\/pogurivac-kozice-za-manikuru-pedikuru-yc004\/#primaryimage","url":"https:\/\/www.meavia-mh.hr\/wp-content\/uploads\/2021\/09\/ezgif.com-gif-maker-435.jpg","contentUrl":"https:\/\/www.meavia-mh.hr\/wp-content\/uploads\/2021\/09\/ezgif.com-gif-maker-435.jpg","width":1594,"height":1570,"caption":"Poguriva\u010d ko\u017eice za manikuru"},{"@type":"BreadcrumbList","@id":"https:\/\/www.meavia-mh.hr\/product\/pogurivac-kozice-za-manikuru-pedikuru-yc004\/#breadcrumb","itemListElement":[{"@type":"ListItem","position":1,"name":"Po\u010detna stranica","item":"https:\/\/www.meavia-mh.hr\/"},{"@type":"ListItem","position":2,"name":"Trgovina","item":"https:\/\/meavia-mh.hr\/sl\/store\/"},{"@type":"ListItem","position":3,"name":"Poguriva\u010d ko\u017eice za manikuru \/ pedikuru YC004"}]},{"@type":"WebSite","@id":"https:\/\/meavia-mh.hr\/sl\/#website","url":"https:\/\/meavia-mh.hr\/sl\/","name":"MEA VIA BEAUTY","description":"Only The Best For Your Beauty","publisher":{"@id":"https:\/\/meavia-mh.hr\/sl\/#organization"},"alternateName":"Mea Via Nails","potentialAction":[{"@type":"SearchAction","target":{"@type":"EntryPoint","urlTemplate":"https:\/\/meavia-mh.hr\/sl\/?s={search_term_string}"},"query-input":{"@type":"PropertyValueSpecification","valueRequired":true,"valueName":"search_term_string"}}],"inLanguage":"sl-SI"},{"@type":"Organization","@id":"https:\/\/meavia-mh.hr\/sl\/#organization","name":"Mea Via Nails World","alternateName":"Mea Via","url":"https:\/\/meavia-mh.hr\/sl\/","logo":{"@type":"ImageObject","inLanguage":"sl-SI","@id":"https:\/\/meavia-mh.hr\/sl\/#\/schema\/logo\/image\/","url":"https:\/\/www.meavia-mh.hr\/wp-content\/uploads\/2020\/12\/Mea-Via.png","contentUrl":"https:\/\/www.meavia-mh.hr\/wp-content\/uploads\/2020\/12\/Mea-Via.png","width":1181,"height":393,"caption":"Mea Via Nails World"},"image":{"@id":"https:\/\/meavia-mh.hr\/sl\/#\/schema\/logo\/image\/"},"sameAs":["https:\/\/www.facebook.com\/MeaViaNailsWorld","https:\/\/www.instagram.com\/mea_via_nails_world\/","https:\/\/www.youtube.com\/channel\/UCECk0hpRWP6TN-EfA4ER96g\/featured"]}]}},"spectra_custom_meta":{"_sku":["5901099282887"],"_regular_price":["5.31"],"total_sales":["12"],"_tax_status":["taxable"],"_tax_class":[""],"_manage_stock":["yes"],"_backorders":["no"],"_sold_individually":["no"],"_virtual":["no"],"_downloadable":["no"],"_product_image_gallery":["8855,8856,8854"],"_download_limit":["-1"],"_download_expiry":["-1"],"_thumbnail_id":["8853"],"_stock":["0"],"_stock_status":["outofstock"],"_wc_average_rating":["0"],"_wc_review_count":["0"],"_product_version":["7.1.1"],"_price":["5.31"],"_wp_page_template":["default"],"_yoast_wpseo_focuskw":["poguriva\u010d ko\u017eice"],"_yoast_wpseo_metadesc":["%%title%% %%sep%% vrhunska kvaliteta %%sep%% izra\u0111eno od vrhunskog japanskog \u010delika %%sep%% pogodno za sterilizaciju"],"_yoast_wpseo_linkdex":["77"],"_yoast_wpseo_content_score":["90"],"_yoast_wpseo_estimated-reading-time-minutes":["2"],"_yoast_wpseo_primary_product_cat":["247"],"site-sidebar-layout":["default"],"site-content-layout":["default"],"theme-transparent-header-meta":["default"],"stick-header-meta":["default"],"_woocs_price_geo_countries":[""],"_woocs_regular_price_geo":[""],"_woocs_sale_price_geo":[""],"_edit_lock":["1696619863:1239"],"_edit_last":["1"],"cartflows_redirect_flow_id":[""],"cartflows_add_to_cart_text":[""],"_upsell_ids":["a:1:{i:0;i:3744;}"],"_crosssell_ids":["a:1:{i:0;i:3695;}"],"_woocs_regular_price_EUR":["5.31"],"_woocs_sale_price_EUR":["-1"],"uag_migration_processed":["1"],"_elementor_page_assets":["a:0:{}"],"_uag_page_assets":["a:9:{s:3:\"css\";s:0:\"\";s:2:\"js\";s:0:\"\";s:18:\"current_block_list\";a:3:{i:0;s:11:\"core\/search\";i:1;s:18:\"core\/legacy-widget\";i:2;s:27:\"woocommerce\/product-filters\";}s:8:\"uag_flag\";b:0;s:11:\"uag_version\";s:10:\"1776414062\";s:6:\"gfonts\";a:0:{}s:10:\"gfonts_url\";s:0:\"\";s:12:\"gfonts_files\";a:0:{}s:14:\"uag_faq_layout\";b:0;}"]},"uagb_featured_image_src":{"full":["https:\/\/www.meavia-mh.hr\/wp-content\/uploads\/2021\/09\/ezgif.com-gif-maker-435.jpg",1594,1570,false],"thumbnail":["https:\/\/www.meavia-mh.hr\/wp-content\/uploads\/2021\/09\/ezgif.com-gif-maker-435-150x150.jpg",150,150,true],"medium":["https:\/\/www.meavia-mh.hr\/wp-content\/uploads\/2021\/09\/ezgif.com-gif-maker-435-300x295.jpg",300,295,true],"medium_large":["https:\/\/www.meavia-mh.hr\/wp-content\/uploads\/2021\/09\/ezgif.com-gif-maker-435-768x756.jpg",768,756,true],"large":["https:\/\/www.meavia-mh.hr\/wp-content\/uploads\/2021\/09\/ezgif.com-gif-maker-435-1024x1009.jpg",1024,1009,true],"1536x1536":["https:\/\/www.meavia-mh.hr\/wp-content\/uploads\/2021\/09\/ezgif.com-gif-maker-435-1536x1513.jpg",1536,1513,true],"2048x2048":["https:\/\/www.meavia-mh.hr\/wp-content\/uploads\/2021\/09\/ezgif.com-gif-maker-435.jpg",1594,1570,false],"trp-custom-language-flag":["https:\/\/www.meavia-mh.hr\/wp-content\/uploads\/2021\/09\/ezgif.com-gif-maker-435-12x12.jpg",12,12,true],"woocommerce_thumbnail":["https:\/\/www.meavia-mh.hr\/wp-content\/uploads\/2021\/09\/ezgif.com-gif-maker-435-300x300.jpg",300,300,true],"woocommerce_single":["https:\/\/www.meavia-mh.hr\/wp-content\/uploads\/2021\/09\/ezgif.com-gif-maker-435-600x591.jpg",600,591,true],"woocommerce_gallery_thumbnail":["https:\/\/www.meavia-mh.hr\/wp-content\/uploads\/2021\/09\/ezgif.com-gif-maker-435-100x100.jpg",100,100,true]},"uagb_author_info":{"display_name":"Mea Via","author_link":"https:\/\/www.meavia-mh.hr\/sl\/author\/"},"uagb_comment_info":0,"uagb_excerpt":"Poguriva\u010d ko\u017eice za manikuru savr\u0161en je alat za potiskivanje vi\u0161ka ko\u017eice, uklanjanje akrila ili ljepila za nokte s plo\u010de nokta \u010dak i za \u010di\u0161\u0107enje ispod noktiju. Vrhunska kvaliteta izrade i vrhunski materijali od kojih je poguriva\u010d izra\u0111en osiguravaju dugotrajnost \u00a0i postojanost. Poguriva\u010d ima dva razli\u010dita kraja\u00a0u obliku lijevka konveksno zaobljeno. Poguriva\u010d ima posebno profiliranu dr\u0161ku&hellip;","_links":{"self":[{"href":"https:\/\/www.meavia-mh.hr\/sl\/wp-json\/wp\/v2\/product\/8852","targetHints":{"allow":["GET"]}}],"collection":[{"href":"https:\/\/www.meavia-mh.hr\/sl\/wp-json\/wp\/v2\/product"}],"about":[{"href":"https:\/\/www.meavia-mh.hr\/sl\/wp-json\/wp\/v2\/types\/product"}],"replies":[{"embeddable":true,"href":"https:\/\/www.meavia-mh.hr\/sl\/wp-json\/wp\/v2\/comments?post=8852"}],"version-history":[{"count":1,"href":"https:\/\/www.meavia-mh.hr\/sl\/wp-json\/wp\/v2\/product\/8852\/revisions"}],"predecessor-version":[{"id":31152,"href":"https:\/\/www.meavia-mh.hr\/sl\/wp-json\/wp\/v2\/product\/8852\/revisions\/31152"}],"wp:featuredmedia":[{"embeddable":true,"href":"https:\/\/www.meavia-mh.hr\/sl\/wp-json\/wp\/v2\/media\/8853"}],"wp:attachment":[{"href":"https:\/\/www.meavia-mh.hr\/sl\/wp-json\/wp\/v2\/media?parent=8852"}],"wp:term":[{"taxonomy":"product_brand","embeddable":true,"href":"https:\/\/www.meavia-mh.hr\/sl\/wp-json\/wp\/v2\/product_brand?post=8852"},{"taxonomy":"product_cat","embeddable":true,"href":"https:\/\/www.meavia-mh.hr\/sl\/wp-json\/wp\/v2\/product_cat?post=8852"},{"taxonomy":"product_tag","embeddable":true,"href":"https:\/\/www.meavia-mh.hr\/sl\/wp-json\/wp\/v2\/product_tag?post=8852"}],"curies":[{"name":"delovni list","href":"https:\/\/api.w.org\/{rel}","templated":true}]}}