{"id":8846,"date":"2021-09-08T20:05:34","date_gmt":"2021-09-08T20:05:34","guid":{"rendered":"https:\/\/www.meavia-mh.hr\/?post_type=product&#038;p=8846"},"modified":"2026-02-03T16:50:06","modified_gmt":"2026-02-03T15:50:06","slug":"cetkica-za-ciscenje-freza","status":"publish","type":"product","link":"https:\/\/www.meavia-mh.hr\/sl\/product\/cetkica-za-ciscenje-freza\/","title":{"rendered":"Profesionalna krta\u010da za \u010di\u0161\u010denje rezalnika"},"content":{"rendered":"<p>Krta\u010da za \u010di\u0161\u010denje krmila vam bo pomagala odstraniti najmanj\u0161e pra\u0161ne delce.<\/p>\n<p>Krta\u010da za \u010di\u0161\u010denje rezil iz debelih in trdih najlonskih vlaken, ki so posebej zasnovana za \u010di\u0161\u010denje <a href=\"https:\/\/www.meavia-mh.hr\/sl\/product\/set-nastavaka-freza-za-brusilicu-za-nokte\/\">rezalnik<\/a> in drugih rotacijskih rezalnikov pred postopkom sterilizacije. Omogo\u010da vam, da se znebite ostankov povrhnjice, prahu in drugih ne\u010disto\u010d, ki nastanejo med delom. Krta\u010da ima kovinski drsnik, ki prepre\u010duje deformacijo ali po\u0161kodbe vlaken ter omogo\u010da prilagajanje togosti in dol\u017eine \u0161\u010detin.<\/p>\n<p>Priporo\u010damo, da ko izdelek ni v uporabi, kovinski drsnik pritrdite na vrh \u0161\u010detin.<\/p>\n<p><span style=\"font-size: 16px;font-style: normal\">Srebrna, razko\u0161na barva \u010dopi\u010da se bo odli\u010dno podala v vsak interier salona za nohte.\u00a0<\/span><span style=\"font-size: 16px;font-style: normal\">\u00a0Zaradi oblike kladivca je odstranjevanje prahu enostavno in hitro, krta\u010da pa se popolnoma prilega roki.<\/span><\/p>\n<p>Izdelek je za profesionalno uporabo.<\/p>\n<p><strong>Tehni\u010dne specifikacije:<\/strong><\/p>\n<ul>\n<li>dol\u017eina krta\u010de: 60 mm<\/li>\n<li>\u0161irina \u010dopi\u010da: 20 mm<\/li>\n<\/ul>\n<h6>Pakiranje: 1 kos<\/h6>","protected":false},"excerpt":{"rendered":"<p>\u010cetkica za \u010di\u0161\u0107enje freza pomo\u0107i \u0107e vam ukloniti najsitnije \u010destice pra\u0161ine. \u010cetkica za \u010di\u0161\u0107enje freza napravljena od debljih i krutih najlonskih vlakana koja su specijalno dizajnirana za \u010di\u0161\u0107enje reza\u010da (freza) i drugih rotacijskih reza\u010da prije procesa sterilizacije.\u00a0Omogu\u0107uje vam da se rije\u0161ite ostataka epiderme, pra\u0161ine i drugih ne\u010disto\u0107a koje nastaju tijekom rada.\u00a0\u010cetkica ima metalni kliza\u010d koji [&hellip;]<\/p>\n","protected":false},"featured_media":8847,"comment_status":"closed","ping_status":"closed","template":"","meta":{"_uag_custom_page_level_css":"","site-sidebar-layout":"default","site-content-layout":null,"ast-site-content-layout":"default","site-content-style":"default","site-sidebar-style":"default","ast-global-header-display":"","ast-banner-title-visibility":"","ast-main-header-display":"","ast-hfb-above-header-display":"","ast-hfb-below-header-display":"","ast-hfb-mobile-header-display":"","site-post-title":"","ast-breadcrumbs-content":null,"ast-featured-img":"","footer-sml-layout":"","ast-disable-related-posts":"","theme-transparent-header-meta":"default","adv-header-id-meta":"","stick-header-meta":"default","header-above-stick-meta":"","header-main-stick-meta":"","header-below-stick-meta":"","astra-migrate-meta-layouts":"default","ast-page-background-enabled":"default","ast-page-background-meta":{"desktop":{"background-color":"var(--ast-global-color-4)","background-image":"","background-repeat":"repeat","background-position":"center center","background-size":"auto","background-attachment":"scroll","background-type":"","background-media":"","overlay-type":"","overlay-color":"","overlay-opacity":"","overlay-gradient":""},"tablet":{"background-color":"","background-image":"","background-repeat":"repeat","background-position":"center center","background-size":"auto","background-attachment":"scroll","background-type":"","background-media":"","overlay-type":"","overlay-color":"","overlay-opacity":"","overlay-gradient":""},"mobile":{"background-color":"","background-image":"","background-repeat":"repeat","background-position":"center center","background-size":"auto","background-attachment":"scroll","background-type":"","background-media":"","overlay-type":"","overlay-color":"","overlay-opacity":"","overlay-gradient":""}},"ast-content-background-meta":{"desktop":{"background-color":"var(--ast-global-color-5)","background-image":"","background-repeat":"repeat","background-position":"center center","background-size":"auto","background-attachment":"scroll","background-type":"","background-media":"","overlay-type":"","overlay-color":"","overlay-opacity":"","overlay-gradient":""},"tablet":{"background-color":"var(--ast-global-color-5)","background-image":"","background-repeat":"repeat","background-position":"center center","background-size":"auto","background-attachment":"scroll","background-type":"","background-media":"","overlay-type":"","overlay-color":"","overlay-opacity":"","overlay-gradient":""},"mobile":{"background-color":"var(--ast-global-color-5)","background-image":"","background-repeat":"repeat","background-position":"center center","background-size":"auto","background-attachment":"scroll","background-type":"","background-media":"","overlay-type":"","overlay-color":"","overlay-opacity":"","overlay-gradient":""}}},"product_brand":[],"product_cat":[24],"product_tag":[229],"class_list":{"0":"post-8846","1":"product","2":"type-product","3":"status-publish","4":"has-post-thumbnail","6":"product_cat-dodaci","7":"product_tag-cerkica-za-prasinu","8":"desktop-align-left","9":"tablet-align-left","10":"mobile-align-left","11":"ast-product-gallery-layout-horizontal-slider","12":"ast-product-tabs-layout-horizontal","14":"first","15":"instock","16":"taxable","17":"shipping-taxable","18":"purchasable","19":"product-type-simple"},"yoast_head":"<!-- This site is optimized with the Yoast SEO plugin v27.5 - https:\/\/yoast.com\/product\/yoast-seo-wordpress\/ -->\n<title>\u010cetkica za \u010di\u0161\u0107enje freza Pro &#8902; za manikuru i pedikuru Mea Via Beauty<\/title>\n<meta name=\"description\" content=\"\u010cetkica za \u010di\u0161\u0107enje freza Pro &#8902; savr\u0161ena \u010detkica za \u010di\u0161\u0107enje freza &#8902; temeljito otklanja sva zrnca pra\u0161ine sa nokta &#8902; \u010detka za pra\u0161inu\" \/>\n<meta name=\"robots\" content=\"index, follow, max-snippet:-1, max-image-preview:large, max-video-preview:-1\" \/>\n<link rel=\"canonical\" href=\"https:\/\/www.meavia-mh.hr\/sl\/product\/cetkica-za-ciscenje-freza\/\" \/>\n<meta property=\"og:locale\" content=\"sl_SI\" \/>\n<meta property=\"og:type\" content=\"article\" \/>\n<meta property=\"og:title\" content=\"\u010cetkica za \u010di\u0161\u0107enje freza Pro &#8902; za manikuru i pedikuru Mea Via Beauty\" \/>\n<meta property=\"og:description\" content=\"\u010cetkica za \u010di\u0161\u0107enje freza Pro &#8902; savr\u0161ena \u010detkica za \u010di\u0161\u0107enje freza &#8902; temeljito otklanja sva zrnca pra\u0161ine sa nokta &#8902; \u010detka za pra\u0161inu\" \/>\n<meta property=\"og:url\" content=\"https:\/\/www.meavia-mh.hr\/sl\/product\/cetkica-za-ciscenje-freza\/\" \/>\n<meta property=\"og:site_name\" content=\"Mea Via Beauty\" \/>\n<meta property=\"article:publisher\" content=\"https:\/\/www.facebook.com\/MeaViaNailsWorld\" \/>\n<meta property=\"article:modified_time\" content=\"2026-02-03T15:50:06+00:00\" \/>\n<meta property=\"og:image\" content=\"https:\/\/www.meavia-mh.hr\/wp-content\/uploads\/2021\/09\/ezgif.com-gif-maker-432.jpg\" \/>\n\t<meta property=\"og:image:width\" content=\"1594\" \/>\n\t<meta property=\"og:image:height\" content=\"1570\" \/>\n\t<meta property=\"og:image:type\" content=\"image\/jpeg\" \/>\n<meta name=\"twitter:card\" content=\"summary_large_image\" \/>\n<meta name=\"twitter:label1\" content=\"Est. reading time\" \/>\n\t<meta name=\"twitter:data1\" content=\"1 minuta\" \/>\n<script type=\"application\/ld+json\" class=\"yoast-schema-graph\">{\"@context\":\"https:\\\/\\\/schema.org\",\"@graph\":[{\"@type\":\"WebPage\",\"@id\":\"https:\\\/\\\/www.meavia-mh.hr\\\/product\\\/cetkica-za-ciscenje-freza\\\/\",\"url\":\"https:\\\/\\\/www.meavia-mh.hr\\\/product\\\/cetkica-za-ciscenje-freza\\\/\",\"name\":\"\u010cetkica za \u010di\u0161\u0107enje freza Pro &#8902; za manikuru i pedikuru Mea Via Beauty\",\"isPartOf\":{\"@id\":\"https:\\\/\\\/meavia-mh.hr\\\/sl\\\/#website\"},\"primaryImageOfPage\":{\"@id\":\"https:\\\/\\\/www.meavia-mh.hr\\\/product\\\/cetkica-za-ciscenje-freza\\\/#primaryimage\"},\"image\":{\"@id\":\"https:\\\/\\\/www.meavia-mh.hr\\\/product\\\/cetkica-za-ciscenje-freza\\\/#primaryimage\"},\"thumbnailUrl\":\"https:\\\/\\\/www.meavia-mh.hr\\\/wp-content\\\/uploads\\\/2021\\\/09\\\/ezgif.com-gif-maker-432.jpg\",\"datePublished\":\"2021-09-08T20:05:34+00:00\",\"dateModified\":\"2026-02-03T15:50:06+00:00\",\"description\":\"\u010cetkica za \u010di\u0161\u0107enje freza Pro &#8902; savr\u0161ena \u010detkica za \u010di\u0161\u0107enje freza &#8902; temeljito otklanja sva zrnca pra\u0161ine sa nokta &#8902; \u010detka za pra\u0161inu\",\"breadcrumb\":{\"@id\":\"https:\\\/\\\/www.meavia-mh.hr\\\/product\\\/cetkica-za-ciscenje-freza\\\/#breadcrumb\"},\"inLanguage\":\"sl-SI\",\"potentialAction\":[{\"@type\":\"ReadAction\",\"target\":[\"https:\\\/\\\/www.meavia-mh.hr\\\/product\\\/cetkica-za-ciscenje-freza\\\/\"]}]},{\"@type\":\"ImageObject\",\"inLanguage\":\"sl-SI\",\"@id\":\"https:\\\/\\\/www.meavia-mh.hr\\\/product\\\/cetkica-za-ciscenje-freza\\\/#primaryimage\",\"url\":\"https:\\\/\\\/www.meavia-mh.hr\\\/wp-content\\\/uploads\\\/2021\\\/09\\\/ezgif.com-gif-maker-432.jpg\",\"contentUrl\":\"https:\\\/\\\/www.meavia-mh.hr\\\/wp-content\\\/uploads\\\/2021\\\/09\\\/ezgif.com-gif-maker-432.jpg\",\"width\":1594,\"height\":1570,\"caption\":\"\u010cetkica za \u010di\u0161\u0107enje freza\"},{\"@type\":\"BreadcrumbList\",\"@id\":\"https:\\\/\\\/www.meavia-mh.hr\\\/product\\\/cetkica-za-ciscenje-freza\\\/#breadcrumb\",\"itemListElement\":[{\"@type\":\"ListItem\",\"position\":1,\"name\":\"Po\u010detna stranica\",\"item\":\"https:\\\/\\\/www.meavia-mh.hr\\\/\"},{\"@type\":\"ListItem\",\"position\":2,\"name\":\"Trgovina\",\"item\":\"https:\\\/\\\/meavia-mh.hr\\\/sl\\\/store\\\/\"},{\"@type\":\"ListItem\",\"position\":3,\"name\":\"\u010cetkica za \u010di\u0161\u0107enje freza Pro\"}]},{\"@type\":\"WebSite\",\"@id\":\"https:\\\/\\\/meavia-mh.hr\\\/sl\\\/#website\",\"url\":\"https:\\\/\\\/meavia-mh.hr\\\/sl\\\/\",\"name\":\"Mea Via Beauty\",\"description\":\"Only The Best For Your Beauty\",\"publisher\":{\"@id\":\"https:\\\/\\\/meavia-mh.hr\\\/sl\\\/#organization\"},\"alternateName\":\"Mea Via Nails\",\"potentialAction\":[{\"@type\":\"SearchAction\",\"target\":{\"@type\":\"EntryPoint\",\"urlTemplate\":\"https:\\\/\\\/meavia-mh.hr\\\/sl\\\/?s={search_term_string}\"},\"query-input\":{\"@type\":\"PropertyValueSpecification\",\"valueRequired\":true,\"valueName\":\"search_term_string\"}}],\"inLanguage\":\"sl-SI\"},{\"@type\":\"Organization\",\"@id\":\"https:\\\/\\\/meavia-mh.hr\\\/sl\\\/#organization\",\"name\":\"Mea Via Nails World\",\"alternateName\":\"Mea Via\",\"url\":\"https:\\\/\\\/meavia-mh.hr\\\/sl\\\/\",\"logo\":{\"@type\":\"ImageObject\",\"inLanguage\":\"sl-SI\",\"@id\":\"https:\\\/\\\/meavia-mh.hr\\\/sl\\\/#\\\/schema\\\/logo\\\/image\\\/\",\"url\":\"https:\\\/\\\/www.meavia-mh.hr\\\/wp-content\\\/uploads\\\/2020\\\/12\\\/Mea-Via.png\",\"contentUrl\":\"https:\\\/\\\/www.meavia-mh.hr\\\/wp-content\\\/uploads\\\/2020\\\/12\\\/Mea-Via.png\",\"width\":1181,\"height\":393,\"caption\":\"Mea Via Nails World\"},\"image\":{\"@id\":\"https:\\\/\\\/meavia-mh.hr\\\/sl\\\/#\\\/schema\\\/logo\\\/image\\\/\"},\"sameAs\":[\"https:\\\/\\\/www.facebook.com\\\/MeaViaNailsWorld\",\"https:\\\/\\\/www.instagram.com\\\/mea_via_nails_world\\\/\",\"https:\\\/\\\/www.youtube.com\\\/channel\\\/UCECk0hpRWP6TN-EfA4ER96g\\\/featured\"]}]}<\/script>\n<!-- \/ Yoast SEO plugin. -->","yoast_head_json":{"title":"\u010cetkica za \u010di\u0161\u0107enje freza Pro &#8902; za manikuru i pedikuru Mea Via Beauty","description":"\u010cetkica za \u010di\u0161\u0107enje freza Pro &#8902; savr\u0161ena \u010detkica za \u010di\u0161\u0107enje freza &#8902; temeljito otklanja sva zrnca pra\u0161ine sa nokta &#8902; \u010detka za pra\u0161inu","robots":{"index":"index","follow":"follow","max-snippet":"max-snippet:-1","max-image-preview":"max-image-preview:large","max-video-preview":"max-video-preview:-1"},"canonical":"https:\/\/www.meavia-mh.hr\/sl\/product\/cetkica-za-ciscenje-freza\/","og_locale":"sl_SI","og_type":"article","og_title":"\u010cetkica za \u010di\u0161\u0107enje freza Pro &#8902; za manikuru i pedikuru Mea Via Beauty","og_description":"\u010cetkica za \u010di\u0161\u0107enje freza Pro &#8902; savr\u0161ena \u010detkica za \u010di\u0161\u0107enje freza &#8902; temeljito otklanja sva zrnca pra\u0161ine sa nokta &#8902; \u010detka za pra\u0161inu","og_url":"https:\/\/www.meavia-mh.hr\/sl\/product\/cetkica-za-ciscenje-freza\/","og_site_name":"Mea Via Beauty","article_publisher":"https:\/\/www.facebook.com\/MeaViaNailsWorld","article_modified_time":"2026-02-03T15:50:06+00:00","og_image":[{"width":1594,"height":1570,"url":"https:\/\/www.meavia-mh.hr\/wp-content\/uploads\/2021\/09\/ezgif.com-gif-maker-432.jpg","type":"image\/jpeg"}],"twitter_card":"summary_large_image","twitter_misc":{"Est. reading time":"1 minuta"},"schema":{"@context":"https:\/\/schema.org","@graph":[{"@type":"WebPage","@id":"https:\/\/www.meavia-mh.hr\/product\/cetkica-za-ciscenje-freza\/","url":"https:\/\/www.meavia-mh.hr\/product\/cetkica-za-ciscenje-freza\/","name":"\u010cetkica za \u010di\u0161\u0107enje freza Pro &#8902; za manikuru i pedikuru Mea Via Beauty","isPartOf":{"@id":"https:\/\/meavia-mh.hr\/sl\/#website"},"primaryImageOfPage":{"@id":"https:\/\/www.meavia-mh.hr\/product\/cetkica-za-ciscenje-freza\/#primaryimage"},"image":{"@id":"https:\/\/www.meavia-mh.hr\/product\/cetkica-za-ciscenje-freza\/#primaryimage"},"thumbnailUrl":"https:\/\/www.meavia-mh.hr\/wp-content\/uploads\/2021\/09\/ezgif.com-gif-maker-432.jpg","datePublished":"2021-09-08T20:05:34+00:00","dateModified":"2026-02-03T15:50:06+00:00","description":"\u010cetkica za \u010di\u0161\u0107enje freza Pro &#8902; savr\u0161ena \u010detkica za \u010di\u0161\u0107enje freza &#8902; temeljito otklanja sva zrnca pra\u0161ine sa nokta &#8902; \u010detka za pra\u0161inu","breadcrumb":{"@id":"https:\/\/www.meavia-mh.hr\/product\/cetkica-za-ciscenje-freza\/#breadcrumb"},"inLanguage":"sl-SI","potentialAction":[{"@type":"ReadAction","target":["https:\/\/www.meavia-mh.hr\/product\/cetkica-za-ciscenje-freza\/"]}]},{"@type":"ImageObject","inLanguage":"sl-SI","@id":"https:\/\/www.meavia-mh.hr\/product\/cetkica-za-ciscenje-freza\/#primaryimage","url":"https:\/\/www.meavia-mh.hr\/wp-content\/uploads\/2021\/09\/ezgif.com-gif-maker-432.jpg","contentUrl":"https:\/\/www.meavia-mh.hr\/wp-content\/uploads\/2021\/09\/ezgif.com-gif-maker-432.jpg","width":1594,"height":1570,"caption":"\u010cetkica za \u010di\u0161\u0107enje freza"},{"@type":"BreadcrumbList","@id":"https:\/\/www.meavia-mh.hr\/product\/cetkica-za-ciscenje-freza\/#breadcrumb","itemListElement":[{"@type":"ListItem","position":1,"name":"Po\u010detna stranica","item":"https:\/\/www.meavia-mh.hr\/"},{"@type":"ListItem","position":2,"name":"Trgovina","item":"https:\/\/meavia-mh.hr\/sl\/store\/"},{"@type":"ListItem","position":3,"name":"\u010cetkica za \u010di\u0161\u0107enje freza Pro"}]},{"@type":"WebSite","@id":"https:\/\/meavia-mh.hr\/sl\/#website","url":"https:\/\/meavia-mh.hr\/sl\/","name":"MEA VIA BEAUTY","description":"Only The Best For Your Beauty","publisher":{"@id":"https:\/\/meavia-mh.hr\/sl\/#organization"},"alternateName":"Mea Via Nails","potentialAction":[{"@type":"SearchAction","target":{"@type":"EntryPoint","urlTemplate":"https:\/\/meavia-mh.hr\/sl\/?s={search_term_string}"},"query-input":{"@type":"PropertyValueSpecification","valueRequired":true,"valueName":"search_term_string"}}],"inLanguage":"sl-SI"},{"@type":"Organization","@id":"https:\/\/meavia-mh.hr\/sl\/#organization","name":"Mea Via Nails World","alternateName":"Mea Via","url":"https:\/\/meavia-mh.hr\/sl\/","logo":{"@type":"ImageObject","inLanguage":"sl-SI","@id":"https:\/\/meavia-mh.hr\/sl\/#\/schema\/logo\/image\/","url":"https:\/\/www.meavia-mh.hr\/wp-content\/uploads\/2020\/12\/Mea-Via.png","contentUrl":"https:\/\/www.meavia-mh.hr\/wp-content\/uploads\/2020\/12\/Mea-Via.png","width":1181,"height":393,"caption":"Mea Via Nails World"},"image":{"@id":"https:\/\/meavia-mh.hr\/sl\/#\/schema\/logo\/image\/"},"sameAs":["https:\/\/www.facebook.com\/MeaViaNailsWorld","https:\/\/www.instagram.com\/mea_via_nails_world\/","https:\/\/www.youtube.com\/channel\/UCECk0hpRWP6TN-EfA4ER96g\/featured"]}]}},"spectra_custom_meta":{"_sku":["5901960300641"],"_regular_price":["4.90"],"total_sales":["6"],"_tax_status":["taxable"],"_tax_class":[""],"_manage_stock":["yes"],"_backorders":["no"],"_sold_individually":["no"],"_virtual":["no"],"_downloadable":["no"],"_product_image_gallery":["8848,8849"],"_download_limit":["-1"],"_download_expiry":["-1"],"_thumbnail_id":["8847"],"_stock":["9"],"_stock_status":["instock"],"_wc_average_rating":["0"],"_wc_review_count":["0"],"_product_version":["10.4.3"],"_price":["4.90"],"_wp_page_template":["default"],"_yoast_wpseo_focuskw":["\u010cetkica za \u010di\u0161\u0107enje freza"],"_yoast_wpseo_metadesc":["%%title%% %%sep%% savr\u0161ena \u010detkica za \u010di\u0161\u0107enje freza %%sep%% temeljito otklanja sva zrnca pra\u0161ine sa nokta %%sep%% \u010detka za pra\u0161inu"],"_yoast_wpseo_linkdex":["70"],"_yoast_wpseo_content_score":["90"],"_yoast_wpseo_primary_product_cat":["24"],"site-sidebar-layout":["default"],"site-content-layout":[null],"theme-transparent-header-meta":["default"],"stick-header-meta":["default"],"_yoast_wpseo_estimated-reading-time-minutes":["1"],"_woocs_price_geo_countries":[""],"_woocs_regular_price_geo":[""],"_woocs_sale_price_geo":[""],"cartflows_redirect_flow_id":[""],"cartflows_add_to_cart_text":[""],"_yoast_wpseo_title":["%%title%% %%page%% %%sep%% za manikuru i pedikuru %%sitename%%"],"_edit_lock":["1766933285:1239"],"_edit_last":["1239"],"_woocs_regular_price_EUR":["3.97"],"_woocs_sale_price_EUR":["-1"],"uag_migration_processed":["1"],"ast-above-header-display":[null],"ast-below-header-display":[null],"footer-adv-display":[null],"adv-header-id-meta":[""],"ast-breadcrumbs-content":[null],"_last_change_time":["1766933285"],"_elementor_page_assets":["a:0:{}"],"_uag_page_assets":["a:9:{s:3:\"css\";s:0:\"\";s:2:\"js\";s:0:\"\";s:18:\"current_block_list\";a:3:{i:0;s:11:\"core\/search\";i:1;s:18:\"core\/legacy-widget\";i:2;s:27:\"woocommerce\/product-filters\";}s:8:\"uag_flag\";b:0;s:11:\"uag_version\";s:10:\"1777454944\";s:6:\"gfonts\";a:0:{}s:10:\"gfonts_url\";s:0:\"\";s:12:\"gfonts_files\";a:0:{}s:14:\"uag_faq_layout\";b:0;}"]},"uagb_featured_image_src":{"full":["https:\/\/www.meavia-mh.hr\/wp-content\/uploads\/2021\/09\/ezgif.com-gif-maker-432.jpg",1594,1570,false],"thumbnail":["https:\/\/www.meavia-mh.hr\/wp-content\/uploads\/2021\/09\/ezgif.com-gif-maker-432-150x150.jpg",150,150,true],"medium":["https:\/\/www.meavia-mh.hr\/wp-content\/uploads\/2021\/09\/ezgif.com-gif-maker-432-300x295.jpg",300,295,true],"medium_large":["https:\/\/www.meavia-mh.hr\/wp-content\/uploads\/2021\/09\/ezgif.com-gif-maker-432-768x756.jpg",768,756,true],"large":["https:\/\/www.meavia-mh.hr\/wp-content\/uploads\/2021\/09\/ezgif.com-gif-maker-432-1024x1009.jpg",1024,1009,true],"1536x1536":["https:\/\/www.meavia-mh.hr\/wp-content\/uploads\/2021\/09\/ezgif.com-gif-maker-432-1536x1513.jpg",1536,1513,true],"2048x2048":["https:\/\/www.meavia-mh.hr\/wp-content\/uploads\/2021\/09\/ezgif.com-gif-maker-432.jpg",1594,1570,false],"trp-custom-language-flag":["https:\/\/www.meavia-mh.hr\/wp-content\/uploads\/2021\/09\/ezgif.com-gif-maker-432-12x12.jpg",12,12,true],"woocommerce_thumbnail":["https:\/\/www.meavia-mh.hr\/wp-content\/uploads\/2021\/09\/ezgif.com-gif-maker-432-300x300.jpg",300,300,true],"woocommerce_single":["https:\/\/www.meavia-mh.hr\/wp-content\/uploads\/2021\/09\/ezgif.com-gif-maker-432-600x591.jpg",600,591,true],"woocommerce_gallery_thumbnail":["https:\/\/www.meavia-mh.hr\/wp-content\/uploads\/2021\/09\/ezgif.com-gif-maker-432-100x100.jpg",100,100,true]},"uagb_author_info":{"display_name":"Mea Via","author_link":"https:\/\/www.meavia-mh.hr\/sl\/author\/"},"uagb_comment_info":0,"uagb_excerpt":"\u010cetkica za \u010di\u0161\u0107enje freza pomo\u0107i \u0107e vam ukloniti najsitnije \u010destice pra\u0161ine. \u010cetkica za \u010di\u0161\u0107enje freza napravljena od debljih i krutih najlonskih vlakana koja su specijalno dizajnirana za \u010di\u0161\u0107enje reza\u010da (freza) i drugih rotacijskih reza\u010da prije procesa sterilizacije.\u00a0Omogu\u0107uje vam da se rije\u0161ite ostataka epiderme, pra\u0161ine i drugih ne\u010disto\u0107a koje nastaju tijekom rada.\u00a0\u010cetkica ima metalni kliza\u010d koji&hellip;","_links":{"self":[{"href":"https:\/\/www.meavia-mh.hr\/sl\/wp-json\/wp\/v2\/product\/8846","targetHints":{"allow":["GET"]}}],"collection":[{"href":"https:\/\/www.meavia-mh.hr\/sl\/wp-json\/wp\/v2\/product"}],"about":[{"href":"https:\/\/www.meavia-mh.hr\/sl\/wp-json\/wp\/v2\/types\/product"}],"replies":[{"embeddable":true,"href":"https:\/\/www.meavia-mh.hr\/sl\/wp-json\/wp\/v2\/comments?post=8846"}],"version-history":[{"count":2,"href":"https:\/\/www.meavia-mh.hr\/sl\/wp-json\/wp\/v2\/product\/8846\/revisions"}],"predecessor-version":[{"id":45438,"href":"https:\/\/www.meavia-mh.hr\/sl\/wp-json\/wp\/v2\/product\/8846\/revisions\/45438"}],"wp:featuredmedia":[{"embeddable":true,"href":"https:\/\/www.meavia-mh.hr\/sl\/wp-json\/wp\/v2\/media\/8847"}],"wp:attachment":[{"href":"https:\/\/www.meavia-mh.hr\/sl\/wp-json\/wp\/v2\/media?parent=8846"}],"wp:term":[{"taxonomy":"product_brand","embeddable":true,"href":"https:\/\/www.meavia-mh.hr\/sl\/wp-json\/wp\/v2\/product_brand?post=8846"},{"taxonomy":"product_cat","embeddable":true,"href":"https:\/\/www.meavia-mh.hr\/sl\/wp-json\/wp\/v2\/product_cat?post=8846"},{"taxonomy":"product_tag","embeddable":true,"href":"https:\/\/www.meavia-mh.hr\/sl\/wp-json\/wp\/v2\/product_tag?post=8846"}],"curies":[{"name":"delovni list","href":"https:\/\/api.w.org\/{rel}","templated":true}]}}