{"id":8275,"date":"2021-08-13T16:04:17","date_gmt":"2021-08-13T16:04:17","guid":{"rendered":"https:\/\/www.meavia-mh.hr\/?post_type=product&#038;p=8275"},"modified":"2024-07-05T15:47:54","modified_gmt":"2024-07-05T15:47:54","slug":"reklami-album-na-nokte","status":"publish","type":"product","link":"https:\/\/www.meavia-mh.hr\/sl\/product\/reklami-album-na-nokte\/","title":{"rendered":"Ogla\u0161ujte album laka za nohte"},"content":{"rendered":"<p>Reklamni album lakov za nohte je va\u0161a najljub\u0161a knjiga, namenjena va\u0161im najljub\u0161im barvam ali predstavitvi va\u0161ih nohtov. Album se odpira s pomo\u010djo magnetnega traku in je zelo enostaven in prakti\u010den za uporabo.<\/p>\n<p>Reklamni album za nohte vsebuje prostor za 120 barv. Va\u0161e najljub\u0161e barve izgledajo \u0161e posebej dobro z na\u0161imi vrstami 3D ogla\u0161evanja.<\/p>\n<ul>\n<li>\u00a0<a href=\"https:\/\/www.meavia-mh.hr\/sl\/product\/reklame-tipse-za-nokte-s\/\">3D reklamne vrste v obliki srca<\/a>\u00a0ali<\/li>\n<li><a href=\"https:\/\/www.meavia-mh.hr\/sl\/product\/reklame-tipse-za-nokte-m\/\">3D reklamni nastavki v obliki pentlje (na voljo v na\u0161i trgovini).<\/a><\/li>\n<\/ul>\n<h6>Pakirano: 1 album<\/h6>\n<p><strong style=\"font-size: 16px;font-style: normal\">\u0160tevilo mest za reklamne barve: 120<\/strong><\/p>\n<p>Dimenzije: 21,7 x 18 x 3,3 cm<\/p>\n<p><strong>Barva: bela<\/strong><\/p>\n<p>&nbsp;<\/p>","protected":false},"excerpt":{"rendered":"<p>Reklamni album lakova za nokte va\u0161a je najdra\u017ea knjiga namjenjena va\u0161im najdra\u017eim bojama ili prezentaciji va\u0161ih nail radova. Album \u00a0se otvara pomo\u0107i magnetne trake i vrlo je jednostavan i prakti\u010dan za kori\u0161tenje. Reklami album na nokte sadr\u017ei mjesto za 120 boja. Va\u0161e omiljene boje posebno dobro izgledaju sa na\u0161im 3D reklamnim tipsama. \u00a03D reklamnim tipsama [&hellip;]<\/p>\n","protected":false},"featured_media":8287,"comment_status":"open","ping_status":"closed","template":"","meta":{"_uag_custom_page_level_css":"","site-sidebar-layout":"default","site-content-layout":"default","ast-site-content-layout":"default","site-content-style":"default","site-sidebar-style":"default","ast-global-header-display":"","ast-banner-title-visibility":"","ast-main-header-display":"","ast-hfb-above-header-display":"","ast-hfb-below-header-display":"","ast-hfb-mobile-header-display":"","site-post-title":"","ast-breadcrumbs-content":"","ast-featured-img":"","footer-sml-layout":"","ast-disable-related-posts":"","theme-transparent-header-meta":"default","adv-header-id-meta":"","stick-header-meta":"default","header-above-stick-meta":"","header-main-stick-meta":"","header-below-stick-meta":null,"astra-migrate-meta-layouts":"default","ast-page-background-enabled":"default","ast-page-background-meta":{"desktop":{"background-color":"var(--ast-global-color-4)","background-image":"","background-repeat":"repeat","background-position":"center center","background-size":"auto","background-attachment":"scroll","background-type":"","background-media":"","overlay-type":"","overlay-color":"","overlay-opacity":"","overlay-gradient":""},"tablet":{"background-color":"","background-image":"","background-repeat":"repeat","background-position":"center center","background-size":"auto","background-attachment":"scroll","background-type":"","background-media":"","overlay-type":"","overlay-color":"","overlay-opacity":"","overlay-gradient":""},"mobile":{"background-color":"","background-image":"","background-repeat":"repeat","background-position":"center center","background-size":"auto","background-attachment":"scroll","background-type":"","background-media":"","overlay-type":"","overlay-color":"","overlay-opacity":"","overlay-gradient":""}},"ast-content-background-meta":{"desktop":{"background-color":"var(--ast-global-color-5)","background-image":"","background-repeat":"repeat","background-position":"center center","background-size":"auto","background-attachment":"scroll","background-type":"","background-media":"","overlay-type":"","overlay-color":"","overlay-opacity":"","overlay-gradient":""},"tablet":{"background-color":"var(--ast-global-color-5)","background-image":"","background-repeat":"repeat","background-position":"center center","background-size":"auto","background-attachment":"scroll","background-type":"","background-media":"","overlay-type":"","overlay-color":"","overlay-opacity":"","overlay-gradient":""},"mobile":{"background-color":"var(--ast-global-color-5)","background-image":"","background-repeat":"repeat","background-position":"center center","background-size":"auto","background-attachment":"scroll","background-type":"","background-media":"","overlay-type":"","overlay-color":"","overlay-opacity":"","overlay-gradient":""}}},"product_brand":[],"product_cat":[24],"product_tag":[299,260,129],"class_list":{"0":"post-8275","1":"product","2":"type-product","3":"status-publish","4":"has-post-thumbnail","6":"product_cat-dodaci","7":"product_tag-album","8":"product_tag-display","9":"product_tag-tipse","10":"desktop-align-left","11":"tablet-align-left","12":"mobile-align-left","13":"ast-product-gallery-layout-horizontal-slider","14":"ast-product-tabs-layout-horizontal","16":"first","17":"outofstock","18":"taxable","19":"shipping-taxable","20":"purchasable","21":"product-type-simple"},"yoast_head":"<!-- This site is optimized with the Yoast SEO plugin v27.4 - https:\/\/yoast.com\/product\/yoast-seo-wordpress\/ -->\n<title>Reklami album lakova za nokte &#8902; 120 boja &#8902; Mea Via Beauty<\/title>\n<meta name=\"description\" content=\"Mea Via Beauty &#8902; Reklami album lakova za nokte &#8902; za plasti\u010dne reklamne tipse &#8902; za nail prezentaciju &#8902; za prezentaciju 120 boja lakova\" \/>\n<meta name=\"robots\" content=\"index, follow, max-snippet:-1, max-image-preview:large, max-video-preview:-1\" \/>\n<link rel=\"canonical\" href=\"https:\/\/www.meavia-mh.hr\/sl\/product\/reklami-album-na-nokte\/\" \/>\n<meta property=\"og:locale\" content=\"sl_SI\" \/>\n<meta property=\"og:type\" content=\"article\" \/>\n<meta property=\"og:title\" content=\"Reklami album lakova za nokte &#8902; 120 boja &#8902; Mea Via Beauty\" \/>\n<meta property=\"og:description\" content=\"Mea Via Beauty &#8902; Reklami album lakova za nokte &#8902; za plasti\u010dne reklamne tipse &#8902; za nail prezentaciju &#8902; za prezentaciju 120 boja lakova\" \/>\n<meta property=\"og:url\" content=\"https:\/\/www.meavia-mh.hr\/sl\/product\/reklami-album-na-nokte\/\" \/>\n<meta property=\"og:site_name\" content=\"Mea Via Beauty\" \/>\n<meta property=\"article:publisher\" content=\"https:\/\/www.facebook.com\/MeaViaNailsWorld\" \/>\n<meta property=\"article:modified_time\" content=\"2024-07-05T15:47:54+00:00\" \/>\n<meta property=\"og:image\" content=\"https:\/\/www.meavia-mh.hr\/wp-content\/uploads\/2021\/08\/img_5_308-Colors-Nail-Tips-Display-Book-DIY-Nail-Art-Showing-Shelf-Gel-Nail-Polish-Color-Card.jpg_.webp.jpg\" \/>\n\t<meta property=\"og:image:width\" content=\"800\" \/>\n\t<meta property=\"og:image:height\" content=\"800\" \/>\n\t<meta property=\"og:image:type\" content=\"image\/jpeg\" \/>\n<meta name=\"twitter:card\" content=\"summary_large_image\" \/>\n<meta name=\"twitter:label1\" content=\"Est. reading time\" \/>\n\t<meta name=\"twitter:data1\" content=\"1 minuta\" \/>\n<script type=\"application\/ld+json\" class=\"yoast-schema-graph\">{\"@context\":\"https:\\\/\\\/schema.org\",\"@graph\":[{\"@type\":\"WebPage\",\"@id\":\"https:\\\/\\\/www.meavia-mh.hr\\\/product\\\/reklami-album-na-nokte\\\/\",\"url\":\"https:\\\/\\\/www.meavia-mh.hr\\\/product\\\/reklami-album-na-nokte\\\/\",\"name\":\"Reklami album lakova za nokte &#8902; 120 boja &#8902; Mea Via Beauty\",\"isPartOf\":{\"@id\":\"https:\\\/\\\/meavia-mh.hr\\\/sl\\\/#website\"},\"primaryImageOfPage\":{\"@id\":\"https:\\\/\\\/www.meavia-mh.hr\\\/product\\\/reklami-album-na-nokte\\\/#primaryimage\"},\"image\":{\"@id\":\"https:\\\/\\\/www.meavia-mh.hr\\\/product\\\/reklami-album-na-nokte\\\/#primaryimage\"},\"thumbnailUrl\":\"https:\\\/\\\/www.meavia-mh.hr\\\/wp-content\\\/uploads\\\/2021\\\/08\\\/img_5_308-Colors-Nail-Tips-Display-Book-DIY-Nail-Art-Showing-Shelf-Gel-Nail-Polish-Color-Card.jpg_.webp.jpg\",\"datePublished\":\"2021-08-13T16:04:17+00:00\",\"dateModified\":\"2024-07-05T15:47:54+00:00\",\"description\":\"Mea Via Beauty &#8902; Reklami album lakova za nokte &#8902; za plasti\u010dne reklamne tipse &#8902; za nail prezentaciju &#8902; za prezentaciju 120 boja lakova\",\"breadcrumb\":{\"@id\":\"https:\\\/\\\/www.meavia-mh.hr\\\/product\\\/reklami-album-na-nokte\\\/#breadcrumb\"},\"inLanguage\":\"sl-SI\",\"potentialAction\":[{\"@type\":\"ReadAction\",\"target\":[\"https:\\\/\\\/www.meavia-mh.hr\\\/product\\\/reklami-album-na-nokte\\\/\"]}]},{\"@type\":\"ImageObject\",\"inLanguage\":\"sl-SI\",\"@id\":\"https:\\\/\\\/www.meavia-mh.hr\\\/product\\\/reklami-album-na-nokte\\\/#primaryimage\",\"url\":\"https:\\\/\\\/www.meavia-mh.hr\\\/wp-content\\\/uploads\\\/2021\\\/08\\\/img_5_308-Colors-Nail-Tips-Display-Book-DIY-Nail-Art-Showing-Shelf-Gel-Nail-Polish-Color-Card.jpg_.webp.jpg\",\"contentUrl\":\"https:\\\/\\\/www.meavia-mh.hr\\\/wp-content\\\/uploads\\\/2021\\\/08\\\/img_5_308-Colors-Nail-Tips-Display-Book-DIY-Nail-Art-Showing-Shelf-Gel-Nail-Polish-Color-Card.jpg_.webp.jpg\",\"width\":800,\"height\":800,\"caption\":\"Reklami album lakova za nokte\"},{\"@type\":\"BreadcrumbList\",\"@id\":\"https:\\\/\\\/www.meavia-mh.hr\\\/product\\\/reklami-album-na-nokte\\\/#breadcrumb\",\"itemListElement\":[{\"@type\":\"ListItem\",\"position\":1,\"name\":\"Po\u010detna stranica\",\"item\":\"https:\\\/\\\/www.meavia-mh.hr\\\/\"},{\"@type\":\"ListItem\",\"position\":2,\"name\":\"Trgovina\",\"item\":\"https:\\\/\\\/meavia-mh.hr\\\/sl\\\/store\\\/\"},{\"@type\":\"ListItem\",\"position\":3,\"name\":\"Reklami album lakova za nokte\"}]},{\"@type\":\"WebSite\",\"@id\":\"https:\\\/\\\/meavia-mh.hr\\\/sl\\\/#website\",\"url\":\"https:\\\/\\\/meavia-mh.hr\\\/sl\\\/\",\"name\":\"Mea Via Beauty\",\"description\":\"Only The Best For Your Beauty\",\"publisher\":{\"@id\":\"https:\\\/\\\/meavia-mh.hr\\\/sl\\\/#organization\"},\"alternateName\":\"Mea Via Nails\",\"potentialAction\":[{\"@type\":\"SearchAction\",\"target\":{\"@type\":\"EntryPoint\",\"urlTemplate\":\"https:\\\/\\\/meavia-mh.hr\\\/sl\\\/?s={search_term_string}\"},\"query-input\":{\"@type\":\"PropertyValueSpecification\",\"valueRequired\":true,\"valueName\":\"search_term_string\"}}],\"inLanguage\":\"sl-SI\"},{\"@type\":\"Organization\",\"@id\":\"https:\\\/\\\/meavia-mh.hr\\\/sl\\\/#organization\",\"name\":\"Mea Via Nails World\",\"alternateName\":\"Mea Via\",\"url\":\"https:\\\/\\\/meavia-mh.hr\\\/sl\\\/\",\"logo\":{\"@type\":\"ImageObject\",\"inLanguage\":\"sl-SI\",\"@id\":\"https:\\\/\\\/meavia-mh.hr\\\/sl\\\/#\\\/schema\\\/logo\\\/image\\\/\",\"url\":\"https:\\\/\\\/www.meavia-mh.hr\\\/wp-content\\\/uploads\\\/2020\\\/12\\\/Mea-Via.png\",\"contentUrl\":\"https:\\\/\\\/www.meavia-mh.hr\\\/wp-content\\\/uploads\\\/2020\\\/12\\\/Mea-Via.png\",\"width\":1181,\"height\":393,\"caption\":\"Mea Via Nails World\"},\"image\":{\"@id\":\"https:\\\/\\\/meavia-mh.hr\\\/sl\\\/#\\\/schema\\\/logo\\\/image\\\/\"},\"sameAs\":[\"https:\\\/\\\/www.facebook.com\\\/MeaViaNailsWorld\",\"https:\\\/\\\/www.instagram.com\\\/mea_via_nails_world\\\/\",\"https:\\\/\\\/www.youtube.com\\\/channel\\\/UCECk0hpRWP6TN-EfA4ER96g\\\/featured\"]}]}<\/script>\n<!-- \/ Yoast SEO plugin. -->","yoast_head_json":{"title":"Album za lake za nohte \u22c6 120 barv \u22c6 Mea Via Beauty","description":"Mea Via Beauty \u22c6 Ogla\u0161evalski album lakov za nohte \u22c6 za plasti\u010dne ogla\u0161evalske nasvete \u22c6 za predstavitev nohtov \u22c6 za predstavitev 120 barv lakov za nohte","robots":{"index":"index","follow":"follow","max-snippet":"max-snippet:-1","max-image-preview":"max-image-preview:large","max-video-preview":"max-video-preview:-1"},"canonical":"https:\/\/www.meavia-mh.hr\/sl\/product\/reklami-album-na-nokte\/","og_locale":"sl_SI","og_type":"article","og_title":"Reklami album lakova za nokte &#8902; 120 boja &#8902; Mea Via Beauty","og_description":"Mea Via Beauty &#8902; Reklami album lakova za nokte &#8902; za plasti\u010dne reklamne tipse &#8902; za nail prezentaciju &#8902; za prezentaciju 120 boja lakova","og_url":"https:\/\/www.meavia-mh.hr\/sl\/product\/reklami-album-na-nokte\/","og_site_name":"Mea Via Beauty","article_publisher":"https:\/\/www.facebook.com\/MeaViaNailsWorld","article_modified_time":"2024-07-05T15:47:54+00:00","og_image":[{"width":800,"height":800,"url":"https:\/\/www.meavia-mh.hr\/wp-content\/uploads\/2021\/08\/img_5_308-Colors-Nail-Tips-Display-Book-DIY-Nail-Art-Showing-Shelf-Gel-Nail-Polish-Color-Card.jpg_.webp.jpg","type":"image\/jpeg"}],"twitter_card":"summary_large_image","twitter_misc":{"Est. reading time":"1 minuta"},"schema":{"@context":"https:\/\/schema.org","@graph":[{"@type":"WebPage","@id":"https:\/\/www.meavia-mh.hr\/product\/reklami-album-na-nokte\/","url":"https:\/\/www.meavia-mh.hr\/product\/reklami-album-na-nokte\/","name":"Album za lake za nohte \u22c6 120 barv \u22c6 Mea Via Beauty","isPartOf":{"@id":"https:\/\/meavia-mh.hr\/sl\/#website"},"primaryImageOfPage":{"@id":"https:\/\/www.meavia-mh.hr\/product\/reklami-album-na-nokte\/#primaryimage"},"image":{"@id":"https:\/\/www.meavia-mh.hr\/product\/reklami-album-na-nokte\/#primaryimage"},"thumbnailUrl":"https:\/\/www.meavia-mh.hr\/wp-content\/uploads\/2021\/08\/img_5_308-Colors-Nail-Tips-Display-Book-DIY-Nail-Art-Showing-Shelf-Gel-Nail-Polish-Color-Card.jpg_.webp.jpg","datePublished":"2021-08-13T16:04:17+00:00","dateModified":"2024-07-05T15:47:54+00:00","description":"Mea Via Beauty \u22c6 Ogla\u0161evalski album lakov za nohte \u22c6 za plasti\u010dne ogla\u0161evalske nasvete \u22c6 za predstavitev nohtov \u22c6 za predstavitev 120 barv lakov za nohte","breadcrumb":{"@id":"https:\/\/www.meavia-mh.hr\/product\/reklami-album-na-nokte\/#breadcrumb"},"inLanguage":"sl-SI","potentialAction":[{"@type":"ReadAction","target":["https:\/\/www.meavia-mh.hr\/product\/reklami-album-na-nokte\/"]}]},{"@type":"ImageObject","inLanguage":"sl-SI","@id":"https:\/\/www.meavia-mh.hr\/product\/reklami-album-na-nokte\/#primaryimage","url":"https:\/\/www.meavia-mh.hr\/wp-content\/uploads\/2021\/08\/img_5_308-Colors-Nail-Tips-Display-Book-DIY-Nail-Art-Showing-Shelf-Gel-Nail-Polish-Color-Card.jpg_.webp.jpg","contentUrl":"https:\/\/www.meavia-mh.hr\/wp-content\/uploads\/2021\/08\/img_5_308-Colors-Nail-Tips-Display-Book-DIY-Nail-Art-Showing-Shelf-Gel-Nail-Polish-Color-Card.jpg_.webp.jpg","width":800,"height":800,"caption":"Reklami album lakova za nokte"},{"@type":"BreadcrumbList","@id":"https:\/\/www.meavia-mh.hr\/product\/reklami-album-na-nokte\/#breadcrumb","itemListElement":[{"@type":"ListItem","position":1,"name":"Po\u010detna stranica","item":"https:\/\/www.meavia-mh.hr\/"},{"@type":"ListItem","position":2,"name":"Trgovina","item":"https:\/\/meavia-mh.hr\/sl\/store\/"},{"@type":"ListItem","position":3,"name":"Reklami album lakova za nokte"}]},{"@type":"WebSite","@id":"https:\/\/meavia-mh.hr\/sl\/#website","url":"https:\/\/meavia-mh.hr\/sl\/","name":"MEA VIA BEAUTY","description":"Only The Best For Your Beauty","publisher":{"@id":"https:\/\/meavia-mh.hr\/sl\/#organization"},"alternateName":"Mea Via Nails","potentialAction":[{"@type":"SearchAction","target":{"@type":"EntryPoint","urlTemplate":"https:\/\/meavia-mh.hr\/sl\/?s={search_term_string}"},"query-input":{"@type":"PropertyValueSpecification","valueRequired":true,"valueName":"search_term_string"}}],"inLanguage":"sl-SI"},{"@type":"Organization","@id":"https:\/\/meavia-mh.hr\/sl\/#organization","name":"Mea Via Nails World","alternateName":"Mea Via","url":"https:\/\/meavia-mh.hr\/sl\/","logo":{"@type":"ImageObject","inLanguage":"sl-SI","@id":"https:\/\/meavia-mh.hr\/sl\/#\/schema\/logo\/image\/","url":"https:\/\/www.meavia-mh.hr\/wp-content\/uploads\/2020\/12\/Mea-Via.png","contentUrl":"https:\/\/www.meavia-mh.hr\/wp-content\/uploads\/2020\/12\/Mea-Via.png","width":1181,"height":393,"caption":"Mea Via Nails World"},"image":{"@id":"https:\/\/meavia-mh.hr\/sl\/#\/schema\/logo\/image\/"},"sameAs":["https:\/\/www.facebook.com\/MeaViaNailsWorld","https:\/\/www.instagram.com\/mea_via_nails_world\/","https:\/\/www.youtube.com\/channel\/UCECk0hpRWP6TN-EfA4ER96g\/featured"]}]}},"spectra_custom_meta":{"_sku":["5904611365372"],"_regular_price":["7.42"],"total_sales":["14"],"_tax_status":["taxable"],"_tax_class":[""],"_manage_stock":["yes"],"_backorders":["no"],"_sold_individually":["no"],"_virtual":["no"],"_downloadable":["no"],"_download_limit":["-1"],"_download_expiry":["-1"],"_stock":["0"],"_stock_status":["outofstock"],"_wc_average_rating":["0"],"_wc_review_count":["0"],"_product_version":["7.1.1"],"_price":["7.42"],"_wp_page_template":["default"],"_yoast_wpseo_focuskw":["Reklami album lakova za nokte"],"_yoast_wpseo_metadesc":["%%sitename%% %%sep%% %%title%% %%sep%% za plasti\u010dne reklamne tipse %%sep%% za nail prezentaciju %%sep%% za prezentaciju 120 boja lakova"],"_yoast_wpseo_linkdex":["56"],"_yoast_wpseo_content_score":["90"],"_yoast_wpseo_primary_product_cat":["24"],"site-sidebar-layout":["default"],"site-content-layout":["default"],"theme-transparent-header-meta":["default"],"stick-header-meta":["default"],"_woocs_price_geo_countries":[""],"_woocs_regular_price_geo":[""],"_woocs_sale_price_geo":[""],"_yoast_wpseo_estimated-reading-time-minutes":["1"],"cartflows_redirect_flow_id":[""],"cartflows_add_to_cart_text":[""],"_yoast_wpseo_title":["%%title%% %%page%% %%sep%% 120 boja %%sep%% %%sitename%%"],"_edit_lock":["1633080104:1"],"_edit_last":["1"],"_thumbnail_id":["8287"],"_product_image_gallery":["8285,8284,8286,8283,8282,8281,8280,8279,8278"],"_woocs_regular_price_EUR":["7.42"],"_woocs_sale_price_EUR":["-1"],"ast-below-header-display":[null],"footer-adv-display":[null],"adv-header-id-meta":[""],"header-below-stick-meta":[null],"uag_migration_processed":["1"],"_uag_page_assets":["a:9:{s:3:\"css\";s:0:\"\";s:2:\"js\";s:0:\"\";s:18:\"current_block_list\";a:3:{i:0;s:11:\"core\/search\";i:1;s:18:\"core\/legacy-widget\";i:2;s:27:\"woocommerce\/product-filters\";}s:8:\"uag_flag\";b:0;s:11:\"uag_version\";s:10:\"1776341704\";s:6:\"gfonts\";a:0:{}s:10:\"gfonts_url\";s:0:\"\";s:12:\"gfonts_files\";a:0:{}s:14:\"uag_faq_layout\";b:0;}"],"_elementor_page_assets":["a:0:{}"]},"uagb_featured_image_src":{"full":["https:\/\/www.meavia-mh.hr\/wp-content\/uploads\/2021\/08\/img_5_308-Colors-Nail-Tips-Display-Book-DIY-Nail-Art-Showing-Shelf-Gel-Nail-Polish-Color-Card.jpg_.webp.jpg",800,800,false],"thumbnail":["https:\/\/www.meavia-mh.hr\/wp-content\/uploads\/2021\/08\/img_5_308-Colors-Nail-Tips-Display-Book-DIY-Nail-Art-Showing-Shelf-Gel-Nail-Polish-Color-Card.jpg_.webp-150x150.jpg",150,150,true],"medium":["https:\/\/www.meavia-mh.hr\/wp-content\/uploads\/2021\/08\/img_5_308-Colors-Nail-Tips-Display-Book-DIY-Nail-Art-Showing-Shelf-Gel-Nail-Polish-Color-Card.jpg_.webp-300x300.jpg",300,300,true],"medium_large":["https:\/\/www.meavia-mh.hr\/wp-content\/uploads\/2021\/08\/img_5_308-Colors-Nail-Tips-Display-Book-DIY-Nail-Art-Showing-Shelf-Gel-Nail-Polish-Color-Card.jpg_.webp-768x768.jpg",768,768,true],"large":["https:\/\/www.meavia-mh.hr\/wp-content\/uploads\/2021\/08\/img_5_308-Colors-Nail-Tips-Display-Book-DIY-Nail-Art-Showing-Shelf-Gel-Nail-Polish-Color-Card.jpg_.webp.jpg",800,800,false],"1536x1536":["https:\/\/www.meavia-mh.hr\/wp-content\/uploads\/2021\/08\/img_5_308-Colors-Nail-Tips-Display-Book-DIY-Nail-Art-Showing-Shelf-Gel-Nail-Polish-Color-Card.jpg_.webp.jpg",800,800,false],"2048x2048":["https:\/\/www.meavia-mh.hr\/wp-content\/uploads\/2021\/08\/img_5_308-Colors-Nail-Tips-Display-Book-DIY-Nail-Art-Showing-Shelf-Gel-Nail-Polish-Color-Card.jpg_.webp.jpg",800,800,false],"trp-custom-language-flag":["https:\/\/www.meavia-mh.hr\/wp-content\/uploads\/2021\/08\/img_5_308-Colors-Nail-Tips-Display-Book-DIY-Nail-Art-Showing-Shelf-Gel-Nail-Polish-Color-Card.jpg_.webp-12x12.jpg",12,12,true],"woocommerce_thumbnail":["https:\/\/www.meavia-mh.hr\/wp-content\/uploads\/2021\/08\/img_5_308-Colors-Nail-Tips-Display-Book-DIY-Nail-Art-Showing-Shelf-Gel-Nail-Polish-Color-Card.jpg_.webp-300x300.jpg",300,300,true],"woocommerce_single":["https:\/\/www.meavia-mh.hr\/wp-content\/uploads\/2021\/08\/img_5_308-Colors-Nail-Tips-Display-Book-DIY-Nail-Art-Showing-Shelf-Gel-Nail-Polish-Color-Card.jpg_.webp-600x600.jpg",600,600,true],"woocommerce_gallery_thumbnail":["https:\/\/www.meavia-mh.hr\/wp-content\/uploads\/2021\/08\/img_5_308-Colors-Nail-Tips-Display-Book-DIY-Nail-Art-Showing-Shelf-Gel-Nail-Polish-Color-Card.jpg_.webp-100x100.jpg",100,100,true]},"uagb_author_info":{"display_name":"Mea Via","author_link":"https:\/\/www.meavia-mh.hr\/sl\/author\/"},"uagb_comment_info":0,"uagb_excerpt":"Reklamni album lakova za nokte va\u0161a je najdra\u017ea knjiga namjenjena va\u0161im najdra\u017eim bojama ili prezentaciji va\u0161ih nail radova. Album \u00a0se otvara pomo\u0107i magnetne trake i vrlo je jednostavan i prakti\u010dan za kori\u0161tenje. Reklami album na nokte sadr\u017ei mjesto za 120 boja. Va\u0161e omiljene boje posebno dobro izgledaju sa na\u0161im 3D reklamnim tipsama. \u00a03D reklamnim tipsama&hellip;","_links":{"self":[{"href":"https:\/\/www.meavia-mh.hr\/sl\/wp-json\/wp\/v2\/product\/8275","targetHints":{"allow":["GET"]}}],"collection":[{"href":"https:\/\/www.meavia-mh.hr\/sl\/wp-json\/wp\/v2\/product"}],"about":[{"href":"https:\/\/www.meavia-mh.hr\/sl\/wp-json\/wp\/v2\/types\/product"}],"replies":[{"embeddable":true,"href":"https:\/\/www.meavia-mh.hr\/sl\/wp-json\/wp\/v2\/comments?post=8275"}],"version-history":[{"count":1,"href":"https:\/\/www.meavia-mh.hr\/sl\/wp-json\/wp\/v2\/product\/8275\/revisions"}],"predecessor-version":[{"id":31179,"href":"https:\/\/www.meavia-mh.hr\/sl\/wp-json\/wp\/v2\/product\/8275\/revisions\/31179"}],"wp:featuredmedia":[{"embeddable":true,"href":"https:\/\/www.meavia-mh.hr\/sl\/wp-json\/wp\/v2\/media\/8287"}],"wp:attachment":[{"href":"https:\/\/www.meavia-mh.hr\/sl\/wp-json\/wp\/v2\/media?parent=8275"}],"wp:term":[{"taxonomy":"product_brand","embeddable":true,"href":"https:\/\/www.meavia-mh.hr\/sl\/wp-json\/wp\/v2\/product_brand?post=8275"},{"taxonomy":"product_cat","embeddable":true,"href":"https:\/\/www.meavia-mh.hr\/sl\/wp-json\/wp\/v2\/product_cat?post=8275"},{"taxonomy":"product_tag","embeddable":true,"href":"https:\/\/www.meavia-mh.hr\/sl\/wp-json\/wp\/v2\/product_tag?post=8275"}],"curies":[{"name":"delovni list","href":"https:\/\/api.w.org\/{rel}","templated":true}]}}