{"id":8271,"date":"2021-08-13T15:48:21","date_gmt":"2021-08-13T15:48:21","guid":{"rendered":"https:\/\/www.meavia-mh.hr\/?post_type=product&#038;p=8271"},"modified":"2026-01-24T08:13:17","modified_gmt":"2026-01-24T07:13:17","slug":"reklame-tipse-za-nokte-s","status":"publish","type":"product","link":"https:\/\/www.meavia-mh.hr\/sl\/product\/reklame-tipse-za-nokte-s\/","title":{"rendered":"Ogla\u0161evalski nasveti za nohte S"},"content":{"rendered":"<p>Ogla\u0161evalski nasveti za nohte S so odli\u010den na\u010din, da date novo dimenzijo barvam va\u0161ih barvnih lakov. Ogla\u0161evalski nasveti so najpreprostej\u0161i na\u010din, da strankam poka\u017eete bogastvo barv, ki jih imate v va\u0161em salonu.<\/p>\n<p>Paket vsebuje 100 vrhov s tridimenzionalno obliko dekoracije <strong>3D srca<\/strong> za prikaz barv <a href=\"https:\/\/www.meavia-mh.hr\/sl\/product\/palu-matrix-spider-gel-gold-mg4-5-g\/\">barvni lak<\/a>, <a href=\"https:\/\/www.meavia-mh.hr\/sl\/product\/ikon-iq-prima-gel-polish-trajni-lak-millie-15-ml\/\">trajni laki<\/a>, <a href=\"https:\/\/www.meavia-mh.hr\/sl\/product\/palu-base-rubber-14-11ml\/\">gumijasta podlaga<\/a> ali za va\u0161e stilizacije nail art. Ravno dno olaj\u0161a pritrditev vrhov na druge povr\u0161ine.<\/p>\n<p>Ogla\u0161evalski nasveti za nohte S izgledajo \u0161e posebej dobro <a href=\"https:\/\/www.meavia-mh.hr\/sl\/product\/reklami-album-na-nokte\/\">oglasni album<\/a> ali naprej <a href=\"https:\/\/www.meavia-mh.hr\/sl\/product\/magnetni-stalak-za-nail-art-tipse-diamond-4\/\">reklamno stojalo z magnetnimi konicami<\/a> (na voljo v na\u0161i trgovini).<\/p>\n<div class=\"ast-oembed-container\" style=\"height: 100%;\"><iframe title=\"Ogla\u0161evalski nasveti za nohte\" width=\"500\" height=\"281\" src=\"https:\/\/www.youtube.com\/embed\/ei1zJ_SldsU?feature=oembed\" frameborder=\"0\" allow=\"accelerometer; autoplay; clipboard-write; encrypted-media; gyroscope; picture-in-picture; web-share\" referrerpolicy=\"strict-origin-when-cross-origin\" allowfullscreen><\/iframe><\/div>\n<h6>Pakiranje: 100 kosov<\/h6>\n<p><strong style=\"font-size: 16px;font-style: normal\">Vzorec konice - 3D srce<\/strong><\/p>\n<p><strong>Barva: mle\u010dno bela<\/strong><\/p>\n<p><strong>Material: plastika<\/strong><\/p>","protected":false},"excerpt":{"rendered":"<ul>\n<li>ogla\u0161evalski nasveti<\/li>\n<\/ul>","protected":false},"featured_media":8272,"comment_status":"closed","ping_status":"closed","template":"","meta":{"_uag_custom_page_level_css":"","site-sidebar-layout":"default","site-content-layout":null,"ast-site-content-layout":"default","site-content-style":"default","site-sidebar-style":"default","ast-global-header-display":"","ast-banner-title-visibility":"","ast-main-header-display":"","ast-hfb-above-header-display":"","ast-hfb-below-header-display":"","ast-hfb-mobile-header-display":"","site-post-title":"","ast-breadcrumbs-content":null,"ast-featured-img":"","footer-sml-layout":"","ast-disable-related-posts":"","theme-transparent-header-meta":"default","adv-header-id-meta":"","stick-header-meta":"default","header-above-stick-meta":"","header-main-stick-meta":"","header-below-stick-meta":"","astra-migrate-meta-layouts":"default","ast-page-background-enabled":"default","ast-page-background-meta":{"desktop":{"background-color":"var(--ast-global-color-4)","background-image":"","background-repeat":"repeat","background-position":"center center","background-size":"auto","background-attachment":"scroll","background-type":"","background-media":"","overlay-type":"","overlay-color":"","overlay-opacity":"","overlay-gradient":""},"tablet":{"background-color":"","background-image":"","background-repeat":"repeat","background-position":"center center","background-size":"auto","background-attachment":"scroll","background-type":"","background-media":"","overlay-type":"","overlay-color":"","overlay-opacity":"","overlay-gradient":""},"mobile":{"background-color":"","background-image":"","background-repeat":"repeat","background-position":"center center","background-size":"auto","background-attachment":"scroll","background-type":"","background-media":"","overlay-type":"","overlay-color":"","overlay-opacity":"","overlay-gradient":""}},"ast-content-background-meta":{"desktop":{"background-color":"var(--ast-global-color-5)","background-image":"","background-repeat":"repeat","background-position":"center center","background-size":"auto","background-attachment":"scroll","background-type":"","background-media":"","overlay-type":"","overlay-color":"","overlay-opacity":"","overlay-gradient":""},"tablet":{"background-color":"var(--ast-global-color-5)","background-image":"","background-repeat":"repeat","background-position":"center center","background-size":"auto","background-attachment":"scroll","background-type":"","background-media":"","overlay-type":"","overlay-color":"","overlay-opacity":"","overlay-gradient":""},"mobile":{"background-color":"var(--ast-global-color-5)","background-image":"","background-repeat":"repeat","background-position":"center center","background-size":"auto","background-attachment":"scroll","background-type":"","background-media":"","overlay-type":"","overlay-color":"","overlay-opacity":"","overlay-gradient":""}}},"product_brand":[],"product_cat":[524,24],"product_tag":[260,129],"class_list":{"0":"post-8271","1":"product","2":"type-product","3":"status-publish","4":"has-post-thumbnail","6":"product_cat-akcija","7":"product_cat-dodaci","8":"product_tag-display","9":"product_tag-tipse","10":"desktop-align-left","11":"tablet-align-left","12":"mobile-align-left","13":"ast-product-gallery-layout-horizontal-slider","14":"ast-product-tabs-layout-horizontal","16":"first","17":"instock","18":"sale","19":"taxable","20":"shipping-taxable","21":"purchasable","22":"product-type-simple"},"yoast_head":"<!-- This site is optimized with the Yoast SEO plugin v27.4 - https:\/\/yoast.com\/product\/yoast-seo-wordpress\/ -->\n<title>Reklamne tipse za nokte S &#8902; promo tipse &#8902; Mea Via Beauty<\/title>\n<meta name=\"description\" content=\"Mea Via Beauty &#8902; Reklamne tipse za nokte S &#8902; plasti\u010dne reklamne tipse &#8902; za prezentaciju boja za nokte &#8902; 3D oblik srce &#8902; za prezentaciju\" \/>\n<meta name=\"robots\" content=\"index, follow, max-snippet:-1, max-image-preview:large, max-video-preview:-1\" \/>\n<link rel=\"canonical\" href=\"https:\/\/www.meavia-mh.hr\/sl\/product\/reklame-tipse-za-nokte-s\/\" \/>\n<meta property=\"og:locale\" content=\"sl_SI\" \/>\n<meta property=\"og:type\" content=\"article\" \/>\n<meta property=\"og:title\" content=\"Reklamne tipse za nokte S &#8902; promo tipse &#8902; Mea Via Beauty\" \/>\n<meta property=\"og:description\" content=\"Mea Via Beauty &#8902; Reklamne tipse za nokte S &#8902; plasti\u010dne reklamne tipse &#8902; za prezentaciju boja za nokte &#8902; 3D oblik srce &#8902; za prezentaciju\" \/>\n<meta property=\"og:url\" content=\"https:\/\/www.meavia-mh.hr\/sl\/product\/reklame-tipse-za-nokte-s\/\" \/>\n<meta property=\"og:site_name\" content=\"Mea Via Beauty\" \/>\n<meta property=\"article:publisher\" content=\"https:\/\/www.facebook.com\/MeaViaNailsWorld\" \/>\n<meta property=\"article:modified_time\" content=\"2026-01-24T07:13:17+00:00\" \/>\n<meta property=\"og:image\" content=\"https:\/\/www.meavia-mh.hr\/wp-content\/uploads\/2021\/08\/ezgif.com-gif-maker-324.jpg\" \/>\n\t<meta property=\"og:image:width\" content=\"1596\" \/>\n\t<meta property=\"og:image:height\" content=\"1504\" \/>\n\t<meta property=\"og:image:type\" content=\"image\/jpeg\" \/>\n<meta name=\"twitter:card\" content=\"summary_large_image\" \/>\n<meta name=\"twitter:label1\" content=\"Est. reading time\" \/>\n\t<meta name=\"twitter:data1\" content=\"1 minuta\" \/>\n<script type=\"application\/ld+json\" class=\"yoast-schema-graph\">{\"@context\":\"https:\\\/\\\/schema.org\",\"@graph\":[{\"@type\":\"WebPage\",\"@id\":\"https:\\\/\\\/www.meavia-mh.hr\\\/product\\\/reklame-tipse-za-nokte-s\\\/\",\"url\":\"https:\\\/\\\/www.meavia-mh.hr\\\/product\\\/reklame-tipse-za-nokte-s\\\/\",\"name\":\"Reklamne tipse za nokte S &#8902; promo tipse &#8902; Mea Via Beauty\",\"isPartOf\":{\"@id\":\"https:\\\/\\\/meavia-mh.hr\\\/sl\\\/#website\"},\"primaryImageOfPage\":{\"@id\":\"https:\\\/\\\/www.meavia-mh.hr\\\/product\\\/reklame-tipse-za-nokte-s\\\/#primaryimage\"},\"image\":{\"@id\":\"https:\\\/\\\/www.meavia-mh.hr\\\/product\\\/reklame-tipse-za-nokte-s\\\/#primaryimage\"},\"thumbnailUrl\":\"https:\\\/\\\/www.meavia-mh.hr\\\/wp-content\\\/uploads\\\/2021\\\/08\\\/ezgif.com-gif-maker-324.jpg\",\"datePublished\":\"2021-08-13T15:48:21+00:00\",\"dateModified\":\"2026-01-24T07:13:17+00:00\",\"description\":\"Mea Via Beauty &#8902; Reklamne tipse za nokte S &#8902; plasti\u010dne reklamne tipse &#8902; za prezentaciju boja za nokte &#8902; 3D oblik srce &#8902; za prezentaciju\",\"breadcrumb\":{\"@id\":\"https:\\\/\\\/www.meavia-mh.hr\\\/product\\\/reklame-tipse-za-nokte-s\\\/#breadcrumb\"},\"inLanguage\":\"sl-SI\",\"potentialAction\":[{\"@type\":\"ReadAction\",\"target\":[\"https:\\\/\\\/www.meavia-mh.hr\\\/product\\\/reklame-tipse-za-nokte-s\\\/\"]}]},{\"@type\":\"ImageObject\",\"inLanguage\":\"sl-SI\",\"@id\":\"https:\\\/\\\/www.meavia-mh.hr\\\/product\\\/reklame-tipse-za-nokte-s\\\/#primaryimage\",\"url\":\"https:\\\/\\\/www.meavia-mh.hr\\\/wp-content\\\/uploads\\\/2021\\\/08\\\/ezgif.com-gif-maker-324.jpg\",\"contentUrl\":\"https:\\\/\\\/www.meavia-mh.hr\\\/wp-content\\\/uploads\\\/2021\\\/08\\\/ezgif.com-gif-maker-324.jpg\",\"width\":1596,\"height\":1504,\"caption\":\"Reklame tipse za nokte S\"},{\"@type\":\"BreadcrumbList\",\"@id\":\"https:\\\/\\\/www.meavia-mh.hr\\\/product\\\/reklame-tipse-za-nokte-s\\\/#breadcrumb\",\"itemListElement\":[{\"@type\":\"ListItem\",\"position\":1,\"name\":\"Po\u010detna stranica\",\"item\":\"https:\\\/\\\/www.meavia-mh.hr\\\/\"},{\"@type\":\"ListItem\",\"position\":2,\"name\":\"Trgovina\",\"item\":\"https:\\\/\\\/meavia-mh.hr\\\/sl\\\/store\\\/\"},{\"@type\":\"ListItem\",\"position\":3,\"name\":\"Reklamne tipse za nokte S\"}]},{\"@type\":\"WebSite\",\"@id\":\"https:\\\/\\\/meavia-mh.hr\\\/sl\\\/#website\",\"url\":\"https:\\\/\\\/meavia-mh.hr\\\/sl\\\/\",\"name\":\"Mea Via Beauty\",\"description\":\"Only The Best For Your Beauty\",\"publisher\":{\"@id\":\"https:\\\/\\\/meavia-mh.hr\\\/sl\\\/#organization\"},\"alternateName\":\"Mea Via Nails\",\"potentialAction\":[{\"@type\":\"SearchAction\",\"target\":{\"@type\":\"EntryPoint\",\"urlTemplate\":\"https:\\\/\\\/meavia-mh.hr\\\/sl\\\/?s={search_term_string}\"},\"query-input\":{\"@type\":\"PropertyValueSpecification\",\"valueRequired\":true,\"valueName\":\"search_term_string\"}}],\"inLanguage\":\"sl-SI\"},{\"@type\":\"Organization\",\"@id\":\"https:\\\/\\\/meavia-mh.hr\\\/sl\\\/#organization\",\"name\":\"Mea Via Nails World\",\"alternateName\":\"Mea Via\",\"url\":\"https:\\\/\\\/meavia-mh.hr\\\/sl\\\/\",\"logo\":{\"@type\":\"ImageObject\",\"inLanguage\":\"sl-SI\",\"@id\":\"https:\\\/\\\/meavia-mh.hr\\\/sl\\\/#\\\/schema\\\/logo\\\/image\\\/\",\"url\":\"https:\\\/\\\/www.meavia-mh.hr\\\/wp-content\\\/uploads\\\/2020\\\/12\\\/Mea-Via.png\",\"contentUrl\":\"https:\\\/\\\/www.meavia-mh.hr\\\/wp-content\\\/uploads\\\/2020\\\/12\\\/Mea-Via.png\",\"width\":1181,\"height\":393,\"caption\":\"Mea Via Nails World\"},\"image\":{\"@id\":\"https:\\\/\\\/meavia-mh.hr\\\/sl\\\/#\\\/schema\\\/logo\\\/image\\\/\"},\"sameAs\":[\"https:\\\/\\\/www.facebook.com\\\/MeaViaNailsWorld\",\"https:\\\/\\\/www.instagram.com\\\/mea_via_nails_world\\\/\",\"https:\\\/\\\/www.youtube.com\\\/channel\\\/UCECk0hpRWP6TN-EfA4ER96g\\\/featured\"]}]}<\/script>\n<!-- \/ Yoast SEO plugin. -->","yoast_head_json":{"title":"Nasveti za ogla\u0161evanje nohtov S \u22c6 promocijski nasveti \u22c6 Mea Via Beauty","description":"Mea Via Beauty \u22c6 Ogla\u0161evalski konice za nohte S \u22c6 plasti\u010dni ogla\u0161evalski konice \u22c6 za predstavitev barvnih nohtov \u22c6 3D oblika srca \u22c6 za predstavitev","robots":{"index":"index","follow":"follow","max-snippet":"max-snippet:-1","max-image-preview":"max-image-preview:large","max-video-preview":"max-video-preview:-1"},"canonical":"https:\/\/www.meavia-mh.hr\/sl\/product\/reklame-tipse-za-nokte-s\/","og_locale":"sl_SI","og_type":"article","og_title":"Reklamne tipse za nokte S &#8902; promo tipse &#8902; Mea Via Beauty","og_description":"Mea Via Beauty &#8902; Reklamne tipse za nokte S &#8902; plasti\u010dne reklamne tipse &#8902; za prezentaciju boja za nokte &#8902; 3D oblik srce &#8902; za prezentaciju","og_url":"https:\/\/www.meavia-mh.hr\/sl\/product\/reklame-tipse-za-nokte-s\/","og_site_name":"Mea Via Beauty","article_publisher":"https:\/\/www.facebook.com\/MeaViaNailsWorld","article_modified_time":"2026-01-24T07:13:17+00:00","og_image":[{"width":1596,"height":1504,"url":"https:\/\/www.meavia-mh.hr\/wp-content\/uploads\/2021\/08\/ezgif.com-gif-maker-324.jpg","type":"image\/jpeg"}],"twitter_card":"summary_large_image","twitter_misc":{"Est. reading time":"1 minuta"},"schema":{"@context":"https:\/\/schema.org","@graph":[{"@type":"WebPage","@id":"https:\/\/www.meavia-mh.hr\/product\/reklame-tipse-za-nokte-s\/","url":"https:\/\/www.meavia-mh.hr\/product\/reklame-tipse-za-nokte-s\/","name":"Nasveti za ogla\u0161evanje nohtov S \u22c6 promocijski nasveti \u22c6 Mea Via Beauty","isPartOf":{"@id":"https:\/\/meavia-mh.hr\/sl\/#website"},"primaryImageOfPage":{"@id":"https:\/\/www.meavia-mh.hr\/product\/reklame-tipse-za-nokte-s\/#primaryimage"},"image":{"@id":"https:\/\/www.meavia-mh.hr\/product\/reklame-tipse-za-nokte-s\/#primaryimage"},"thumbnailUrl":"https:\/\/www.meavia-mh.hr\/wp-content\/uploads\/2021\/08\/ezgif.com-gif-maker-324.jpg","datePublished":"2021-08-13T15:48:21+00:00","dateModified":"2026-01-24T07:13:17+00:00","description":"Mea Via Beauty \u22c6 Ogla\u0161evalski konice za nohte S \u22c6 plasti\u010dni ogla\u0161evalski konice \u22c6 za predstavitev barvnih nohtov \u22c6 3D oblika srca \u22c6 za predstavitev","breadcrumb":{"@id":"https:\/\/www.meavia-mh.hr\/product\/reklame-tipse-za-nokte-s\/#breadcrumb"},"inLanguage":"sl-SI","potentialAction":[{"@type":"ReadAction","target":["https:\/\/www.meavia-mh.hr\/product\/reklame-tipse-za-nokte-s\/"]}]},{"@type":"ImageObject","inLanguage":"sl-SI","@id":"https:\/\/www.meavia-mh.hr\/product\/reklame-tipse-za-nokte-s\/#primaryimage","url":"https:\/\/www.meavia-mh.hr\/wp-content\/uploads\/2021\/08\/ezgif.com-gif-maker-324.jpg","contentUrl":"https:\/\/www.meavia-mh.hr\/wp-content\/uploads\/2021\/08\/ezgif.com-gif-maker-324.jpg","width":1596,"height":1504,"caption":"Reklame tipse za nokte S"},{"@type":"BreadcrumbList","@id":"https:\/\/www.meavia-mh.hr\/product\/reklame-tipse-za-nokte-s\/#breadcrumb","itemListElement":[{"@type":"ListItem","position":1,"name":"Po\u010detna stranica","item":"https:\/\/www.meavia-mh.hr\/"},{"@type":"ListItem","position":2,"name":"Trgovina","item":"https:\/\/meavia-mh.hr\/sl\/store\/"},{"@type":"ListItem","position":3,"name":"Reklamne tipse za nokte S"}]},{"@type":"WebSite","@id":"https:\/\/meavia-mh.hr\/sl\/#website","url":"https:\/\/meavia-mh.hr\/sl\/","name":"MEA VIA BEAUTY","description":"Only The Best For Your Beauty","publisher":{"@id":"https:\/\/meavia-mh.hr\/sl\/#organization"},"alternateName":"Mea Via Nails","potentialAction":[{"@type":"SearchAction","target":{"@type":"EntryPoint","urlTemplate":"https:\/\/meavia-mh.hr\/sl\/?s={search_term_string}"},"query-input":{"@type":"PropertyValueSpecification","valueRequired":true,"valueName":"search_term_string"}}],"inLanguage":"sl-SI"},{"@type":"Organization","@id":"https:\/\/meavia-mh.hr\/sl\/#organization","name":"Mea Via Nails World","alternateName":"Mea Via","url":"https:\/\/meavia-mh.hr\/sl\/","logo":{"@type":"ImageObject","inLanguage":"sl-SI","@id":"https:\/\/meavia-mh.hr\/sl\/#\/schema\/logo\/image\/","url":"https:\/\/www.meavia-mh.hr\/wp-content\/uploads\/2020\/12\/Mea-Via.png","contentUrl":"https:\/\/www.meavia-mh.hr\/wp-content\/uploads\/2020\/12\/Mea-Via.png","width":1181,"height":393,"caption":"Mea Via Nails World"},"image":{"@id":"https:\/\/meavia-mh.hr\/sl\/#\/schema\/logo\/image\/"},"sameAs":["https:\/\/www.facebook.com\/MeaViaNailsWorld","https:\/\/www.instagram.com\/mea_via_nails_world\/","https:\/\/www.youtube.com\/channel\/UCECk0hpRWP6TN-EfA4ER96g\/featured"]}]}},"spectra_custom_meta":{"_sku":["5909649513054"],"_regular_price":["3.97"],"total_sales":["2"],"_tax_status":["taxable"],"_tax_class":[""],"_manage_stock":["yes"],"_backorders":["no"],"_sold_individually":["no"],"_virtual":["no"],"_downloadable":["no"],"_product_image_gallery":["8273"],"_download_limit":["-1"],"_download_expiry":["-1"],"_thumbnail_id":["8272"],"_stock":["6"],"_stock_status":["instock"],"_wc_average_rating":["0"],"_wc_review_count":["0"],"_product_version":["10.4.3"],"_price":["1.19"],"_wp_page_template":["default"],"_yoast_wpseo_focuskw":["Reklamne tipse za nokte"],"_yoast_wpseo_metadesc":["%%sitename%% %%sep%% %%title%% %%sep%% plasti\u010dne reklamne tipse %%sep%% za prezentaciju boja za nokte %%sep%% 3D oblik srce %%sep%% za prezentaciju"],"_yoast_wpseo_linkdex":["68"],"_yoast_wpseo_content_score":["90"],"_yoast_wpseo_primary_product_cat":["24"],"site-sidebar-layout":["default"],"site-content-layout":[null],"theme-transparent-header-meta":["default"],"stick-header-meta":["default"],"_woocs_price_geo_countries":[""],"_woocs_regular_price_geo":[""],"_woocs_sale_price_geo":[""],"_yoast_wpseo_estimated-reading-time-minutes":["1"],"cartflows_redirect_flow_id":[""],"cartflows_add_to_cart_text":[""],"_yoast_wpseo_title":["%%title%% %%page%% %%sep%% promo tipse %%sep%% %%sitename%%"],"_edit_lock":["1754030852:1239"],"_edit_last":["1239"],"_oembed_56acd79a9bd1081b9406b600253b729e":["<iframe title=\"Reklamne tipse za nokte\" width=\"500\" height=\"281\" src=\"https:\/\/www.youtube.com\/embed\/ei1zJ_SldsU?feature=oembed\" frameborder=\"0\" allow=\"accelerometer; autoplay; clipboard-write; encrypted-media; gyroscope; picture-in-picture\" allowfullscreen><\/iframe>"],"_oembed_time_56acd79a9bd1081b9406b600253b729e":["1632125086"],"_oembed_53b0f2622d1e87b4f473f048dfa98cef":["<iframe title=\"Reklamne tipse za nokte\" width=\"898\" height=\"505\" src=\"https:\/\/www.youtube.com\/embed\/ei1zJ_SldsU?feature=oembed\" frameborder=\"0\" allow=\"accelerometer; autoplay; clipboard-write; encrypted-media; gyroscope; picture-in-picture\" allowfullscreen><\/iframe>"],"_oembed_time_53b0f2622d1e87b4f473f048dfa98cef":["1632125088"],"_oembed_cdd07b2b9e9341b3469e6a6570ac7a75":["<iframe title=\"Reklamne tipse za nokte\" width=\"922\" height=\"519\" src=\"https:\/\/www.youtube.com\/embed\/ei1zJ_SldsU?feature=oembed\" frameborder=\"0\" allow=\"accelerometer; autoplay; clipboard-write; encrypted-media; gyroscope; picture-in-picture\" allowfullscreen><\/iframe>"],"_oembed_time_cdd07b2b9e9341b3469e6a6570ac7a75":["1632125122"],"_oembed_7c7cebc698c4a6a6cb9dc83fbd41881c":["<iframe title=\"Reklamne tipse za nokte\" width=\"1200\" height=\"675\" src=\"https:\/\/www.youtube.com\/embed\/ei1zJ_SldsU?feature=oembed\" frameborder=\"0\" allow=\"accelerometer; autoplay; clipboard-write; encrypted-media; gyroscope; picture-in-picture\" allowfullscreen><\/iframe>"],"_oembed_time_7c7cebc698c4a6a6cb9dc83fbd41881c":["1632125579"],"_woocs_regular_price_EUR":["3.97"],"_woocs_sale_price_EUR":["-1"],"_lowest_price_30_days":["3.97"],"_sale_price":["1.19"],"_oembed_ac13974bab3d63997b6f428a46f69af2":["<iframe title=\"Reklamne tipse za nokte\" width=\"500\" height=\"281\" src=\"https:\/\/www.youtube.com\/embed\/ei1zJ_SldsU?feature=oembed\" frameborder=\"0\" allow=\"accelerometer; autoplay; clipboard-write; encrypted-media; gyroscope; picture-in-picture; web-share\" referrerpolicy=\"strict-origin-when-cross-origin\" allowfullscreen><\/iframe>"],"_oembed_time_ac13974bab3d63997b6f428a46f69af2":["1717411808"],"uag_migration_processed":["1"],"ast-above-header-display":[null],"ast-below-header-display":[null],"footer-adv-display":[null],"adv-header-id-meta":[""],"ast-breadcrumbs-content":[null],"_uag_page_assets":["a:9:{s:3:\"css\";s:0:\"\";s:2:\"js\";s:0:\"\";s:18:\"current_block_list\";a:3:{i:0;s:11:\"core\/search\";i:1;s:18:\"core\/legacy-widget\";i:2;s:27:\"woocommerce\/product-filters\";}s:8:\"uag_flag\";b:0;s:11:\"uag_version\";s:10:\"1776341704\";s:6:\"gfonts\";a:0:{}s:10:\"gfonts_url\";s:0:\"\";s:12:\"gfonts_files\";a:0:{}s:14:\"uag_faq_layout\";b:0;}"],"_elementor_page_assets":["a:0:{}"]},"uagb_featured_image_src":{"full":["https:\/\/www.meavia-mh.hr\/wp-content\/uploads\/2021\/08\/ezgif.com-gif-maker-324.jpg",1596,1504,false],"thumbnail":["https:\/\/www.meavia-mh.hr\/wp-content\/uploads\/2021\/08\/ezgif.com-gif-maker-324-150x150.jpg",150,150,true],"medium":["https:\/\/www.meavia-mh.hr\/wp-content\/uploads\/2021\/08\/ezgif.com-gif-maker-324-300x283.jpg",300,283,true],"medium_large":["https:\/\/www.meavia-mh.hr\/wp-content\/uploads\/2021\/08\/ezgif.com-gif-maker-324-768x724.jpg",768,724,true],"large":["https:\/\/www.meavia-mh.hr\/wp-content\/uploads\/2021\/08\/ezgif.com-gif-maker-324-1024x965.jpg",1024,965,true],"1536x1536":["https:\/\/www.meavia-mh.hr\/wp-content\/uploads\/2021\/08\/ezgif.com-gif-maker-324-1536x1447.jpg",1536,1447,true],"2048x2048":["https:\/\/www.meavia-mh.hr\/wp-content\/uploads\/2021\/08\/ezgif.com-gif-maker-324.jpg",1596,1504,false],"trp-custom-language-flag":["https:\/\/www.meavia-mh.hr\/wp-content\/uploads\/2021\/08\/ezgif.com-gif-maker-324-13x12.jpg",13,12,true],"woocommerce_thumbnail":["https:\/\/www.meavia-mh.hr\/wp-content\/uploads\/2021\/08\/ezgif.com-gif-maker-324-300x300.jpg",300,300,true],"woocommerce_single":["https:\/\/www.meavia-mh.hr\/wp-content\/uploads\/2021\/08\/ezgif.com-gif-maker-324-600x565.jpg",600,565,true],"woocommerce_gallery_thumbnail":["https:\/\/www.meavia-mh.hr\/wp-content\/uploads\/2021\/08\/ezgif.com-gif-maker-324-100x100.jpg",100,100,true]},"uagb_author_info":{"display_name":"Mea Via","author_link":"https:\/\/www.meavia-mh.hr\/sl\/author\/"},"uagb_comment_info":0,"uagb_excerpt":"reklamne tipse","_links":{"self":[{"href":"https:\/\/www.meavia-mh.hr\/sl\/wp-json\/wp\/v2\/product\/8271","targetHints":{"allow":["GET"]}}],"collection":[{"href":"https:\/\/www.meavia-mh.hr\/sl\/wp-json\/wp\/v2\/product"}],"about":[{"href":"https:\/\/www.meavia-mh.hr\/sl\/wp-json\/wp\/v2\/types\/product"}],"replies":[{"embeddable":true,"href":"https:\/\/www.meavia-mh.hr\/sl\/wp-json\/wp\/v2\/comments?post=8271"}],"version-history":[{"count":1,"href":"https:\/\/www.meavia-mh.hr\/sl\/wp-json\/wp\/v2\/product\/8271\/revisions"}],"predecessor-version":[{"id":31180,"href":"https:\/\/www.meavia-mh.hr\/sl\/wp-json\/wp\/v2\/product\/8271\/revisions\/31180"}],"wp:featuredmedia":[{"embeddable":true,"href":"https:\/\/www.meavia-mh.hr\/sl\/wp-json\/wp\/v2\/media\/8272"}],"wp:attachment":[{"href":"https:\/\/www.meavia-mh.hr\/sl\/wp-json\/wp\/v2\/media?parent=8271"}],"wp:term":[{"taxonomy":"product_brand","embeddable":true,"href":"https:\/\/www.meavia-mh.hr\/sl\/wp-json\/wp\/v2\/product_brand?post=8271"},{"taxonomy":"product_cat","embeddable":true,"href":"https:\/\/www.meavia-mh.hr\/sl\/wp-json\/wp\/v2\/product_cat?post=8271"},{"taxonomy":"product_tag","embeddable":true,"href":"https:\/\/www.meavia-mh.hr\/sl\/wp-json\/wp\/v2\/product_tag?post=8271"}],"curies":[{"name":"delovni list","href":"https:\/\/api.w.org\/{rel}","templated":true}]}}