{"id":8259,"date":"2021-08-13T14:31:54","date_gmt":"2021-08-13T14:31:54","guid":{"rendered":"https:\/\/www.meavia-mh.hr\/?post_type=product&#038;p=8259"},"modified":"2026-01-24T08:13:02","modified_gmt":"2026-01-24T07:13:02","slug":"cetkica-za-manikuru","status":"publish","type":"product","link":"https:\/\/www.meavia-mh.hr\/sl\/product\/cetkica-za-manikuru\/","title":{"rendered":"\u010copi\u010d za manikuro Transparent"},"content":{"rendered":"<p>Krta\u010da za manikuro in pedikuro vam bo pomagala odstraniti najmanj\u0161e delce prahu. Brez\u010dasna, prozorna barva \u010dopi\u010da se bo odli\u010dno prilegala v katero koli notranjost salona za nohte. Ergonomska in prakti\u010dna krta\u010da za prah, opremljena s posebnim zama\u0161kom, ki omogo\u010da ohranjanje \u0161\u010detin v dobrem stanju in brezhibno \u010disto\u010do.<\/p>\n<p>\u010copi\u010d za manikuro ne\u017eno odstrani prah in ostanke pigmenta ter ne pu\u0161\u010da prask. Krta\u010da je izdelana iz mehkih sinteti\u010dnih vlaken, ki zagotavljajo odstranjevanje najmanj\u0161ih zrnc prahu. Nato lahko uporabite \u0161\u010detko za nohte, da odstranite prah <a href=\"https:\/\/www.meavia-mh.hr\/sl\/product\/ikon-iq-premium-files-raspa-za-nokte-100-180\/\">vlo\u017eitev<\/a> ali obdelava <a href=\"https:\/\/www.meavia-mh.hr\/sl\/product\/stylistic-raspa-buffer-polir-blok-4-color\/\">polirni blok.\u00a0<\/a><\/p>\n<p>\u0160\u010detine \u0161\u010detke<strong>\u00a0<\/strong>so natan\u010dno oblikovani in ne spreminjajo oblike. Zaradi oblike kladiva je odstranjevanje prahu preprosto in hitro, krta\u010da pa se popolnoma prilega roki.<\/p>\n<p>Krta\u010do je mogo\u010de razku\u017eiti.<\/p>\n<p><strong>dimenzije:<\/strong>\u00a012,5 cm x 4 cm (premer glave \u0161\u010detke 3,5 cm, dol\u017eina ro\u010daja 8,5 cm)<\/p>\n<p>Barva: prozorna, prozorna<\/p>\n<h6>Pakiranje: 1 kos<\/h6>","protected":false},"excerpt":{"rendered":"<p>\u010cetkica za manikuru i pedikuru pomo\u0107i \u0107e vam ukloniti najsitnije \u010destice pra\u0161ine. Bezvremenska, prozirna boja \u010detkice odli\u010dno \u0107e se uklopiti u svaki interijer salona za nokte. Ergonomska i prakti\u010dna \u010detka za pra\u0161inu, opremljena posebnim \u010depom koji vam omogu\u0107uje odr\u017eavanje \u010dekinja u dobrom stanju i besprijekornu \u010disto\u0107u. \u010cetkica za manikuru nje\u017eno uklanja pra\u0161inu i ostatke pigmenta [&hellip;]<\/p>\n","protected":false},"featured_media":8262,"comment_status":"open","ping_status":"closed","template":"","meta":{"_uag_custom_page_level_css":"","site-sidebar-layout":"default","site-content-layout":"default","ast-site-content-layout":"default","site-content-style":"default","site-sidebar-style":"default","ast-global-header-display":"","ast-banner-title-visibility":"","ast-main-header-display":"","ast-hfb-above-header-display":"","ast-hfb-below-header-display":"","ast-hfb-mobile-header-display":"","site-post-title":"","ast-breadcrumbs-content":"","ast-featured-img":"","footer-sml-layout":"","ast-disable-related-posts":"","theme-transparent-header-meta":"default","adv-header-id-meta":"","stick-header-meta":"default","header-above-stick-meta":"","header-main-stick-meta":"","header-below-stick-meta":"","astra-migrate-meta-layouts":"default","ast-page-background-enabled":"default","ast-page-background-meta":{"desktop":{"background-color":"var(--ast-global-color-4)","background-image":"","background-repeat":"repeat","background-position":"center center","background-size":"auto","background-attachment":"scroll","background-type":"","background-media":"","overlay-type":"","overlay-color":"","overlay-opacity":"","overlay-gradient":""},"tablet":{"background-color":"","background-image":"","background-repeat":"repeat","background-position":"center center","background-size":"auto","background-attachment":"scroll","background-type":"","background-media":"","overlay-type":"","overlay-color":"","overlay-opacity":"","overlay-gradient":""},"mobile":{"background-color":"","background-image":"","background-repeat":"repeat","background-position":"center center","background-size":"auto","background-attachment":"scroll","background-type":"","background-media":"","overlay-type":"","overlay-color":"","overlay-opacity":"","overlay-gradient":""}},"ast-content-background-meta":{"desktop":{"background-color":"var(--ast-global-color-5)","background-image":"","background-repeat":"repeat","background-position":"center center","background-size":"auto","background-attachment":"scroll","background-type":"","background-media":"","overlay-type":"","overlay-color":"","overlay-opacity":"","overlay-gradient":""},"tablet":{"background-color":"var(--ast-global-color-5)","background-image":"","background-repeat":"repeat","background-position":"center center","background-size":"auto","background-attachment":"scroll","background-type":"","background-media":"","overlay-type":"","overlay-color":"","overlay-opacity":"","overlay-gradient":""},"mobile":{"background-color":"var(--ast-global-color-5)","background-image":"","background-repeat":"repeat","background-position":"center center","background-size":"auto","background-attachment":"scroll","background-type":"","background-media":"","overlay-type":"","overlay-color":"","overlay-opacity":"","overlay-gradient":""}}},"product_brand":[],"product_cat":[24],"product_tag":[229],"class_list":{"0":"post-8259","1":"product","2":"type-product","3":"status-publish","4":"has-post-thumbnail","6":"product_cat-dodaci","7":"product_tag-cerkica-za-prasinu","8":"desktop-align-left","9":"tablet-align-left","10":"mobile-align-left","11":"ast-product-gallery-layout-horizontal-slider","12":"ast-product-tabs-layout-horizontal","14":"first","15":"outofstock","16":"taxable","17":"shipping-taxable","18":"purchasable","19":"product-type-simple"},"yoast_head":"<!-- This site is optimized with the Yoast SEO plugin v27.5 - https:\/\/yoast.com\/product\/yoast-seo-wordpress\/ -->\n<title>\u010cetkica za manikuru Transparent &#8902; Mea Via Beauty \u010detkica za manikuru i pedikuru<\/title>\n<meta name=\"description\" content=\"\u010cetkica za manikuru Transparent &#8902; savr\u0161ena \u010detkica za pripremu nokta &#8902; temeljito otklanja sva zrnca pra\u0161ine sa nokta &#8902; \u010detka za pra\u0161inu &#8902;\" \/>\n<meta name=\"robots\" content=\"index, follow, max-snippet:-1, max-image-preview:large, max-video-preview:-1\" \/>\n<link rel=\"canonical\" href=\"https:\/\/www.meavia-mh.hr\/sl\/product\/cetkica-za-manikuru\/\" \/>\n<meta property=\"og:locale\" content=\"sl_SI\" \/>\n<meta property=\"og:type\" content=\"article\" \/>\n<meta property=\"og:title\" content=\"\u010cetkica za manikuru Transparent &#8902; Mea Via Beauty \u010detkica za manikuru i pedikuru\" \/>\n<meta property=\"og:description\" content=\"\u010cetkica za manikuru Transparent &#8902; savr\u0161ena \u010detkica za pripremu nokta &#8902; temeljito otklanja sva zrnca pra\u0161ine sa nokta &#8902; \u010detka za pra\u0161inu &#8902;\" \/>\n<meta property=\"og:url\" content=\"https:\/\/www.meavia-mh.hr\/sl\/product\/cetkica-za-manikuru\/\" \/>\n<meta property=\"og:site_name\" content=\"Mea Via Beauty\" \/>\n<meta property=\"article:publisher\" content=\"https:\/\/www.facebook.com\/MeaViaNailsWorld\" \/>\n<meta property=\"article:modified_time\" content=\"2026-01-24T07:13:02+00:00\" \/>\n<meta property=\"og:image\" content=\"https:\/\/www.meavia-mh.hr\/wp-content\/uploads\/2021\/08\/ezgif.com-gif-maker-321.jpg\" \/>\n\t<meta property=\"og:image:width\" content=\"1596\" \/>\n\t<meta property=\"og:image:height\" content=\"1626\" \/>\n\t<meta property=\"og:image:type\" content=\"image\/jpeg\" \/>\n<meta name=\"twitter:card\" content=\"summary_large_image\" \/>\n<meta name=\"twitter:label1\" content=\"Est. reading time\" \/>\n\t<meta name=\"twitter:data1\" content=\"1 minuta\" \/>\n<script type=\"application\/ld+json\" class=\"yoast-schema-graph\">{\"@context\":\"https:\\\/\\\/schema.org\",\"@graph\":[{\"@type\":\"WebPage\",\"@id\":\"https:\\\/\\\/www.meavia-mh.hr\\\/product\\\/cetkica-za-manikuru\\\/\",\"url\":\"https:\\\/\\\/www.meavia-mh.hr\\\/product\\\/cetkica-za-manikuru\\\/\",\"name\":\"\u010cetkica za manikuru Transparent &#8902; Mea Via Beauty \u010detkica za manikuru i pedikuru\",\"isPartOf\":{\"@id\":\"https:\\\/\\\/meavia-mh.hr\\\/sl\\\/#website\"},\"primaryImageOfPage\":{\"@id\":\"https:\\\/\\\/www.meavia-mh.hr\\\/product\\\/cetkica-za-manikuru\\\/#primaryimage\"},\"image\":{\"@id\":\"https:\\\/\\\/www.meavia-mh.hr\\\/product\\\/cetkica-za-manikuru\\\/#primaryimage\"},\"thumbnailUrl\":\"https:\\\/\\\/www.meavia-mh.hr\\\/wp-content\\\/uploads\\\/2021\\\/08\\\/ezgif.com-gif-maker-321.jpg\",\"datePublished\":\"2021-08-13T14:31:54+00:00\",\"dateModified\":\"2026-01-24T07:13:02+00:00\",\"description\":\"\u010cetkica za manikuru Transparent &#8902; savr\u0161ena \u010detkica za pripremu nokta &#8902; temeljito otklanja sva zrnca pra\u0161ine sa nokta &#8902; \u010detka za pra\u0161inu &#8902;\",\"breadcrumb\":{\"@id\":\"https:\\\/\\\/www.meavia-mh.hr\\\/product\\\/cetkica-za-manikuru\\\/#breadcrumb\"},\"inLanguage\":\"sl-SI\",\"potentialAction\":[{\"@type\":\"ReadAction\",\"target\":[\"https:\\\/\\\/www.meavia-mh.hr\\\/product\\\/cetkica-za-manikuru\\\/\"]}]},{\"@type\":\"ImageObject\",\"inLanguage\":\"sl-SI\",\"@id\":\"https:\\\/\\\/www.meavia-mh.hr\\\/product\\\/cetkica-za-manikuru\\\/#primaryimage\",\"url\":\"https:\\\/\\\/www.meavia-mh.hr\\\/wp-content\\\/uploads\\\/2021\\\/08\\\/ezgif.com-gif-maker-321.jpg\",\"contentUrl\":\"https:\\\/\\\/www.meavia-mh.hr\\\/wp-content\\\/uploads\\\/2021\\\/08\\\/ezgif.com-gif-maker-321.jpg\",\"width\":1596,\"height\":1626,\"caption\":\"\u010cetkica za manikuru\"},{\"@type\":\"BreadcrumbList\",\"@id\":\"https:\\\/\\\/www.meavia-mh.hr\\\/product\\\/cetkica-za-manikuru\\\/#breadcrumb\",\"itemListElement\":[{\"@type\":\"ListItem\",\"position\":1,\"name\":\"Po\u010detna stranica\",\"item\":\"https:\\\/\\\/www.meavia-mh.hr\\\/\"},{\"@type\":\"ListItem\",\"position\":2,\"name\":\"Trgovina\",\"item\":\"https:\\\/\\\/meavia-mh.hr\\\/sl\\\/store\\\/\"},{\"@type\":\"ListItem\",\"position\":3,\"name\":\"\u010cetkica za manikuru Transparent\"}]},{\"@type\":\"WebSite\",\"@id\":\"https:\\\/\\\/meavia-mh.hr\\\/sl\\\/#website\",\"url\":\"https:\\\/\\\/meavia-mh.hr\\\/sl\\\/\",\"name\":\"Mea Via Beauty\",\"description\":\"Only The Best For Your Beauty\",\"publisher\":{\"@id\":\"https:\\\/\\\/meavia-mh.hr\\\/sl\\\/#organization\"},\"alternateName\":\"Mea Via Nails\",\"potentialAction\":[{\"@type\":\"SearchAction\",\"target\":{\"@type\":\"EntryPoint\",\"urlTemplate\":\"https:\\\/\\\/meavia-mh.hr\\\/sl\\\/?s={search_term_string}\"},\"query-input\":{\"@type\":\"PropertyValueSpecification\",\"valueRequired\":true,\"valueName\":\"search_term_string\"}}],\"inLanguage\":\"sl-SI\"},{\"@type\":\"Organization\",\"@id\":\"https:\\\/\\\/meavia-mh.hr\\\/sl\\\/#organization\",\"name\":\"Mea Via Nails World\",\"alternateName\":\"Mea Via\",\"url\":\"https:\\\/\\\/meavia-mh.hr\\\/sl\\\/\",\"logo\":{\"@type\":\"ImageObject\",\"inLanguage\":\"sl-SI\",\"@id\":\"https:\\\/\\\/meavia-mh.hr\\\/sl\\\/#\\\/schema\\\/logo\\\/image\\\/\",\"url\":\"https:\\\/\\\/www.meavia-mh.hr\\\/wp-content\\\/uploads\\\/2020\\\/12\\\/Mea-Via.png\",\"contentUrl\":\"https:\\\/\\\/www.meavia-mh.hr\\\/wp-content\\\/uploads\\\/2020\\\/12\\\/Mea-Via.png\",\"width\":1181,\"height\":393,\"caption\":\"Mea Via Nails World\"},\"image\":{\"@id\":\"https:\\\/\\\/meavia-mh.hr\\\/sl\\\/#\\\/schema\\\/logo\\\/image\\\/\"},\"sameAs\":[\"https:\\\/\\\/www.facebook.com\\\/MeaViaNailsWorld\",\"https:\\\/\\\/www.instagram.com\\\/mea_via_nails_world\\\/\",\"https:\\\/\\\/www.youtube.com\\\/channel\\\/UCECk0hpRWP6TN-EfA4ER96g\\\/featured\"]}]}<\/script>\n<!-- \/ Yoast SEO plugin. -->","yoast_head_json":{"title":"\u010copi\u010d za manikuro Prozoren \u22c6 Mea Via Beauty \u010dopi\u010d za manikuro in pedikuro","description":"Prozoren \u010dopi\u010d za manikuro \u22c6 popoln \u010dopi\u010d za pripravo nohtov \u22c6 temeljito odstrani vse delce prahu z nohta \u22c6 \u010dopi\u010d za prah \u22c6","robots":{"index":"index","follow":"follow","max-snippet":"max-snippet:-1","max-image-preview":"max-image-preview:large","max-video-preview":"max-video-preview:-1"},"canonical":"https:\/\/www.meavia-mh.hr\/sl\/product\/cetkica-za-manikuru\/","og_locale":"sl_SI","og_type":"article","og_title":"\u010cetkica za manikuru Transparent &#8902; Mea Via Beauty \u010detkica za manikuru i pedikuru","og_description":"\u010cetkica za manikuru Transparent &#8902; savr\u0161ena \u010detkica za pripremu nokta &#8902; temeljito otklanja sva zrnca pra\u0161ine sa nokta &#8902; \u010detka za pra\u0161inu &#8902;","og_url":"https:\/\/www.meavia-mh.hr\/sl\/product\/cetkica-za-manikuru\/","og_site_name":"Mea Via Beauty","article_publisher":"https:\/\/www.facebook.com\/MeaViaNailsWorld","article_modified_time":"2026-01-24T07:13:02+00:00","og_image":[{"width":1596,"height":1626,"url":"https:\/\/www.meavia-mh.hr\/wp-content\/uploads\/2021\/08\/ezgif.com-gif-maker-321.jpg","type":"image\/jpeg"}],"twitter_card":"summary_large_image","twitter_misc":{"Est. reading time":"1 minuta"},"schema":{"@context":"https:\/\/schema.org","@graph":[{"@type":"WebPage","@id":"https:\/\/www.meavia-mh.hr\/product\/cetkica-za-manikuru\/","url":"https:\/\/www.meavia-mh.hr\/product\/cetkica-za-manikuru\/","name":"\u010copi\u010d za manikuro Prozoren \u22c6 Mea Via Beauty \u010dopi\u010d za manikuro in pedikuro","isPartOf":{"@id":"https:\/\/meavia-mh.hr\/sl\/#website"},"primaryImageOfPage":{"@id":"https:\/\/www.meavia-mh.hr\/product\/cetkica-za-manikuru\/#primaryimage"},"image":{"@id":"https:\/\/www.meavia-mh.hr\/product\/cetkica-za-manikuru\/#primaryimage"},"thumbnailUrl":"https:\/\/www.meavia-mh.hr\/wp-content\/uploads\/2021\/08\/ezgif.com-gif-maker-321.jpg","datePublished":"2021-08-13T14:31:54+00:00","dateModified":"2026-01-24T07:13:02+00:00","description":"Prozoren \u010dopi\u010d za manikuro \u22c6 popoln \u010dopi\u010d za pripravo nohtov \u22c6 temeljito odstrani vse delce prahu z nohta \u22c6 \u010dopi\u010d za prah \u22c6","breadcrumb":{"@id":"https:\/\/www.meavia-mh.hr\/product\/cetkica-za-manikuru\/#breadcrumb"},"inLanguage":"sl-SI","potentialAction":[{"@type":"ReadAction","target":["https:\/\/www.meavia-mh.hr\/product\/cetkica-za-manikuru\/"]}]},{"@type":"ImageObject","inLanguage":"sl-SI","@id":"https:\/\/www.meavia-mh.hr\/product\/cetkica-za-manikuru\/#primaryimage","url":"https:\/\/www.meavia-mh.hr\/wp-content\/uploads\/2021\/08\/ezgif.com-gif-maker-321.jpg","contentUrl":"https:\/\/www.meavia-mh.hr\/wp-content\/uploads\/2021\/08\/ezgif.com-gif-maker-321.jpg","width":1596,"height":1626,"caption":"\u010cetkica za manikuru"},{"@type":"BreadcrumbList","@id":"https:\/\/www.meavia-mh.hr\/product\/cetkica-za-manikuru\/#breadcrumb","itemListElement":[{"@type":"ListItem","position":1,"name":"Po\u010detna stranica","item":"https:\/\/www.meavia-mh.hr\/"},{"@type":"ListItem","position":2,"name":"Trgovina","item":"https:\/\/meavia-mh.hr\/sl\/store\/"},{"@type":"ListItem","position":3,"name":"\u010cetkica za manikuru Transparent"}]},{"@type":"WebSite","@id":"https:\/\/meavia-mh.hr\/sl\/#website","url":"https:\/\/meavia-mh.hr\/sl\/","name":"MEA VIA BEAUTY","description":"Only The Best For Your Beauty","publisher":{"@id":"https:\/\/meavia-mh.hr\/sl\/#organization"},"alternateName":"Mea Via Nails","potentialAction":[{"@type":"SearchAction","target":{"@type":"EntryPoint","urlTemplate":"https:\/\/meavia-mh.hr\/sl\/?s={search_term_string}"},"query-input":{"@type":"PropertyValueSpecification","valueRequired":true,"valueName":"search_term_string"}}],"inLanguage":"sl-SI"},{"@type":"Organization","@id":"https:\/\/meavia-mh.hr\/sl\/#organization","name":"Mea Via Nails World","alternateName":"Mea Via","url":"https:\/\/meavia-mh.hr\/sl\/","logo":{"@type":"ImageObject","inLanguage":"sl-SI","@id":"https:\/\/meavia-mh.hr\/sl\/#\/schema\/logo\/image\/","url":"https:\/\/www.meavia-mh.hr\/wp-content\/uploads\/2020\/12\/Mea-Via.png","contentUrl":"https:\/\/www.meavia-mh.hr\/wp-content\/uploads\/2020\/12\/Mea-Via.png","width":1181,"height":393,"caption":"Mea Via Nails World"},"image":{"@id":"https:\/\/meavia-mh.hr\/sl\/#\/schema\/logo\/image\/"},"sameAs":["https:\/\/www.facebook.com\/MeaViaNailsWorld","https:\/\/www.instagram.com\/mea_via_nails_world\/","https:\/\/www.youtube.com\/channel\/UCECk0hpRWP6TN-EfA4ER96g\/featured"]}]}},"spectra_custom_meta":{"_sku":["5901041612465"],"_regular_price":["1.31"],"total_sales":["75"],"_tax_status":["taxable"],"_tax_class":[""],"_manage_stock":["yes"],"_backorders":["no"],"_sold_individually":["no"],"_virtual":["no"],"_downloadable":["no"],"_product_image_gallery":["8260,8261,8264,8263"],"_download_limit":["-1"],"_download_expiry":["-1"],"_thumbnail_id":["8262"],"_stock":["0"],"_stock_status":["outofstock"],"_wc_average_rating":["0"],"_wc_review_count":["0"],"_product_version":["10.4.3"],"_price":["1.31"],"_wp_page_template":["default"],"_yoast_wpseo_focuskw":["\u010cetkica za manikuru"],"_yoast_wpseo_metadesc":["%%title%% %%sep%% savr\u0161ena \u010detkica za pripremu nokta %%sep%% temeljito otklanja sva zrnca pra\u0161ine sa nokta %%sep%% \u010detka za pra\u0161inu %%sep%%"],"_yoast_wpseo_linkdex":["66"],"_yoast_wpseo_content_score":["90"],"_yoast_wpseo_primary_product_cat":["24"],"site-sidebar-layout":["default"],"site-content-layout":["default"],"theme-transparent-header-meta":["default"],"stick-header-meta":["default"],"_yoast_wpseo_estimated-reading-time-minutes":["1"],"_woocs_price_geo_countries":[""],"_woocs_regular_price_geo":[""],"_woocs_sale_price_geo":[""],"cartflows_redirect_flow_id":[""],"cartflows_add_to_cart_text":[""],"_edit_lock":["1650568281:1"],"_edit_last":["1"],"_yoast_wpseo_title":["%%title%% %%page%% %%sep%% %%sitename%% \u010detkica za manikuru i pedikuru"],"_woocs_regular_price_EUR":["1.31"],"_woocs_sale_price_EUR":["-1"],"_lowest_price_30_days":["1.31"],"uag_migration_processed":["1"],"_elementor_page_assets":["a:0:{}"],"_uag_page_assets":["a:9:{s:3:\"css\";s:0:\"\";s:2:\"js\";s:0:\"\";s:18:\"current_block_list\";a:3:{i:0;s:11:\"core\/search\";i:1;s:18:\"core\/legacy-widget\";i:2;s:27:\"woocommerce\/product-filters\";}s:8:\"uag_flag\";b:0;s:11:\"uag_version\";s:10:\"1777732360\";s:6:\"gfonts\";a:0:{}s:10:\"gfonts_url\";s:0:\"\";s:12:\"gfonts_files\";a:0:{}s:14:\"uag_faq_layout\";b:0;}"]},"uagb_featured_image_src":{"full":["https:\/\/www.meavia-mh.hr\/wp-content\/uploads\/2021\/08\/ezgif.com-gif-maker-321.jpg",1596,1626,false],"thumbnail":["https:\/\/www.meavia-mh.hr\/wp-content\/uploads\/2021\/08\/ezgif.com-gif-maker-321-150x150.jpg",150,150,true],"medium":["https:\/\/www.meavia-mh.hr\/wp-content\/uploads\/2021\/08\/ezgif.com-gif-maker-321-294x300.jpg",294,300,true],"medium_large":["https:\/\/www.meavia-mh.hr\/wp-content\/uploads\/2021\/08\/ezgif.com-gif-maker-321-768x782.jpg",768,782,true],"large":["https:\/\/www.meavia-mh.hr\/wp-content\/uploads\/2021\/08\/ezgif.com-gif-maker-321-1005x1024.jpg",1005,1024,true],"1536x1536":["https:\/\/www.meavia-mh.hr\/wp-content\/uploads\/2021\/08\/ezgif.com-gif-maker-321-1508x1536.jpg",1508,1536,true],"2048x2048":["https:\/\/www.meavia-mh.hr\/wp-content\/uploads\/2021\/08\/ezgif.com-gif-maker-321.jpg",1596,1626,false],"trp-custom-language-flag":["https:\/\/www.meavia-mh.hr\/wp-content\/uploads\/2021\/08\/ezgif.com-gif-maker-321-12x12.jpg",12,12,true],"woocommerce_thumbnail":["https:\/\/www.meavia-mh.hr\/wp-content\/uploads\/2021\/08\/ezgif.com-gif-maker-321-300x300.jpg",300,300,true],"woocommerce_single":["https:\/\/www.meavia-mh.hr\/wp-content\/uploads\/2021\/08\/ezgif.com-gif-maker-321-600x611.jpg",600,611,true],"woocommerce_gallery_thumbnail":["https:\/\/www.meavia-mh.hr\/wp-content\/uploads\/2021\/08\/ezgif.com-gif-maker-321-100x100.jpg",100,100,true]},"uagb_author_info":{"display_name":"Mea Via","author_link":"https:\/\/www.meavia-mh.hr\/sl\/author\/"},"uagb_comment_info":0,"uagb_excerpt":"\u010cetkica za manikuru i pedikuru pomo\u0107i \u0107e vam ukloniti najsitnije \u010destice pra\u0161ine. Bezvremenska, prozirna boja \u010detkice odli\u010dno \u0107e se uklopiti u svaki interijer salona za nokte. Ergonomska i prakti\u010dna \u010detka za pra\u0161inu, opremljena posebnim \u010depom koji vam omogu\u0107uje odr\u017eavanje \u010dekinja u dobrom stanju i besprijekornu \u010disto\u0107u. \u010cetkica za manikuru nje\u017eno uklanja pra\u0161inu i ostatke pigmenta&hellip;","_links":{"self":[{"href":"https:\/\/www.meavia-mh.hr\/sl\/wp-json\/wp\/v2\/product\/8259","targetHints":{"allow":["GET"]}}],"collection":[{"href":"https:\/\/www.meavia-mh.hr\/sl\/wp-json\/wp\/v2\/product"}],"about":[{"href":"https:\/\/www.meavia-mh.hr\/sl\/wp-json\/wp\/v2\/types\/product"}],"replies":[{"embeddable":true,"href":"https:\/\/www.meavia-mh.hr\/sl\/wp-json\/wp\/v2\/comments?post=8259"}],"version-history":[{"count":1,"href":"https:\/\/www.meavia-mh.hr\/sl\/wp-json\/wp\/v2\/product\/8259\/revisions"}],"predecessor-version":[{"id":31182,"href":"https:\/\/www.meavia-mh.hr\/sl\/wp-json\/wp\/v2\/product\/8259\/revisions\/31182"}],"wp:featuredmedia":[{"embeddable":true,"href":"https:\/\/www.meavia-mh.hr\/sl\/wp-json\/wp\/v2\/media\/8262"}],"wp:attachment":[{"href":"https:\/\/www.meavia-mh.hr\/sl\/wp-json\/wp\/v2\/media?parent=8259"}],"wp:term":[{"taxonomy":"product_brand","embeddable":true,"href":"https:\/\/www.meavia-mh.hr\/sl\/wp-json\/wp\/v2\/product_brand?post=8259"},{"taxonomy":"product_cat","embeddable":true,"href":"https:\/\/www.meavia-mh.hr\/sl\/wp-json\/wp\/v2\/product_cat?post=8259"},{"taxonomy":"product_tag","embeddable":true,"href":"https:\/\/www.meavia-mh.hr\/sl\/wp-json\/wp\/v2\/product_tag?post=8259"}],"curies":[{"name":"delovni list","href":"https:\/\/api.w.org\/{rel}","templated":true}]}}