{"id":8214,"date":"2021-08-12T10:51:51","date_gmt":"2021-08-12T10:51:51","guid":{"rendered":"https:\/\/www.meavia-mh.hr\/?post_type=product&#038;p=8214"},"modified":"2024-07-05T15:47:56","modified_gmt":"2024-07-05T15:47:56","slug":"stalak-za-lakove-m-36","status":"publish","type":"product","link":"https:\/\/www.meavia-mh.hr\/sl\/product\/stalak-za-lakove-m-36\/","title":{"rendered":"Promocijsko stojalo za barve M-36"},"content":{"rendered":"<p>Promocijsko stojalo za lake je eleganten, pregleden, ve\u010dnadstropni displej, ki vam bo omogo\u010dil uspe\u0161no predstavitev ponudbe trajnih lakov ali va\u0161ih kreacij za nohte strankam salona. Na njem lahko predstavite 36 barv lakov ali kreacij za nohte.<\/p>\n<p><span style=\"font-size: 16px;font-style: normal\">Omogo\u010da vam, da na preprost in u\u010dinkovit na\u010din predstavite barve lakov, dekoracije za nohte ali kon\u010dne stilizacije nohtov.\u00a0<\/span><\/p>\n<p>Stojalo je izdelano iz kvalitetnega, prozornega, akrilnega polimera, estetski videz pa dopolnjujejo zaobljeni robovi. Zaradi svoje privla\u010dne oblike in prakti\u010dnega dizajna bo okrasila vsako manikurno mizo in pritegnila \u0161e ve\u010d strank k tretmajem manikure.<\/p>\n<p>Nanj lahko pritrdite kar 36 vzorcev laka ali vseh kreacij nohtov. Poka\u017eite strankam svojo kreativnost, spretnost in vrhunsko strokovnost z vsem svojim delom.<\/p>\n<p>Promocijsko stojalo za lake ima 6 nivojev - vsaka od njih lahko vsebuje 6 <span style=\"font-size: 16px;font-style: normal\">barva <a href=\"https:\/\/www.meavia-mh.hr\/sl\/product\/palu-gel-polish-trajni-lak-hollywood-red-r3-11-ml\/\">trajno<\/a> ali <a href=\"https:\/\/www.meavia-mh.hr\/sl\/product\/kostka-effect-color-gel-metal-redness\/\">barvni lak<\/a>, <a href=\"https:\/\/www.meavia-mh.hr\/sl\/product\/kostka-swarovski-kristali-jewelry-box-5\/\">dekoracija nohtov<\/a> ali kon\u010dano, oblikovanje nohtov<\/span>. Skupno 36 barv ali kreacij.<\/p>\n<h6>Oglejte si video predstavitev:<\/h6>\n<div class=\"ast-oembed-container\" style=\"height: 100%;\"><iframe title=\"Promocijsko stojalo za lak za nohte\" width=\"500\" height=\"281\" src=\"https:\/\/www.youtube.com\/embed\/UoOpylgEIqc?feature=oembed\" frameborder=\"0\" allow=\"accelerometer; autoplay; clipboard-write; encrypted-media; gyroscope; picture-in-picture; web-share\" referrerpolicy=\"strict-origin-when-cross-origin\" allowfullscreen><\/iframe><\/div>\n<p>Promocijsko stojalo je stabilno in ga je zelo enostavno sestaviti.<\/p>\n<p>Dimenzije v raztegnjenem stanju:<\/p>\n<ul>\n<li>dol\u017eina 15,5 cm<\/li>\n<li>\u0161irina 10 cm<\/li>\n<li>vi\u0161ina 12 cm<\/li>\n<\/ul>\n<p>Opomba: prstane se kupujejo posebej, na voljo so tudi v na\u0161i trgovini.<\/p>","protected":false},"excerpt":{"rendered":"<p>Promotivni stalak za lakove je elegantan, proziran, vi\u0161ekatni displej\u00a0koji \u0107e vam omogu\u0107iti da uspje\u0161no prezentirate ponudu trajnih lakova ili svoje nail kreacije klijentima salona. Na njemu mo\u017eete prezentirati \u00a036 boja lakova ili nail kreacija. Omogu\u0107uje vam predstavljanje boja lakova, ukrasa za nokte ili gotovih nail stilizacija na jednostavan i u\u010dinkovit na\u010din.\u00a0 Stalak je izra\u0111en iz [&hellip;]<\/p>\n","protected":false},"featured_media":8883,"comment_status":"open","ping_status":"closed","template":"","meta":{"_uag_custom_page_level_css":"","site-sidebar-layout":"default","site-content-layout":"default","ast-site-content-layout":"default","site-content-style":"default","site-sidebar-style":"default","ast-global-header-display":"","ast-banner-title-visibility":"","ast-main-header-display":"","ast-hfb-above-header-display":"","ast-hfb-below-header-display":"","ast-hfb-mobile-header-display":"","site-post-title":"","ast-breadcrumbs-content":"","ast-featured-img":"","footer-sml-layout":"","ast-disable-related-posts":"","theme-transparent-header-meta":"default","adv-header-id-meta":"","stick-header-meta":"default","header-above-stick-meta":"","header-main-stick-meta":"","header-below-stick-meta":null,"astra-migrate-meta-layouts":"default","ast-page-background-enabled":"default","ast-page-background-meta":{"desktop":{"background-color":"var(--ast-global-color-4)","background-image":"","background-repeat":"repeat","background-position":"center center","background-size":"auto","background-attachment":"scroll","background-type":"","background-media":"","overlay-type":"","overlay-color":"","overlay-opacity":"","overlay-gradient":""},"tablet":{"background-color":"","background-image":"","background-repeat":"repeat","background-position":"center center","background-size":"auto","background-attachment":"scroll","background-type":"","background-media":"","overlay-type":"","overlay-color":"","overlay-opacity":"","overlay-gradient":""},"mobile":{"background-color":"","background-image":"","background-repeat":"repeat","background-position":"center center","background-size":"auto","background-attachment":"scroll","background-type":"","background-media":"","overlay-type":"","overlay-color":"","overlay-opacity":"","overlay-gradient":""}},"ast-content-background-meta":{"desktop":{"background-color":"var(--ast-global-color-5)","background-image":"","background-repeat":"repeat","background-position":"center center","background-size":"auto","background-attachment":"scroll","background-type":"","background-media":"","overlay-type":"","overlay-color":"","overlay-opacity":"","overlay-gradient":""},"tablet":{"background-color":"var(--ast-global-color-5)","background-image":"","background-repeat":"repeat","background-position":"center center","background-size":"auto","background-attachment":"scroll","background-type":"","background-media":"","overlay-type":"","overlay-color":"","overlay-opacity":"","overlay-gradient":""},"mobile":{"background-color":"var(--ast-global-color-5)","background-image":"","background-repeat":"repeat","background-position":"center center","background-size":"auto","background-attachment":"scroll","background-type":"","background-media":"","overlay-type":"","overlay-color":"","overlay-opacity":"","overlay-gradient":""}}},"product_brand":[],"product_cat":[24],"product_tag":[298],"class_list":{"0":"post-8214","1":"product","2":"type-product","3":"status-publish","4":"has-post-thumbnail","6":"product_cat-dodaci","7":"product_tag-stalak-za-lakove","8":"desktop-align-left","9":"tablet-align-left","10":"mobile-align-left","11":"ast-product-gallery-layout-horizontal-slider","12":"ast-product-tabs-layout-horizontal","14":"first","15":"outofstock","16":"taxable","17":"shipping-taxable","18":"purchasable","19":"product-type-simple"},"yoast_head":"<!-- This site is optimized with the Yoast SEO plugin v27.5 - https:\/\/yoast.com\/product\/yoast-seo-wordpress\/ -->\n<title>Promotivni stalak za lakove M-36 &#8902; reklamni stalak Mea Via Beauty<\/title>\n<meta name=\"description\" content=\"Promotivni stalak za lakove M-36 &#8902; reklamni stalak za lakove &#8902; za 36 razli\u010ditih boja &#8902; idelan za svaki stol za manikru &#8902; stalak za trajni lak\" \/>\n<meta name=\"robots\" content=\"index, follow, max-snippet:-1, max-image-preview:large, max-video-preview:-1\" \/>\n<link rel=\"canonical\" href=\"https:\/\/www.meavia-mh.hr\/sl\/product\/stalak-za-lakove-m-36\/\" \/>\n<meta property=\"og:locale\" content=\"sl_SI\" \/>\n<meta property=\"og:type\" content=\"article\" \/>\n<meta property=\"og:title\" content=\"Promotivni stalak za lakove M-36 &#8902; reklamni stalak Mea Via Beauty\" \/>\n<meta property=\"og:description\" content=\"Promotivni stalak za lakove M-36 &#8902; reklamni stalak za lakove &#8902; za 36 razli\u010ditih boja &#8902; idelan za svaki stol za manikru &#8902; stalak za trajni lak\" \/>\n<meta property=\"og:url\" content=\"https:\/\/www.meavia-mh.hr\/sl\/product\/stalak-za-lakove-m-36\/\" \/>\n<meta property=\"og:site_name\" content=\"Mea Via Beauty\" \/>\n<meta property=\"article:publisher\" content=\"https:\/\/www.facebook.com\/MeaViaNailsWorld\" \/>\n<meta property=\"article:modified_time\" content=\"2024-07-05T15:47:56+00:00\" \/>\n<meta property=\"og:image\" content=\"https:\/\/www.meavia-mh.hr\/wp-content\/uploads\/2021\/08\/IMG_2316-4-scaled.jpg\" \/>\n\t<meta property=\"og:image:width\" content=\"2560\" \/>\n\t<meta property=\"og:image:height\" content=\"1920\" \/>\n\t<meta property=\"og:image:type\" content=\"image\/jpeg\" \/>\n<meta name=\"twitter:card\" content=\"summary_large_image\" \/>\n<meta name=\"twitter:label1\" content=\"Est. reading time\" \/>\n\t<meta name=\"twitter:data1\" content=\"1 minuta\" \/>\n<script type=\"application\/ld+json\" class=\"yoast-schema-graph\">{\"@context\":\"https:\\\/\\\/schema.org\",\"@graph\":[{\"@type\":\"WebPage\",\"@id\":\"https:\\\/\\\/www.meavia-mh.hr\\\/product\\\/stalak-za-lakove-m-36\\\/\",\"url\":\"https:\\\/\\\/www.meavia-mh.hr\\\/product\\\/stalak-za-lakove-m-36\\\/\",\"name\":\"Promotivni stalak za lakove M-36 &#8902; reklamni stalak Mea Via Beauty\",\"isPartOf\":{\"@id\":\"https:\\\/\\\/meavia-mh.hr\\\/sl\\\/#website\"},\"primaryImageOfPage\":{\"@id\":\"https:\\\/\\\/www.meavia-mh.hr\\\/product\\\/stalak-za-lakove-m-36\\\/#primaryimage\"},\"image\":{\"@id\":\"https:\\\/\\\/www.meavia-mh.hr\\\/product\\\/stalak-za-lakove-m-36\\\/#primaryimage\"},\"thumbnailUrl\":\"https:\\\/\\\/www.meavia-mh.hr\\\/wp-content\\\/uploads\\\/2021\\\/08\\\/IMG_2316-4-scaled.jpg\",\"datePublished\":\"2021-08-12T10:51:51+00:00\",\"dateModified\":\"2024-07-05T15:47:56+00:00\",\"description\":\"Promotivni stalak za lakove M-36 &#8902; reklamni stalak za lakove &#8902; za 36 razli\u010ditih boja &#8902; idelan za svaki stol za manikru &#8902; stalak za trajni lak\",\"breadcrumb\":{\"@id\":\"https:\\\/\\\/www.meavia-mh.hr\\\/product\\\/stalak-za-lakove-m-36\\\/#breadcrumb\"},\"inLanguage\":\"sl-SI\",\"potentialAction\":[{\"@type\":\"ReadAction\",\"target\":[\"https:\\\/\\\/www.meavia-mh.hr\\\/product\\\/stalak-za-lakove-m-36\\\/\"]}]},{\"@type\":\"ImageObject\",\"inLanguage\":\"sl-SI\",\"@id\":\"https:\\\/\\\/www.meavia-mh.hr\\\/product\\\/stalak-za-lakove-m-36\\\/#primaryimage\",\"url\":\"https:\\\/\\\/www.meavia-mh.hr\\\/wp-content\\\/uploads\\\/2021\\\/08\\\/IMG_2316-4-scaled.jpg\",\"contentUrl\":\"https:\\\/\\\/www.meavia-mh.hr\\\/wp-content\\\/uploads\\\/2021\\\/08\\\/IMG_2316-4-scaled.jpg\",\"width\":2560,\"height\":1920,\"caption\":\"Promotivni stalak za lakove\"},{\"@type\":\"BreadcrumbList\",\"@id\":\"https:\\\/\\\/www.meavia-mh.hr\\\/product\\\/stalak-za-lakove-m-36\\\/#breadcrumb\",\"itemListElement\":[{\"@type\":\"ListItem\",\"position\":1,\"name\":\"Po\u010detna stranica\",\"item\":\"https:\\\/\\\/www.meavia-mh.hr\\\/\"},{\"@type\":\"ListItem\",\"position\":2,\"name\":\"Trgovina\",\"item\":\"https:\\\/\\\/meavia-mh.hr\\\/sl\\\/store\\\/\"},{\"@type\":\"ListItem\",\"position\":3,\"name\":\"Promotivni stalak za lakove M-36\"}]},{\"@type\":\"WebSite\",\"@id\":\"https:\\\/\\\/meavia-mh.hr\\\/sl\\\/#website\",\"url\":\"https:\\\/\\\/meavia-mh.hr\\\/sl\\\/\",\"name\":\"Mea Via Beauty\",\"description\":\"Only The Best For Your Beauty\",\"publisher\":{\"@id\":\"https:\\\/\\\/meavia-mh.hr\\\/sl\\\/#organization\"},\"alternateName\":\"Mea Via Nails\",\"potentialAction\":[{\"@type\":\"SearchAction\",\"target\":{\"@type\":\"EntryPoint\",\"urlTemplate\":\"https:\\\/\\\/meavia-mh.hr\\\/sl\\\/?s={search_term_string}\"},\"query-input\":{\"@type\":\"PropertyValueSpecification\",\"valueRequired\":true,\"valueName\":\"search_term_string\"}}],\"inLanguage\":\"sl-SI\"},{\"@type\":\"Organization\",\"@id\":\"https:\\\/\\\/meavia-mh.hr\\\/sl\\\/#organization\",\"name\":\"Mea Via Nails World\",\"alternateName\":\"Mea Via\",\"url\":\"https:\\\/\\\/meavia-mh.hr\\\/sl\\\/\",\"logo\":{\"@type\":\"ImageObject\",\"inLanguage\":\"sl-SI\",\"@id\":\"https:\\\/\\\/meavia-mh.hr\\\/sl\\\/#\\\/schema\\\/logo\\\/image\\\/\",\"url\":\"https:\\\/\\\/www.meavia-mh.hr\\\/wp-content\\\/uploads\\\/2020\\\/12\\\/Mea-Via.png\",\"contentUrl\":\"https:\\\/\\\/www.meavia-mh.hr\\\/wp-content\\\/uploads\\\/2020\\\/12\\\/Mea-Via.png\",\"width\":1181,\"height\":393,\"caption\":\"Mea Via Nails World\"},\"image\":{\"@id\":\"https:\\\/\\\/meavia-mh.hr\\\/sl\\\/#\\\/schema\\\/logo\\\/image\\\/\"},\"sameAs\":[\"https:\\\/\\\/www.facebook.com\\\/MeaViaNailsWorld\",\"https:\\\/\\\/www.instagram.com\\\/mea_via_nails_world\\\/\",\"https:\\\/\\\/www.youtube.com\\\/channel\\\/UCECk0hpRWP6TN-EfA4ER96g\\\/featured\"]}]}<\/script>\n<!-- \/ Yoast SEO plugin. -->","yoast_head_json":{"title":"Promotivni stalak za lakove M-36 &#8902; reklamni stalak Mea Via Beauty","description":"Promotivni stalak za lakove M-36 &#8902; reklamni stalak za lakove &#8902; za 36 razli\u010ditih boja &#8902; idelan za svaki stol za manikru &#8902; stalak za trajni lak","robots":{"index":"index","follow":"follow","max-snippet":"max-snippet:-1","max-image-preview":"max-image-preview:large","max-video-preview":"max-video-preview:-1"},"canonical":"https:\/\/www.meavia-mh.hr\/sl\/product\/stalak-za-lakove-m-36\/","og_locale":"sl_SI","og_type":"article","og_title":"Promotivni stalak za lakove M-36 &#8902; reklamni stalak Mea Via Beauty","og_description":"Promotivni stalak za lakove M-36 &#8902; reklamni stalak za lakove &#8902; za 36 razli\u010ditih boja &#8902; idelan za svaki stol za manikru &#8902; stalak za trajni lak","og_url":"https:\/\/www.meavia-mh.hr\/sl\/product\/stalak-za-lakove-m-36\/","og_site_name":"Mea Via Beauty","article_publisher":"https:\/\/www.facebook.com\/MeaViaNailsWorld","article_modified_time":"2024-07-05T15:47:56+00:00","og_image":[{"width":2560,"height":1920,"url":"https:\/\/www.meavia-mh.hr\/wp-content\/uploads\/2021\/08\/IMG_2316-4-scaled.jpg","type":"image\/jpeg"}],"twitter_card":"summary_large_image","twitter_misc":{"Est. reading time":"1 minuta"},"schema":{"@context":"https:\/\/schema.org","@graph":[{"@type":"WebPage","@id":"https:\/\/www.meavia-mh.hr\/product\/stalak-za-lakove-m-36\/","url":"https:\/\/www.meavia-mh.hr\/product\/stalak-za-lakove-m-36\/","name":"Promotivni stalak za lakove M-36 &#8902; reklamni stalak Mea Via Beauty","isPartOf":{"@id":"https:\/\/meavia-mh.hr\/sl\/#website"},"primaryImageOfPage":{"@id":"https:\/\/www.meavia-mh.hr\/product\/stalak-za-lakove-m-36\/#primaryimage"},"image":{"@id":"https:\/\/www.meavia-mh.hr\/product\/stalak-za-lakove-m-36\/#primaryimage"},"thumbnailUrl":"https:\/\/www.meavia-mh.hr\/wp-content\/uploads\/2021\/08\/IMG_2316-4-scaled.jpg","datePublished":"2021-08-12T10:51:51+00:00","dateModified":"2024-07-05T15:47:56+00:00","description":"Promotivni stalak za lakove M-36 &#8902; reklamni stalak za lakove &#8902; za 36 razli\u010ditih boja &#8902; idelan za svaki stol za manikru &#8902; stalak za trajni lak","breadcrumb":{"@id":"https:\/\/www.meavia-mh.hr\/product\/stalak-za-lakove-m-36\/#breadcrumb"},"inLanguage":"sl-SI","potentialAction":[{"@type":"ReadAction","target":["https:\/\/www.meavia-mh.hr\/product\/stalak-za-lakove-m-36\/"]}]},{"@type":"ImageObject","inLanguage":"sl-SI","@id":"https:\/\/www.meavia-mh.hr\/product\/stalak-za-lakove-m-36\/#primaryimage","url":"https:\/\/www.meavia-mh.hr\/wp-content\/uploads\/2021\/08\/IMG_2316-4-scaled.jpg","contentUrl":"https:\/\/www.meavia-mh.hr\/wp-content\/uploads\/2021\/08\/IMG_2316-4-scaled.jpg","width":2560,"height":1920,"caption":"Promotivni stalak za lakove"},{"@type":"BreadcrumbList","@id":"https:\/\/www.meavia-mh.hr\/product\/stalak-za-lakove-m-36\/#breadcrumb","itemListElement":[{"@type":"ListItem","position":1,"name":"Po\u010detna stranica","item":"https:\/\/www.meavia-mh.hr\/"},{"@type":"ListItem","position":2,"name":"Trgovina","item":"https:\/\/meavia-mh.hr\/sl\/store\/"},{"@type":"ListItem","position":3,"name":"Promotivni stalak za lakove M-36"}]},{"@type":"WebSite","@id":"https:\/\/meavia-mh.hr\/sl\/#website","url":"https:\/\/meavia-mh.hr\/sl\/","name":"MEA VIA BEAUTY","description":"Only The Best For Your Beauty","publisher":{"@id":"https:\/\/meavia-mh.hr\/sl\/#organization"},"alternateName":"Mea Via Nails","potentialAction":[{"@type":"SearchAction","target":{"@type":"EntryPoint","urlTemplate":"https:\/\/meavia-mh.hr\/sl\/?s={search_term_string}"},"query-input":{"@type":"PropertyValueSpecification","valueRequired":true,"valueName":"search_term_string"}}],"inLanguage":"sl-SI"},{"@type":"Organization","@id":"https:\/\/meavia-mh.hr\/sl\/#organization","name":"Mea Via Nails World","alternateName":"Mea Via","url":"https:\/\/meavia-mh.hr\/sl\/","logo":{"@type":"ImageObject","inLanguage":"sl-SI","@id":"https:\/\/meavia-mh.hr\/sl\/#\/schema\/logo\/image\/","url":"https:\/\/www.meavia-mh.hr\/wp-content\/uploads\/2020\/12\/Mea-Via.png","contentUrl":"https:\/\/www.meavia-mh.hr\/wp-content\/uploads\/2020\/12\/Mea-Via.png","width":1181,"height":393,"caption":"Mea Via Nails World"},"image":{"@id":"https:\/\/meavia-mh.hr\/sl\/#\/schema\/logo\/image\/"},"sameAs":["https:\/\/www.facebook.com\/MeaViaNailsWorld","https:\/\/www.instagram.com\/mea_via_nails_world\/","https:\/\/www.youtube.com\/channel\/UCECk0hpRWP6TN-EfA4ER96g\/featured"]}]}},"spectra_custom_meta":{"_edit_lock":["1639387040:1"],"_edit_last":["1"],"_thumbnail_id":["8883"],"_wp_page_template":["default"],"_yoast_wpseo_focuskw":["promotivni stalak za lakove"],"_yoast_wpseo_linkdex":["70"],"_yoast_wpseo_content_score":["90"],"_yoast_wpseo_estimated-reading-time-minutes":["1"],"cartflows_redirect_flow_id":[""],"cartflows_add_to_cart_text":[""],"total_sales":["5"],"_tax_status":["taxable"],"_tax_class":[""],"_manage_stock":["yes"],"_backorders":["no"],"_sold_individually":["no"],"_virtual":["no"],"_downloadable":["no"],"_download_limit":["-1"],"_download_expiry":["-1"],"_stock":["0"],"_stock_status":["outofstock"],"_wc_average_rating":["0"],"_wc_review_count":["0"],"_product_version":["7.1.1"],"_sku":["5904611385158"],"_regular_price":["7.95"],"_price":["7.95"],"_product_image_gallery":["8219,8218,8217"],"_woocs_price_geo_countries":[""],"_woocs_regular_price_geo":[""],"_woocs_sale_price_geo":[""],"site-sidebar-layout":["default"],"site-content-layout":["default"],"theme-transparent-header-meta":["default"],"stick-header-meta":["default"],"_yoast_wpseo_primary_product_cat":["24"],"_yoast_wpseo_title":["%%title%% %%page%% %%sep%% reklamni stalak %%sitename%%"],"_yoast_wpseo_metadesc":["%%title%% %%sep%% reklamni stalak za lakove %%sep%% za 36 razli\u010ditih boja %%sep%% idelan za svaki stol za manikru %%sep%% stalak za trajni lak"],"_oembed_9eee412fca586884ba5317588471b862":["<iframe title=\"Promotivni stalak za lakove\" width=\"500\" height=\"281\" src=\"https:\/\/www.youtube.com\/embed\/hK6xf2QPlK8?feature=oembed\" frameborder=\"0\" allow=\"accelerometer; autoplay; clipboard-write; encrypted-media; gyroscope; picture-in-picture\" allowfullscreen><\/iframe>"],"_oembed_time_9eee412fca586884ba5317588471b862":["1630792499"],"_oembed_77707daba22676d58b4cf37a6d614a46":["<iframe title=\"Promotivni stalak za lakove\" width=\"898\" height=\"505\" src=\"https:\/\/www.youtube.com\/embed\/hK6xf2QPlK8?feature=oembed\" frameborder=\"0\" allow=\"accelerometer; autoplay; clipboard-write; encrypted-media; gyroscope; picture-in-picture\" allowfullscreen><\/iframe>"],"_oembed_time_77707daba22676d58b4cf37a6d614a46":["1630792500"],"_oembed_3abc123acac48b1d568ee2330c2d39eb":["<iframe title=\"Promotivni stalak za lakove\" width=\"922\" height=\"519\" src=\"https:\/\/www.youtube.com\/embed\/hK6xf2QPlK8?feature=oembed\" frameborder=\"0\" allow=\"accelerometer; autoplay; clipboard-write; encrypted-media; gyroscope; picture-in-picture\" allowfullscreen><\/iframe>"],"_oembed_time_3abc123acac48b1d568ee2330c2d39eb":["1630792515"],"_oembed_de7e6dc9b5a115cfa47a0712a77a5423":["<iframe title=\"Promotivni stalak za lakove\" width=\"1200\" height=\"675\" src=\"https:\/\/www.youtube.com\/embed\/hK6xf2QPlK8?feature=oembed\" frameborder=\"0\" allow=\"accelerometer; autoplay; clipboard-write; encrypted-media; gyroscope; picture-in-picture\" allowfullscreen><\/iframe>"],"_oembed_time_de7e6dc9b5a115cfa47a0712a77a5423":["1630812999"],"_oembed_4d75ba814be0e3150f754144a99b48c5":["<iframe title=\"Promotivni stalak za lakove\" width=\"500\" height=\"281\" src=\"https:\/\/www.youtube.com\/embed\/UoOpylgEIqc?feature=oembed\" frameborder=\"0\" allow=\"accelerometer; autoplay; clipboard-write; encrypted-media; gyroscope; picture-in-picture\" allowfullscreen><\/iframe>"],"_oembed_time_4d75ba814be0e3150f754144a99b48c5":["1631215706"],"_woocs_regular_price_EUR":["7.95"],"_woocs_sale_price_EUR":["-1"],"_oembed_593ff28fc898f4a9930a1ef3cd31718c":["<iframe title=\"Promotivni stalak za lakove\" width=\"922\" height=\"519\" src=\"https:\/\/www.youtube.com\/embed\/UoOpylgEIqc?feature=oembed\" frameborder=\"0\" allow=\"accelerometer; autoplay; clipboard-write; encrypted-media; gyroscope; picture-in-picture\" allowfullscreen><\/iframe>"],"_oembed_time_593ff28fc898f4a9930a1ef3cd31718c":["1631215744"],"_oembed_ea60410f71e713d7d74da15f043bef5b":["<iframe title=\"Promotivni stalak za lakove\" width=\"1200\" height=\"675\" src=\"https:\/\/www.youtube.com\/embed\/UoOpylgEIqc?feature=oembed\" frameborder=\"0\" allow=\"accelerometer; autoplay; clipboard-write; encrypted-media; gyroscope; picture-in-picture\" allowfullscreen><\/iframe>"],"_oembed_time_ea60410f71e713d7d74da15f043bef5b":["1631218448"],"ast-below-header-display":[null],"footer-adv-display":[null],"adv-header-id-meta":[""],"header-below-stick-meta":[null],"_oembed_26ca1f0d5a4cc987f2e15968c03d08e7":["<iframe title=\"Promotivni stalak za lakove\" width=\"500\" height=\"281\" src=\"https:\/\/www.youtube.com\/embed\/UoOpylgEIqc?feature=oembed\" frameborder=\"0\" allow=\"accelerometer; autoplay; clipboard-write; encrypted-media; gyroscope; picture-in-picture; web-share\" referrerpolicy=\"strict-origin-when-cross-origin\" allowfullscreen><\/iframe>"],"_oembed_time_26ca1f0d5a4cc987f2e15968c03d08e7":["1714339599"],"uag_migration_processed":["1"],"_elementor_page_assets":["a:0:{}"],"_uag_page_assets":["a:9:{s:3:\"css\";s:0:\"\";s:2:\"js\";s:0:\"\";s:18:\"current_block_list\";a:3:{i:0;s:11:\"core\/search\";i:1;s:18:\"core\/legacy-widget\";i:2;s:27:\"woocommerce\/product-filters\";}s:8:\"uag_flag\";b:0;s:11:\"uag_version\";s:10:\"1777717944\";s:6:\"gfonts\";a:0:{}s:10:\"gfonts_url\";s:0:\"\";s:12:\"gfonts_files\";a:0:{}s:14:\"uag_faq_layout\";b:0;}"]},"uagb_featured_image_src":{"full":["https:\/\/www.meavia-mh.hr\/wp-content\/uploads\/2021\/08\/IMG_2316-4-scaled.jpg",2560,1920,false],"thumbnail":["https:\/\/www.meavia-mh.hr\/wp-content\/uploads\/2021\/08\/IMG_2316-4-150x150.jpg",150,150,true],"medium":["https:\/\/www.meavia-mh.hr\/wp-content\/uploads\/2021\/08\/IMG_2316-4-300x225.jpg",300,225,true],"medium_large":["https:\/\/www.meavia-mh.hr\/wp-content\/uploads\/2021\/08\/IMG_2316-4-768x576.jpg",768,576,true],"large":["https:\/\/www.meavia-mh.hr\/wp-content\/uploads\/2021\/08\/IMG_2316-4-1024x768.jpg",1024,768,true],"1536x1536":["https:\/\/www.meavia-mh.hr\/wp-content\/uploads\/2021\/08\/IMG_2316-4-1536x1152.jpg",1536,1152,true],"2048x2048":["https:\/\/www.meavia-mh.hr\/wp-content\/uploads\/2021\/08\/IMG_2316-4-2048x1536.jpg",2048,1536,true],"trp-custom-language-flag":["https:\/\/www.meavia-mh.hr\/wp-content\/uploads\/2021\/08\/IMG_2316-4-16x12.jpg",16,12,true],"woocommerce_thumbnail":["https:\/\/www.meavia-mh.hr\/wp-content\/uploads\/2021\/08\/IMG_2316-4-300x300.jpg",300,300,true],"woocommerce_single":["https:\/\/www.meavia-mh.hr\/wp-content\/uploads\/2021\/08\/IMG_2316-4-600x450.jpg",600,450,true],"woocommerce_gallery_thumbnail":["https:\/\/www.meavia-mh.hr\/wp-content\/uploads\/2021\/08\/IMG_2316-4-100x100.jpg",100,100,true]},"uagb_author_info":{"display_name":"Mea Via","author_link":"https:\/\/www.meavia-mh.hr\/sl\/author\/"},"uagb_comment_info":0,"uagb_excerpt":"Promotivni stalak za lakove je elegantan, proziran, vi\u0161ekatni displej\u00a0koji \u0107e vam omogu\u0107iti da uspje\u0161no prezentirate ponudu trajnih lakova ili svoje nail kreacije klijentima salona. Na njemu mo\u017eete prezentirati \u00a036 boja lakova ili nail kreacija. Omogu\u0107uje vam predstavljanje boja lakova, ukrasa za nokte ili gotovih nail stilizacija na jednostavan i u\u010dinkovit na\u010din.\u00a0 Stalak je izra\u0111en iz&hellip;","_links":{"self":[{"href":"https:\/\/www.meavia-mh.hr\/sl\/wp-json\/wp\/v2\/product\/8214","targetHints":{"allow":["GET"]}}],"collection":[{"href":"https:\/\/www.meavia-mh.hr\/sl\/wp-json\/wp\/v2\/product"}],"about":[{"href":"https:\/\/www.meavia-mh.hr\/sl\/wp-json\/wp\/v2\/types\/product"}],"replies":[{"embeddable":true,"href":"https:\/\/www.meavia-mh.hr\/sl\/wp-json\/wp\/v2\/comments?post=8214"}],"version-history":[{"count":1,"href":"https:\/\/www.meavia-mh.hr\/sl\/wp-json\/wp\/v2\/product\/8214\/revisions"}],"predecessor-version":[{"id":31186,"href":"https:\/\/www.meavia-mh.hr\/sl\/wp-json\/wp\/v2\/product\/8214\/revisions\/31186"}],"wp:featuredmedia":[{"embeddable":true,"href":"https:\/\/www.meavia-mh.hr\/sl\/wp-json\/wp\/v2\/media\/8883"}],"wp:attachment":[{"href":"https:\/\/www.meavia-mh.hr\/sl\/wp-json\/wp\/v2\/media?parent=8214"}],"wp:term":[{"taxonomy":"product_brand","embeddable":true,"href":"https:\/\/www.meavia-mh.hr\/sl\/wp-json\/wp\/v2\/product_brand?post=8214"},{"taxonomy":"product_cat","embeddable":true,"href":"https:\/\/www.meavia-mh.hr\/sl\/wp-json\/wp\/v2\/product_cat?post=8214"},{"taxonomy":"product_tag","embeddable":true,"href":"https:\/\/www.meavia-mh.hr\/sl\/wp-json\/wp\/v2\/product_tag?post=8214"}],"curies":[{"name":"delovni list","href":"https:\/\/api.w.org\/{rel}","templated":true}]}}