{"id":8133,"date":"2021-08-09T20:13:07","date_gmt":"2021-08-09T20:13:07","guid":{"rendered":"https:\/\/www.meavia-mh.hr\/?post_type=product&#038;p=8133"},"modified":"2024-07-05T15:47:58","modified_gmt":"2024-07-05T15:47:58","slug":"osvjezivac-zraka-aroma-difuzor-spa-16","status":"publish","type":"product","link":"https:\/\/www.meavia-mh.hr\/sl\/product\/osvjezivac-zraka-aroma-difuzor-spa-16\/","title":{"rendered":"Osve\u017eilec zraka (aroma difuzor) SPA-16"},"content":{"rendered":"<div>Osve\u017eilec zraka (aroma difuzor) SPA-16 je odli\u010dna re\u0161itev za aromaterapijo. Izdelan iz visokokakovostnih komponent je moderne in preproste oblike, zato boste zanj zlahka na\u0161li mesto kjerkoli v prostoru. V\u0161e\u010d vam bo zunanji videz in prijeten vonj, ki u\u010dinkovito \u010disti zrak v prostoru, hkrati pa deluje pomirjujo\u010de in spro\u0161\u010dujo\u010de.<\/div>\n<div><\/div>\n<div><strong><span class=\"\">Navodila za uporabo:<\/span><\/strong><\/div>\n<div>Ko odprete pokrov, nalijte vodo, nato dodajte nekaj kapljic va\u0161ih najljub\u0161ih eteri\u010dnih olj in u\u017eivajte v prijetnem di\u0161e\u010dem u\u010dinku. Eteri\u010dna olja imajo zaradi hladnega izhlapevanja antibakterijski u\u010dinek, zato odli\u010dno o\u010distijo zrak.<\/div>\n<div><\/div>\n<div><strong>Osve\u017eilec (aroma difuzor) SPA-16 tehni\u010dni podatki:<\/strong><\/div>\n<p>\u2022 Material: PP<br \/>\n\u2022 Ultrazvo\u010dna difuzija.<br \/>\n\u2022 Funkcija: difuzija arome, vla\u017eilec zraka, lu\u010d.<br \/>\n\u2022 Uporabite eteri\u010dno olje + vodo.<br \/>\n\u2022 Senzorsko stikalo na dotik.<br \/>\n\u2022 Prostornina: 130 ml.<br \/>\n\u2022 Velikost izdelka: 10 x 10 cm<br \/>\n\u2022 Senzor pomanjkanja vode<br \/>\n\u2022 USB vti\u010d<br \/>\n\u2022 LED lu\u010dka<\/p>\n<p>Barva: imitacija temnega lesa<\/p>\n<h6>Oglejte si video predstavitev osve\u017eilcev zraka:<\/h6>\n<div class=\"ast-oembed-container\" style=\"height: 100%;\"><iframe title=\"Aroma difuzor (osve\u017eilec zraka)\" width=\"500\" height=\"281\" src=\"https:\/\/www.youtube.com\/embed\/-OmcSTUvy6g?feature=oembed&#038;enablejsapi=1&#038;origin=https:\/\/www.meavia-mh.hr\" frameborder=\"0\" allow=\"accelerometer; autoplay; clipboard-write; encrypted-media; gyroscope; picture-in-picture; web-share\" referrerpolicy=\"strict-origin-when-cross-origin\" allowfullscreen><\/iframe><\/div>\n<p>Osve\u017eilec zraka (aroma difuzor) je sodoben pripomo\u010dek, ki bo va\u0161 dom ali delovni prostor napolnil z di\u0161avami in dvignil notranjo opremo na vi\u0161jo raven! Tale <strong>ultrazvo\u010dni nebulator <\/strong>enakomerno osve\u017ei in o\u010disti zrak v prostoru ter ustvari prijetno vzdu\u0161je zahvaljujo\u010d di\u0161e\u010demu ali eteri\u010dnemu olju. Difuzor ima podoben namen kot aromati\u010dne svetilke. Uporablja se za pre\u010di\u0161\u010devanje zraka, za odstranjevanje neprijetnih vonjav, odganjanje \u017eu\u017eelk, za bolj\u0161e razpolo\u017eenje ali preprosto za ustvarjanje prijetnega vzdu\u0161ja v hi\u0161i ali delovnem prostoru. Samo po va\u0161ih \u017eeljah! Izberite ultrazvo\u010dni nebulator in u\u017eivajte v svojem najljub\u0161em vonju.<\/p>\n<h6>Prednosti osve\u017eilcev zraka:<\/h6>\n<ul>\n<li>Napolni prostor z di\u0161avo<\/li>\n<li>Dopolnjuje videz notranjosti<\/li>\n<li>Vla\u017ei zrak<\/li>\n<\/ul>\n<h6>Kak\u0161no je na\u010delo ultrazvo\u010dnega difuzorja vonjav?<\/h6>\n<p>Za razliko od klasi\u010dnega razpr\u0161ilnika vonjav, zvo\u010dni razpr\u0161ilec vonja deluje na principu pretvarjanja vode v fino vodno paro z ultrazvo\u010dnimi valovi. Para vla\u017ei zrak in zahvaljujo\u010d dodanemu eteri\u010dnemu olju pre\u017eema celoten prostor z vonjem. Zrak v prostoru \u010distijo tudi eteri\u010dna olja, ki nase ve\u017eejo proste radikale. Nekateri aromati\u010dni difuzorji stimulirajo druga \u010dutila s terapijo z zatemnjeno svetlobo ali predvajajo va\u0161o najljub\u0161o glasbo.<\/p>\n<p>Difuzorji za razliko od aromati\u010dnih \u017earnic ne segrevajo eteri\u010dnega olja, zato se ne razgradijo. Olja so v celoti razpr\u0161ena na majhne kapljice, torej ni lo\u010devanja hlapnih in manj hlapnih spojin, kar v celoti ohranja njihove zdravilne lastnosti.<\/p>\n<p>Obstajajo razli\u010dne vrste difuzorjev. Nekatera olja razpr\u0161ijo z ultrazvokom, druga pa s pihanjem ustvarijo drobne kapljice \u2013 tok zraka v tankih steklenih ali kovinskih ceveh. Imenujejo jih tudi klasi\u010dni difuzorji ali nebulatorji.<\/p>\n<p>Ultrazvo\u010dnim difuzorjem poleg eteri\u010dnih olj dodajajo vodo, zato delujejo tudi kot vla\u017eilci zraka za manj\u0161e prostore (te\u017eko jih je primerjati s pravimi vla\u017eilniki, katerih poraba vode se meri v litrih, medtem ko so difuzorji decilitri).<\/p>\n<p><strong>Ultrazvo\u010dni difuzor di\u0161av je maksimalno tih<\/strong>, zato ga lahko poleg dnevnih in spalnic uporabljate tudi v salonih za nohte, lepotnih studiih, masa\u017enih salonih, pisarnah.<\/p>\n<p>U\u017eivajte v prijetnem, spro\u0161\u010denem vzdu\u0161ju, pre\u017eetem z va\u0161im najljub\u0161im vonjem iz dizajnerskega spreja, ki se bo po zaslugi vseh dizajnov odli\u010dno dopolnjeval s katero koli notranjostjo.<\/p>\n<p>Ultrazvo\u010dne difuzorje je treba ob\u010dasno odstraniti tudi vodni kamen. Dve \u017eli\u010dki citronske kisline damo v en deciliter vode. Tako raztopino pustite v difuzorju pribli\u017eno dvajset minut, nato pa sperite z mla\u010dno vodo. Mastni film odstranimo z etanolom: etanol damo v difuzor in speremo z me\u0161anjem.<\/p>","protected":false},"excerpt":{"rendered":"<p>Osvje\u017eiva\u010d zraka (aroma difuzor) SPA-16 savr\u0161eno je rje\u0161enje za aromaterapiju. Izra\u0111en od visokokvalitetnih komponenti, modernog je i jednostavnog oblika, tako da za njega mo\u017eete lako prona\u0107i mjesto bilo gdje u prostoriji. Svidjet \u0107e vam se i vanjski izgled i ugodan miris koji dolazi iz njega, u\u010dinkovito pro\u010di\u0161\u0107avaju\u0107i zrak u prostoriji, \u0161to je ujedno i smiruju\u0107i [&hellip;]<\/p>\n","protected":false},"featured_media":8136,"comment_status":"open","ping_status":"closed","template":"","meta":{"_uag_custom_page_level_css":"","site-sidebar-layout":"default","site-content-layout":"default","ast-site-content-layout":"default","site-content-style":"default","site-sidebar-style":"default","ast-global-header-display":"","ast-banner-title-visibility":"","ast-main-header-display":"","ast-hfb-above-header-display":"","ast-hfb-below-header-display":"","ast-hfb-mobile-header-display":"","site-post-title":"","ast-breadcrumbs-content":"","ast-featured-img":"","footer-sml-layout":"","ast-disable-related-posts":"","theme-transparent-header-meta":"default","adv-header-id-meta":"","stick-header-meta":"default","header-above-stick-meta":"","header-main-stick-meta":"","header-below-stick-meta":"","astra-migrate-meta-layouts":"default","ast-page-background-enabled":"default","ast-page-background-meta":{"desktop":{"background-color":"var(--ast-global-color-4)","background-image":"","background-repeat":"repeat","background-position":"center center","background-size":"auto","background-attachment":"scroll","background-type":"","background-media":"","overlay-type":"","overlay-color":"","overlay-opacity":"","overlay-gradient":""},"tablet":{"background-color":"","background-image":"","background-repeat":"repeat","background-position":"center center","background-size":"auto","background-attachment":"scroll","background-type":"","background-media":"","overlay-type":"","overlay-color":"","overlay-opacity":"","overlay-gradient":""},"mobile":{"background-color":"","background-image":"","background-repeat":"repeat","background-position":"center center","background-size":"auto","background-attachment":"scroll","background-type":"","background-media":"","overlay-type":"","overlay-color":"","overlay-opacity":"","overlay-gradient":""}},"ast-content-background-meta":{"desktop":{"background-color":"var(--ast-global-color-5)","background-image":"","background-repeat":"repeat","background-position":"center center","background-size":"auto","background-attachment":"scroll","background-type":"","background-media":"","overlay-type":"","overlay-color":"","overlay-opacity":"","overlay-gradient":""},"tablet":{"background-color":"var(--ast-global-color-5)","background-image":"","background-repeat":"repeat","background-position":"center center","background-size":"auto","background-attachment":"scroll","background-type":"","background-media":"","overlay-type":"","overlay-color":"","overlay-opacity":"","overlay-gradient":""},"mobile":{"background-color":"var(--ast-global-color-5)","background-image":"","background-repeat":"repeat","background-position":"center center","background-size":"auto","background-attachment":"scroll","background-type":"","background-media":"","overlay-type":"","overlay-color":"","overlay-opacity":"","overlay-gradient":""}}},"product_brand":[],"product_cat":[24],"product_tag":[296,297],"class_list":{"0":"post-8133","1":"product","2":"type-product","3":"status-publish","4":"has-post-thumbnail","6":"product_cat-dodaci","7":"product_tag-aroma-difuzer","8":"product_tag-osvjezivac-zraka","9":"desktop-align-left","10":"tablet-align-left","11":"mobile-align-left","12":"ast-product-gallery-layout-horizontal-slider","13":"ast-product-tabs-layout-horizontal","15":"first","16":"outofstock","17":"taxable","18":"shipping-taxable","19":"purchasable","20":"product-type-simple"},"yoast_head":"<!-- This site is optimized with the Yoast SEO plugin v27.4 - https:\/\/yoast.com\/product\/yoast-seo-wordpress\/ -->\n<title>Osvje\u017eiva\u010d zraka (aroma difuzor) SPA-16 &#8902; Mea Via Beauty<\/title>\n<meta name=\"description\" content=\"Osvje\u017eiva\u010d zraka (aroma difuzor) SPA-16 &#8902; ultrazvu\u010dni aroma difuzor &#8902; opu\u0161taju\u010di mirisni trenuci &#8902; aromaterapija &#8902; spa opu\u0161tanje\" \/>\n<meta name=\"robots\" content=\"index, follow, max-snippet:-1, max-image-preview:large, max-video-preview:-1\" \/>\n<link rel=\"canonical\" href=\"https:\/\/www.meavia-mh.hr\/sl\/product\/osvjezivac-zraka-aroma-difuzor-spa-16\/\" \/>\n<meta property=\"og:locale\" content=\"sl_SI\" \/>\n<meta property=\"og:type\" content=\"article\" \/>\n<meta property=\"og:title\" content=\"Osvje\u017eiva\u010d zraka (aroma difuzor) SPA-16 &#8902; Mea Via Beauty\" \/>\n<meta property=\"og:description\" content=\"Osvje\u017eiva\u010d zraka (aroma difuzor) SPA-16 &#8902; ultrazvu\u010dni aroma difuzor &#8902; opu\u0161taju\u010di mirisni trenuci &#8902; aromaterapija &#8902; spa opu\u0161tanje\" \/>\n<meta property=\"og:url\" content=\"https:\/\/www.meavia-mh.hr\/sl\/product\/osvjezivac-zraka-aroma-difuzor-spa-16\/\" \/>\n<meta property=\"og:site_name\" content=\"Mea Via Beauty\" \/>\n<meta property=\"article:publisher\" content=\"https:\/\/www.facebook.com\/MeaViaNailsWorld\" \/>\n<meta property=\"article:modified_time\" content=\"2024-07-05T15:47:58+00:00\" \/>\n<meta property=\"og:image\" content=\"https:\/\/www.meavia-mh.hr\/wp-content\/uploads\/2021\/08\/ezgif.com-gif-maker-278.jpg\" \/>\n\t<meta property=\"og:image:width\" content=\"1216\" \/>\n\t<meta property=\"og:image:height\" content=\"1216\" \/>\n\t<meta property=\"og:image:type\" content=\"image\/jpeg\" \/>\n<meta name=\"twitter:card\" content=\"summary_large_image\" \/>\n<meta name=\"twitter:label1\" content=\"Est. reading time\" \/>\n\t<meta name=\"twitter:data1\" content=\"3 minute\" \/>\n<script type=\"application\/ld+json\" class=\"yoast-schema-graph\">{\"@context\":\"https:\\\/\\\/schema.org\",\"@graph\":[{\"@type\":\"WebPage\",\"@id\":\"https:\\\/\\\/www.meavia-mh.hr\\\/product\\\/osvjezivac-zraka-aroma-difuzor-spa-16\\\/\",\"url\":\"https:\\\/\\\/www.meavia-mh.hr\\\/product\\\/osvjezivac-zraka-aroma-difuzor-spa-16\\\/\",\"name\":\"Osvje\u017eiva\u010d zraka (aroma difuzor) SPA-16 &#8902; Mea Via Beauty\",\"isPartOf\":{\"@id\":\"https:\\\/\\\/meavia-mh.hr\\\/sl\\\/#website\"},\"primaryImageOfPage\":{\"@id\":\"https:\\\/\\\/www.meavia-mh.hr\\\/product\\\/osvjezivac-zraka-aroma-difuzor-spa-16\\\/#primaryimage\"},\"image\":{\"@id\":\"https:\\\/\\\/www.meavia-mh.hr\\\/product\\\/osvjezivac-zraka-aroma-difuzor-spa-16\\\/#primaryimage\"},\"thumbnailUrl\":\"https:\\\/\\\/www.meavia-mh.hr\\\/wp-content\\\/uploads\\\/2021\\\/08\\\/ezgif.com-gif-maker-278.jpg\",\"datePublished\":\"2021-08-09T20:13:07+00:00\",\"dateModified\":\"2024-07-05T15:47:58+00:00\",\"description\":\"Osvje\u017eiva\u010d zraka (aroma difuzor) SPA-16 &#8902; ultrazvu\u010dni aroma difuzor &#8902; opu\u0161taju\u010di mirisni trenuci &#8902; aromaterapija &#8902; spa opu\u0161tanje\",\"breadcrumb\":{\"@id\":\"https:\\\/\\\/www.meavia-mh.hr\\\/product\\\/osvjezivac-zraka-aroma-difuzor-spa-16\\\/#breadcrumb\"},\"inLanguage\":\"sl-SI\",\"potentialAction\":[{\"@type\":\"ReadAction\",\"target\":[\"https:\\\/\\\/www.meavia-mh.hr\\\/product\\\/osvjezivac-zraka-aroma-difuzor-spa-16\\\/\"]}]},{\"@type\":\"ImageObject\",\"inLanguage\":\"sl-SI\",\"@id\":\"https:\\\/\\\/www.meavia-mh.hr\\\/product\\\/osvjezivac-zraka-aroma-difuzor-spa-16\\\/#primaryimage\",\"url\":\"https:\\\/\\\/www.meavia-mh.hr\\\/wp-content\\\/uploads\\\/2021\\\/08\\\/ezgif.com-gif-maker-278.jpg\",\"contentUrl\":\"https:\\\/\\\/www.meavia-mh.hr\\\/wp-content\\\/uploads\\\/2021\\\/08\\\/ezgif.com-gif-maker-278.jpg\",\"width\":1216,\"height\":1216,\"caption\":\"Osvje\u017eiva\u010d zraka (aroma difuzor)\"},{\"@type\":\"BreadcrumbList\",\"@id\":\"https:\\\/\\\/www.meavia-mh.hr\\\/product\\\/osvjezivac-zraka-aroma-difuzor-spa-16\\\/#breadcrumb\",\"itemListElement\":[{\"@type\":\"ListItem\",\"position\":1,\"name\":\"Po\u010detna stranica\",\"item\":\"https:\\\/\\\/www.meavia-mh.hr\\\/\"},{\"@type\":\"ListItem\",\"position\":2,\"name\":\"Trgovina\",\"item\":\"https:\\\/\\\/meavia-mh.hr\\\/sl\\\/store\\\/\"},{\"@type\":\"ListItem\",\"position\":3,\"name\":\"Osvje\u017eiva\u010d zraka (aroma difuzor) SPA-16\"}]},{\"@type\":\"WebSite\",\"@id\":\"https:\\\/\\\/meavia-mh.hr\\\/sl\\\/#website\",\"url\":\"https:\\\/\\\/meavia-mh.hr\\\/sl\\\/\",\"name\":\"Mea Via Beauty\",\"description\":\"Only The Best For Your Beauty\",\"publisher\":{\"@id\":\"https:\\\/\\\/meavia-mh.hr\\\/sl\\\/#organization\"},\"alternateName\":\"Mea Via Nails\",\"potentialAction\":[{\"@type\":\"SearchAction\",\"target\":{\"@type\":\"EntryPoint\",\"urlTemplate\":\"https:\\\/\\\/meavia-mh.hr\\\/sl\\\/?s={search_term_string}\"},\"query-input\":{\"@type\":\"PropertyValueSpecification\",\"valueRequired\":true,\"valueName\":\"search_term_string\"}}],\"inLanguage\":\"sl-SI\"},{\"@type\":\"Organization\",\"@id\":\"https:\\\/\\\/meavia-mh.hr\\\/sl\\\/#organization\",\"name\":\"Mea Via Nails World\",\"alternateName\":\"Mea Via\",\"url\":\"https:\\\/\\\/meavia-mh.hr\\\/sl\\\/\",\"logo\":{\"@type\":\"ImageObject\",\"inLanguage\":\"sl-SI\",\"@id\":\"https:\\\/\\\/meavia-mh.hr\\\/sl\\\/#\\\/schema\\\/logo\\\/image\\\/\",\"url\":\"https:\\\/\\\/www.meavia-mh.hr\\\/wp-content\\\/uploads\\\/2020\\\/12\\\/Mea-Via.png\",\"contentUrl\":\"https:\\\/\\\/www.meavia-mh.hr\\\/wp-content\\\/uploads\\\/2020\\\/12\\\/Mea-Via.png\",\"width\":1181,\"height\":393,\"caption\":\"Mea Via Nails World\"},\"image\":{\"@id\":\"https:\\\/\\\/meavia-mh.hr\\\/sl\\\/#\\\/schema\\\/logo\\\/image\\\/\"},\"sameAs\":[\"https:\\\/\\\/www.facebook.com\\\/MeaViaNailsWorld\",\"https:\\\/\\\/www.instagram.com\\\/mea_via_nails_world\\\/\",\"https:\\\/\\\/www.youtube.com\\\/channel\\\/UCECk0hpRWP6TN-EfA4ER96g\\\/featured\"]}]}<\/script>\n<!-- \/ Yoast SEO plugin. -->","yoast_head_json":{"title":"Osvje\u017eiva\u010d zraka (aroma difuzor) SPA-16 &#8902; Mea Via Beauty","description":"Osvje\u017eiva\u010d zraka (aroma difuzor) SPA-16 &#8902; ultrazvu\u010dni aroma difuzor &#8902; opu\u0161taju\u010di mirisni trenuci &#8902; aromaterapija &#8902; spa opu\u0161tanje","robots":{"index":"index","follow":"follow","max-snippet":"max-snippet:-1","max-image-preview":"max-image-preview:large","max-video-preview":"max-video-preview:-1"},"canonical":"https:\/\/www.meavia-mh.hr\/sl\/product\/osvjezivac-zraka-aroma-difuzor-spa-16\/","og_locale":"sl_SI","og_type":"article","og_title":"Osvje\u017eiva\u010d zraka (aroma difuzor) SPA-16 &#8902; Mea Via Beauty","og_description":"Osvje\u017eiva\u010d zraka (aroma difuzor) SPA-16 &#8902; ultrazvu\u010dni aroma difuzor &#8902; opu\u0161taju\u010di mirisni trenuci &#8902; aromaterapija &#8902; spa opu\u0161tanje","og_url":"https:\/\/www.meavia-mh.hr\/sl\/product\/osvjezivac-zraka-aroma-difuzor-spa-16\/","og_site_name":"Mea Via Beauty","article_publisher":"https:\/\/www.facebook.com\/MeaViaNailsWorld","article_modified_time":"2024-07-05T15:47:58+00:00","og_image":[{"width":1216,"height":1216,"url":"https:\/\/www.meavia-mh.hr\/wp-content\/uploads\/2021\/08\/ezgif.com-gif-maker-278.jpg","type":"image\/jpeg"}],"twitter_card":"summary_large_image","twitter_misc":{"Est. reading time":"3 minute"},"schema":{"@context":"https:\/\/schema.org","@graph":[{"@type":"WebPage","@id":"https:\/\/www.meavia-mh.hr\/product\/osvjezivac-zraka-aroma-difuzor-spa-16\/","url":"https:\/\/www.meavia-mh.hr\/product\/osvjezivac-zraka-aroma-difuzor-spa-16\/","name":"Osvje\u017eiva\u010d zraka (aroma difuzor) SPA-16 &#8902; Mea Via Beauty","isPartOf":{"@id":"https:\/\/meavia-mh.hr\/sl\/#website"},"primaryImageOfPage":{"@id":"https:\/\/www.meavia-mh.hr\/product\/osvjezivac-zraka-aroma-difuzor-spa-16\/#primaryimage"},"image":{"@id":"https:\/\/www.meavia-mh.hr\/product\/osvjezivac-zraka-aroma-difuzor-spa-16\/#primaryimage"},"thumbnailUrl":"https:\/\/www.meavia-mh.hr\/wp-content\/uploads\/2021\/08\/ezgif.com-gif-maker-278.jpg","datePublished":"2021-08-09T20:13:07+00:00","dateModified":"2024-07-05T15:47:58+00:00","description":"Osvje\u017eiva\u010d zraka (aroma difuzor) SPA-16 &#8902; ultrazvu\u010dni aroma difuzor &#8902; opu\u0161taju\u010di mirisni trenuci &#8902; aromaterapija &#8902; spa opu\u0161tanje","breadcrumb":{"@id":"https:\/\/www.meavia-mh.hr\/product\/osvjezivac-zraka-aroma-difuzor-spa-16\/#breadcrumb"},"inLanguage":"sl-SI","potentialAction":[{"@type":"ReadAction","target":["https:\/\/www.meavia-mh.hr\/product\/osvjezivac-zraka-aroma-difuzor-spa-16\/"]}]},{"@type":"ImageObject","inLanguage":"sl-SI","@id":"https:\/\/www.meavia-mh.hr\/product\/osvjezivac-zraka-aroma-difuzor-spa-16\/#primaryimage","url":"https:\/\/www.meavia-mh.hr\/wp-content\/uploads\/2021\/08\/ezgif.com-gif-maker-278.jpg","contentUrl":"https:\/\/www.meavia-mh.hr\/wp-content\/uploads\/2021\/08\/ezgif.com-gif-maker-278.jpg","width":1216,"height":1216,"caption":"Osvje\u017eiva\u010d zraka (aroma difuzor)"},{"@type":"BreadcrumbList","@id":"https:\/\/www.meavia-mh.hr\/product\/osvjezivac-zraka-aroma-difuzor-spa-16\/#breadcrumb","itemListElement":[{"@type":"ListItem","position":1,"name":"Po\u010detna stranica","item":"https:\/\/www.meavia-mh.hr\/"},{"@type":"ListItem","position":2,"name":"Trgovina","item":"https:\/\/meavia-mh.hr\/sl\/store\/"},{"@type":"ListItem","position":3,"name":"Osvje\u017eiva\u010d zraka (aroma difuzor) SPA-16"}]},{"@type":"WebSite","@id":"https:\/\/meavia-mh.hr\/sl\/#website","url":"https:\/\/meavia-mh.hr\/sl\/","name":"MEA VIA BEAUTY","description":"Only The Best For Your Beauty","publisher":{"@id":"https:\/\/meavia-mh.hr\/sl\/#organization"},"alternateName":"Mea Via Nails","potentialAction":[{"@type":"SearchAction","target":{"@type":"EntryPoint","urlTemplate":"https:\/\/meavia-mh.hr\/sl\/?s={search_term_string}"},"query-input":{"@type":"PropertyValueSpecification","valueRequired":true,"valueName":"search_term_string"}}],"inLanguage":"sl-SI"},{"@type":"Organization","@id":"https:\/\/meavia-mh.hr\/sl\/#organization","name":"Mea Via Nails World","alternateName":"Mea Via","url":"https:\/\/meavia-mh.hr\/sl\/","logo":{"@type":"ImageObject","inLanguage":"sl-SI","@id":"https:\/\/meavia-mh.hr\/sl\/#\/schema\/logo\/image\/","url":"https:\/\/www.meavia-mh.hr\/wp-content\/uploads\/2020\/12\/Mea-Via.png","contentUrl":"https:\/\/www.meavia-mh.hr\/wp-content\/uploads\/2020\/12\/Mea-Via.png","width":1181,"height":393,"caption":"Mea Via Nails World"},"image":{"@id":"https:\/\/meavia-mh.hr\/sl\/#\/schema\/logo\/image\/"},"sameAs":["https:\/\/www.facebook.com\/MeaViaNailsWorld","https:\/\/www.instagram.com\/mea_via_nails_world\/","https:\/\/www.youtube.com\/channel\/UCECk0hpRWP6TN-EfA4ER96g\/featured"]}]}},"spectra_custom_meta":{"_edit_lock":["1631180712:1"],"_edit_last":["1"],"_oembed_7c31ca92c63baa3c90f50558b590cfb4":["<iframe title=\"Aroma Diffuser (osvje\u017eiva\u010d zraka)\" width=\"500\" height=\"281\" src=\"https:\/\/www.youtube.com\/embed\/-OmcSTUvy6g?feature=oembed\" frameborder=\"0\" allow=\"accelerometer; autoplay; clipboard-write; encrypted-media; gyroscope; picture-in-picture\" allowfullscreen><\/iframe>"],"_oembed_time_7c31ca92c63baa3c90f50558b590cfb4":["1631180724"],"_oembed_d7d96ab87d4bb68b1c6476d479e69d98":["<iframe title=\"Aroma Diffuser (osvje\u017eiva\u010d zraka)\" width=\"898\" height=\"505\" src=\"https:\/\/www.youtube.com\/embed\/-OmcSTUvy6g?feature=oembed\" frameborder=\"0\" allow=\"accelerometer; autoplay; clipboard-write; encrypted-media; gyroscope; picture-in-picture\" allowfullscreen><\/iframe>"],"_oembed_time_d7d96ab87d4bb68b1c6476d479e69d98":["1628539326"],"_thumbnail_id":["8136"],"_wp_page_template":["default"],"_yoast_wpseo_focuskw":["Osvje\u017eiva\u010d zraka (aroma difuzor)"],"_yoast_wpseo_metadesc":["%%title%% %%sep%% ultrazvu\u010dni aroma difuzor %%sep%% opu\u0161taju\u010di mirisni trenuci %%sep%% aromaterapija %%sep%% spa opu\u0161tanje"],"_yoast_wpseo_linkdex":["66"],"_yoast_wpseo_content_score":["90"],"_yoast_wpseo_estimated-reading-time-minutes":["3"],"cartflows_redirect_flow_id":[""],"cartflows_add_to_cart_text":[""],"total_sales":["0"],"_tax_status":["taxable"],"_tax_class":[""],"_manage_stock":["yes"],"_backorders":["no"],"_sold_individually":["no"],"_virtual":["no"],"_downloadable":["no"],"_download_limit":["-1"],"_download_expiry":["-1"],"_stock":["0"],"_stock_status":["outofstock"],"_wc_average_rating":["0"],"_wc_review_count":["0"],"_product_version":["5.6.0"],"_sku":["135476"],"_regular_price":["13.26"],"_price":["13.26"],"_product_image_gallery":["8137,8140,8139,8138,8135"],"_woocs_price_geo_countries":[""],"_woocs_regular_price_geo":[""],"_woocs_sale_price_geo":[""],"site-sidebar-layout":["default"],"site-content-layout":["default"],"theme-transparent-header-meta":["default"],"stick-header-meta":["default"],"_yoast_wpseo_primary_product_cat":["24"],"_oembed_5b73d24032ea9f2a66dcc99c7b692729":["<iframe title=\"Aroma Diffuser (osvje\u017eiva\u010d zraka)\" width=\"922\" height=\"519\" src=\"https:\/\/www.youtube.com\/embed\/-OmcSTUvy6g?feature=oembed\" frameborder=\"0\" allow=\"accelerometer; autoplay; clipboard-write; encrypted-media; gyroscope; picture-in-picture\" allowfullscreen><\/iframe>"],"_oembed_time_5b73d24032ea9f2a66dcc99c7b692729":["1628539998"],"_oembed_c3f8ba22e37979ff7e770c4617a8e0a0":["<iframe title=\"Aroma Diffuser (osvje\u017eiva\u010d zraka)\" width=\"1200\" height=\"675\" src=\"https:\/\/www.youtube.com\/embed\/-OmcSTUvy6g?feature=oembed\" frameborder=\"0\" allow=\"accelerometer; autoplay; clipboard-write; encrypted-media; gyroscope; picture-in-picture\" allowfullscreen><\/iframe>"],"_oembed_time_c3f8ba22e37979ff7e770c4617a8e0a0":["1629486977"],"_woocs_regular_price_EUR":["13.26"],"_woocs_sale_price_EUR":["-1"],"_oembed_d99a2da517d5df275bae898d8a08a627":["<iframe title=\"Aroma Diffuser (osvje\u017eiva\u010d zraka)\" width=\"500\" height=\"281\" src=\"https:\/\/www.youtube.com\/embed\/-OmcSTUvy6g?feature=oembed&enablejsapi=1&origin=https:\/\/www.meavia-mh.hr\" frameborder=\"0\" allow=\"accelerometer; autoplay; clipboard-write; encrypted-media; gyroscope; picture-in-picture; web-share\" referrerpolicy=\"strict-origin-when-cross-origin\" allowfullscreen><\/iframe>"],"_oembed_time_d99a2da517d5df275bae898d8a08a627":["1720194478"],"uag_migration_processed":["1"],"_elementor_page_assets":["a:0:{}"]},"uagb_featured_image_src":{"full":["https:\/\/www.meavia-mh.hr\/wp-content\/uploads\/2021\/08\/ezgif.com-gif-maker-278.jpg",1216,1216,false],"thumbnail":["https:\/\/www.meavia-mh.hr\/wp-content\/uploads\/2021\/08\/ezgif.com-gif-maker-278-150x150.jpg",150,150,true],"medium":["https:\/\/www.meavia-mh.hr\/wp-content\/uploads\/2021\/08\/ezgif.com-gif-maker-278-300x300.jpg",300,300,true],"medium_large":["https:\/\/www.meavia-mh.hr\/wp-content\/uploads\/2021\/08\/ezgif.com-gif-maker-278-768x768.jpg",768,768,true],"large":["https:\/\/www.meavia-mh.hr\/wp-content\/uploads\/2021\/08\/ezgif.com-gif-maker-278-1024x1024.jpg",1024,1024,true],"1536x1536":["https:\/\/www.meavia-mh.hr\/wp-content\/uploads\/2021\/08\/ezgif.com-gif-maker-278.jpg",1216,1216,false],"2048x2048":["https:\/\/www.meavia-mh.hr\/wp-content\/uploads\/2021\/08\/ezgif.com-gif-maker-278.jpg",1216,1216,false],"trp-custom-language-flag":["https:\/\/www.meavia-mh.hr\/wp-content\/uploads\/2021\/08\/ezgif.com-gif-maker-278-12x12.jpg",12,12,true],"woocommerce_thumbnail":["https:\/\/www.meavia-mh.hr\/wp-content\/uploads\/2021\/08\/ezgif.com-gif-maker-278-300x300.jpg",300,300,true],"woocommerce_single":["https:\/\/www.meavia-mh.hr\/wp-content\/uploads\/2021\/08\/ezgif.com-gif-maker-278-600x600.jpg",600,600,true],"woocommerce_gallery_thumbnail":["https:\/\/www.meavia-mh.hr\/wp-content\/uploads\/2021\/08\/ezgif.com-gif-maker-278-100x100.jpg",100,100,true]},"uagb_author_info":{"display_name":"Mea Via","author_link":"https:\/\/www.meavia-mh.hr\/sl\/author\/"},"uagb_comment_info":0,"uagb_excerpt":"Osvje\u017eiva\u010d zraka (aroma difuzor) SPA-16 savr\u0161eno je rje\u0161enje za aromaterapiju. Izra\u0111en od visokokvalitetnih komponenti, modernog je i jednostavnog oblika, tako da za njega mo\u017eete lako prona\u0107i mjesto bilo gdje u prostoriji. Svidjet \u0107e vam se i vanjski izgled i ugodan miris koji dolazi iz njega, u\u010dinkovito pro\u010di\u0161\u0107avaju\u0107i zrak u prostoriji, \u0161to je ujedno i smiruju\u0107i&hellip;","_links":{"self":[{"href":"https:\/\/www.meavia-mh.hr\/sl\/wp-json\/wp\/v2\/product\/8133","targetHints":{"allow":["GET"]}}],"collection":[{"href":"https:\/\/www.meavia-mh.hr\/sl\/wp-json\/wp\/v2\/product"}],"about":[{"href":"https:\/\/www.meavia-mh.hr\/sl\/wp-json\/wp\/v2\/types\/product"}],"replies":[{"embeddable":true,"href":"https:\/\/www.meavia-mh.hr\/sl\/wp-json\/wp\/v2\/comments?post=8133"}],"version-history":[{"count":1,"href":"https:\/\/www.meavia-mh.hr\/sl\/wp-json\/wp\/v2\/product\/8133\/revisions"}],"predecessor-version":[{"id":31191,"href":"https:\/\/www.meavia-mh.hr\/sl\/wp-json\/wp\/v2\/product\/8133\/revisions\/31191"}],"wp:featuredmedia":[{"embeddable":true,"href":"https:\/\/www.meavia-mh.hr\/sl\/wp-json\/wp\/v2\/media\/8136"}],"wp:attachment":[{"href":"https:\/\/www.meavia-mh.hr\/sl\/wp-json\/wp\/v2\/media?parent=8133"}],"wp:term":[{"taxonomy":"product_brand","embeddable":true,"href":"https:\/\/www.meavia-mh.hr\/sl\/wp-json\/wp\/v2\/product_brand?post=8133"},{"taxonomy":"product_cat","embeddable":true,"href":"https:\/\/www.meavia-mh.hr\/sl\/wp-json\/wp\/v2\/product_cat?post=8133"},{"taxonomy":"product_tag","embeddable":true,"href":"https:\/\/www.meavia-mh.hr\/sl\/wp-json\/wp\/v2\/product_tag?post=8133"}],"curies":[{"name":"delovni list","href":"https:\/\/api.w.org\/{rel}","templated":true}]}}