{"id":8103,"date":"2021-08-09T09:56:52","date_gmt":"2021-08-09T09:56:52","guid":{"rendered":"https:\/\/www.meavia-mh.hr\/?post_type=product&#038;p=8103"},"modified":"2026-03-18T07:56:11","modified_gmt":"2026-03-18T06:56:11","slug":"vrecice-za-usisavac-prasine","status":"publish","type":"product","link":"https:\/\/www.meavia-mh.hr\/sl\/product\/vrecice-za-usisavac-prasine\/","title":{"rendered":"Vre\u010dke za sesalnik (5 kom)"},"content":{"rendered":"<p>Vre\u010dke za sesalnik za nohte. Popolnoma zadr\u017euje prah. Filtrirna vre\u010dka je za ve\u010dkratno uporabo. Povpre\u010dna \u017eivljenjska doba torbe je 1,5-2 meseca (z rednim vzdr\u017eevanjem). Za <a href=\"https:\/\/www.meavia-mh.hr\/sl\/product\/usisavac-prasine-za-nokte-585\/\">sesalnik za nohte<\/a> deluje u\u010dinkovito, priporo\u010damo, da rabljeno vre\u010dko ob koncu delovnega dne izpraznite in vzdr\u017eujete \u010disto.<\/p>\n<p>Nadomestne vre\u010dke za <a href=\"https:\/\/www.meavia-mh.hr\/sl\/product\/usisavac-prasine-za-nokte-585\/\">sesalnik za nohte model 585<\/a><\/p>\n<h6>Paket 5 vre\u010dk<\/h6>","protected":false},"excerpt":{"rendered":"<p>Vre\u0107ice za usisava\u010d pra\u0161ine za nokte. Savr\u0161eno dr\u017ei pra\u0161inu. Vre\u0107ica za filtriranje je vi\u0161ekratna. Prosje\u010dni \u017eivotni vijek vre\u0107ice je 1,5-2 mjeseca (uz redovito odr\u017eavanje). Da bi usisava\u010d pra\u0161ine za nokte u\u010dinkovito radio, preporu\u010dujemo da na kraju radnog dana kori\u0161tenu vre\u0107icu ispraznite i dr\u017eite \u010distom. Zamjenske vre\u0107ice za usisava\u010d pra\u0161ine za nokte model 585 Pakiranje od [&hellip;]<\/p>\n","protected":false},"featured_media":37428,"comment_status":"closed","ping_status":"closed","template":"","meta":{"_uag_custom_page_level_css":"","site-sidebar-layout":"default","site-content-layout":null,"ast-site-content-layout":"default","site-content-style":"default","site-sidebar-style":"default","ast-global-header-display":"","ast-banner-title-visibility":"","ast-main-header-display":"","ast-hfb-above-header-display":"","ast-hfb-below-header-display":"","ast-hfb-mobile-header-display":"","site-post-title":"","ast-breadcrumbs-content":null,"ast-featured-img":"","footer-sml-layout":"","ast-disable-related-posts":"","theme-transparent-header-meta":"default","adv-header-id-meta":"","stick-header-meta":"default","header-above-stick-meta":"","header-main-stick-meta":"","header-below-stick-meta":"","astra-migrate-meta-layouts":"set","ast-page-background-enabled":"default","ast-page-background-meta":{"desktop":{"background-color":"var(--ast-global-color-4)","background-image":"","background-repeat":"repeat","background-position":"center center","background-size":"auto","background-attachment":"scroll","background-type":"","background-media":"","overlay-type":"","overlay-color":"","overlay-opacity":"","overlay-gradient":""},"tablet":{"background-color":"","background-image":"","background-repeat":"repeat","background-position":"center center","background-size":"auto","background-attachment":"scroll","background-type":"","background-media":"","overlay-type":"","overlay-color":"","overlay-opacity":"","overlay-gradient":""},"mobile":{"background-color":"","background-image":"","background-repeat":"repeat","background-position":"center center","background-size":"auto","background-attachment":"scroll","background-type":"","background-media":"","overlay-type":"","overlay-color":"","overlay-opacity":"","overlay-gradient":""}},"ast-content-background-meta":{"desktop":{"background-color":"var(--ast-global-color-5)","background-image":"","background-repeat":"repeat","background-position":"center center","background-size":"auto","background-attachment":"scroll","background-type":"","background-media":"","overlay-type":"","overlay-color":"","overlay-opacity":"","overlay-gradient":""},"tablet":{"background-color":"var(--ast-global-color-5)","background-image":"","background-repeat":"repeat","background-position":"center center","background-size":"auto","background-attachment":"scroll","background-type":"","background-media":"","overlay-type":"","overlay-color":"","overlay-opacity":"","overlay-gradient":""},"mobile":{"background-color":"var(--ast-global-color-5)","background-image":"","background-repeat":"repeat","background-position":"center center","background-size":"auto","background-attachment":"scroll","background-type":"","background-media":"","overlay-type":"","overlay-color":"","overlay-opacity":"","overlay-gradient":""}}},"product_brand":[],"product_cat":[538],"product_tag":[295,294],"class_list":{"0":"post-8103","1":"product","2":"type-product","3":"status-publish","4":"has-post-thumbnail","6":"product_cat-usisivaci-prasine","7":"product_tag-usisavac-prasine","8":"product_tag-vrecice-za-prasinu","9":"desktop-align-left","10":"tablet-align-left","11":"mobile-align-left","12":"ast-product-gallery-layout-horizontal-slider","13":"ast-product-tabs-layout-horizontal","15":"first","16":"instock","17":"taxable","18":"shipping-taxable","19":"purchasable","20":"product-type-simple"},"yoast_head":"<!-- This site is optimized with the Yoast SEO plugin v27.4 - https:\/\/yoast.com\/product\/yoast-seo-wordpress\/ -->\n<title>Vre\u0107ice za usisava\u010d pra\u0161ine (5 kom) &#8902; Mea Via Beauty zamjenske vre\u010dice<\/title>\n<meta name=\"description\" content=\"Vre\u0107ice za usisava\u010d pra\u0161ine (5 kom) &#8902; zaamjenske vre\u010dice za usisava\u010d pra\u0161ine za nokte &#8902; pakiranje od 5 komada &#8902; kvaalitetene &#8902;\" \/>\n<meta name=\"robots\" content=\"index, follow, max-snippet:-1, max-image-preview:large, max-video-preview:-1\" \/>\n<link rel=\"canonical\" href=\"https:\/\/www.meavia-mh.hr\/sl\/product\/vrecice-za-usisavac-prasine\/\" \/>\n<meta property=\"og:locale\" content=\"sl_SI\" \/>\n<meta property=\"og:type\" content=\"article\" \/>\n<meta property=\"og:title\" content=\"Vre\u0107ice za usisava\u010d pra\u0161ine (5 kom) &#8902; Mea Via Beauty zamjenske vre\u010dice\" \/>\n<meta property=\"og:description\" content=\"Vre\u0107ice za usisava\u010d pra\u0161ine (5 kom) &#8902; zaamjenske vre\u010dice za usisava\u010d pra\u0161ine za nokte &#8902; pakiranje od 5 komada &#8902; kvaalitetene &#8902;\" \/>\n<meta property=\"og:url\" content=\"https:\/\/www.meavia-mh.hr\/sl\/product\/vrecice-za-usisavac-prasine\/\" \/>\n<meta property=\"og:site_name\" content=\"Mea Via Beauty\" \/>\n<meta property=\"article:publisher\" content=\"https:\/\/www.facebook.com\/MeaViaNailsWorld\" \/>\n<meta property=\"article:modified_time\" content=\"2026-03-18T06:56:11+00:00\" \/>\n<meta property=\"og:image\" content=\"https:\/\/www.meavia-mh.hr\/wp-content\/uploads\/2021\/08\/Vrecice-za-usisavac-prasine-5-kom-2.jpg\" \/>\n\t<meta property=\"og:image:width\" content=\"1460\" \/>\n\t<meta property=\"og:image:height\" content=\"1460\" \/>\n\t<meta property=\"og:image:type\" content=\"image\/jpeg\" \/>\n<meta name=\"twitter:card\" content=\"summary_large_image\" \/>\n<meta name=\"twitter:label1\" content=\"Est. reading time\" \/>\n\t<meta name=\"twitter:data1\" content=\"1 minuta\" \/>\n<script type=\"application\/ld+json\" class=\"yoast-schema-graph\">{\"@context\":\"https:\\\/\\\/schema.org\",\"@graph\":[{\"@type\":\"WebPage\",\"@id\":\"https:\\\/\\\/www.meavia-mh.hr\\\/product\\\/vrecice-za-usisavac-prasine\\\/\",\"url\":\"https:\\\/\\\/www.meavia-mh.hr\\\/product\\\/vrecice-za-usisavac-prasine\\\/\",\"name\":\"Vre\u0107ice za usisava\u010d pra\u0161ine (5 kom) &#8902; Mea Via Beauty zamjenske vre\u010dice\",\"isPartOf\":{\"@id\":\"https:\\\/\\\/meavia-mh.hr\\\/sl\\\/#website\"},\"primaryImageOfPage\":{\"@id\":\"https:\\\/\\\/www.meavia-mh.hr\\\/product\\\/vrecice-za-usisavac-prasine\\\/#primaryimage\"},\"image\":{\"@id\":\"https:\\\/\\\/www.meavia-mh.hr\\\/product\\\/vrecice-za-usisavac-prasine\\\/#primaryimage\"},\"thumbnailUrl\":\"https:\\\/\\\/www.meavia-mh.hr\\\/wp-content\\\/uploads\\\/2021\\\/08\\\/Vrecice-za-usisavac-prasine-5-kom-2.jpg\",\"datePublished\":\"2021-08-09T09:56:52+00:00\",\"dateModified\":\"2026-03-18T06:56:11+00:00\",\"description\":\"Vre\u0107ice za usisava\u010d pra\u0161ine (5 kom) &#8902; zaamjenske vre\u010dice za usisava\u010d pra\u0161ine za nokte &#8902; pakiranje od 5 komada &#8902; kvaalitetene &#8902;\",\"breadcrumb\":{\"@id\":\"https:\\\/\\\/www.meavia-mh.hr\\\/product\\\/vrecice-za-usisavac-prasine\\\/#breadcrumb\"},\"inLanguage\":\"sl-SI\",\"potentialAction\":[{\"@type\":\"ReadAction\",\"target\":[\"https:\\\/\\\/www.meavia-mh.hr\\\/product\\\/vrecice-za-usisavac-prasine\\\/\"]}]},{\"@type\":\"ImageObject\",\"inLanguage\":\"sl-SI\",\"@id\":\"https:\\\/\\\/www.meavia-mh.hr\\\/product\\\/vrecice-za-usisavac-prasine\\\/#primaryimage\",\"url\":\"https:\\\/\\\/www.meavia-mh.hr\\\/wp-content\\\/uploads\\\/2021\\\/08\\\/Vrecice-za-usisavac-prasine-5-kom-2.jpg\",\"contentUrl\":\"https:\\\/\\\/www.meavia-mh.hr\\\/wp-content\\\/uploads\\\/2021\\\/08\\\/Vrecice-za-usisavac-prasine-5-kom-2.jpg\",\"width\":1460,\"height\":1460,\"caption\":\"Vre\u0107ice za usisava\u010d pra\u0161ine (5 kom)\"},{\"@type\":\"BreadcrumbList\",\"@id\":\"https:\\\/\\\/www.meavia-mh.hr\\\/product\\\/vrecice-za-usisavac-prasine\\\/#breadcrumb\",\"itemListElement\":[{\"@type\":\"ListItem\",\"position\":1,\"name\":\"Po\u010detna stranica\",\"item\":\"https:\\\/\\\/www.meavia-mh.hr\\\/\"},{\"@type\":\"ListItem\",\"position\":2,\"name\":\"Trgovina\",\"item\":\"https:\\\/\\\/meavia-mh.hr\\\/sl\\\/store\\\/\"},{\"@type\":\"ListItem\",\"position\":3,\"name\":\"Vre\u0107ice za usisava\u010d pra\u0161ine (5 kom)\"}]},{\"@type\":\"WebSite\",\"@id\":\"https:\\\/\\\/meavia-mh.hr\\\/sl\\\/#website\",\"url\":\"https:\\\/\\\/meavia-mh.hr\\\/sl\\\/\",\"name\":\"Mea Via Beauty\",\"description\":\"Only The Best For Your Beauty\",\"publisher\":{\"@id\":\"https:\\\/\\\/meavia-mh.hr\\\/sl\\\/#organization\"},\"alternateName\":\"Mea Via Nails\",\"potentialAction\":[{\"@type\":\"SearchAction\",\"target\":{\"@type\":\"EntryPoint\",\"urlTemplate\":\"https:\\\/\\\/meavia-mh.hr\\\/sl\\\/?s={search_term_string}\"},\"query-input\":{\"@type\":\"PropertyValueSpecification\",\"valueRequired\":true,\"valueName\":\"search_term_string\"}}],\"inLanguage\":\"sl-SI\"},{\"@type\":\"Organization\",\"@id\":\"https:\\\/\\\/meavia-mh.hr\\\/sl\\\/#organization\",\"name\":\"Mea Via Nails World\",\"alternateName\":\"Mea Via\",\"url\":\"https:\\\/\\\/meavia-mh.hr\\\/sl\\\/\",\"logo\":{\"@type\":\"ImageObject\",\"inLanguage\":\"sl-SI\",\"@id\":\"https:\\\/\\\/meavia-mh.hr\\\/sl\\\/#\\\/schema\\\/logo\\\/image\\\/\",\"url\":\"https:\\\/\\\/www.meavia-mh.hr\\\/wp-content\\\/uploads\\\/2020\\\/12\\\/Mea-Via.png\",\"contentUrl\":\"https:\\\/\\\/www.meavia-mh.hr\\\/wp-content\\\/uploads\\\/2020\\\/12\\\/Mea-Via.png\",\"width\":1181,\"height\":393,\"caption\":\"Mea Via Nails World\"},\"image\":{\"@id\":\"https:\\\/\\\/meavia-mh.hr\\\/sl\\\/#\\\/schema\\\/logo\\\/image\\\/\"},\"sameAs\":[\"https:\\\/\\\/www.facebook.com\\\/MeaViaNailsWorld\",\"https:\\\/\\\/www.instagram.com\\\/mea_via_nails_world\\\/\",\"https:\\\/\\\/www.youtube.com\\\/channel\\\/UCECk0hpRWP6TN-EfA4ER96g\\\/featured\"]}]}<\/script>\n<!-- \/ Yoast SEO plugin. -->","yoast_head_json":{"title":"Vre\u010dke za sesalnik (5 kosov) \u22c6 Nadomestne vre\u010dke Mea Via Beauty","description":"Vre\u010dke za sesalnik (5 kosov) \u22c6 nadomestne vre\u010dke za sesalnik za nohte \u22c6 paket 5 kosov \u22c6 kakovost \u22c6","robots":{"index":"index","follow":"follow","max-snippet":"max-snippet:-1","max-image-preview":"max-image-preview:large","max-video-preview":"max-video-preview:-1"},"canonical":"https:\/\/www.meavia-mh.hr\/sl\/product\/vrecice-za-usisavac-prasine\/","og_locale":"sl_SI","og_type":"article","og_title":"Vre\u0107ice za usisava\u010d pra\u0161ine (5 kom) &#8902; Mea Via Beauty zamjenske vre\u010dice","og_description":"Vre\u0107ice za usisava\u010d pra\u0161ine (5 kom) &#8902; zaamjenske vre\u010dice za usisava\u010d pra\u0161ine za nokte &#8902; pakiranje od 5 komada &#8902; kvaalitetene &#8902;","og_url":"https:\/\/www.meavia-mh.hr\/sl\/product\/vrecice-za-usisavac-prasine\/","og_site_name":"Mea Via Beauty","article_publisher":"https:\/\/www.facebook.com\/MeaViaNailsWorld","article_modified_time":"2026-03-18T06:56:11+00:00","og_image":[{"width":1460,"height":1460,"url":"https:\/\/www.meavia-mh.hr\/wp-content\/uploads\/2021\/08\/Vrecice-za-usisavac-prasine-5-kom-2.jpg","type":"image\/jpeg"}],"twitter_card":"summary_large_image","twitter_misc":{"Est. reading time":"1 minuta"},"schema":{"@context":"https:\/\/schema.org","@graph":[{"@type":"WebPage","@id":"https:\/\/www.meavia-mh.hr\/product\/vrecice-za-usisavac-prasine\/","url":"https:\/\/www.meavia-mh.hr\/product\/vrecice-za-usisavac-prasine\/","name":"Vre\u010dke za sesalnik (5 kosov) \u22c6 Nadomestne vre\u010dke Mea Via Beauty","isPartOf":{"@id":"https:\/\/meavia-mh.hr\/sl\/#website"},"primaryImageOfPage":{"@id":"https:\/\/www.meavia-mh.hr\/product\/vrecice-za-usisavac-prasine\/#primaryimage"},"image":{"@id":"https:\/\/www.meavia-mh.hr\/product\/vrecice-za-usisavac-prasine\/#primaryimage"},"thumbnailUrl":"https:\/\/www.meavia-mh.hr\/wp-content\/uploads\/2021\/08\/Vrecice-za-usisavac-prasine-5-kom-2.jpg","datePublished":"2021-08-09T09:56:52+00:00","dateModified":"2026-03-18T06:56:11+00:00","description":"Vre\u010dke za sesalnik (5 kosov) \u22c6 nadomestne vre\u010dke za sesalnik za nohte \u22c6 paket 5 kosov \u22c6 kakovost \u22c6","breadcrumb":{"@id":"https:\/\/www.meavia-mh.hr\/product\/vrecice-za-usisavac-prasine\/#breadcrumb"},"inLanguage":"sl-SI","potentialAction":[{"@type":"ReadAction","target":["https:\/\/www.meavia-mh.hr\/product\/vrecice-za-usisavac-prasine\/"]}]},{"@type":"ImageObject","inLanguage":"sl-SI","@id":"https:\/\/www.meavia-mh.hr\/product\/vrecice-za-usisavac-prasine\/#primaryimage","url":"https:\/\/www.meavia-mh.hr\/wp-content\/uploads\/2021\/08\/Vrecice-za-usisavac-prasine-5-kom-2.jpg","contentUrl":"https:\/\/www.meavia-mh.hr\/wp-content\/uploads\/2021\/08\/Vrecice-za-usisavac-prasine-5-kom-2.jpg","width":1460,"height":1460,"caption":"Vre\u0107ice za usisava\u010d pra\u0161ine (5 kom)"},{"@type":"BreadcrumbList","@id":"https:\/\/www.meavia-mh.hr\/product\/vrecice-za-usisavac-prasine\/#breadcrumb","itemListElement":[{"@type":"ListItem","position":1,"name":"Po\u010detna stranica","item":"https:\/\/www.meavia-mh.hr\/"},{"@type":"ListItem","position":2,"name":"Trgovina","item":"https:\/\/meavia-mh.hr\/sl\/store\/"},{"@type":"ListItem","position":3,"name":"Vre\u0107ice za usisava\u010d pra\u0161ine (5 kom)"}]},{"@type":"WebSite","@id":"https:\/\/meavia-mh.hr\/sl\/#website","url":"https:\/\/meavia-mh.hr\/sl\/","name":"MEA VIA BEAUTY","description":"Only The Best For Your Beauty","publisher":{"@id":"https:\/\/meavia-mh.hr\/sl\/#organization"},"alternateName":"Mea Via Nails","potentialAction":[{"@type":"SearchAction","target":{"@type":"EntryPoint","urlTemplate":"https:\/\/meavia-mh.hr\/sl\/?s={search_term_string}"},"query-input":{"@type":"PropertyValueSpecification","valueRequired":true,"valueName":"search_term_string"}}],"inLanguage":"sl-SI"},{"@type":"Organization","@id":"https:\/\/meavia-mh.hr\/sl\/#organization","name":"Mea Via Nails World","alternateName":"Mea Via","url":"https:\/\/meavia-mh.hr\/sl\/","logo":{"@type":"ImageObject","inLanguage":"sl-SI","@id":"https:\/\/meavia-mh.hr\/sl\/#\/schema\/logo\/image\/","url":"https:\/\/www.meavia-mh.hr\/wp-content\/uploads\/2020\/12\/Mea-Via.png","contentUrl":"https:\/\/www.meavia-mh.hr\/wp-content\/uploads\/2020\/12\/Mea-Via.png","width":1181,"height":393,"caption":"Mea Via Nails World"},"image":{"@id":"https:\/\/meavia-mh.hr\/sl\/#\/schema\/logo\/image\/"},"sameAs":["https:\/\/www.facebook.com\/MeaViaNailsWorld","https:\/\/www.instagram.com\/mea_via_nails_world\/","https:\/\/www.youtube.com\/channel\/UCECk0hpRWP6TN-EfA4ER96g\/featured"]}]}},"spectra_custom_meta":{"_edit_lock":["1760474271:1239"],"_edit_last":["1239"],"_thumbnail_id":["37428"],"_wp_page_template":["default"],"_yoast_wpseo_focuskw":["vre\u0107ice za usisava\u010d"],"_yoast_wpseo_title":["%%title%% %%page%% %%sep%% %%sitename%% zamjenske vre\u010dice"],"_yoast_wpseo_metadesc":["%%title%% %%sep%% zaamjenske vre\u010dice za usisava\u010d pra\u0161ine za nokte %%sep%% pakiranje od 5 komada %%sep%% kvaalitetene %%sep%%"],"_yoast_wpseo_linkdex":["59"],"_yoast_wpseo_content_score":["90"],"_yoast_wpseo_estimated-reading-time-minutes":["1"],"cartflows_redirect_flow_id":[""],"cartflows_add_to_cart_text":[""],"total_sales":["117"],"_tax_status":["taxable"],"_tax_class":[""],"_manage_stock":["yes"],"_backorders":["no"],"_sold_individually":["no"],"_virtual":["no"],"_downloadable":["no"],"_download_limit":["-1"],"_download_expiry":["-1"],"_stock":["5"],"_stock_status":["instock"],"_wc_average_rating":["0"],"_wc_review_count":["0"],"_product_version":["10.6.1"],"_sku":["135719"],"_regular_price":["7.99"],"_upsell_ids":["a:1:{i:0;i:8064;}"],"_crosssell_ids":["a:2:{i:0;i:7415;i:1;i:8024;}"],"_price":["7.99"],"_product_image_gallery":["8105,8104"],"_woocs_regular_price_EUR":["7.29"],"_woocs_sale_price_EUR":["-1"],"_woocs_price_geo_countries":[""],"_woocs_regular_price_geo":[""],"_woocs_sale_price_geo":[""],"site-sidebar-layout":["default"],"site-content-layout":[null],"theme-transparent-header-meta":["default"],"stick-header-meta":["default"],"_yoast_wpseo_primary_product_cat":[""],"ast-below-header-display":[null],"_lowest_price_30_days":["7.29"],"uag_migration_processed":["1"],"_elementor_template_type":["wp-post"],"_elementor_version":["3.28.3"],"_wc_facebook_sync_enabled":["yes"],"fb_visibility":["yes"],"fb_product_description":[""],"fb_rich_text_description":[""],"_wc_facebook_product_image_source":["product"],"fb_product_video":["a:0:{}"],"fb_brand":[""],"fb_mpn":[""],"ast-site-content-layout":["default"],"site-content-style":["default"],"site-sidebar-style":["default"],"astra-migrate-meta-layouts":["set"],"_yoast_wpseo_primary_product_brand":[""],"_yoast_wpseo_primary_fb_product_set":[""],"_last_change_time":["1773486508"],"ast-above-header-display":[null],"footer-adv-display":[null],"adv-header-id-meta":[""],"ast-breadcrumbs-content":[null],"_elementor_page_assets":["a:0:{}"],"_uag_page_assets":["a:9:{s:3:\"css\";s:0:\"\";s:2:\"js\";s:0:\"\";s:18:\"current_block_list\";a:3:{i:0;s:11:\"core\/search\";i:1;s:18:\"core\/legacy-widget\";i:2;s:27:\"woocommerce\/product-filters\";}s:8:\"uag_flag\";b:0;s:11:\"uag_version\";s:10:\"1776503599\";s:6:\"gfonts\";a:0:{}s:10:\"gfonts_url\";s:0:\"\";s:12:\"gfonts_files\";a:0:{}s:14:\"uag_faq_layout\";b:0;}"]},"uagb_featured_image_src":{"full":["https:\/\/www.meavia-mh.hr\/wp-content\/uploads\/2021\/08\/Vrecice-za-usisavac-prasine-5-kom-2.jpg",1460,1460,false],"thumbnail":["https:\/\/www.meavia-mh.hr\/wp-content\/uploads\/2021\/08\/Vrecice-za-usisavac-prasine-5-kom-2-150x150.jpg",150,150,true],"medium":["https:\/\/www.meavia-mh.hr\/wp-content\/uploads\/2021\/08\/Vrecice-za-usisavac-prasine-5-kom-2-300x300.jpg",300,300,true],"medium_large":["https:\/\/www.meavia-mh.hr\/wp-content\/uploads\/2021\/08\/Vrecice-za-usisavac-prasine-5-kom-2-768x768.jpg",768,768,true],"large":["https:\/\/www.meavia-mh.hr\/wp-content\/uploads\/2021\/08\/Vrecice-za-usisavac-prasine-5-kom-2-1024x1024.jpg",1024,1024,true],"1536x1536":["https:\/\/www.meavia-mh.hr\/wp-content\/uploads\/2021\/08\/Vrecice-za-usisavac-prasine-5-kom-2.jpg",1460,1460,false],"2048x2048":["https:\/\/www.meavia-mh.hr\/wp-content\/uploads\/2021\/08\/Vrecice-za-usisavac-prasine-5-kom-2.jpg",1460,1460,false],"trp-custom-language-flag":["https:\/\/www.meavia-mh.hr\/wp-content\/uploads\/2021\/08\/Vrecice-za-usisavac-prasine-5-kom-2-12x12.jpg",12,12,true],"woocommerce_thumbnail":["https:\/\/www.meavia-mh.hr\/wp-content\/uploads\/2021\/08\/Vrecice-za-usisavac-prasine-5-kom-2-300x300.jpg",300,300,true],"woocommerce_single":["https:\/\/www.meavia-mh.hr\/wp-content\/uploads\/2021\/08\/Vrecice-za-usisavac-prasine-5-kom-2-600x600.jpg",600,600,true],"woocommerce_gallery_thumbnail":["https:\/\/www.meavia-mh.hr\/wp-content\/uploads\/2021\/08\/Vrecice-za-usisavac-prasine-5-kom-2-100x100.jpg",100,100,true]},"uagb_author_info":{"display_name":"Mea Via","author_link":"https:\/\/www.meavia-mh.hr\/sl\/author\/"},"uagb_comment_info":0,"uagb_excerpt":"Vre\u0107ice za usisava\u010d pra\u0161ine za nokte. Savr\u0161eno dr\u017ei pra\u0161inu. Vre\u0107ica za filtriranje je vi\u0161ekratna. Prosje\u010dni \u017eivotni vijek vre\u0107ice je 1,5-2 mjeseca (uz redovito odr\u017eavanje). Da bi usisava\u010d pra\u0161ine za nokte u\u010dinkovito radio, preporu\u010dujemo da na kraju radnog dana kori\u0161tenu vre\u0107icu ispraznite i dr\u017eite \u010distom. Zamjenske vre\u0107ice za usisava\u010d pra\u0161ine za nokte model 585 Pakiranje od&hellip;","_links":{"self":[{"href":"https:\/\/www.meavia-mh.hr\/sl\/wp-json\/wp\/v2\/product\/8103","targetHints":{"allow":["GET"]}}],"collection":[{"href":"https:\/\/www.meavia-mh.hr\/sl\/wp-json\/wp\/v2\/product"}],"about":[{"href":"https:\/\/www.meavia-mh.hr\/sl\/wp-json\/wp\/v2\/types\/product"}],"replies":[{"embeddable":true,"href":"https:\/\/www.meavia-mh.hr\/sl\/wp-json\/wp\/v2\/comments?post=8103"}],"version-history":[{"count":1,"href":"https:\/\/www.meavia-mh.hr\/sl\/wp-json\/wp\/v2\/product\/8103\/revisions"}],"predecessor-version":[{"id":25126,"href":"https:\/\/www.meavia-mh.hr\/sl\/wp-json\/wp\/v2\/product\/8103\/revisions\/25126"}],"wp:featuredmedia":[{"embeddable":true,"href":"https:\/\/www.meavia-mh.hr\/sl\/wp-json\/wp\/v2\/media\/37428"}],"wp:attachment":[{"href":"https:\/\/www.meavia-mh.hr\/sl\/wp-json\/wp\/v2\/media?parent=8103"}],"wp:term":[{"taxonomy":"product_brand","embeddable":true,"href":"https:\/\/www.meavia-mh.hr\/sl\/wp-json\/wp\/v2\/product_brand?post=8103"},{"taxonomy":"product_cat","embeddable":true,"href":"https:\/\/www.meavia-mh.hr\/sl\/wp-json\/wp\/v2\/product_cat?post=8103"},{"taxonomy":"product_tag","embeddable":true,"href":"https:\/\/www.meavia-mh.hr\/sl\/wp-json\/wp\/v2\/product_tag?post=8103"}],"curies":[{"name":"delovni list","href":"https:\/\/api.w.org\/{rel}","templated":true}]}}