{"id":8093,"date":"2021-08-08T20:50:10","date_gmt":"2021-08-08T20:50:10","guid":{"rendered":"https:\/\/www.meavia-mh.hr\/?post_type=product&#038;p=8093"},"modified":"2026-01-24T08:13:16","modified_gmt":"2026-01-24T07:13:16","slug":"tester-za-provjeru-freza-acurata","status":"publish","type":"product","link":"https:\/\/www.meavia-mh.hr\/sl\/product\/tester-za-provjeru-freza-acurata\/","title":{"rendered":"Acurata rezkalni tester"},"content":{"rendered":"<p><span class=\"\">Tester je zasnovan za preverjanje rezalnika (rezkalnik). <\/span><span class=\"\">Zahvaljujo\u010d njej je mogo\u010de preveriti, ali je rezalnik (frezalnik) raven in ne povzro\u010da tresljajev v brusilni glavi ter tako ne povzro\u010da trajnih po\u0161kodb le\u017eajev glave. <a href=\"https:\/\/www.meavia-mh.hr\/sl\/product\/brusilica-za-nokte-marathon-k35-cube-hot-pink-h20\/\">mlin\u010dki<\/a>.\u00a0<\/span><\/p>\n<p>Va\u0161a dragocena elektri\u010dna datoteka vam bo hvale\u017ena!<br \/>\nRezalnik preprosto vstavite v \u017eago iz nerjavnega jekla. \u010ce je to mogo\u010de narediti enostavno in brez pritiska, potem je va\u0161 rezalnik v redu. \u010ce \u010dutite upor, va\u0161 rezalnik ni centriran in lahko po\u0161koduje glavo brusilnika.<br \/>\nUpognjen vrat rezalnika ogro\u017ea vpenjalno glavo in le\u017eaje va\u0161ega motorja <a href=\"https:\/\/www.meavia-mh.hr\/sl\/product\/brusilica-za-nokte-marathon-3-champion-white-h200\/\">mlin\u010dki<\/a> in lahko povzro\u010di \u0161kodo.<\/p>\n<p>Zaupanje je dobro, nadzor je bolj\u0161i!<\/p>\n<p>Redno preverjajte, ali so va\u0161i podalj\u0161ki ravni.<\/p>\n<p>Dimenzije: 11,2 x 31 x 12 mm<\/p>\n<p>Izdelano v Nem\u010diji. Proizvajalec Acurata.<\/p>\n<p>Material nerjave\u010de jeklo.<\/p>\n<h6><span style=\"color: #4b4b4b\">1 kos v paketu<\/span><\/h6>","protected":false},"excerpt":{"rendered":"<p>Tester je dizajniran za provjeru reza\u010da (freza). Zahvaljuju\u0107i njemu mogu\u0107e je provjeriti je li reza\u010d (freza) ravan i ne izaziva li vibracije u glavi brusilice te na taj na\u010din ne uzrokuje trajna o\u0161te\u0107enja le\u017eajeva glave brusilice.\u00a0 Va\u0161a dragocjena elektri\u010dna turpija bit \u0107e vam zahvalna! Reza\u010d jednostavno umetnite u tester od nehr\u0111aju\u0107eg \u010delika.\u00a0Ako se to mo\u017ee [&hellip;]<\/p>\n","protected":false},"featured_media":8099,"comment_status":"closed","ping_status":"closed","template":"","meta":{"_uag_custom_page_level_css":"","site-sidebar-layout":"default","site-content-layout":"default","ast-site-content-layout":"default","site-content-style":"default","site-sidebar-style":"default","ast-global-header-display":"","ast-banner-title-visibility":"","ast-main-header-display":"","ast-hfb-above-header-display":"","ast-hfb-below-header-display":"","ast-hfb-mobile-header-display":"","site-post-title":"","ast-breadcrumbs-content":"","ast-featured-img":"","footer-sml-layout":"","ast-disable-related-posts":"","theme-transparent-header-meta":"default","adv-header-id-meta":"","stick-header-meta":"default","header-above-stick-meta":"","header-main-stick-meta":"","header-below-stick-meta":"","astra-migrate-meta-layouts":"set","ast-page-background-enabled":"default","ast-page-background-meta":{"desktop":{"background-color":"var(--ast-global-color-4)","background-image":"","background-repeat":"repeat","background-position":"center center","background-size":"auto","background-attachment":"scroll","background-type":"","background-media":"","overlay-type":"","overlay-color":"","overlay-opacity":"","overlay-gradient":""},"tablet":{"background-color":"","background-image":"","background-repeat":"repeat","background-position":"center center","background-size":"auto","background-attachment":"scroll","background-type":"","background-media":"","overlay-type":"","overlay-color":"","overlay-opacity":"","overlay-gradient":""},"mobile":{"background-color":"","background-image":"","background-repeat":"repeat","background-position":"center center","background-size":"auto","background-attachment":"scroll","background-type":"","background-media":"","overlay-type":"","overlay-color":"","overlay-opacity":"","overlay-gradient":""}},"ast-content-background-meta":{"desktop":{"background-color":"var(--ast-global-color-5)","background-image":"","background-repeat":"repeat","background-position":"center center","background-size":"auto","background-attachment":"scroll","background-type":"","background-media":"","overlay-type":"","overlay-color":"","overlay-opacity":"","overlay-gradient":""},"tablet":{"background-color":"var(--ast-global-color-5)","background-image":"","background-repeat":"repeat","background-position":"center center","background-size":"auto","background-attachment":"scroll","background-type":"","background-media":"","overlay-type":"","overlay-color":"","overlay-opacity":"","overlay-gradient":""},"mobile":{"background-color":"var(--ast-global-color-5)","background-image":"","background-repeat":"repeat","background-position":"center center","background-size":"auto","background-attachment":"scroll","background-type":"","background-media":"","overlay-type":"","overlay-color":"","overlay-opacity":"","overlay-gradient":""}}},"product_brand":[],"product_cat":[535,537],"product_tag":[293,223,257],"class_list":{"0":"post-8093","1":"product","2":"type-product","3":"status-publish","4":"has-post-thumbnail","6":"product_cat-brusilice","7":"product_cat-nastavci-za-brusilice","8":"product_tag-acurata","9":"product_tag-brusilica-za-nokte","10":"product_tag-nastavak-za-brusilicu","11":"desktop-align-left","12":"tablet-align-left","13":"mobile-align-left","14":"ast-product-gallery-layout-horizontal-slider","15":"ast-product-tabs-layout-horizontal","17":"first","18":"outofstock","19":"taxable","20":"shipping-taxable","21":"purchasable","22":"product-type-simple"},"yoast_head":"<!-- This site is optimized with the Yoast SEO plugin v27.4 - https:\/\/yoast.com\/product\/yoast-seo-wordpress\/ -->\n<title>Tester za provjeru freza Acurata &#8902; Mea Via Beauty &#8902;<\/title>\n<meta name=\"description\" content=\"Tester za provjeru freza Acurata &#8902; omogu\u0107ava jednostavnu provjeru reza\u010da (frezaa) &#8902;\" \/>\n<meta name=\"robots\" content=\"index, follow, max-snippet:-1, max-image-preview:large, max-video-preview:-1\" \/>\n<link rel=\"canonical\" href=\"https:\/\/www.meavia-mh.hr\/sl\/product\/tester-za-provjeru-freza-acurata\/\" \/>\n<meta property=\"og:locale\" content=\"sl_SI\" \/>\n<meta property=\"og:type\" content=\"article\" \/>\n<meta property=\"og:title\" content=\"Tester za provjeru freza Acurata &#8902; Mea Via Beauty &#8902;\" \/>\n<meta property=\"og:description\" content=\"Tester za provjeru freza Acurata &#8902; omogu\u0107ava jednostavnu provjeru reza\u010da (frezaa) &#8902;\" \/>\n<meta property=\"og:url\" content=\"https:\/\/www.meavia-mh.hr\/sl\/product\/tester-za-provjeru-freza-acurata\/\" \/>\n<meta property=\"og:site_name\" content=\"Mea Via Beauty\" \/>\n<meta property=\"article:publisher\" content=\"https:\/\/www.facebook.com\/MeaViaNailsWorld\" \/>\n<meta property=\"article:modified_time\" content=\"2026-01-24T07:13:16+00:00\" \/>\n<meta property=\"og:image\" content=\"https:\/\/www.meavia-mh.hr\/wp-content\/uploads\/2021\/08\/ezgif.com-gif-maker-269.jpg\" \/>\n\t<meta property=\"og:image:width\" content=\"1188\" \/>\n\t<meta property=\"og:image:height\" content=\"1101\" \/>\n\t<meta property=\"og:image:type\" content=\"image\/jpeg\" \/>\n<meta name=\"twitter:card\" content=\"summary_large_image\" \/>\n<meta name=\"twitter:label1\" content=\"Est. reading time\" \/>\n\t<meta name=\"twitter:data1\" content=\"1 minuta\" \/>\n<script type=\"application\/ld+json\" class=\"yoast-schema-graph\">{\"@context\":\"https:\\\/\\\/schema.org\",\"@graph\":[{\"@type\":\"WebPage\",\"@id\":\"https:\\\/\\\/www.meavia-mh.hr\\\/product\\\/tester-za-provjeru-freza-acurata\\\/\",\"url\":\"https:\\\/\\\/www.meavia-mh.hr\\\/product\\\/tester-za-provjeru-freza-acurata\\\/\",\"name\":\"Tester za provjeru freza Acurata &#8902; Mea Via Beauty &#8902;\",\"isPartOf\":{\"@id\":\"https:\\\/\\\/meavia-mh.hr\\\/sl\\\/#website\"},\"primaryImageOfPage\":{\"@id\":\"https:\\\/\\\/www.meavia-mh.hr\\\/product\\\/tester-za-provjeru-freza-acurata\\\/#primaryimage\"},\"image\":{\"@id\":\"https:\\\/\\\/www.meavia-mh.hr\\\/product\\\/tester-za-provjeru-freza-acurata\\\/#primaryimage\"},\"thumbnailUrl\":\"https:\\\/\\\/www.meavia-mh.hr\\\/wp-content\\\/uploads\\\/2021\\\/08\\\/ezgif.com-gif-maker-269.jpg\",\"datePublished\":\"2021-08-08T20:50:10+00:00\",\"dateModified\":\"2026-01-24T07:13:16+00:00\",\"description\":\"Tester za provjeru freza Acurata &#8902; omogu\u0107ava jednostavnu provjeru reza\u010da (frezaa) &#8902;\",\"breadcrumb\":{\"@id\":\"https:\\\/\\\/www.meavia-mh.hr\\\/product\\\/tester-za-provjeru-freza-acurata\\\/#breadcrumb\"},\"inLanguage\":\"sl-SI\",\"potentialAction\":[{\"@type\":\"ReadAction\",\"target\":[\"https:\\\/\\\/www.meavia-mh.hr\\\/product\\\/tester-za-provjeru-freza-acurata\\\/\"]}]},{\"@type\":\"ImageObject\",\"inLanguage\":\"sl-SI\",\"@id\":\"https:\\\/\\\/www.meavia-mh.hr\\\/product\\\/tester-za-provjeru-freza-acurata\\\/#primaryimage\",\"url\":\"https:\\\/\\\/www.meavia-mh.hr\\\/wp-content\\\/uploads\\\/2021\\\/08\\\/ezgif.com-gif-maker-269.jpg\",\"contentUrl\":\"https:\\\/\\\/www.meavia-mh.hr\\\/wp-content\\\/uploads\\\/2021\\\/08\\\/ezgif.com-gif-maker-269.jpg\",\"width\":1188,\"height\":1101,\"caption\":\"Tester za provjeru freza Acurata\"},{\"@type\":\"BreadcrumbList\",\"@id\":\"https:\\\/\\\/www.meavia-mh.hr\\\/product\\\/tester-za-provjeru-freza-acurata\\\/#breadcrumb\",\"itemListElement\":[{\"@type\":\"ListItem\",\"position\":1,\"name\":\"Po\u010detna stranica\",\"item\":\"https:\\\/\\\/www.meavia-mh.hr\\\/\"},{\"@type\":\"ListItem\",\"position\":2,\"name\":\"Trgovina\",\"item\":\"https:\\\/\\\/meavia-mh.hr\\\/sl\\\/store\\\/\"},{\"@type\":\"ListItem\",\"position\":3,\"name\":\"Tester za provjeru freza Acurata\"}]},{\"@type\":\"WebSite\",\"@id\":\"https:\\\/\\\/meavia-mh.hr\\\/sl\\\/#website\",\"url\":\"https:\\\/\\\/meavia-mh.hr\\\/sl\\\/\",\"name\":\"Mea Via Beauty\",\"description\":\"Only The Best For Your Beauty\",\"publisher\":{\"@id\":\"https:\\\/\\\/meavia-mh.hr\\\/sl\\\/#organization\"},\"alternateName\":\"Mea Via Nails\",\"potentialAction\":[{\"@type\":\"SearchAction\",\"target\":{\"@type\":\"EntryPoint\",\"urlTemplate\":\"https:\\\/\\\/meavia-mh.hr\\\/sl\\\/?s={search_term_string}\"},\"query-input\":{\"@type\":\"PropertyValueSpecification\",\"valueRequired\":true,\"valueName\":\"search_term_string\"}}],\"inLanguage\":\"sl-SI\"},{\"@type\":\"Organization\",\"@id\":\"https:\\\/\\\/meavia-mh.hr\\\/sl\\\/#organization\",\"name\":\"Mea Via Nails World\",\"alternateName\":\"Mea Via\",\"url\":\"https:\\\/\\\/meavia-mh.hr\\\/sl\\\/\",\"logo\":{\"@type\":\"ImageObject\",\"inLanguage\":\"sl-SI\",\"@id\":\"https:\\\/\\\/meavia-mh.hr\\\/sl\\\/#\\\/schema\\\/logo\\\/image\\\/\",\"url\":\"https:\\\/\\\/www.meavia-mh.hr\\\/wp-content\\\/uploads\\\/2020\\\/12\\\/Mea-Via.png\",\"contentUrl\":\"https:\\\/\\\/www.meavia-mh.hr\\\/wp-content\\\/uploads\\\/2020\\\/12\\\/Mea-Via.png\",\"width\":1181,\"height\":393,\"caption\":\"Mea Via Nails World\"},\"image\":{\"@id\":\"https:\\\/\\\/meavia-mh.hr\\\/sl\\\/#\\\/schema\\\/logo\\\/image\\\/\"},\"sameAs\":[\"https:\\\/\\\/www.facebook.com\\\/MeaViaNailsWorld\",\"https:\\\/\\\/www.instagram.com\\\/mea_via_nails_world\\\/\",\"https:\\\/\\\/www.youtube.com\\\/channel\\\/UCECk0hpRWP6TN-EfA4ER96g\\\/featured\"]}]}<\/script>\n<!-- \/ Yoast SEO plugin. -->","yoast_head_json":{"title":"Tester za preverjanje Acurate \u22c6 Mea Via Beauty \u22c6","description":"Tester rezkarjev Acurata \u22c6 omogo\u010da enostavno preverjanje rezkarjev \u22c6","robots":{"index":"index","follow":"follow","max-snippet":"max-snippet:-1","max-image-preview":"max-image-preview:large","max-video-preview":"max-video-preview:-1"},"canonical":"https:\/\/www.meavia-mh.hr\/sl\/product\/tester-za-provjeru-freza-acurata\/","og_locale":"sl_SI","og_type":"article","og_title":"Tester za provjeru freza Acurata &#8902; Mea Via Beauty &#8902;","og_description":"Tester za provjeru freza Acurata &#8902; omogu\u0107ava jednostavnu provjeru reza\u010da (frezaa) &#8902;","og_url":"https:\/\/www.meavia-mh.hr\/sl\/product\/tester-za-provjeru-freza-acurata\/","og_site_name":"Mea Via Beauty","article_publisher":"https:\/\/www.facebook.com\/MeaViaNailsWorld","article_modified_time":"2026-01-24T07:13:16+00:00","og_image":[{"width":1188,"height":1101,"url":"https:\/\/www.meavia-mh.hr\/wp-content\/uploads\/2021\/08\/ezgif.com-gif-maker-269.jpg","type":"image\/jpeg"}],"twitter_card":"summary_large_image","twitter_misc":{"Est. reading time":"1 minuta"},"schema":{"@context":"https:\/\/schema.org","@graph":[{"@type":"WebPage","@id":"https:\/\/www.meavia-mh.hr\/product\/tester-za-provjeru-freza-acurata\/","url":"https:\/\/www.meavia-mh.hr\/product\/tester-za-provjeru-freza-acurata\/","name":"Tester za preverjanje Acurate \u22c6 Mea Via Beauty \u22c6","isPartOf":{"@id":"https:\/\/meavia-mh.hr\/sl\/#website"},"primaryImageOfPage":{"@id":"https:\/\/www.meavia-mh.hr\/product\/tester-za-provjeru-freza-acurata\/#primaryimage"},"image":{"@id":"https:\/\/www.meavia-mh.hr\/product\/tester-za-provjeru-freza-acurata\/#primaryimage"},"thumbnailUrl":"https:\/\/www.meavia-mh.hr\/wp-content\/uploads\/2021\/08\/ezgif.com-gif-maker-269.jpg","datePublished":"2021-08-08T20:50:10+00:00","dateModified":"2026-01-24T07:13:16+00:00","description":"Tester rezkarjev Acurata \u22c6 omogo\u010da enostavno preverjanje rezkarjev \u22c6","breadcrumb":{"@id":"https:\/\/www.meavia-mh.hr\/product\/tester-za-provjeru-freza-acurata\/#breadcrumb"},"inLanguage":"sl-SI","potentialAction":[{"@type":"ReadAction","target":["https:\/\/www.meavia-mh.hr\/product\/tester-za-provjeru-freza-acurata\/"]}]},{"@type":"ImageObject","inLanguage":"sl-SI","@id":"https:\/\/www.meavia-mh.hr\/product\/tester-za-provjeru-freza-acurata\/#primaryimage","url":"https:\/\/www.meavia-mh.hr\/wp-content\/uploads\/2021\/08\/ezgif.com-gif-maker-269.jpg","contentUrl":"https:\/\/www.meavia-mh.hr\/wp-content\/uploads\/2021\/08\/ezgif.com-gif-maker-269.jpg","width":1188,"height":1101,"caption":"Tester za provjeru freza Acurata"},{"@type":"BreadcrumbList","@id":"https:\/\/www.meavia-mh.hr\/product\/tester-za-provjeru-freza-acurata\/#breadcrumb","itemListElement":[{"@type":"ListItem","position":1,"name":"Po\u010detna stranica","item":"https:\/\/www.meavia-mh.hr\/"},{"@type":"ListItem","position":2,"name":"Trgovina","item":"https:\/\/meavia-mh.hr\/sl\/store\/"},{"@type":"ListItem","position":3,"name":"Tester za provjeru freza Acurata"}]},{"@type":"WebSite","@id":"https:\/\/meavia-mh.hr\/sl\/#website","url":"https:\/\/meavia-mh.hr\/sl\/","name":"MEA VIA BEAUTY","description":"Only The Best For Your Beauty","publisher":{"@id":"https:\/\/meavia-mh.hr\/sl\/#organization"},"alternateName":"Mea Via Nails","potentialAction":[{"@type":"SearchAction","target":{"@type":"EntryPoint","urlTemplate":"https:\/\/meavia-mh.hr\/sl\/?s={search_term_string}"},"query-input":{"@type":"PropertyValueSpecification","valueRequired":true,"valueName":"search_term_string"}}],"inLanguage":"sl-SI"},{"@type":"Organization","@id":"https:\/\/meavia-mh.hr\/sl\/#organization","name":"Mea Via Nails World","alternateName":"Mea Via","url":"https:\/\/meavia-mh.hr\/sl\/","logo":{"@type":"ImageObject","inLanguage":"sl-SI","@id":"https:\/\/meavia-mh.hr\/sl\/#\/schema\/logo\/image\/","url":"https:\/\/www.meavia-mh.hr\/wp-content\/uploads\/2020\/12\/Mea-Via.png","contentUrl":"https:\/\/www.meavia-mh.hr\/wp-content\/uploads\/2020\/12\/Mea-Via.png","width":1181,"height":393,"caption":"Mea Via Nails World"},"image":{"@id":"https:\/\/meavia-mh.hr\/sl\/#\/schema\/logo\/image\/"},"sameAs":["https:\/\/www.facebook.com\/MeaViaNailsWorld","https:\/\/www.instagram.com\/mea_via_nails_world\/","https:\/\/www.youtube.com\/channel\/UCECk0hpRWP6TN-EfA4ER96g\/featured"]}]}},"spectra_custom_meta":{"_sku":["115258"],"_regular_price":["9.54"],"total_sales":["16"],"_tax_status":["taxable"],"_tax_class":[""],"_manage_stock":["yes"],"_backorders":["no"],"_sold_individually":["no"],"_virtual":["no"],"_downloadable":["no"],"_product_image_gallery":["8098,8097,8096,8095,8094"],"_download_limit":["-1"],"_download_expiry":["-1"],"_thumbnail_id":["8099"],"_stock":["0"],"_stock_status":["outofstock"],"_wc_average_rating":["0"],"_wc_review_count":["0"],"_product_version":["10.4.3"],"_price":["9.54"],"_wp_page_template":["default"],"_yoast_wpseo_focuskw":["Tester za provjeru freza"],"_yoast_wpseo_title":["%%title%% %%page%% %%sep%% %%sitename%% %%sep%%"],"_yoast_wpseo_metadesc":["%%title%% %%sep%% omogu\u0107ava jednostavnu provjeru reza\u010da (frezaa) %%sep%%"],"_yoast_wpseo_linkdex":["65"],"_yoast_wpseo_content_score":["90"],"_yoast_wpseo_estimated-reading-time-minutes":["1"],"cartflows_redirect_flow_id":[""],"cartflows_add_to_cart_text":[""],"_woocs_price_geo_countries":[""],"_woocs_regular_price_geo":[""],"_woocs_sale_price_geo":[""],"site-sidebar-layout":["default"],"site-content-layout":["default"],"theme-transparent-header-meta":["default"],"stick-header-meta":["default"],"_yoast_wpseo_primary_product_cat":["537"],"_edit_lock":["1702823810:1239"],"_edit_last":["1239"],"_woocs_regular_price_EUR":["9.54"],"_woocs_sale_price_EUR":["-1"],"_lowest_price_30_days":["9.54"],"ast-site-content-layout":["default"],"site-content-style":["default"],"site-sidebar-style":["default"],"astra-migrate-meta-layouts":["set"],"_yoast_wpseo_primary_fb_product_set":[""],"_yoast_wpseo_wordproof_timestamp":[""],"uag_migration_processed":["1"],"_elementor_page_assets":["a:0:{}"],"_uag_page_assets":["a:9:{s:3:\"css\";s:0:\"\";s:2:\"js\";s:0:\"\";s:18:\"current_block_list\";a:3:{i:0;s:11:\"core\/search\";i:1;s:18:\"core\/legacy-widget\";i:2;s:27:\"woocommerce\/product-filters\";}s:8:\"uag_flag\";b:0;s:11:\"uag_version\";s:10:\"1776503599\";s:6:\"gfonts\";a:0:{}s:10:\"gfonts_url\";s:0:\"\";s:12:\"gfonts_files\";a:0:{}s:14:\"uag_faq_layout\";b:0;}"]},"uagb_featured_image_src":{"full":["https:\/\/www.meavia-mh.hr\/wp-content\/uploads\/2021\/08\/ezgif.com-gif-maker-269.jpg",1188,1101,false],"thumbnail":["https:\/\/www.meavia-mh.hr\/wp-content\/uploads\/2021\/08\/ezgif.com-gif-maker-269-150x150.jpg",150,150,true],"medium":["https:\/\/www.meavia-mh.hr\/wp-content\/uploads\/2021\/08\/ezgif.com-gif-maker-269-300x278.jpg",300,278,true],"medium_large":["https:\/\/www.meavia-mh.hr\/wp-content\/uploads\/2021\/08\/ezgif.com-gif-maker-269-768x712.jpg",768,712,true],"large":["https:\/\/www.meavia-mh.hr\/wp-content\/uploads\/2021\/08\/ezgif.com-gif-maker-269-1024x949.jpg",1024,949,true],"1536x1536":["https:\/\/www.meavia-mh.hr\/wp-content\/uploads\/2021\/08\/ezgif.com-gif-maker-269.jpg",1188,1101,false],"2048x2048":["https:\/\/www.meavia-mh.hr\/wp-content\/uploads\/2021\/08\/ezgif.com-gif-maker-269.jpg",1188,1101,false],"trp-custom-language-flag":["https:\/\/www.meavia-mh.hr\/wp-content\/uploads\/2021\/08\/ezgif.com-gif-maker-269-13x12.jpg",13,12,true],"woocommerce_thumbnail":["https:\/\/www.meavia-mh.hr\/wp-content\/uploads\/2021\/08\/ezgif.com-gif-maker-269-300x300.jpg",300,300,true],"woocommerce_single":["https:\/\/www.meavia-mh.hr\/wp-content\/uploads\/2021\/08\/ezgif.com-gif-maker-269-600x556.jpg",600,556,true],"woocommerce_gallery_thumbnail":["https:\/\/www.meavia-mh.hr\/wp-content\/uploads\/2021\/08\/ezgif.com-gif-maker-269-100x100.jpg",100,100,true]},"uagb_author_info":{"display_name":"Mea Via","author_link":"https:\/\/www.meavia-mh.hr\/sl\/author\/"},"uagb_comment_info":0,"uagb_excerpt":"Tester je dizajniran za provjeru reza\u010da (freza). Zahvaljuju\u0107i njemu mogu\u0107e je provjeriti je li reza\u010d (freza) ravan i ne izaziva li vibracije u glavi brusilice te na taj na\u010din ne uzrokuje trajna o\u0161te\u0107enja le\u017eajeva glave brusilice.\u00a0 Va\u0161a dragocjena elektri\u010dna turpija bit \u0107e vam zahvalna! Reza\u010d jednostavno umetnite u tester od nehr\u0111aju\u0107eg \u010delika.\u00a0Ako se to mo\u017ee&hellip;","_links":{"self":[{"href":"https:\/\/www.meavia-mh.hr\/sl\/wp-json\/wp\/v2\/product\/8093","targetHints":{"allow":["GET"]}}],"collection":[{"href":"https:\/\/www.meavia-mh.hr\/sl\/wp-json\/wp\/v2\/product"}],"about":[{"href":"https:\/\/www.meavia-mh.hr\/sl\/wp-json\/wp\/v2\/types\/product"}],"replies":[{"embeddable":true,"href":"https:\/\/www.meavia-mh.hr\/sl\/wp-json\/wp\/v2\/comments?post=8093"}],"version-history":[{"count":2,"href":"https:\/\/www.meavia-mh.hr\/sl\/wp-json\/wp\/v2\/product\/8093\/revisions"}],"predecessor-version":[{"id":31192,"href":"https:\/\/www.meavia-mh.hr\/sl\/wp-json\/wp\/v2\/product\/8093\/revisions\/31192"}],"wp:featuredmedia":[{"embeddable":true,"href":"https:\/\/www.meavia-mh.hr\/sl\/wp-json\/wp\/v2\/media\/8099"}],"wp:attachment":[{"href":"https:\/\/www.meavia-mh.hr\/sl\/wp-json\/wp\/v2\/media?parent=8093"}],"wp:term":[{"taxonomy":"product_brand","embeddable":true,"href":"https:\/\/www.meavia-mh.hr\/sl\/wp-json\/wp\/v2\/product_brand?post=8093"},{"taxonomy":"product_cat","embeddable":true,"href":"https:\/\/www.meavia-mh.hr\/sl\/wp-json\/wp\/v2\/product_cat?post=8093"},{"taxonomy":"product_tag","embeddable":true,"href":"https:\/\/www.meavia-mh.hr\/sl\/wp-json\/wp\/v2\/product_tag?post=8093"}],"curies":[{"name":"delovni list","href":"https:\/\/api.w.org\/{rel}","templated":true}]}}