{"id":8089,"date":"2021-08-08T20:49:04","date_gmt":"2021-08-08T20:49:04","guid":{"rendered":"https:\/\/www.meavia-mh.hr\/?post_type=product&#038;p=8089"},"modified":"2026-01-29T23:32:06","modified_gmt":"2026-01-29T22:32:06","slug":"akrilni-stalak-za-freze","status":"publish","type":"product","link":"https:\/\/www.meavia-mh.hr\/sl\/product\/akrilni-stalak-za-freze\/","title":{"rendered":"Akrilno stojalo"},"content":{"rendered":"<p><span style=\"color: #4b4b4b\"><span class=\"\">Akrilno stojalo za rezkarje olaj\u0161a organizacijo delovnega mesta. Dr\u017ealo za \u0161est rezalnikov.\u00a0<\/span>Zaradi svoje majhnosti in visoke funkcionalnosti vam bo omogo\u010dil, da bodo va\u0161i rezalniki vedno na voljo in na dosegu roke.<\/span><\/p>\n<p><span style=\"color: #4b4b4b\"><strong>Tehni\u010dni podatki:<\/strong><br \/>\n- iz prozornega akrila<br \/>\n- dimenzije podno\u017eja D 65 x \u0160 47 x V 14 mm<br \/>\n- 1 kos v paketu<\/span><\/p>","protected":false},"excerpt":{"rendered":"<p>Akrilno stojalo za rezkarje olaj\u0161a organizacijo delovnega mesta. Dr\u017ealo za \u0161est rezalnikov. Zaradi svojih majhnih dimenzij in visoke funkcionalnosti vam bo omogo\u010dil, da boste imeli rezkalnike vedno na voljo in na dosegu roke. Tehni\u010dni podatki: - iz prozornega akrila - mere podno\u017eja D 65 x \u0160 47 x V 14 mm - 1 kos v paketu<\/p>","protected":false},"featured_media":8090,"comment_status":"closed","ping_status":"closed","template":"","meta":{"_uag_custom_page_level_css":"","site-sidebar-layout":"default","site-content-layout":"default","ast-site-content-layout":"default","site-content-style":"default","site-sidebar-style":"default","ast-global-header-display":"","ast-banner-title-visibility":"","ast-main-header-display":"","ast-hfb-above-header-display":"","ast-hfb-below-header-display":"","ast-hfb-mobile-header-display":"","site-post-title":"","ast-breadcrumbs-content":"","ast-featured-img":"","footer-sml-layout":"","ast-disable-related-posts":"","theme-transparent-header-meta":"default","adv-header-id-meta":"","stick-header-meta":"default","header-above-stick-meta":"","header-main-stick-meta":"","header-below-stick-meta":"","astra-migrate-meta-layouts":"set","ast-page-background-enabled":"default","ast-page-background-meta":{"desktop":{"background-color":"var(--ast-global-color-4)","background-image":"","background-repeat":"repeat","background-position":"center center","background-size":"auto","background-attachment":"scroll","background-type":"","background-media":"","overlay-type":"","overlay-color":"","overlay-opacity":"","overlay-gradient":""},"tablet":{"background-color":"","background-image":"","background-repeat":"repeat","background-position":"center center","background-size":"auto","background-attachment":"scroll","background-type":"","background-media":"","overlay-type":"","overlay-color":"","overlay-opacity":"","overlay-gradient":""},"mobile":{"background-color":"","background-image":"","background-repeat":"repeat","background-position":"center center","background-size":"auto","background-attachment":"scroll","background-type":"","background-media":"","overlay-type":"","overlay-color":"","overlay-opacity":"","overlay-gradient":""}},"ast-content-background-meta":{"desktop":{"background-color":"var(--ast-global-color-5)","background-image":"","background-repeat":"repeat","background-position":"center center","background-size":"auto","background-attachment":"scroll","background-type":"","background-media":"","overlay-type":"","overlay-color":"","overlay-opacity":"","overlay-gradient":""},"tablet":{"background-color":"var(--ast-global-color-5)","background-image":"","background-repeat":"repeat","background-position":"center center","background-size":"auto","background-attachment":"scroll","background-type":"","background-media":"","overlay-type":"","overlay-color":"","overlay-opacity":"","overlay-gradient":""},"mobile":{"background-color":"var(--ast-global-color-5)","background-image":"","background-repeat":"repeat","background-position":"center center","background-size":"auto","background-attachment":"scroll","background-type":"","background-media":"","overlay-type":"","overlay-color":"","overlay-opacity":"","overlay-gradient":""}}},"product_brand":[],"product_cat":[537],"product_tag":[223,257],"class_list":{"0":"post-8089","1":"product","2":"type-product","3":"status-publish","4":"has-post-thumbnail","6":"product_cat-nastavci-za-brusilice","7":"product_tag-brusilica-za-nokte","8":"product_tag-nastavak-za-brusilicu","9":"desktop-align-left","10":"tablet-align-left","11":"mobile-align-left","12":"ast-product-gallery-layout-horizontal-slider","13":"ast-product-tabs-layout-horizontal","15":"first","16":"instock","17":"taxable","18":"shipping-taxable","19":"purchasable","20":"product-type-simple"},"yoast_head":"<!-- This site is optimized with the Yoast SEO plugin v27.4 - https:\/\/yoast.com\/product\/yoast-seo-wordpress\/ -->\n<title>Akrilni stalak za freze &#8902; za 6 freza &#8902; Mea Via Beauty<\/title>\n<meta name=\"description\" content=\"Akrilni stalak za freze &#8902; za 6 freza &#8902; omogu\u0107ava jednostavnu organizaciju radnog prostora &#8902;\" \/>\n<meta name=\"robots\" content=\"index, follow, max-snippet:-1, max-image-preview:large, max-video-preview:-1\" \/>\n<link rel=\"canonical\" href=\"https:\/\/www.meavia-mh.hr\/sl\/product\/akrilni-stalak-za-freze\/\" \/>\n<meta property=\"og:locale\" content=\"sl_SI\" \/>\n<meta property=\"og:type\" content=\"article\" \/>\n<meta property=\"og:title\" content=\"Akrilni stalak za freze &#8902; za 6 freza &#8902; Mea Via Beauty\" \/>\n<meta property=\"og:description\" content=\"Akrilni stalak za freze &#8902; za 6 freza &#8902; omogu\u0107ava jednostavnu organizaciju radnog prostora &#8902;\" \/>\n<meta property=\"og:url\" content=\"https:\/\/www.meavia-mh.hr\/sl\/product\/akrilni-stalak-za-freze\/\" \/>\n<meta property=\"og:site_name\" content=\"Mea Via Beauty\" \/>\n<meta property=\"article:publisher\" content=\"https:\/\/www.facebook.com\/MeaViaNailsWorld\" \/>\n<meta property=\"article:modified_time\" content=\"2026-01-29T22:32:06+00:00\" \/>\n<meta property=\"og:image\" content=\"https:\/\/www.meavia-mh.hr\/wp-content\/uploads\/2021\/08\/ezgif.com-gif-maker-262.jpg\" \/>\n\t<meta property=\"og:image:width\" content=\"1500\" \/>\n\t<meta property=\"og:image:height\" content=\"1470\" \/>\n\t<meta property=\"og:image:type\" content=\"image\/jpeg\" \/>\n<meta name=\"twitter:card\" content=\"summary_large_image\" \/>\n<meta name=\"twitter:label1\" content=\"Est. reading time\" \/>\n\t<meta name=\"twitter:data1\" content=\"1 minuta\" \/>\n<script type=\"application\/ld+json\" class=\"yoast-schema-graph\">{\"@context\":\"https:\\\/\\\/schema.org\",\"@graph\":[{\"@type\":\"WebPage\",\"@id\":\"https:\\\/\\\/www.meavia-mh.hr\\\/product\\\/akrilni-stalak-za-freze\\\/\",\"url\":\"https:\\\/\\\/www.meavia-mh.hr\\\/product\\\/akrilni-stalak-za-freze\\\/\",\"name\":\"Akrilni stalak za freze &#8902; za 6 freza &#8902; Mea Via Beauty\",\"isPartOf\":{\"@id\":\"https:\\\/\\\/meavia-mh.hr\\\/sl\\\/#website\"},\"primaryImageOfPage\":{\"@id\":\"https:\\\/\\\/www.meavia-mh.hr\\\/product\\\/akrilni-stalak-za-freze\\\/#primaryimage\"},\"image\":{\"@id\":\"https:\\\/\\\/www.meavia-mh.hr\\\/product\\\/akrilni-stalak-za-freze\\\/#primaryimage\"},\"thumbnailUrl\":\"https:\\\/\\\/www.meavia-mh.hr\\\/wp-content\\\/uploads\\\/2021\\\/08\\\/ezgif.com-gif-maker-262.jpg\",\"datePublished\":\"2021-08-08T20:49:04+00:00\",\"dateModified\":\"2026-01-29T22:32:06+00:00\",\"description\":\"Akrilni stalak za freze &#8902; za 6 freza &#8902; omogu\u0107ava jednostavnu organizaciju radnog prostora &#8902;\",\"breadcrumb\":{\"@id\":\"https:\\\/\\\/www.meavia-mh.hr\\\/product\\\/akrilni-stalak-za-freze\\\/#breadcrumb\"},\"inLanguage\":\"sl-SI\",\"potentialAction\":[{\"@type\":\"ReadAction\",\"target\":[\"https:\\\/\\\/www.meavia-mh.hr\\\/product\\\/akrilni-stalak-za-freze\\\/\"]}]},{\"@type\":\"ImageObject\",\"inLanguage\":\"sl-SI\",\"@id\":\"https:\\\/\\\/www.meavia-mh.hr\\\/product\\\/akrilni-stalak-za-freze\\\/#primaryimage\",\"url\":\"https:\\\/\\\/www.meavia-mh.hr\\\/wp-content\\\/uploads\\\/2021\\\/08\\\/ezgif.com-gif-maker-262.jpg\",\"contentUrl\":\"https:\\\/\\\/www.meavia-mh.hr\\\/wp-content\\\/uploads\\\/2021\\\/08\\\/ezgif.com-gif-maker-262.jpg\",\"width\":1500,\"height\":1470,\"caption\":\"Akrilni stalak za freze\"},{\"@type\":\"BreadcrumbList\",\"@id\":\"https:\\\/\\\/www.meavia-mh.hr\\\/product\\\/akrilni-stalak-za-freze\\\/#breadcrumb\",\"itemListElement\":[{\"@type\":\"ListItem\",\"position\":1,\"name\":\"Po\u010detna stranica\",\"item\":\"https:\\\/\\\/www.meavia-mh.hr\\\/\"},{\"@type\":\"ListItem\",\"position\":2,\"name\":\"Trgovina\",\"item\":\"https:\\\/\\\/meavia-mh.hr\\\/sl\\\/store\\\/\"},{\"@type\":\"ListItem\",\"position\":3,\"name\":\"Akrilni stalak za freze\"}]},{\"@type\":\"WebSite\",\"@id\":\"https:\\\/\\\/meavia-mh.hr\\\/sl\\\/#website\",\"url\":\"https:\\\/\\\/meavia-mh.hr\\\/sl\\\/\",\"name\":\"Mea Via Beauty\",\"description\":\"Only The Best For Your Beauty\",\"publisher\":{\"@id\":\"https:\\\/\\\/meavia-mh.hr\\\/sl\\\/#organization\"},\"alternateName\":\"Mea Via Nails\",\"potentialAction\":[{\"@type\":\"SearchAction\",\"target\":{\"@type\":\"EntryPoint\",\"urlTemplate\":\"https:\\\/\\\/meavia-mh.hr\\\/sl\\\/?s={search_term_string}\"},\"query-input\":{\"@type\":\"PropertyValueSpecification\",\"valueRequired\":true,\"valueName\":\"search_term_string\"}}],\"inLanguage\":\"sl-SI\"},{\"@type\":\"Organization\",\"@id\":\"https:\\\/\\\/meavia-mh.hr\\\/sl\\\/#organization\",\"name\":\"Mea Via Nails World\",\"alternateName\":\"Mea Via\",\"url\":\"https:\\\/\\\/meavia-mh.hr\\\/sl\\\/\",\"logo\":{\"@type\":\"ImageObject\",\"inLanguage\":\"sl-SI\",\"@id\":\"https:\\\/\\\/meavia-mh.hr\\\/sl\\\/#\\\/schema\\\/logo\\\/image\\\/\",\"url\":\"https:\\\/\\\/www.meavia-mh.hr\\\/wp-content\\\/uploads\\\/2020\\\/12\\\/Mea-Via.png\",\"contentUrl\":\"https:\\\/\\\/www.meavia-mh.hr\\\/wp-content\\\/uploads\\\/2020\\\/12\\\/Mea-Via.png\",\"width\":1181,\"height\":393,\"caption\":\"Mea Via Nails World\"},\"image\":{\"@id\":\"https:\\\/\\\/meavia-mh.hr\\\/sl\\\/#\\\/schema\\\/logo\\\/image\\\/\"},\"sameAs\":[\"https:\\\/\\\/www.facebook.com\\\/MeaViaNailsWorld\",\"https:\\\/\\\/www.instagram.com\\\/mea_via_nails_world\\\/\",\"https:\\\/\\\/www.youtube.com\\\/channel\\\/UCECk0hpRWP6TN-EfA4ER96g\\\/featured\"]}]}<\/script>\n<!-- \/ Yoast SEO plugin. -->","yoast_head_json":{"title":"Akrilni stalak za freze &#8902; za 6 freza &#8902; Mea Via Beauty","description":"Akrilni stalak za freze &#8902; za 6 freza &#8902; omogu\u0107ava jednostavnu organizaciju radnog prostora &#8902;","robots":{"index":"index","follow":"follow","max-snippet":"max-snippet:-1","max-image-preview":"max-image-preview:large","max-video-preview":"max-video-preview:-1"},"canonical":"https:\/\/www.meavia-mh.hr\/sl\/product\/akrilni-stalak-za-freze\/","og_locale":"sl_SI","og_type":"article","og_title":"Akrilni stalak za freze &#8902; za 6 freza &#8902; Mea Via Beauty","og_description":"Akrilni stalak za freze &#8902; za 6 freza &#8902; omogu\u0107ava jednostavnu organizaciju radnog prostora &#8902;","og_url":"https:\/\/www.meavia-mh.hr\/sl\/product\/akrilni-stalak-za-freze\/","og_site_name":"Mea Via Beauty","article_publisher":"https:\/\/www.facebook.com\/MeaViaNailsWorld","article_modified_time":"2026-01-29T22:32:06+00:00","og_image":[{"width":1500,"height":1470,"url":"https:\/\/www.meavia-mh.hr\/wp-content\/uploads\/2021\/08\/ezgif.com-gif-maker-262.jpg","type":"image\/jpeg"}],"twitter_card":"summary_large_image","twitter_misc":{"Est. reading time":"1 minuta"},"schema":{"@context":"https:\/\/schema.org","@graph":[{"@type":"WebPage","@id":"https:\/\/www.meavia-mh.hr\/product\/akrilni-stalak-za-freze\/","url":"https:\/\/www.meavia-mh.hr\/product\/akrilni-stalak-za-freze\/","name":"Akrilni stalak za freze &#8902; za 6 freza &#8902; Mea Via Beauty","isPartOf":{"@id":"https:\/\/meavia-mh.hr\/sl\/#website"},"primaryImageOfPage":{"@id":"https:\/\/www.meavia-mh.hr\/product\/akrilni-stalak-za-freze\/#primaryimage"},"image":{"@id":"https:\/\/www.meavia-mh.hr\/product\/akrilni-stalak-za-freze\/#primaryimage"},"thumbnailUrl":"https:\/\/www.meavia-mh.hr\/wp-content\/uploads\/2021\/08\/ezgif.com-gif-maker-262.jpg","datePublished":"2021-08-08T20:49:04+00:00","dateModified":"2026-01-29T22:32:06+00:00","description":"Akrilni stalak za freze &#8902; za 6 freza &#8902; omogu\u0107ava jednostavnu organizaciju radnog prostora &#8902;","breadcrumb":{"@id":"https:\/\/www.meavia-mh.hr\/product\/akrilni-stalak-za-freze\/#breadcrumb"},"inLanguage":"sl-SI","potentialAction":[{"@type":"ReadAction","target":["https:\/\/www.meavia-mh.hr\/product\/akrilni-stalak-za-freze\/"]}]},{"@type":"ImageObject","inLanguage":"sl-SI","@id":"https:\/\/www.meavia-mh.hr\/product\/akrilni-stalak-za-freze\/#primaryimage","url":"https:\/\/www.meavia-mh.hr\/wp-content\/uploads\/2021\/08\/ezgif.com-gif-maker-262.jpg","contentUrl":"https:\/\/www.meavia-mh.hr\/wp-content\/uploads\/2021\/08\/ezgif.com-gif-maker-262.jpg","width":1500,"height":1470,"caption":"Akrilni stalak za freze"},{"@type":"BreadcrumbList","@id":"https:\/\/www.meavia-mh.hr\/product\/akrilni-stalak-za-freze\/#breadcrumb","itemListElement":[{"@type":"ListItem","position":1,"name":"Po\u010detna stranica","item":"https:\/\/www.meavia-mh.hr\/"},{"@type":"ListItem","position":2,"name":"Trgovina","item":"https:\/\/meavia-mh.hr\/sl\/store\/"},{"@type":"ListItem","position":3,"name":"Akrilni stalak za freze"}]},{"@type":"WebSite","@id":"https:\/\/meavia-mh.hr\/sl\/#website","url":"https:\/\/meavia-mh.hr\/sl\/","name":"MEA VIA BEAUTY","description":"Only The Best For Your Beauty","publisher":{"@id":"https:\/\/meavia-mh.hr\/sl\/#organization"},"alternateName":"Mea Via Nails","potentialAction":[{"@type":"SearchAction","target":{"@type":"EntryPoint","urlTemplate":"https:\/\/meavia-mh.hr\/sl\/?s={search_term_string}"},"query-input":{"@type":"PropertyValueSpecification","valueRequired":true,"valueName":"search_term_string"}}],"inLanguage":"sl-SI"},{"@type":"Organization","@id":"https:\/\/meavia-mh.hr\/sl\/#organization","name":"Mea Via Nails World","alternateName":"Mea Via","url":"https:\/\/meavia-mh.hr\/sl\/","logo":{"@type":"ImageObject","inLanguage":"sl-SI","@id":"https:\/\/meavia-mh.hr\/sl\/#\/schema\/logo\/image\/","url":"https:\/\/www.meavia-mh.hr\/wp-content\/uploads\/2020\/12\/Mea-Via.png","contentUrl":"https:\/\/www.meavia-mh.hr\/wp-content\/uploads\/2020\/12\/Mea-Via.png","width":1181,"height":393,"caption":"Mea Via Nails World"},"image":{"@id":"https:\/\/meavia-mh.hr\/sl\/#\/schema\/logo\/image\/"},"sameAs":["https:\/\/www.facebook.com\/MeaViaNailsWorld","https:\/\/www.instagram.com\/mea_via_nails_world\/","https:\/\/www.youtube.com\/channel\/UCECk0hpRWP6TN-EfA4ER96g\/featured"]}]}},"spectra_custom_meta":{"_edit_lock":["1702823882:1239"],"_edit_last":["1239"],"_thumbnail_id":["8090"],"_wp_page_template":["default"],"_yoast_wpseo_focuskw":["Akrilni stalak za freze"],"_yoast_wpseo_title":["%%title%% %%page%% %%sep%% za 6 freza %%sep%% %%sitename%%"],"_yoast_wpseo_metadesc":["Akrilni stalak za freze %%sep%% za 6 freza %%sep%% omogu\u0107ava jednostavnu organizaciju radnog prostora %%sep%%"],"_yoast_wpseo_linkdex":["54"],"_yoast_wpseo_content_score":["90"],"_yoast_wpseo_estimated-reading-time-minutes":["1"],"cartflows_redirect_flow_id":[""],"cartflows_add_to_cart_text":[""],"total_sales":["9"],"_tax_status":["taxable"],"_tax_class":[""],"_manage_stock":["yes"],"_backorders":["no"],"_sold_individually":["no"],"_virtual":["no"],"_downloadable":["no"],"_download_limit":["-1"],"_download_expiry":["-1"],"_stock":["1"],"_stock_status":["instock"],"_wc_average_rating":["0"],"_wc_review_count":["0"],"_product_version":["10.4.3"],"_sku":["100973"],"_regular_price":["8.90"],"_price":["8.90"],"_product_image_gallery":["8091"],"_woocs_price_geo_countries":[""],"_woocs_regular_price_geo":[""],"_woocs_sale_price_geo":[""],"site-sidebar-layout":["default"],"site-content-layout":["default"],"theme-transparent-header-meta":["default"],"stick-header-meta":["default"],"_yoast_wpseo_primary_product_cat":["537"],"_woocs_regular_price_EUR":["6.62"],"_woocs_sale_price_EUR":["-1"],"_yoast_wpseo_wordproof_timestamp":[""],"_lowest_price_30_days":["6.62"],"_yoast_wpseo_primary_fb_product_set":[""],"ast-site-content-layout":["default"],"site-content-style":["default"],"site-sidebar-style":["default"],"astra-migrate-meta-layouts":["set"],"uag_migration_processed":["1"],"_uag_page_assets":["a:9:{s:3:\"css\";s:0:\"\";s:2:\"js\";s:0:\"\";s:18:\"current_block_list\";a:3:{i:0;s:11:\"core\/search\";i:1;s:18:\"core\/legacy-widget\";i:2;s:27:\"woocommerce\/product-filters\";}s:8:\"uag_flag\";b:0;s:11:\"uag_version\";s:10:\"1776341704\";s:6:\"gfonts\";a:0:{}s:10:\"gfonts_url\";s:0:\"\";s:12:\"gfonts_files\";a:0:{}s:14:\"uag_faq_layout\";b:0;}"],"_elementor_page_assets":["a:0:{}"]},"uagb_featured_image_src":{"full":["https:\/\/www.meavia-mh.hr\/wp-content\/uploads\/2021\/08\/ezgif.com-gif-maker-262.jpg",1500,1470,false],"thumbnail":["https:\/\/www.meavia-mh.hr\/wp-content\/uploads\/2021\/08\/ezgif.com-gif-maker-262-150x150.jpg",150,150,true],"medium":["https:\/\/www.meavia-mh.hr\/wp-content\/uploads\/2021\/08\/ezgif.com-gif-maker-262-300x294.jpg",300,294,true],"medium_large":["https:\/\/www.meavia-mh.hr\/wp-content\/uploads\/2021\/08\/ezgif.com-gif-maker-262-768x753.jpg",768,753,true],"large":["https:\/\/www.meavia-mh.hr\/wp-content\/uploads\/2021\/08\/ezgif.com-gif-maker-262-1024x1004.jpg",1024,1004,true],"1536x1536":["https:\/\/www.meavia-mh.hr\/wp-content\/uploads\/2021\/08\/ezgif.com-gif-maker-262.jpg",1500,1470,false],"2048x2048":["https:\/\/www.meavia-mh.hr\/wp-content\/uploads\/2021\/08\/ezgif.com-gif-maker-262.jpg",1500,1470,false],"trp-custom-language-flag":["https:\/\/www.meavia-mh.hr\/wp-content\/uploads\/2021\/08\/ezgif.com-gif-maker-262-12x12.jpg",12,12,true],"woocommerce_thumbnail":["https:\/\/www.meavia-mh.hr\/wp-content\/uploads\/2021\/08\/ezgif.com-gif-maker-262-300x300.jpg",300,300,true],"woocommerce_single":["https:\/\/www.meavia-mh.hr\/wp-content\/uploads\/2021\/08\/ezgif.com-gif-maker-262-600x588.jpg",600,588,true],"woocommerce_gallery_thumbnail":["https:\/\/www.meavia-mh.hr\/wp-content\/uploads\/2021\/08\/ezgif.com-gif-maker-262-100x100.jpg",100,100,true]},"uagb_author_info":{"display_name":"Mea Via","author_link":"https:\/\/www.meavia-mh.hr\/sl\/author\/"},"uagb_comment_info":0,"uagb_excerpt":"Akrilni stalak za freze olak\u0161ava organizaciju radnog mjesta. Dr\u017ea\u0107 za \u0161est freza.\u00a0Zbog malih dimenzija i visoke funkcionalnosti, omogu\u0107it \u0107e vam da va\u0161e freze budu uvijek dostupne i na dohvat ruke. Tehni\u010dki podaci: &#8211; od prozirnog akrila &#8211; dimenzije baze D 65 x \u0160 47 x V 14 mm &#8211; 1 kom u pakiranju","_links":{"self":[{"href":"https:\/\/www.meavia-mh.hr\/sl\/wp-json\/wp\/v2\/product\/8089","targetHints":{"allow":["GET"]}}],"collection":[{"href":"https:\/\/www.meavia-mh.hr\/sl\/wp-json\/wp\/v2\/product"}],"about":[{"href":"https:\/\/www.meavia-mh.hr\/sl\/wp-json\/wp\/v2\/types\/product"}],"replies":[{"embeddable":true,"href":"https:\/\/www.meavia-mh.hr\/sl\/wp-json\/wp\/v2\/comments?post=8089"}],"version-history":[{"count":2,"href":"https:\/\/www.meavia-mh.hr\/sl\/wp-json\/wp\/v2\/product\/8089\/revisions"}],"predecessor-version":[{"id":31193,"href":"https:\/\/www.meavia-mh.hr\/sl\/wp-json\/wp\/v2\/product\/8089\/revisions\/31193"}],"wp:featuredmedia":[{"embeddable":true,"href":"https:\/\/www.meavia-mh.hr\/sl\/wp-json\/wp\/v2\/media\/8090"}],"wp:attachment":[{"href":"https:\/\/www.meavia-mh.hr\/sl\/wp-json\/wp\/v2\/media?parent=8089"}],"wp:term":[{"taxonomy":"product_brand","embeddable":true,"href":"https:\/\/www.meavia-mh.hr\/sl\/wp-json\/wp\/v2\/product_brand?post=8089"},{"taxonomy":"product_cat","embeddable":true,"href":"https:\/\/www.meavia-mh.hr\/sl\/wp-json\/wp\/v2\/product_cat?post=8089"},{"taxonomy":"product_tag","embeddable":true,"href":"https:\/\/www.meavia-mh.hr\/sl\/wp-json\/wp\/v2\/product_tag?post=8089"}],"curies":[{"name":"delovni list","href":"https:\/\/api.w.org\/{rel}","templated":true}]}}