{"id":8076,"date":"2021-08-08T19:29:32","date_gmt":"2021-08-08T19:29:32","guid":{"rendered":"https:\/\/www.meavia-mh.hr\/?post_type=product&#038;p=8076"},"modified":"2024-07-05T15:48:00","modified_gmt":"2024-07-05T15:48:00","slug":"led-lampa-za-nokte-star-2-72w","status":"publish","type":"product","link":"https:\/\/www.meavia-mh.hr\/sl\/product\/led-lampa-za-nokte-star-2-72w\/","title":{"rendered":"LED svetilka za nohte Sofi 2 - 72W"},"content":{"rendered":"<p>LED svetilka za nohte Sofi 2 - 72W - profesionalna svetilka za hitro in u\u010dinkovito utrjevanje UV \/ LED <a href=\"https:\/\/www.meavia-mh.hr\/sl\/product\/palu-gradivni-gel-pink-15-ml\/\">geli<\/a>, <a href=\"https:\/\/www.meavia-mh.hr\/sl\/product\/palu-flexi-acryl-gel-peach-3-30-ml\/\">akrilni geli<\/a> in <a href=\"https:\/\/www.meavia-mh.hr\/sl\/product\/ikon-iq-prima-gel-polish-trajni-lak-yang-15-ml\/\">trajni laki<\/a>.<\/p>\n<p>Svetilka ima vgrajen senzor gibanja, od\u0161tevalnike \u010dasa 10, 30, 60 in 99 sekund, po aktiviranju senzorja pa neprekinjeno sveti 120 sekund. 99-sekundni na\u010din je na\u010din, v katerem se mo\u010d svetilke postopoma pove\u010duje vsakih 30 sekund. To je na\u010din za zmanj\u0161anje peko\u010dega ob\u010dutka pri nana\u0161anju gradbenih gelov. Spodnjo plo\u0161\u010do svetilke je mogo\u010de enostavno odstraniti med pedikuro. Velik elektronski zaslon omogo\u010da enostavno upravljanje \u010dasa. Ima tudi primeren ro\u010daj za prena\u0161anje LED svetilke.<\/p>\n<ul>\n<li>Zasnovan za za\u0161\u010dito o\u010di med delom.<\/li>\n<li>Dual Led tehnologija - kombinacija LED in UV svetlobe (365 nm + 405 nm) vse polimerizira <a href=\"https:\/\/www.meavia-mh.hr\/sl\/product\/ikon-iq-polytek-polymer-gel-cover-pink-60g\/\">akrilni geli<\/a>, \u00a0<a href=\"https:\/\/www.meavia-mh.hr\/sl\/product\/palu-gel-polish-trajni-lak-london-grey-g6-11ml\/\">trajni laki<\/a> in <a href=\"https:\/\/www.meavia-mh.hr\/sl\/product\/palu-gradivni-gel-pink-15-ml\/\">geli<\/a>.<\/li>\n<li>36 enakomerno razporejenih LED diod naredi izdelek popolnoma polimeriziran in imeli boste ve\u010d svobode pri delu<\/li>\n<li>Idealno za pedikuro in manikuro<\/li>\n<li>\u017divljenjska doba naprave: 50.000 ur.<\/li>\n<li>Ne dra\u017ei o\u010di.<\/li>\n<li>Brez opeklin na nohtni plo\u0161\u010di.<\/li>\n<\/ul>\n<div class=\"ast-oembed-container\" style=\"height: 100%;\"><iframe title=\"LED svetilka Sofi 2 - 72W\" width=\"500\" height=\"281\" src=\"https:\/\/www.youtube.com\/embed\/a7zFmlDXT6k?feature=oembed\" frameborder=\"0\" allow=\"accelerometer; autoplay; clipboard-write; encrypted-media; gyroscope; picture-in-picture; web-share\" referrerpolicy=\"strict-origin-when-cross-origin\" allowfullscreen><\/iframe><\/div>\n<h6>LED svetilka za nohte Sofi 2 -72W (tehni\u010dne specifikacije):<\/h6>\n<ul>\n<li>Senzor gibanja<\/li>\n<li>LED prikaz \u010dasa<\/li>\n<li>Od\u0161tevanje: 10, 30, 60 in 99 sekund<\/li>\n<li>Napajalni vti\u010d<\/li>\n<li>36 LED UV \/ LED (365 + 405nm)<\/li>\n<li>brez zamenjave \u017earnice<\/li>\n<li>Mo\u010d: 72W<\/li>\n<li>Te\u017ea: 0,70 kg<\/li>\n<li>Barva: roza<\/li>\n<\/ul>\n<h6>SPLO\u0160NE INFORMACIJE IN OPOZORILA:<\/h6>\n<ul>\n<li>Uporabite ustrezno napetost za \u017earnico. Ne dovolite, da naprava pride v stik z vodo.<\/li>\n<li>Ne uporabljajte LED svetilke:<br \/>\n- v mokrih prostorih,<br \/>\n- \u010de je napajalnik po\u0161kodovan<br \/>\n- \u010de je naprava ali priklju\u010dni kabel po\u0161kodovan<br \/>\n- \u010de je TIMER po\u0161kodovan.<\/li>\n<li>Napravo hranite stran od otrok.<\/li>\n<li>Naprava je namenjena za uporabo v zaprtih prostorih.<\/li>\n<\/ul>\n<h6>\u010ce izdelka trenutno ni na zalogi, je dostava v 7 do 10 delovnih dneh.<\/h6>","protected":false},"excerpt":{"rendered":"<h6>\u010ce izdelka trenutno ni na zalogi, je dostava v 7 do 10 delovnih dneh.<\/h6>","protected":false},"featured_media":8077,"comment_status":"closed","ping_status":"closed","template":"","meta":{"_uag_custom_page_level_css":"","site-sidebar-layout":"default","site-content-layout":null,"ast-site-content-layout":"default","site-content-style":"default","site-sidebar-style":"default","ast-global-header-display":"","ast-banner-title-visibility":"","ast-main-header-display":"","ast-hfb-above-header-display":"","ast-hfb-below-header-display":"","ast-hfb-mobile-header-display":"","site-post-title":"","ast-breadcrumbs-content":"","ast-featured-img":"","footer-sml-layout":"","ast-disable-related-posts":"","theme-transparent-header-meta":"default","adv-header-id-meta":"","stick-header-meta":"default","header-above-stick-meta":"","header-main-stick-meta":"","header-below-stick-meta":null,"astra-migrate-meta-layouts":"default","ast-page-background-enabled":"default","ast-page-background-meta":{"desktop":{"background-color":"var(--ast-global-color-4)","background-image":"","background-repeat":"repeat","background-position":"center center","background-size":"auto","background-attachment":"scroll","background-type":"","background-media":"","overlay-type":"","overlay-color":"","overlay-opacity":"","overlay-gradient":""},"tablet":{"background-color":"","background-image":"","background-repeat":"repeat","background-position":"center center","background-size":"auto","background-attachment":"scroll","background-type":"","background-media":"","overlay-type":"","overlay-color":"","overlay-opacity":"","overlay-gradient":""},"mobile":{"background-color":"","background-image":"","background-repeat":"repeat","background-position":"center center","background-size":"auto","background-attachment":"scroll","background-type":"","background-media":"","overlay-type":"","overlay-color":"","overlay-opacity":"","overlay-gradient":""}},"ast-content-background-meta":{"desktop":{"background-color":"var(--ast-global-color-5)","background-image":"","background-repeat":"repeat","background-position":"center center","background-size":"auto","background-attachment":"scroll","background-type":"","background-media":"","overlay-type":"","overlay-color":"","overlay-opacity":"","overlay-gradient":""},"tablet":{"background-color":"var(--ast-global-color-5)","background-image":"","background-repeat":"repeat","background-position":"center center","background-size":"auto","background-attachment":"scroll","background-type":"","background-media":"","overlay-type":"","overlay-color":"","overlay-opacity":"","overlay-gradient":""},"mobile":{"background-color":"var(--ast-global-color-5)","background-image":"","background-repeat":"repeat","background-position":"center center","background-size":"auto","background-attachment":"scroll","background-type":"","background-media":"","overlay-type":"","overlay-color":"","overlay-opacity":"","overlay-gradient":""}}},"product_brand":[],"product_cat":[220],"product_tag":[221],"class_list":{"0":"post-8076","1":"product","2":"type-product","3":"status-publish","4":"has-post-thumbnail","6":"product_cat-uvled-lampe","7":"product_tag-uv-led-lampa","8":"desktop-align-left","9":"tablet-align-left","10":"mobile-align-left","11":"ast-product-gallery-layout-horizontal-slider","12":"ast-product-tabs-layout-horizontal","14":"first","15":"outofstock","16":"taxable","17":"shipping-taxable","18":"purchasable","19":"product-type-simple"},"yoast_head":"<!-- This site is optimized with the Yoast SEO plugin v27.4 - https:\/\/yoast.com\/product\/yoast-seo-wordpress\/ -->\n<title>LED Lampa za nokte Sofi 2 - 72W &#8902; profesional &#8902; Mea Via Beauty %<\/title>\n<meta name=\"description\" content=\"LED Lampa za nokte Sofi 2 - 72W &#8902; profesionalna lampa za nokte &#8902; za sve vrste gelova, akrila, trajnih lakova &#8902; top kvaliteta &#8902; snaga 72W\" \/>\n<meta name=\"robots\" content=\"index, follow, max-snippet:-1, max-image-preview:large, max-video-preview:-1\" \/>\n<link rel=\"canonical\" href=\"https:\/\/www.meavia-mh.hr\/sl\/product\/led-lampa-za-nokte-star-2-72w\/\" \/>\n<meta property=\"og:locale\" content=\"sl_SI\" \/>\n<meta property=\"og:type\" content=\"article\" \/>\n<meta property=\"og:title\" content=\"LED Lampa za nokte Sofi 2 - 72W &#8902; profesional &#8902; Mea Via Beauty %\" \/>\n<meta property=\"og:description\" content=\"LED Lampa za nokte Sofi 2 - 72W &#8902; profesionalna lampa za nokte &#8902; za sve vrste gelova, akrila, trajnih lakova &#8902; top kvaliteta &#8902; snaga 72W\" \/>\n<meta property=\"og:url\" content=\"https:\/\/www.meavia-mh.hr\/sl\/product\/led-lampa-za-nokte-star-2-72w\/\" \/>\n<meta property=\"og:site_name\" content=\"Mea Via Beauty\" \/>\n<meta property=\"article:publisher\" content=\"https:\/\/www.facebook.com\/MeaViaNailsWorld\" \/>\n<meta property=\"article:modified_time\" content=\"2024-07-05T15:48:00+00:00\" \/>\n<meta property=\"og:image\" content=\"https:\/\/www.meavia-mh.hr\/wp-content\/uploads\/2021\/08\/ezgif.com-gif-maker-256.jpg\" \/>\n\t<meta property=\"og:image:width\" content=\"1500\" \/>\n\t<meta property=\"og:image:height\" content=\"1410\" \/>\n\t<meta property=\"og:image:type\" content=\"image\/jpeg\" \/>\n<meta name=\"twitter:card\" content=\"summary_large_image\" \/>\n<meta name=\"twitter:label1\" content=\"Est. reading time\" \/>\n\t<meta name=\"twitter:data1\" content=\"2 minuti\" \/>\n<script type=\"application\/ld+json\" class=\"yoast-schema-graph\">{\"@context\":\"https:\\\/\\\/schema.org\",\"@graph\":[{\"@type\":\"WebPage\",\"@id\":\"https:\\\/\\\/www.meavia-mh.hr\\\/product\\\/led-lampa-za-nokte-star-2-72w\\\/\",\"url\":\"https:\\\/\\\/www.meavia-mh.hr\\\/product\\\/led-lampa-za-nokte-star-2-72w\\\/\",\"name\":\"LED Lampa za nokte Sofi 2 - 72W &#8902; profesional &#8902; Mea Via Beauty %\",\"isPartOf\":{\"@id\":\"https:\\\/\\\/meavia-mh.hr\\\/sl\\\/#website\"},\"primaryImageOfPage\":{\"@id\":\"https:\\\/\\\/www.meavia-mh.hr\\\/product\\\/led-lampa-za-nokte-star-2-72w\\\/#primaryimage\"},\"image\":{\"@id\":\"https:\\\/\\\/www.meavia-mh.hr\\\/product\\\/led-lampa-za-nokte-star-2-72w\\\/#primaryimage\"},\"thumbnailUrl\":\"https:\\\/\\\/www.meavia-mh.hr\\\/wp-content\\\/uploads\\\/2021\\\/08\\\/ezgif.com-gif-maker-256.jpg\",\"datePublished\":\"2021-08-08T19:29:32+00:00\",\"dateModified\":\"2024-07-05T15:48:00+00:00\",\"description\":\"LED Lampa za nokte Sofi 2 - 72W &#8902; profesionalna lampa za nokte &#8902; za sve vrste gelova, akrila, trajnih lakova &#8902; top kvaliteta &#8902; snaga 72W\",\"breadcrumb\":{\"@id\":\"https:\\\/\\\/www.meavia-mh.hr\\\/product\\\/led-lampa-za-nokte-star-2-72w\\\/#breadcrumb\"},\"inLanguage\":\"sl-SI\",\"potentialAction\":[{\"@type\":\"ReadAction\",\"target\":[\"https:\\\/\\\/www.meavia-mh.hr\\\/product\\\/led-lampa-za-nokte-star-2-72w\\\/\"]}]},{\"@type\":\"ImageObject\",\"inLanguage\":\"sl-SI\",\"@id\":\"https:\\\/\\\/www.meavia-mh.hr\\\/product\\\/led-lampa-za-nokte-star-2-72w\\\/#primaryimage\",\"url\":\"https:\\\/\\\/www.meavia-mh.hr\\\/wp-content\\\/uploads\\\/2021\\\/08\\\/ezgif.com-gif-maker-256.jpg\",\"contentUrl\":\"https:\\\/\\\/www.meavia-mh.hr\\\/wp-content\\\/uploads\\\/2021\\\/08\\\/ezgif.com-gif-maker-256.jpg\",\"width\":1500,\"height\":1410,\"caption\":\"LED Lampa za nokte Star 2\"},{\"@type\":\"BreadcrumbList\",\"@id\":\"https:\\\/\\\/www.meavia-mh.hr\\\/product\\\/led-lampa-za-nokte-star-2-72w\\\/#breadcrumb\",\"itemListElement\":[{\"@type\":\"ListItem\",\"position\":1,\"name\":\"Po\u010detna stranica\",\"item\":\"https:\\\/\\\/www.meavia-mh.hr\\\/\"},{\"@type\":\"ListItem\",\"position\":2,\"name\":\"Trgovina\",\"item\":\"https:\\\/\\\/meavia-mh.hr\\\/sl\\\/store\\\/\"},{\"@type\":\"ListItem\",\"position\":3,\"name\":\"LED Lampa za nokte Sofi 2 &#8211; 72W\"}]},{\"@type\":\"WebSite\",\"@id\":\"https:\\\/\\\/meavia-mh.hr\\\/sl\\\/#website\",\"url\":\"https:\\\/\\\/meavia-mh.hr\\\/sl\\\/\",\"name\":\"Mea Via Beauty\",\"description\":\"Only The Best For Your Beauty\",\"publisher\":{\"@id\":\"https:\\\/\\\/meavia-mh.hr\\\/sl\\\/#organization\"},\"alternateName\":\"Mea Via Nails\",\"potentialAction\":[{\"@type\":\"SearchAction\",\"target\":{\"@type\":\"EntryPoint\",\"urlTemplate\":\"https:\\\/\\\/meavia-mh.hr\\\/sl\\\/?s={search_term_string}\"},\"query-input\":{\"@type\":\"PropertyValueSpecification\",\"valueRequired\":true,\"valueName\":\"search_term_string\"}}],\"inLanguage\":\"sl-SI\"},{\"@type\":\"Organization\",\"@id\":\"https:\\\/\\\/meavia-mh.hr\\\/sl\\\/#organization\",\"name\":\"Mea Via Nails World\",\"alternateName\":\"Mea Via\",\"url\":\"https:\\\/\\\/meavia-mh.hr\\\/sl\\\/\",\"logo\":{\"@type\":\"ImageObject\",\"inLanguage\":\"sl-SI\",\"@id\":\"https:\\\/\\\/meavia-mh.hr\\\/sl\\\/#\\\/schema\\\/logo\\\/image\\\/\",\"url\":\"https:\\\/\\\/www.meavia-mh.hr\\\/wp-content\\\/uploads\\\/2020\\\/12\\\/Mea-Via.png\",\"contentUrl\":\"https:\\\/\\\/www.meavia-mh.hr\\\/wp-content\\\/uploads\\\/2020\\\/12\\\/Mea-Via.png\",\"width\":1181,\"height\":393,\"caption\":\"Mea Via Nails World\"},\"image\":{\"@id\":\"https:\\\/\\\/meavia-mh.hr\\\/sl\\\/#\\\/schema\\\/logo\\\/image\\\/\"},\"sameAs\":[\"https:\\\/\\\/www.facebook.com\\\/MeaViaNailsWorld\",\"https:\\\/\\\/www.instagram.com\\\/mea_via_nails_world\\\/\",\"https:\\\/\\\/www.youtube.com\\\/channel\\\/UCECk0hpRWP6TN-EfA4ER96g\\\/featured\"]}]}<\/script>\n<!-- \/ Yoast SEO plugin. -->","yoast_head_json":{"title":"LED svetilka za nohte Sofi 2 - 72W \u22c6 profesionalna \u22c6 Mea Via Beauty %","description":"LED svetilka za nohte Sofi 2 - 72W \u22c6 profesionalna svetilka za nohte \u22c6 za vse vrste gelov, akrila, permanentnih lakov \u22c6 vrhunska kakovost \u22c6 mo\u010d 72W","robots":{"index":"index","follow":"follow","max-snippet":"max-snippet:-1","max-image-preview":"max-image-preview:large","max-video-preview":"max-video-preview:-1"},"canonical":"https:\/\/www.meavia-mh.hr\/sl\/product\/led-lampa-za-nokte-star-2-72w\/","og_locale":"sl_SI","og_type":"article","og_title":"LED Lampa za nokte Sofi 2 - 72W &#8902; profesional &#8902; Mea Via Beauty %","og_description":"LED Lampa za nokte Sofi 2 - 72W &#8902; profesionalna lampa za nokte &#8902; za sve vrste gelova, akrila, trajnih lakova &#8902; top kvaliteta &#8902; snaga 72W","og_url":"https:\/\/www.meavia-mh.hr\/sl\/product\/led-lampa-za-nokte-star-2-72w\/","og_site_name":"Mea Via Beauty","article_publisher":"https:\/\/www.facebook.com\/MeaViaNailsWorld","article_modified_time":"2024-07-05T15:48:00+00:00","og_image":[{"width":1500,"height":1410,"url":"https:\/\/www.meavia-mh.hr\/wp-content\/uploads\/2021\/08\/ezgif.com-gif-maker-256.jpg","type":"image\/jpeg"}],"twitter_card":"summary_large_image","twitter_misc":{"Est. reading time":"2 minuti"},"schema":{"@context":"https:\/\/schema.org","@graph":[{"@type":"WebPage","@id":"https:\/\/www.meavia-mh.hr\/product\/led-lampa-za-nokte-star-2-72w\/","url":"https:\/\/www.meavia-mh.hr\/product\/led-lampa-za-nokte-star-2-72w\/","name":"LED svetilka za nohte Sofi 2 - 72W \u22c6 profesionalna \u22c6 Mea Via Beauty %","isPartOf":{"@id":"https:\/\/meavia-mh.hr\/sl\/#website"},"primaryImageOfPage":{"@id":"https:\/\/www.meavia-mh.hr\/product\/led-lampa-za-nokte-star-2-72w\/#primaryimage"},"image":{"@id":"https:\/\/www.meavia-mh.hr\/product\/led-lampa-za-nokte-star-2-72w\/#primaryimage"},"thumbnailUrl":"https:\/\/www.meavia-mh.hr\/wp-content\/uploads\/2021\/08\/ezgif.com-gif-maker-256.jpg","datePublished":"2021-08-08T19:29:32+00:00","dateModified":"2024-07-05T15:48:00+00:00","description":"LED svetilka za nohte Sofi 2 - 72W \u22c6 profesionalna svetilka za nohte \u22c6 za vse vrste gelov, akrila, permanentnih lakov \u22c6 vrhunska kakovost \u22c6 mo\u010d 72W","breadcrumb":{"@id":"https:\/\/www.meavia-mh.hr\/product\/led-lampa-za-nokte-star-2-72w\/#breadcrumb"},"inLanguage":"sl-SI","potentialAction":[{"@type":"ReadAction","target":["https:\/\/www.meavia-mh.hr\/product\/led-lampa-za-nokte-star-2-72w\/"]}]},{"@type":"ImageObject","inLanguage":"sl-SI","@id":"https:\/\/www.meavia-mh.hr\/product\/led-lampa-za-nokte-star-2-72w\/#primaryimage","url":"https:\/\/www.meavia-mh.hr\/wp-content\/uploads\/2021\/08\/ezgif.com-gif-maker-256.jpg","contentUrl":"https:\/\/www.meavia-mh.hr\/wp-content\/uploads\/2021\/08\/ezgif.com-gif-maker-256.jpg","width":1500,"height":1410,"caption":"LED Lampa za nokte Star 2"},{"@type":"BreadcrumbList","@id":"https:\/\/www.meavia-mh.hr\/product\/led-lampa-za-nokte-star-2-72w\/#breadcrumb","itemListElement":[{"@type":"ListItem","position":1,"name":"Po\u010detna stranica","item":"https:\/\/www.meavia-mh.hr\/"},{"@type":"ListItem","position":2,"name":"Trgovina","item":"https:\/\/meavia-mh.hr\/sl\/store\/"},{"@type":"ListItem","position":3,"name":"LED Lampa za nokte Sofi 2 &#8211; 72W"}]},{"@type":"WebSite","@id":"https:\/\/meavia-mh.hr\/sl\/#website","url":"https:\/\/meavia-mh.hr\/sl\/","name":"MEA VIA BEAUTY","description":"Only The Best For Your Beauty","publisher":{"@id":"https:\/\/meavia-mh.hr\/sl\/#organization"},"alternateName":"Mea Via Nails","potentialAction":[{"@type":"SearchAction","target":{"@type":"EntryPoint","urlTemplate":"https:\/\/meavia-mh.hr\/sl\/?s={search_term_string}"},"query-input":{"@type":"PropertyValueSpecification","valueRequired":true,"valueName":"search_term_string"}}],"inLanguage":"sl-SI"},{"@type":"Organization","@id":"https:\/\/meavia-mh.hr\/sl\/#organization","name":"Mea Via Nails World","alternateName":"Mea Via","url":"https:\/\/meavia-mh.hr\/sl\/","logo":{"@type":"ImageObject","inLanguage":"sl-SI","@id":"https:\/\/meavia-mh.hr\/sl\/#\/schema\/logo\/image\/","url":"https:\/\/www.meavia-mh.hr\/wp-content\/uploads\/2020\/12\/Mea-Via.png","contentUrl":"https:\/\/www.meavia-mh.hr\/wp-content\/uploads\/2020\/12\/Mea-Via.png","width":1181,"height":393,"caption":"Mea Via Nails World"},"image":{"@id":"https:\/\/meavia-mh.hr\/sl\/#\/schema\/logo\/image\/"},"sameAs":["https:\/\/www.facebook.com\/MeaViaNailsWorld","https:\/\/www.instagram.com\/mea_via_nails_world\/","https:\/\/www.youtube.com\/channel\/UCECk0hpRWP6TN-EfA4ER96g\/featured"]}]}},"spectra_custom_meta":{"_sku":["128953"],"_regular_price":["50.42"],"total_sales":["2"],"_tax_status":["taxable"],"_tax_class":[""],"_manage_stock":["yes"],"_backorders":["no"],"_sold_individually":["no"],"_virtual":["no"],"_downloadable":["no"],"_product_image_gallery":["8078,8080,8079"],"_download_limit":["-1"],"_download_expiry":["-1"],"_thumbnail_id":["8077"],"_stock":["0"],"_stock_status":["outofstock"],"_wc_average_rating":["0"],"_wc_review_count":["0"],"_product_version":["8.4.0"],"_price":["50.42"],"_wp_page_template":["default"],"_yoast_wpseo_focuskw":["LED Lampa za nokte"],"_yoast_wpseo_linkdex":["79"],"_yoast_wpseo_content_score":["90"],"_yoast_wpseo_primary_product_cat":["114"],"site-sidebar-layout":["default"],"site-content-layout":[null],"theme-transparent-header-meta":["default"],"stick-header-meta":["default"],"_yoast_wpseo_metadesc":["%%title%% %%sep%% profesionalna lampa za nokte %%sep%% za sve vrste gelova, akrila, trajnih lakova %%sep%% top kvaliteta %%sep%% snaga 72W"],"_woocs_price_geo_countries":[""],"_woocs_regular_price_geo":[""],"_woocs_sale_price_geo":[""],"_yoast_wpseo_estimated-reading-time-minutes":["2"],"cartflows_redirect_flow_id":[""],"cartflows_add_to_cart_text":[""],"_yoast_wpseo_title":["%%title%% %%page%% %%sep%% profesional %%sep%% %%sitename%% %"],"_edit_lock":["1702822929:1239"],"_edit_last":["1239"],"_oembed_3a02210134c1157b9f02a7ed2bb55b8d":["<iframe title=\"LED lamp Sofi 2 - 72W\" width=\"500\" height=\"281\" src=\"https:\/\/www.youtube.com\/embed\/a7zFmlDXT6k?feature=oembed\" frameborder=\"0\" allow=\"accelerometer; autoplay; clipboard-write; encrypted-media; gyroscope; picture-in-picture\" allowfullscreen><\/iframe>"],"_oembed_time_3a02210134c1157b9f02a7ed2bb55b8d":["1628625218"],"_oembed_112acabb968f65faac74dbf9f64d52c6":["<iframe title=\"LED lamp Sofi 2 - 72W\" width=\"898\" height=\"505\" src=\"https:\/\/www.youtube.com\/embed\/a7zFmlDXT6k?feature=oembed\" frameborder=\"0\" allow=\"accelerometer; autoplay; clipboard-write; encrypted-media; gyroscope; picture-in-picture\" allowfullscreen><\/iframe>"],"_oembed_time_112acabb968f65faac74dbf9f64d52c6":["1628625220"],"_oembed_a7f63b0579b12518292a0ff9f562866c":["<iframe title=\"LED lamp Sofi 2 - 72W\" width=\"922\" height=\"519\" src=\"https:\/\/www.youtube.com\/embed\/a7zFmlDXT6k?feature=oembed\" frameborder=\"0\" allow=\"accelerometer; autoplay; clipboard-write; encrypted-media; gyroscope; picture-in-picture\" allowfullscreen><\/iframe>"],"_oembed_time_a7f63b0579b12518292a0ff9f562866c":["1628625240"],"_oembed_3c9f64af28d08e24e34b6ebe7d6fb671":["<iframe title=\"LED lamp Sofi 2 - 72W\" width=\"1200\" height=\"675\" src=\"https:\/\/www.youtube.com\/embed\/a7zFmlDXT6k?feature=oembed\" frameborder=\"0\" allow=\"accelerometer; autoplay; clipboard-write; encrypted-media; gyroscope; picture-in-picture\" allowfullscreen><\/iframe>"],"_oembed_time_3c9f64af28d08e24e34b6ebe7d6fb671":["1628626216"],"_woocs_regular_price_EUR":["50.42"],"_woocs_sale_price_EUR":["-1"],"ast-below-header-display":[null],"footer-adv-display":[null],"adv-header-id-meta":[""],"header-below-stick-meta":[null],"_lowest_price_30_days":["50.42"],"_oembed_4a6ba8289ddf87037528bb0ef231bcee":["<iframe title=\"LED lamp Sofi 2 - 72W\" width=\"500\" height=\"281\" src=\"https:\/\/www.youtube.com\/embed\/a7zFmlDXT6k?feature=oembed\" frameborder=\"0\" allow=\"accelerometer; autoplay; clipboard-write; encrypted-media; gyroscope; picture-in-picture; web-share\" referrerpolicy=\"strict-origin-when-cross-origin\" allowfullscreen><\/iframe>"],"_oembed_time_4a6ba8289ddf87037528bb0ef231bcee":["1717626208"],"uag_migration_processed":["1"],"_elementor_page_assets":["a:0:{}"],"_uag_page_assets":["a:9:{s:3:\"css\";s:0:\"\";s:2:\"js\";s:0:\"\";s:18:\"current_block_list\";a:3:{i:0;s:11:\"core\/search\";i:1;s:18:\"core\/legacy-widget\";i:2;s:27:\"woocommerce\/product-filters\";}s:8:\"uag_flag\";b:0;s:11:\"uag_version\";s:10:\"1776403924\";s:6:\"gfonts\";a:0:{}s:10:\"gfonts_url\";s:0:\"\";s:12:\"gfonts_files\";a:0:{}s:14:\"uag_faq_layout\";b:0;}"]},"uagb_featured_image_src":{"full":["https:\/\/www.meavia-mh.hr\/wp-content\/uploads\/2021\/08\/ezgif.com-gif-maker-256.jpg",1500,1410,false],"thumbnail":["https:\/\/www.meavia-mh.hr\/wp-content\/uploads\/2021\/08\/ezgif.com-gif-maker-256-150x150.jpg",150,150,true],"medium":["https:\/\/www.meavia-mh.hr\/wp-content\/uploads\/2021\/08\/ezgif.com-gif-maker-256-300x282.jpg",300,282,true],"medium_large":["https:\/\/www.meavia-mh.hr\/wp-content\/uploads\/2021\/08\/ezgif.com-gif-maker-256-768x722.jpg",768,722,true],"large":["https:\/\/www.meavia-mh.hr\/wp-content\/uploads\/2021\/08\/ezgif.com-gif-maker-256-1024x963.jpg",1024,963,true],"1536x1536":["https:\/\/www.meavia-mh.hr\/wp-content\/uploads\/2021\/08\/ezgif.com-gif-maker-256.jpg",1500,1410,false],"2048x2048":["https:\/\/www.meavia-mh.hr\/wp-content\/uploads\/2021\/08\/ezgif.com-gif-maker-256.jpg",1500,1410,false],"trp-custom-language-flag":["https:\/\/www.meavia-mh.hr\/wp-content\/uploads\/2021\/08\/ezgif.com-gif-maker-256-13x12.jpg",13,12,true],"woocommerce_thumbnail":["https:\/\/www.meavia-mh.hr\/wp-content\/uploads\/2021\/08\/ezgif.com-gif-maker-256-300x300.jpg",300,300,true],"woocommerce_single":["https:\/\/www.meavia-mh.hr\/wp-content\/uploads\/2021\/08\/ezgif.com-gif-maker-256-600x564.jpg",600,564,true],"woocommerce_gallery_thumbnail":["https:\/\/www.meavia-mh.hr\/wp-content\/uploads\/2021\/08\/ezgif.com-gif-maker-256-100x100.jpg",100,100,true]},"uagb_author_info":{"display_name":"Mea Via","author_link":"https:\/\/www.meavia-mh.hr\/sl\/author\/"},"uagb_comment_info":0,"uagb_excerpt":"Ako prozvod trenutno nije na stanju isporuka je za 7 do 10 radnih dana.","_links":{"self":[{"href":"https:\/\/www.meavia-mh.hr\/sl\/wp-json\/wp\/v2\/product\/8076","targetHints":{"allow":["GET"]}}],"collection":[{"href":"https:\/\/www.meavia-mh.hr\/sl\/wp-json\/wp\/v2\/product"}],"about":[{"href":"https:\/\/www.meavia-mh.hr\/sl\/wp-json\/wp\/v2\/types\/product"}],"replies":[{"embeddable":true,"href":"https:\/\/www.meavia-mh.hr\/sl\/wp-json\/wp\/v2\/comments?post=8076"}],"version-history":[{"count":1,"href":"https:\/\/www.meavia-mh.hr\/sl\/wp-json\/wp\/v2\/product\/8076\/revisions"}],"predecessor-version":[{"id":25088,"href":"https:\/\/www.meavia-mh.hr\/sl\/wp-json\/wp\/v2\/product\/8076\/revisions\/25088"}],"wp:featuredmedia":[{"embeddable":true,"href":"https:\/\/www.meavia-mh.hr\/sl\/wp-json\/wp\/v2\/media\/8077"}],"wp:attachment":[{"href":"https:\/\/www.meavia-mh.hr\/sl\/wp-json\/wp\/v2\/media?parent=8076"}],"wp:term":[{"taxonomy":"product_brand","embeddable":true,"href":"https:\/\/www.meavia-mh.hr\/sl\/wp-json\/wp\/v2\/product_brand?post=8076"},{"taxonomy":"product_cat","embeddable":true,"href":"https:\/\/www.meavia-mh.hr\/sl\/wp-json\/wp\/v2\/product_cat?post=8076"},{"taxonomy":"product_tag","embeddable":true,"href":"https:\/\/www.meavia-mh.hr\/sl\/wp-json\/wp\/v2\/product_tag?post=8076"}],"curies":[{"name":"delovni list","href":"https:\/\/api.w.org\/{rel}","templated":true}]}}