{"id":7887,"date":"2021-07-25T11:45:10","date_gmt":"2021-07-25T11:45:10","guid":{"rendered":"https:\/\/www.meavia-mh.hr\/?post_type=product&#038;p=7887"},"modified":"2026-05-17T08:36:29","modified_gmt":"2026-05-17T07:36:29","slug":"stylistic-turpija-raspa-za-nokte-half-moon-100-180","status":"publish","type":"product","link":"https:\/\/www.meavia-mh.hr\/sl\/product\/stylistic-turpija-raspa-za-nokte-half-moon-100-180\/","title":{"rendered":"Stylistic pilica za nohte half moon 100\/180"},"content":{"rendered":"<p>Stilska pilica (ra\u0161pa) za nohte half moon 100\/180 je zasnovana za u\u010dinkovito in varno \u017eaganje, skraj\u0161anje nohtov ali za predhodno obdelavo nohtov. Dvostranska ra\u0161pica stopnjevanja 100\/180:<\/p>\n<ul>\n<li>100 - groba in ostra ra\u0161pa za popolnoma hitro odstranjevanje in (ali) oblikovanje UV gela<\/li>\n<li>180 - srednje blaga ra\u0161pica za popoln zaklju\u010dek umetnih nohtov ter za skraj\u0161anje nohtov in oblikovanje nohtov<\/li>\n<\/ul>\n<p>Stilisti\u010dna pilica (ra\u0161pa) pufer za nohte Half Moon 100\/180 zagotavlja visoko kakovost. Izdelan je iz najkakovostnej\u0161ega japonskega brusnega papirja, ki zagotavlja njegovo vzdr\u017eljivost in dolgo \u017eivljenjsko dobo ob uporabi. Njegova fleksibilnost zagotavlja dostopnost vseh povr\u0161in na nohtni plo\u0161\u010di, vklju\u010dno z obdelavo ob robu obnohtne ko\u017eice.<\/p>\n<p><strong style=\"font-size: 16px;font-style: normal\">Oblika polmeseca o<\/strong><span style=\"font-size: 16px;font-style: normal\">omogo\u010da enostaven in enostaven dostop do te\u017eko dostopnih mest na nohtu.<\/span><\/p>\n<ul>\n<li>zelo dolgotrajni nohtni ra\u0161pi<\/li>\n<li>dvostranski ra\u0161p gradacije 100\/180<\/li>\n<li>najkakovostnej\u0161i japonski abrazivni premaz<\/li>\n<li>Premium kvaliteta<\/li>\n<li>vse ra\u0161pe je mogo\u010de razku\u017eiti<\/li>\n<li>proizvedeni v EU<\/li>\n<\/ul>\n<h6>Pakiranje: 1 kos<\/h6>\n<h6><strong>Katero pilico za nohte izbrati?<\/strong><\/h6>\n<div>Pri izbiri datoteke ni pomembna barva, temve\u010d kakovost in koli\u010dina peska (oznake drobnosti zrn).<\/div>\n<div>Manj\u0161e oznake na razpr\u0161ilniku, npr. 80\/100, pomenijo, da so zrna pilice bolj groba, ve\u010dje oznake na datotekah, npr. 180\/240, pa, da so zrna datoteke bolj drobna. Manj\u0161a kot je oznaka, groba in ostrej\u0161a je datoteka, ve\u010dja je oznaka na datoteki, drobnej\u0161a in mehkej\u0161a je datoteka. Nekatere datoteke imajo me\u0161ane oznake, npr. 80\/100 ali 120\/180, 180\/240 ... To pomeni, na primer za 180\/240, da ima ena stran 180 peska, druga stran pa 240 peska.<\/div>\n<ul>\n<li>80\/80 - razpr\u0161ilec za nohte je v glavnem namenjen tro\u0161enju umetnega materiala z nohtov (odstranjevanje konic). Ima veliko trenje in odstranjuje ve\u010dje povr\u0161ine materiala z nohta.<\/li>\n<li>100\/100 - razpr\u0161ilec za nohte s tak\u0161no kroglico je namenjen predvsem razmazovanju umetnega materiala z nohtov (odstranjevanje konic).<\/li>\n<li>100\/180 - klasi\u010dna gradacija ra\u0161pov je namenjena osnovnemu laj\u0161anju nohtov.<\/li>\n<li>180\/240 - pilica za nohte s tak\u0161no kroglico je namenjena glajenju (matiranju) naravne nohtne plo\u0161\u010de, ob\u010dutljivim naravnim nohtom in kon\u010dnemu oblikovanju akrilnih ali geliranih nohtov.<\/li>\n<\/ul>","protected":false},"excerpt":{"rendered":"<p>Stylistic turpija (ra\u0161pa) za nokte half moon 100\/180 dizajnirana je za u\u010dinkovito i sigurno piljenje, skra\u0107ivanje noktiju ili za predtretman noktiju. Dvostrana ra\u0161pa gradacije 100\/180: 100 \u2013 gruba ra\u0161pa i o\u0161tra za savr\u0161eno brzo skidanje i(li) oblikovanje uv gela 180 \u2013 srednje blaga ra\u0161pa za savr\u0161enu zavr\u0161nu obradu umjetnog nokta i za skra\u0107ivanje nokta te [&hellip;]<\/p>\n","protected":false},"featured_media":7888,"comment_status":"open","ping_status":"closed","template":"","meta":{"_uag_custom_page_level_css":"","site-sidebar-layout":"default","site-content-layout":"default","ast-site-content-layout":"default","site-content-style":"default","site-sidebar-style":"default","ast-global-header-display":"","ast-banner-title-visibility":"","ast-main-header-display":"","ast-hfb-above-header-display":"","ast-hfb-below-header-display":"","ast-hfb-mobile-header-display":"","site-post-title":"","ast-breadcrumbs-content":"","ast-featured-img":"","footer-sml-layout":"","ast-disable-related-posts":"","theme-transparent-header-meta":"default","adv-header-id-meta":"","stick-header-meta":"default","header-above-stick-meta":"","header-main-stick-meta":"","header-below-stick-meta":null,"astra-migrate-meta-layouts":"default","ast-page-background-enabled":"default","ast-page-background-meta":{"desktop":{"background-color":"var(--ast-global-color-4)","background-image":"","background-repeat":"repeat","background-position":"center center","background-size":"auto","background-attachment":"scroll","background-type":"","background-media":"","overlay-type":"","overlay-color":"","overlay-opacity":"","overlay-gradient":""},"tablet":{"background-color":"","background-image":"","background-repeat":"repeat","background-position":"center center","background-size":"auto","background-attachment":"scroll","background-type":"","background-media":"","overlay-type":"","overlay-color":"","overlay-opacity":"","overlay-gradient":""},"mobile":{"background-color":"","background-image":"","background-repeat":"repeat","background-position":"center center","background-size":"auto","background-attachment":"scroll","background-type":"","background-media":"","overlay-type":"","overlay-color":"","overlay-opacity":"","overlay-gradient":""}},"ast-content-background-meta":{"desktop":{"background-color":"var(--ast-global-color-5)","background-image":"","background-repeat":"repeat","background-position":"center center","background-size":"auto","background-attachment":"scroll","background-type":"","background-media":"","overlay-type":"","overlay-color":"","overlay-opacity":"","overlay-gradient":""},"tablet":{"background-color":"var(--ast-global-color-5)","background-image":"","background-repeat":"repeat","background-position":"center center","background-size":"auto","background-attachment":"scroll","background-type":"","background-media":"","overlay-type":"","overlay-color":"","overlay-opacity":"","overlay-gradient":""},"mobile":{"background-color":"var(--ast-global-color-5)","background-image":"","background-repeat":"repeat","background-position":"center center","background-size":"auto","background-attachment":"scroll","background-type":"","background-media":"","overlay-type":"","overlay-color":"","overlay-opacity":"","overlay-gradient":""}}},"product_brand":[],"product_cat":[113],"product_tag":[290,196,197],"class_list":{"0":"post-7887","1":"product","2":"type-product","3":"status-publish","4":"has-post-thumbnail","6":"product_cat-raspe","7":"product_tag-half-moon","8":"product_tag-raspa","9":"product_tag-turpija","10":"desktop-align-left","11":"tablet-align-left","12":"mobile-align-left","13":"ast-product-gallery-layout-horizontal-slider","14":"ast-product-tabs-layout-horizontal","16":"first","17":"instock","18":"taxable","19":"shipping-taxable","20":"purchasable","21":"product-type-simple"},"yoast_head":"<!-- This site is optimized with the Yoast SEO plugin v27.6 - https:\/\/yoast.com\/product\/yoast-seo-wordpress\/ -->\n<title>Stylistic turpija (ra\u0161pa) za nokte half moon 100\/180 &#8902; Mea Via Beauty<\/title>\n<meta name=\"description\" content=\"japanski papir &#8902; top kvaliteta &#8902; dugotrajna &#8902; jednostavna obrada nokta &#8902; ra\u0161pa za manikuru &#8902; turpija za trajni lak &#8902; ra\u0161pa za nokte &#8902;\" \/>\n<meta name=\"robots\" content=\"index, follow, max-snippet:-1, max-image-preview:large, max-video-preview:-1\" \/>\n<link rel=\"canonical\" href=\"https:\/\/www.meavia-mh.hr\/sl\/product\/stylistic-turpija-raspa-za-nokte-half-moon-100-180\/\" \/>\n<meta property=\"og:locale\" content=\"sl_SI\" \/>\n<meta property=\"og:type\" content=\"article\" \/>\n<meta property=\"og:title\" content=\"Stylistic turpija (ra\u0161pa) za nokte half moon 100\/180 &#8902; Mea Via Beauty\" \/>\n<meta property=\"og:description\" content=\"japanski papir &#8902; top kvaliteta &#8902; dugotrajna &#8902; jednostavna obrada nokta &#8902; ra\u0161pa za manikuru &#8902; turpija za trajni lak &#8902; ra\u0161pa za nokte &#8902;\" \/>\n<meta property=\"og:url\" content=\"https:\/\/www.meavia-mh.hr\/sl\/product\/stylistic-turpija-raspa-za-nokte-half-moon-100-180\/\" \/>\n<meta property=\"og:site_name\" content=\"Mea Via Beauty\" \/>\n<meta property=\"article:publisher\" content=\"https:\/\/www.facebook.com\/MeaViaNailsWorld\" \/>\n<meta property=\"article:modified_time\" content=\"2026-05-17T07:36:29+00:00\" \/>\n<meta property=\"og:image\" content=\"https:\/\/www.meavia-mh.hr\/wp-content\/uploads\/2021\/07\/ezgif.com-gif-maker-213.jpg\" \/>\n\t<meta property=\"og:image:width\" content=\"1010\" \/>\n\t<meta property=\"og:image:height\" content=\"1006\" \/>\n\t<meta property=\"og:image:type\" content=\"image\/jpeg\" \/>\n<meta name=\"twitter:card\" content=\"summary_large_image\" \/>\n<meta name=\"twitter:label1\" content=\"Est. reading time\" \/>\n\t<meta name=\"twitter:data1\" content=\"2 minuti\" \/>\n<script type=\"application\/ld+json\" class=\"yoast-schema-graph\">{\"@context\":\"https:\\\/\\\/schema.org\",\"@graph\":[{\"@type\":\"WebPage\",\"@id\":\"https:\\\/\\\/www.meavia-mh.hr\\\/product\\\/stylistic-turpija-raspa-za-nokte-half-moon-100-180\\\/\",\"url\":\"https:\\\/\\\/www.meavia-mh.hr\\\/product\\\/stylistic-turpija-raspa-za-nokte-half-moon-100-180\\\/\",\"name\":\"Stylistic turpija (ra\u0161pa) za nokte half moon 100\\\/180 &#8902; Mea Via Beauty\",\"isPartOf\":{\"@id\":\"https:\\\/\\\/meavia-mh.hr\\\/sl\\\/#website\"},\"primaryImageOfPage\":{\"@id\":\"https:\\\/\\\/www.meavia-mh.hr\\\/product\\\/stylistic-turpija-raspa-za-nokte-half-moon-100-180\\\/#primaryimage\"},\"image\":{\"@id\":\"https:\\\/\\\/www.meavia-mh.hr\\\/product\\\/stylistic-turpija-raspa-za-nokte-half-moon-100-180\\\/#primaryimage\"},\"thumbnailUrl\":\"https:\\\/\\\/www.meavia-mh.hr\\\/wp-content\\\/uploads\\\/2021\\\/07\\\/ezgif.com-gif-maker-213.jpg\",\"datePublished\":\"2021-07-25T11:45:10+00:00\",\"dateModified\":\"2026-05-17T07:36:29+00:00\",\"description\":\"japanski papir &#8902; top kvaliteta &#8902; dugotrajna &#8902; jednostavna obrada nokta &#8902; ra\u0161pa za manikuru &#8902; turpija za trajni lak &#8902; ra\u0161pa za nokte &#8902;\",\"breadcrumb\":{\"@id\":\"https:\\\/\\\/www.meavia-mh.hr\\\/product\\\/stylistic-turpija-raspa-za-nokte-half-moon-100-180\\\/#breadcrumb\"},\"inLanguage\":\"sl-SI\",\"potentialAction\":[{\"@type\":\"ReadAction\",\"target\":[\"https:\\\/\\\/www.meavia-mh.hr\\\/product\\\/stylistic-turpija-raspa-za-nokte-half-moon-100-180\\\/\"]}]},{\"@type\":\"ImageObject\",\"inLanguage\":\"sl-SI\",\"@id\":\"https:\\\/\\\/www.meavia-mh.hr\\\/product\\\/stylistic-turpija-raspa-za-nokte-half-moon-100-180\\\/#primaryimage\",\"url\":\"https:\\\/\\\/www.meavia-mh.hr\\\/wp-content\\\/uploads\\\/2021\\\/07\\\/ezgif.com-gif-maker-213.jpg\",\"contentUrl\":\"https:\\\/\\\/www.meavia-mh.hr\\\/wp-content\\\/uploads\\\/2021\\\/07\\\/ezgif.com-gif-maker-213.jpg\",\"width\":1010,\"height\":1006,\"caption\":\"Stylistic turpija (ra\u0161pa) za nokte half moon 100\\\/180\"},{\"@type\":\"BreadcrumbList\",\"@id\":\"https:\\\/\\\/www.meavia-mh.hr\\\/product\\\/stylistic-turpija-raspa-za-nokte-half-moon-100-180\\\/#breadcrumb\",\"itemListElement\":[{\"@type\":\"ListItem\",\"position\":1,\"name\":\"Po\u010detna stranica\",\"item\":\"https:\\\/\\\/www.meavia-mh.hr\\\/\"},{\"@type\":\"ListItem\",\"position\":2,\"name\":\"Trgovina\",\"item\":\"https:\\\/\\\/meavia-mh.hr\\\/sl\\\/store\\\/\"},{\"@type\":\"ListItem\",\"position\":3,\"name\":\"Stylistic turpija (ra\u0161pa) za nokte half moon 100\\\/180\"}]},{\"@type\":\"WebSite\",\"@id\":\"https:\\\/\\\/meavia-mh.hr\\\/sl\\\/#website\",\"url\":\"https:\\\/\\\/meavia-mh.hr\\\/sl\\\/\",\"name\":\"Mea Via Beauty\",\"description\":\"Only The Best For Your Beauty\",\"publisher\":{\"@id\":\"https:\\\/\\\/meavia-mh.hr\\\/sl\\\/#organization\"},\"alternateName\":\"Mea Via Nails\",\"potentialAction\":[{\"@type\":\"SearchAction\",\"target\":{\"@type\":\"EntryPoint\",\"urlTemplate\":\"https:\\\/\\\/meavia-mh.hr\\\/sl\\\/?s={search_term_string}\"},\"query-input\":{\"@type\":\"PropertyValueSpecification\",\"valueRequired\":true,\"valueName\":\"search_term_string\"}}],\"inLanguage\":\"sl-SI\"},{\"@type\":\"Organization\",\"@id\":\"https:\\\/\\\/meavia-mh.hr\\\/sl\\\/#organization\",\"name\":\"Mea Via Nails World\",\"alternateName\":\"Mea Via\",\"url\":\"https:\\\/\\\/meavia-mh.hr\\\/sl\\\/\",\"logo\":{\"@type\":\"ImageObject\",\"inLanguage\":\"sl-SI\",\"@id\":\"https:\\\/\\\/meavia-mh.hr\\\/sl\\\/#\\\/schema\\\/logo\\\/image\\\/\",\"url\":\"https:\\\/\\\/www.meavia-mh.hr\\\/wp-content\\\/uploads\\\/2020\\\/12\\\/Mea-Via.png\",\"contentUrl\":\"https:\\\/\\\/www.meavia-mh.hr\\\/wp-content\\\/uploads\\\/2020\\\/12\\\/Mea-Via.png\",\"width\":1181,\"height\":393,\"caption\":\"Mea Via Nails World\"},\"image\":{\"@id\":\"https:\\\/\\\/meavia-mh.hr\\\/sl\\\/#\\\/schema\\\/logo\\\/image\\\/\"},\"sameAs\":[\"https:\\\/\\\/www.facebook.com\\\/MeaViaNailsWorld\",\"https:\\\/\\\/www.instagram.com\\\/mea_via_nails_world\\\/\",\"https:\\\/\\\/www.youtube.com\\\/channel\\\/UCECk0hpRWP6TN-EfA4ER96g\\\/featured\"]}]}<\/script>\n<!-- \/ Yoast SEO plugin. -->","yoast_head_json":{"title":"Stylistic turpija (ra\u0161pa) za nokte half moon 100\/180 &#8902; Mea Via Beauty","description":"Japonski papir \u22c6 vrhunska kakovost \u22c6 dolgo obstojen \u22c6 preprosta nega nohtov \u22c6 pilica za manikuro \u22c6 pilica za permanentni lak za nohte \u22c6 pilica za nohte \u22c6","robots":{"index":"index","follow":"follow","max-snippet":"max-snippet:-1","max-image-preview":"max-image-preview:large","max-video-preview":"max-video-preview:-1"},"canonical":"https:\/\/www.meavia-mh.hr\/sl\/product\/stylistic-turpija-raspa-za-nokte-half-moon-100-180\/","og_locale":"sl_SI","og_type":"article","og_title":"Stylistic turpija (ra\u0161pa) za nokte half moon 100\/180 &#8902; Mea Via Beauty","og_description":"japanski papir &#8902; top kvaliteta &#8902; dugotrajna &#8902; jednostavna obrada nokta &#8902; ra\u0161pa za manikuru &#8902; turpija za trajni lak &#8902; ra\u0161pa za nokte &#8902;","og_url":"https:\/\/www.meavia-mh.hr\/sl\/product\/stylistic-turpija-raspa-za-nokte-half-moon-100-180\/","og_site_name":"Mea Via Beauty","article_publisher":"https:\/\/www.facebook.com\/MeaViaNailsWorld","article_modified_time":"2026-05-17T07:36:29+00:00","og_image":[{"width":1010,"height":1006,"url":"https:\/\/www.meavia-mh.hr\/wp-content\/uploads\/2021\/07\/ezgif.com-gif-maker-213.jpg","type":"image\/jpeg"}],"twitter_card":"summary_large_image","twitter_misc":{"Est. reading time":"2 minuti"},"schema":{"@context":"https:\/\/schema.org","@graph":[{"@type":"WebPage","@id":"https:\/\/www.meavia-mh.hr\/product\/stylistic-turpija-raspa-za-nokte-half-moon-100-180\/","url":"https:\/\/www.meavia-mh.hr\/product\/stylistic-turpija-raspa-za-nokte-half-moon-100-180\/","name":"Stylistic turpija (ra\u0161pa) za nokte half moon 100\/180 &#8902; Mea Via Beauty","isPartOf":{"@id":"https:\/\/meavia-mh.hr\/sl\/#website"},"primaryImageOfPage":{"@id":"https:\/\/www.meavia-mh.hr\/product\/stylistic-turpija-raspa-za-nokte-half-moon-100-180\/#primaryimage"},"image":{"@id":"https:\/\/www.meavia-mh.hr\/product\/stylistic-turpija-raspa-za-nokte-half-moon-100-180\/#primaryimage"},"thumbnailUrl":"https:\/\/www.meavia-mh.hr\/wp-content\/uploads\/2021\/07\/ezgif.com-gif-maker-213.jpg","datePublished":"2021-07-25T11:45:10+00:00","dateModified":"2026-05-17T07:36:29+00:00","description":"Japonski papir \u22c6 vrhunska kakovost \u22c6 dolgo obstojen \u22c6 preprosta nega nohtov \u22c6 pilica za manikuro \u22c6 pilica za permanentni lak za nohte \u22c6 pilica za nohte \u22c6","breadcrumb":{"@id":"https:\/\/www.meavia-mh.hr\/product\/stylistic-turpija-raspa-za-nokte-half-moon-100-180\/#breadcrumb"},"inLanguage":"sl-SI","potentialAction":[{"@type":"ReadAction","target":["https:\/\/www.meavia-mh.hr\/product\/stylistic-turpija-raspa-za-nokte-half-moon-100-180\/"]}]},{"@type":"ImageObject","inLanguage":"sl-SI","@id":"https:\/\/www.meavia-mh.hr\/product\/stylistic-turpija-raspa-za-nokte-half-moon-100-180\/#primaryimage","url":"https:\/\/www.meavia-mh.hr\/wp-content\/uploads\/2021\/07\/ezgif.com-gif-maker-213.jpg","contentUrl":"https:\/\/www.meavia-mh.hr\/wp-content\/uploads\/2021\/07\/ezgif.com-gif-maker-213.jpg","width":1010,"height":1006,"caption":"Stylistic turpija (ra\u0161pa) za nokte half moon 100\/180"},{"@type":"BreadcrumbList","@id":"https:\/\/www.meavia-mh.hr\/product\/stylistic-turpija-raspa-za-nokte-half-moon-100-180\/#breadcrumb","itemListElement":[{"@type":"ListItem","position":1,"name":"Po\u010detna stranica","item":"https:\/\/www.meavia-mh.hr\/"},{"@type":"ListItem","position":2,"name":"Trgovina","item":"https:\/\/meavia-mh.hr\/sl\/store\/"},{"@type":"ListItem","position":3,"name":"Stylistic turpija (ra\u0161pa) za nokte half moon 100\/180"}]},{"@type":"WebSite","@id":"https:\/\/meavia-mh.hr\/sl\/#website","url":"https:\/\/meavia-mh.hr\/sl\/","name":"MEA VIA BEAUTY","description":"Only The Best For Your Beauty","publisher":{"@id":"https:\/\/meavia-mh.hr\/sl\/#organization"},"alternateName":"Mea Via Nails","potentialAction":[{"@type":"SearchAction","target":{"@type":"EntryPoint","urlTemplate":"https:\/\/meavia-mh.hr\/sl\/?s={search_term_string}"},"query-input":{"@type":"PropertyValueSpecification","valueRequired":true,"valueName":"search_term_string"}}],"inLanguage":"sl-SI"},{"@type":"Organization","@id":"https:\/\/meavia-mh.hr\/sl\/#organization","name":"Mea Via Nails World","alternateName":"Mea Via","url":"https:\/\/meavia-mh.hr\/sl\/","logo":{"@type":"ImageObject","inLanguage":"sl-SI","@id":"https:\/\/meavia-mh.hr\/sl\/#\/schema\/logo\/image\/","url":"https:\/\/www.meavia-mh.hr\/wp-content\/uploads\/2020\/12\/Mea-Via.png","contentUrl":"https:\/\/www.meavia-mh.hr\/wp-content\/uploads\/2020\/12\/Mea-Via.png","width":1181,"height":393,"caption":"Mea Via Nails World"},"image":{"@id":"https:\/\/meavia-mh.hr\/sl\/#\/schema\/logo\/image\/"},"sameAs":["https:\/\/www.facebook.com\/MeaViaNailsWorld","https:\/\/www.instagram.com\/mea_via_nails_world\/","https:\/\/www.youtube.com\/channel\/UCECk0hpRWP6TN-EfA4ER96g\/featured"]}]}},"spectra_custom_meta":{"_sku":["ST-PIL-LDK-1018-001"],"_regular_price":["1.06"],"total_sales":["230"],"_tax_status":["taxable"],"_tax_class":[""],"_manage_stock":["yes"],"_backorders":["no"],"_sold_individually":["no"],"_virtual":["no"],"_downloadable":["no"],"_product_image_gallery":["7891,7890,7889"],"_download_limit":["-1"],"_download_expiry":["-1"],"_thumbnail_id":["7888"],"_stock":["63"],"_stock_status":["instock"],"_wc_average_rating":["0"],"_wc_review_count":["0"],"_product_version":["10.7.0"],"_price":["1.06"],"_wp_page_template":["default"],"_yoast_wpseo_focuskw":["Stylistic turpija (ra\u0161pa) za nokte half moon 100\/180"],"_yoast_wpseo_metadesc":["japanski papir %%sep%% top kvaliteta %%sep%% dugotrajna %%sep%% jednostavna obrada nokta %%sep%% ra\u0161pa za manikuru %%sep%% turpija za trajni lak %%sep%% ra\u0161pa za nokte %%sep%%"],"_yoast_wpseo_linkdex":["71"],"_yoast_wpseo_content_score":["90"],"site-sidebar-layout":["default"],"site-content-layout":["default"],"theme-transparent-header-meta":["default"],"stick-header-meta":["default"],"_yoast_wpseo_primary_product_cat":["113"],"_yoast_wpseo_estimated-reading-time-minutes":["2"],"_woocs_price_geo_countries":[""],"_woocs_regular_price_geo":[""],"_woocs_sale_price_geo":[""],"cartflows_redirect_flow_id":[""],"cartflows_add_to_cart_text":[""],"_edit_lock":["1631006466:1"],"_edit_last":["1"],"_woocs_regular_price_EUR":["1.06"],"_woocs_sale_price_EUR":["-1"],"ast-below-header-display":[null],"footer-adv-display":[null],"adv-header-id-meta":[""],"header-below-stick-meta":[null],"uag_migration_processed":["1"],"_last_change_time":["1777779539"],"_elementor_page_assets":["a:0:{}"],"_uag_page_assets":["a:9:{s:3:\"css\";s:0:\"\";s:2:\"js\";s:0:\"\";s:18:\"current_block_list\";a:3:{i:0;s:11:\"core\/search\";i:1;s:18:\"core\/legacy-widget\";i:2;s:27:\"woocommerce\/product-filters\";}s:8:\"uag_flag\";b:0;s:11:\"uag_version\";s:10:\"1779012788\";s:6:\"gfonts\";a:0:{}s:10:\"gfonts_url\";s:0:\"\";s:12:\"gfonts_files\";a:0:{}s:14:\"uag_faq_layout\";b:0;}"]},"uagb_featured_image_src":{"full":["https:\/\/www.meavia-mh.hr\/wp-content\/uploads\/2021\/07\/ezgif.com-gif-maker-213.jpg",1010,1006,false],"thumbnail":["https:\/\/www.meavia-mh.hr\/wp-content\/uploads\/2021\/07\/ezgif.com-gif-maker-213-150x150.jpg",150,150,true],"medium":["https:\/\/www.meavia-mh.hr\/wp-content\/uploads\/2021\/07\/ezgif.com-gif-maker-213-300x300.jpg",300,300,true],"medium_large":["https:\/\/www.meavia-mh.hr\/wp-content\/uploads\/2021\/07\/ezgif.com-gif-maker-213-768x765.jpg",768,765,true],"large":["https:\/\/www.meavia-mh.hr\/wp-content\/uploads\/2021\/07\/ezgif.com-gif-maker-213.jpg",1010,1006,false],"1536x1536":["https:\/\/www.meavia-mh.hr\/wp-content\/uploads\/2021\/07\/ezgif.com-gif-maker-213.jpg",1010,1006,false],"2048x2048":["https:\/\/www.meavia-mh.hr\/wp-content\/uploads\/2021\/07\/ezgif.com-gif-maker-213.jpg",1010,1006,false],"trp-custom-language-flag":["https:\/\/www.meavia-mh.hr\/wp-content\/uploads\/2021\/07\/ezgif.com-gif-maker-213-12x12.jpg",12,12,true],"woocommerce_thumbnail":["https:\/\/www.meavia-mh.hr\/wp-content\/uploads\/2021\/07\/ezgif.com-gif-maker-213-300x300.jpg",300,300,true],"woocommerce_single":["https:\/\/www.meavia-mh.hr\/wp-content\/uploads\/2021\/07\/ezgif.com-gif-maker-213-600x598.jpg",600,598,true],"woocommerce_gallery_thumbnail":["https:\/\/www.meavia-mh.hr\/wp-content\/uploads\/2021\/07\/ezgif.com-gif-maker-213-100x100.jpg",100,100,true]},"uagb_author_info":{"display_name":"Mea Via","author_link":"https:\/\/www.meavia-mh.hr\/sl\/author\/"},"uagb_comment_info":0,"uagb_excerpt":"Stylistic turpija (ra\u0161pa) za nokte half moon 100\/180 dizajnirana je za u\u010dinkovito i sigurno piljenje, skra\u0107ivanje noktiju ili za predtretman noktiju. Dvostrana ra\u0161pa gradacije 100\/180: 100 \u2013 gruba ra\u0161pa i o\u0161tra za savr\u0161eno brzo skidanje i(li) oblikovanje uv gela 180 \u2013 srednje blaga ra\u0161pa za savr\u0161enu zavr\u0161nu obradu umjetnog nokta i za skra\u0107ivanje nokta te&hellip;","_links":{"self":[{"href":"https:\/\/www.meavia-mh.hr\/sl\/wp-json\/wp\/v2\/product\/7887","targetHints":{"allow":["GET"]}}],"collection":[{"href":"https:\/\/www.meavia-mh.hr\/sl\/wp-json\/wp\/v2\/product"}],"about":[{"href":"https:\/\/www.meavia-mh.hr\/sl\/wp-json\/wp\/v2\/types\/product"}],"replies":[{"embeddable":true,"href":"https:\/\/www.meavia-mh.hr\/sl\/wp-json\/wp\/v2\/comments?post=7887"}],"version-history":[{"count":1,"href":"https:\/\/www.meavia-mh.hr\/sl\/wp-json\/wp\/v2\/product\/7887\/revisions"}],"predecessor-version":[{"id":31204,"href":"https:\/\/www.meavia-mh.hr\/sl\/wp-json\/wp\/v2\/product\/7887\/revisions\/31204"}],"wp:featuredmedia":[{"embeddable":true,"href":"https:\/\/www.meavia-mh.hr\/sl\/wp-json\/wp\/v2\/media\/7888"}],"wp:attachment":[{"href":"https:\/\/www.meavia-mh.hr\/sl\/wp-json\/wp\/v2\/media?parent=7887"}],"wp:term":[{"taxonomy":"product_brand","embeddable":true,"href":"https:\/\/www.meavia-mh.hr\/sl\/wp-json\/wp\/v2\/product_brand?post=7887"},{"taxonomy":"product_cat","embeddable":true,"href":"https:\/\/www.meavia-mh.hr\/sl\/wp-json\/wp\/v2\/product_cat?post=7887"},{"taxonomy":"product_tag","embeddable":true,"href":"https:\/\/www.meavia-mh.hr\/sl\/wp-json\/wp\/v2\/product_tag?post=7887"}],"curies":[{"name":"delovni list","href":"https:\/\/api.w.org\/{rel}","templated":true}]}}