{"id":7415,"date":"2021-06-13T10:41:06","date_gmt":"2021-06-13T10:41:06","guid":{"rendered":"https:\/\/www.meavia-mh.hr\/?post_type=product&#038;p=7415"},"modified":"2024-07-05T15:48:19","modified_gmt":"2024-07-05T15:48:19","slug":"brusilica-za-nokte-hbs-402-60w-red","status":"publish","type":"product","link":"https:\/\/www.meavia-mh.hr\/sl\/product\/brusilica-za-nokte-hbs-402-60w-red\/","title":{"rendered":"Brusilnik za nohte HBS-402, 60W Rde\u010da"},"content":{"rendered":"<p>Brusilnik za nohte HBS-402, mo\u010d 60W - je zelo zmogljiv brusilnik za profesionalno in doma\u010do uporabo. Uporablja se lahko za manikuro ali pedikuro. Ve\u010dnamenska naprava, ki vam omogo\u010da, da svojim nohtom daste obliko va\u0161ih sanj, odli\u010dno pripravite nohtno plo\u0161\u010do za naslednje oblikovanje, popolnoma odstranite ko\u017eico za kombinirano manikuro, pedikura pa postane neverjetno preprosta in hitra. Ta naprava za nego in bru\u0161enje nohtov omogo\u010da hitro in u\u010dinkovito odstranjevanje nohtov <a href=\"https:\/\/www.meavia-mh.hr\/sl\/product\/palu-gel-polish-trajni-lak-tokyo-green-gr3-11-ml\/\">trajni lak<\/a>, <a href=\"https:\/\/www.meavia-mh.hr\/sl\/product\/palu-gradivni-gel-clear-50-ml\/\">gradivni gel<\/a>, <a href=\"https:\/\/www.meavia-mh.hr\/sl\/product\/palu-flexi-acryl-gel-peach-3-30-ml\/\">Akrilni gel<\/a> in lak za nohte - naravni in umetni.<\/p>\n<p>Zahvaljujo\u010d svoji 60 W mo\u010di mlin ne izgubi vrtenja tudi v te\u017ekih pogojih. V kompletu so poleg telesa brusilnika in glave \u0161e no\u017eni pedal, ki bo omogo\u010dal priro\u010dno delo, silikonsko stojalo, ki omogo\u010da spu\u0161\u010danje glave med delom in ro\u010daj, ki se nahaja na vrhu rezkalnega stroja s silikonskimi blazinicami. . Brusilnik in stopalka pod njim imata nedrse\u010de blazinice, ki dodatno \u0161\u010ditijo pred zdrsom.<\/p>\n<p>Privla\u010dna rde\u010da barva brusilnika bo kot nala\u0161\u010d za vsako notranjost.<\/p>\n<p><strong>Dva na\u010dina dela<\/strong> - z napravo lahko upravljate ro\u010dno ali no\u017eno - s stikalom izberite enega od na\u010dinov (roko \/ nogo). Vrtenja lahko ro\u010dno prilagodite z gumbi na napravi.<\/p>\n<p>Enostaven in popoln nadzor hitrosti v obmo\u010dju od 0 do <strong>35.000 vrt.\/min<\/strong><\/p>\n<p>Z brusilnikom za manikuro HBS-402 boste tudi dobili <strong>komplet 60 nastavkov (vrtalnikov) in 100 abrazivnih abrazivnih kapic<\/strong>, kot je prikazano na fotografiji - kar vam bo pomagalo pri hitrej\u0161em in la\u017ejem delu. V kompletu je komplet 36 diamantnih podalj\u0161kov, 12 kerami\u010dnih podalj\u0161kov in komplet 12 podalj\u0161kov iz filca. Ti nastavki so kot nala\u0161\u010d za odstranjevanje hibridnega laka, gela ali akrila, za odstranjevanje obnohtne ko\u017eice in bru\u0161enje nohtov, \u010di\u0161\u010denje nohtov od spodaj itd. Dodatno je v kompletu vklju\u010denih 100 kapic, ki zagotavljajo higieno 100% med posegi.<\/p>\n<p>Glava TWIST-LOCK omogo\u010da enostavno menjavo brusilnega nastavka (svedra) naenkrat, brez nerodnih gumbov ali vretena, zato je idealna za delo, saj ni treba uporabljati sile.<\/p>\n<p>Ima dve smeri vrtenja in je namenjen levi\u010darjem in desni\u010darjem nohtov.<\/p>\n<h6><strong>Komplet vklju\u010duje:<\/strong><\/h6>\n<ul>\n<li>glava brusilke<\/li>\n<li>stojalo za mlin\u010dek z napajalnim kablom<\/li>\n<li>no\u017eni pedal<\/li>\n<li>silikonsko stojalo za brusilno glavo<\/li>\n<li>navodila<\/li>\n<li>set svedrov:\n<ul>\n<li>komplet 6 diamantnih svedrov z abrazivnimi kapicami<\/li>\n<li>komplet 12 kerami\u010dnih svedrov<\/li>\n<li>komplet 30 diamantnih svedrov<\/li>\n<li>set 12 svedrov iz filca za poliranje naravnih in umetnih nohtov<\/li>\n<li>100 x abrazivna kapica za pedikuro in manikuro<\/li>\n<\/ul>\n<\/li>\n<\/ul>\n<h6>Oglejte si tudi video navodila za delo z mlin\u010dkom:<\/h6>\n<div class=\"ast-oembed-container\" style=\"height: 100%;\"><iframe title=\"Brusilnik za nohte\" width=\"500\" height=\"281\" src=\"https:\/\/www.youtube.com\/embed\/AkkW1oVliqs?feature=oembed\" frameborder=\"0\" allow=\"accelerometer; autoplay; clipboard-write; encrypted-media; gyroscope; picture-in-picture; web-share\" referrerpolicy=\"strict-origin-when-cross-origin\" allowfullscreen><\/iframe><\/div>\n<h6><strong>Tehni\u010dni podatki brusilnika za nohte HBS-402:<\/strong><\/h6>\n<ul>\n<li>mo\u010d: 60W<\/li>\n<li>napajanje: 220-230V \/ 50-60Hz<\/li>\n<li>ergonomska oblika<\/li>\n<li>vrtenje: desno \/ levo<\/li>\n<li>stikalo in nadzor mo\u010di \/ osnovne hitrosti<\/li>\n<li>najve\u010dja hitrost do 35.000 vrt.\/min<\/li>\n<li>premer rezalnika 2,35 mm (standardno)<\/li>\n<li class=\"tw-data-text tw-text-large XcVN5d tw-ta\" dir=\"ltr\" data-placeholder=\"Prijevod\"><span lang=\"hr\">Za\u0161\u010dita pred pregrevanjem: da<\/span><\/li>\n<li>Ro\u010daj TWIST-LOCK (zamenjajte sveder v enem obratu!)<\/li>\n<li>dimenzije (dol\u017eina: 15,5 cm \/ \u0161irina: 12 cm \/ vi\u0161ina: 8 cm)<\/li>\n<li>dol\u017eina kabla: 100 cm<\/li>\n<li>te\u017ea mlin\u010dka: 610 g<\/li>\n<li>te\u017ea: 1,1 kg<\/li>\n<li>te\u017ea pakiranja: 1,25 kg<\/li>\n<\/ul>\n<p><strong>Garancija: 12 mesecev<\/strong><\/p>","protected":false},"excerpt":{"rendered":"<p>Brusilica za nokte HBS-402, ja\u010dine 60W\u00a0&#8211; vrlo je sna\u017ena brusilica za profesionalnu i za ku\u0107nu upotrebu.\u00a0Mo\u017ee se koristiti za manikuru ili pedikuru.\u00a0Vi\u0161enamjenski ure\u0111aj koji vam omogu\u0107uje da noktima date oblik iz snova, savr\u0161eno pripremite plo\u010dicu nokta za sljede\u0107i styling, savr\u0161eno uklonite ko\u017eicu za kombiniranu manikuru, a pedikura postaje nevjerovatno jednostavna i brza. Ovaj ure\u0111aj za [&hellip;]<\/p>\n","protected":false},"featured_media":7419,"comment_status":"closed","ping_status":"closed","template":"","meta":{"_uag_custom_page_level_css":"","site-sidebar-layout":"default","site-content-layout":null,"ast-site-content-layout":"default","site-content-style":"default","site-sidebar-style":"default","ast-global-header-display":"","ast-banner-title-visibility":"","ast-main-header-display":"","ast-hfb-above-header-display":"","ast-hfb-below-header-display":"","ast-hfb-mobile-header-display":"","site-post-title":"","ast-breadcrumbs-content":"","ast-featured-img":"","footer-sml-layout":"","ast-disable-related-posts":"","theme-transparent-header-meta":"default","adv-header-id-meta":"","stick-header-meta":"default","header-above-stick-meta":"","header-main-stick-meta":"","header-below-stick-meta":"","astra-migrate-meta-layouts":"default","ast-page-background-enabled":"default","ast-page-background-meta":{"desktop":{"background-color":"var(--ast-global-color-4)","background-image":"","background-repeat":"repeat","background-position":"center center","background-size":"auto","background-attachment":"scroll","background-type":"","background-media":"","overlay-type":"","overlay-color":"","overlay-opacity":"","overlay-gradient":""},"tablet":{"background-color":"","background-image":"","background-repeat":"repeat","background-position":"center center","background-size":"auto","background-attachment":"scroll","background-type":"","background-media":"","overlay-type":"","overlay-color":"","overlay-opacity":"","overlay-gradient":""},"mobile":{"background-color":"","background-image":"","background-repeat":"repeat","background-position":"center center","background-size":"auto","background-attachment":"scroll","background-type":"","background-media":"","overlay-type":"","overlay-color":"","overlay-opacity":"","overlay-gradient":""}},"ast-content-background-meta":{"desktop":{"background-color":"var(--ast-global-color-5)","background-image":"","background-repeat":"repeat","background-position":"center center","background-size":"auto","background-attachment":"scroll","background-type":"","background-media":"","overlay-type":"","overlay-color":"","overlay-opacity":"","overlay-gradient":""},"tablet":{"background-color":"var(--ast-global-color-5)","background-image":"","background-repeat":"repeat","background-position":"center center","background-size":"auto","background-attachment":"scroll","background-type":"","background-media":"","overlay-type":"","overlay-color":"","overlay-opacity":"","overlay-gradient":""},"mobile":{"background-color":"var(--ast-global-color-5)","background-image":"","background-repeat":"repeat","background-position":"center center","background-size":"auto","background-attachment":"scroll","background-type":"","background-media":"","overlay-type":"","overlay-color":"","overlay-opacity":"","overlay-gradient":""}}},"product_brand":[],"product_cat":[535],"product_tag":[223],"class_list":{"0":"post-7415","1":"product","2":"type-product","3":"status-publish","4":"has-post-thumbnail","6":"product_cat-brusilice","7":"product_tag-brusilica-za-nokte","8":"desktop-align-left","9":"tablet-align-left","10":"mobile-align-left","11":"ast-product-gallery-layout-horizontal-slider","12":"ast-product-tabs-layout-horizontal","14":"first","15":"outofstock","16":"taxable","17":"shipping-taxable","18":"purchasable","19":"product-type-simple"},"yoast_head":"<!-- This site is optimized with the Yoast SEO plugin v27.4 - https:\/\/yoast.com\/product\/yoast-seo-wordpress\/ -->\n<title>Brusilica za nokte HBS-402, 60W Red &#8902; Mea Via Beauty<\/title>\n<meta name=\"description\" content=\"Brusilica za nokte HBS-402, 60W Red &#8902; brusilica za nokte &#8902; 35.000 okretaja &#8902; snaga 60W&#8902; za pedikuru i manikuru &#8902; top kvaliteta\" \/>\n<meta name=\"robots\" content=\"index, follow, max-snippet:-1, max-image-preview:large, max-video-preview:-1\" \/>\n<link rel=\"canonical\" href=\"https:\/\/www.meavia-mh.hr\/sl\/product\/brusilica-za-nokte-hbs-402-60w-red\/\" \/>\n<meta property=\"og:locale\" content=\"sl_SI\" \/>\n<meta property=\"og:type\" content=\"article\" \/>\n<meta property=\"og:title\" content=\"Brusilica za nokte HBS-402, 60W Red &#8902; Mea Via Beauty\" \/>\n<meta property=\"og:description\" content=\"Brusilica za nokte HBS-402, 60W Red &#8902; brusilica za nokte &#8902; 35.000 okretaja &#8902; snaga 60W&#8902; za pedikuru i manikuru &#8902; top kvaliteta\" \/>\n<meta property=\"og:url\" content=\"https:\/\/www.meavia-mh.hr\/sl\/product\/brusilica-za-nokte-hbs-402-60w-red\/\" \/>\n<meta property=\"og:site_name\" content=\"Mea Via Beauty\" \/>\n<meta property=\"article:publisher\" content=\"https:\/\/www.facebook.com\/MeaViaNailsWorld\" \/>\n<meta property=\"article:modified_time\" content=\"2024-07-05T15:48:19+00:00\" \/>\n<meta property=\"og:image\" content=\"https:\/\/www.meavia-mh.hr\/wp-content\/uploads\/2021\/06\/ezgif.com-gif-maker-111.jpg\" \/>\n\t<meta property=\"og:image:width\" content=\"1000\" \/>\n\t<meta property=\"og:image:height\" content=\"998\" \/>\n\t<meta property=\"og:image:type\" content=\"image\/jpeg\" \/>\n<meta name=\"twitter:card\" content=\"summary_large_image\" \/>\n<meta name=\"twitter:label1\" content=\"Est. reading time\" \/>\n\t<meta name=\"twitter:data1\" content=\"3 minute\" \/>\n<script type=\"application\/ld+json\" class=\"yoast-schema-graph\">{\"@context\":\"https:\\\/\\\/schema.org\",\"@graph\":[{\"@type\":\"WebPage\",\"@id\":\"https:\\\/\\\/www.meavia-mh.hr\\\/product\\\/brusilica-za-nokte-hbs-402-60w-red\\\/\",\"url\":\"https:\\\/\\\/www.meavia-mh.hr\\\/product\\\/brusilica-za-nokte-hbs-402-60w-red\\\/\",\"name\":\"Brusilica za nokte HBS-402, 60W Red &#8902; Mea Via Beauty\",\"isPartOf\":{\"@id\":\"https:\\\/\\\/meavia-mh.hr\\\/sl\\\/#website\"},\"primaryImageOfPage\":{\"@id\":\"https:\\\/\\\/www.meavia-mh.hr\\\/product\\\/brusilica-za-nokte-hbs-402-60w-red\\\/#primaryimage\"},\"image\":{\"@id\":\"https:\\\/\\\/www.meavia-mh.hr\\\/product\\\/brusilica-za-nokte-hbs-402-60w-red\\\/#primaryimage\"},\"thumbnailUrl\":\"https:\\\/\\\/www.meavia-mh.hr\\\/wp-content\\\/uploads\\\/2021\\\/06\\\/ezgif.com-gif-maker-111.jpg\",\"datePublished\":\"2021-06-13T10:41:06+00:00\",\"dateModified\":\"2024-07-05T15:48:19+00:00\",\"description\":\"Brusilica za nokte HBS-402, 60W Red &#8902; brusilica za nokte &#8902; 35.000 okretaja &#8902; snaga 60W&#8902; za pedikuru i manikuru &#8902; top kvaliteta\",\"breadcrumb\":{\"@id\":\"https:\\\/\\\/www.meavia-mh.hr\\\/product\\\/brusilica-za-nokte-hbs-402-60w-red\\\/#breadcrumb\"},\"inLanguage\":\"sl-SI\",\"potentialAction\":[{\"@type\":\"ReadAction\",\"target\":[\"https:\\\/\\\/www.meavia-mh.hr\\\/product\\\/brusilica-za-nokte-hbs-402-60w-red\\\/\"]}]},{\"@type\":\"ImageObject\",\"inLanguage\":\"sl-SI\",\"@id\":\"https:\\\/\\\/www.meavia-mh.hr\\\/product\\\/brusilica-za-nokte-hbs-402-60w-red\\\/#primaryimage\",\"url\":\"https:\\\/\\\/www.meavia-mh.hr\\\/wp-content\\\/uploads\\\/2021\\\/06\\\/ezgif.com-gif-maker-111.jpg\",\"contentUrl\":\"https:\\\/\\\/www.meavia-mh.hr\\\/wp-content\\\/uploads\\\/2021\\\/06\\\/ezgif.com-gif-maker-111.jpg\",\"width\":1000,\"height\":998,\"caption\":\"Brusilica za nokte HBS-402\"},{\"@type\":\"BreadcrumbList\",\"@id\":\"https:\\\/\\\/www.meavia-mh.hr\\\/product\\\/brusilica-za-nokte-hbs-402-60w-red\\\/#breadcrumb\",\"itemListElement\":[{\"@type\":\"ListItem\",\"position\":1,\"name\":\"Po\u010detna stranica\",\"item\":\"https:\\\/\\\/www.meavia-mh.hr\\\/\"},{\"@type\":\"ListItem\",\"position\":2,\"name\":\"Trgovina\",\"item\":\"https:\\\/\\\/meavia-mh.hr\\\/sl\\\/store\\\/\"},{\"@type\":\"ListItem\",\"position\":3,\"name\":\"Brusilica za nokte HBS-402, 60W Red\"}]},{\"@type\":\"WebSite\",\"@id\":\"https:\\\/\\\/meavia-mh.hr\\\/sl\\\/#website\",\"url\":\"https:\\\/\\\/meavia-mh.hr\\\/sl\\\/\",\"name\":\"Mea Via Beauty\",\"description\":\"Only The Best For Your Beauty\",\"publisher\":{\"@id\":\"https:\\\/\\\/meavia-mh.hr\\\/sl\\\/#organization\"},\"alternateName\":\"Mea Via Nails\",\"potentialAction\":[{\"@type\":\"SearchAction\",\"target\":{\"@type\":\"EntryPoint\",\"urlTemplate\":\"https:\\\/\\\/meavia-mh.hr\\\/sl\\\/?s={search_term_string}\"},\"query-input\":{\"@type\":\"PropertyValueSpecification\",\"valueRequired\":true,\"valueName\":\"search_term_string\"}}],\"inLanguage\":\"sl-SI\"},{\"@type\":\"Organization\",\"@id\":\"https:\\\/\\\/meavia-mh.hr\\\/sl\\\/#organization\",\"name\":\"Mea Via Nails World\",\"alternateName\":\"Mea Via\",\"url\":\"https:\\\/\\\/meavia-mh.hr\\\/sl\\\/\",\"logo\":{\"@type\":\"ImageObject\",\"inLanguage\":\"sl-SI\",\"@id\":\"https:\\\/\\\/meavia-mh.hr\\\/sl\\\/#\\\/schema\\\/logo\\\/image\\\/\",\"url\":\"https:\\\/\\\/www.meavia-mh.hr\\\/wp-content\\\/uploads\\\/2020\\\/12\\\/Mea-Via.png\",\"contentUrl\":\"https:\\\/\\\/www.meavia-mh.hr\\\/wp-content\\\/uploads\\\/2020\\\/12\\\/Mea-Via.png\",\"width\":1181,\"height\":393,\"caption\":\"Mea Via Nails World\"},\"image\":{\"@id\":\"https:\\\/\\\/meavia-mh.hr\\\/sl\\\/#\\\/schema\\\/logo\\\/image\\\/\"},\"sameAs\":[\"https:\\\/\\\/www.facebook.com\\\/MeaViaNailsWorld\",\"https:\\\/\\\/www.instagram.com\\\/mea_via_nails_world\\\/\",\"https:\\\/\\\/www.youtube.com\\\/channel\\\/UCECk0hpRWP6TN-EfA4ER96g\\\/featured\"]}]}<\/script>\n<!-- \/ Yoast SEO plugin. -->","yoast_head_json":{"title":"Brusilica za nokte HBS-402, 60W Red &#8902; Mea Via Beauty","description":"Brusilica za nokte HBS-402, 60W Red &#8902; brusilica za nokte &#8902; 35.000 okretaja &#8902; snaga 60W&#8902; za pedikuru i manikuru &#8902; top kvaliteta","robots":{"index":"index","follow":"follow","max-snippet":"max-snippet:-1","max-image-preview":"max-image-preview:large","max-video-preview":"max-video-preview:-1"},"canonical":"https:\/\/www.meavia-mh.hr\/sl\/product\/brusilica-za-nokte-hbs-402-60w-red\/","og_locale":"sl_SI","og_type":"article","og_title":"Brusilica za nokte HBS-402, 60W Red &#8902; Mea Via Beauty","og_description":"Brusilica za nokte HBS-402, 60W Red &#8902; brusilica za nokte &#8902; 35.000 okretaja &#8902; snaga 60W&#8902; za pedikuru i manikuru &#8902; top kvaliteta","og_url":"https:\/\/www.meavia-mh.hr\/sl\/product\/brusilica-za-nokte-hbs-402-60w-red\/","og_site_name":"Mea Via Beauty","article_publisher":"https:\/\/www.facebook.com\/MeaViaNailsWorld","article_modified_time":"2024-07-05T15:48:19+00:00","og_image":[{"width":1000,"height":998,"url":"https:\/\/www.meavia-mh.hr\/wp-content\/uploads\/2021\/06\/ezgif.com-gif-maker-111.jpg","type":"image\/jpeg"}],"twitter_card":"summary_large_image","twitter_misc":{"Est. reading time":"3 minute"},"schema":{"@context":"https:\/\/schema.org","@graph":[{"@type":"WebPage","@id":"https:\/\/www.meavia-mh.hr\/product\/brusilica-za-nokte-hbs-402-60w-red\/","url":"https:\/\/www.meavia-mh.hr\/product\/brusilica-za-nokte-hbs-402-60w-red\/","name":"Brusilica za nokte HBS-402, 60W Red &#8902; Mea Via Beauty","isPartOf":{"@id":"https:\/\/meavia-mh.hr\/sl\/#website"},"primaryImageOfPage":{"@id":"https:\/\/www.meavia-mh.hr\/product\/brusilica-za-nokte-hbs-402-60w-red\/#primaryimage"},"image":{"@id":"https:\/\/www.meavia-mh.hr\/product\/brusilica-za-nokte-hbs-402-60w-red\/#primaryimage"},"thumbnailUrl":"https:\/\/www.meavia-mh.hr\/wp-content\/uploads\/2021\/06\/ezgif.com-gif-maker-111.jpg","datePublished":"2021-06-13T10:41:06+00:00","dateModified":"2024-07-05T15:48:19+00:00","description":"Brusilica za nokte HBS-402, 60W Red &#8902; brusilica za nokte &#8902; 35.000 okretaja &#8902; snaga 60W&#8902; za pedikuru i manikuru &#8902; top kvaliteta","breadcrumb":{"@id":"https:\/\/www.meavia-mh.hr\/product\/brusilica-za-nokte-hbs-402-60w-red\/#breadcrumb"},"inLanguage":"sl-SI","potentialAction":[{"@type":"ReadAction","target":["https:\/\/www.meavia-mh.hr\/product\/brusilica-za-nokte-hbs-402-60w-red\/"]}]},{"@type":"ImageObject","inLanguage":"sl-SI","@id":"https:\/\/www.meavia-mh.hr\/product\/brusilica-za-nokte-hbs-402-60w-red\/#primaryimage","url":"https:\/\/www.meavia-mh.hr\/wp-content\/uploads\/2021\/06\/ezgif.com-gif-maker-111.jpg","contentUrl":"https:\/\/www.meavia-mh.hr\/wp-content\/uploads\/2021\/06\/ezgif.com-gif-maker-111.jpg","width":1000,"height":998,"caption":"Brusilica za nokte HBS-402"},{"@type":"BreadcrumbList","@id":"https:\/\/www.meavia-mh.hr\/product\/brusilica-za-nokte-hbs-402-60w-red\/#breadcrumb","itemListElement":[{"@type":"ListItem","position":1,"name":"Po\u010detna stranica","item":"https:\/\/www.meavia-mh.hr\/"},{"@type":"ListItem","position":2,"name":"Trgovina","item":"https:\/\/meavia-mh.hr\/sl\/store\/"},{"@type":"ListItem","position":3,"name":"Brusilica za nokte HBS-402, 60W Red"}]},{"@type":"WebSite","@id":"https:\/\/meavia-mh.hr\/sl\/#website","url":"https:\/\/meavia-mh.hr\/sl\/","name":"MEA VIA BEAUTY","description":"Only The Best For Your Beauty","publisher":{"@id":"https:\/\/meavia-mh.hr\/sl\/#organization"},"alternateName":"Mea Via Nails","potentialAction":[{"@type":"SearchAction","target":{"@type":"EntryPoint","urlTemplate":"https:\/\/meavia-mh.hr\/sl\/?s={search_term_string}"},"query-input":{"@type":"PropertyValueSpecification","valueRequired":true,"valueName":"search_term_string"}}],"inLanguage":"sl-SI"},{"@type":"Organization","@id":"https:\/\/meavia-mh.hr\/sl\/#organization","name":"Mea Via Nails World","alternateName":"Mea Via","url":"https:\/\/meavia-mh.hr\/sl\/","logo":{"@type":"ImageObject","inLanguage":"sl-SI","@id":"https:\/\/meavia-mh.hr\/sl\/#\/schema\/logo\/image\/","url":"https:\/\/www.meavia-mh.hr\/wp-content\/uploads\/2020\/12\/Mea-Via.png","contentUrl":"https:\/\/www.meavia-mh.hr\/wp-content\/uploads\/2020\/12\/Mea-Via.png","width":1181,"height":393,"caption":"Mea Via Nails World"},"image":{"@id":"https:\/\/meavia-mh.hr\/sl\/#\/schema\/logo\/image\/"},"sameAs":["https:\/\/www.facebook.com\/MeaViaNailsWorld","https:\/\/www.instagram.com\/mea_via_nails_world\/","https:\/\/www.youtube.com\/channel\/UCECk0hpRWP6TN-EfA4ER96g\/featured"]}]}},"spectra_custom_meta":{"_sku":["8992"],"_regular_price":["88.91"],"total_sales":["18"],"_tax_status":["taxable"],"_tax_class":[""],"_manage_stock":["yes"],"_backorders":["no"],"_sold_individually":["no"],"_virtual":["no"],"_downloadable":["no"],"_download_limit":["-1"],"_download_expiry":["-1"],"_thumbnail_id":["7419"],"_stock":["0"],"_stock_status":["outofstock"],"_wc_average_rating":["0"],"_wc_review_count":["0"],"_product_version":["8.4.0"],"_price":["88.91"],"_wp_page_template":["default"],"_yoast_wpseo_focuskw":["Brusilica za nokte HBS-402"],"_yoast_wpseo_linkdex":["83"],"_yoast_wpseo_content_score":["90"],"_yoast_wpseo_primary_product_cat":["114"],"site-sidebar-layout":["default"],"site-content-layout":[null],"theme-transparent-header-meta":["default"],"stick-header-meta":["default"],"_yoast_wpseo_metadesc":["%%title%% %%sep%% brusilica za nokte %%sep%% 35.000 okretaja %%sep%% snaga 60W%%sep%% za pedikuru i manikuru %%sep%% top kvaliteta"],"_yoast_wpseo_estimated-reading-time-minutes":["3"],"_woocs_price_geo_countries":[""],"_woocs_regular_price_geo":[""],"_woocs_sale_price_geo":[""],"cartflows_redirect_flow_id":[""],"cartflows_add_to_cart_text":[""],"_edit_lock":["1702823023:1239"],"_edit_last":["1239"],"_product_image_gallery":["7434,7430,7432,7431,7429,7428,7427,7426,7425,7424,7423,7422,7421,7420"],"_oembed_88830407e414e7d8be1779399fe4e544":["<iframe title=\"Brusilica za nokte\" width=\"500\" height=\"281\" src=\"https:\/\/www.youtube.com\/embed\/AkkW1oVliqs?feature=oembed\" frameborder=\"0\" allow=\"accelerometer; autoplay; clipboard-write; encrypted-media; gyroscope; picture-in-picture\" allowfullscreen><\/iframe>"],"_oembed_time_88830407e414e7d8be1779399fe4e544":["1671233542"],"_oembed_d6138060752852425187c857bf1ad80e":["<iframe title=\"Brusilica za nokte\" width=\"898\" height=\"505\" src=\"https:\/\/www.youtube.com\/embed\/AkkW1oVliqs?feature=oembed\" frameborder=\"0\" allow=\"accelerometer; autoplay; clipboard-write; encrypted-media; gyroscope; picture-in-picture\" allowfullscreen><\/iframe>"],"_oembed_time_d6138060752852425187c857bf1ad80e":["1630793050"],"_oembed_e79e5f066c8184b5003f30fa86e0cb4a":["<iframe title=\"Brusilica za nokte\" width=\"922\" height=\"519\" src=\"https:\/\/www.youtube.com\/embed\/AkkW1oVliqs?feature=oembed\" frameborder=\"0\" allow=\"accelerometer; autoplay; clipboard-write; encrypted-media; gyroscope; picture-in-picture\" allowfullscreen><\/iframe>"],"_oembed_time_e79e5f066c8184b5003f30fa86e0cb4a":["1630793064"],"_oembed_04e35dc9f874b32086dc4911689ec08f":["<iframe title=\"Brusilica za nokte\" width=\"1200\" height=\"675\" src=\"https:\/\/www.youtube.com\/embed\/AkkW1oVliqs?feature=oembed\" frameborder=\"0\" allow=\"accelerometer; autoplay; clipboard-write; encrypted-media; gyroscope; picture-in-picture\" allowfullscreen><\/iframe>"],"_oembed_time_04e35dc9f874b32086dc4911689ec08f":["1630804783"],"ast-below-header-display":[""],"_woocs_regular_price_EUR":["88.91"],"_woocs_sale_price_EUR":["-1"],"_yoast_wpseo_wordproof_timestamp":[""],"_lowest_price_30_days":["88.91"],"footer-adv-display":[null],"adv-header-id-meta":[""],"_oembed_1e6721fc9d119a9ef0d038592c5c49df":["<iframe title=\"Brusilica za nokte\" width=\"500\" height=\"281\" src=\"https:\/\/www.youtube.com\/embed\/AkkW1oVliqs?feature=oembed\" frameborder=\"0\" allow=\"accelerometer; autoplay; clipboard-write; encrypted-media; gyroscope; picture-in-picture; web-share\" referrerpolicy=\"strict-origin-when-cross-origin\" allowfullscreen><\/iframe>"],"_oembed_time_1e6721fc9d119a9ef0d038592c5c49df":["1713854283"],"uag_migration_processed":["1"],"_uag_page_assets":["a:9:{s:3:\"css\";s:0:\"\";s:2:\"js\";s:0:\"\";s:18:\"current_block_list\";a:3:{i:0;s:11:\"core\/search\";i:1;s:18:\"core\/legacy-widget\";i:2;s:27:\"woocommerce\/product-filters\";}s:8:\"uag_flag\";b:0;s:11:\"uag_version\";s:10:\"1776675916\";s:6:\"gfonts\";a:0:{}s:10:\"gfonts_url\";s:0:\"\";s:12:\"gfonts_files\";a:0:{}s:14:\"uag_faq_layout\";b:0;}"]},"uagb_featured_image_src":{"full":["https:\/\/www.meavia-mh.hr\/wp-content\/uploads\/2021\/06\/ezgif.com-gif-maker-111.jpg",1000,998,false],"thumbnail":["https:\/\/www.meavia-mh.hr\/wp-content\/uploads\/2021\/06\/ezgif.com-gif-maker-111-150x150.jpg",150,150,true],"medium":["https:\/\/www.meavia-mh.hr\/wp-content\/uploads\/2021\/06\/ezgif.com-gif-maker-111-300x300.jpg",300,300,true],"medium_large":["https:\/\/www.meavia-mh.hr\/wp-content\/uploads\/2021\/06\/ezgif.com-gif-maker-111-768x766.jpg",768,766,true],"large":["https:\/\/www.meavia-mh.hr\/wp-content\/uploads\/2021\/06\/ezgif.com-gif-maker-111.jpg",1000,998,false],"1536x1536":["https:\/\/www.meavia-mh.hr\/wp-content\/uploads\/2021\/06\/ezgif.com-gif-maker-111.jpg",1000,998,false],"2048x2048":["https:\/\/www.meavia-mh.hr\/wp-content\/uploads\/2021\/06\/ezgif.com-gif-maker-111.jpg",1000,998,false],"trp-custom-language-flag":["https:\/\/www.meavia-mh.hr\/wp-content\/uploads\/2021\/06\/ezgif.com-gif-maker-111-12x12.jpg",12,12,true],"woocommerce_thumbnail":["https:\/\/www.meavia-mh.hr\/wp-content\/uploads\/2021\/06\/ezgif.com-gif-maker-111-300x300.jpg",300,300,true],"woocommerce_single":["https:\/\/www.meavia-mh.hr\/wp-content\/uploads\/2021\/06\/ezgif.com-gif-maker-111-600x599.jpg",600,599,true],"woocommerce_gallery_thumbnail":["https:\/\/www.meavia-mh.hr\/wp-content\/uploads\/2021\/06\/ezgif.com-gif-maker-111-100x100.jpg",100,100,true]},"uagb_author_info":{"display_name":"Mea Via","author_link":"https:\/\/www.meavia-mh.hr\/sl\/author\/"},"uagb_comment_info":0,"uagb_excerpt":"Brusilica za nokte HBS-402, ja\u010dine 60W\u00a0&#8211; vrlo je sna\u017ena brusilica za profesionalnu i za ku\u0107nu upotrebu.\u00a0Mo\u017ee se koristiti za manikuru ili pedikuru.\u00a0Vi\u0161enamjenski ure\u0111aj koji vam omogu\u0107uje da noktima date oblik iz snova, savr\u0161eno pripremite plo\u010dicu nokta za sljede\u0107i styling, savr\u0161eno uklonite ko\u017eicu za kombiniranu manikuru, a pedikura postaje nevjerovatno jednostavna i brza. Ovaj ure\u0111aj za&hellip;","_links":{"self":[{"href":"https:\/\/www.meavia-mh.hr\/sl\/wp-json\/wp\/v2\/product\/7415","targetHints":{"allow":["GET"]}}],"collection":[{"href":"https:\/\/www.meavia-mh.hr\/sl\/wp-json\/wp\/v2\/product"}],"about":[{"href":"https:\/\/www.meavia-mh.hr\/sl\/wp-json\/wp\/v2\/types\/product"}],"replies":[{"embeddable":true,"href":"https:\/\/www.meavia-mh.hr\/sl\/wp-json\/wp\/v2\/comments?post=7415"}],"version-history":[{"count":1,"href":"https:\/\/www.meavia-mh.hr\/sl\/wp-json\/wp\/v2\/product\/7415\/revisions"}],"predecessor-version":[{"id":25092,"href":"https:\/\/www.meavia-mh.hr\/sl\/wp-json\/wp\/v2\/product\/7415\/revisions\/25092"}],"wp:featuredmedia":[{"embeddable":true,"href":"https:\/\/www.meavia-mh.hr\/sl\/wp-json\/wp\/v2\/media\/7419"}],"wp:attachment":[{"href":"https:\/\/www.meavia-mh.hr\/sl\/wp-json\/wp\/v2\/media?parent=7415"}],"wp:term":[{"taxonomy":"product_brand","embeddable":true,"href":"https:\/\/www.meavia-mh.hr\/sl\/wp-json\/wp\/v2\/product_brand?post=7415"},{"taxonomy":"product_cat","embeddable":true,"href":"https:\/\/www.meavia-mh.hr\/sl\/wp-json\/wp\/v2\/product_cat?post=7415"},{"taxonomy":"product_tag","embeddable":true,"href":"https:\/\/www.meavia-mh.hr\/sl\/wp-json\/wp\/v2\/product_tag?post=7415"}],"curies":[{"name":"delovni list","href":"https:\/\/api.w.org\/{rel}","templated":true}]}}