{"id":6974,"date":"2021-05-08T08:10:57","date_gmt":"2021-05-08T08:10:57","guid":{"rendered":"https:\/\/www.meavia-mh.hr\/?post_type=product&#038;p=6974"},"modified":"2026-01-24T08:08:44","modified_gmt":"2026-01-24T07:08:44","slug":"ikon-iq-skarice-za-kutikulu","status":"publish","type":"product","link":"https:\/\/www.meavia-mh.hr\/sl\/product\/ikon-iq-skarice-za-kutikulu\/","title":{"rendered":"\u0160karje za ko\u017eico IKON.iQ"},"content":{"rendered":"<p>\u0160karje za obnohtno ko\u017eico IKON.iQ vam bodo pomagale natan\u010dno odstraniti odve\u010dno obnohtno ko\u017eico pri manikiri ali pedikuri.<\/p>\n<p>\u0160karje so narejene iz najkakovostnej\u0161ega japonskega medicinskega jekla, kar zagotavlja njihovo dolgo \u017eivljenjsko dobo med sterilizacijo.<\/p>\n<p>\u0160karje za obnohtno ko\u017eico IKON.iQ so prevle\u010dene s posebno prevleko iz titana, ki jim daje \u010dudovit mavri\u010dni u\u010dinek, ki se popolnoma prilega vsaki notranjosti nohtskega salona.<\/p>\n<p>Izredno ostra in tanka konica \u0161karj zagotavlja profesionalne rezultate in zelo natan\u010dno delo pri rezanju ko\u017eice, tako za klasi\u010dno manikuro kot za kombinirano tehniko.\u00a0<span style=\"font-size: 16px;font-style: normal\">So \u0161karje<\/span><strong style=\"font-size: 16px;font-style: normal\">\u00a0<\/strong><span style=\"font-size: 16px;font-style: normal\">natan\u010dno oblikovan in se popolnoma prilega roki, kar zagotavlja preprosto in natan\u010dno delovanje.<\/span><\/p>\n<p>Dol\u017eina \u0161karij za obnohtno ko\u017eico IKON.iQ je 10,5 cm.<\/p>\n<h6>Zna\u010dilnosti:<\/h6>\n<ul>\n<li>izdelan iz najkakovostnej\u0161ega japonskega medicinskega jekla<\/li>\n<li>preprosto in natan\u010dno oblikovanje nohtne ko\u017eice<\/li>\n<li>klasi\u010dna ukrivljenost rezila<\/li>\n<li>primeren za manikuro in pedikuro<\/li>\n<li>dol\u017eina 10,5 cm<\/li>\n<\/ul>\n<h6>Pakiranje: 1 kos<\/h6>","protected":false},"excerpt":{"rendered":"<p>IKON.iQ \u0161karice za kutikulu pomo\u0107i \u0107e vam precizno ukloniti vi\u0161ak kutikule kod manikure ili pedikure. \u0160karice su izra\u0111ene od najkvalitetnijeg japanskog medicinskog \u010delika, \u010dime je osigurana njihova dugotrajnost prilikom sterilizacije. IKON.iQ \u0161karice za kutikulu presvu\u010dene su posebnim premazom od titanijuma koji im daje prekrasan dugin efekt \u010dime \u0107e se odli\u010dno uklopiti u svaki interijer salona [&hellip;]<\/p>\n","protected":false},"featured_media":6978,"comment_status":"open","ping_status":"closed","template":"","meta":{"_uag_custom_page_level_css":"","site-sidebar-layout":"default","site-content-layout":"default","ast-site-content-layout":"default","site-content-style":"default","site-sidebar-style":"default","ast-global-header-display":"","ast-banner-title-visibility":"","ast-main-header-display":"","ast-hfb-above-header-display":"","ast-hfb-below-header-display":"","ast-hfb-mobile-header-display":"","site-post-title":"","ast-breadcrumbs-content":"","ast-featured-img":"","footer-sml-layout":"","ast-disable-related-posts":"","theme-transparent-header-meta":"default","adv-header-id-meta":"","stick-header-meta":"default","header-above-stick-meta":"","header-main-stick-meta":"","header-below-stick-meta":"","astra-migrate-meta-layouts":"default","ast-page-background-enabled":"default","ast-page-background-meta":{"desktop":{"background-color":"var(--ast-global-color-4)","background-image":"","background-repeat":"repeat","background-position":"center center","background-size":"auto","background-attachment":"scroll","background-type":"","background-media":"","overlay-type":"","overlay-color":"","overlay-opacity":"","overlay-gradient":""},"tablet":{"background-color":"","background-image":"","background-repeat":"repeat","background-position":"center center","background-size":"auto","background-attachment":"scroll","background-type":"","background-media":"","overlay-type":"","overlay-color":"","overlay-opacity":"","overlay-gradient":""},"mobile":{"background-color":"","background-image":"","background-repeat":"repeat","background-position":"center center","background-size":"auto","background-attachment":"scroll","background-type":"","background-media":"","overlay-type":"","overlay-color":"","overlay-opacity":"","overlay-gradient":""}},"ast-content-background-meta":{"desktop":{"background-color":"var(--ast-global-color-5)","background-image":"","background-repeat":"repeat","background-position":"center center","background-size":"auto","background-attachment":"scroll","background-type":"","background-media":"","overlay-type":"","overlay-color":"","overlay-opacity":"","overlay-gradient":""},"tablet":{"background-color":"var(--ast-global-color-5)","background-image":"","background-repeat":"repeat","background-position":"center center","background-size":"auto","background-attachment":"scroll","background-type":"","background-media":"","overlay-type":"","overlay-color":"","overlay-opacity":"","overlay-gradient":""},"mobile":{"background-color":"var(--ast-global-color-5)","background-image":"","background-repeat":"repeat","background-position":"center center","background-size":"auto","background-attachment":"scroll","background-type":"","background-media":"","overlay-type":"","overlay-color":"","overlay-opacity":"","overlay-gradient":""}}},"product_brand":[],"product_cat":[247],"product_tag":[263,244,226,262],"class_list":{"0":"post-6974","1":"product","2":"type-product","3":"status-publish","4":"has-post-thumbnail","6":"product_cat-pribor-za-manikuru","7":"product_tag-accessories","8":"product_tag-manikura","9":"product_tag-pedikura","10":"product_tag-skarice","11":"desktop-align-left","12":"tablet-align-left","13":"mobile-align-left","14":"ast-product-gallery-layout-horizontal-slider","15":"ast-product-tabs-layout-horizontal","17":"first","18":"outofstock","19":"taxable","20":"shipping-taxable","21":"purchasable","22":"product-type-simple"},"yoast_head":"<!-- This site is optimized with the Yoast SEO plugin v27.4 - https:\/\/yoast.com\/product\/yoast-seo-wordpress\/ -->\n<title>IKON.iQ \u0161karice za kutikulu &#8902; Mea Via Beauty &#8902; premium kvaaliteta<\/title>\n<meta name=\"description\" content=\"IKON.iQ \u0161karice za kutikulu &#8902; savr\u0161ene \u0161karice za pripremu nokta &#8902; \u0161karice za manikuru &#8902; vrhunska kvaliteta &#8902; izra\u0111ene od medicinskog \u010delika\" \/>\n<meta name=\"robots\" content=\"index, follow, max-snippet:-1, max-image-preview:large, max-video-preview:-1\" \/>\n<link rel=\"canonical\" href=\"https:\/\/www.meavia-mh.hr\/sl\/product\/ikon-iq-skarice-za-kutikulu\/\" \/>\n<meta property=\"og:locale\" content=\"sl_SI\" \/>\n<meta property=\"og:type\" content=\"article\" \/>\n<meta property=\"og:title\" content=\"IKON.iQ \u0161karice za kutikulu &#8902; Mea Via Beauty &#8902; premium kvaaliteta\" \/>\n<meta property=\"og:description\" content=\"IKON.iQ \u0161karice za kutikulu &#8902; savr\u0161ene \u0161karice za pripremu nokta &#8902; \u0161karice za manikuru &#8902; vrhunska kvaliteta &#8902; izra\u0111ene od medicinskog \u010delika\" \/>\n<meta property=\"og:url\" content=\"https:\/\/www.meavia-mh.hr\/sl\/product\/ikon-iq-skarice-za-kutikulu\/\" \/>\n<meta property=\"og:site_name\" content=\"Mea Via Beauty\" \/>\n<meta property=\"article:publisher\" content=\"https:\/\/www.facebook.com\/MeaViaNailsWorld\" \/>\n<meta property=\"article:modified_time\" content=\"2026-01-24T07:08:44+00:00\" \/>\n<meta property=\"og:image\" content=\"https:\/\/www.meavia-mh.hr\/wp-content\/uploads\/2021\/05\/ezgif.com-gif-maker-87.jpg\" \/>\n\t<meta property=\"og:image:width\" content=\"836\" \/>\n\t<meta property=\"og:image:height\" content=\"836\" \/>\n\t<meta property=\"og:image:type\" content=\"image\/jpeg\" \/>\n<meta name=\"twitter:card\" content=\"summary_large_image\" \/>\n<meta name=\"twitter:label1\" content=\"Est. reading time\" \/>\n\t<meta name=\"twitter:data1\" content=\"1 minuta\" \/>\n<script type=\"application\/ld+json\" class=\"yoast-schema-graph\">{\"@context\":\"https:\\\/\\\/schema.org\",\"@graph\":[{\"@type\":\"WebPage\",\"@id\":\"https:\\\/\\\/www.meavia-mh.hr\\\/product\\\/ikon-iq-skarice-za-kutikulu\\\/\",\"url\":\"https:\\\/\\\/www.meavia-mh.hr\\\/product\\\/ikon-iq-skarice-za-kutikulu\\\/\",\"name\":\"IKON.iQ \u0161karice za kutikulu &#8902; Mea Via Beauty &#8902; premium kvaaliteta\",\"isPartOf\":{\"@id\":\"https:\\\/\\\/meavia-mh.hr\\\/sl\\\/#website\"},\"primaryImageOfPage\":{\"@id\":\"https:\\\/\\\/www.meavia-mh.hr\\\/product\\\/ikon-iq-skarice-za-kutikulu\\\/#primaryimage\"},\"image\":{\"@id\":\"https:\\\/\\\/www.meavia-mh.hr\\\/product\\\/ikon-iq-skarice-za-kutikulu\\\/#primaryimage\"},\"thumbnailUrl\":\"https:\\\/\\\/www.meavia-mh.hr\\\/wp-content\\\/uploads\\\/2021\\\/05\\\/ezgif.com-gif-maker-87.jpg\",\"datePublished\":\"2021-05-08T08:10:57+00:00\",\"dateModified\":\"2026-01-24T07:08:44+00:00\",\"description\":\"IKON.iQ \u0161karice za kutikulu &#8902; savr\u0161ene \u0161karice za pripremu nokta &#8902; \u0161karice za manikuru &#8902; vrhunska kvaliteta &#8902; izra\u0111ene od medicinskog \u010delika\",\"breadcrumb\":{\"@id\":\"https:\\\/\\\/www.meavia-mh.hr\\\/product\\\/ikon-iq-skarice-za-kutikulu\\\/#breadcrumb\"},\"inLanguage\":\"sl-SI\",\"potentialAction\":[{\"@type\":\"ReadAction\",\"target\":[\"https:\\\/\\\/www.meavia-mh.hr\\\/product\\\/ikon-iq-skarice-za-kutikulu\\\/\"]}]},{\"@type\":\"ImageObject\",\"inLanguage\":\"sl-SI\",\"@id\":\"https:\\\/\\\/www.meavia-mh.hr\\\/product\\\/ikon-iq-skarice-za-kutikulu\\\/#primaryimage\",\"url\":\"https:\\\/\\\/www.meavia-mh.hr\\\/wp-content\\\/uploads\\\/2021\\\/05\\\/ezgif.com-gif-maker-87.jpg\",\"contentUrl\":\"https:\\\/\\\/www.meavia-mh.hr\\\/wp-content\\\/uploads\\\/2021\\\/05\\\/ezgif.com-gif-maker-87.jpg\",\"width\":836,\"height\":836,\"caption\":\"IKON.iQ \u0161karice za kutikulu\"},{\"@type\":\"BreadcrumbList\",\"@id\":\"https:\\\/\\\/www.meavia-mh.hr\\\/product\\\/ikon-iq-skarice-za-kutikulu\\\/#breadcrumb\",\"itemListElement\":[{\"@type\":\"ListItem\",\"position\":1,\"name\":\"Po\u010detna stranica\",\"item\":\"https:\\\/\\\/www.meavia-mh.hr\\\/\"},{\"@type\":\"ListItem\",\"position\":2,\"name\":\"Trgovina\",\"item\":\"https:\\\/\\\/meavia-mh.hr\\\/sl\\\/store\\\/\"},{\"@type\":\"ListItem\",\"position\":3,\"name\":\"IKON.iQ \u0161karice za kutikulu\"}]},{\"@type\":\"WebSite\",\"@id\":\"https:\\\/\\\/meavia-mh.hr\\\/sl\\\/#website\",\"url\":\"https:\\\/\\\/meavia-mh.hr\\\/sl\\\/\",\"name\":\"Mea Via Beauty\",\"description\":\"Only The Best For Your Beauty\",\"publisher\":{\"@id\":\"https:\\\/\\\/meavia-mh.hr\\\/sl\\\/#organization\"},\"alternateName\":\"Mea Via Nails\",\"potentialAction\":[{\"@type\":\"SearchAction\",\"target\":{\"@type\":\"EntryPoint\",\"urlTemplate\":\"https:\\\/\\\/meavia-mh.hr\\\/sl\\\/?s={search_term_string}\"},\"query-input\":{\"@type\":\"PropertyValueSpecification\",\"valueRequired\":true,\"valueName\":\"search_term_string\"}}],\"inLanguage\":\"sl-SI\"},{\"@type\":\"Organization\",\"@id\":\"https:\\\/\\\/meavia-mh.hr\\\/sl\\\/#organization\",\"name\":\"Mea Via Nails World\",\"alternateName\":\"Mea Via\",\"url\":\"https:\\\/\\\/meavia-mh.hr\\\/sl\\\/\",\"logo\":{\"@type\":\"ImageObject\",\"inLanguage\":\"sl-SI\",\"@id\":\"https:\\\/\\\/meavia-mh.hr\\\/sl\\\/#\\\/schema\\\/logo\\\/image\\\/\",\"url\":\"https:\\\/\\\/www.meavia-mh.hr\\\/wp-content\\\/uploads\\\/2020\\\/12\\\/Mea-Via.png\",\"contentUrl\":\"https:\\\/\\\/www.meavia-mh.hr\\\/wp-content\\\/uploads\\\/2020\\\/12\\\/Mea-Via.png\",\"width\":1181,\"height\":393,\"caption\":\"Mea Via Nails World\"},\"image\":{\"@id\":\"https:\\\/\\\/meavia-mh.hr\\\/sl\\\/#\\\/schema\\\/logo\\\/image\\\/\"},\"sameAs\":[\"https:\\\/\\\/www.facebook.com\\\/MeaViaNailsWorld\",\"https:\\\/\\\/www.instagram.com\\\/mea_via_nails_world\\\/\",\"https:\\\/\\\/www.youtube.com\\\/channel\\\/UCECk0hpRWP6TN-EfA4ER96g\\\/featured\"]}]}<\/script>\n<!-- \/ Yoast SEO plugin. -->","yoast_head_json":{"title":"\u0160karjice za obnohtno ko\u017eico IKON.iQ \u22c6 Mea Via Beauty \u22c6 vrhunska kakovost","description":"\u0160karjice za obnohtno ko\u017eico IKON.iQ \u22c6 popolne \u0161karje za pripravo nohtov \u22c6 \u0161karje za manikuro \u22c6 vrhunska kakovost \u22c6 iz medicinskega jekla","robots":{"index":"index","follow":"follow","max-snippet":"max-snippet:-1","max-image-preview":"max-image-preview:large","max-video-preview":"max-video-preview:-1"},"canonical":"https:\/\/www.meavia-mh.hr\/sl\/product\/ikon-iq-skarice-za-kutikulu\/","og_locale":"sl_SI","og_type":"article","og_title":"IKON.iQ \u0161karice za kutikulu &#8902; Mea Via Beauty &#8902; premium kvaaliteta","og_description":"IKON.iQ \u0161karice za kutikulu &#8902; savr\u0161ene \u0161karice za pripremu nokta &#8902; \u0161karice za manikuru &#8902; vrhunska kvaliteta &#8902; izra\u0111ene od medicinskog \u010delika","og_url":"https:\/\/www.meavia-mh.hr\/sl\/product\/ikon-iq-skarice-za-kutikulu\/","og_site_name":"Mea Via Beauty","article_publisher":"https:\/\/www.facebook.com\/MeaViaNailsWorld","article_modified_time":"2026-01-24T07:08:44+00:00","og_image":[{"width":836,"height":836,"url":"https:\/\/www.meavia-mh.hr\/wp-content\/uploads\/2021\/05\/ezgif.com-gif-maker-87.jpg","type":"image\/jpeg"}],"twitter_card":"summary_large_image","twitter_misc":{"Est. reading time":"1 minuta"},"schema":{"@context":"https:\/\/schema.org","@graph":[{"@type":"WebPage","@id":"https:\/\/www.meavia-mh.hr\/product\/ikon-iq-skarice-za-kutikulu\/","url":"https:\/\/www.meavia-mh.hr\/product\/ikon-iq-skarice-za-kutikulu\/","name":"\u0160karjice za obnohtno ko\u017eico IKON.iQ \u22c6 Mea Via Beauty \u22c6 vrhunska kakovost","isPartOf":{"@id":"https:\/\/meavia-mh.hr\/sl\/#website"},"primaryImageOfPage":{"@id":"https:\/\/www.meavia-mh.hr\/product\/ikon-iq-skarice-za-kutikulu\/#primaryimage"},"image":{"@id":"https:\/\/www.meavia-mh.hr\/product\/ikon-iq-skarice-za-kutikulu\/#primaryimage"},"thumbnailUrl":"https:\/\/www.meavia-mh.hr\/wp-content\/uploads\/2021\/05\/ezgif.com-gif-maker-87.jpg","datePublished":"2021-05-08T08:10:57+00:00","dateModified":"2026-01-24T07:08:44+00:00","description":"\u0160karjice za obnohtno ko\u017eico IKON.iQ \u22c6 popolne \u0161karje za pripravo nohtov \u22c6 \u0161karje za manikuro \u22c6 vrhunska kakovost \u22c6 iz medicinskega jekla","breadcrumb":{"@id":"https:\/\/www.meavia-mh.hr\/product\/ikon-iq-skarice-za-kutikulu\/#breadcrumb"},"inLanguage":"sl-SI","potentialAction":[{"@type":"ReadAction","target":["https:\/\/www.meavia-mh.hr\/product\/ikon-iq-skarice-za-kutikulu\/"]}]},{"@type":"ImageObject","inLanguage":"sl-SI","@id":"https:\/\/www.meavia-mh.hr\/product\/ikon-iq-skarice-za-kutikulu\/#primaryimage","url":"https:\/\/www.meavia-mh.hr\/wp-content\/uploads\/2021\/05\/ezgif.com-gif-maker-87.jpg","contentUrl":"https:\/\/www.meavia-mh.hr\/wp-content\/uploads\/2021\/05\/ezgif.com-gif-maker-87.jpg","width":836,"height":836,"caption":"IKON.iQ \u0161karice za kutikulu"},{"@type":"BreadcrumbList","@id":"https:\/\/www.meavia-mh.hr\/product\/ikon-iq-skarice-za-kutikulu\/#breadcrumb","itemListElement":[{"@type":"ListItem","position":1,"name":"Po\u010detna stranica","item":"https:\/\/www.meavia-mh.hr\/"},{"@type":"ListItem","position":2,"name":"Trgovina","item":"https:\/\/meavia-mh.hr\/sl\/store\/"},{"@type":"ListItem","position":3,"name":"IKON.iQ \u0161karice za kutikulu"}]},{"@type":"WebSite","@id":"https:\/\/meavia-mh.hr\/sl\/#website","url":"https:\/\/meavia-mh.hr\/sl\/","name":"MEA VIA BEAUTY","description":"Only The Best For Your Beauty","publisher":{"@id":"https:\/\/meavia-mh.hr\/sl\/#organization"},"alternateName":"Mea Via Nails","potentialAction":[{"@type":"SearchAction","target":{"@type":"EntryPoint","urlTemplate":"https:\/\/meavia-mh.hr\/sl\/?s={search_term_string}"},"query-input":{"@type":"PropertyValueSpecification","valueRequired":true,"valueName":"search_term_string"}}],"inLanguage":"sl-SI"},{"@type":"Organization","@id":"https:\/\/meavia-mh.hr\/sl\/#organization","name":"Mea Via Nails World","alternateName":"Mea Via","url":"https:\/\/meavia-mh.hr\/sl\/","logo":{"@type":"ImageObject","inLanguage":"sl-SI","@id":"https:\/\/meavia-mh.hr\/sl\/#\/schema\/logo\/image\/","url":"https:\/\/www.meavia-mh.hr\/wp-content\/uploads\/2020\/12\/Mea-Via.png","contentUrl":"https:\/\/www.meavia-mh.hr\/wp-content\/uploads\/2020\/12\/Mea-Via.png","width":1181,"height":393,"caption":"Mea Via Nails World"},"image":{"@id":"https:\/\/meavia-mh.hr\/sl\/#\/schema\/logo\/image\/"},"sameAs":["https:\/\/www.facebook.com\/MeaViaNailsWorld","https:\/\/www.instagram.com\/mea_via_nails_world\/","https:\/\/www.youtube.com\/channel\/UCECk0hpRWP6TN-EfA4ER96g\/featured"]}]}},"spectra_custom_meta":{"_sku":["T10022"],"_regular_price":["11.27"],"total_sales":["33"],"_tax_status":["taxable"],"_tax_class":[""],"_manage_stock":["yes"],"_backorders":["no"],"_sold_individually":["no"],"_virtual":["no"],"_downloadable":["no"],"_download_limit":["-1"],"_download_expiry":["-1"],"_stock":["0"],"_stock_status":["outofstock"],"_wc_average_rating":["0"],"_wc_review_count":["0"],"_product_version":["10.4.3"],"_price":["11.27"],"_wp_page_template":["default"],"_yoast_wpseo_focuskw":["\u0161karice za kutikulu"],"_yoast_wpseo_metadesc":["%%title%% %%sep%% savr\u0161ene \u0161karice za pripremu nokta %%sep%% \u0161karice za manikuru %%sep%% vrhunska kvaliteta %%sep%% izra\u0111ene od medicinskog \u010delika"],"_yoast_wpseo_linkdex":["64"],"_yoast_wpseo_content_score":["90"],"_yoast_wpseo_primary_product_cat":["247"],"site-sidebar-layout":["default"],"site-content-layout":["default"],"theme-transparent-header-meta":["default"],"stick-header-meta":["default"],"_yoast_wpseo_estimated-reading-time-minutes":["1"],"_woocs_price_geo_countries":[""],"_woocs_regular_price_geo":[""],"_woocs_sale_price_geo":[""],"_yoast_wpseo_title":["%%title%% %%page%% %%sep%% %%sitename%% %%sep%% premium kvaaliteta"],"cartflows_redirect_flow_id":[""],"cartflows_add_to_cart_text":[""],"_edit_lock":["1629661165:1"],"_edit_last":["1"],"_thumbnail_id":["6978"],"_product_image_gallery":["6979"],"_woocs_regular_price_EUR":["11.27"],"_woocs_sale_price_EUR":["-1"],"_lowest_price_30_days":["11.27"],"uag_migration_processed":["1"],"_elementor_page_assets":["a:0:{}"],"_uag_page_assets":["a:9:{s:3:\"css\";s:0:\"\";s:2:\"js\";s:0:\"\";s:18:\"current_block_list\";a:3:{i:0;s:11:\"core\/search\";i:1;s:18:\"core\/legacy-widget\";i:2;s:27:\"woocommerce\/product-filters\";}s:8:\"uag_flag\";b:0;s:11:\"uag_version\";s:10:\"1776760064\";s:6:\"gfonts\";a:0:{}s:10:\"gfonts_url\";s:0:\"\";s:12:\"gfonts_files\";a:0:{}s:14:\"uag_faq_layout\";b:0;}"]},"uagb_featured_image_src":{"full":["https:\/\/www.meavia-mh.hr\/wp-content\/uploads\/2021\/05\/ezgif.com-gif-maker-87.jpg",836,836,false],"thumbnail":["https:\/\/www.meavia-mh.hr\/wp-content\/uploads\/2021\/05\/ezgif.com-gif-maker-87-150x150.jpg",150,150,true],"medium":["https:\/\/www.meavia-mh.hr\/wp-content\/uploads\/2021\/05\/ezgif.com-gif-maker-87-300x300.jpg",300,300,true],"medium_large":["https:\/\/www.meavia-mh.hr\/wp-content\/uploads\/2021\/05\/ezgif.com-gif-maker-87-768x768.jpg",768,768,true],"large":["https:\/\/www.meavia-mh.hr\/wp-content\/uploads\/2021\/05\/ezgif.com-gif-maker-87.jpg",836,836,false],"1536x1536":["https:\/\/www.meavia-mh.hr\/wp-content\/uploads\/2021\/05\/ezgif.com-gif-maker-87.jpg",836,836,false],"2048x2048":["https:\/\/www.meavia-mh.hr\/wp-content\/uploads\/2021\/05\/ezgif.com-gif-maker-87.jpg",836,836,false],"trp-custom-language-flag":["https:\/\/www.meavia-mh.hr\/wp-content\/uploads\/2021\/05\/ezgif.com-gif-maker-87-12x12.jpg",12,12,true],"woocommerce_thumbnail":["https:\/\/www.meavia-mh.hr\/wp-content\/uploads\/2021\/05\/ezgif.com-gif-maker-87-300x300.jpg",300,300,true],"woocommerce_single":["https:\/\/www.meavia-mh.hr\/wp-content\/uploads\/2021\/05\/ezgif.com-gif-maker-87-600x600.jpg",600,600,true],"woocommerce_gallery_thumbnail":["https:\/\/www.meavia-mh.hr\/wp-content\/uploads\/2021\/05\/ezgif.com-gif-maker-87-100x100.jpg",100,100,true]},"uagb_author_info":{"display_name":"Mea Via","author_link":"https:\/\/www.meavia-mh.hr\/sl\/author\/"},"uagb_comment_info":0,"uagb_excerpt":"IKON.iQ \u0161karice za kutikulu pomo\u0107i \u0107e vam precizno ukloniti vi\u0161ak kutikule kod manikure ili pedikure. \u0160karice su izra\u0111ene od najkvalitetnijeg japanskog medicinskog \u010delika, \u010dime je osigurana njihova dugotrajnost prilikom sterilizacije. IKON.iQ \u0161karice za kutikulu presvu\u010dene su posebnim premazom od titanijuma koji im daje prekrasan dugin efekt \u010dime \u0107e se odli\u010dno uklopiti u svaki interijer salona&hellip;","_links":{"self":[{"href":"https:\/\/www.meavia-mh.hr\/sl\/wp-json\/wp\/v2\/product\/6974","targetHints":{"allow":["GET"]}}],"collection":[{"href":"https:\/\/www.meavia-mh.hr\/sl\/wp-json\/wp\/v2\/product"}],"about":[{"href":"https:\/\/www.meavia-mh.hr\/sl\/wp-json\/wp\/v2\/types\/product"}],"replies":[{"embeddable":true,"href":"https:\/\/www.meavia-mh.hr\/sl\/wp-json\/wp\/v2\/comments?post=6974"}],"version-history":[{"count":1,"href":"https:\/\/www.meavia-mh.hr\/sl\/wp-json\/wp\/v2\/product\/6974\/revisions"}],"predecessor-version":[{"id":31234,"href":"https:\/\/www.meavia-mh.hr\/sl\/wp-json\/wp\/v2\/product\/6974\/revisions\/31234"}],"wp:featuredmedia":[{"embeddable":true,"href":"https:\/\/www.meavia-mh.hr\/sl\/wp-json\/wp\/v2\/media\/6978"}],"wp:attachment":[{"href":"https:\/\/www.meavia-mh.hr\/sl\/wp-json\/wp\/v2\/media?parent=6974"}],"wp:term":[{"taxonomy":"product_brand","embeddable":true,"href":"https:\/\/www.meavia-mh.hr\/sl\/wp-json\/wp\/v2\/product_brand?post=6974"},{"taxonomy":"product_cat","embeddable":true,"href":"https:\/\/www.meavia-mh.hr\/sl\/wp-json\/wp\/v2\/product_cat?post=6974"},{"taxonomy":"product_tag","embeddable":true,"href":"https:\/\/www.meavia-mh.hr\/sl\/wp-json\/wp\/v2\/product_tag?post=6974"}],"curies":[{"name":"delovni list","href":"https:\/\/api.w.org\/{rel}","templated":true}]}}