{"id":6498,"date":"2021-03-16T15:33:17","date_gmt":"2021-03-16T15:33:17","guid":{"rendered":"https:\/\/www.meavia-mh.hr\/?post_type=product&#038;p=6498"},"modified":"2026-01-24T07:59:56","modified_gmt":"2026-01-24T06:59:56","slug":"ikon-iq-premium-files-raspa-za-nokte-100-180","status":"publish","type":"product","link":"https:\/\/www.meavia-mh.hr\/sl\/product\/ikon-iq-premium-files-raspa-za-nokte-100-180\/","title":{"rendered":"IKON.iQ Premium pilica za nohte 100\/180"},"content":{"rendered":"<ul>\n<li>IKON.iQ Premium pila za nohte 100\/180<\/li>\n<li>zelo dolgotrajni nohtni ra\u0161pi<\/li>\n<li>dvostranski ra\u0161p gradacije 100\/180<\/li>\n<li>najkakovostnej\u0161i japonski abrazivni premaz zagotavlja dolgo \u017eivljenjsko dobo<\/li>\n<li>Premium kvaliteta<\/li>\n<li>vse ra\u0161pe je mogo\u010de razku\u017eiti<\/li>\n<li>omogo\u010da hitro in enostavno oblikovanje nohtov vgrajenega <a href=\"https:\/\/www.meavia-mh.hr\/sl\/product\/ikon-iq-opium-clear-sculpting-uv-led-gel-50ml\/\">IKON.iQ gradbeni geli<\/a> ali <a href=\"https:\/\/www.meavia-mh.hr\/sl\/product\/ikon-iq-polytek-polymer-gel-cover-pink-60g\/\">IKON.iQ akrilni geli<\/a><\/li>\n<\/ul>\n<h6>Pakiranje: 1 kos<\/h6>\n<p>&nbsp;<\/p>\n<p>&nbsp;<\/p>","protected":false},"excerpt":{"rendered":"<p>IKON.iQ Premium pilice ra\u0161pa za nohte 100\/180 zelo obstojne ra\u0161plje za nohte dvostranske ra\u0161plje grade 100\/180 najkakovostnej\u0161i japonski abrazivni premaz zagotavlja dolgotrajno uporabo vrhunske kakovosti vse ra\u0161plje je mogo\u010de razku\u017eiti omogo\u010da hitro in enostavno oblikovanje nohtov nadgrajen z gradbenimi geli IKON.iQ ali akrilnimi geli IKON .iQ Pakiranje: 1 kos &nbsp; &nbsp;<\/p>","protected":false},"featured_media":6499,"comment_status":"closed","ping_status":"closed","template":"","meta":{"_uag_custom_page_level_css":"","site-sidebar-layout":"default","site-content-layout":"default","ast-site-content-layout":"default","site-content-style":"default","site-sidebar-style":"default","ast-global-header-display":"","ast-banner-title-visibility":"","ast-main-header-display":"","ast-hfb-above-header-display":"","ast-hfb-below-header-display":"","ast-hfb-mobile-header-display":"","site-post-title":"","ast-breadcrumbs-content":"","ast-featured-img":"","footer-sml-layout":"","ast-disable-related-posts":"","theme-transparent-header-meta":"default","adv-header-id-meta":"","stick-header-meta":"default","header-above-stick-meta":"","header-main-stick-meta":"","header-below-stick-meta":"","astra-migrate-meta-layouts":"set","ast-page-background-enabled":"default","ast-page-background-meta":{"desktop":{"background-color":"var(--ast-global-color-4)","background-image":"","background-repeat":"repeat","background-position":"center center","background-size":"auto","background-attachment":"scroll","background-type":"","background-media":"","overlay-type":"","overlay-color":"","overlay-opacity":"","overlay-gradient":""},"tablet":{"background-color":"","background-image":"","background-repeat":"repeat","background-position":"center center","background-size":"auto","background-attachment":"scroll","background-type":"","background-media":"","overlay-type":"","overlay-color":"","overlay-opacity":"","overlay-gradient":""},"mobile":{"background-color":"","background-image":"","background-repeat":"repeat","background-position":"center center","background-size":"auto","background-attachment":"scroll","background-type":"","background-media":"","overlay-type":"","overlay-color":"","overlay-opacity":"","overlay-gradient":""}},"ast-content-background-meta":{"desktop":{"background-color":"var(--ast-global-color-5)","background-image":"","background-repeat":"repeat","background-position":"center center","background-size":"auto","background-attachment":"scroll","background-type":"","background-media":"","overlay-type":"","overlay-color":"","overlay-opacity":"","overlay-gradient":""},"tablet":{"background-color":"var(--ast-global-color-5)","background-image":"","background-repeat":"repeat","background-position":"center center","background-size":"auto","background-attachment":"scroll","background-type":"","background-media":"","overlay-type":"","overlay-color":"","overlay-opacity":"","overlay-gradient":""},"mobile":{"background-color":"var(--ast-global-color-5)","background-image":"","background-repeat":"repeat","background-position":"center center","background-size":"auto","background-attachment":"scroll","background-type":"","background-media":"","overlay-type":"","overlay-color":"","overlay-opacity":"","overlay-gradient":""}}},"product_brand":[],"product_cat":[113],"product_tag":[196,197],"class_list":{"0":"post-6498","1":"product","2":"type-product","3":"status-publish","4":"has-post-thumbnail","6":"product_cat-raspe","7":"product_tag-raspa","8":"product_tag-turpija","9":"desktop-align-left","10":"tablet-align-left","11":"mobile-align-left","12":"ast-product-gallery-layout-horizontal-slider","13":"ast-product-gallery-with-no-image","14":"ast-product-tabs-layout-horizontal","16":"first","17":"outofstock","18":"taxable","19":"shipping-taxable","20":"purchasable","21":"product-type-simple"},"yoast_head":"<!-- This site is optimized with the Yoast SEO plugin v27.5 - https:\/\/yoast.com\/product\/yoast-seo-wordpress\/ -->\n<title>IKON.iQ Premium ra\u0161pa za nokte 100\/180 &#8902; Mea Via Beauty<\/title>\n<meta name=\"description\" content=\"IKON.iQ Premium ra\u0161pa za nokte 100\/180 &#8902; najkvalitetniji japanski abrazivni premaz &#8902; sve ra\u0161pe se mogu dezinficirati &#8902; top kvaliteta\" \/>\n<meta name=\"robots\" content=\"index, follow, max-snippet:-1, max-image-preview:large, max-video-preview:-1\" \/>\n<link rel=\"canonical\" href=\"https:\/\/www.meavia-mh.hr\/sl\/product\/ikon-iq-premium-files-raspa-za-nokte-100-180\/\" \/>\n<meta property=\"og:locale\" content=\"sl_SI\" \/>\n<meta property=\"og:type\" content=\"article\" \/>\n<meta property=\"og:title\" content=\"IKON.iQ Premium ra\u0161pa za nokte 100\/180 &#8902; Mea Via Beauty\" \/>\n<meta property=\"og:description\" content=\"IKON.iQ Premium ra\u0161pa za nokte 100\/180 &#8902; najkvalitetniji japanski abrazivni premaz &#8902; sve ra\u0161pe se mogu dezinficirati &#8902; top kvaliteta\" \/>\n<meta property=\"og:url\" content=\"https:\/\/www.meavia-mh.hr\/sl\/product\/ikon-iq-premium-files-raspa-za-nokte-100-180\/\" \/>\n<meta property=\"og:site_name\" content=\"Mea Via Beauty\" \/>\n<meta property=\"article:publisher\" content=\"https:\/\/www.facebook.com\/MeaViaNailsWorld\" \/>\n<meta property=\"article:modified_time\" content=\"2026-01-24T06:59:56+00:00\" \/>\n<meta property=\"og:image\" content=\"https:\/\/www.meavia-mh.hr\/wp-content\/uploads\/2021\/03\/IKON.iQ-Premium-files-raspa-za-nokte-100180.jpg\" \/>\n\t<meta property=\"og:image:width\" content=\"1302\" \/>\n\t<meta property=\"og:image:height\" content=\"1276\" \/>\n\t<meta property=\"og:image:type\" content=\"image\/jpeg\" \/>\n<meta name=\"twitter:card\" content=\"summary_large_image\" \/>\n<meta name=\"twitter:label1\" content=\"Est. reading time\" \/>\n\t<meta name=\"twitter:data1\" content=\"1 minuta\" \/>\n<script type=\"application\/ld+json\" class=\"yoast-schema-graph\">{\"@context\":\"https:\\\/\\\/schema.org\",\"@graph\":[{\"@type\":\"WebPage\",\"@id\":\"https:\\\/\\\/www.meavia-mh.hr\\\/product\\\/ikon-iq-premium-files-raspa-za-nokte-100-180\\\/\",\"url\":\"https:\\\/\\\/www.meavia-mh.hr\\\/product\\\/ikon-iq-premium-files-raspa-za-nokte-100-180\\\/\",\"name\":\"IKON.iQ Premium ra\u0161pa za nokte 100\\\/180 &#8902; Mea Via Beauty\",\"isPartOf\":{\"@id\":\"https:\\\/\\\/meavia-mh.hr\\\/sl\\\/#website\"},\"primaryImageOfPage\":{\"@id\":\"https:\\\/\\\/www.meavia-mh.hr\\\/product\\\/ikon-iq-premium-files-raspa-za-nokte-100-180\\\/#primaryimage\"},\"image\":{\"@id\":\"https:\\\/\\\/www.meavia-mh.hr\\\/product\\\/ikon-iq-premium-files-raspa-za-nokte-100-180\\\/#primaryimage\"},\"thumbnailUrl\":\"https:\\\/\\\/www.meavia-mh.hr\\\/wp-content\\\/uploads\\\/2021\\\/03\\\/IKON.iQ-Premium-files-raspa-za-nokte-100180.jpg\",\"datePublished\":\"2021-03-16T15:33:17+00:00\",\"dateModified\":\"2026-01-24T06:59:56+00:00\",\"description\":\"IKON.iQ Premium ra\u0161pa za nokte 100\\\/180 &#8902; najkvalitetniji japanski abrazivni premaz &#8902; sve ra\u0161pe se mogu dezinficirati &#8902; top kvaliteta\",\"breadcrumb\":{\"@id\":\"https:\\\/\\\/www.meavia-mh.hr\\\/product\\\/ikon-iq-premium-files-raspa-za-nokte-100-180\\\/#breadcrumb\"},\"inLanguage\":\"sl-SI\",\"potentialAction\":[{\"@type\":\"ReadAction\",\"target\":[\"https:\\\/\\\/www.meavia-mh.hr\\\/product\\\/ikon-iq-premium-files-raspa-za-nokte-100-180\\\/\"]}]},{\"@type\":\"ImageObject\",\"inLanguage\":\"sl-SI\",\"@id\":\"https:\\\/\\\/www.meavia-mh.hr\\\/product\\\/ikon-iq-premium-files-raspa-za-nokte-100-180\\\/#primaryimage\",\"url\":\"https:\\\/\\\/www.meavia-mh.hr\\\/wp-content\\\/uploads\\\/2021\\\/03\\\/IKON.iQ-Premium-files-raspa-za-nokte-100180.jpg\",\"contentUrl\":\"https:\\\/\\\/www.meavia-mh.hr\\\/wp-content\\\/uploads\\\/2021\\\/03\\\/IKON.iQ-Premium-files-raspa-za-nokte-100180.jpg\",\"width\":1302,\"height\":1276,\"caption\":\"IKON.iQ Premium files ra\u0161pa za nokte 100\\\/180\"},{\"@type\":\"BreadcrumbList\",\"@id\":\"https:\\\/\\\/www.meavia-mh.hr\\\/product\\\/ikon-iq-premium-files-raspa-za-nokte-100-180\\\/#breadcrumb\",\"itemListElement\":[{\"@type\":\"ListItem\",\"position\":1,\"name\":\"Po\u010detna stranica\",\"item\":\"https:\\\/\\\/www.meavia-mh.hr\\\/\"},{\"@type\":\"ListItem\",\"position\":2,\"name\":\"Trgovina\",\"item\":\"https:\\\/\\\/meavia-mh.hr\\\/sl\\\/store\\\/\"},{\"@type\":\"ListItem\",\"position\":3,\"name\":\"IKON.iQ Premium ra\u0161pa za nokte 100\\\/180\"}]},{\"@type\":\"WebSite\",\"@id\":\"https:\\\/\\\/meavia-mh.hr\\\/sl\\\/#website\",\"url\":\"https:\\\/\\\/meavia-mh.hr\\\/sl\\\/\",\"name\":\"Mea Via Beauty\",\"description\":\"Only The Best For Your Beauty\",\"publisher\":{\"@id\":\"https:\\\/\\\/meavia-mh.hr\\\/sl\\\/#organization\"},\"alternateName\":\"Mea Via Nails\",\"potentialAction\":[{\"@type\":\"SearchAction\",\"target\":{\"@type\":\"EntryPoint\",\"urlTemplate\":\"https:\\\/\\\/meavia-mh.hr\\\/sl\\\/?s={search_term_string}\"},\"query-input\":{\"@type\":\"PropertyValueSpecification\",\"valueRequired\":true,\"valueName\":\"search_term_string\"}}],\"inLanguage\":\"sl-SI\"},{\"@type\":\"Organization\",\"@id\":\"https:\\\/\\\/meavia-mh.hr\\\/sl\\\/#organization\",\"name\":\"Mea Via Nails World\",\"alternateName\":\"Mea Via\",\"url\":\"https:\\\/\\\/meavia-mh.hr\\\/sl\\\/\",\"logo\":{\"@type\":\"ImageObject\",\"inLanguage\":\"sl-SI\",\"@id\":\"https:\\\/\\\/meavia-mh.hr\\\/sl\\\/#\\\/schema\\\/logo\\\/image\\\/\",\"url\":\"https:\\\/\\\/www.meavia-mh.hr\\\/wp-content\\\/uploads\\\/2020\\\/12\\\/Mea-Via.png\",\"contentUrl\":\"https:\\\/\\\/www.meavia-mh.hr\\\/wp-content\\\/uploads\\\/2020\\\/12\\\/Mea-Via.png\",\"width\":1181,\"height\":393,\"caption\":\"Mea Via Nails World\"},\"image\":{\"@id\":\"https:\\\/\\\/meavia-mh.hr\\\/sl\\\/#\\\/schema\\\/logo\\\/image\\\/\"},\"sameAs\":[\"https:\\\/\\\/www.facebook.com\\\/MeaViaNailsWorld\",\"https:\\\/\\\/www.instagram.com\\\/mea_via_nails_world\\\/\",\"https:\\\/\\\/www.youtube.com\\\/channel\\\/UCECk0hpRWP6TN-EfA4ER96g\\\/featured\"]}]}<\/script>\n<!-- \/ Yoast SEO plugin. -->","yoast_head_json":{"title":"IKON.iQ Premium ra\u0161pa za nokte 100\/180 &#8902; Mea Via Beauty","description":"IKON.iQ Premium ra\u0161pa za nokte 100\/180 &#8902; najkvalitetniji japanski abrazivni premaz &#8902; sve ra\u0161pe se mogu dezinficirati &#8902; top kvaliteta","robots":{"index":"index","follow":"follow","max-snippet":"max-snippet:-1","max-image-preview":"max-image-preview:large","max-video-preview":"max-video-preview:-1"},"canonical":"https:\/\/www.meavia-mh.hr\/sl\/product\/ikon-iq-premium-files-raspa-za-nokte-100-180\/","og_locale":"sl_SI","og_type":"article","og_title":"IKON.iQ Premium ra\u0161pa za nokte 100\/180 &#8902; Mea Via Beauty","og_description":"IKON.iQ Premium ra\u0161pa za nokte 100\/180 &#8902; najkvalitetniji japanski abrazivni premaz &#8902; sve ra\u0161pe se mogu dezinficirati &#8902; top kvaliteta","og_url":"https:\/\/www.meavia-mh.hr\/sl\/product\/ikon-iq-premium-files-raspa-za-nokte-100-180\/","og_site_name":"Mea Via Beauty","article_publisher":"https:\/\/www.facebook.com\/MeaViaNailsWorld","article_modified_time":"2026-01-24T06:59:56+00:00","og_image":[{"width":1302,"height":1276,"url":"https:\/\/www.meavia-mh.hr\/wp-content\/uploads\/2021\/03\/IKON.iQ-Premium-files-raspa-za-nokte-100180.jpg","type":"image\/jpeg"}],"twitter_card":"summary_large_image","twitter_misc":{"Est. reading time":"1 minuta"},"schema":{"@context":"https:\/\/schema.org","@graph":[{"@type":"WebPage","@id":"https:\/\/www.meavia-mh.hr\/product\/ikon-iq-premium-files-raspa-za-nokte-100-180\/","url":"https:\/\/www.meavia-mh.hr\/product\/ikon-iq-premium-files-raspa-za-nokte-100-180\/","name":"IKON.iQ Premium ra\u0161pa za nokte 100\/180 &#8902; Mea Via Beauty","isPartOf":{"@id":"https:\/\/meavia-mh.hr\/sl\/#website"},"primaryImageOfPage":{"@id":"https:\/\/www.meavia-mh.hr\/product\/ikon-iq-premium-files-raspa-za-nokte-100-180\/#primaryimage"},"image":{"@id":"https:\/\/www.meavia-mh.hr\/product\/ikon-iq-premium-files-raspa-za-nokte-100-180\/#primaryimage"},"thumbnailUrl":"https:\/\/www.meavia-mh.hr\/wp-content\/uploads\/2021\/03\/IKON.iQ-Premium-files-raspa-za-nokte-100180.jpg","datePublished":"2021-03-16T15:33:17+00:00","dateModified":"2026-01-24T06:59:56+00:00","description":"IKON.iQ Premium ra\u0161pa za nokte 100\/180 &#8902; najkvalitetniji japanski abrazivni premaz &#8902; sve ra\u0161pe se mogu dezinficirati &#8902; top kvaliteta","breadcrumb":{"@id":"https:\/\/www.meavia-mh.hr\/product\/ikon-iq-premium-files-raspa-za-nokte-100-180\/#breadcrumb"},"inLanguage":"sl-SI","potentialAction":[{"@type":"ReadAction","target":["https:\/\/www.meavia-mh.hr\/product\/ikon-iq-premium-files-raspa-za-nokte-100-180\/"]}]},{"@type":"ImageObject","inLanguage":"sl-SI","@id":"https:\/\/www.meavia-mh.hr\/product\/ikon-iq-premium-files-raspa-za-nokte-100-180\/#primaryimage","url":"https:\/\/www.meavia-mh.hr\/wp-content\/uploads\/2021\/03\/IKON.iQ-Premium-files-raspa-za-nokte-100180.jpg","contentUrl":"https:\/\/www.meavia-mh.hr\/wp-content\/uploads\/2021\/03\/IKON.iQ-Premium-files-raspa-za-nokte-100180.jpg","width":1302,"height":1276,"caption":"IKON.iQ Premium files ra\u0161pa za nokte 100\/180"},{"@type":"BreadcrumbList","@id":"https:\/\/www.meavia-mh.hr\/product\/ikon-iq-premium-files-raspa-za-nokte-100-180\/#breadcrumb","itemListElement":[{"@type":"ListItem","position":1,"name":"Po\u010detna stranica","item":"https:\/\/www.meavia-mh.hr\/"},{"@type":"ListItem","position":2,"name":"Trgovina","item":"https:\/\/meavia-mh.hr\/sl\/store\/"},{"@type":"ListItem","position":3,"name":"IKON.iQ Premium ra\u0161pa za nokte 100\/180"}]},{"@type":"WebSite","@id":"https:\/\/meavia-mh.hr\/sl\/#website","url":"https:\/\/meavia-mh.hr\/sl\/","name":"MEA VIA BEAUTY","description":"Only The Best For Your Beauty","publisher":{"@id":"https:\/\/meavia-mh.hr\/sl\/#organization"},"alternateName":"Mea Via Nails","potentialAction":[{"@type":"SearchAction","target":{"@type":"EntryPoint","urlTemplate":"https:\/\/meavia-mh.hr\/sl\/?s={search_term_string}"},"query-input":{"@type":"PropertyValueSpecification","valueRequired":true,"valueName":"search_term_string"}}],"inLanguage":"sl-SI"},{"@type":"Organization","@id":"https:\/\/meavia-mh.hr\/sl\/#organization","name":"Mea Via Nails World","alternateName":"Mea Via","url":"https:\/\/meavia-mh.hr\/sl\/","logo":{"@type":"ImageObject","inLanguage":"sl-SI","@id":"https:\/\/meavia-mh.hr\/sl\/#\/schema\/logo\/image\/","url":"https:\/\/www.meavia-mh.hr\/wp-content\/uploads\/2020\/12\/Mea-Via.png","contentUrl":"https:\/\/www.meavia-mh.hr\/wp-content\/uploads\/2020\/12\/Mea-Via.png","width":1181,"height":393,"caption":"Mea Via Nails World"},"image":{"@id":"https:\/\/meavia-mh.hr\/sl\/#\/schema\/logo\/image\/"},"sameAs":["https:\/\/www.facebook.com\/MeaViaNailsWorld","https:\/\/www.instagram.com\/mea_via_nails_world\/","https:\/\/www.youtube.com\/channel\/UCECk0hpRWP6TN-EfA4ER96g\/featured"]}]}},"spectra_custom_meta":{"_sku":["F10005"],"_regular_price":["1.59"],"total_sales":["266"],"_tax_status":["taxable"],"_tax_class":[""],"_manage_stock":["yes"],"_backorders":["no"],"_sold_individually":["no"],"_virtual":["no"],"_downloadable":["no"],"_download_limit":["-1"],"_download_expiry":["-1"],"_thumbnail_id":["6499"],"_stock":["0"],"_stock_status":["outofstock"],"_wc_average_rating":["0"],"_wc_review_count":["0"],"_product_version":["10.4.3"],"_price":["1.59"],"_oembed_1583823a6f7cfc0d57253f9c909564ab":["<iframe title=\"IKON.IQ Nail Files Explained\" width=\"898\" height=\"674\" src=\"https:\/\/www.youtube.com\/embed\/3WGD9JlY4vQ?list=PLYARWdED2Jslsy93VfyXXRXgWaskr3Vxb\" frameborder=\"0\" allow=\"accelerometer; autoplay; clipboard-write; encrypted-media; gyroscope; picture-in-picture\" allowfullscreen><\/iframe>"],"_oembed_time_1583823a6f7cfc0d57253f9c909564ab":["1608844917"],"_wp_page_template":["default"],"_yoast_wpseo_focuskw":["ra\u0161pa za nokte"],"_yoast_wpseo_metadesc":["%%title%% %%sep%% najkvalitetniji japanski abrazivni premaz %%sep%% sve ra\u0161pe se mogu dezinficirati %%sep%% top kvaliteta"],"_yoast_wpseo_linkdex":["56"],"_yoast_wpseo_content_score":["90"],"_yoast_wpseo_primary_product_cat":["113"],"site-sidebar-layout":["default"],"site-content-layout":["default"],"theme-transparent-header-meta":["default"],"stick-header-meta":["default"],"_oembed_761eb985746ff668eac61eee2c76ab99":["<iframe title=\"IKON.IQ Nail Files Explained\" width=\"500\" height=\"375\" src=\"https:\/\/www.youtube.com\/embed\/3WGD9JlY4vQ?list=PLYARWdED2Jslsy93VfyXXRXgWaskr3Vxb\" frameborder=\"0\" allow=\"accelerometer; autoplay; clipboard-write; encrypted-media; gyroscope; picture-in-picture\" allowfullscreen><\/iframe>"],"_oembed_time_761eb985746ff668eac61eee2c76ab99":["1615909299"],"_oembed_11b4edb2ed6a7d9d6c14f536d7ce5fab":["<iframe title=\"IKON.IQ Nail Files Explained\" width=\"922\" height=\"692\" src=\"https:\/\/www.youtube.com\/embed\/3WGD9JlY4vQ?list=PLYARWdED2Jslsy93VfyXXRXgWaskr3Vxb\" frameborder=\"0\" allow=\"accelerometer; autoplay; clipboard-write; encrypted-media; gyroscope; picture-in-picture\" allowfullscreen><\/iframe>"],"_oembed_time_11b4edb2ed6a7d9d6c14f536d7ce5fab":["1608845255"],"_oembed_4d18753d878028cba95d7c0f7ed0ab5a":["<iframe title=\"IKON.IQ Nail Files Explained\" width=\"1200\" height=\"900\" src=\"https:\/\/www.youtube.com\/embed\/3WGD9JlY4vQ?list=PLYARWdED2Jslsy93VfyXXRXgWaskr3Vxb\" frameborder=\"0\" allow=\"accelerometer; autoplay; clipboard-write; encrypted-media; gyroscope; picture-in-picture\" allowfullscreen><\/iframe>"],"_oembed_time_4d18753d878028cba95d7c0f7ed0ab5a":["1608909195"],"_woocs_price_geo_countries":[""],"_woocs_regular_price_geo":[""],"_woocs_sale_price_geo":[""],"_yoast_wpseo_estimated-reading-time-minutes":["1"],"cartflows_redirect_flow_id":[""],"cartflows_add_to_cart_text":[""],"_edit_lock":["1699351288:1239"],"_edit_last":["1239"],"ast-below-header-display":[""],"_yoast_wpseo_wordproof_timestamp":[""],"_woocs_regular_price_EUR":["1.59"],"_woocs_sale_price_EUR":["-1"],"_lowest_price_30_days":["1.59"],"ast-site-content-layout":["default"],"site-content-style":["default"],"site-sidebar-style":["default"],"astra-migrate-meta-layouts":["set"],"_yoast_wpseo_primary_fb_product_set":[""],"uag_migration_processed":["1"],"_uag_page_assets":["a:9:{s:3:\"css\";s:0:\"\";s:2:\"js\";s:0:\"\";s:18:\"current_block_list\";a:3:{i:0;s:11:\"core\/search\";i:1;s:18:\"core\/legacy-widget\";i:2;s:27:\"woocommerce\/product-filters\";}s:8:\"uag_flag\";b:0;s:11:\"uag_version\";s:10:\"1777732360\";s:6:\"gfonts\";a:0:{}s:10:\"gfonts_url\";s:0:\"\";s:12:\"gfonts_files\";a:0:{}s:14:\"uag_faq_layout\";b:0;}"]},"uagb_featured_image_src":{"full":["https:\/\/www.meavia-mh.hr\/wp-content\/uploads\/2021\/03\/IKON.iQ-Premium-files-raspa-za-nokte-100180.jpg",1302,1276,false],"thumbnail":["https:\/\/www.meavia-mh.hr\/wp-content\/uploads\/2021\/03\/IKON.iQ-Premium-files-raspa-za-nokte-100180-150x150.jpg",150,150,true],"medium":["https:\/\/www.meavia-mh.hr\/wp-content\/uploads\/2021\/03\/IKON.iQ-Premium-files-raspa-za-nokte-100180-300x294.jpg",300,294,true],"medium_large":["https:\/\/www.meavia-mh.hr\/wp-content\/uploads\/2021\/03\/IKON.iQ-Premium-files-raspa-za-nokte-100180-768x753.jpg",768,753,true],"large":["https:\/\/www.meavia-mh.hr\/wp-content\/uploads\/2021\/03\/IKON.iQ-Premium-files-raspa-za-nokte-100180-1024x1004.jpg",1024,1004,true],"1536x1536":["https:\/\/www.meavia-mh.hr\/wp-content\/uploads\/2021\/03\/IKON.iQ-Premium-files-raspa-za-nokte-100180.jpg",1302,1276,false],"2048x2048":["https:\/\/www.meavia-mh.hr\/wp-content\/uploads\/2021\/03\/IKON.iQ-Premium-files-raspa-za-nokte-100180.jpg",1302,1276,false],"trp-custom-language-flag":["https:\/\/www.meavia-mh.hr\/wp-content\/uploads\/2021\/03\/IKON.iQ-Premium-files-raspa-za-nokte-100180-12x12.jpg",12,12,true],"woocommerce_thumbnail":["https:\/\/www.meavia-mh.hr\/wp-content\/uploads\/2021\/03\/IKON.iQ-Premium-files-raspa-za-nokte-100180-300x300.jpg",300,300,true],"woocommerce_single":["https:\/\/www.meavia-mh.hr\/wp-content\/uploads\/2021\/03\/IKON.iQ-Premium-files-raspa-za-nokte-100180-600x588.jpg",600,588,true],"woocommerce_gallery_thumbnail":["https:\/\/www.meavia-mh.hr\/wp-content\/uploads\/2021\/03\/IKON.iQ-Premium-files-raspa-za-nokte-100180-100x100.jpg",100,100,true]},"uagb_author_info":{"display_name":"Mea Via","author_link":"https:\/\/www.meavia-mh.hr\/sl\/author\/"},"uagb_comment_info":0,"uagb_excerpt":"IKON.iQ Premium files ra\u0161pa za nokte 100\/180 vrlo dugotrajne ra\u0161pe za nokte dvostrana ra\u0161pa gradacije 100\/180 najkvalitetniji japanski abrazivni premaz osigurava dugotrajnost kori\u0161tenja premium kvaliteta sve ra\u0161pe se mogu dezinficirati omogu\u0107ava brzo i jednostavno oblikovanje noktiju izgra\u0111enih IKON.iQ builder\u00a0gelovima ili IKON.iQ akril gelovima Pakiranje: 1 kom &nbsp; &nbsp;","_links":{"self":[{"href":"https:\/\/www.meavia-mh.hr\/sl\/wp-json\/wp\/v2\/product\/6498","targetHints":{"allow":["GET"]}}],"collection":[{"href":"https:\/\/www.meavia-mh.hr\/sl\/wp-json\/wp\/v2\/product"}],"about":[{"href":"https:\/\/www.meavia-mh.hr\/sl\/wp-json\/wp\/v2\/types\/product"}],"replies":[{"embeddable":true,"href":"https:\/\/www.meavia-mh.hr\/sl\/wp-json\/wp\/v2\/comments?post=6498"}],"version-history":[{"count":1,"href":"https:\/\/www.meavia-mh.hr\/sl\/wp-json\/wp\/v2\/product\/6498\/revisions"}],"predecessor-version":[{"id":24419,"href":"https:\/\/www.meavia-mh.hr\/sl\/wp-json\/wp\/v2\/product\/6498\/revisions\/24419"}],"wp:featuredmedia":[{"embeddable":true,"href":"https:\/\/www.meavia-mh.hr\/sl\/wp-json\/wp\/v2\/media\/6499"}],"wp:attachment":[{"href":"https:\/\/www.meavia-mh.hr\/sl\/wp-json\/wp\/v2\/media?parent=6498"}],"wp:term":[{"taxonomy":"product_brand","embeddable":true,"href":"https:\/\/www.meavia-mh.hr\/sl\/wp-json\/wp\/v2\/product_brand?post=6498"},{"taxonomy":"product_cat","embeddable":true,"href":"https:\/\/www.meavia-mh.hr\/sl\/wp-json\/wp\/v2\/product_cat?post=6498"},{"taxonomy":"product_tag","embeddable":true,"href":"https:\/\/www.meavia-mh.hr\/sl\/wp-json\/wp\/v2\/product_tag?post=6498"}],"curies":[{"name":"delovni list","href":"https:\/\/api.w.org\/{rel}","templated":true}]}}