{"id":6084,"date":"2021-02-19T09:37:56","date_gmt":"2021-02-19T09:37:56","guid":{"rendered":"https:\/\/www.meavia-mh.hr\/?post_type=product&#038;p=6084"},"modified":"2024-07-05T15:49:12","modified_gmt":"2024-07-05T15:49:12","slug":"dijamantni-nastavak-za-brusilicu-5-0-m","status":"publish","type":"product","link":"https:\/\/www.meavia-mh.hr\/sl\/product\/dijamantni-nastavak-za-brusilicu-5-0-m\/","title":{"rendered":"Diamantni nastavek za obnohtno ko\u017eico 5.0 M DD0510"},"content":{"rendered":"<p><span class=\"\">Diamond Nail Sander Attachment 5.0 je zasnovan za odstranjevanje trajnih lakov, UV gelov in akrilov.<\/span><\/p>\n<ul>\n<li>Univerzalni nastavek za oblikovanje nohtov<\/li>\n<li>Zelo trdo in trpe\u017eno nadaljevanje<\/li>\n<li>\u0160obo je mogo\u010de razku\u017eiti in sterilizirati<\/li>\n<li>Ne\u017eno odstranite stare obloge, ne da bi povzro\u010dali tresljaje<\/li>\n<li>Mo\u010dna in trpe\u017ena<\/li>\n<li>Prilega se vsakemu brusilniku za nohte z glavo za obra\u010danje in zaklepanje<\/li>\n<li>Izdelek za profesionalno uporabo<\/li>\n<\/ul>\n<h6>Pakiranje: 1 kos<\/h6>\n<h6>Model:\u00a0<span class=\"\">M DD0510<\/span><\/h6>\n<h6>Dodatki diamantne pilice za nohte:<\/h6>\n<p><span class=\"\">Pred za\u010detkom manikure je treba nohtno plo\u0161\u010do pravilno pripraviti. <\/span><span class=\"\">Za to potrebno orodje je brusilnik za nohte z ustrezno izbranimi brusilnimi nastavki (rezalniki).<\/span><\/p>\n<p>Diamantni podalj\u0161ki za <a href=\"https:\/\/www.meavia-mh.hr\/sl\/product\/palu-brusilica-za-nokte-portable-nail-file-machine-black-white\/\">\u0161\u010dipalke za nohte<\/a> so najbolj vsestranski in se najpogosteje uporabljajo med delom v salonih za manikuro in pedikuro. Diamantni podalj\u0161ek za <a href=\"https:\/\/www.meavia-mh.hr\/sl\/product\/palu-brusilica-za-nokte-portable-nail-file-machine-white-pink\/\">brusilnik za nohte<\/a><span class=\"\">\u00a0izdelan je iz zelo trpe\u017ene jeklene zlitine, prevle\u010dene z diamantnim prahom, zaradi \u010desar je izjemno trpe\u017ena in dolgotrajna.<\/span>\u00a0Odvisno od stopnjevanja in oblike jih lahko uporabimo za odstranjevanje povrhnjice okoli nohta, matiranje nohtne plo\u0161\u010de in odstranjevanje starega gela, akrila ali trajnega laka. <span class=\"\">Primerni so tudi za za\u010detnike, ki \u0161e niso v celoti izku\u0161eni z izvajanjem tretmaja. <\/span><\/p>\n<p>Priponke za diamantne nohte so v razli\u010dnih oblikah: sto\u017eec, zaobljen sto\u017eec, valj, zaobljeni valj, solza, kroglica, sto\u017eec ali kolut. Najbolj priljubljeni so krogli\u010dni, obrnjeni sto\u017eec in zaobljeni valj. Imajo tudi razli\u010dne gradacije finosti, od najmanj\u0161ih, ki so zelo ne\u017ene do povrhnjice, pa vse do zelo gostih, za odstranjevanje trajnih lakov, gelov in akrilnih gelov.<\/p>\n<p><span class=\"\">Zaradi \u0161iroke palete oblik in finosti gradacije so univerzalni podalj\u0161ki za brusilce nohtov, ki jih lahko uporabljamo za delo z nohti in obnohtno ko\u017eico.<\/span><\/p>\n<p>Diamantne rezalke za nohte odli\u010dno in hitro odstranijo trajni lak, oblikovanje gela, akrila in nohtov. Diamantni nastavki brusilnika za nohte omogo\u010dajo tudi \u010di\u0161\u010denje nohtov od spodaj. Z izbiro prave konice lahko natan\u010dno odstranite prej\u0161nji stajling, ki je zelo blizu nohtne plo\u0161\u010de, ne da bi to vplivalo na strukturo nohtov.<\/p>\n<h6>Namen diamantnih rezalnikov:<\/h6>\n<ul>\n<li>odstranjevanje trajnega laka, gela ali akrila<\/li>\n<li>odstranjevanje obnohtne ko\u017eice in poliranje nohtov<\/li>\n<li>\u010di\u0161\u010denje nohtov<\/li>\n<li>odstranjevanje in poliranje ne\u017ene ko\u017ee in naravnih nohtov<\/li>\n<li>zagotavlja manj invazivno delovanje in zmanj\u0161uje tveganje za po\u0161kodbe<\/li>\n<li>kot nala\u0161\u010d za zaklju\u010dek manikure in nohtov<\/li>\n<li>pred nanosom akrilnega gela matirajte naravno nohtno plo\u0161\u010do<\/li>\n<li>gelsko poliranje, odstranjuje ostanke baze<\/li>\n<li>za odstranjevanje kurjih o\u010des, mehurjev<\/li>\n<\/ul>","protected":false},"excerpt":{"rendered":"<p>Dijamantni nastavak za brusilicu za nokte 5.0 namijenjen je uklanjanju trajnih lakova, UV gelova i akrila. Univerzalni nastavak za oblikovanje nokta Vrlo tvrd i izdr\u017eljiv nastavak Nastavak se mo\u017ee dezinficirati i sterilizirati Lagano uklanjaj stare naslage, ne uzrokuju\u0107i vibracije Sna\u017ean i izdr\u017eljiv Odgovara bilo kojoj brusilici za nokte s glavom za okretanje i zaklju\u010davanje Proizvod [&hellip;]<\/p>\n","protected":false},"featured_media":6091,"comment_status":"closed","ping_status":"closed","template":"","meta":{"_uag_custom_page_level_css":"","site-sidebar-layout":"default","site-content-layout":null,"ast-site-content-layout":"default","site-content-style":"default","site-sidebar-style":"default","ast-global-header-display":"","ast-banner-title-visibility":"","ast-main-header-display":"","ast-hfb-above-header-display":"","ast-hfb-below-header-display":"","ast-hfb-mobile-header-display":"","site-post-title":"","ast-breadcrumbs-content":"","ast-featured-img":"","footer-sml-layout":"","ast-disable-related-posts":"","theme-transparent-header-meta":"default","adv-header-id-meta":"","stick-header-meta":"default","header-above-stick-meta":"","header-main-stick-meta":"","header-below-stick-meta":"","astra-migrate-meta-layouts":"default","ast-page-background-enabled":"default","ast-page-background-meta":{"desktop":{"background-color":"var(--ast-global-color-4)","background-image":"","background-repeat":"repeat","background-position":"center center","background-size":"auto","background-attachment":"scroll","background-type":"","background-media":"","overlay-type":"","overlay-color":"","overlay-opacity":"","overlay-gradient":""},"tablet":{"background-color":"","background-image":"","background-repeat":"repeat","background-position":"center center","background-size":"auto","background-attachment":"scroll","background-type":"","background-media":"","overlay-type":"","overlay-color":"","overlay-opacity":"","overlay-gradient":""},"mobile":{"background-color":"","background-image":"","background-repeat":"repeat","background-position":"center center","background-size":"auto","background-attachment":"scroll","background-type":"","background-media":"","overlay-type":"","overlay-color":"","overlay-opacity":"","overlay-gradient":""}},"ast-content-background-meta":{"desktop":{"background-color":"var(--ast-global-color-5)","background-image":"","background-repeat":"repeat","background-position":"center center","background-size":"auto","background-attachment":"scroll","background-type":"","background-media":"","overlay-type":"","overlay-color":"","overlay-opacity":"","overlay-gradient":""},"tablet":{"background-color":"var(--ast-global-color-5)","background-image":"","background-repeat":"repeat","background-position":"center center","background-size":"auto","background-attachment":"scroll","background-type":"","background-media":"","overlay-type":"","overlay-color":"","overlay-opacity":"","overlay-gradient":""},"mobile":{"background-color":"var(--ast-global-color-5)","background-image":"","background-repeat":"repeat","background-position":"center center","background-size":"auto","background-attachment":"scroll","background-type":"","background-media":"","overlay-type":"","overlay-color":"","overlay-opacity":"","overlay-gradient":""}}},"product_brand":[],"product_cat":[537],"product_tag":[],"class_list":{"0":"post-6084","1":"product","2":"type-product","3":"status-publish","4":"has-post-thumbnail","6":"product_cat-nastavci-za-brusilice","7":"desktop-align-left","8":"tablet-align-left","9":"mobile-align-left","10":"ast-product-gallery-layout-horizontal-slider","11":"ast-product-gallery-with-no-image","12":"ast-product-tabs-layout-horizontal","14":"first","15":"outofstock","16":"taxable","17":"shipping-taxable","18":"purchasable","19":"product-type-simple"},"yoast_head":"<!-- This site is optimized with the Yoast SEO plugin v27.4 - https:\/\/yoast.com\/product\/yoast-seo-wordpress\/ -->\n<title>Dijamantni nastavak za brusilicu za nokte 5.0 M DD0510 &#8902; Mea Via Beauty<\/title>\n<meta name=\"description\" content=\"Dijamantni nastavak za brusilicu za nokte 5.0 M DD0510 &#8902; top kvaliteta &#8902; za uklanjanje trajnog laka, gela ili akrila &#8902; mogu\u0107e sterilizirati\" \/>\n<meta name=\"robots\" content=\"index, follow, max-snippet:-1, max-image-preview:large, max-video-preview:-1\" \/>\n<link rel=\"canonical\" href=\"https:\/\/www.meavia-mh.hr\/sl\/product\/dijamantni-nastavak-za-brusilicu-5-0-m\/\" \/>\n<meta property=\"og:locale\" content=\"sl_SI\" \/>\n<meta property=\"og:type\" content=\"article\" \/>\n<meta property=\"og:title\" content=\"Dijamantni nastavak za brusilicu za nokte 5.0 M DD0510 &#8902; Mea Via Beauty\" \/>\n<meta property=\"og:description\" content=\"Dijamantni nastavak za brusilicu za nokte 5.0 M DD0510 &#8902; top kvaliteta &#8902; za uklanjanje trajnog laka, gela ili akrila &#8902; mogu\u0107e sterilizirati\" \/>\n<meta property=\"og:url\" content=\"https:\/\/www.meavia-mh.hr\/sl\/product\/dijamantni-nastavak-za-brusilicu-5-0-m\/\" \/>\n<meta property=\"og:site_name\" content=\"Mea Via Beauty\" \/>\n<meta property=\"article:publisher\" content=\"https:\/\/www.facebook.com\/MeaViaNailsWorld\" \/>\n<meta property=\"article:modified_time\" content=\"2024-07-05T15:49:12+00:00\" \/>\n<meta property=\"og:image\" content=\"https:\/\/www.meavia-mh.hr\/wp-content\/uploads\/2021\/02\/Dijamantni-nastavak-za-brusilicu-za-nokte-5.0-M-DD0510-2.jpg\" \/>\n\t<meta property=\"og:image:width\" content=\"1496\" \/>\n\t<meta property=\"og:image:height\" content=\"1496\" \/>\n\t<meta property=\"og:image:type\" content=\"image\/jpeg\" \/>\n<meta name=\"twitter:card\" content=\"summary_large_image\" \/>\n<meta name=\"twitter:label1\" content=\"Est. reading time\" \/>\n\t<meta name=\"twitter:data1\" content=\"2 minuti\" \/>\n<script type=\"application\/ld+json\" class=\"yoast-schema-graph\">{\"@context\":\"https:\\\/\\\/schema.org\",\"@graph\":[{\"@type\":\"WebPage\",\"@id\":\"https:\\\/\\\/www.meavia-mh.hr\\\/product\\\/dijamantni-nastavak-za-brusilicu-5-0-m\\\/\",\"url\":\"https:\\\/\\\/www.meavia-mh.hr\\\/product\\\/dijamantni-nastavak-za-brusilicu-5-0-m\\\/\",\"name\":\"Dijamantni nastavak za brusilicu za nokte 5.0 M DD0510 &#8902; Mea Via Beauty\",\"isPartOf\":{\"@id\":\"https:\\\/\\\/meavia-mh.hr\\\/sl\\\/#website\"},\"primaryImageOfPage\":{\"@id\":\"https:\\\/\\\/www.meavia-mh.hr\\\/product\\\/dijamantni-nastavak-za-brusilicu-5-0-m\\\/#primaryimage\"},\"image\":{\"@id\":\"https:\\\/\\\/www.meavia-mh.hr\\\/product\\\/dijamantni-nastavak-za-brusilicu-5-0-m\\\/#primaryimage\"},\"thumbnailUrl\":\"https:\\\/\\\/www.meavia-mh.hr\\\/wp-content\\\/uploads\\\/2021\\\/02\\\/Dijamantni-nastavak-za-brusilicu-za-nokte-5.0-M-DD0510-2.jpg\",\"datePublished\":\"2021-02-19T09:37:56+00:00\",\"dateModified\":\"2024-07-05T15:49:12+00:00\",\"description\":\"Dijamantni nastavak za brusilicu za nokte 5.0 M DD0510 &#8902; top kvaliteta &#8902; za uklanjanje trajnog laka, gela ili akrila &#8902; mogu\u0107e sterilizirati\",\"breadcrumb\":{\"@id\":\"https:\\\/\\\/www.meavia-mh.hr\\\/product\\\/dijamantni-nastavak-za-brusilicu-5-0-m\\\/#breadcrumb\"},\"inLanguage\":\"sl-SI\",\"potentialAction\":[{\"@type\":\"ReadAction\",\"target\":[\"https:\\\/\\\/www.meavia-mh.hr\\\/product\\\/dijamantni-nastavak-za-brusilicu-5-0-m\\\/\"]}]},{\"@type\":\"ImageObject\",\"inLanguage\":\"sl-SI\",\"@id\":\"https:\\\/\\\/www.meavia-mh.hr\\\/product\\\/dijamantni-nastavak-za-brusilicu-5-0-m\\\/#primaryimage\",\"url\":\"https:\\\/\\\/www.meavia-mh.hr\\\/wp-content\\\/uploads\\\/2021\\\/02\\\/Dijamantni-nastavak-za-brusilicu-za-nokte-5.0-M-DD0510-2.jpg\",\"contentUrl\":\"https:\\\/\\\/www.meavia-mh.hr\\\/wp-content\\\/uploads\\\/2021\\\/02\\\/Dijamantni-nastavak-za-brusilicu-za-nokte-5.0-M-DD0510-2.jpg\",\"width\":1496,\"height\":1496,\"caption\":\"Dijamantni nastavak za brusilicu za nokte 5.0 M DD0510\"},{\"@type\":\"BreadcrumbList\",\"@id\":\"https:\\\/\\\/www.meavia-mh.hr\\\/product\\\/dijamantni-nastavak-za-brusilicu-5-0-m\\\/#breadcrumb\",\"itemListElement\":[{\"@type\":\"ListItem\",\"position\":1,\"name\":\"Po\u010detna stranica\",\"item\":\"https:\\\/\\\/www.meavia-mh.hr\\\/\"},{\"@type\":\"ListItem\",\"position\":2,\"name\":\"Trgovina\",\"item\":\"https:\\\/\\\/meavia-mh.hr\\\/sl\\\/store\\\/\"},{\"@type\":\"ListItem\",\"position\":3,\"name\":\"Dijamantni nastavak za brusilicu za nokte 5.0 M DD0510\"}]},{\"@type\":\"WebSite\",\"@id\":\"https:\\\/\\\/meavia-mh.hr\\\/sl\\\/#website\",\"url\":\"https:\\\/\\\/meavia-mh.hr\\\/sl\\\/\",\"name\":\"Mea Via Beauty\",\"description\":\"Only The Best For Your Beauty\",\"publisher\":{\"@id\":\"https:\\\/\\\/meavia-mh.hr\\\/sl\\\/#organization\"},\"alternateName\":\"Mea Via Nails\",\"potentialAction\":[{\"@type\":\"SearchAction\",\"target\":{\"@type\":\"EntryPoint\",\"urlTemplate\":\"https:\\\/\\\/meavia-mh.hr\\\/sl\\\/?s={search_term_string}\"},\"query-input\":{\"@type\":\"PropertyValueSpecification\",\"valueRequired\":true,\"valueName\":\"search_term_string\"}}],\"inLanguage\":\"sl-SI\"},{\"@type\":\"Organization\",\"@id\":\"https:\\\/\\\/meavia-mh.hr\\\/sl\\\/#organization\",\"name\":\"Mea Via Nails World\",\"alternateName\":\"Mea Via\",\"url\":\"https:\\\/\\\/meavia-mh.hr\\\/sl\\\/\",\"logo\":{\"@type\":\"ImageObject\",\"inLanguage\":\"sl-SI\",\"@id\":\"https:\\\/\\\/meavia-mh.hr\\\/sl\\\/#\\\/schema\\\/logo\\\/image\\\/\",\"url\":\"https:\\\/\\\/www.meavia-mh.hr\\\/wp-content\\\/uploads\\\/2020\\\/12\\\/Mea-Via.png\",\"contentUrl\":\"https:\\\/\\\/www.meavia-mh.hr\\\/wp-content\\\/uploads\\\/2020\\\/12\\\/Mea-Via.png\",\"width\":1181,\"height\":393,\"caption\":\"Mea Via Nails World\"},\"image\":{\"@id\":\"https:\\\/\\\/meavia-mh.hr\\\/sl\\\/#\\\/schema\\\/logo\\\/image\\\/\"},\"sameAs\":[\"https:\\\/\\\/www.facebook.com\\\/MeaViaNailsWorld\",\"https:\\\/\\\/www.instagram.com\\\/mea_via_nails_world\\\/\",\"https:\\\/\\\/www.youtube.com\\\/channel\\\/UCECk0hpRWP6TN-EfA4ER96g\\\/featured\"]}]}<\/script>\n<!-- \/ Yoast SEO plugin. -->","yoast_head_json":{"title":"Diamantni nastavek za brusilnik za nohte 5,0 M DD0510 \u22c6 Mea Via Beauty","description":"Diamantni nastavek za brusilnik za nohte 5,0 M DD0510 \u22c6 vrhunska kakovost \u22c6 za odstranjevanje permanentnega laka za nohte, gela ali akrila \u22c6 se lahko sterilizira","robots":{"index":"index","follow":"follow","max-snippet":"max-snippet:-1","max-image-preview":"max-image-preview:large","max-video-preview":"max-video-preview:-1"},"canonical":"https:\/\/www.meavia-mh.hr\/sl\/product\/dijamantni-nastavak-za-brusilicu-5-0-m\/","og_locale":"sl_SI","og_type":"article","og_title":"Dijamantni nastavak za brusilicu za nokte 5.0 M DD0510 &#8902; Mea Via Beauty","og_description":"Dijamantni nastavak za brusilicu za nokte 5.0 M DD0510 &#8902; top kvaliteta &#8902; za uklanjanje trajnog laka, gela ili akrila &#8902; mogu\u0107e sterilizirati","og_url":"https:\/\/www.meavia-mh.hr\/sl\/product\/dijamantni-nastavak-za-brusilicu-5-0-m\/","og_site_name":"Mea Via Beauty","article_publisher":"https:\/\/www.facebook.com\/MeaViaNailsWorld","article_modified_time":"2024-07-05T15:49:12+00:00","og_image":[{"width":1496,"height":1496,"url":"https:\/\/www.meavia-mh.hr\/wp-content\/uploads\/2021\/02\/Dijamantni-nastavak-za-brusilicu-za-nokte-5.0-M-DD0510-2.jpg","type":"image\/jpeg"}],"twitter_card":"summary_large_image","twitter_misc":{"Est. reading time":"2 minuti"},"schema":{"@context":"https:\/\/schema.org","@graph":[{"@type":"WebPage","@id":"https:\/\/www.meavia-mh.hr\/product\/dijamantni-nastavak-za-brusilicu-5-0-m\/","url":"https:\/\/www.meavia-mh.hr\/product\/dijamantni-nastavak-za-brusilicu-5-0-m\/","name":"Diamantni nastavek za brusilnik za nohte 5,0 M DD0510 \u22c6 Mea Via Beauty","isPartOf":{"@id":"https:\/\/meavia-mh.hr\/sl\/#website"},"primaryImageOfPage":{"@id":"https:\/\/www.meavia-mh.hr\/product\/dijamantni-nastavak-za-brusilicu-5-0-m\/#primaryimage"},"image":{"@id":"https:\/\/www.meavia-mh.hr\/product\/dijamantni-nastavak-za-brusilicu-5-0-m\/#primaryimage"},"thumbnailUrl":"https:\/\/www.meavia-mh.hr\/wp-content\/uploads\/2021\/02\/Dijamantni-nastavak-za-brusilicu-za-nokte-5.0-M-DD0510-2.jpg","datePublished":"2021-02-19T09:37:56+00:00","dateModified":"2024-07-05T15:49:12+00:00","description":"Diamantni nastavek za brusilnik za nohte 5,0 M DD0510 \u22c6 vrhunska kakovost \u22c6 za odstranjevanje permanentnega laka za nohte, gela ali akrila \u22c6 se lahko sterilizira","breadcrumb":{"@id":"https:\/\/www.meavia-mh.hr\/product\/dijamantni-nastavak-za-brusilicu-5-0-m\/#breadcrumb"},"inLanguage":"sl-SI","potentialAction":[{"@type":"ReadAction","target":["https:\/\/www.meavia-mh.hr\/product\/dijamantni-nastavak-za-brusilicu-5-0-m\/"]}]},{"@type":"ImageObject","inLanguage":"sl-SI","@id":"https:\/\/www.meavia-mh.hr\/product\/dijamantni-nastavak-za-brusilicu-5-0-m\/#primaryimage","url":"https:\/\/www.meavia-mh.hr\/wp-content\/uploads\/2021\/02\/Dijamantni-nastavak-za-brusilicu-za-nokte-5.0-M-DD0510-2.jpg","contentUrl":"https:\/\/www.meavia-mh.hr\/wp-content\/uploads\/2021\/02\/Dijamantni-nastavak-za-brusilicu-za-nokte-5.0-M-DD0510-2.jpg","width":1496,"height":1496,"caption":"Dijamantni nastavak za brusilicu za nokte 5.0 M DD0510"},{"@type":"BreadcrumbList","@id":"https:\/\/www.meavia-mh.hr\/product\/dijamantni-nastavak-za-brusilicu-5-0-m\/#breadcrumb","itemListElement":[{"@type":"ListItem","position":1,"name":"Po\u010detna stranica","item":"https:\/\/www.meavia-mh.hr\/"},{"@type":"ListItem","position":2,"name":"Trgovina","item":"https:\/\/meavia-mh.hr\/sl\/store\/"},{"@type":"ListItem","position":3,"name":"Dijamantni nastavak za brusilicu za nokte 5.0 M DD0510"}]},{"@type":"WebSite","@id":"https:\/\/meavia-mh.hr\/sl\/#website","url":"https:\/\/meavia-mh.hr\/sl\/","name":"MEA VIA BEAUTY","description":"Only The Best For Your Beauty","publisher":{"@id":"https:\/\/meavia-mh.hr\/sl\/#organization"},"alternateName":"Mea Via Nails","potentialAction":[{"@type":"SearchAction","target":{"@type":"EntryPoint","urlTemplate":"https:\/\/meavia-mh.hr\/sl\/?s={search_term_string}"},"query-input":{"@type":"PropertyValueSpecification","valueRequired":true,"valueName":"search_term_string"}}],"inLanguage":"sl-SI"},{"@type":"Organization","@id":"https:\/\/meavia-mh.hr\/sl\/#organization","name":"Mea Via Nails World","alternateName":"Mea Via","url":"https:\/\/meavia-mh.hr\/sl\/","logo":{"@type":"ImageObject","inLanguage":"sl-SI","@id":"https:\/\/meavia-mh.hr\/sl\/#\/schema\/logo\/image\/","url":"https:\/\/www.meavia-mh.hr\/wp-content\/uploads\/2020\/12\/Mea-Via.png","contentUrl":"https:\/\/www.meavia-mh.hr\/wp-content\/uploads\/2020\/12\/Mea-Via.png","width":1181,"height":393,"caption":"Mea Via Nails World"},"image":{"@id":"https:\/\/meavia-mh.hr\/sl\/#\/schema\/logo\/image\/"},"sameAs":["https:\/\/www.facebook.com\/MeaViaNailsWorld","https:\/\/www.instagram.com\/mea_via_nails_world\/","https:\/\/www.youtube.com\/channel\/UCECk0hpRWP6TN-EfA4ER96g\/featured"]}]}},"spectra_custom_meta":{"_edit_lock":["1702823100:1239"],"_edit_last":["1239"],"_wp_page_template":["default"],"_yoast_wpseo_content_score":["90"],"_yoast_wpseo_estimated-reading-time-minutes":["2"],"_sku":["PL-FRD-SDZ-5.0M-001"],"_regular_price":["6.49"],"total_sales":["6"],"_tax_status":["taxable"],"_tax_class":[""],"_manage_stock":["yes"],"_backorders":["no"],"_sold_individually":["no"],"_virtual":["no"],"_downloadable":["no"],"_download_limit":["-1"],"_download_expiry":["-1"],"_stock":["0"],"_stock_status":["outofstock"],"_wc_average_rating":["0"],"_wc_review_count":["0"],"_product_version":["8.4.0"],"_price":["6.49"],"_woocs_price_geo_countries":[""],"_woocs_regular_price_geo":[""],"_woocs_sale_price_geo":[""],"_yoast_wpseo_primary_product_cat":["114"],"site-sidebar-layout":["default"],"site-content-layout":[null],"theme-transparent-header-meta":["default"],"stick-header-meta":["default"],"_yoast_wpseo_focuskw":["nastavak za brusilicu za nokte"],"_yoast_wpseo_metadesc":["%%title%% %%sep%% top kvaliteta %%sep%% za uklanjanje trajnog laka, gela ili akrila %%sep%% mogu\u0107e sterilizirati"],"_yoast_wpseo_linkdex":["71"],"_thumbnail_id":["6091"],"_woocs_regular_price_EUR":["6.49"],"_woocs_sale_price_EUR":["-1"],"footer-adv-display":[null],"adv-header-id-meta":[""],"_lowest_price_30_days":["6.49"],"uag_migration_processed":["1"],"_elementor_page_assets":["a:0:{}"],"_uag_page_assets":["a:9:{s:3:\"css\";s:0:\"\";s:2:\"js\";s:0:\"\";s:18:\"current_block_list\";a:3:{i:0;s:11:\"core\/search\";i:1;s:18:\"core\/legacy-widget\";i:2;s:27:\"woocommerce\/product-filters\";}s:8:\"uag_flag\";b:0;s:11:\"uag_version\";s:10:\"1776497662\";s:6:\"gfonts\";a:0:{}s:10:\"gfonts_url\";s:0:\"\";s:12:\"gfonts_files\";a:0:{}s:14:\"uag_faq_layout\";b:0;}"]},"uagb_featured_image_src":{"full":["https:\/\/www.meavia-mh.hr\/wp-content\/uploads\/2021\/02\/Dijamantni-nastavak-za-brusilicu-za-nokte-5.0-M-DD0510-2.jpg",1496,1496,false],"thumbnail":["https:\/\/www.meavia-mh.hr\/wp-content\/uploads\/2021\/02\/Dijamantni-nastavak-za-brusilicu-za-nokte-5.0-M-DD0510-2-150x150.jpg",150,150,true],"medium":["https:\/\/www.meavia-mh.hr\/wp-content\/uploads\/2021\/02\/Dijamantni-nastavak-za-brusilicu-za-nokte-5.0-M-DD0510-2-300x300.jpg",300,300,true],"medium_large":["https:\/\/www.meavia-mh.hr\/wp-content\/uploads\/2021\/02\/Dijamantni-nastavak-za-brusilicu-za-nokte-5.0-M-DD0510-2-768x768.jpg",768,768,true],"large":["https:\/\/www.meavia-mh.hr\/wp-content\/uploads\/2021\/02\/Dijamantni-nastavak-za-brusilicu-za-nokte-5.0-M-DD0510-2-1024x1024.jpg",1024,1024,true],"1536x1536":["https:\/\/www.meavia-mh.hr\/wp-content\/uploads\/2021\/02\/Dijamantni-nastavak-za-brusilicu-za-nokte-5.0-M-DD0510-2.jpg",1496,1496,false],"2048x2048":["https:\/\/www.meavia-mh.hr\/wp-content\/uploads\/2021\/02\/Dijamantni-nastavak-za-brusilicu-za-nokte-5.0-M-DD0510-2.jpg",1496,1496,false],"trp-custom-language-flag":["https:\/\/www.meavia-mh.hr\/wp-content\/uploads\/2021\/02\/Dijamantni-nastavak-za-brusilicu-za-nokte-5.0-M-DD0510-2-12x12.jpg",12,12,true],"woocommerce_thumbnail":["https:\/\/www.meavia-mh.hr\/wp-content\/uploads\/2021\/02\/Dijamantni-nastavak-za-brusilicu-za-nokte-5.0-M-DD0510-2-300x300.jpg",300,300,true],"woocommerce_single":["https:\/\/www.meavia-mh.hr\/wp-content\/uploads\/2021\/02\/Dijamantni-nastavak-za-brusilicu-za-nokte-5.0-M-DD0510-2-600x600.jpg",600,600,true],"woocommerce_gallery_thumbnail":["https:\/\/www.meavia-mh.hr\/wp-content\/uploads\/2021\/02\/Dijamantni-nastavak-za-brusilicu-za-nokte-5.0-M-DD0510-2-100x100.jpg",100,100,true]},"uagb_author_info":{"display_name":"Mea Via","author_link":"https:\/\/www.meavia-mh.hr\/sl\/author\/"},"uagb_comment_info":0,"uagb_excerpt":"Dijamantni nastavak za brusilicu za nokte 5.0 namijenjen je uklanjanju trajnih lakova, UV gelova i akrila. Univerzalni nastavak za oblikovanje nokta Vrlo tvrd i izdr\u017eljiv nastavak Nastavak se mo\u017ee dezinficirati i sterilizirati Lagano uklanjaj stare naslage, ne uzrokuju\u0107i vibracije Sna\u017ean i izdr\u017eljiv Odgovara bilo kojoj brusilici za nokte s glavom za okretanje i zaklju\u010davanje Proizvod&hellip;","_links":{"self":[{"href":"https:\/\/www.meavia-mh.hr\/sl\/wp-json\/wp\/v2\/product\/6084","targetHints":{"allow":["GET"]}}],"collection":[{"href":"https:\/\/www.meavia-mh.hr\/sl\/wp-json\/wp\/v2\/product"}],"about":[{"href":"https:\/\/www.meavia-mh.hr\/sl\/wp-json\/wp\/v2\/types\/product"}],"replies":[{"embeddable":true,"href":"https:\/\/www.meavia-mh.hr\/sl\/wp-json\/wp\/v2\/comments?post=6084"}],"version-history":[{"count":1,"href":"https:\/\/www.meavia-mh.hr\/sl\/wp-json\/wp\/v2\/product\/6084\/revisions"}],"predecessor-version":[{"id":25096,"href":"https:\/\/www.meavia-mh.hr\/sl\/wp-json\/wp\/v2\/product\/6084\/revisions\/25096"}],"wp:featuredmedia":[{"embeddable":true,"href":"https:\/\/www.meavia-mh.hr\/sl\/wp-json\/wp\/v2\/media\/6091"}],"wp:attachment":[{"href":"https:\/\/www.meavia-mh.hr\/sl\/wp-json\/wp\/v2\/media?parent=6084"}],"wp:term":[{"taxonomy":"product_brand","embeddable":true,"href":"https:\/\/www.meavia-mh.hr\/sl\/wp-json\/wp\/v2\/product_brand?post=6084"},{"taxonomy":"product_cat","embeddable":true,"href":"https:\/\/www.meavia-mh.hr\/sl\/wp-json\/wp\/v2\/product_cat?post=6084"},{"taxonomy":"product_tag","embeddable":true,"href":"https:\/\/www.meavia-mh.hr\/sl\/wp-json\/wp\/v2\/product_tag?post=6084"}],"curies":[{"name":"delovni list","href":"https:\/\/api.w.org\/{rel}","templated":true}]}}