{"id":5485,"date":"2021-02-01T15:42:43","date_gmt":"2021-02-01T15:42:43","guid":{"rendered":"https:\/\/www.meavia-mh.hr\/?post_type=product&#038;p=5485"},"modified":"2026-01-24T07:57:14","modified_gmt":"2026-01-24T06:57:14","slug":"vegan-spa-set-za-njegu-noktiju-green-power","status":"publish","type":"product","link":"https:\/\/www.meavia-mh.hr\/sl\/product\/vegan-spa-set-za-njegu-noktiju-green-power\/","title":{"rendered":"Vegan SPA komplet za nego nohtov Green Power"},"content":{"rendered":"<p><strong><span class=\"\">Vegan Spa Green Power set za nego nohtov - odkrijte mo\u010d narave<\/span><\/strong><\/p>\n<p>Naj vas urejeni nohti prepoznajo! Dose\u017eite u\u010dinek naravno lepih nohtov s kompletom Vegan Spa. Obnohtna ko\u017eica okoli nohtov bo \u010dista in vla\u017ena, nohti pa vidno bolj gladki, okrepljeni in obstojnej\u0161i. Veganski izdelki, ki bodo va\u0161im nohtom povrnili sijaj in \u010dvrstost.<\/p>\n<p><strong>Nail Vegan Spa Set<\/strong>\u00a0so veganski izdelki za nego ko\u017ee in nohtov z do 90% sestavinami naravnega izvora. Osve\u017eijo, vla\u017eijo in izbolj\u0161ajo videz nohtov. Primerne so za nego doma. Na voljo so v dveh razli\u010dicah: <a href=\"https:\/\/www.meavia-mh.hr\/sl\/product\/vegan-spa-set-za-njegu-nokta-pink-power\/\">Ro\u017enata mo\u010d<\/a> in Green Power.<\/p>\n<h6>Veganski SPA set za nego nohtov Green Power vsebuje:<\/h6>\n<p>&nbsp;<\/p>\n<ol>\n<li><strong>Piling za nohte <em>sladki kivi,<\/em>\u00a05 g<\/strong><\/li>\n<\/ol>\n<p>Sweet Kiwi piling je formula z naravnimi delci, namenjena revitalizaciji hrapave, suhe obnohtne ko\u017eice in nohtov. Z ne\u017eno masa\u017eo pomaga odstraniti odmrlo ko\u017eo in ne\u010disto\u010de.<\/p>\n<p>Piling je obogaten s 4 dragocenimi olji:<\/p>\n<ul>\n<li>kukui orehovo olje<\/li>\n<li>olje ginsenga<\/li>\n<li>sladko mandljevo olje<\/li>\n<li>son\u010dni\u010dno olje<\/li>\n<\/ul>\n<p>Imajo meh\u010dalne, hranilne in vla\u017eilne lastnosti za ko\u017eo in nohte.\u00a0<strong>Vitamin E<\/strong>\u00a0dodatno neguje in deluje kot antioksidant.<br \/>\nPiling vsebuje 88% sestavin naravnega izvora in ima zelo prijeten vonj po kiviju.<\/p>\n<p>Barva:\u00a0<strong>zelena s \u010drnimi zrni.<\/strong><\/p>\n<p>vonj:\u00a0<strong>zrel kivi.<\/strong><\/p>\n<p><strong>\u00a0<\/strong><\/p>\n<ol start=\"2\">\n<li><strong>Olje za\u00a0<em>Obnohtna ko\u017eica \u010drnega ribeza<\/em>\u00a05 g<\/strong><\/li>\n<\/ol>\n<p>Spro\u0161\u010dujo\u010da oljka s hibiskusom in cvetnimi listi ognji\u010da iz sestavin 90% naravnega izvora. Vsebuje sestavo posebej izbranih olj, ki podpirajo regeneracijo, dolgotrajno hranjenje in glajenje nohtov in obnohtne ko\u017eice, tj.<\/p>\n<ul>\n<li>olje \u010drnega ribeza, ki pomaga zdravi rasti nohtov<\/li>\n<li>olje sladkega mandlja, ki ima meh\u010dalne lastnosti<\/li>\n<li>son\u010dni\u010dno olje, bogato z minerali in vitamini za regeneracijo ko\u017ee<\/li>\n<\/ul>\n<p>Olje za obnohtno ko\u017eico in nohte ima \u010dudovit cvetli\u010dni vonj in se hitro vpije, ne pu\u0161\u010da mastnega filma na ko\u017ei.<\/p>\n<p>Barva:\u00a0<strong>prozoren z modrimi in rumenimi cvetnimi listi.<\/strong><\/p>\n<p>vonj:\u00a0<strong>cvetli\u010dno, sladko.<\/strong><\/p>\n<p>&nbsp;<\/p>\n<ol start=\"3\">\n<li><strong>Balzam za nohte Plant Power<em>,<\/em>\u00a05 g<\/strong><\/li>\n<\/ol>\n<p>Zeli\u0161\u010dni balzam za nohte Plan Power vsebuje 85% sestavin naravnega izvora. Zasnovan je za boj proti krhkim in krhkim nohtom ter ima obnovljive lastnosti. Zahvaljujo\u010d olju iz masti\u010dne gume (funkcionalno) podpira naravno debelino in obstojnost nohta ter spodbuja sintezo keratina. Na nohtih pusti ne\u017een, sijo\u010d film.<\/p>\n<p>Barva:\u00a0<strong>pregleden.<\/strong><\/p>\n<p><strong><span class=\"\">Set za nego nohtov Vegan Spa Green Power je idealno darilo. Pakirano v elegantnem\u00a0<\/span><\/strong><b>embala\u017ea.<\/b><\/p>","protected":false},"excerpt":{"rendered":"<p><img decoding=\"async\" class=\"alignnone wp-image-1574 size-thumbnail\" src=\"https:\/\/www.meavia-mh.hr\/wp-content\/uploads\/2020\/12\/palu-dermatologically-tested-150x150.png\" alt=\"palu dermatologically tested\" width=\"150\" height=\"150\" srcset=\"https:\/\/www.meavia-mh.hr\/wp-content\/uploads\/2020\/12\/palu-dermatologically-tested-150x150.png 150w, https:\/\/www.meavia-mh.hr\/wp-content\/uploads\/2020\/12\/palu-dermatologically-tested-100x100.png 100w, https:\/\/www.meavia-mh.hr\/wp-content\/uploads\/2020\/12\/palu-dermatologically-tested.png 252w\" sizes=\"(max-width: 150px) 100vw, 150px\" \/><\/p>","protected":false},"featured_media":10300,"comment_status":"closed","ping_status":"closed","template":"","meta":{"_uag_custom_page_level_css":"","site-sidebar-layout":"default","site-content-layout":"default","ast-site-content-layout":"default","site-content-style":"default","site-sidebar-style":"default","ast-global-header-display":"","ast-banner-title-visibility":"","ast-main-header-display":"","ast-hfb-above-header-display":"","ast-hfb-below-header-display":"","ast-hfb-mobile-header-display":"","site-post-title":"","ast-breadcrumbs-content":"","ast-featured-img":"","footer-sml-layout":"","ast-disable-related-posts":"","theme-transparent-header-meta":"default","adv-header-id-meta":"","stick-header-meta":"default","header-above-stick-meta":"","header-main-stick-meta":"","header-below-stick-meta":"","astra-migrate-meta-layouts":"set","ast-page-background-enabled":"default","ast-page-background-meta":{"desktop":{"background-color":"var(--ast-global-color-4)","background-image":"","background-repeat":"repeat","background-position":"center center","background-size":"auto","background-attachment":"scroll","background-type":"","background-media":"","overlay-type":"","overlay-color":"","overlay-opacity":"","overlay-gradient":""},"tablet":{"background-color":"","background-image":"","background-repeat":"repeat","background-position":"center center","background-size":"auto","background-attachment":"scroll","background-type":"","background-media":"","overlay-type":"","overlay-color":"","overlay-opacity":"","overlay-gradient":""},"mobile":{"background-color":"","background-image":"","background-repeat":"repeat","background-position":"center center","background-size":"auto","background-attachment":"scroll","background-type":"","background-media":"","overlay-type":"","overlay-color":"","overlay-opacity":"","overlay-gradient":""}},"ast-content-background-meta":{"desktop":{"background-color":"var(--ast-global-color-5)","background-image":"","background-repeat":"repeat","background-position":"center center","background-size":"auto","background-attachment":"scroll","background-type":"","background-media":"","overlay-type":"","overlay-color":"","overlay-opacity":"","overlay-gradient":""},"tablet":{"background-color":"var(--ast-global-color-5)","background-image":"","background-repeat":"repeat","background-position":"center center","background-size":"auto","background-attachment":"scroll","background-type":"","background-media":"","overlay-type":"","overlay-color":"","overlay-opacity":"","overlay-gradient":""},"mobile":{"background-color":"var(--ast-global-color-5)","background-image":"","background-repeat":"repeat","background-position":"center center","background-size":"auto","background-attachment":"scroll","background-type":"","background-media":"","overlay-type":"","overlay-color":"","overlay-opacity":"","overlay-gradient":""}}},"product_brand":[607],"product_cat":[534,118,315],"product_tag":[252,253],"class_list":{"0":"post-5485","1":"product","2":"type-product","3":"status-publish","4":"has-post-thumbnail","6":"product_brand-claresa","7":"product_cat-claresa","8":"product_cat-njegu-ruku-i-nogu","9":"product_cat-setovi","10":"product_tag-set-za-njegu","11":"product_tag-vegan-spa","12":"desktop-align-left","13":"tablet-align-left","14":"mobile-align-left","15":"ast-product-gallery-layout-horizontal-slider","16":"ast-product-tabs-layout-horizontal","18":"first","19":"outofstock","20":"taxable","21":"shipping-taxable","22":"purchasable","23":"product-type-simple"},"yoast_head":"<!-- This site is optimized with the Yoast SEO plugin v27.4 - https:\/\/yoast.com\/product\/yoast-seo-wordpress\/ -->\n<title>Vegan SPA set za njegu noktiju Green Power &#8902; Mea Via Beauty<\/title>\n<meta name=\"description\" content=\"Vegan SPA set za njegu noktiju Green Power &#8902; set za njegu noktiju &#8902; veganski proizvodi koji \u0107e vratiti sjaj i \u010dvrsto\u0107u va\u0161im noktima\" \/>\n<meta name=\"robots\" content=\"index, follow, max-snippet:-1, max-image-preview:large, max-video-preview:-1\" \/>\n<link rel=\"canonical\" href=\"https:\/\/www.meavia-mh.hr\/sl\/product\/vegan-spa-set-za-njegu-noktiju-green-power\/\" \/>\n<meta property=\"og:locale\" content=\"sl_SI\" \/>\n<meta property=\"og:type\" content=\"article\" \/>\n<meta property=\"og:title\" content=\"Vegan SPA set za njegu noktiju Green Power &#8902; Mea Via Beauty\" \/>\n<meta property=\"og:description\" content=\"Vegan SPA set za njegu noktiju Green Power &#8902; set za njegu noktiju &#8902; veganski proizvodi koji \u0107e vratiti sjaj i \u010dvrsto\u0107u va\u0161im noktima\" \/>\n<meta property=\"og:url\" content=\"https:\/\/www.meavia-mh.hr\/sl\/product\/vegan-spa-set-za-njegu-noktiju-green-power\/\" \/>\n<meta property=\"og:site_name\" content=\"Mea Via Beauty\" \/>\n<meta property=\"article:publisher\" content=\"https:\/\/www.facebook.com\/MeaViaNailsWorld\" \/>\n<meta property=\"article:modified_time\" content=\"2026-01-24T06:57:14+00:00\" \/>\n<meta property=\"og:image\" content=\"https:\/\/www.meavia-mh.hr\/wp-content\/uploads\/2021\/02\/VeganSpa_GREEN_BOX.jpg\" \/>\n\t<meta property=\"og:image:width\" content=\"1500\" \/>\n\t<meta property=\"og:image:height\" content=\"1500\" \/>\n\t<meta property=\"og:image:type\" content=\"image\/jpeg\" \/>\n<meta name=\"twitter:card\" content=\"summary_large_image\" \/>\n<meta name=\"twitter:label1\" content=\"Est. reading time\" \/>\n\t<meta name=\"twitter:data1\" content=\"2 minuti\" \/>\n<script type=\"application\/ld+json\" class=\"yoast-schema-graph\">{\"@context\":\"https:\\\/\\\/schema.org\",\"@graph\":[{\"@type\":\"WebPage\",\"@id\":\"https:\\\/\\\/www.meavia-mh.hr\\\/product\\\/vegan-spa-set-za-njegu-noktiju-green-power\\\/\",\"url\":\"https:\\\/\\\/www.meavia-mh.hr\\\/product\\\/vegan-spa-set-za-njegu-noktiju-green-power\\\/\",\"name\":\"Vegan SPA set za njegu noktiju Green Power &#8902; Mea Via Beauty\",\"isPartOf\":{\"@id\":\"https:\\\/\\\/meavia-mh.hr\\\/sl\\\/#website\"},\"primaryImageOfPage\":{\"@id\":\"https:\\\/\\\/www.meavia-mh.hr\\\/product\\\/vegan-spa-set-za-njegu-noktiju-green-power\\\/#primaryimage\"},\"image\":{\"@id\":\"https:\\\/\\\/www.meavia-mh.hr\\\/product\\\/vegan-spa-set-za-njegu-noktiju-green-power\\\/#primaryimage\"},\"thumbnailUrl\":\"https:\\\/\\\/www.meavia-mh.hr\\\/wp-content\\\/uploads\\\/2021\\\/02\\\/VeganSpa_GREEN_BOX.jpg\",\"datePublished\":\"2021-02-01T15:42:43+00:00\",\"dateModified\":\"2026-01-24T06:57:14+00:00\",\"description\":\"Vegan SPA set za njegu noktiju Green Power &#8902; set za njegu noktiju &#8902; veganski proizvodi koji \u0107e vratiti sjaj i \u010dvrsto\u0107u va\u0161im noktima\",\"breadcrumb\":{\"@id\":\"https:\\\/\\\/www.meavia-mh.hr\\\/product\\\/vegan-spa-set-za-njegu-noktiju-green-power\\\/#breadcrumb\"},\"inLanguage\":\"sl-SI\",\"potentialAction\":[{\"@type\":\"ReadAction\",\"target\":[\"https:\\\/\\\/www.meavia-mh.hr\\\/product\\\/vegan-spa-set-za-njegu-noktiju-green-power\\\/\"]}]},{\"@type\":\"ImageObject\",\"inLanguage\":\"sl-SI\",\"@id\":\"https:\\\/\\\/www.meavia-mh.hr\\\/product\\\/vegan-spa-set-za-njegu-noktiju-green-power\\\/#primaryimage\",\"url\":\"https:\\\/\\\/www.meavia-mh.hr\\\/wp-content\\\/uploads\\\/2021\\\/02\\\/VeganSpa_GREEN_BOX.jpg\",\"contentUrl\":\"https:\\\/\\\/www.meavia-mh.hr\\\/wp-content\\\/uploads\\\/2021\\\/02\\\/VeganSpa_GREEN_BOX.jpg\",\"width\":1500,\"height\":1500,\"caption\":\"Vegan SPA set za njegu noktiju Green Power\"},{\"@type\":\"BreadcrumbList\",\"@id\":\"https:\\\/\\\/www.meavia-mh.hr\\\/product\\\/vegan-spa-set-za-njegu-noktiju-green-power\\\/#breadcrumb\",\"itemListElement\":[{\"@type\":\"ListItem\",\"position\":1,\"name\":\"Po\u010detna stranica\",\"item\":\"https:\\\/\\\/www.meavia-mh.hr\\\/\"},{\"@type\":\"ListItem\",\"position\":2,\"name\":\"Trgovina\",\"item\":\"https:\\\/\\\/meavia-mh.hr\\\/sl\\\/store\\\/\"},{\"@type\":\"ListItem\",\"position\":3,\"name\":\"Vegan SPA set za njegu noktiju Green Power\"}]},{\"@type\":\"WebSite\",\"@id\":\"https:\\\/\\\/meavia-mh.hr\\\/sl\\\/#website\",\"url\":\"https:\\\/\\\/meavia-mh.hr\\\/sl\\\/\",\"name\":\"Mea Via Beauty\",\"description\":\"Only The Best For Your Beauty\",\"publisher\":{\"@id\":\"https:\\\/\\\/meavia-mh.hr\\\/sl\\\/#organization\"},\"alternateName\":\"Mea Via Nails\",\"potentialAction\":[{\"@type\":\"SearchAction\",\"target\":{\"@type\":\"EntryPoint\",\"urlTemplate\":\"https:\\\/\\\/meavia-mh.hr\\\/sl\\\/?s={search_term_string}\"},\"query-input\":{\"@type\":\"PropertyValueSpecification\",\"valueRequired\":true,\"valueName\":\"search_term_string\"}}],\"inLanguage\":\"sl-SI\"},{\"@type\":\"Organization\",\"@id\":\"https:\\\/\\\/meavia-mh.hr\\\/sl\\\/#organization\",\"name\":\"Mea Via Nails World\",\"alternateName\":\"Mea Via\",\"url\":\"https:\\\/\\\/meavia-mh.hr\\\/sl\\\/\",\"logo\":{\"@type\":\"ImageObject\",\"inLanguage\":\"sl-SI\",\"@id\":\"https:\\\/\\\/meavia-mh.hr\\\/sl\\\/#\\\/schema\\\/logo\\\/image\\\/\",\"url\":\"https:\\\/\\\/www.meavia-mh.hr\\\/wp-content\\\/uploads\\\/2020\\\/12\\\/Mea-Via.png\",\"contentUrl\":\"https:\\\/\\\/www.meavia-mh.hr\\\/wp-content\\\/uploads\\\/2020\\\/12\\\/Mea-Via.png\",\"width\":1181,\"height\":393,\"caption\":\"Mea Via Nails World\"},\"image\":{\"@id\":\"https:\\\/\\\/meavia-mh.hr\\\/sl\\\/#\\\/schema\\\/logo\\\/image\\\/\"},\"sameAs\":[\"https:\\\/\\\/www.facebook.com\\\/MeaViaNailsWorld\",\"https:\\\/\\\/www.instagram.com\\\/mea_via_nails_world\\\/\",\"https:\\\/\\\/www.youtube.com\\\/channel\\\/UCECk0hpRWP6TN-EfA4ER96g\\\/featured\"]}]}<\/script>\n<!-- \/ Yoast SEO plugin. -->","yoast_head_json":{"title":"Veganski SPA set za nego nohtov Green Power \u22c6 Mea Via Beauty","description":"Veganski SPA set za nego nohtov Green Power \u22c6 set za nego nohtov \u22c6 veganski izdelki, ki bodo va\u0161im nohtom povrnili sijaj in mo\u010d","robots":{"index":"index","follow":"follow","max-snippet":"max-snippet:-1","max-image-preview":"max-image-preview:large","max-video-preview":"max-video-preview:-1"},"canonical":"https:\/\/www.meavia-mh.hr\/sl\/product\/vegan-spa-set-za-njegu-noktiju-green-power\/","og_locale":"sl_SI","og_type":"article","og_title":"Vegan SPA set za njegu noktiju Green Power &#8902; Mea Via Beauty","og_description":"Vegan SPA set za njegu noktiju Green Power &#8902; set za njegu noktiju &#8902; veganski proizvodi koji \u0107e vratiti sjaj i \u010dvrsto\u0107u va\u0161im noktima","og_url":"https:\/\/www.meavia-mh.hr\/sl\/product\/vegan-spa-set-za-njegu-noktiju-green-power\/","og_site_name":"Mea Via Beauty","article_publisher":"https:\/\/www.facebook.com\/MeaViaNailsWorld","article_modified_time":"2026-01-24T06:57:14+00:00","og_image":[{"width":1500,"height":1500,"url":"https:\/\/www.meavia-mh.hr\/wp-content\/uploads\/2021\/02\/VeganSpa_GREEN_BOX.jpg","type":"image\/jpeg"}],"twitter_card":"summary_large_image","twitter_misc":{"Est. reading time":"2 minuti"},"schema":{"@context":"https:\/\/schema.org","@graph":[{"@type":"WebPage","@id":"https:\/\/www.meavia-mh.hr\/product\/vegan-spa-set-za-njegu-noktiju-green-power\/","url":"https:\/\/www.meavia-mh.hr\/product\/vegan-spa-set-za-njegu-noktiju-green-power\/","name":"Veganski SPA set za nego nohtov Green Power \u22c6 Mea Via Beauty","isPartOf":{"@id":"https:\/\/meavia-mh.hr\/sl\/#website"},"primaryImageOfPage":{"@id":"https:\/\/www.meavia-mh.hr\/product\/vegan-spa-set-za-njegu-noktiju-green-power\/#primaryimage"},"image":{"@id":"https:\/\/www.meavia-mh.hr\/product\/vegan-spa-set-za-njegu-noktiju-green-power\/#primaryimage"},"thumbnailUrl":"https:\/\/www.meavia-mh.hr\/wp-content\/uploads\/2021\/02\/VeganSpa_GREEN_BOX.jpg","datePublished":"2021-02-01T15:42:43+00:00","dateModified":"2026-01-24T06:57:14+00:00","description":"Veganski SPA set za nego nohtov Green Power \u22c6 set za nego nohtov \u22c6 veganski izdelki, ki bodo va\u0161im nohtom povrnili sijaj in mo\u010d","breadcrumb":{"@id":"https:\/\/www.meavia-mh.hr\/product\/vegan-spa-set-za-njegu-noktiju-green-power\/#breadcrumb"},"inLanguage":"sl-SI","potentialAction":[{"@type":"ReadAction","target":["https:\/\/www.meavia-mh.hr\/product\/vegan-spa-set-za-njegu-noktiju-green-power\/"]}]},{"@type":"ImageObject","inLanguage":"sl-SI","@id":"https:\/\/www.meavia-mh.hr\/product\/vegan-spa-set-za-njegu-noktiju-green-power\/#primaryimage","url":"https:\/\/www.meavia-mh.hr\/wp-content\/uploads\/2021\/02\/VeganSpa_GREEN_BOX.jpg","contentUrl":"https:\/\/www.meavia-mh.hr\/wp-content\/uploads\/2021\/02\/VeganSpa_GREEN_BOX.jpg","width":1500,"height":1500,"caption":"Vegan SPA set za njegu noktiju Green Power"},{"@type":"BreadcrumbList","@id":"https:\/\/www.meavia-mh.hr\/product\/vegan-spa-set-za-njegu-noktiju-green-power\/#breadcrumb","itemListElement":[{"@type":"ListItem","position":1,"name":"Po\u010detna stranica","item":"https:\/\/www.meavia-mh.hr\/"},{"@type":"ListItem","position":2,"name":"Trgovina","item":"https:\/\/meavia-mh.hr\/sl\/store\/"},{"@type":"ListItem","position":3,"name":"Vegan SPA set za njegu noktiju Green Power"}]},{"@type":"WebSite","@id":"https:\/\/meavia-mh.hr\/sl\/#website","url":"https:\/\/meavia-mh.hr\/sl\/","name":"MEA VIA BEAUTY","description":"Only The Best For Your Beauty","publisher":{"@id":"https:\/\/meavia-mh.hr\/sl\/#organization"},"alternateName":"Mea Via Nails","potentialAction":[{"@type":"SearchAction","target":{"@type":"EntryPoint","urlTemplate":"https:\/\/meavia-mh.hr\/sl\/?s={search_term_string}"},"query-input":{"@type":"PropertyValueSpecification","valueRequired":true,"valueName":"search_term_string"}}],"inLanguage":"sl-SI"},{"@type":"Organization","@id":"https:\/\/meavia-mh.hr\/sl\/#organization","name":"Mea Via Nails World","alternateName":"Mea Via","url":"https:\/\/meavia-mh.hr\/sl\/","logo":{"@type":"ImageObject","inLanguage":"sl-SI","@id":"https:\/\/meavia-mh.hr\/sl\/#\/schema\/logo\/image\/","url":"https:\/\/www.meavia-mh.hr\/wp-content\/uploads\/2020\/12\/Mea-Via.png","contentUrl":"https:\/\/www.meavia-mh.hr\/wp-content\/uploads\/2020\/12\/Mea-Via.png","width":1181,"height":393,"caption":"Mea Via Nails World"},"image":{"@id":"https:\/\/meavia-mh.hr\/sl\/#\/schema\/logo\/image\/"},"sameAs":["https:\/\/www.facebook.com\/MeaViaNailsWorld","https:\/\/www.instagram.com\/mea_via_nails_world\/","https:\/\/www.youtube.com\/channel\/UCECk0hpRWP6TN-EfA4ER96g\/featured"]}]}},"spectra_custom_meta":{"_sku":["CL-ZES-VEG-GREE-001"],"_regular_price":["7.82"],"total_sales":["10"],"_tax_status":["taxable"],"_tax_class":[""],"_manage_stock":["yes"],"_backorders":["no"],"_sold_individually":["no"],"_virtual":["no"],"_downloadable":["no"],"_download_limit":["-1"],"_download_expiry":["-1"],"_stock":["0.000000"],"_stock_status":["outofstock"],"_wc_average_rating":["0"],"_wc_review_count":["0"],"_product_version":["10.4.3"],"_price":["7.82"],"_wp_page_template":["default"],"_yoast_wpseo_focuskw":["set za noktiju"],"_yoast_wpseo_metadesc":["%%title%% %%sep%% set za njegu noktiju %%sep%% veganski proizvodi koji \u0107e vratiti sjaj i \u010dvrsto\u0107u va\u0161im noktima"],"_yoast_wpseo_linkdex":["79"],"_yoast_wpseo_content_score":["90"],"_yoast_wpseo_estimated-reading-time-minutes":["2"],"_yoast_wpseo_primary_product_cat":["118"],"site-sidebar-layout":["default"],"site-content-layout":["default"],"theme-transparent-header-meta":["default"],"stick-header-meta":["default"],"_edit_lock":["1694978377:1239"],"_edit_last":["1239"],"_thumbnail_id":["10300"],"_product_image_gallery":["10301,10303,10302,5488"],"_woocs_price_geo_countries":[""],"_woocs_regular_price_geo":[""],"_woocs_sale_price_geo":[""],"cartflows_redirect_flow_id":[""],"cartflows_add_to_cart_text":[""],"_woocs_regular_price_EUR":["7.82"],"_woocs_sale_price_EUR":["-1"],"ast-below-header-display":[""],"_lowest_price_30_days":["7.82"],"ast-site-content-layout":["default"],"site-content-style":["default"],"site-sidebar-style":["default"],"astra-migrate-meta-layouts":["set"],"_yoast_wpseo_primary_fb_product_set":[""],"_yoast_wpseo_wordproof_timestamp":[""],"uag_migration_processed":["1"],"_elementor_page_assets":["a:0:{}"],"_uag_page_assets":["a:9:{s:3:\"css\";s:0:\"\";s:2:\"js\";s:0:\"\";s:18:\"current_block_list\";a:3:{i:0;s:11:\"core\/search\";i:1;s:18:\"core\/legacy-widget\";i:2;s:27:\"woocommerce\/product-filters\";}s:8:\"uag_flag\";b:0;s:11:\"uag_version\";s:10:\"1776717535\";s:6:\"gfonts\";a:0:{}s:10:\"gfonts_url\";s:0:\"\";s:12:\"gfonts_files\";a:0:{}s:14:\"uag_faq_layout\";b:0;}"]},"uagb_featured_image_src":{"full":["https:\/\/www.meavia-mh.hr\/wp-content\/uploads\/2021\/02\/VeganSpa_GREEN_BOX.jpg",1500,1500,false],"thumbnail":["https:\/\/www.meavia-mh.hr\/wp-content\/uploads\/2021\/02\/VeganSpa_GREEN_BOX-150x150.jpg",150,150,true],"medium":["https:\/\/www.meavia-mh.hr\/wp-content\/uploads\/2021\/02\/VeganSpa_GREEN_BOX-300x300.jpg",300,300,true],"medium_large":["https:\/\/www.meavia-mh.hr\/wp-content\/uploads\/2021\/02\/VeganSpa_GREEN_BOX-768x768.jpg",768,768,true],"large":["https:\/\/www.meavia-mh.hr\/wp-content\/uploads\/2021\/02\/VeganSpa_GREEN_BOX-1024x1024.jpg",1024,1024,true],"1536x1536":["https:\/\/www.meavia-mh.hr\/wp-content\/uploads\/2021\/02\/VeganSpa_GREEN_BOX.jpg",1500,1500,false],"2048x2048":["https:\/\/www.meavia-mh.hr\/wp-content\/uploads\/2021\/02\/VeganSpa_GREEN_BOX.jpg",1500,1500,false],"trp-custom-language-flag":["https:\/\/www.meavia-mh.hr\/wp-content\/uploads\/2021\/02\/VeganSpa_GREEN_BOX-12x12.jpg",12,12,true],"woocommerce_thumbnail":["https:\/\/www.meavia-mh.hr\/wp-content\/uploads\/2021\/02\/VeganSpa_GREEN_BOX-300x300.jpg",300,300,true],"woocommerce_single":["https:\/\/www.meavia-mh.hr\/wp-content\/uploads\/2021\/02\/VeganSpa_GREEN_BOX-600x600.jpg",600,600,true],"woocommerce_gallery_thumbnail":["https:\/\/www.meavia-mh.hr\/wp-content\/uploads\/2021\/02\/VeganSpa_GREEN_BOX-100x100.jpg",100,100,true]},"uagb_author_info":{"display_name":"Mea Via","author_link":"https:\/\/www.meavia-mh.hr\/sl\/author\/"},"uagb_comment_info":0,"uagb_excerpt":null,"_links":{"self":[{"href":"https:\/\/www.meavia-mh.hr\/sl\/wp-json\/wp\/v2\/product\/5485","targetHints":{"allow":["GET"]}}],"collection":[{"href":"https:\/\/www.meavia-mh.hr\/sl\/wp-json\/wp\/v2\/product"}],"about":[{"href":"https:\/\/www.meavia-mh.hr\/sl\/wp-json\/wp\/v2\/types\/product"}],"replies":[{"embeddable":true,"href":"https:\/\/www.meavia-mh.hr\/sl\/wp-json\/wp\/v2\/comments?post=5485"}],"version-history":[{"count":1,"href":"https:\/\/www.meavia-mh.hr\/sl\/wp-json\/wp\/v2\/product\/5485\/revisions"}],"predecessor-version":[{"id":31341,"href":"https:\/\/www.meavia-mh.hr\/sl\/wp-json\/wp\/v2\/product\/5485\/revisions\/31341"}],"wp:featuredmedia":[{"embeddable":true,"href":"https:\/\/www.meavia-mh.hr\/sl\/wp-json\/wp\/v2\/media\/10300"}],"wp:attachment":[{"href":"https:\/\/www.meavia-mh.hr\/sl\/wp-json\/wp\/v2\/media?parent=5485"}],"wp:term":[{"taxonomy":"product_brand","embeddable":true,"href":"https:\/\/www.meavia-mh.hr\/sl\/wp-json\/wp\/v2\/product_brand?post=5485"},{"taxonomy":"product_cat","embeddable":true,"href":"https:\/\/www.meavia-mh.hr\/sl\/wp-json\/wp\/v2\/product_cat?post=5485"},{"taxonomy":"product_tag","embeddable":true,"href":"https:\/\/www.meavia-mh.hr\/sl\/wp-json\/wp\/v2\/product_tag?post=5485"}],"curies":[{"name":"delovni list","href":"https:\/\/api.w.org\/{rel}","templated":true}]}}