{"id":5479,"date":"2021-02-01T15:34:24","date_gmt":"2021-02-01T15:34:24","guid":{"rendered":"https:\/\/www.meavia-mh.hr\/?post_type=product&#038;p=5479"},"modified":"2025-09-20T20:02:25","modified_gmt":"2025-09-20T18:02:25","slug":"vegan-spa-set-za-njegu-nokta-pink-power","status":"publish","type":"product","link":"https:\/\/www.meavia-mh.hr\/sl\/product\/vegan-spa-set-za-njegu-nokta-pink-power\/","title":{"rendered":"Vegan SPA komplet za nego nohtov Pink Power"},"content":{"rendered":"<p><strong><span class=\"\">Vegan Spa Pink Power set za nego nohtov - ob\u010dutite mo\u010d narave!<\/span><\/strong><\/p>\n<p>Naj vas urejeni nohti prepoznajo! Dose\u017eite u\u010dinek naravno lepih nohtov s kompletom Vegan Spa. Obnohtna ko\u017eica okoli nohtov bo \u010dista in vla\u017ena, nohti pa vidno bolj gladki, okrepljeni in obstojnej\u0161i. Veganski izdelki, ki bodo va\u0161im nohtom povrnili sijaj in \u010dvrstost. Dermatolo\u0161ko obdelani izdelki.<\/p>\n<p><strong>Nail Vegan Spa Set<\/strong>\u00a0so veganski izdelki za nego ko\u017ee in nohtov z do 90% sestavin naravnega izvora. Osve\u017eijo, vla\u017eijo in izbolj\u0161ajo videz nohtov. Primerne so za nego doma. Na voljo so v dveh razli\u010dicah: Pink Power in <a href=\"https:\/\/www.meavia-mh.hr\/sl\/product\/vegan-spa-set-za-njegu-noktiju-green-power\/\">Zelena mo\u010d<\/a>.<\/p>\n<h6>Vegan SPA komplet za nego nohtov Pink Power vsebuje:<\/h6>\n<ol>\n<li><strong>Piling za nohte Lubenica - piling za nego nohtov, 5g<\/strong><\/li>\n<\/ol>\n<p>Piling za nohte Lubenica - piling nohtov\u00a0<span style=\"font-size: 16px\">\u00a0je mastna tekstura, ki vsebuje naravne delce, ki drgnejo, o\u010distijo in zgladijo nohtno plo\u0161\u010do in povrhnjico okoli nje. Pripravek vsebuje 90% sestavine naravnega izvora in ima \u010dudovito sadno aromo lubenice.\u00a0<\/span>Piling je obogaten z:<\/p>\n<ul>\n<li><strong>pasijonkovo seme v prahu<\/strong>\u00a0ki pomaga odstraniti povrhnjico in o\u010distiti nohtno plo\u0161\u010do<\/li>\n<li><strong>olje ore\u0161\u010dkov kukui<\/strong>\u00a0- meh\u010da in deluje kot antioksidant<\/li>\n<li><strong>vitamin E.<\/strong>\u00a0- pomaga v boju proti staranju<\/li>\n<li><strong>olje ginsenga<\/strong>\u00a0- deluje vla\u017eilno in proti staranju<\/li>\n<\/ul>\n<p>Barva: roza s \u010drnimi zrni.<\/p>\n<p>Vonj: osve\u017eujo\u010da, lubenica.<\/p>\n<ol start=\"2\">\n<li><strong>Olje za povrhnjico Amaranth, 5g<\/strong><\/li>\n<\/ol>\n<p>Cvetna oljka z listi cvetov amaranta vsebuje sestavo posebej izbranih olj, ki podpirajo regeneracijo, nego in glajenje nohtov in obnohtne ko\u017eice. Vklju\u010duje:<\/p>\n<ul>\n<li><strong>oljna palica<\/strong>\u00a0- Bogat z vitamini, proti staranju in znan kot antioksidant<\/li>\n<li><strong>olje kamelije<\/strong>\u00a0- posvetli barve, ima \u010dudovit cvetni vonj in se hitro vpije<\/li>\n<\/ul>\n<p>Barva: prozorna z ro\u017enatimi cvetnimi listi.<\/p>\n<p>Vonj: cvetni, sladek.<\/p>\n<ol start=\"3\">\n<li><strong>Trdna podlaga za nohte, 5g<\/strong><\/li>\n<\/ol>\n<p>Balzam na osnovi zeli\u0161\u010dnih formul, ki vsebuje kar 85% sestavin naravnega izvora. Uporablja se lahko kot pripomo\u010dek v negi in kot osnova za popravilo nohtne plo\u0161\u010de. Vklju\u010duje:<\/p>\n<ul>\n<li>olje iz semen zelenega \u010daja,<\/li>\n<li>Olje Tsubaki,<\/li>\n<li>ricinusovo olje iz Dongbeak<\/li>\n<li>Izvle\u010dek cvetov in semen Dongbeak, ki izbolj\u0161uje stanje po\u0161kodovanih nohtov in gladi njegovo povr\u0161ino.<\/li>\n<\/ul>\n<p>Balzam pusti sijo\u010d film na nohtu in podpira oprijem laka.<\/p>\n<p>Barva: prozorna.<\/p>\n<p><strong><span class=\"\">Vegan Spa Pink Power set za nego nohtov je idealno darilo.<\/span><\/strong><\/p>","protected":false},"excerpt":{"rendered":"<p><img decoding=\"async\" class=\"alignnone wp-image-1574 size-thumbnail\" src=\"https:\/\/www.meavia-mh.hr\/wp-content\/uploads\/2020\/12\/palu-dermatologically-tested-150x150.png\" alt=\"palu dermatologically tested\" width=\"150\" height=\"150\" srcset=\"https:\/\/www.meavia-mh.hr\/wp-content\/uploads\/2020\/12\/palu-dermatologically-tested-150x150.png 150w, https:\/\/www.meavia-mh.hr\/wp-content\/uploads\/2020\/12\/palu-dermatologically-tested-100x100.png 100w, https:\/\/www.meavia-mh.hr\/wp-content\/uploads\/2020\/12\/palu-dermatologically-tested.png 252w\" sizes=\"(max-width: 150px) 100vw, 150px\" \/><\/p>","protected":false},"featured_media":10304,"comment_status":"closed","ping_status":"closed","template":"","meta":{"_uag_custom_page_level_css":"","site-sidebar-layout":"default","site-content-layout":"default","ast-site-content-layout":"default","site-content-style":"default","site-sidebar-style":"default","ast-global-header-display":"","ast-banner-title-visibility":"","ast-main-header-display":"","ast-hfb-above-header-display":"","ast-hfb-below-header-display":"","ast-hfb-mobile-header-display":"","site-post-title":"","ast-breadcrumbs-content":"","ast-featured-img":"","footer-sml-layout":"","ast-disable-related-posts":"","theme-transparent-header-meta":"default","adv-header-id-meta":"","stick-header-meta":"default","header-above-stick-meta":"","header-main-stick-meta":"","header-below-stick-meta":"","astra-migrate-meta-layouts":"default","ast-page-background-enabled":"default","ast-page-background-meta":{"desktop":{"background-color":"var(--ast-global-color-4)","background-image":"","background-repeat":"repeat","background-position":"center center","background-size":"auto","background-attachment":"scroll","background-type":"","background-media":"","overlay-type":"","overlay-color":"","overlay-opacity":"","overlay-gradient":""},"tablet":{"background-color":"","background-image":"","background-repeat":"repeat","background-position":"center center","background-size":"auto","background-attachment":"scroll","background-type":"","background-media":"","overlay-type":"","overlay-color":"","overlay-opacity":"","overlay-gradient":""},"mobile":{"background-color":"","background-image":"","background-repeat":"repeat","background-position":"center center","background-size":"auto","background-attachment":"scroll","background-type":"","background-media":"","overlay-type":"","overlay-color":"","overlay-opacity":"","overlay-gradient":""}},"ast-content-background-meta":{"desktop":{"background-color":"var(--ast-global-color-5)","background-image":"","background-repeat":"repeat","background-position":"center center","background-size":"auto","background-attachment":"scroll","background-type":"","background-media":"","overlay-type":"","overlay-color":"","overlay-opacity":"","overlay-gradient":""},"tablet":{"background-color":"var(--ast-global-color-5)","background-image":"","background-repeat":"repeat","background-position":"center center","background-size":"auto","background-attachment":"scroll","background-type":"","background-media":"","overlay-type":"","overlay-color":"","overlay-opacity":"","overlay-gradient":""},"mobile":{"background-color":"var(--ast-global-color-5)","background-image":"","background-repeat":"repeat","background-position":"center center","background-size":"auto","background-attachment":"scroll","background-type":"","background-media":"","overlay-type":"","overlay-color":"","overlay-opacity":"","overlay-gradient":""}}},"product_brand":[607],"product_cat":[534,118],"product_tag":[252,253],"class_list":{"0":"post-5479","1":"product","2":"type-product","3":"status-publish","4":"has-post-thumbnail","6":"product_brand-claresa","7":"product_cat-claresa","8":"product_cat-njegu-ruku-i-nogu","9":"product_tag-set-za-njegu","10":"product_tag-vegan-spa","11":"desktop-align-left","12":"tablet-align-left","13":"mobile-align-left","14":"ast-product-gallery-layout-horizontal-slider","15":"ast-product-tabs-layout-horizontal","17":"first","18":"outofstock","19":"taxable","20":"shipping-taxable","21":"purchasable","22":"product-type-simple"},"yoast_head":"<!-- This site is optimized with the Yoast SEO plugin v27.5 - https:\/\/yoast.com\/product\/yoast-seo-wordpress\/ -->\n<title>Vegan SPA set za njegu noktiju Pink Power &#8902; Mea Via Beauty<\/title>\n<meta name=\"description\" content=\"Vegan SPA set za njegu noktiju Pink Power &#8902; set za njegu noktiju &#8902; veganski proizvodi &#8902; set za sjajne i \u010dvrste nokte &#8902; prirodna njega noktiju\" \/>\n<meta name=\"robots\" content=\"index, follow, max-snippet:-1, max-image-preview:large, max-video-preview:-1\" \/>\n<link rel=\"canonical\" href=\"https:\/\/www.meavia-mh.hr\/sl\/product\/vegan-spa-set-za-njegu-nokta-pink-power\/\" \/>\n<meta property=\"og:locale\" content=\"sl_SI\" \/>\n<meta property=\"og:type\" content=\"article\" \/>\n<meta property=\"og:title\" content=\"Vegan SPA set za njegu noktiju Pink Power &#8902; Mea Via Beauty\" \/>\n<meta property=\"og:description\" content=\"Vegan SPA set za njegu noktiju Pink Power &#8902; set za njegu noktiju &#8902; veganski proizvodi &#8902; set za sjajne i \u010dvrste nokte &#8902; prirodna njega noktiju\" \/>\n<meta property=\"og:url\" content=\"https:\/\/www.meavia-mh.hr\/sl\/product\/vegan-spa-set-za-njegu-nokta-pink-power\/\" \/>\n<meta property=\"og:site_name\" content=\"Mea Via Beauty\" \/>\n<meta property=\"article:publisher\" content=\"https:\/\/www.facebook.com\/MeaViaNailsWorld\" \/>\n<meta property=\"article:modified_time\" content=\"2025-09-20T18:02:25+00:00\" \/>\n<meta property=\"og:image\" content=\"https:\/\/www.meavia-mh.hr\/wp-content\/uploads\/2021\/02\/VeganSpa_PINK_BOX.jpg\" \/>\n\t<meta property=\"og:image:width\" content=\"1500\" \/>\n\t<meta property=\"og:image:height\" content=\"1500\" \/>\n\t<meta property=\"og:image:type\" content=\"image\/jpeg\" \/>\n<meta name=\"twitter:card\" content=\"summary_large_image\" \/>\n<meta name=\"twitter:label1\" content=\"Est. reading time\" \/>\n\t<meta name=\"twitter:data1\" content=\"2 minuti\" \/>\n<script type=\"application\/ld+json\" class=\"yoast-schema-graph\">{\"@context\":\"https:\\\/\\\/schema.org\",\"@graph\":[{\"@type\":\"WebPage\",\"@id\":\"https:\\\/\\\/www.meavia-mh.hr\\\/product\\\/vegan-spa-set-za-njegu-nokta-pink-power\\\/\",\"url\":\"https:\\\/\\\/www.meavia-mh.hr\\\/product\\\/vegan-spa-set-za-njegu-nokta-pink-power\\\/\",\"name\":\"Vegan SPA set za njegu noktiju Pink Power &#8902; Mea Via Beauty\",\"isPartOf\":{\"@id\":\"https:\\\/\\\/meavia-mh.hr\\\/sl\\\/#website\"},\"primaryImageOfPage\":{\"@id\":\"https:\\\/\\\/www.meavia-mh.hr\\\/product\\\/vegan-spa-set-za-njegu-nokta-pink-power\\\/#primaryimage\"},\"image\":{\"@id\":\"https:\\\/\\\/www.meavia-mh.hr\\\/product\\\/vegan-spa-set-za-njegu-nokta-pink-power\\\/#primaryimage\"},\"thumbnailUrl\":\"https:\\\/\\\/www.meavia-mh.hr\\\/wp-content\\\/uploads\\\/2021\\\/02\\\/VeganSpa_PINK_BOX.jpg\",\"datePublished\":\"2021-02-01T15:34:24+00:00\",\"dateModified\":\"2025-09-20T18:02:25+00:00\",\"description\":\"Vegan SPA set za njegu noktiju Pink Power &#8902; set za njegu noktiju &#8902; veganski proizvodi &#8902; set za sjajne i \u010dvrste nokte &#8902; prirodna njega noktiju\",\"breadcrumb\":{\"@id\":\"https:\\\/\\\/www.meavia-mh.hr\\\/product\\\/vegan-spa-set-za-njegu-nokta-pink-power\\\/#breadcrumb\"},\"inLanguage\":\"sl-SI\",\"potentialAction\":[{\"@type\":\"ReadAction\",\"target\":[\"https:\\\/\\\/www.meavia-mh.hr\\\/product\\\/vegan-spa-set-za-njegu-nokta-pink-power\\\/\"]}]},{\"@type\":\"ImageObject\",\"inLanguage\":\"sl-SI\",\"@id\":\"https:\\\/\\\/www.meavia-mh.hr\\\/product\\\/vegan-spa-set-za-njegu-nokta-pink-power\\\/#primaryimage\",\"url\":\"https:\\\/\\\/www.meavia-mh.hr\\\/wp-content\\\/uploads\\\/2021\\\/02\\\/VeganSpa_PINK_BOX.jpg\",\"contentUrl\":\"https:\\\/\\\/www.meavia-mh.hr\\\/wp-content\\\/uploads\\\/2021\\\/02\\\/VeganSpa_PINK_BOX.jpg\",\"width\":1500,\"height\":1500,\"caption\":\"Vegan SPA set za njegu noktiju Pink Power\"},{\"@type\":\"BreadcrumbList\",\"@id\":\"https:\\\/\\\/www.meavia-mh.hr\\\/product\\\/vegan-spa-set-za-njegu-nokta-pink-power\\\/#breadcrumb\",\"itemListElement\":[{\"@type\":\"ListItem\",\"position\":1,\"name\":\"Po\u010detna stranica\",\"item\":\"https:\\\/\\\/www.meavia-mh.hr\\\/\"},{\"@type\":\"ListItem\",\"position\":2,\"name\":\"Trgovina\",\"item\":\"https:\\\/\\\/meavia-mh.hr\\\/sl\\\/store\\\/\"},{\"@type\":\"ListItem\",\"position\":3,\"name\":\"Vegan SPA set za njegu noktiju Pink Power\"}]},{\"@type\":\"WebSite\",\"@id\":\"https:\\\/\\\/meavia-mh.hr\\\/sl\\\/#website\",\"url\":\"https:\\\/\\\/meavia-mh.hr\\\/sl\\\/\",\"name\":\"Mea Via Beauty\",\"description\":\"Only The Best For Your Beauty\",\"publisher\":{\"@id\":\"https:\\\/\\\/meavia-mh.hr\\\/sl\\\/#organization\"},\"alternateName\":\"Mea Via Nails\",\"potentialAction\":[{\"@type\":\"SearchAction\",\"target\":{\"@type\":\"EntryPoint\",\"urlTemplate\":\"https:\\\/\\\/meavia-mh.hr\\\/sl\\\/?s={search_term_string}\"},\"query-input\":{\"@type\":\"PropertyValueSpecification\",\"valueRequired\":true,\"valueName\":\"search_term_string\"}}],\"inLanguage\":\"sl-SI\"},{\"@type\":\"Organization\",\"@id\":\"https:\\\/\\\/meavia-mh.hr\\\/sl\\\/#organization\",\"name\":\"Mea Via Nails World\",\"alternateName\":\"Mea Via\",\"url\":\"https:\\\/\\\/meavia-mh.hr\\\/sl\\\/\",\"logo\":{\"@type\":\"ImageObject\",\"inLanguage\":\"sl-SI\",\"@id\":\"https:\\\/\\\/meavia-mh.hr\\\/sl\\\/#\\\/schema\\\/logo\\\/image\\\/\",\"url\":\"https:\\\/\\\/www.meavia-mh.hr\\\/wp-content\\\/uploads\\\/2020\\\/12\\\/Mea-Via.png\",\"contentUrl\":\"https:\\\/\\\/www.meavia-mh.hr\\\/wp-content\\\/uploads\\\/2020\\\/12\\\/Mea-Via.png\",\"width\":1181,\"height\":393,\"caption\":\"Mea Via Nails World\"},\"image\":{\"@id\":\"https:\\\/\\\/meavia-mh.hr\\\/sl\\\/#\\\/schema\\\/logo\\\/image\\\/\"},\"sameAs\":[\"https:\\\/\\\/www.facebook.com\\\/MeaViaNailsWorld\",\"https:\\\/\\\/www.instagram.com\\\/mea_via_nails_world\\\/\",\"https:\\\/\\\/www.youtube.com\\\/channel\\\/UCECk0hpRWP6TN-EfA4ER96g\\\/featured\"]}]}<\/script>\n<!-- \/ Yoast SEO plugin. -->","yoast_head_json":{"title":"Veganski SPA set za nego nohtov Pink Power \u22c6 Mea Via Beauty","description":"Veganski SPA set za nego nohtov Pink Power \u22c6 set za nego nohtov \u22c6 veganski izdelki \u22c6 set za sijo\u010de in mo\u010dne nohte \u22c6 nega naravnih nohtov","robots":{"index":"index","follow":"follow","max-snippet":"max-snippet:-1","max-image-preview":"max-image-preview:large","max-video-preview":"max-video-preview:-1"},"canonical":"https:\/\/www.meavia-mh.hr\/sl\/product\/vegan-spa-set-za-njegu-nokta-pink-power\/","og_locale":"sl_SI","og_type":"article","og_title":"Vegan SPA set za njegu noktiju Pink Power &#8902; Mea Via Beauty","og_description":"Vegan SPA set za njegu noktiju Pink Power &#8902; set za njegu noktiju &#8902; veganski proizvodi &#8902; set za sjajne i \u010dvrste nokte &#8902; prirodna njega noktiju","og_url":"https:\/\/www.meavia-mh.hr\/sl\/product\/vegan-spa-set-za-njegu-nokta-pink-power\/","og_site_name":"Mea Via Beauty","article_publisher":"https:\/\/www.facebook.com\/MeaViaNailsWorld","article_modified_time":"2025-09-20T18:02:25+00:00","og_image":[{"width":1500,"height":1500,"url":"https:\/\/www.meavia-mh.hr\/wp-content\/uploads\/2021\/02\/VeganSpa_PINK_BOX.jpg","type":"image\/jpeg"}],"twitter_card":"summary_large_image","twitter_misc":{"Est. reading time":"2 minuti"},"schema":{"@context":"https:\/\/schema.org","@graph":[{"@type":"WebPage","@id":"https:\/\/www.meavia-mh.hr\/product\/vegan-spa-set-za-njegu-nokta-pink-power\/","url":"https:\/\/www.meavia-mh.hr\/product\/vegan-spa-set-za-njegu-nokta-pink-power\/","name":"Veganski SPA set za nego nohtov Pink Power \u22c6 Mea Via Beauty","isPartOf":{"@id":"https:\/\/meavia-mh.hr\/sl\/#website"},"primaryImageOfPage":{"@id":"https:\/\/www.meavia-mh.hr\/product\/vegan-spa-set-za-njegu-nokta-pink-power\/#primaryimage"},"image":{"@id":"https:\/\/www.meavia-mh.hr\/product\/vegan-spa-set-za-njegu-nokta-pink-power\/#primaryimage"},"thumbnailUrl":"https:\/\/www.meavia-mh.hr\/wp-content\/uploads\/2021\/02\/VeganSpa_PINK_BOX.jpg","datePublished":"2021-02-01T15:34:24+00:00","dateModified":"2025-09-20T18:02:25+00:00","description":"Veganski SPA set za nego nohtov Pink Power \u22c6 set za nego nohtov \u22c6 veganski izdelki \u22c6 set za sijo\u010de in mo\u010dne nohte \u22c6 nega naravnih nohtov","breadcrumb":{"@id":"https:\/\/www.meavia-mh.hr\/product\/vegan-spa-set-za-njegu-nokta-pink-power\/#breadcrumb"},"inLanguage":"sl-SI","potentialAction":[{"@type":"ReadAction","target":["https:\/\/www.meavia-mh.hr\/product\/vegan-spa-set-za-njegu-nokta-pink-power\/"]}]},{"@type":"ImageObject","inLanguage":"sl-SI","@id":"https:\/\/www.meavia-mh.hr\/product\/vegan-spa-set-za-njegu-nokta-pink-power\/#primaryimage","url":"https:\/\/www.meavia-mh.hr\/wp-content\/uploads\/2021\/02\/VeganSpa_PINK_BOX.jpg","contentUrl":"https:\/\/www.meavia-mh.hr\/wp-content\/uploads\/2021\/02\/VeganSpa_PINK_BOX.jpg","width":1500,"height":1500,"caption":"Vegan SPA set za njegu noktiju Pink Power"},{"@type":"BreadcrumbList","@id":"https:\/\/www.meavia-mh.hr\/product\/vegan-spa-set-za-njegu-nokta-pink-power\/#breadcrumb","itemListElement":[{"@type":"ListItem","position":1,"name":"Po\u010detna stranica","item":"https:\/\/www.meavia-mh.hr\/"},{"@type":"ListItem","position":2,"name":"Trgovina","item":"https:\/\/meavia-mh.hr\/sl\/store\/"},{"@type":"ListItem","position":3,"name":"Vegan SPA set za njegu noktiju Pink Power"}]},{"@type":"WebSite","@id":"https:\/\/meavia-mh.hr\/sl\/#website","url":"https:\/\/meavia-mh.hr\/sl\/","name":"MEA VIA BEAUTY","description":"Only The Best For Your Beauty","publisher":{"@id":"https:\/\/meavia-mh.hr\/sl\/#organization"},"alternateName":"Mea Via Nails","potentialAction":[{"@type":"SearchAction","target":{"@type":"EntryPoint","urlTemplate":"https:\/\/meavia-mh.hr\/sl\/?s={search_term_string}"},"query-input":{"@type":"PropertyValueSpecification","valueRequired":true,"valueName":"search_term_string"}}],"inLanguage":"sl-SI"},{"@type":"Organization","@id":"https:\/\/meavia-mh.hr\/sl\/#organization","name":"Mea Via Nails World","alternateName":"Mea Via","url":"https:\/\/meavia-mh.hr\/sl\/","logo":{"@type":"ImageObject","inLanguage":"sl-SI","@id":"https:\/\/meavia-mh.hr\/sl\/#\/schema\/logo\/image\/","url":"https:\/\/www.meavia-mh.hr\/wp-content\/uploads\/2020\/12\/Mea-Via.png","contentUrl":"https:\/\/www.meavia-mh.hr\/wp-content\/uploads\/2020\/12\/Mea-Via.png","width":1181,"height":393,"caption":"Mea Via Nails World"},"image":{"@id":"https:\/\/meavia-mh.hr\/sl\/#\/schema\/logo\/image\/"},"sameAs":["https:\/\/www.facebook.com\/MeaViaNailsWorld","https:\/\/www.instagram.com\/mea_via_nails_world\/","https:\/\/www.youtube.com\/channel\/UCECk0hpRWP6TN-EfA4ER96g\/featured"]}]}},"spectra_custom_meta":{"_edit_lock":["1676296561:1239"],"_edit_last":["1239"],"_wp_page_template":["default"],"_yoast_wpseo_focuskw":["set za noktiju"],"_yoast_wpseo_metadesc":["%%title%% %%sep%% set za njegu noktiju %%sep%% veganski proizvodi %%sep%% set za sjajne i \u010dvrste nokte %%sep%% prirodna njega noktiju"],"_yoast_wpseo_linkdex":["75"],"_yoast_wpseo_content_score":["90"],"_yoast_wpseo_estimated-reading-time-minutes":["2"],"_sku":["CL-ZES-VEG-PINK-001"],"_regular_price":["7.82"],"total_sales":["14"],"_tax_status":["taxable"],"_tax_class":[""],"_manage_stock":["yes"],"_backorders":["no"],"_sold_individually":["no"],"_virtual":["no"],"_downloadable":["no"],"_download_limit":["-1"],"_download_expiry":["-1"],"_stock":["0.000000"],"_stock_status":["outofstock"],"_wc_average_rating":["0"],"_wc_review_count":["0"],"_product_version":["10.1.2"],"_price":["7.82"],"_yoast_wpseo_primary_product_cat":["118"],"site-sidebar-layout":["default"],"site-content-layout":["default"],"theme-transparent-header-meta":["default"],"stick-header-meta":["default"],"_thumbnail_id":["10304"],"_product_image_gallery":["10305,10307,10306,5492"],"_woocs_price_geo_countries":[""],"_woocs_regular_price_geo":[""],"_woocs_sale_price_geo":[""],"cartflows_redirect_flow_id":[""],"cartflows_add_to_cart_text":[""],"_woocs_regular_price_EUR":["7.82"],"_woocs_sale_price_EUR":["-1"],"ast-below-header-display":[""],"_lowest_price_30_days":["7.82"],"_yoast_wpseo_wordproof_timestamp":[""],"uag_migration_processed":["1"],"_elementor_page_assets":["a:0:{}"],"_uag_page_assets":["a:9:{s:3:\"css\";s:0:\"\";s:2:\"js\";s:0:\"\";s:18:\"current_block_list\";a:3:{i:0;s:11:\"core\/search\";i:1;s:18:\"core\/legacy-widget\";i:2;s:27:\"woocommerce\/product-filters\";}s:8:\"uag_flag\";b:0;s:11:\"uag_version\";s:10:\"1778546779\";s:6:\"gfonts\";a:0:{}s:10:\"gfonts_url\";s:0:\"\";s:12:\"gfonts_files\";a:0:{}s:14:\"uag_faq_layout\";b:0;}"]},"uagb_featured_image_src":{"full":["https:\/\/www.meavia-mh.hr\/wp-content\/uploads\/2021\/02\/VeganSpa_PINK_BOX.jpg",1500,1500,false],"thumbnail":["https:\/\/www.meavia-mh.hr\/wp-content\/uploads\/2021\/02\/VeganSpa_PINK_BOX-150x150.jpg",150,150,true],"medium":["https:\/\/www.meavia-mh.hr\/wp-content\/uploads\/2021\/02\/VeganSpa_PINK_BOX-300x300.jpg",300,300,true],"medium_large":["https:\/\/www.meavia-mh.hr\/wp-content\/uploads\/2021\/02\/VeganSpa_PINK_BOX-768x768.jpg",768,768,true],"large":["https:\/\/www.meavia-mh.hr\/wp-content\/uploads\/2021\/02\/VeganSpa_PINK_BOX-1024x1024.jpg",1024,1024,true],"1536x1536":["https:\/\/www.meavia-mh.hr\/wp-content\/uploads\/2021\/02\/VeganSpa_PINK_BOX.jpg",1500,1500,false],"2048x2048":["https:\/\/www.meavia-mh.hr\/wp-content\/uploads\/2021\/02\/VeganSpa_PINK_BOX.jpg",1500,1500,false],"trp-custom-language-flag":["https:\/\/www.meavia-mh.hr\/wp-content\/uploads\/2021\/02\/VeganSpa_PINK_BOX-12x12.jpg",12,12,true],"woocommerce_thumbnail":["https:\/\/www.meavia-mh.hr\/wp-content\/uploads\/2021\/02\/VeganSpa_PINK_BOX-300x300.jpg",300,300,true],"woocommerce_single":["https:\/\/www.meavia-mh.hr\/wp-content\/uploads\/2021\/02\/VeganSpa_PINK_BOX-600x600.jpg",600,600,true],"woocommerce_gallery_thumbnail":["https:\/\/www.meavia-mh.hr\/wp-content\/uploads\/2021\/02\/VeganSpa_PINK_BOX-100x100.jpg",100,100,true]},"uagb_author_info":{"display_name":"Mea Via","author_link":"https:\/\/www.meavia-mh.hr\/sl\/author\/"},"uagb_comment_info":0,"uagb_excerpt":null,"_links":{"self":[{"href":"https:\/\/www.meavia-mh.hr\/sl\/wp-json\/wp\/v2\/product\/5479","targetHints":{"allow":["GET"]}}],"collection":[{"href":"https:\/\/www.meavia-mh.hr\/sl\/wp-json\/wp\/v2\/product"}],"about":[{"href":"https:\/\/www.meavia-mh.hr\/sl\/wp-json\/wp\/v2\/types\/product"}],"replies":[{"embeddable":true,"href":"https:\/\/www.meavia-mh.hr\/sl\/wp-json\/wp\/v2\/comments?post=5479"}],"version-history":[{"count":1,"href":"https:\/\/www.meavia-mh.hr\/sl\/wp-json\/wp\/v2\/product\/5479\/revisions"}],"predecessor-version":[{"id":31342,"href":"https:\/\/www.meavia-mh.hr\/sl\/wp-json\/wp\/v2\/product\/5479\/revisions\/31342"}],"wp:featuredmedia":[{"embeddable":true,"href":"https:\/\/www.meavia-mh.hr\/sl\/wp-json\/wp\/v2\/media\/10304"}],"wp:attachment":[{"href":"https:\/\/www.meavia-mh.hr\/sl\/wp-json\/wp\/v2\/media?parent=5479"}],"wp:term":[{"taxonomy":"product_brand","embeddable":true,"href":"https:\/\/www.meavia-mh.hr\/sl\/wp-json\/wp\/v2\/product_brand?post=5479"},{"taxonomy":"product_cat","embeddable":true,"href":"https:\/\/www.meavia-mh.hr\/sl\/wp-json\/wp\/v2\/product_cat?post=5479"},{"taxonomy":"product_tag","embeddable":true,"href":"https:\/\/www.meavia-mh.hr\/sl\/wp-json\/wp\/v2\/product_tag?post=5479"}],"curies":[{"name":"delovni list","href":"https:\/\/api.w.org\/{rel}","templated":true}]}}