{"id":5434,"date":"2021-01-30T18:36:28","date_gmt":"2021-01-30T18:36:28","guid":{"rendered":"https:\/\/www.meavia-mh.hr\/?post_type=product&#038;p=5434"},"modified":"2024-07-05T15:49:24","modified_gmt":"2024-07-05T15:49:24","slug":"palu-pogurivac-kozice-za-manikuru-pedikuru-k1","status":"publish","type":"product","link":"https:\/\/www.meavia-mh.hr\/sl\/product\/palu-pogurivac-kozice-za-manikuru-pedikuru-k1\/","title":{"rendered":"Potiskalnik za manikuro \/ pedikuro ko\u017ee PALU K1"},"content":{"rendered":"<p>Manikuro zgo\u0161\u010devalec obnohtne ko\u017eice je odli\u010dno orodje za potiskanje odve\u010dne ko\u017eice, odstranjevanje akrila ali lepila za nohte z nohtne plo\u0161\u010de tudi za \u010di\u0161\u010denje pod nohti. Vrhunska kakovost izdelave in vrhunski materiali, iz katerih je izdelan potisnik, zagotavljajo dolgo \u017eivljenjsko dobo in vzdr\u017eljivost.<\/p>\n<p><span style=\"font-size: 16px;font-style: normal\">Potiskalnik ima dva razli\u010dna konca. Na eni strani izbo\u010den c<\/span><span style=\"font-size: 16px;font-style: normal\">rh, po drugi strani\u00a0<\/span><span style=\"font-size: 16px;font-style: normal\">dleto v obliki lijaka konveksno zaobljeno.<\/span><br \/>\n<span style=\"font-size: 16px;font-style: normal\">Potiska\u010d ima posebej profiliran ro\u010daj (rahlo zarezan, nedrse\u010d),\u00a0<\/span><span style=\"font-size: 16px;font-style: normal\">ki zagotavlja visoko natan\u010dnost, prakti\u010dnost in udobje dela.\u00a0<\/span><\/p>\n<p><span style=\"font-size: 16px;font-style: normal\">Potiska\u010d je izdelan iz visokokakovostnega japonskega jekla in je lahko\u00a0<\/span><span style=\"font-size: 16px;font-style: normal\">razku\u017eite in sterilizirajte na kateri koli na\u010din (kemi\u010dni, termi\u010dni,\u00a0<\/span><span style=\"font-size: 16px;font-style: normal\">kemi\u010dno-termi\u010dni).<\/span><\/p>\n<p>Potiskalnik za povrhnjico je v veliko pomo\u010d vsem, ki se v svoji kozmeti\u010dni stroki ukvarjajo z manikuro, pedikuro in name\u0161\u010danjem umetnih nohtov.<\/p>\n<ul>\n<li><strong>Blagovna znamka:<\/strong> PALU<\/li>\n<li><strong>Material:<\/strong>\u00a0Nerjave\u010de jeklo<\/li>\n<li><strong>Barva:<\/strong> Srebro iz nerjave\u010dega jekla<\/li>\n<li><strong>Dol\u017eina<\/strong>: 14,5 cm<\/li>\n<\/ul>\n<p><span style=\"font-size: 16px;font-style: normal\">Kovinski potisnik ko\u017ee - lopatka ima ve\u010d namenov;<\/span><\/p>\n<ul style=\"font-size: 16px;font-style: normal\">\n<li style=\"font-size: 16px\">pri delu na manikiri in pedikuri<\/li>\n<li style=\"font-size: 16px\">hitro in enostavno potiskanje ko\u017eice nazaj<\/li>\n<li style=\"font-size: 16px\">odstraniti povrhnjico okoli nohta<\/li>\n<li style=\"font-size: 16px\">pri name\u0161\u010danju umetnih nohtov<\/li>\n<li style=\"font-size: 16px\">bolj\u0161i oprijem <a href=\"https:\/\/www.meavia-mh.hr\/sl\/product\/palu-gel-polish-trajni-lak-toronto-t4-11-ml\/\">trajni lak<\/a> ali <a href=\"https:\/\/www.meavia-mh.hr\/sl\/product\/evolution-soak-off-sculpting-gels-extension-builder-5ml\/\">gel<\/a> \u010de je ko\u017eica dobro potla\u010dena<\/li>\n<li style=\"font-size: 16px\">za odstranjevanje ostankov trajnega laka, gela, akrila<\/li>\n<li style=\"font-size: 16px\">za me\u0161anje gela<\/li>\n<\/ul>","protected":false},"excerpt":{"rendered":"<p>Poguriva\u010d ko\u017eice za manikuru savr\u0161en je alat za potiskivanje vi\u0161ka ko\u017eice, uklanjanje akrila ili ljepila za nokte s plo\u010de nokta \u010dak i za \u010di\u0161\u0107enje ispod noktiju. Vrhunska kvaliteta izrade i vrhunski materijali od kojih je poguriva\u010d izra\u0111en osiguravaju dugotrajnost \u00a0i postojanost. Poguriva\u010d ima dva razli\u010dita kraja. S jedne strane ispup\u010den vrh, a s druge strane\u00a0dlijeto [&hellip;]<\/p>\n","protected":false},"featured_media":5435,"comment_status":"open","ping_status":"closed","template":"","meta":{"_uag_custom_page_level_css":"","site-sidebar-layout":"default","site-content-layout":"default","ast-site-content-layout":"default","site-content-style":"default","site-sidebar-style":"default","ast-global-header-display":"","ast-banner-title-visibility":"","ast-main-header-display":"","ast-hfb-above-header-display":"","ast-hfb-below-header-display":"","ast-hfb-mobile-header-display":"","site-post-title":"","ast-breadcrumbs-content":"","ast-featured-img":"","footer-sml-layout":"","ast-disable-related-posts":"","theme-transparent-header-meta":"default","adv-header-id-meta":"","stick-header-meta":"default","header-above-stick-meta":"","header-main-stick-meta":"","header-below-stick-meta":"","astra-migrate-meta-layouts":"default","ast-page-background-enabled":"default","ast-page-background-meta":{"desktop":{"background-color":"var(--ast-global-color-4)","background-image":"","background-repeat":"repeat","background-position":"center center","background-size":"auto","background-attachment":"scroll","background-type":"","background-media":"","overlay-type":"","overlay-color":"","overlay-opacity":"","overlay-gradient":""},"tablet":{"background-color":"","background-image":"","background-repeat":"repeat","background-position":"center center","background-size":"auto","background-attachment":"scroll","background-type":"","background-media":"","overlay-type":"","overlay-color":"","overlay-opacity":"","overlay-gradient":""},"mobile":{"background-color":"","background-image":"","background-repeat":"repeat","background-position":"center center","background-size":"auto","background-attachment":"scroll","background-type":"","background-media":"","overlay-type":"","overlay-color":"","overlay-opacity":"","overlay-gradient":""}},"ast-content-background-meta":{"desktop":{"background-color":"var(--ast-global-color-5)","background-image":"","background-repeat":"repeat","background-position":"center center","background-size":"auto","background-attachment":"scroll","background-type":"","background-media":"","overlay-type":"","overlay-color":"","overlay-opacity":"","overlay-gradient":""},"tablet":{"background-color":"var(--ast-global-color-5)","background-image":"","background-repeat":"repeat","background-position":"center center","background-size":"auto","background-attachment":"scroll","background-type":"","background-media":"","overlay-type":"","overlay-color":"","overlay-opacity":"","overlay-gradient":""},"mobile":{"background-color":"var(--ast-global-color-5)","background-image":"","background-repeat":"repeat","background-position":"center center","background-size":"auto","background-attachment":"scroll","background-type":"","background-media":"","overlay-type":"","overlay-color":"","overlay-opacity":"","overlay-gradient":""}}},"product_brand":[],"product_cat":[247],"product_tag":[244,226,248],"class_list":{"0":"post-5434","1":"product","2":"type-product","3":"status-publish","4":"has-post-thumbnail","6":"product_cat-pribor-za-manikuru","7":"product_tag-manikura","8":"product_tag-pedikura","9":"product_tag-pogurivac-kozice","10":"desktop-align-left","11":"tablet-align-left","12":"mobile-align-left","13":"ast-product-gallery-layout-horizontal-slider","14":"ast-product-tabs-layout-horizontal","16":"first","17":"outofstock","18":"taxable","19":"shipping-taxable","20":"purchasable","21":"product-type-simple"},"yoast_head":"<!-- This site is optimized with the Yoast SEO plugin v27.3 - https:\/\/yoast.com\/product\/yoast-seo-wordpress\/ -->\n<title>PALU poguriva\u010d ko\u017eice za manikuru \/ pedikuru K1 &#8902; Mea Via Beauty<\/title>\n<meta name=\"description\" content=\"PALU poguriva\u010d ko\u017eice za manikuru \/ pedikuru K1 &#8902; vrhunska kvaliteta &#8902; izra\u0111eno od vrhunskog japanskog \u010delika &#8902; pogodno za sterilizaciju\" \/>\n<meta name=\"robots\" content=\"index, follow, max-snippet:-1, max-image-preview:large, max-video-preview:-1\" \/>\n<link rel=\"canonical\" href=\"https:\/\/www.meavia-mh.hr\/sl\/product\/palu-pogurivac-kozice-za-manikuru-pedikuru-k1\/\" \/>\n<meta property=\"og:locale\" content=\"sl_SI\" \/>\n<meta property=\"og:type\" content=\"article\" \/>\n<meta property=\"og:title\" content=\"PALU poguriva\u010d ko\u017eice za manikuru \/ pedikuru K1 &#8902; Mea Via Beauty\" \/>\n<meta property=\"og:description\" content=\"PALU poguriva\u010d ko\u017eice za manikuru \/ pedikuru K1 &#8902; vrhunska kvaliteta &#8902; izra\u0111eno od vrhunskog japanskog \u010delika &#8902; pogodno za sterilizaciju\" \/>\n<meta property=\"og:url\" content=\"https:\/\/www.meavia-mh.hr\/sl\/product\/palu-pogurivac-kozice-za-manikuru-pedikuru-k1\/\" \/>\n<meta property=\"og:site_name\" content=\"Mea Via Beauty\" \/>\n<meta property=\"article:publisher\" content=\"https:\/\/www.facebook.com\/MeaViaNailsWorld\" \/>\n<meta property=\"article:modified_time\" content=\"2024-07-05T15:49:24+00:00\" \/>\n<meta property=\"og:image\" content=\"https:\/\/www.meavia-mh.hr\/wp-content\/uploads\/2021\/01\/PALU-potiskivac-kozice-za-manikurupedikuru-dvostrani-k1.jpg\" \/>\n\t<meta property=\"og:image:width\" content=\"1690\" \/>\n\t<meta property=\"og:image:height\" content=\"1610\" \/>\n\t<meta property=\"og:image:type\" content=\"image\/jpeg\" \/>\n<meta name=\"twitter:card\" content=\"summary_large_image\" \/>\n<meta name=\"twitter:label1\" content=\"Est. reading time\" \/>\n\t<meta name=\"twitter:data1\" content=\"1 minuta\" \/>\n<script type=\"application\/ld+json\" class=\"yoast-schema-graph\">{\"@context\":\"https:\\\/\\\/schema.org\",\"@graph\":[{\"@type\":\"WebPage\",\"@id\":\"https:\\\/\\\/www.meavia-mh.hr\\\/product\\\/palu-pogurivac-kozice-za-manikuru-pedikuru-k1\\\/\",\"url\":\"https:\\\/\\\/www.meavia-mh.hr\\\/product\\\/palu-pogurivac-kozice-za-manikuru-pedikuru-k1\\\/\",\"name\":\"PALU poguriva\u010d ko\u017eice za manikuru \\\/ pedikuru K1 &#8902; Mea Via Beauty\",\"isPartOf\":{\"@id\":\"https:\\\/\\\/meavia-mh.hr\\\/sl\\\/#website\"},\"primaryImageOfPage\":{\"@id\":\"https:\\\/\\\/www.meavia-mh.hr\\\/product\\\/palu-pogurivac-kozice-za-manikuru-pedikuru-k1\\\/#primaryimage\"},\"image\":{\"@id\":\"https:\\\/\\\/www.meavia-mh.hr\\\/product\\\/palu-pogurivac-kozice-za-manikuru-pedikuru-k1\\\/#primaryimage\"},\"thumbnailUrl\":\"https:\\\/\\\/www.meavia-mh.hr\\\/wp-content\\\/uploads\\\/2021\\\/01\\\/PALU-potiskivac-kozice-za-manikurupedikuru-dvostrani-k1.jpg\",\"datePublished\":\"2021-01-30T18:36:28+00:00\",\"dateModified\":\"2024-07-05T15:49:24+00:00\",\"description\":\"PALU poguriva\u010d ko\u017eice za manikuru \\\/ pedikuru K1 &#8902; vrhunska kvaliteta &#8902; izra\u0111eno od vrhunskog japanskog \u010delika &#8902; pogodno za sterilizaciju\",\"breadcrumb\":{\"@id\":\"https:\\\/\\\/www.meavia-mh.hr\\\/product\\\/palu-pogurivac-kozice-za-manikuru-pedikuru-k1\\\/#breadcrumb\"},\"inLanguage\":\"sl-SI\",\"potentialAction\":[{\"@type\":\"ReadAction\",\"target\":[\"https:\\\/\\\/www.meavia-mh.hr\\\/product\\\/palu-pogurivac-kozice-za-manikuru-pedikuru-k1\\\/\"]}]},{\"@type\":\"ImageObject\",\"inLanguage\":\"sl-SI\",\"@id\":\"https:\\\/\\\/www.meavia-mh.hr\\\/product\\\/palu-pogurivac-kozice-za-manikuru-pedikuru-k1\\\/#primaryimage\",\"url\":\"https:\\\/\\\/www.meavia-mh.hr\\\/wp-content\\\/uploads\\\/2021\\\/01\\\/PALU-potiskivac-kozice-za-manikurupedikuru-dvostrani-k1.jpg\",\"contentUrl\":\"https:\\\/\\\/www.meavia-mh.hr\\\/wp-content\\\/uploads\\\/2021\\\/01\\\/PALU-potiskivac-kozice-za-manikurupedikuru-dvostrani-k1.jpg\",\"width\":1690,\"height\":1610,\"caption\":\"PALU potiskiva\u010d ko\u017eice za manikuru:pedikuru, dvostrani k1.\"},{\"@type\":\"BreadcrumbList\",\"@id\":\"https:\\\/\\\/www.meavia-mh.hr\\\/product\\\/palu-pogurivac-kozice-za-manikuru-pedikuru-k1\\\/#breadcrumb\",\"itemListElement\":[{\"@type\":\"ListItem\",\"position\":1,\"name\":\"Po\u010detna stranica\",\"item\":\"https:\\\/\\\/www.meavia-mh.hr\\\/\"},{\"@type\":\"ListItem\",\"position\":2,\"name\":\"Trgovina\",\"item\":\"https:\\\/\\\/meavia-mh.hr\\\/sl\\\/store\\\/\"},{\"@type\":\"ListItem\",\"position\":3,\"name\":\"PALU poguriva\u010d ko\u017eice za manikuru \\\/ pedikuru K1\"}]},{\"@type\":\"WebSite\",\"@id\":\"https:\\\/\\\/meavia-mh.hr\\\/sl\\\/#website\",\"url\":\"https:\\\/\\\/meavia-mh.hr\\\/sl\\\/\",\"name\":\"Mea Via Beauty\",\"description\":\"Only The Best For Your Beauty\",\"publisher\":{\"@id\":\"https:\\\/\\\/meavia-mh.hr\\\/sl\\\/#organization\"},\"alternateName\":\"Mea Via Nails\",\"potentialAction\":[{\"@type\":\"SearchAction\",\"target\":{\"@type\":\"EntryPoint\",\"urlTemplate\":\"https:\\\/\\\/meavia-mh.hr\\\/sl\\\/?s={search_term_string}\"},\"query-input\":{\"@type\":\"PropertyValueSpecification\",\"valueRequired\":true,\"valueName\":\"search_term_string\"}}],\"inLanguage\":\"sl-SI\"},{\"@type\":\"Organization\",\"@id\":\"https:\\\/\\\/meavia-mh.hr\\\/sl\\\/#organization\",\"name\":\"Mea Via Nails World\",\"alternateName\":\"Mea Via\",\"url\":\"https:\\\/\\\/meavia-mh.hr\\\/sl\\\/\",\"logo\":{\"@type\":\"ImageObject\",\"inLanguage\":\"sl-SI\",\"@id\":\"https:\\\/\\\/meavia-mh.hr\\\/sl\\\/#\\\/schema\\\/logo\\\/image\\\/\",\"url\":\"https:\\\/\\\/www.meavia-mh.hr\\\/wp-content\\\/uploads\\\/2020\\\/12\\\/Mea-Via.png\",\"contentUrl\":\"https:\\\/\\\/www.meavia-mh.hr\\\/wp-content\\\/uploads\\\/2020\\\/12\\\/Mea-Via.png\",\"width\":1181,\"height\":393,\"caption\":\"Mea Via Nails World\"},\"image\":{\"@id\":\"https:\\\/\\\/meavia-mh.hr\\\/sl\\\/#\\\/schema\\\/logo\\\/image\\\/\"},\"sameAs\":[\"https:\\\/\\\/www.facebook.com\\\/MeaViaNailsWorld\",\"https:\\\/\\\/www.instagram.com\\\/mea_via_nails_world\\\/\",\"https:\\\/\\\/www.youtube.com\\\/channel\\\/UCECk0hpRWP6TN-EfA4ER96g\\\/featured\"]}]}<\/script>\n<!-- \/ Yoast SEO plugin. -->","yoast_head_json":{"title":"PALU potiskalnik obnohtne ko\u017eice za manikuro \/ pedikuro K1 \u22c6 Mea Via Beauty","description":"PALU potiskalnik obnohtne ko\u017eice za manikuro\/pedikuro K1 \u22c6 vrhunska kakovost \u22c6 izdelano iz visokokakovostnega japonskega jekla \u22c6 primerno za sterilizacijo","robots":{"index":"index","follow":"follow","max-snippet":"max-snippet:-1","max-image-preview":"max-image-preview:large","max-video-preview":"max-video-preview:-1"},"canonical":"https:\/\/www.meavia-mh.hr\/sl\/product\/palu-pogurivac-kozice-za-manikuru-pedikuru-k1\/","og_locale":"sl_SI","og_type":"article","og_title":"PALU poguriva\u010d ko\u017eice za manikuru \/ pedikuru K1 &#8902; Mea Via Beauty","og_description":"PALU poguriva\u010d ko\u017eice za manikuru \/ pedikuru K1 &#8902; vrhunska kvaliteta &#8902; izra\u0111eno od vrhunskog japanskog \u010delika &#8902; pogodno za sterilizaciju","og_url":"https:\/\/www.meavia-mh.hr\/sl\/product\/palu-pogurivac-kozice-za-manikuru-pedikuru-k1\/","og_site_name":"Mea Via Beauty","article_publisher":"https:\/\/www.facebook.com\/MeaViaNailsWorld","article_modified_time":"2024-07-05T15:49:24+00:00","og_image":[{"width":1690,"height":1610,"url":"https:\/\/www.meavia-mh.hr\/wp-content\/uploads\/2021\/01\/PALU-potiskivac-kozice-za-manikurupedikuru-dvostrani-k1.jpg","type":"image\/jpeg"}],"twitter_card":"summary_large_image","twitter_misc":{"Est. reading time":"1 minuta"},"schema":{"@context":"https:\/\/schema.org","@graph":[{"@type":"WebPage","@id":"https:\/\/www.meavia-mh.hr\/product\/palu-pogurivac-kozice-za-manikuru-pedikuru-k1\/","url":"https:\/\/www.meavia-mh.hr\/product\/palu-pogurivac-kozice-za-manikuru-pedikuru-k1\/","name":"PALU potiskalnik obnohtne ko\u017eice za manikuro \/ pedikuro K1 \u22c6 Mea Via Beauty","isPartOf":{"@id":"https:\/\/meavia-mh.hr\/sl\/#website"},"primaryImageOfPage":{"@id":"https:\/\/www.meavia-mh.hr\/product\/palu-pogurivac-kozice-za-manikuru-pedikuru-k1\/#primaryimage"},"image":{"@id":"https:\/\/www.meavia-mh.hr\/product\/palu-pogurivac-kozice-za-manikuru-pedikuru-k1\/#primaryimage"},"thumbnailUrl":"https:\/\/www.meavia-mh.hr\/wp-content\/uploads\/2021\/01\/PALU-potiskivac-kozice-za-manikurupedikuru-dvostrani-k1.jpg","datePublished":"2021-01-30T18:36:28+00:00","dateModified":"2024-07-05T15:49:24+00:00","description":"PALU potiskalnik obnohtne ko\u017eice za manikuro\/pedikuro K1 \u22c6 vrhunska kakovost \u22c6 izdelano iz visokokakovostnega japonskega jekla \u22c6 primerno za sterilizacijo","breadcrumb":{"@id":"https:\/\/www.meavia-mh.hr\/product\/palu-pogurivac-kozice-za-manikuru-pedikuru-k1\/#breadcrumb"},"inLanguage":"sl-SI","potentialAction":[{"@type":"ReadAction","target":["https:\/\/www.meavia-mh.hr\/product\/palu-pogurivac-kozice-za-manikuru-pedikuru-k1\/"]}]},{"@type":"ImageObject","inLanguage":"sl-SI","@id":"https:\/\/www.meavia-mh.hr\/product\/palu-pogurivac-kozice-za-manikuru-pedikuru-k1\/#primaryimage","url":"https:\/\/www.meavia-mh.hr\/wp-content\/uploads\/2021\/01\/PALU-potiskivac-kozice-za-manikurupedikuru-dvostrani-k1.jpg","contentUrl":"https:\/\/www.meavia-mh.hr\/wp-content\/uploads\/2021\/01\/PALU-potiskivac-kozice-za-manikurupedikuru-dvostrani-k1.jpg","width":1690,"height":1610,"caption":"PALU potiskiva\u010d ko\u017eice za manikuru:pedikuru, dvostrani k1."},{"@type":"BreadcrumbList","@id":"https:\/\/www.meavia-mh.hr\/product\/palu-pogurivac-kozice-za-manikuru-pedikuru-k1\/#breadcrumb","itemListElement":[{"@type":"ListItem","position":1,"name":"Po\u010detna stranica","item":"https:\/\/www.meavia-mh.hr\/"},{"@type":"ListItem","position":2,"name":"Trgovina","item":"https:\/\/meavia-mh.hr\/sl\/store\/"},{"@type":"ListItem","position":3,"name":"PALU poguriva\u010d ko\u017eice za manikuru \/ pedikuru K1"}]},{"@type":"WebSite","@id":"https:\/\/meavia-mh.hr\/sl\/#website","url":"https:\/\/meavia-mh.hr\/sl\/","name":"MEA VIA BEAUTY","description":"Only The Best For Your Beauty","publisher":{"@id":"https:\/\/meavia-mh.hr\/sl\/#organization"},"alternateName":"Mea Via Nails","potentialAction":[{"@type":"SearchAction","target":{"@type":"EntryPoint","urlTemplate":"https:\/\/meavia-mh.hr\/sl\/?s={search_term_string}"},"query-input":{"@type":"PropertyValueSpecification","valueRequired":true,"valueName":"search_term_string"}}],"inLanguage":"sl-SI"},{"@type":"Organization","@id":"https:\/\/meavia-mh.hr\/sl\/#organization","name":"Mea Via Nails World","alternateName":"Mea Via","url":"https:\/\/meavia-mh.hr\/sl\/","logo":{"@type":"ImageObject","inLanguage":"sl-SI","@id":"https:\/\/meavia-mh.hr\/sl\/#\/schema\/logo\/image\/","url":"https:\/\/www.meavia-mh.hr\/wp-content\/uploads\/2020\/12\/Mea-Via.png","contentUrl":"https:\/\/www.meavia-mh.hr\/wp-content\/uploads\/2020\/12\/Mea-Via.png","width":1181,"height":393,"caption":"Mea Via Nails World"},"image":{"@id":"https:\/\/meavia-mh.hr\/sl\/#\/schema\/logo\/image\/"},"sameAs":["https:\/\/www.facebook.com\/MeaViaNailsWorld","https:\/\/www.instagram.com\/mea_via_nails_world\/","https:\/\/www.youtube.com\/channel\/UCECk0hpRWP6TN-EfA4ER96g\/featured"]}]}},"spectra_custom_meta":{"_edit_lock":["1696842651:1239"],"_edit_last":["1"],"_thumbnail_id":["5435"],"_wp_page_template":["default"],"_yoast_wpseo_focuskw":["poguriva\u010d ko\u017eice"],"_yoast_wpseo_metadesc":["%%title%% %%sep%% vrhunska kvaliteta %%sep%% izra\u0111eno od vrhunskog japanskog \u010delika %%sep%% pogodno za sterilizaciju"],"_yoast_wpseo_linkdex":["62"],"_yoast_wpseo_content_score":["90"],"_yoast_wpseo_estimated-reading-time-minutes":["1"],"_sku":["KAT04613"],"_regular_price":["17.12"],"total_sales":["7"],"_tax_status":["taxable"],"_tax_class":[""],"_manage_stock":["yes"],"_backorders":["no"],"_sold_individually":["no"],"_virtual":["no"],"_downloadable":["no"],"_download_limit":["-1"],"_download_expiry":["-1"],"_stock":["0"],"_stock_status":["outofstock"],"_wc_average_rating":["0"],"_wc_review_count":["0"],"_product_version":["7.1.1"],"_price":["17.12"],"_product_image_gallery":["5438,5437,5436,5439"],"_yoast_wpseo_primary_product_cat":["247"],"site-sidebar-layout":["default"],"site-content-layout":["default"],"theme-transparent-header-meta":["default"],"stick-header-meta":["default"],"_woocs_regular_price_EUR":["17.12"],"_woocs_sale_price_EUR":["-1"],"_woocs_price_geo_countries":[""],"_woocs_regular_price_geo":[""],"_woocs_sale_price_geo":[""],"uag_migration_processed":["1"],"_elementor_page_assets":["a:0:{}"],"_uag_page_assets":["a:9:{s:3:\"css\";s:0:\"\";s:2:\"js\";s:0:\"\";s:18:\"current_block_list\";a:3:{i:0;s:11:\"core\/search\";i:1;s:18:\"core\/legacy-widget\";i:2;s:27:\"woocommerce\/product-filters\";}s:8:\"uag_flag\";b:0;s:11:\"uag_version\";s:10:\"1775837063\";s:6:\"gfonts\";a:0:{}s:10:\"gfonts_url\";s:0:\"\";s:12:\"gfonts_files\";a:0:{}s:14:\"uag_faq_layout\";b:0;}"]},"uagb_featured_image_src":{"full":["https:\/\/www.meavia-mh.hr\/wp-content\/uploads\/2021\/01\/PALU-potiskivac-kozice-za-manikurupedikuru-dvostrani-k1.jpg",1690,1610,false],"thumbnail":["https:\/\/www.meavia-mh.hr\/wp-content\/uploads\/2021\/01\/PALU-potiskivac-kozice-za-manikurupedikuru-dvostrani-k1-150x150.jpg",150,150,true],"medium":["https:\/\/www.meavia-mh.hr\/wp-content\/uploads\/2021\/01\/PALU-potiskivac-kozice-za-manikurupedikuru-dvostrani-k1-300x286.jpg",300,286,true],"medium_large":["https:\/\/www.meavia-mh.hr\/wp-content\/uploads\/2021\/01\/PALU-potiskivac-kozice-za-manikurupedikuru-dvostrani-k1-768x732.jpg",768,732,true],"large":["https:\/\/www.meavia-mh.hr\/wp-content\/uploads\/2021\/01\/PALU-potiskivac-kozice-za-manikurupedikuru-dvostrani-k1-1024x976.jpg",1024,976,true],"1536x1536":["https:\/\/www.meavia-mh.hr\/wp-content\/uploads\/2021\/01\/PALU-potiskivac-kozice-za-manikurupedikuru-dvostrani-k1-1536x1463.jpg",1536,1463,true],"2048x2048":["https:\/\/www.meavia-mh.hr\/wp-content\/uploads\/2021\/01\/PALU-potiskivac-kozice-za-manikurupedikuru-dvostrani-k1.jpg",1690,1610,false],"trp-custom-language-flag":["https:\/\/www.meavia-mh.hr\/wp-content\/uploads\/2021\/01\/PALU-potiskivac-kozice-za-manikurupedikuru-dvostrani-k1.jpg",13,12,false],"woocommerce_thumbnail":["https:\/\/www.meavia-mh.hr\/wp-content\/uploads\/2021\/01\/PALU-potiskivac-kozice-za-manikurupedikuru-dvostrani-k1-300x300.jpg",300,300,true],"woocommerce_single":["https:\/\/www.meavia-mh.hr\/wp-content\/uploads\/2021\/01\/PALU-potiskivac-kozice-za-manikurupedikuru-dvostrani-k1-600x572.jpg",600,572,true],"woocommerce_gallery_thumbnail":["https:\/\/www.meavia-mh.hr\/wp-content\/uploads\/2021\/01\/PALU-potiskivac-kozice-za-manikurupedikuru-dvostrani-k1-100x100.jpg",100,100,true]},"uagb_author_info":{"display_name":"Mea Via","author_link":"https:\/\/www.meavia-mh.hr\/sl\/author\/"},"uagb_comment_info":0,"uagb_excerpt":"Poguriva\u010d ko\u017eice za manikuru savr\u0161en je alat za potiskivanje vi\u0161ka ko\u017eice, uklanjanje akrila ili ljepila za nokte s plo\u010de nokta \u010dak i za \u010di\u0161\u0107enje ispod noktiju. Vrhunska kvaliteta izrade i vrhunski materijali od kojih je poguriva\u010d izra\u0111en osiguravaju dugotrajnost \u00a0i postojanost. Poguriva\u010d ima dva razli\u010dita kraja. S jedne strane ispup\u010den vrh, a s druge strane\u00a0dlijeto&hellip;","_links":{"self":[{"href":"https:\/\/www.meavia-mh.hr\/sl\/wp-json\/wp\/v2\/product\/5434","targetHints":{"allow":["GET"]}}],"collection":[{"href":"https:\/\/www.meavia-mh.hr\/sl\/wp-json\/wp\/v2\/product"}],"about":[{"href":"https:\/\/www.meavia-mh.hr\/sl\/wp-json\/wp\/v2\/types\/product"}],"replies":[{"embeddable":true,"href":"https:\/\/www.meavia-mh.hr\/sl\/wp-json\/wp\/v2\/comments?post=5434"}],"version-history":[{"count":1,"href":"https:\/\/www.meavia-mh.hr\/sl\/wp-json\/wp\/v2\/product\/5434\/revisions"}],"predecessor-version":[{"id":31343,"href":"https:\/\/www.meavia-mh.hr\/sl\/wp-json\/wp\/v2\/product\/5434\/revisions\/31343"}],"wp:featuredmedia":[{"embeddable":true,"href":"https:\/\/www.meavia-mh.hr\/sl\/wp-json\/wp\/v2\/media\/5435"}],"wp:attachment":[{"href":"https:\/\/www.meavia-mh.hr\/sl\/wp-json\/wp\/v2\/media?parent=5434"}],"wp:term":[{"taxonomy":"product_brand","embeddable":true,"href":"https:\/\/www.meavia-mh.hr\/sl\/wp-json\/wp\/v2\/product_brand?post=5434"},{"taxonomy":"product_cat","embeddable":true,"href":"https:\/\/www.meavia-mh.hr\/sl\/wp-json\/wp\/v2\/product_cat?post=5434"},{"taxonomy":"product_tag","embeddable":true,"href":"https:\/\/www.meavia-mh.hr\/sl\/wp-json\/wp\/v2\/product_tag?post=5434"}],"curies":[{"name":"delovni list","href":"https:\/\/api.w.org\/{rel}","templated":true}]}}