{"id":4788,"date":"2021-01-10T08:59:37","date_gmt":"2021-01-10T08:59:37","guid":{"rendered":"https:\/\/www.meavia-mh.hr\/?post_type=product&#038;p=4788"},"modified":"2024-07-05T15:49:35","modified_gmt":"2024-07-05T15:49:35","slug":"stylistic-turpija-raspa-za-nokte-slim-straight-100-180","status":"publish","type":"product","link":"https:\/\/www.meavia-mh.hr\/sl\/product\/stylistic-turpija-raspa-za-nokte-slim-straight-100-180\/","title":{"rendered":"Stylistic pilica za nohte slim Straight 100\/180"},"content":{"rendered":"<p>Stilska pilica za nohte (ra\u0161pljica) slim Straight 100\/180 je srednje groba in srednje ostra pilica. Ta tanka, a mo\u010dna in fleksibilna ra\u0161pljica za nohte je odli\u010dna za kraj\u0161anje in oblikovanje akrilnih ali\u00a0<a href=\"https:\/\/www.meavia-mh.hr\/sl\/product\/palu-gradivni-gel-cover-30-ml\/\">gelirani nohti<\/a>.<\/p>\n<p>Stilisti\u010dna pilica za nohte (po\u0161evnica) za slim Straight 100\/180 zagotavlja visoko kakovost, izdelana je iz vrhunskih materialov, je zelo trpe\u017ena in dolgotrajna. Zahvaljujo\u010d trdnemu jedru je sredina ra\u0161pice (pilice) izjemno stabilna in zato pilo med delovanjem ni mogo\u010de upogniti.<\/p>\n<p><span style=\"font-size: 16px;font-style: normal\">Za profesionalno uporabo.<\/span><br \/>\n<strong>RAVNA OBLIKA<br \/>\n<\/strong>Plo\u0161\u010data oblika pilice je najbolj univerzalna oblika, ki omogo\u010da doseganje te\u017eko dostopnih mest, kot so robovi in prepre\u010duje po\u0161kodbe ko\u017ee.<br \/>\n<strong>GRADACJA 100\/180<br \/>\n<\/strong><\/p>\n<p>Srednje\u00a0<strong>zrnati ra\u0161p.<\/strong>\u00a0Zaradi izjemno fine obdelave na robovih se znatno zmanj\u0161a mo\u017enost po\u0161kodbe stranke pri odstranjevanju ali obdelavi UV gela. S to datoteko lahko naredite gelni lak za nohte.<\/p>\n<div><strong>Katero datoteko izbrati?<\/strong><\/div>\n<div>Pri izbiri datoteke ni pomembna barva, temve\u010d to, koliko ima datoteka pesk (oznake drobnosti zrn na datotekah).<\/div>\n<div>Manj\u0161e oznake na datoteki, npr. 80\/100, pomenijo, da so zrna datoteke bolj groba, ve\u010dje oznake na datotekah, npr. 180\/240, pa, da so zrna datoteke bolj drobna. Manj\u0161a kot je oznaka, groba in ostrej\u0161a je datoteka, ve\u010dja je oznaka na datoteki, drobnej\u0161a in mehkej\u0161a je datoteka. Nekatere datoteke imajo me\u0161ane oznake, npr. 80\/100 ali 120\/180, 180\/240 ... To pomeni, na primer za 180\/240, da ima ena stran 180 peska, druga stran pa 240 peska.<\/div>","protected":false},"excerpt":{"rendered":"<p>Stylistic turpija (ra\u0161pa) za nokte slim Straight 100\/180 je\u00a0srednje gruba i srednje o\u0161tra turpija. Ova tanka, ali \u010dvrsta i savitljiva ra\u0161pa za nokte savr\u0161ena je za skra\u0107ivanje i oblikovanje akril ili\u00a0gel noktiju. Stylistic turpija (ra\u0161pa) za nokte slim Straight 100\/180 osiguravaja visoku kvalitetu, izra\u0111ena je od vrhunskih materijala, jako je otporna i dugotrajna. Zahvaljuju\u0107i \u010dvrstoj [&hellip;]<\/p>\n","protected":false},"featured_media":4789,"comment_status":"open","ping_status":"closed","template":"","meta":{"_uag_custom_page_level_css":"","site-sidebar-layout":"default","site-content-layout":"default","ast-site-content-layout":"default","site-content-style":"default","site-sidebar-style":"default","ast-global-header-display":"","ast-banner-title-visibility":"","ast-main-header-display":"","ast-hfb-above-header-display":"","ast-hfb-below-header-display":"","ast-hfb-mobile-header-display":"","site-post-title":"","ast-breadcrumbs-content":"","ast-featured-img":"","footer-sml-layout":"","ast-disable-related-posts":"","theme-transparent-header-meta":"default","adv-header-id-meta":"","stick-header-meta":"default","header-above-stick-meta":"","header-main-stick-meta":"","header-below-stick-meta":"","astra-migrate-meta-layouts":"default","ast-page-background-enabled":"default","ast-page-background-meta":{"desktop":{"background-color":"var(--ast-global-color-4)","background-image":"","background-repeat":"repeat","background-position":"center center","background-size":"auto","background-attachment":"scroll","background-type":"","background-media":"","overlay-type":"","overlay-color":"","overlay-opacity":"","overlay-gradient":""},"tablet":{"background-color":"","background-image":"","background-repeat":"repeat","background-position":"center center","background-size":"auto","background-attachment":"scroll","background-type":"","background-media":"","overlay-type":"","overlay-color":"","overlay-opacity":"","overlay-gradient":""},"mobile":{"background-color":"","background-image":"","background-repeat":"repeat","background-position":"center center","background-size":"auto","background-attachment":"scroll","background-type":"","background-media":"","overlay-type":"","overlay-color":"","overlay-opacity":"","overlay-gradient":""}},"ast-content-background-meta":{"desktop":{"background-color":"var(--ast-global-color-5)","background-image":"","background-repeat":"repeat","background-position":"center center","background-size":"auto","background-attachment":"scroll","background-type":"","background-media":"","overlay-type":"","overlay-color":"","overlay-opacity":"","overlay-gradient":""},"tablet":{"background-color":"var(--ast-global-color-5)","background-image":"","background-repeat":"repeat","background-position":"center center","background-size":"auto","background-attachment":"scroll","background-type":"","background-media":"","overlay-type":"","overlay-color":"","overlay-opacity":"","overlay-gradient":""},"mobile":{"background-color":"var(--ast-global-color-5)","background-image":"","background-repeat":"repeat","background-position":"center center","background-size":"auto","background-attachment":"scroll","background-type":"","background-media":"","overlay-type":"","overlay-color":"","overlay-opacity":"","overlay-gradient":""}}},"product_brand":[],"product_cat":[113],"product_tag":[196,197],"class_list":{"0":"post-4788","1":"product","2":"type-product","3":"status-publish","4":"has-post-thumbnail","6":"product_cat-raspe","7":"product_tag-raspa","8":"product_tag-turpija","9":"desktop-align-left","10":"tablet-align-left","11":"mobile-align-left","12":"ast-product-gallery-layout-horizontal-slider","13":"ast-product-tabs-layout-horizontal","15":"first","16":"outofstock","17":"taxable","18":"shipping-taxable","19":"purchasable","20":"product-type-simple"},"yoast_head":"<!-- This site is optimized with the Yoast SEO plugin v27.5 - https:\/\/yoast.com\/product\/yoast-seo-wordpress\/ -->\n<title>Stylistic turpija (ra\u0161pa) za nokte slim Straight 100\/180 &#8902; Mea Via Beauty<\/title>\n<meta name=\"description\" content=\"Stylistic turpija (ra\u0161pa) za nokte slim Straight 100\/180 &#8902; idealna za skra\u0107ivanje i oblikovanje akril i gel noktiju &#8902; top kvaliteta\" \/>\n<meta name=\"robots\" content=\"index, follow, max-snippet:-1, max-image-preview:large, max-video-preview:-1\" \/>\n<link rel=\"canonical\" href=\"https:\/\/www.meavia-mh.hr\/sl\/product\/stylistic-turpija-raspa-za-nokte-slim-straight-100-180\/\" \/>\n<meta property=\"og:locale\" content=\"sl_SI\" \/>\n<meta property=\"og:type\" content=\"article\" \/>\n<meta property=\"og:title\" content=\"Stylistic turpija (ra\u0161pa) za nokte slim Straight 100\/180 &#8902; Mea Via Beauty\" \/>\n<meta property=\"og:description\" content=\"Stylistic turpija (ra\u0161pa) za nokte slim Straight 100\/180 &#8902; idealna za skra\u0107ivanje i oblikovanje akril i gel noktiju &#8902; top kvaliteta\" \/>\n<meta property=\"og:url\" content=\"https:\/\/www.meavia-mh.hr\/sl\/product\/stylistic-turpija-raspa-za-nokte-slim-straight-100-180\/\" \/>\n<meta property=\"og:site_name\" content=\"Mea Via Beauty\" \/>\n<meta property=\"article:publisher\" content=\"https:\/\/www.facebook.com\/MeaViaNailsWorld\" \/>\n<meta property=\"article:modified_time\" content=\"2024-07-05T15:49:35+00:00\" \/>\n<meta property=\"og:image\" content=\"https:\/\/www.meavia-mh.hr\/wp-content\/uploads\/2021\/01\/Stylistic-turpija-raspa-za-nokte-slim-Straight-100180.jpg\" \/>\n\t<meta property=\"og:image:width\" content=\"826\" \/>\n\t<meta property=\"og:image:height\" content=\"828\" \/>\n\t<meta property=\"og:image:type\" content=\"image\/jpeg\" \/>\n<meta name=\"twitter:card\" content=\"summary_large_image\" \/>\n<meta name=\"twitter:label1\" content=\"Est. reading time\" \/>\n\t<meta name=\"twitter:data1\" content=\"1 minuta\" \/>\n<script type=\"application\/ld+json\" class=\"yoast-schema-graph\">{\"@context\":\"https:\\\/\\\/schema.org\",\"@graph\":[{\"@type\":\"WebPage\",\"@id\":\"https:\\\/\\\/www.meavia-mh.hr\\\/product\\\/stylistic-turpija-raspa-za-nokte-slim-straight-100-180\\\/\",\"url\":\"https:\\\/\\\/www.meavia-mh.hr\\\/product\\\/stylistic-turpija-raspa-za-nokte-slim-straight-100-180\\\/\",\"name\":\"Stylistic turpija (ra\u0161pa) za nokte slim Straight 100\\\/180 &#8902; Mea Via Beauty\",\"isPartOf\":{\"@id\":\"https:\\\/\\\/meavia-mh.hr\\\/sl\\\/#website\"},\"primaryImageOfPage\":{\"@id\":\"https:\\\/\\\/www.meavia-mh.hr\\\/product\\\/stylistic-turpija-raspa-za-nokte-slim-straight-100-180\\\/#primaryimage\"},\"image\":{\"@id\":\"https:\\\/\\\/www.meavia-mh.hr\\\/product\\\/stylistic-turpija-raspa-za-nokte-slim-straight-100-180\\\/#primaryimage\"},\"thumbnailUrl\":\"https:\\\/\\\/www.meavia-mh.hr\\\/wp-content\\\/uploads\\\/2021\\\/01\\\/Stylistic-turpija-raspa-za-nokte-slim-Straight-100180.jpg\",\"datePublished\":\"2021-01-10T08:59:37+00:00\",\"dateModified\":\"2024-07-05T15:49:35+00:00\",\"description\":\"Stylistic turpija (ra\u0161pa) za nokte slim Straight 100\\\/180 &#8902; idealna za skra\u0107ivanje i oblikovanje akril i gel noktiju &#8902; top kvaliteta\",\"breadcrumb\":{\"@id\":\"https:\\\/\\\/www.meavia-mh.hr\\\/product\\\/stylistic-turpija-raspa-za-nokte-slim-straight-100-180\\\/#breadcrumb\"},\"inLanguage\":\"sl-SI\",\"potentialAction\":[{\"@type\":\"ReadAction\",\"target\":[\"https:\\\/\\\/www.meavia-mh.hr\\\/product\\\/stylistic-turpija-raspa-za-nokte-slim-straight-100-180\\\/\"]}]},{\"@type\":\"ImageObject\",\"inLanguage\":\"sl-SI\",\"@id\":\"https:\\\/\\\/www.meavia-mh.hr\\\/product\\\/stylistic-turpija-raspa-za-nokte-slim-straight-100-180\\\/#primaryimage\",\"url\":\"https:\\\/\\\/www.meavia-mh.hr\\\/wp-content\\\/uploads\\\/2021\\\/01\\\/Stylistic-turpija-raspa-za-nokte-slim-Straight-100180.jpg\",\"contentUrl\":\"https:\\\/\\\/www.meavia-mh.hr\\\/wp-content\\\/uploads\\\/2021\\\/01\\\/Stylistic-turpija-raspa-za-nokte-slim-Straight-100180.jpg\",\"width\":826,\"height\":828,\"caption\":\"Stylistic turpija (ra\u0161pa) za nokte slim Straight 100\\\/180\"},{\"@type\":\"BreadcrumbList\",\"@id\":\"https:\\\/\\\/www.meavia-mh.hr\\\/product\\\/stylistic-turpija-raspa-za-nokte-slim-straight-100-180\\\/#breadcrumb\",\"itemListElement\":[{\"@type\":\"ListItem\",\"position\":1,\"name\":\"Po\u010detna stranica\",\"item\":\"https:\\\/\\\/www.meavia-mh.hr\\\/\"},{\"@type\":\"ListItem\",\"position\":2,\"name\":\"Trgovina\",\"item\":\"https:\\\/\\\/meavia-mh.hr\\\/sl\\\/store\\\/\"},{\"@type\":\"ListItem\",\"position\":3,\"name\":\"Stylistic turpija (ra\u0161pa) za nokte slim Straight 100\\\/180\"}]},{\"@type\":\"WebSite\",\"@id\":\"https:\\\/\\\/meavia-mh.hr\\\/sl\\\/#website\",\"url\":\"https:\\\/\\\/meavia-mh.hr\\\/sl\\\/\",\"name\":\"Mea Via Beauty\",\"description\":\"Only The Best For Your Beauty\",\"publisher\":{\"@id\":\"https:\\\/\\\/meavia-mh.hr\\\/sl\\\/#organization\"},\"alternateName\":\"Mea Via Nails\",\"potentialAction\":[{\"@type\":\"SearchAction\",\"target\":{\"@type\":\"EntryPoint\",\"urlTemplate\":\"https:\\\/\\\/meavia-mh.hr\\\/sl\\\/?s={search_term_string}\"},\"query-input\":{\"@type\":\"PropertyValueSpecification\",\"valueRequired\":true,\"valueName\":\"search_term_string\"}}],\"inLanguage\":\"sl-SI\"},{\"@type\":\"Organization\",\"@id\":\"https:\\\/\\\/meavia-mh.hr\\\/sl\\\/#organization\",\"name\":\"Mea Via Nails World\",\"alternateName\":\"Mea Via\",\"url\":\"https:\\\/\\\/meavia-mh.hr\\\/sl\\\/\",\"logo\":{\"@type\":\"ImageObject\",\"inLanguage\":\"sl-SI\",\"@id\":\"https:\\\/\\\/meavia-mh.hr\\\/sl\\\/#\\\/schema\\\/logo\\\/image\\\/\",\"url\":\"https:\\\/\\\/www.meavia-mh.hr\\\/wp-content\\\/uploads\\\/2020\\\/12\\\/Mea-Via.png\",\"contentUrl\":\"https:\\\/\\\/www.meavia-mh.hr\\\/wp-content\\\/uploads\\\/2020\\\/12\\\/Mea-Via.png\",\"width\":1181,\"height\":393,\"caption\":\"Mea Via Nails World\"},\"image\":{\"@id\":\"https:\\\/\\\/meavia-mh.hr\\\/sl\\\/#\\\/schema\\\/logo\\\/image\\\/\"},\"sameAs\":[\"https:\\\/\\\/www.facebook.com\\\/MeaViaNailsWorld\",\"https:\\\/\\\/www.instagram.com\\\/mea_via_nails_world\\\/\",\"https:\\\/\\\/www.youtube.com\\\/channel\\\/UCECk0hpRWP6TN-EfA4ER96g\\\/featured\"]}]}<\/script>\n<!-- \/ Yoast SEO plugin. -->","yoast_head_json":{"title":"Stylistic turpija (ra\u0161pa) za nokte slim Straight 100\/180 &#8902; Mea Via Beauty","description":"Stylistic turpija (ra\u0161pa) za nokte slim Straight 100\/180 &#8902; idealna za skra\u0107ivanje i oblikovanje akril i gel noktiju &#8902; top kvaliteta","robots":{"index":"index","follow":"follow","max-snippet":"max-snippet:-1","max-image-preview":"max-image-preview:large","max-video-preview":"max-video-preview:-1"},"canonical":"https:\/\/www.meavia-mh.hr\/sl\/product\/stylistic-turpija-raspa-za-nokte-slim-straight-100-180\/","og_locale":"sl_SI","og_type":"article","og_title":"Stylistic turpija (ra\u0161pa) za nokte slim Straight 100\/180 &#8902; Mea Via Beauty","og_description":"Stylistic turpija (ra\u0161pa) za nokte slim Straight 100\/180 &#8902; idealna za skra\u0107ivanje i oblikovanje akril i gel noktiju &#8902; top kvaliteta","og_url":"https:\/\/www.meavia-mh.hr\/sl\/product\/stylistic-turpija-raspa-za-nokte-slim-straight-100-180\/","og_site_name":"Mea Via Beauty","article_publisher":"https:\/\/www.facebook.com\/MeaViaNailsWorld","article_modified_time":"2024-07-05T15:49:35+00:00","og_image":[{"width":826,"height":828,"url":"https:\/\/www.meavia-mh.hr\/wp-content\/uploads\/2021\/01\/Stylistic-turpija-raspa-za-nokte-slim-Straight-100180.jpg","type":"image\/jpeg"}],"twitter_card":"summary_large_image","twitter_misc":{"Est. reading time":"1 minuta"},"schema":{"@context":"https:\/\/schema.org","@graph":[{"@type":"WebPage","@id":"https:\/\/www.meavia-mh.hr\/product\/stylistic-turpija-raspa-za-nokte-slim-straight-100-180\/","url":"https:\/\/www.meavia-mh.hr\/product\/stylistic-turpija-raspa-za-nokte-slim-straight-100-180\/","name":"Stylistic turpija (ra\u0161pa) za nokte slim Straight 100\/180 &#8902; Mea Via Beauty","isPartOf":{"@id":"https:\/\/meavia-mh.hr\/sl\/#website"},"primaryImageOfPage":{"@id":"https:\/\/www.meavia-mh.hr\/product\/stylistic-turpija-raspa-za-nokte-slim-straight-100-180\/#primaryimage"},"image":{"@id":"https:\/\/www.meavia-mh.hr\/product\/stylistic-turpija-raspa-za-nokte-slim-straight-100-180\/#primaryimage"},"thumbnailUrl":"https:\/\/www.meavia-mh.hr\/wp-content\/uploads\/2021\/01\/Stylistic-turpija-raspa-za-nokte-slim-Straight-100180.jpg","datePublished":"2021-01-10T08:59:37+00:00","dateModified":"2024-07-05T15:49:35+00:00","description":"Stylistic turpija (ra\u0161pa) za nokte slim Straight 100\/180 &#8902; idealna za skra\u0107ivanje i oblikovanje akril i gel noktiju &#8902; top kvaliteta","breadcrumb":{"@id":"https:\/\/www.meavia-mh.hr\/product\/stylistic-turpija-raspa-za-nokte-slim-straight-100-180\/#breadcrumb"},"inLanguage":"sl-SI","potentialAction":[{"@type":"ReadAction","target":["https:\/\/www.meavia-mh.hr\/product\/stylistic-turpija-raspa-za-nokte-slim-straight-100-180\/"]}]},{"@type":"ImageObject","inLanguage":"sl-SI","@id":"https:\/\/www.meavia-mh.hr\/product\/stylistic-turpija-raspa-za-nokte-slim-straight-100-180\/#primaryimage","url":"https:\/\/www.meavia-mh.hr\/wp-content\/uploads\/2021\/01\/Stylistic-turpija-raspa-za-nokte-slim-Straight-100180.jpg","contentUrl":"https:\/\/www.meavia-mh.hr\/wp-content\/uploads\/2021\/01\/Stylistic-turpija-raspa-za-nokte-slim-Straight-100180.jpg","width":826,"height":828,"caption":"Stylistic turpija (ra\u0161pa) za nokte slim Straight 100\/180"},{"@type":"BreadcrumbList","@id":"https:\/\/www.meavia-mh.hr\/product\/stylistic-turpija-raspa-za-nokte-slim-straight-100-180\/#breadcrumb","itemListElement":[{"@type":"ListItem","position":1,"name":"Po\u010detna stranica","item":"https:\/\/www.meavia-mh.hr\/"},{"@type":"ListItem","position":2,"name":"Trgovina","item":"https:\/\/meavia-mh.hr\/sl\/store\/"},{"@type":"ListItem","position":3,"name":"Stylistic turpija (ra\u0161pa) za nokte slim Straight 100\/180"}]},{"@type":"WebSite","@id":"https:\/\/meavia-mh.hr\/sl\/#website","url":"https:\/\/meavia-mh.hr\/sl\/","name":"MEA VIA BEAUTY","description":"Only The Best For Your Beauty","publisher":{"@id":"https:\/\/meavia-mh.hr\/sl\/#organization"},"alternateName":"Mea Via Nails","potentialAction":[{"@type":"SearchAction","target":{"@type":"EntryPoint","urlTemplate":"https:\/\/meavia-mh.hr\/sl\/?s={search_term_string}"},"query-input":{"@type":"PropertyValueSpecification","valueRequired":true,"valueName":"search_term_string"}}],"inLanguage":"sl-SI"},{"@type":"Organization","@id":"https:\/\/meavia-mh.hr\/sl\/#organization","name":"Mea Via Nails World","alternateName":"Mea Via","url":"https:\/\/meavia-mh.hr\/sl\/","logo":{"@type":"ImageObject","inLanguage":"sl-SI","@id":"https:\/\/meavia-mh.hr\/sl\/#\/schema\/logo\/image\/","url":"https:\/\/www.meavia-mh.hr\/wp-content\/uploads\/2020\/12\/Mea-Via.png","contentUrl":"https:\/\/www.meavia-mh.hr\/wp-content\/uploads\/2020\/12\/Mea-Via.png","width":1181,"height":393,"caption":"Mea Via Nails World"},"image":{"@id":"https:\/\/meavia-mh.hr\/sl\/#\/schema\/logo\/image\/"},"sameAs":["https:\/\/www.facebook.com\/MeaViaNailsWorld","https:\/\/www.instagram.com\/mea_via_nails_world\/","https:\/\/www.youtube.com\/channel\/UCECk0hpRWP6TN-EfA4ER96g\/featured"]}]}},"spectra_custom_meta":{"_sku":["ST-SLM-PRS-1018-001"],"_regular_price":["1"],"total_sales":["25"],"_tax_status":["taxable"],"_tax_class":[""],"_manage_stock":["yes"],"_backorders":["no"],"_sold_individually":["no"],"_virtual":["no"],"_downloadable":["no"],"_download_limit":["-1"],"_download_expiry":["-1"],"_thumbnail_id":["4789"],"_stock":["0"],"_stock_status":["outofstock"],"_wc_average_rating":["0"],"_wc_review_count":["0"],"_product_version":["7.1.1"],"_price":["1"],"_wp_page_template":["default"],"_yoast_wpseo_focuskw":["Stylistic turpija (ra\u0161pa) za nokte slim Straight 100\/180"],"_yoast_wpseo_metadesc":["%%title%% %%sep%% idealna za skra\u0107ivanje i oblikovanje akril i gel noktiju %%sep%% top kvaliteta"],"_yoast_wpseo_linkdex":["69"],"_yoast_wpseo_content_score":["90"],"site-sidebar-layout":["default"],"site-content-layout":["default"],"theme-transparent-header-meta":["default"],"stick-header-meta":["default"],"_yoast_wpseo_primary_product_cat":["113"],"_edit_lock":["1612913882:1"],"_edit_last":["1"],"_product_image_gallery":["4790"],"_woocs_regular_price_EUR":["1"],"_woocs_sale_price_EUR":["-1"],"_woocs_price_geo_countries":[""],"_woocs_regular_price_geo":[""],"_woocs_sale_price_geo":[""],"_yoast_wpseo_estimated-reading-time-minutes":[""],"uag_migration_processed":["1"],"_elementor_page_assets":["a:0:{}"],"_uag_page_assets":["a:9:{s:3:\"css\";s:0:\"\";s:2:\"js\";s:0:\"\";s:18:\"current_block_list\";a:3:{i:0;s:11:\"core\/search\";i:1;s:18:\"core\/legacy-widget\";i:2;s:27:\"woocommerce\/product-filters\";}s:8:\"uag_flag\";b:0;s:11:\"uag_version\";s:10:\"1777678124\";s:6:\"gfonts\";a:0:{}s:10:\"gfonts_url\";s:0:\"\";s:12:\"gfonts_files\";a:0:{}s:14:\"uag_faq_layout\";b:0;}"]},"uagb_featured_image_src":{"full":["https:\/\/www.meavia-mh.hr\/wp-content\/uploads\/2021\/01\/Stylistic-turpija-raspa-za-nokte-slim-Straight-100180.jpg",826,828,false],"thumbnail":["https:\/\/www.meavia-mh.hr\/wp-content\/uploads\/2021\/01\/Stylistic-turpija-raspa-za-nokte-slim-Straight-100180-150x150.jpg",150,150,true],"medium":["https:\/\/www.meavia-mh.hr\/wp-content\/uploads\/2021\/01\/Stylistic-turpija-raspa-za-nokte-slim-Straight-100180-300x300.jpg",300,300,true],"medium_large":["https:\/\/www.meavia-mh.hr\/wp-content\/uploads\/2021\/01\/Stylistic-turpija-raspa-za-nokte-slim-Straight-100180-768x770.jpg",768,770,true],"large":["https:\/\/www.meavia-mh.hr\/wp-content\/uploads\/2021\/01\/Stylistic-turpija-raspa-za-nokte-slim-Straight-100180.jpg",826,828,false],"1536x1536":["https:\/\/www.meavia-mh.hr\/wp-content\/uploads\/2021\/01\/Stylistic-turpija-raspa-za-nokte-slim-Straight-100180.jpg",826,828,false],"2048x2048":["https:\/\/www.meavia-mh.hr\/wp-content\/uploads\/2021\/01\/Stylistic-turpija-raspa-za-nokte-slim-Straight-100180.jpg",826,828,false],"trp-custom-language-flag":["https:\/\/www.meavia-mh.hr\/wp-content\/uploads\/2021\/01\/Stylistic-turpija-raspa-za-nokte-slim-Straight-100180.jpg",12,12,false],"woocommerce_thumbnail":["https:\/\/www.meavia-mh.hr\/wp-content\/uploads\/2021\/01\/Stylistic-turpija-raspa-za-nokte-slim-Straight-100180-300x300.jpg",300,300,true],"woocommerce_single":["https:\/\/www.meavia-mh.hr\/wp-content\/uploads\/2021\/01\/Stylistic-turpija-raspa-za-nokte-slim-Straight-100180-600x601.jpg",600,601,true],"woocommerce_gallery_thumbnail":["https:\/\/www.meavia-mh.hr\/wp-content\/uploads\/2021\/01\/Stylistic-turpija-raspa-za-nokte-slim-Straight-100180-100x100.jpg",100,100,true]},"uagb_author_info":{"display_name":"Mea Via","author_link":"https:\/\/www.meavia-mh.hr\/sl\/author\/"},"uagb_comment_info":0,"uagb_excerpt":"Stylistic turpija (ra\u0161pa) za nokte slim Straight 100\/180 je\u00a0srednje gruba i srednje o\u0161tra turpija. Ova tanka, ali \u010dvrsta i savitljiva ra\u0161pa za nokte savr\u0161ena je za skra\u0107ivanje i oblikovanje akril ili\u00a0gel noktiju. Stylistic turpija (ra\u0161pa) za nokte slim Straight 100\/180 osiguravaja visoku kvalitetu, izra\u0111ena je od vrhunskih materijala, jako je otporna i dugotrajna. Zahvaljuju\u0107i \u010dvrstoj&hellip;","_links":{"self":[{"href":"https:\/\/www.meavia-mh.hr\/sl\/wp-json\/wp\/v2\/product\/4788","targetHints":{"allow":["GET"]}}],"collection":[{"href":"https:\/\/www.meavia-mh.hr\/sl\/wp-json\/wp\/v2\/product"}],"about":[{"href":"https:\/\/www.meavia-mh.hr\/sl\/wp-json\/wp\/v2\/types\/product"}],"replies":[{"embeddable":true,"href":"https:\/\/www.meavia-mh.hr\/sl\/wp-json\/wp\/v2\/comments?post=4788"}],"version-history":[{"count":1,"href":"https:\/\/www.meavia-mh.hr\/sl\/wp-json\/wp\/v2\/product\/4788\/revisions"}],"predecessor-version":[{"id":31371,"href":"https:\/\/www.meavia-mh.hr\/sl\/wp-json\/wp\/v2\/product\/4788\/revisions\/31371"}],"wp:featuredmedia":[{"embeddable":true,"href":"https:\/\/www.meavia-mh.hr\/sl\/wp-json\/wp\/v2\/media\/4789"}],"wp:attachment":[{"href":"https:\/\/www.meavia-mh.hr\/sl\/wp-json\/wp\/v2\/media?parent=4788"}],"wp:term":[{"taxonomy":"product_brand","embeddable":true,"href":"https:\/\/www.meavia-mh.hr\/sl\/wp-json\/wp\/v2\/product_brand?post=4788"},{"taxonomy":"product_cat","embeddable":true,"href":"https:\/\/www.meavia-mh.hr\/sl\/wp-json\/wp\/v2\/product_cat?post=4788"},{"taxonomy":"product_tag","embeddable":true,"href":"https:\/\/www.meavia-mh.hr\/sl\/wp-json\/wp\/v2\/product_tag?post=4788"}],"curies":[{"name":"delovni list","href":"https:\/\/api.w.org\/{rel}","templated":true}]}}