{"id":4741,"date":"2021-01-09T10:37:09","date_gmt":"2021-01-09T10:37:09","guid":{"rendered":"https:\/\/www.meavia-mh.hr\/?post_type=product&#038;p=4741"},"modified":"2024-07-05T15:49:38","modified_gmt":"2024-07-05T15:49:38","slug":"palu-cetka-za-prasinu-gold","status":"publish","type":"product","link":"https:\/\/www.meavia-mh.hr\/sl\/product\/palu-cetka-za-prasinu-gold\/","title":{"rendered":"PALU krta\u010da za prah \u2013 zlata"},"content":{"rendered":"<p>\u0160\u010detka za prah PALU vam bo pomagala odstraniti najmanj\u0161e pra\u0161ne delce. Brez\u010dasna, razko\u0161na zlata barva \u010dopi\u010da se bo popolnoma prilegala v notranjost vsakega salona za nohte. Krta\u010da za prah ne\u017eno odstrani prah in ostanke pigmenta ter ne pu\u0161\u010da prask. Krta\u010da je izdelana iz najfinej\u0161ih mehkih sinteti\u010dnih vlaken, ki zagotavljajo odstranjevanje najmanj\u0161ih pra\u0161nih delcev. Krta\u010dna vlakna<strong>\u00a0<\/strong>so natan\u010dno oblikovani in ne spreminjajo oblike. Zaradi oblike kladiva je odstranjevanje prahu preprosto in hitro, krta\u010da pa se popolnoma prilega roki.<\/p>\n<h6>Pakiranje: 1 kos<\/h6>","protected":false},"excerpt":{"rendered":"<p>PALU \u010detkica za pra\u0161inu pomo\u0107i \u0107e vam ukloniti najsitnije \u010destice pra\u0161ine. Bezvremenska, luksuzna zlatna boja \u010detkice odli\u010dno \u0107e se uklopiti u svaki interijer salona za nokte. \u010cetkica za pra\u0161inu nje\u017eno uklanja pra\u0161inu i ostatke pigmenta i ne ostavlja ogrebotine. \u010cetkica je izra\u0111ena od najfinijih mekanih sinteti\u010dkih vlakna koja osiguravaju uklanjanje najsitnijih zrnaca pra\u0161ine. \u00a0Vlakna \u010detkice\u00a0su\u00a0precizno [&hellip;]<\/p>\n","protected":false},"featured_media":4745,"comment_status":"open","ping_status":"closed","template":"","meta":{"_uag_custom_page_level_css":"","site-sidebar-layout":"default","site-content-layout":"default","ast-site-content-layout":"default","site-content-style":"default","site-sidebar-style":"default","ast-global-header-display":"","ast-banner-title-visibility":"","ast-main-header-display":"","ast-hfb-above-header-display":"","ast-hfb-below-header-display":"","ast-hfb-mobile-header-display":"","site-post-title":"","ast-breadcrumbs-content":"","ast-featured-img":"","footer-sml-layout":"","ast-disable-related-posts":"","theme-transparent-header-meta":"default","adv-header-id-meta":"","stick-header-meta":"default","header-above-stick-meta":"","header-main-stick-meta":"","header-below-stick-meta":"","astra-migrate-meta-layouts":"default","ast-page-background-enabled":"default","ast-page-background-meta":{"desktop":{"background-color":"var(--ast-global-color-4)","background-image":"","background-repeat":"repeat","background-position":"center center","background-size":"auto","background-attachment":"scroll","background-type":"","background-media":"","overlay-type":"","overlay-color":"","overlay-opacity":"","overlay-gradient":""},"tablet":{"background-color":"","background-image":"","background-repeat":"repeat","background-position":"center center","background-size":"auto","background-attachment":"scroll","background-type":"","background-media":"","overlay-type":"","overlay-color":"","overlay-opacity":"","overlay-gradient":""},"mobile":{"background-color":"","background-image":"","background-repeat":"repeat","background-position":"center center","background-size":"auto","background-attachment":"scroll","background-type":"","background-media":"","overlay-type":"","overlay-color":"","overlay-opacity":"","overlay-gradient":""}},"ast-content-background-meta":{"desktop":{"background-color":"var(--ast-global-color-5)","background-image":"","background-repeat":"repeat","background-position":"center center","background-size":"auto","background-attachment":"scroll","background-type":"","background-media":"","overlay-type":"","overlay-color":"","overlay-opacity":"","overlay-gradient":""},"tablet":{"background-color":"var(--ast-global-color-5)","background-image":"","background-repeat":"repeat","background-position":"center center","background-size":"auto","background-attachment":"scroll","background-type":"","background-media":"","overlay-type":"","overlay-color":"","overlay-opacity":"","overlay-gradient":""},"mobile":{"background-color":"var(--ast-global-color-5)","background-image":"","background-repeat":"repeat","background-position":"center center","background-size":"auto","background-attachment":"scroll","background-type":"","background-media":"","overlay-type":"","overlay-color":"","overlay-opacity":"","overlay-gradient":""}}},"product_brand":[],"product_cat":[24],"product_tag":[229],"class_list":{"0":"post-4741","1":"product","2":"type-product","3":"status-publish","4":"has-post-thumbnail","6":"product_cat-dodaci","7":"product_tag-cerkica-za-prasinu","8":"desktop-align-left","9":"tablet-align-left","10":"mobile-align-left","11":"ast-product-gallery-layout-horizontal-slider","12":"ast-product-tabs-layout-horizontal","14":"first","15":"outofstock","16":"taxable","17":"shipping-taxable","18":"purchasable","19":"product-type-simple"},"yoast_head":"<!-- This site is optimized with the Yoast SEO plugin v27.5 - https:\/\/yoast.com\/product\/yoast-seo-wordpress\/ -->\n<title>PALU \u010detkica za pra\u0161inu - gold &#8902; Mea Via Beauty<\/title>\n<meta name=\"description\" content=\"PALU \u010detkica za pra\u0161inu - gold &#8902; savr\u0161ena \u010detkica za pripremu nokta &#8902; temeljito otklanja sva zrnca pra\u0161ine sa nokta &#8902;\" \/>\n<meta name=\"robots\" content=\"index, follow, max-snippet:-1, max-image-preview:large, max-video-preview:-1\" \/>\n<link rel=\"canonical\" href=\"https:\/\/www.meavia-mh.hr\/sl\/product\/palu-cetka-za-prasinu-gold\/\" \/>\n<meta property=\"og:locale\" content=\"sl_SI\" \/>\n<meta property=\"og:type\" content=\"article\" \/>\n<meta property=\"og:title\" content=\"PALU \u010detkica za pra\u0161inu - gold &#8902; Mea Via Beauty\" \/>\n<meta property=\"og:description\" content=\"PALU \u010detkica za pra\u0161inu - gold &#8902; savr\u0161ena \u010detkica za pripremu nokta &#8902; temeljito otklanja sva zrnca pra\u0161ine sa nokta &#8902;\" \/>\n<meta property=\"og:url\" content=\"https:\/\/www.meavia-mh.hr\/sl\/product\/palu-cetka-za-prasinu-gold\/\" \/>\n<meta property=\"og:site_name\" content=\"Mea Via Beauty\" \/>\n<meta property=\"article:publisher\" content=\"https:\/\/www.facebook.com\/MeaViaNailsWorld\" \/>\n<meta property=\"article:modified_time\" content=\"2024-07-05T15:49:38+00:00\" \/>\n<meta property=\"og:image\" content=\"https:\/\/www.meavia-mh.hr\/wp-content\/uploads\/2021\/01\/Slika-zaslona-2021-01-09-u-11.29.18.png\" \/>\n\t<meta property=\"og:image:width\" content=\"588\" \/>\n\t<meta property=\"og:image:height\" content=\"438\" \/>\n\t<meta property=\"og:image:type\" content=\"image\/png\" \/>\n<meta name=\"twitter:card\" content=\"summary_large_image\" \/>\n<meta name=\"twitter:label1\" content=\"Est. reading time\" \/>\n\t<meta name=\"twitter:data1\" content=\"1 minuta\" \/>\n<script type=\"application\/ld+json\" class=\"yoast-schema-graph\">{\"@context\":\"https:\\\/\\\/schema.org\",\"@graph\":[{\"@type\":\"WebPage\",\"@id\":\"https:\\\/\\\/www.meavia-mh.hr\\\/product\\\/palu-cetka-za-prasinu-gold\\\/\",\"url\":\"https:\\\/\\\/www.meavia-mh.hr\\\/product\\\/palu-cetka-za-prasinu-gold\\\/\",\"name\":\"PALU \u010detkica za pra\u0161inu - gold &#8902; Mea Via Beauty\",\"isPartOf\":{\"@id\":\"https:\\\/\\\/meavia-mh.hr\\\/sl\\\/#website\"},\"primaryImageOfPage\":{\"@id\":\"https:\\\/\\\/www.meavia-mh.hr\\\/product\\\/palu-cetka-za-prasinu-gold\\\/#primaryimage\"},\"image\":{\"@id\":\"https:\\\/\\\/www.meavia-mh.hr\\\/product\\\/palu-cetka-za-prasinu-gold\\\/#primaryimage\"},\"thumbnailUrl\":\"https:\\\/\\\/www.meavia-mh.hr\\\/wp-content\\\/uploads\\\/2021\\\/01\\\/Slika-zaslona-2021-01-09-u-11.29.18.png\",\"datePublished\":\"2021-01-09T10:37:09+00:00\",\"dateModified\":\"2024-07-05T15:49:38+00:00\",\"description\":\"PALU \u010detkica za pra\u0161inu - gold &#8902; savr\u0161ena \u010detkica za pripremu nokta &#8902; temeljito otklanja sva zrnca pra\u0161ine sa nokta &#8902;\",\"breadcrumb\":{\"@id\":\"https:\\\/\\\/www.meavia-mh.hr\\\/product\\\/palu-cetka-za-prasinu-gold\\\/#breadcrumb\"},\"inLanguage\":\"sl-SI\",\"potentialAction\":[{\"@type\":\"ReadAction\",\"target\":[\"https:\\\/\\\/www.meavia-mh.hr\\\/product\\\/palu-cetka-za-prasinu-gold\\\/\"]}]},{\"@type\":\"ImageObject\",\"inLanguage\":\"sl-SI\",\"@id\":\"https:\\\/\\\/www.meavia-mh.hr\\\/product\\\/palu-cetka-za-prasinu-gold\\\/#primaryimage\",\"url\":\"https:\\\/\\\/www.meavia-mh.hr\\\/wp-content\\\/uploads\\\/2021\\\/01\\\/Slika-zaslona-2021-01-09-u-11.29.18.png\",\"contentUrl\":\"https:\\\/\\\/www.meavia-mh.hr\\\/wp-content\\\/uploads\\\/2021\\\/01\\\/Slika-zaslona-2021-01-09-u-11.29.18.png\",\"width\":588,\"height\":438,\"caption\":\"PALU \u010detka za pra\u0161inu - gold\"},{\"@type\":\"BreadcrumbList\",\"@id\":\"https:\\\/\\\/www.meavia-mh.hr\\\/product\\\/palu-cetka-za-prasinu-gold\\\/#breadcrumb\",\"itemListElement\":[{\"@type\":\"ListItem\",\"position\":1,\"name\":\"Po\u010detna stranica\",\"item\":\"https:\\\/\\\/www.meavia-mh.hr\\\/\"},{\"@type\":\"ListItem\",\"position\":2,\"name\":\"Trgovina\",\"item\":\"https:\\\/\\\/meavia-mh.hr\\\/sl\\\/store\\\/\"},{\"@type\":\"ListItem\",\"position\":3,\"name\":\"PALU \u010detkica za pra\u0161inu &#8211; gold\"}]},{\"@type\":\"WebSite\",\"@id\":\"https:\\\/\\\/meavia-mh.hr\\\/sl\\\/#website\",\"url\":\"https:\\\/\\\/meavia-mh.hr\\\/sl\\\/\",\"name\":\"Mea Via Beauty\",\"description\":\"Only The Best For Your Beauty\",\"publisher\":{\"@id\":\"https:\\\/\\\/meavia-mh.hr\\\/sl\\\/#organization\"},\"alternateName\":\"Mea Via Nails\",\"potentialAction\":[{\"@type\":\"SearchAction\",\"target\":{\"@type\":\"EntryPoint\",\"urlTemplate\":\"https:\\\/\\\/meavia-mh.hr\\\/sl\\\/?s={search_term_string}\"},\"query-input\":{\"@type\":\"PropertyValueSpecification\",\"valueRequired\":true,\"valueName\":\"search_term_string\"}}],\"inLanguage\":\"sl-SI\"},{\"@type\":\"Organization\",\"@id\":\"https:\\\/\\\/meavia-mh.hr\\\/sl\\\/#organization\",\"name\":\"Mea Via Nails World\",\"alternateName\":\"Mea Via\",\"url\":\"https:\\\/\\\/meavia-mh.hr\\\/sl\\\/\",\"logo\":{\"@type\":\"ImageObject\",\"inLanguage\":\"sl-SI\",\"@id\":\"https:\\\/\\\/meavia-mh.hr\\\/sl\\\/#\\\/schema\\\/logo\\\/image\\\/\",\"url\":\"https:\\\/\\\/www.meavia-mh.hr\\\/wp-content\\\/uploads\\\/2020\\\/12\\\/Mea-Via.png\",\"contentUrl\":\"https:\\\/\\\/www.meavia-mh.hr\\\/wp-content\\\/uploads\\\/2020\\\/12\\\/Mea-Via.png\",\"width\":1181,\"height\":393,\"caption\":\"Mea Via Nails World\"},\"image\":{\"@id\":\"https:\\\/\\\/meavia-mh.hr\\\/sl\\\/#\\\/schema\\\/logo\\\/image\\\/\"},\"sameAs\":[\"https:\\\/\\\/www.facebook.com\\\/MeaViaNailsWorld\",\"https:\\\/\\\/www.instagram.com\\\/mea_via_nails_world\\\/\",\"https:\\\/\\\/www.youtube.com\\\/channel\\\/UCECk0hpRWP6TN-EfA4ER96g\\\/featured\"]}]}<\/script>\n<!-- \/ Yoast SEO plugin. -->","yoast_head_json":{"title":"PALU krta\u010da za prah - zlata \u22c6 Mea Via Beauty","description":"PALU \u010dopi\u010d za prah - zlat \u22c6 popoln \u010dopi\u010d za pripravo nohtov \u22c6 temeljito odstrani vse delce prahu z nohta \u22c6","robots":{"index":"index","follow":"follow","max-snippet":"max-snippet:-1","max-image-preview":"max-image-preview:large","max-video-preview":"max-video-preview:-1"},"canonical":"https:\/\/www.meavia-mh.hr\/sl\/product\/palu-cetka-za-prasinu-gold\/","og_locale":"sl_SI","og_type":"article","og_title":"PALU \u010detkica za pra\u0161inu - gold &#8902; Mea Via Beauty","og_description":"PALU \u010detkica za pra\u0161inu - gold &#8902; savr\u0161ena \u010detkica za pripremu nokta &#8902; temeljito otklanja sva zrnca pra\u0161ine sa nokta &#8902;","og_url":"https:\/\/www.meavia-mh.hr\/sl\/product\/palu-cetka-za-prasinu-gold\/","og_site_name":"Mea Via Beauty","article_publisher":"https:\/\/www.facebook.com\/MeaViaNailsWorld","article_modified_time":"2024-07-05T15:49:38+00:00","og_image":[{"width":588,"height":438,"url":"https:\/\/www.meavia-mh.hr\/wp-content\/uploads\/2021\/01\/Slika-zaslona-2021-01-09-u-11.29.18.png","type":"image\/png"}],"twitter_card":"summary_large_image","twitter_misc":{"Est. reading time":"1 minuta"},"schema":{"@context":"https:\/\/schema.org","@graph":[{"@type":"WebPage","@id":"https:\/\/www.meavia-mh.hr\/product\/palu-cetka-za-prasinu-gold\/","url":"https:\/\/www.meavia-mh.hr\/product\/palu-cetka-za-prasinu-gold\/","name":"PALU krta\u010da za prah - zlata \u22c6 Mea Via Beauty","isPartOf":{"@id":"https:\/\/meavia-mh.hr\/sl\/#website"},"primaryImageOfPage":{"@id":"https:\/\/www.meavia-mh.hr\/product\/palu-cetka-za-prasinu-gold\/#primaryimage"},"image":{"@id":"https:\/\/www.meavia-mh.hr\/product\/palu-cetka-za-prasinu-gold\/#primaryimage"},"thumbnailUrl":"https:\/\/www.meavia-mh.hr\/wp-content\/uploads\/2021\/01\/Slika-zaslona-2021-01-09-u-11.29.18.png","datePublished":"2021-01-09T10:37:09+00:00","dateModified":"2024-07-05T15:49:38+00:00","description":"PALU \u010dopi\u010d za prah - zlat \u22c6 popoln \u010dopi\u010d za pripravo nohtov \u22c6 temeljito odstrani vse delce prahu z nohta \u22c6","breadcrumb":{"@id":"https:\/\/www.meavia-mh.hr\/product\/palu-cetka-za-prasinu-gold\/#breadcrumb"},"inLanguage":"sl-SI","potentialAction":[{"@type":"ReadAction","target":["https:\/\/www.meavia-mh.hr\/product\/palu-cetka-za-prasinu-gold\/"]}]},{"@type":"ImageObject","inLanguage":"sl-SI","@id":"https:\/\/www.meavia-mh.hr\/product\/palu-cetka-za-prasinu-gold\/#primaryimage","url":"https:\/\/www.meavia-mh.hr\/wp-content\/uploads\/2021\/01\/Slika-zaslona-2021-01-09-u-11.29.18.png","contentUrl":"https:\/\/www.meavia-mh.hr\/wp-content\/uploads\/2021\/01\/Slika-zaslona-2021-01-09-u-11.29.18.png","width":588,"height":438,"caption":"PALU \u010detka za pra\u0161inu - gold"},{"@type":"BreadcrumbList","@id":"https:\/\/www.meavia-mh.hr\/product\/palu-cetka-za-prasinu-gold\/#breadcrumb","itemListElement":[{"@type":"ListItem","position":1,"name":"Po\u010detna stranica","item":"https:\/\/www.meavia-mh.hr\/"},{"@type":"ListItem","position":2,"name":"Trgovina","item":"https:\/\/meavia-mh.hr\/sl\/store\/"},{"@type":"ListItem","position":3,"name":"PALU \u010detkica za pra\u0161inu &#8211; gold"}]},{"@type":"WebSite","@id":"https:\/\/meavia-mh.hr\/sl\/#website","url":"https:\/\/meavia-mh.hr\/sl\/","name":"MEA VIA BEAUTY","description":"Only The Best For Your Beauty","publisher":{"@id":"https:\/\/meavia-mh.hr\/sl\/#organization"},"alternateName":"Mea Via Nails","potentialAction":[{"@type":"SearchAction","target":{"@type":"EntryPoint","urlTemplate":"https:\/\/meavia-mh.hr\/sl\/?s={search_term_string}"},"query-input":{"@type":"PropertyValueSpecification","valueRequired":true,"valueName":"search_term_string"}}],"inLanguage":"sl-SI"},{"@type":"Organization","@id":"https:\/\/meavia-mh.hr\/sl\/#organization","name":"Mea Via Nails World","alternateName":"Mea Via","url":"https:\/\/meavia-mh.hr\/sl\/","logo":{"@type":"ImageObject","inLanguage":"sl-SI","@id":"https:\/\/meavia-mh.hr\/sl\/#\/schema\/logo\/image\/","url":"https:\/\/www.meavia-mh.hr\/wp-content\/uploads\/2020\/12\/Mea-Via.png","contentUrl":"https:\/\/www.meavia-mh.hr\/wp-content\/uploads\/2020\/12\/Mea-Via.png","width":1181,"height":393,"caption":"Mea Via Nails World"},"image":{"@id":"https:\/\/meavia-mh.hr\/sl\/#\/schema\/logo\/image\/"},"sameAs":["https:\/\/www.facebook.com\/MeaViaNailsWorld","https:\/\/www.instagram.com\/mea_via_nails_world\/","https:\/\/www.youtube.com\/channel\/UCECk0hpRWP6TN-EfA4ER96g\/featured"]}]}},"spectra_custom_meta":{"_sku":["441359"],"_regular_price":["3.17"],"total_sales":["5"],"_tax_status":["taxable"],"_tax_class":[""],"_manage_stock":["yes"],"_backorders":["no"],"_sold_individually":["no"],"_virtual":["no"],"_downloadable":["no"],"_download_limit":["-1"],"_download_expiry":["-1"],"_stock":["0"],"_stock_status":["outofstock"],"_wc_average_rating":["0"],"_wc_review_count":["0"],"_product_version":["7.1.1"],"_price":["3.17"],"_wp_page_template":["default"],"_yoast_wpseo_focuskw":["\u010detkica za pra\u0161inu"],"_yoast_wpseo_metadesc":["%%title%% %%sep%% savr\u0161ena \u010detkica za pripremu nokta %%sep%% temeljito otklanja sva zrnca pra\u0161ine sa nokta %%sep%%"],"_yoast_wpseo_linkdex":["39"],"_yoast_wpseo_content_score":["90"],"_yoast_wpseo_primary_product_cat":["24"],"site-sidebar-layout":["default"],"site-content-layout":["default"],"theme-transparent-header-meta":["default"],"stick-header-meta":["default"],"_edit_lock":["1628851595:1"],"_edit_last":["1"],"_product_image_gallery":["4746"],"_thumbnail_id":["4745"],"_yoast_wpseo_estimated-reading-time-minutes":["1"],"_woocs_regular_price_EUR":["3.17"],"_woocs_sale_price_EUR":["-1"],"_woocs_price_geo_countries":[""],"_woocs_regular_price_geo":[""],"_woocs_sale_price_geo":[""],"uag_migration_processed":["1"],"_uag_page_assets":["a:9:{s:3:\"css\";s:0:\"\";s:2:\"js\";s:0:\"\";s:18:\"current_block_list\";a:3:{i:0;s:11:\"core\/search\";i:1;s:18:\"core\/legacy-widget\";i:2;s:27:\"woocommerce\/product-filters\";}s:8:\"uag_flag\";b:0;s:11:\"uag_version\";s:10:\"1777638976\";s:6:\"gfonts\";a:0:{}s:10:\"gfonts_url\";s:0:\"\";s:12:\"gfonts_files\";a:0:{}s:14:\"uag_faq_layout\";b:0;}"],"_elementor_page_assets":["a:0:{}"]},"uagb_featured_image_src":{"full":["https:\/\/www.meavia-mh.hr\/wp-content\/uploads\/2021\/01\/Slika-zaslona-2021-01-09-u-11.29.18.png",588,438,false],"thumbnail":["https:\/\/www.meavia-mh.hr\/wp-content\/uploads\/2021\/01\/Slika-zaslona-2021-01-09-u-11.29.18-150x150.png",150,150,true],"medium":["https:\/\/www.meavia-mh.hr\/wp-content\/uploads\/2021\/01\/Slika-zaslona-2021-01-09-u-11.29.18-300x223.png",300,223,true],"medium_large":["https:\/\/www.meavia-mh.hr\/wp-content\/uploads\/2021\/01\/Slika-zaslona-2021-01-09-u-11.29.18.png",588,438,false],"large":["https:\/\/www.meavia-mh.hr\/wp-content\/uploads\/2021\/01\/Slika-zaslona-2021-01-09-u-11.29.18.png",588,438,false],"1536x1536":["https:\/\/www.meavia-mh.hr\/wp-content\/uploads\/2021\/01\/Slika-zaslona-2021-01-09-u-11.29.18.png",588,438,false],"2048x2048":["https:\/\/www.meavia-mh.hr\/wp-content\/uploads\/2021\/01\/Slika-zaslona-2021-01-09-u-11.29.18.png",588,438,false],"trp-custom-language-flag":["https:\/\/www.meavia-mh.hr\/wp-content\/uploads\/2021\/01\/Slika-zaslona-2021-01-09-u-11.29.18.png",16,12,false],"woocommerce_thumbnail":["https:\/\/www.meavia-mh.hr\/wp-content\/uploads\/2021\/01\/Slika-zaslona-2021-01-09-u-11.29.18-300x300.png",300,300,true],"woocommerce_single":["https:\/\/www.meavia-mh.hr\/wp-content\/uploads\/2021\/01\/Slika-zaslona-2021-01-09-u-11.29.18.png",588,438,false],"woocommerce_gallery_thumbnail":["https:\/\/www.meavia-mh.hr\/wp-content\/uploads\/2021\/01\/Slika-zaslona-2021-01-09-u-11.29.18-100x100.png",100,100,true]},"uagb_author_info":{"display_name":"Mea Via","author_link":"https:\/\/www.meavia-mh.hr\/sl\/author\/"},"uagb_comment_info":0,"uagb_excerpt":"PALU \u010detkica za pra\u0161inu pomo\u0107i \u0107e vam ukloniti najsitnije \u010destice pra\u0161ine. Bezvremenska, luksuzna zlatna boja \u010detkice odli\u010dno \u0107e se uklopiti u svaki interijer salona za nokte. \u010cetkica za pra\u0161inu nje\u017eno uklanja pra\u0161inu i ostatke pigmenta i ne ostavlja ogrebotine. \u010cetkica je izra\u0111ena od najfinijih mekanih sinteti\u010dkih vlakna koja osiguravaju uklanjanje najsitnijih zrnaca pra\u0161ine. \u00a0Vlakna \u010detkice\u00a0su\u00a0precizno&hellip;","_links":{"self":[{"href":"https:\/\/www.meavia-mh.hr\/sl\/wp-json\/wp\/v2\/product\/4741","targetHints":{"allow":["GET"]}}],"collection":[{"href":"https:\/\/www.meavia-mh.hr\/sl\/wp-json\/wp\/v2\/product"}],"about":[{"href":"https:\/\/www.meavia-mh.hr\/sl\/wp-json\/wp\/v2\/types\/product"}],"replies":[{"embeddable":true,"href":"https:\/\/www.meavia-mh.hr\/sl\/wp-json\/wp\/v2\/comments?post=4741"}],"version-history":[{"count":1,"href":"https:\/\/www.meavia-mh.hr\/sl\/wp-json\/wp\/v2\/product\/4741\/revisions"}],"predecessor-version":[{"id":31379,"href":"https:\/\/www.meavia-mh.hr\/sl\/wp-json\/wp\/v2\/product\/4741\/revisions\/31379"}],"wp:featuredmedia":[{"embeddable":true,"href":"https:\/\/www.meavia-mh.hr\/sl\/wp-json\/wp\/v2\/media\/4745"}],"wp:attachment":[{"href":"https:\/\/www.meavia-mh.hr\/sl\/wp-json\/wp\/v2\/media?parent=4741"}],"wp:term":[{"taxonomy":"product_brand","embeddable":true,"href":"https:\/\/www.meavia-mh.hr\/sl\/wp-json\/wp\/v2\/product_brand?post=4741"},{"taxonomy":"product_cat","embeddable":true,"href":"https:\/\/www.meavia-mh.hr\/sl\/wp-json\/wp\/v2\/product_cat?post=4741"},{"taxonomy":"product_tag","embeddable":true,"href":"https:\/\/www.meavia-mh.hr\/sl\/wp-json\/wp\/v2\/product_tag?post=4741"}],"curies":[{"name":"delovni list","href":"https:\/\/api.w.org\/{rel}","templated":true}]}}