{"id":47326,"date":"2026-03-11T08:56:21","date_gmt":"2026-03-11T07:56:21","guid":{"rendered":"https:\/\/www.meavia-mh.hr\/?post_type=product&#038;p=47326"},"modified":"2026-03-11T09:04:17","modified_gmt":"2026-03-11T08:04:17","slug":"stol-za-manikuru-momo-04-bl-u","status":"publish","type":"product","link":"https:\/\/www.meavia-mh.hr\/sl\/product\/stol-za-manikuru-momo-04-bl-u\/","title":{"rendered":"Manikirna miza Momo 04-BL-U"},"content":{"rendered":"<div><strong><span dir=\"auto\">Manikirna miza Momo 04-BL-U<\/span><\/strong><span dir=\"auto\">\u00a0Gre za edinstveno kombinacijo preprostosti in stila, zasnovano za zahtevne uporabnike.\u00a0<strong>Minimalisti\u010dna zasnova<\/strong> s \u010drno<strong>\u00a0elementi<\/strong> doda eleganten zna\u010daj. Gladka, visokosijajna povr\u0161ina\u00a0<strong>zagotavlja udobje<\/strong>\u00a0med opravljanjem vsakodnevnih opravil v kozmeti\u010dnem salonu.<\/span><\/div>\n<div><\/div>\n<div><span dir=\"auto\">Moderna oblika mize, ki zdru\u017euje belo povr\u0161ino z <strong>\u010drna,<\/strong> geometrijske noge,\u00a0<\/span><strong><span dir=\"auto\">doda notranjosti lahkotnost in eleganco<\/span><\/strong><span dir=\"auto\">. Premi\u0161ljene podrobnosti, kot npr.\u00a0<\/span><strong><span dir=\"auto\">integrirane re\u017ee za kable<\/span><\/strong><span dir=\"auto\">\u00a0in dr\u017ealo za dodatno opremo,\u00a0<\/span><strong><span dir=\"auto\">pomagati vzdr\u017eevati red na delovnem mestu<\/span><\/strong><span dir=\"auto\">. Zaradi svoje kompaktne, a elegantne oblike bo miza\u00a0<\/span><strong><span dir=\"auto\">odli\u010dno deluje tako v majhnih kot ve\u010djih prostorih<\/span><\/strong><span dir=\"auto\">\u00a0, moderna notranjost.\u00a0<\/span><\/div>\n<div>\n<h3><span dir=\"auto\">Vgrajen zbiralnik prahu<\/span><\/h3>\n<p><span dir=\"auto\">Miza ima kaseto <a href=\"https:\/\/www.meavia-mh.hr\/sl\/product\/ugradbeni-usisavac-prasine-momo-j-02\/\">Sesalnik Momo J-02<\/a> vgrajen v delovno povr\u0161ino. Ta sesalnik <\/span><strong><span dir=\"auto\">znatno izbolj\u0161a udobje in delovno higieno<\/span><\/strong><span dir=\"auto\">, ki u\u010dinkovito odstranjuje prah, ki nastane med kozmeti\u010dnimi tretmaji, kot je manikura. Zahvaljujo\u010d tej napravi zrak v salonu ostane \u010dist, delovno mesto pa brez onesna\u017eenja, kar\u00a0<\/span><strong><span dir=\"auto\">pove\u010da varnost tako za kozmeti\u010darke kot za stranke<\/span><\/strong><span dir=\"auto\">. Sesalnik <\/span><strong><span dir=\"auto\">je enostaven za uporabo in vzdr\u017eevanje<\/span><\/strong><span dir=\"auto\">, kar \u0161e izbolj\u0161a njegovo funkcionalnost. Redno \u010di\u0161\u010denje in menjava filtra\u00a0<\/span><strong><span dir=\"auto\">zagotavljajo visoko u\u010dinkovitost odstranjevanja prahu<\/span><\/strong><span dir=\"auto\">. Mo\u017een je nakup dodatnih nadomestnih filtrov. Mo\u010d sesalnika 48 W.<\/span><\/p>\n<\/div>\n<div>\n<figure id=\"attachment_47327\" aria-describedby=\"caption-attachment-47327\" style=\"width: 1024px\" class=\"wp-caption aligncenter\"><a href=\"https:\/\/www.meavia-mh.hr\/wp-content\/uploads\/2026\/03\/Stol-za-manikuru-Momo-04-BL-U.webp\"><img fetchpriority=\"high\" decoding=\"async\" class=\"wp-image-47327 size-large\" src=\"https:\/\/www.meavia-mh.hr\/wp-content\/uploads\/2026\/03\/Stol-za-manikuru-Momo-04-BL-U-1024x1024.webp\" alt=\"Stol za manikuru Momo 04-BL-U\" width=\"1024\" height=\"1024\" srcset=\"https:\/\/www.meavia-mh.hr\/wp-content\/uploads\/2026\/03\/Stol-za-manikuru-Momo-04-BL-U-1024x1024.webp 1024w, https:\/\/www.meavia-mh.hr\/wp-content\/uploads\/2026\/03\/Stol-za-manikuru-Momo-04-BL-U-300x300.webp 300w, https:\/\/www.meavia-mh.hr\/wp-content\/uploads\/2026\/03\/Stol-za-manikuru-Momo-04-BL-U-150x150.webp 150w, https:\/\/www.meavia-mh.hr\/wp-content\/uploads\/2026\/03\/Stol-za-manikuru-Momo-04-BL-U-768x768.webp 768w, https:\/\/www.meavia-mh.hr\/wp-content\/uploads\/2026\/03\/Stol-za-manikuru-Momo-04-BL-U-12x12.webp 12w, https:\/\/www.meavia-mh.hr\/wp-content\/uploads\/2026\/03\/Stol-za-manikuru-Momo-04-BL-U-600x600.webp 600w, https:\/\/www.meavia-mh.hr\/wp-content\/uploads\/2026\/03\/Stol-za-manikuru-Momo-04-BL-U-100x100.webp 100w, https:\/\/www.meavia-mh.hr\/wp-content\/uploads\/2026\/03\/Stol-za-manikuru-Momo-04-BL-U.webp 1200w\" sizes=\"(max-width: 1024px) 100vw, 1024px\" \/><\/a><figcaption id=\"caption-attachment-47327\" class=\"wp-caption-text\">Manikirna miza Momo 04-BL-U<\/figcaption><\/figure>\n<\/div>\n<h6>Tehni\u010dni podatki:<\/h6>\n<ul>\n<li>dol\u017eina mize: 120 cm<\/li>\n<li>\u0161irina mize: 50 cm<\/li>\n<li>vi\u0161ina mize: 70 cm<\/li>\n<li>debelina delovne plo\u0161\u010de: 4,7 cm<\/li>\n<li>Mo\u010d sesalnika: 48 W<\/li>\n<\/ul>","protected":false},"excerpt":{"rendered":"<p>Dobavni rok: 10 \u2013 15 delovnih dni.<\/p>","protected":false},"featured_media":47335,"comment_status":"closed","ping_status":"closed","template":"","meta":{"_uag_custom_page_level_css":"","site-sidebar-layout":"default","site-content-layout":"default","ast-site-content-layout":"default","site-content-style":"default","site-sidebar-style":"default","ast-global-header-display":"","ast-banner-title-visibility":"","ast-main-header-display":"","ast-hfb-above-header-display":"","ast-hfb-below-header-display":"","ast-hfb-mobile-header-display":"","site-post-title":"","ast-breadcrumbs-content":"","ast-featured-img":"","footer-sml-layout":"","ast-disable-related-posts":"","theme-transparent-header-meta":"default","adv-header-id-meta":"","stick-header-meta":"default","header-above-stick-meta":"","header-main-stick-meta":"","header-below-stick-meta":"","astra-migrate-meta-layouts":"set","ast-page-background-enabled":"default","ast-page-background-meta":{"desktop":{"background-color":"var(--ast-global-color-4)","background-image":"","background-repeat":"repeat","background-position":"center center","background-size":"auto","background-attachment":"scroll","background-type":"","background-media":"","overlay-type":"","overlay-color":"","overlay-opacity":"","overlay-gradient":""},"tablet":{"background-color":"","background-image":"","background-repeat":"repeat","background-position":"center center","background-size":"auto","background-attachment":"scroll","background-type":"","background-media":"","overlay-type":"","overlay-color":"","overlay-opacity":"","overlay-gradient":""},"mobile":{"background-color":"","background-image":"","background-repeat":"repeat","background-position":"center center","background-size":"auto","background-attachment":"scroll","background-type":"","background-media":"","overlay-type":"","overlay-color":"","overlay-opacity":"","overlay-gradient":""}},"ast-content-background-meta":{"desktop":{"background-color":"var(--ast-global-color-5)","background-image":"","background-repeat":"repeat","background-position":"center center","background-size":"auto","background-attachment":"scroll","background-type":"","background-media":"","overlay-type":"","overlay-color":"","overlay-opacity":"","overlay-gradient":""},"tablet":{"background-color":"var(--ast-global-color-5)","background-image":"","background-repeat":"repeat","background-position":"center center","background-size":"auto","background-attachment":"scroll","background-type":"","background-media":"","overlay-type":"","overlay-color":"","overlay-opacity":"","overlay-gradient":""},"mobile":{"background-color":"var(--ast-global-color-5)","background-image":"","background-repeat":"repeat","background-position":"center center","background-size":"auto","background-attachment":"scroll","background-type":"","background-media":"","overlay-type":"","overlay-color":"","overlay-opacity":"","overlay-gradient":""}}},"product_brand":[],"product_cat":[266],"product_tag":[268],"class_list":{"0":"post-47326","1":"product","2":"type-product","3":"status-publish","4":"has-post-thumbnail","6":"product_cat-namjestaj-za-salone","7":"product_tag-stol-za-manikuru","8":"desktop-align-left","9":"tablet-align-left","10":"mobile-align-left","11":"ast-product-gallery-layout-horizontal-slider","12":"ast-product-tabs-layout-horizontal","14":"first","15":"onbackorder","16":"taxable","17":"shipping-taxable","18":"purchasable","19":"product-type-simple"},"yoast_head":"<!-- This site is optimized with the Yoast SEO plugin v27.4 - https:\/\/yoast.com\/product\/yoast-seo-wordpress\/ -->\n<title>Stol za manikuru Momo 04-BL-U &#8902; Mea Via Beauty<\/title>\n<meta name=\"description\" content=\"Stol za manikuru Momo 04-BL-U &#8902; stol za manikuru &#8902; stol za nail design &#8902; stol za nokte&#8902; najbolja cijena &#8902; profesionalni stol za salone\" \/>\n<meta name=\"robots\" content=\"index, follow, max-snippet:-1, max-image-preview:large, max-video-preview:-1\" \/>\n<link rel=\"canonical\" href=\"https:\/\/www.meavia-mh.hr\/sl\/product\/stol-za-manikuru-momo-04-bl-u\/\" \/>\n<meta property=\"og:locale\" content=\"sl_SI\" \/>\n<meta property=\"og:type\" content=\"article\" \/>\n<meta property=\"og:title\" content=\"Stol za manikuru Momo 04-BL-U &#8902; Mea Via Beauty\" \/>\n<meta property=\"og:description\" content=\"Stol za manikuru Momo 04-BL-U &#8902; stol za manikuru &#8902; stol za nail design &#8902; stol za nokte&#8902; najbolja cijena &#8902; profesionalni stol za salone\" \/>\n<meta property=\"og:url\" content=\"https:\/\/www.meavia-mh.hr\/sl\/product\/stol-za-manikuru-momo-04-bl-u\/\" \/>\n<meta property=\"og:site_name\" content=\"Mea Via Beauty\" \/>\n<meta property=\"article:publisher\" content=\"https:\/\/www.facebook.com\/MeaViaNailsWorld\" \/>\n<meta property=\"article:modified_time\" content=\"2026-03-11T08:04:17+00:00\" \/>\n<meta property=\"og:image\" content=\"https:\/\/www.meavia-mh.hr\/wp-content\/uploads\/2026\/03\/Stol-za-manikuru-Momo-04-BL-U-8.webp\" \/>\n\t<meta property=\"og:image:width\" content=\"1200\" \/>\n\t<meta property=\"og:image:height\" content=\"1200\" \/>\n\t<meta property=\"og:image:type\" content=\"image\/webp\" \/>\n<meta name=\"twitter:card\" content=\"summary_large_image\" \/>\n<meta name=\"twitter:label1\" content=\"Est. reading time\" \/>\n\t<meta name=\"twitter:data1\" content=\"2 minuti\" \/>\n<script type=\"application\/ld+json\" class=\"yoast-schema-graph\">{\"@context\":\"https:\\\/\\\/schema.org\",\"@graph\":[{\"@type\":\"WebPage\",\"@id\":\"https:\\\/\\\/www.meavia-mh.hr\\\/product\\\/stol-za-manikuru-momo-04-bl-u\\\/\",\"url\":\"https:\\\/\\\/www.meavia-mh.hr\\\/product\\\/stol-za-manikuru-momo-04-bl-u\\\/\",\"name\":\"Stol za manikuru Momo 04-BL-U &#8902; Mea Via Beauty\",\"isPartOf\":{\"@id\":\"https:\\\/\\\/meavia-mh.hr\\\/sl\\\/#website\"},\"primaryImageOfPage\":{\"@id\":\"https:\\\/\\\/www.meavia-mh.hr\\\/product\\\/stol-za-manikuru-momo-04-bl-u\\\/#primaryimage\"},\"image\":{\"@id\":\"https:\\\/\\\/www.meavia-mh.hr\\\/product\\\/stol-za-manikuru-momo-04-bl-u\\\/#primaryimage\"},\"thumbnailUrl\":\"https:\\\/\\\/www.meavia-mh.hr\\\/wp-content\\\/uploads\\\/2026\\\/03\\\/Stol-za-manikuru-Momo-04-BL-U-8.webp\",\"datePublished\":\"2026-03-11T07:56:21+00:00\",\"dateModified\":\"2026-03-11T08:04:17+00:00\",\"description\":\"Stol za manikuru Momo 04-BL-U &#8902; stol za manikuru &#8902; stol za nail design &#8902; stol za nokte&#8902; najbolja cijena &#8902; profesionalni stol za salone\",\"breadcrumb\":{\"@id\":\"https:\\\/\\\/www.meavia-mh.hr\\\/product\\\/stol-za-manikuru-momo-04-bl-u\\\/#breadcrumb\"},\"inLanguage\":\"sl-SI\",\"potentialAction\":[{\"@type\":\"ReadAction\",\"target\":[\"https:\\\/\\\/www.meavia-mh.hr\\\/product\\\/stol-za-manikuru-momo-04-bl-u\\\/\"]}]},{\"@type\":\"ImageObject\",\"inLanguage\":\"sl-SI\",\"@id\":\"https:\\\/\\\/www.meavia-mh.hr\\\/product\\\/stol-za-manikuru-momo-04-bl-u\\\/#primaryimage\",\"url\":\"https:\\\/\\\/www.meavia-mh.hr\\\/wp-content\\\/uploads\\\/2026\\\/03\\\/Stol-za-manikuru-Momo-04-BL-U-8.webp\",\"contentUrl\":\"https:\\\/\\\/www.meavia-mh.hr\\\/wp-content\\\/uploads\\\/2026\\\/03\\\/Stol-za-manikuru-Momo-04-BL-U-8.webp\",\"width\":1200,\"height\":1200,\"caption\":\"Stol za manikuru Momo 04-BL-U\"},{\"@type\":\"BreadcrumbList\",\"@id\":\"https:\\\/\\\/www.meavia-mh.hr\\\/product\\\/stol-za-manikuru-momo-04-bl-u\\\/#breadcrumb\",\"itemListElement\":[{\"@type\":\"ListItem\",\"position\":1,\"name\":\"Po\u010detna stranica\",\"item\":\"https:\\\/\\\/www.meavia-mh.hr\\\/\"},{\"@type\":\"ListItem\",\"position\":2,\"name\":\"Trgovina\",\"item\":\"https:\\\/\\\/meavia-mh.hr\\\/sl\\\/store\\\/\"},{\"@type\":\"ListItem\",\"position\":3,\"name\":\"Stol za manikuru Momo 04-BL-U\"}]},{\"@type\":\"WebSite\",\"@id\":\"https:\\\/\\\/meavia-mh.hr\\\/sl\\\/#website\",\"url\":\"https:\\\/\\\/meavia-mh.hr\\\/sl\\\/\",\"name\":\"Mea Via Beauty\",\"description\":\"Only The Best For Your Beauty\",\"publisher\":{\"@id\":\"https:\\\/\\\/meavia-mh.hr\\\/sl\\\/#organization\"},\"alternateName\":\"Mea Via Nails\",\"potentialAction\":[{\"@type\":\"SearchAction\",\"target\":{\"@type\":\"EntryPoint\",\"urlTemplate\":\"https:\\\/\\\/meavia-mh.hr\\\/sl\\\/?s={search_term_string}\"},\"query-input\":{\"@type\":\"PropertyValueSpecification\",\"valueRequired\":true,\"valueName\":\"search_term_string\"}}],\"inLanguage\":\"sl-SI\"},{\"@type\":\"Organization\",\"@id\":\"https:\\\/\\\/meavia-mh.hr\\\/sl\\\/#organization\",\"name\":\"Mea Via Nails World\",\"alternateName\":\"Mea Via\",\"url\":\"https:\\\/\\\/meavia-mh.hr\\\/sl\\\/\",\"logo\":{\"@type\":\"ImageObject\",\"inLanguage\":\"sl-SI\",\"@id\":\"https:\\\/\\\/meavia-mh.hr\\\/sl\\\/#\\\/schema\\\/logo\\\/image\\\/\",\"url\":\"https:\\\/\\\/www.meavia-mh.hr\\\/wp-content\\\/uploads\\\/2020\\\/12\\\/Mea-Via.png\",\"contentUrl\":\"https:\\\/\\\/www.meavia-mh.hr\\\/wp-content\\\/uploads\\\/2020\\\/12\\\/Mea-Via.png\",\"width\":1181,\"height\":393,\"caption\":\"Mea Via Nails World\"},\"image\":{\"@id\":\"https:\\\/\\\/meavia-mh.hr\\\/sl\\\/#\\\/schema\\\/logo\\\/image\\\/\"},\"sameAs\":[\"https:\\\/\\\/www.facebook.com\\\/MeaViaNailsWorld\",\"https:\\\/\\\/www.instagram.com\\\/mea_via_nails_world\\\/\",\"https:\\\/\\\/www.youtube.com\\\/channel\\\/UCECk0hpRWP6TN-EfA4ER96g\\\/featured\"]}]}<\/script>\n<!-- \/ Yoast SEO plugin. -->","yoast_head_json":{"title":"Manikirna miza Momo 04-BL-U \u22c6 Mea Via Beauty","description":"Miza za manikuro Momo 04-BL-U \u22c6 miza za manikuro \u22c6 miza za oblikovanje nohtov \u22c6 miza za nohte \u22c6 najbolj\u0161a cena \u22c6 profesionalna miza za salon","robots":{"index":"index","follow":"follow","max-snippet":"max-snippet:-1","max-image-preview":"max-image-preview:large","max-video-preview":"max-video-preview:-1"},"canonical":"https:\/\/www.meavia-mh.hr\/sl\/product\/stol-za-manikuru-momo-04-bl-u\/","og_locale":"sl_SI","og_type":"article","og_title":"Stol za manikuru Momo 04-BL-U &#8902; Mea Via Beauty","og_description":"Stol za manikuru Momo 04-BL-U &#8902; stol za manikuru &#8902; stol za nail design &#8902; stol za nokte&#8902; najbolja cijena &#8902; profesionalni stol za salone","og_url":"https:\/\/www.meavia-mh.hr\/sl\/product\/stol-za-manikuru-momo-04-bl-u\/","og_site_name":"Mea Via Beauty","article_publisher":"https:\/\/www.facebook.com\/MeaViaNailsWorld","article_modified_time":"2026-03-11T08:04:17+00:00","og_image":[{"width":1200,"height":1200,"url":"https:\/\/www.meavia-mh.hr\/wp-content\/uploads\/2026\/03\/Stol-za-manikuru-Momo-04-BL-U-8.webp","type":"image\/webp"}],"twitter_card":"summary_large_image","twitter_misc":{"Est. reading time":"2 minuti"},"schema":{"@context":"https:\/\/schema.org","@graph":[{"@type":"WebPage","@id":"https:\/\/www.meavia-mh.hr\/product\/stol-za-manikuru-momo-04-bl-u\/","url":"https:\/\/www.meavia-mh.hr\/product\/stol-za-manikuru-momo-04-bl-u\/","name":"Manikirna miza Momo 04-BL-U \u22c6 Mea Via Beauty","isPartOf":{"@id":"https:\/\/meavia-mh.hr\/sl\/#website"},"primaryImageOfPage":{"@id":"https:\/\/www.meavia-mh.hr\/product\/stol-za-manikuru-momo-04-bl-u\/#primaryimage"},"image":{"@id":"https:\/\/www.meavia-mh.hr\/product\/stol-za-manikuru-momo-04-bl-u\/#primaryimage"},"thumbnailUrl":"https:\/\/www.meavia-mh.hr\/wp-content\/uploads\/2026\/03\/Stol-za-manikuru-Momo-04-BL-U-8.webp","datePublished":"2026-03-11T07:56:21+00:00","dateModified":"2026-03-11T08:04:17+00:00","description":"Miza za manikuro Momo 04-BL-U \u22c6 miza za manikuro \u22c6 miza za oblikovanje nohtov \u22c6 miza za nohte \u22c6 najbolj\u0161a cena \u22c6 profesionalna miza za salon","breadcrumb":{"@id":"https:\/\/www.meavia-mh.hr\/product\/stol-za-manikuru-momo-04-bl-u\/#breadcrumb"},"inLanguage":"sl-SI","potentialAction":[{"@type":"ReadAction","target":["https:\/\/www.meavia-mh.hr\/product\/stol-za-manikuru-momo-04-bl-u\/"]}]},{"@type":"ImageObject","inLanguage":"sl-SI","@id":"https:\/\/www.meavia-mh.hr\/product\/stol-za-manikuru-momo-04-bl-u\/#primaryimage","url":"https:\/\/www.meavia-mh.hr\/wp-content\/uploads\/2026\/03\/Stol-za-manikuru-Momo-04-BL-U-8.webp","contentUrl":"https:\/\/www.meavia-mh.hr\/wp-content\/uploads\/2026\/03\/Stol-za-manikuru-Momo-04-BL-U-8.webp","width":1200,"height":1200,"caption":"Stol za manikuru Momo 04-BL-U"},{"@type":"BreadcrumbList","@id":"https:\/\/www.meavia-mh.hr\/product\/stol-za-manikuru-momo-04-bl-u\/#breadcrumb","itemListElement":[{"@type":"ListItem","position":1,"name":"Po\u010detna stranica","item":"https:\/\/www.meavia-mh.hr\/"},{"@type":"ListItem","position":2,"name":"Trgovina","item":"https:\/\/meavia-mh.hr\/sl\/store\/"},{"@type":"ListItem","position":3,"name":"Stol za manikuru Momo 04-BL-U"}]},{"@type":"WebSite","@id":"https:\/\/meavia-mh.hr\/sl\/#website","url":"https:\/\/meavia-mh.hr\/sl\/","name":"MEA VIA BEAUTY","description":"Only The Best For Your Beauty","publisher":{"@id":"https:\/\/meavia-mh.hr\/sl\/#organization"},"alternateName":"Mea Via Nails","potentialAction":[{"@type":"SearchAction","target":{"@type":"EntryPoint","urlTemplate":"https:\/\/meavia-mh.hr\/sl\/?s={search_term_string}"},"query-input":{"@type":"PropertyValueSpecification","valueRequired":true,"valueName":"search_term_string"}}],"inLanguage":"sl-SI"},{"@type":"Organization","@id":"https:\/\/meavia-mh.hr\/sl\/#organization","name":"Mea Via Nails World","alternateName":"Mea Via","url":"https:\/\/meavia-mh.hr\/sl\/","logo":{"@type":"ImageObject","inLanguage":"sl-SI","@id":"https:\/\/meavia-mh.hr\/sl\/#\/schema\/logo\/image\/","url":"https:\/\/www.meavia-mh.hr\/wp-content\/uploads\/2020\/12\/Mea-Via.png","contentUrl":"https:\/\/www.meavia-mh.hr\/wp-content\/uploads\/2020\/12\/Mea-Via.png","width":1181,"height":393,"caption":"Mea Via Nails World"},"image":{"@id":"https:\/\/meavia-mh.hr\/sl\/#\/schema\/logo\/image\/"},"sameAs":["https:\/\/www.facebook.com\/MeaViaNailsWorld","https:\/\/www.instagram.com\/mea_via_nails_world\/","https:\/\/www.youtube.com\/channel\/UCECk0hpRWP6TN-EfA4ER96g\/featured"]}]}},"spectra_custom_meta":{"_sku":["151040"],"_regular_price":["699.00"],"total_sales":["0"],"_tax_status":["taxable"],"_tax_class":[""],"_manage_stock":["yes"],"_backorders":["notify"],"_sold_individually":["no"],"_weight":["25.80"],"_purchase_note":["Po narud\u017ebi. Vrijeme isporuke: 10 - 15 radnih dana."],"_virtual":["no"],"_downloadable":["no"],"_product_image_gallery":["47327,47334,47333,47331,47330,47332,47329,47328,47286,47277,47276,47275,47274,47273,47272,47270,47269"],"_download_limit":["-1"],"_download_expiry":["-1"],"_thumbnail_id":["47335"],"_stock":["0"],"_stock_status":["onbackorder"],"_wc_average_rating":["0"],"_wc_review_count":["0"],"_product_version":["10.5.3"],"_price":["699.00"],"_wp_page_template":["default"],"_yoast_wpseo_focuskw":["stol za manikuru"],"_yoast_wpseo_metadesc":["%%title%% %%sep%% stol za manikuru %%sep%% stol za nail design %%sep%% stol za nokte%%sep%% najbolja cijena %%sep%% profesionalni stol za salone"],"_yoast_wpseo_linkdex":["73"],"_yoast_wpseo_content_score":["90"],"_yoast_wpseo_estimated-reading-time-minutes":["2"],"cartflows_redirect_flow_id":[""],"cartflows_add_to_cart_text":[""],"_woocs_price_geo_countries":[""],"_woocs_regular_price_geo":[""],"_woocs_sale_price_geo":[""],"site-sidebar-layout":["default"],"site-content-layout":["default"],"theme-transparent-header-meta":["default"],"stick-header-meta":["default"],"_yoast_wpseo_primary_product_cat":["266"],"_woocs_regular_price_EUR":["49.77"],"_woocs_sale_price_EUR":["-1"],"_yoast_wpseo_wordproof_timestamp":[""],"_lowest_price_30_days":["49.77"],"uag_migration_processed":["1"],"_last_change_time":["1773216257"],"ast-site-content-layout":["default"],"site-content-style":["default"],"site-sidebar-style":["default"],"_yoast_wpseo_primary_product_brand":[""],"_wc_facebook_sync_enabled_v2":["yes"],"fb_visibility":["yes"],"fb_product_description":[""],"fb_rich_text_description":[""],"_wc_facebook_product_image_source":["product"],"fb_product_video":["a:0:{}"],"fb_brand":[""],"fb_mpn":[""],"fb_size":[""],"fb_color":[""],"fb_material":[""],"fb_pattern":[""],"fb_age_group":[""],"fb_gender":[""],"fb_product_condition":[""],"_wc_facebook_enhanced_catalog_attributes_capacity":[""],"_wc_facebook_enhanced_catalog_attributes_ingredients":[""],"_wc_facebook_enhanced_catalog_attributes_additional_features":[""],"_wc_facebook_enhanced_catalog_attributes_power_type":[""],"_wc_facebook_enhanced_catalog_attributes_stop_use_indications":[""],"_wc_facebook_enhanced_catalog_attributes_standard_features":[""],"_wc_facebook_enhanced_catalog_attributes_spf_value":[""],"_wc_facebook_enhanced_catalog_attributes_skin_type":[""],"_wc_facebook_enhanced_catalog_attributes_skin_tone":[""],"_wc_facebook_enhanced_catalog_attributes_skin_care_concern":[""],"_wc_facebook_enhanced_catalog_attributes_scent":[""],"_wc_facebook_enhanced_catalog_attributes_result_time":[""],"_wc_facebook_enhanced_catalog_attributes_product_form":[""],"_wc_facebook_enhanced_catalog_attributes_keywords":[""],"_wc_facebook_enhanced_catalog_attributes_is_powered":[""],"_wc_facebook_enhanced_catalog_attributes_instructions":[""],"_wc_facebook_enhanced_catalog_attributes_inactive_ingredients":[""],"_wc_facebook_enhanced_catalog_attributes_health_concern":[""],"_wc_facebook_enhanced_catalog_attributes_hair_type":[""],"_wc_facebook_enhanced_catalog_attributes_care_instructions":[""],"_wc_facebook_enhanced_catalog_attributes_body_part":[""],"_wc_facebook_enhanced_catalog_attributes_batteries_required":[""],"_wc_facebook_enhanced_catalog_attributes_wig_cap_type":[""],"_wc_facebook_google_product_category":["478"],"_edit_lock":["1773227574:1239"],"_edit_last":["1239"],"_global_unique_id":["5906717463181"],"astra-migrate-meta-layouts":["set"],"_elementor_page_assets":["a:0:{}"],"_uag_page_assets":["a:9:{s:3:\"css\";s:0:\"\";s:2:\"js\";s:0:\"\";s:18:\"current_block_list\";a:3:{i:0;s:11:\"core\/search\";i:1;s:18:\"core\/legacy-widget\";i:2;s:27:\"woocommerce\/product-filters\";}s:8:\"uag_flag\";b:0;s:11:\"uag_version\";s:10:\"1776403924\";s:6:\"gfonts\";a:0:{}s:10:\"gfonts_url\";s:0:\"\";s:12:\"gfonts_files\";a:0:{}s:14:\"uag_faq_layout\";b:0;}"]},"uagb_featured_image_src":{"full":["https:\/\/www.meavia-mh.hr\/wp-content\/uploads\/2026\/03\/Stol-za-manikuru-Momo-04-BL-U-8.webp",1200,1200,false],"thumbnail":["https:\/\/www.meavia-mh.hr\/wp-content\/uploads\/2026\/03\/Stol-za-manikuru-Momo-04-BL-U-8-150x150.webp",150,150,true],"medium":["https:\/\/www.meavia-mh.hr\/wp-content\/uploads\/2026\/03\/Stol-za-manikuru-Momo-04-BL-U-8-300x300.webp",300,300,true],"medium_large":["https:\/\/www.meavia-mh.hr\/wp-content\/uploads\/2026\/03\/Stol-za-manikuru-Momo-04-BL-U-8-768x768.webp",768,768,true],"large":["https:\/\/www.meavia-mh.hr\/wp-content\/uploads\/2026\/03\/Stol-za-manikuru-Momo-04-BL-U-8-1024x1024.webp",1024,1024,true],"1536x1536":["https:\/\/www.meavia-mh.hr\/wp-content\/uploads\/2026\/03\/Stol-za-manikuru-Momo-04-BL-U-8.webp",1200,1200,false],"2048x2048":["https:\/\/www.meavia-mh.hr\/wp-content\/uploads\/2026\/03\/Stol-za-manikuru-Momo-04-BL-U-8.webp",1200,1200,false],"trp-custom-language-flag":["https:\/\/www.meavia-mh.hr\/wp-content\/uploads\/2026\/03\/Stol-za-manikuru-Momo-04-BL-U-8-12x12.webp",12,12,true],"woocommerce_thumbnail":["https:\/\/www.meavia-mh.hr\/wp-content\/uploads\/2026\/03\/Stol-za-manikuru-Momo-04-BL-U-8-300x300.webp",300,300,true],"woocommerce_single":["https:\/\/www.meavia-mh.hr\/wp-content\/uploads\/2026\/03\/Stol-za-manikuru-Momo-04-BL-U-8-600x600.webp",600,600,true],"woocommerce_gallery_thumbnail":["https:\/\/www.meavia-mh.hr\/wp-content\/uploads\/2026\/03\/Stol-za-manikuru-Momo-04-BL-U-8-100x100.webp",100,100,true]},"uagb_author_info":{"display_name":"Zla Gol","author_link":"https:\/\/www.meavia-mh.hr\/sl\/author\/"},"uagb_comment_info":0,"uagb_excerpt":"Vrijeme isporuke: 10 - 15 radnih dana.","_links":{"self":[{"href":"https:\/\/www.meavia-mh.hr\/sl\/wp-json\/wp\/v2\/product\/47326","targetHints":{"allow":["GET"]}}],"collection":[{"href":"https:\/\/www.meavia-mh.hr\/sl\/wp-json\/wp\/v2\/product"}],"about":[{"href":"https:\/\/www.meavia-mh.hr\/sl\/wp-json\/wp\/v2\/types\/product"}],"replies":[{"embeddable":true,"href":"https:\/\/www.meavia-mh.hr\/sl\/wp-json\/wp\/v2\/comments?post=47326"}],"version-history":[{"count":1,"href":"https:\/\/www.meavia-mh.hr\/sl\/wp-json\/wp\/v2\/product\/47326\/revisions"}],"predecessor-version":[{"id":47336,"href":"https:\/\/www.meavia-mh.hr\/sl\/wp-json\/wp\/v2\/product\/47326\/revisions\/47336"}],"wp:featuredmedia":[{"embeddable":true,"href":"https:\/\/www.meavia-mh.hr\/sl\/wp-json\/wp\/v2\/media\/47335"}],"wp:attachment":[{"href":"https:\/\/www.meavia-mh.hr\/sl\/wp-json\/wp\/v2\/media?parent=47326"}],"wp:term":[{"taxonomy":"product_brand","embeddable":true,"href":"https:\/\/www.meavia-mh.hr\/sl\/wp-json\/wp\/v2\/product_brand?post=47326"},{"taxonomy":"product_cat","embeddable":true,"href":"https:\/\/www.meavia-mh.hr\/sl\/wp-json\/wp\/v2\/product_cat?post=47326"},{"taxonomy":"product_tag","embeddable":true,"href":"https:\/\/www.meavia-mh.hr\/sl\/wp-json\/wp\/v2\/product_tag?post=47326"}],"curies":[{"name":"delovni list","href":"https:\/\/api.w.org\/{rel}","templated":true}]}}