{"id":47284,"date":"2026-03-10T18:55:29","date_gmt":"2026-03-10T17:55:29","guid":{"rendered":"https:\/\/www.meavia-mh.hr\/?post_type=product&#038;p=47284"},"modified":"2026-03-10T19:24:15","modified_gmt":"2026-03-10T18:24:15","slug":"ugradbeni-usisavac-prasine-momo-j-02","status":"publish","type":"product","link":"https:\/\/www.meavia-mh.hr\/sl\/product\/ugradbeni-usisavac-prasine-momo-j-02\/","title":{"rendered":"Vgradni sesalnik MOMO J-02"},"content":{"rendered":"<p><strong><span dir=\"auto\">Vgrajeni kasetni sesalnik Momo J-02 je sodobna naprava, zasnovana za stiliste nohtov. \u0160tirje u\u010dinkoviti ventilatorji in visokokakovosten kasetni filter u\u010dinkovito odstranjujejo prah, ki nastane med oblikovanjem, ter \u0161\u010ditijo dihalne poti stilista in stranke. Zahvaljujo\u010d namestitvi na delovno mizo naprava ne zavzema dodatnega delovnega prostora, kar zagotavlja udobje in ergonomijo dela.<\/span><\/strong><\/p>\n<p><span dir=\"auto\">Sesalnik <\/span><strong><span dir=\"auto\">je enostaven za uporabo in vzdr\u017eevanje<\/span><\/strong><span dir=\"auto\">, kar \u0161e izbolj\u0161a njegovo funkcionalnost. Mo\u017eno je regulirati<strong> sesalna mo\u010d<\/strong>\u00a0z uporabo potenciometra, ki vam omogo\u010da\u00a0<strong>natan\u010dna nastavitev delovanja naprave<\/strong>\u00a0trenutne potrebe po zdravljenju. Intuitivno upravljanje in skrbno izbrane funkcionalnosti\u00a0<strong>znatno izbolj\u0161a ergonomijo dela<\/strong>, kar zagotavlja udobje in u\u010dinkovitost med delom. <\/span><\/p>\n<p><span dir=\"auto\">Naprava je opremljena s kovinsko re\u0161etko in\u00a0<strong>visokokakovosten papirni filter<\/strong>\u00a0ki u\u010dinkovito lovi delce prahu in prepre\u010duje, da bi lebdeli v zraku. Redno \u010di\u0161\u010denje in menjava filtra\u00a0<strong>zagotavljajo dosledno visoko u\u010dinkovitost absorpcije prahu.<\/strong><\/span><span dir=\"auto\">\u00a0Mo\u010d sesalnika je 48 W, napetost pa 230 V. Dodatne nadomestne filtre je mogo\u010de dokupiti.\u00a0<\/span><\/p>\n<figure id=\"attachment_47286\" aria-describedby=\"caption-attachment-47286\" style=\"width: 1024px\" class=\"wp-caption aligncenter\"><a href=\"https:\/\/www.meavia-mh.hr\/wp-content\/uploads\/2026\/03\/Ugradbeni-usisavac-prasine-MOMO-J-02.webp\"><img fetchpriority=\"high\" decoding=\"async\" class=\"wp-image-47286 size-large\" src=\"https:\/\/www.meavia-mh.hr\/wp-content\/uploads\/2026\/03\/Ugradbeni-usisavac-prasine-MOMO-J-02-1024x1024.webp\" alt=\"Ugradbeni usisava\u010d pra\u0161ine MOMO J-02\" width=\"1024\" height=\"1024\" srcset=\"https:\/\/www.meavia-mh.hr\/wp-content\/uploads\/2026\/03\/Ugradbeni-usisavac-prasine-MOMO-J-02-1024x1024.webp 1024w, https:\/\/www.meavia-mh.hr\/wp-content\/uploads\/2026\/03\/Ugradbeni-usisavac-prasine-MOMO-J-02-300x300.webp 300w, https:\/\/www.meavia-mh.hr\/wp-content\/uploads\/2026\/03\/Ugradbeni-usisavac-prasine-MOMO-J-02-150x150.webp 150w, https:\/\/www.meavia-mh.hr\/wp-content\/uploads\/2026\/03\/Ugradbeni-usisavac-prasine-MOMO-J-02-768x768.webp 768w, https:\/\/www.meavia-mh.hr\/wp-content\/uploads\/2026\/03\/Ugradbeni-usisavac-prasine-MOMO-J-02-12x12.webp 12w, https:\/\/www.meavia-mh.hr\/wp-content\/uploads\/2026\/03\/Ugradbeni-usisavac-prasine-MOMO-J-02-600x600.webp 600w, https:\/\/www.meavia-mh.hr\/wp-content\/uploads\/2026\/03\/Ugradbeni-usisavac-prasine-MOMO-J-02-100x100.webp 100w, https:\/\/www.meavia-mh.hr\/wp-content\/uploads\/2026\/03\/Ugradbeni-usisavac-prasine-MOMO-J-02.webp 1200w\" sizes=\"(max-width: 1024px) 100vw, 1024px\" \/><\/a><figcaption id=\"caption-attachment-47286\" class=\"wp-caption-text\">Vgradni sesalnik MOMO J-02<\/figcaption><\/figure>\n<p><strong><span dir=\"auto\">Absorber name\u0161\u010den na vrhu kozmeti\u010dne mize<\/span><\/strong><span dir=\"auto\">\u00a0ne zavzema dragocenega delovnega prostora, kar\u00a0<\/span><strong><span dir=\"auto\">olaj\u0161a organizacijo delovne postaje<\/span><\/strong><span dir=\"auto\">\u00a0in pove\u010duje udobje dela. Minimalisti\u010dna zasnova in\u00a0<\/span><strong><span dir=\"auto\">trdna konstrukcija<\/span><\/strong><span dir=\"auto\">\u00a0Zaradi \u010desar je popoln v vsakem profesionalnem salonu za nohte. Trpe\u017eni materiali in estetski videz\u00a0<\/span><strong><span dir=\"auto\">zagotavljajo dolgotrajno in zanesljivo uporabo<\/span><\/strong><span dir=\"auto\">\u00a0. Poleg tega kovinska mre\u017ea ne le\u00a0<\/span><strong><span dir=\"auto\">za pove\u010danje odpornosti naprave<\/span><\/strong><span dir=\"auto\">, ampak hkrati poudarja njegov sodoben zna\u010daj.<\/span><\/p>\n<h6>Tehni\u010dni podatki:<\/h6>\n<ul>\n<li>Dimenzije: 27,5 cm x 40 cm x 6,5 cm<\/li>\n<li><span style=\"font-size: 16px;\"><span dir=\"auto\">Mo\u010d: 48 W<\/span><\/span><\/li>\n<li><span style=\"font-size: 16px;\"><span dir=\"auto\">Napetost: 230 V<\/span><\/span><\/li>\n<li><span style=\"font-size: 16px;\"><span dir=\"auto\">Garancija: 12 mesecev<\/span><\/span><\/li>\n<\/ul>\n<p>&nbsp;<\/p>","protected":false},"excerpt":{"rendered":"<p>Dobavni rok: 10 \u2013 15 delovnih dni.<\/p>","protected":false},"featured_media":47276,"comment_status":"closed","ping_status":"closed","template":"","meta":{"_uag_custom_page_level_css":"","site-sidebar-layout":"default","site-content-layout":"default","ast-site-content-layout":"default","site-content-style":"default","site-sidebar-style":"default","ast-global-header-display":"","ast-banner-title-visibility":"","ast-main-header-display":"","ast-hfb-above-header-display":"","ast-hfb-below-header-display":"","ast-hfb-mobile-header-display":"","site-post-title":"","ast-breadcrumbs-content":"","ast-featured-img":"","footer-sml-layout":"","ast-disable-related-posts":"","theme-transparent-header-meta":"default","adv-header-id-meta":"","stick-header-meta":"default","header-above-stick-meta":"","header-main-stick-meta":"","header-below-stick-meta":"","astra-migrate-meta-layouts":"set","ast-page-background-enabled":"default","ast-page-background-meta":{"desktop":{"background-color":"var(--ast-global-color-4)","background-image":"","background-repeat":"repeat","background-position":"center center","background-size":"auto","background-attachment":"scroll","background-type":"","background-media":"","overlay-type":"","overlay-color":"","overlay-opacity":"","overlay-gradient":""},"tablet":{"background-color":"","background-image":"","background-repeat":"repeat","background-position":"center center","background-size":"auto","background-attachment":"scroll","background-type":"","background-media":"","overlay-type":"","overlay-color":"","overlay-opacity":"","overlay-gradient":""},"mobile":{"background-color":"","background-image":"","background-repeat":"repeat","background-position":"center center","background-size":"auto","background-attachment":"scroll","background-type":"","background-media":"","overlay-type":"","overlay-color":"","overlay-opacity":"","overlay-gradient":""}},"ast-content-background-meta":{"desktop":{"background-color":"var(--ast-global-color-5)","background-image":"","background-repeat":"repeat","background-position":"center center","background-size":"auto","background-attachment":"scroll","background-type":"","background-media":"","overlay-type":"","overlay-color":"","overlay-opacity":"","overlay-gradient":""},"tablet":{"background-color":"var(--ast-global-color-5)","background-image":"","background-repeat":"repeat","background-position":"center center","background-size":"auto","background-attachment":"scroll","background-type":"","background-media":"","overlay-type":"","overlay-color":"","overlay-opacity":"","overlay-gradient":""},"mobile":{"background-color":"var(--ast-global-color-5)","background-image":"","background-repeat":"repeat","background-position":"center center","background-size":"auto","background-attachment":"scroll","background-type":"","background-media":"","overlay-type":"","overlay-color":"","overlay-opacity":"","overlay-gradient":""}}},"product_brand":[],"product_cat":[538],"product_tag":[268],"class_list":{"0":"post-47284","1":"product","2":"type-product","3":"status-publish","4":"has-post-thumbnail","6":"product_cat-usisivaci-prasine","7":"product_tag-stol-za-manikuru","8":"desktop-align-left","9":"tablet-align-left","10":"mobile-align-left","11":"ast-product-gallery-layout-horizontal-slider","12":"ast-product-tabs-layout-horizontal","14":"first","15":"onbackorder","16":"taxable","17":"shipping-taxable","18":"purchasable","19":"product-type-simple"},"yoast_head":"<!-- This site is optimized with the Yoast SEO plugin v27.4 - https:\/\/yoast.com\/product\/yoast-seo-wordpress\/ -->\n<title>Ugradbeni usisava\u010d pra\u0161ine MOMO J-02 &#8902; Mea Via Beauty<\/title>\n<meta name=\"description\" content=\"Ugradbeni usisava\u010d pra\u0161ine MOMO J-02 &#8902; usisava\u010d za manikuru &#8902; usisava\u010d za nail design &#8902; usisava\u010d pra\u0161ine &#8902; za nokte &#8902; bez pra\u0161ine prilikom manikure\" \/>\n<meta name=\"robots\" content=\"index, follow, max-snippet:-1, max-image-preview:large, max-video-preview:-1\" \/>\n<link rel=\"canonical\" href=\"https:\/\/www.meavia-mh.hr\/sl\/product\/ugradbeni-usisavac-prasine-momo-j-02\/\" \/>\n<meta property=\"og:locale\" content=\"sl_SI\" \/>\n<meta property=\"og:type\" content=\"article\" \/>\n<meta property=\"og:title\" content=\"Ugradbeni usisava\u010d pra\u0161ine MOMO J-02 &#8902; Mea Via Beauty\" \/>\n<meta property=\"og:description\" content=\"Ugradbeni usisava\u010d pra\u0161ine MOMO J-02 &#8902; usisava\u010d za manikuru &#8902; usisava\u010d za nail design &#8902; usisava\u010d pra\u0161ine &#8902; za nokte &#8902; bez pra\u0161ine prilikom manikure\" \/>\n<meta property=\"og:url\" content=\"https:\/\/www.meavia-mh.hr\/sl\/product\/ugradbeni-usisavac-prasine-momo-j-02\/\" \/>\n<meta property=\"og:site_name\" content=\"Mea Via Beauty\" \/>\n<meta property=\"article:publisher\" content=\"https:\/\/www.facebook.com\/MeaViaNailsWorld\" \/>\n<meta property=\"article:modified_time\" content=\"2026-03-10T18:24:15+00:00\" \/>\n<meta property=\"og:image\" content=\"https:\/\/www.meavia-mh.hr\/wp-content\/uploads\/2026\/03\/Stol-za-manikuru-G031-8.webp\" \/>\n\t<meta property=\"og:image:width\" content=\"1200\" \/>\n\t<meta property=\"og:image:height\" content=\"1200\" \/>\n\t<meta property=\"og:image:type\" content=\"image\/webp\" \/>\n<meta name=\"twitter:card\" content=\"summary_large_image\" \/>\n<meta name=\"twitter:label1\" content=\"Est. reading time\" \/>\n\t<meta name=\"twitter:data1\" content=\"2 minuti\" \/>\n<script type=\"application\/ld+json\" class=\"yoast-schema-graph\">{\"@context\":\"https:\\\/\\\/schema.org\",\"@graph\":[{\"@type\":\"WebPage\",\"@id\":\"https:\\\/\\\/www.meavia-mh.hr\\\/product\\\/ugradbeni-usisavac-prasine-momo-j-02\\\/\",\"url\":\"https:\\\/\\\/www.meavia-mh.hr\\\/product\\\/ugradbeni-usisavac-prasine-momo-j-02\\\/\",\"name\":\"Ugradbeni usisava\u010d pra\u0161ine MOMO J-02 &#8902; Mea Via Beauty\",\"isPartOf\":{\"@id\":\"https:\\\/\\\/meavia-mh.hr\\\/sl\\\/#website\"},\"primaryImageOfPage\":{\"@id\":\"https:\\\/\\\/www.meavia-mh.hr\\\/product\\\/ugradbeni-usisavac-prasine-momo-j-02\\\/#primaryimage\"},\"image\":{\"@id\":\"https:\\\/\\\/www.meavia-mh.hr\\\/product\\\/ugradbeni-usisavac-prasine-momo-j-02\\\/#primaryimage\"},\"thumbnailUrl\":\"https:\\\/\\\/www.meavia-mh.hr\\\/wp-content\\\/uploads\\\/2026\\\/03\\\/Stol-za-manikuru-G031-8.webp\",\"datePublished\":\"2026-03-10T17:55:29+00:00\",\"dateModified\":\"2026-03-10T18:24:15+00:00\",\"description\":\"Ugradbeni usisava\u010d pra\u0161ine MOMO J-02 &#8902; usisava\u010d za manikuru &#8902; usisava\u010d za nail design &#8902; usisava\u010d pra\u0161ine &#8902; za nokte &#8902; bez pra\u0161ine prilikom manikure\",\"breadcrumb\":{\"@id\":\"https:\\\/\\\/www.meavia-mh.hr\\\/product\\\/ugradbeni-usisavac-prasine-momo-j-02\\\/#breadcrumb\"},\"inLanguage\":\"sl-SI\",\"potentialAction\":[{\"@type\":\"ReadAction\",\"target\":[\"https:\\\/\\\/www.meavia-mh.hr\\\/product\\\/ugradbeni-usisavac-prasine-momo-j-02\\\/\"]}]},{\"@type\":\"ImageObject\",\"inLanguage\":\"sl-SI\",\"@id\":\"https:\\\/\\\/www.meavia-mh.hr\\\/product\\\/ugradbeni-usisavac-prasine-momo-j-02\\\/#primaryimage\",\"url\":\"https:\\\/\\\/www.meavia-mh.hr\\\/wp-content\\\/uploads\\\/2026\\\/03\\\/Stol-za-manikuru-G031-8.webp\",\"contentUrl\":\"https:\\\/\\\/www.meavia-mh.hr\\\/wp-content\\\/uploads\\\/2026\\\/03\\\/Stol-za-manikuru-G031-8.webp\",\"width\":1200,\"height\":1200,\"caption\":\"Ugradbeni usisava\u010d MOMO J-02\"},{\"@type\":\"BreadcrumbList\",\"@id\":\"https:\\\/\\\/www.meavia-mh.hr\\\/product\\\/ugradbeni-usisavac-prasine-momo-j-02\\\/#breadcrumb\",\"itemListElement\":[{\"@type\":\"ListItem\",\"position\":1,\"name\":\"Po\u010detna stranica\",\"item\":\"https:\\\/\\\/www.meavia-mh.hr\\\/\"},{\"@type\":\"ListItem\",\"position\":2,\"name\":\"Trgovina\",\"item\":\"https:\\\/\\\/meavia-mh.hr\\\/sl\\\/store\\\/\"},{\"@type\":\"ListItem\",\"position\":3,\"name\":\"Ugradbeni usisava\u010d pra\u0161ine MOMO J-02\"}]},{\"@type\":\"WebSite\",\"@id\":\"https:\\\/\\\/meavia-mh.hr\\\/sl\\\/#website\",\"url\":\"https:\\\/\\\/meavia-mh.hr\\\/sl\\\/\",\"name\":\"Mea Via Beauty\",\"description\":\"Only The Best For Your Beauty\",\"publisher\":{\"@id\":\"https:\\\/\\\/meavia-mh.hr\\\/sl\\\/#organization\"},\"alternateName\":\"Mea Via Nails\",\"potentialAction\":[{\"@type\":\"SearchAction\",\"target\":{\"@type\":\"EntryPoint\",\"urlTemplate\":\"https:\\\/\\\/meavia-mh.hr\\\/sl\\\/?s={search_term_string}\"},\"query-input\":{\"@type\":\"PropertyValueSpecification\",\"valueRequired\":true,\"valueName\":\"search_term_string\"}}],\"inLanguage\":\"sl-SI\"},{\"@type\":\"Organization\",\"@id\":\"https:\\\/\\\/meavia-mh.hr\\\/sl\\\/#organization\",\"name\":\"Mea Via Nails World\",\"alternateName\":\"Mea Via\",\"url\":\"https:\\\/\\\/meavia-mh.hr\\\/sl\\\/\",\"logo\":{\"@type\":\"ImageObject\",\"inLanguage\":\"sl-SI\",\"@id\":\"https:\\\/\\\/meavia-mh.hr\\\/sl\\\/#\\\/schema\\\/logo\\\/image\\\/\",\"url\":\"https:\\\/\\\/www.meavia-mh.hr\\\/wp-content\\\/uploads\\\/2020\\\/12\\\/Mea-Via.png\",\"contentUrl\":\"https:\\\/\\\/www.meavia-mh.hr\\\/wp-content\\\/uploads\\\/2020\\\/12\\\/Mea-Via.png\",\"width\":1181,\"height\":393,\"caption\":\"Mea Via Nails World\"},\"image\":{\"@id\":\"https:\\\/\\\/meavia-mh.hr\\\/sl\\\/#\\\/schema\\\/logo\\\/image\\\/\"},\"sameAs\":[\"https:\\\/\\\/www.facebook.com\\\/MeaViaNailsWorld\",\"https:\\\/\\\/www.instagram.com\\\/mea_via_nails_world\\\/\",\"https:\\\/\\\/www.youtube.com\\\/channel\\\/UCECk0hpRWP6TN-EfA4ER96g\\\/featured\"]}]}<\/script>\n<!-- \/ Yoast SEO plugin. -->","yoast_head_json":{"title":"Vgradni sesalnik MOMO J-02 \u22c6 Mea Via Beauty","description":"Vgrajen sesalnik za prah MOMO J-02 \u22c6 sesalnik za manikuro \u22c6 sesalnik za oblikovanje nohtov \u22c6 sesalnik za prah \u22c6 za nohte \u22c6 brez prahu med manikuro","robots":{"index":"index","follow":"follow","max-snippet":"max-snippet:-1","max-image-preview":"max-image-preview:large","max-video-preview":"max-video-preview:-1"},"canonical":"https:\/\/www.meavia-mh.hr\/sl\/product\/ugradbeni-usisavac-prasine-momo-j-02\/","og_locale":"sl_SI","og_type":"article","og_title":"Ugradbeni usisava\u010d pra\u0161ine MOMO J-02 &#8902; Mea Via Beauty","og_description":"Ugradbeni usisava\u010d pra\u0161ine MOMO J-02 &#8902; usisava\u010d za manikuru &#8902; usisava\u010d za nail design &#8902; usisava\u010d pra\u0161ine &#8902; za nokte &#8902; bez pra\u0161ine prilikom manikure","og_url":"https:\/\/www.meavia-mh.hr\/sl\/product\/ugradbeni-usisavac-prasine-momo-j-02\/","og_site_name":"Mea Via Beauty","article_publisher":"https:\/\/www.facebook.com\/MeaViaNailsWorld","article_modified_time":"2026-03-10T18:24:15+00:00","og_image":[{"width":1200,"height":1200,"url":"https:\/\/www.meavia-mh.hr\/wp-content\/uploads\/2026\/03\/Stol-za-manikuru-G031-8.webp","type":"image\/webp"}],"twitter_card":"summary_large_image","twitter_misc":{"Est. reading time":"2 minuti"},"schema":{"@context":"https:\/\/schema.org","@graph":[{"@type":"WebPage","@id":"https:\/\/www.meavia-mh.hr\/product\/ugradbeni-usisavac-prasine-momo-j-02\/","url":"https:\/\/www.meavia-mh.hr\/product\/ugradbeni-usisavac-prasine-momo-j-02\/","name":"Vgradni sesalnik MOMO J-02 \u22c6 Mea Via Beauty","isPartOf":{"@id":"https:\/\/meavia-mh.hr\/sl\/#website"},"primaryImageOfPage":{"@id":"https:\/\/www.meavia-mh.hr\/product\/ugradbeni-usisavac-prasine-momo-j-02\/#primaryimage"},"image":{"@id":"https:\/\/www.meavia-mh.hr\/product\/ugradbeni-usisavac-prasine-momo-j-02\/#primaryimage"},"thumbnailUrl":"https:\/\/www.meavia-mh.hr\/wp-content\/uploads\/2026\/03\/Stol-za-manikuru-G031-8.webp","datePublished":"2026-03-10T17:55:29+00:00","dateModified":"2026-03-10T18:24:15+00:00","description":"Vgrajen sesalnik za prah MOMO J-02 \u22c6 sesalnik za manikuro \u22c6 sesalnik za oblikovanje nohtov \u22c6 sesalnik za prah \u22c6 za nohte \u22c6 brez prahu med manikuro","breadcrumb":{"@id":"https:\/\/www.meavia-mh.hr\/product\/ugradbeni-usisavac-prasine-momo-j-02\/#breadcrumb"},"inLanguage":"sl-SI","potentialAction":[{"@type":"ReadAction","target":["https:\/\/www.meavia-mh.hr\/product\/ugradbeni-usisavac-prasine-momo-j-02\/"]}]},{"@type":"ImageObject","inLanguage":"sl-SI","@id":"https:\/\/www.meavia-mh.hr\/product\/ugradbeni-usisavac-prasine-momo-j-02\/#primaryimage","url":"https:\/\/www.meavia-mh.hr\/wp-content\/uploads\/2026\/03\/Stol-za-manikuru-G031-8.webp","contentUrl":"https:\/\/www.meavia-mh.hr\/wp-content\/uploads\/2026\/03\/Stol-za-manikuru-G031-8.webp","width":1200,"height":1200,"caption":"Ugradbeni usisava\u010d MOMO J-02"},{"@type":"BreadcrumbList","@id":"https:\/\/www.meavia-mh.hr\/product\/ugradbeni-usisavac-prasine-momo-j-02\/#breadcrumb","itemListElement":[{"@type":"ListItem","position":1,"name":"Po\u010detna stranica","item":"https:\/\/www.meavia-mh.hr\/"},{"@type":"ListItem","position":2,"name":"Trgovina","item":"https:\/\/meavia-mh.hr\/sl\/store\/"},{"@type":"ListItem","position":3,"name":"Ugradbeni usisava\u010d pra\u0161ine MOMO J-02"}]},{"@type":"WebSite","@id":"https:\/\/meavia-mh.hr\/sl\/#website","url":"https:\/\/meavia-mh.hr\/sl\/","name":"MEA VIA BEAUTY","description":"Only The Best For Your Beauty","publisher":{"@id":"https:\/\/meavia-mh.hr\/sl\/#organization"},"alternateName":"Mea Via Nails","potentialAction":[{"@type":"SearchAction","target":{"@type":"EntryPoint","urlTemplate":"https:\/\/meavia-mh.hr\/sl\/?s={search_term_string}"},"query-input":{"@type":"PropertyValueSpecification","valueRequired":true,"valueName":"search_term_string"}}],"inLanguage":"sl-SI"},{"@type":"Organization","@id":"https:\/\/meavia-mh.hr\/sl\/#organization","name":"Mea Via Nails World","alternateName":"Mea Via","url":"https:\/\/meavia-mh.hr\/sl\/","logo":{"@type":"ImageObject","inLanguage":"sl-SI","@id":"https:\/\/meavia-mh.hr\/sl\/#\/schema\/logo\/image\/","url":"https:\/\/www.meavia-mh.hr\/wp-content\/uploads\/2020\/12\/Mea-Via.png","contentUrl":"https:\/\/www.meavia-mh.hr\/wp-content\/uploads\/2020\/12\/Mea-Via.png","width":1181,"height":393,"caption":"Mea Via Nails World"},"image":{"@id":"https:\/\/meavia-mh.hr\/sl\/#\/schema\/logo\/image\/"},"sameAs":["https:\/\/www.facebook.com\/MeaViaNailsWorld","https:\/\/www.instagram.com\/mea_via_nails_world\/","https:\/\/www.youtube.com\/channel\/UCECk0hpRWP6TN-EfA4ER96g\/featured"]}]}},"spectra_custom_meta":{"_sku":["130993"],"_regular_price":["356"],"total_sales":["0"],"_tax_status":["taxable"],"_tax_class":[""],"_manage_stock":["yes"],"_backorders":["notify"],"_sold_individually":["no"],"_weight":["3.30"],"_purchase_note":["Vrijeme isporuke: 10 - 15 radnih dana."],"_virtual":["no"],"_downloadable":["no"],"_product_image_gallery":["47276,47279,47269,47277,47275,47274,47273,47272,47271,47270"],"_download_limit":["-1"],"_download_expiry":["-1"],"_thumbnail_id":["47276"],"_stock":["0"],"_stock_status":["onbackorder"],"_wc_average_rating":["0"],"_wc_review_count":["0"],"_product_version":["10.5.3"],"_price":["356"],"_wp_page_template":["default"],"_yoast_wpseo_focuskw":["ugradbeni usisava\u010d"],"_yoast_wpseo_metadesc":["%%title%% %%sep%% usisava\u010d za manikuru %%sep%% usisava\u010d za nail design %%sep%% usisava\u010d pra\u0161ine %%sep%% za nokte %%sep%% bez pra\u0161ine prilikom manikure"],"_yoast_wpseo_linkdex":["89"],"_yoast_wpseo_content_score":["90"],"_yoast_wpseo_estimated-reading-time-minutes":["2"],"cartflows_redirect_flow_id":[""],"cartflows_add_to_cart_text":[""],"_woocs_price_geo_countries":[""],"_woocs_regular_price_geo":[""],"_woocs_sale_price_geo":[""],"site-sidebar-layout":["default"],"site-content-layout":["default"],"theme-transparent-header-meta":["default"],"stick-header-meta":["default"],"_yoast_wpseo_primary_product_cat":["538"],"_woocs_regular_price_EUR":["49.77"],"_woocs_sale_price_EUR":["-1"],"_yoast_wpseo_wordproof_timestamp":[""],"_lowest_price_30_days":["49.77"],"uag_migration_processed":["1"],"_last_change_time":["1773167055"],"ast-site-content-layout":["default"],"site-content-style":["default"],"site-sidebar-style":["default"],"_yoast_wpseo_primary_product_brand":[""],"_wc_facebook_sync_enabled_v2":["yes"],"fb_visibility":["yes"],"fb_product_description":[""],"fb_rich_text_description":[""],"_wc_facebook_product_image_source":["product"],"fb_product_video":["a:0:{}"],"fb_brand":[""],"fb_mpn":[""],"fb_size":[""],"fb_color":[""],"fb_material":[""],"fb_pattern":[""],"fb_age_group":[""],"fb_gender":[""],"fb_product_condition":[""],"_wc_facebook_enhanced_catalog_attributes_capacity":[""],"_wc_facebook_enhanced_catalog_attributes_ingredients":[""],"_wc_facebook_enhanced_catalog_attributes_additional_features":[""],"_wc_facebook_enhanced_catalog_attributes_power_type":[""],"_wc_facebook_enhanced_catalog_attributes_stop_use_indications":[""],"_wc_facebook_enhanced_catalog_attributes_standard_features":[""],"_wc_facebook_enhanced_catalog_attributes_spf_value":[""],"_wc_facebook_enhanced_catalog_attributes_skin_type":[""],"_wc_facebook_enhanced_catalog_attributes_skin_tone":[""],"_wc_facebook_enhanced_catalog_attributes_skin_care_concern":[""],"_wc_facebook_enhanced_catalog_attributes_scent":[""],"_wc_facebook_enhanced_catalog_attributes_result_time":[""],"_wc_facebook_enhanced_catalog_attributes_product_form":[""],"_wc_facebook_enhanced_catalog_attributes_keywords":[""],"_wc_facebook_enhanced_catalog_attributes_is_powered":[""],"_wc_facebook_enhanced_catalog_attributes_instructions":[""],"_wc_facebook_enhanced_catalog_attributes_inactive_ingredients":[""],"_wc_facebook_enhanced_catalog_attributes_health_concern":[""],"_wc_facebook_enhanced_catalog_attributes_hair_type":[""],"_wc_facebook_enhanced_catalog_attributes_care_instructions":[""],"_wc_facebook_enhanced_catalog_attributes_body_part":[""],"_wc_facebook_enhanced_catalog_attributes_batteries_required":[""],"_wc_facebook_enhanced_catalog_attributes_wig_cap_type":[""],"_wc_facebook_google_product_category":["478"],"_edit_lock":["1773166964:1239"],"_edit_last":["1239"],"_global_unique_id":["5906717430657"],"astra-migrate-meta-layouts":["set"],"_elementor_page_assets":["a:0:{}"],"_uag_page_assets":["a:9:{s:3:\"css\";s:0:\"\";s:2:\"js\";s:0:\"\";s:18:\"current_block_list\";a:3:{i:0;s:11:\"core\/search\";i:1;s:18:\"core\/legacy-widget\";i:2;s:27:\"woocommerce\/product-filters\";}s:8:\"uag_flag\";b:0;s:11:\"uag_version\";s:10:\"1776341704\";s:6:\"gfonts\";a:0:{}s:10:\"gfonts_url\";s:0:\"\";s:12:\"gfonts_files\";a:0:{}s:14:\"uag_faq_layout\";b:0;}"]},"uagb_featured_image_src":{"full":["https:\/\/www.meavia-mh.hr\/wp-content\/uploads\/2026\/03\/Stol-za-manikuru-G031-8.webp",1200,1200,false],"thumbnail":["https:\/\/www.meavia-mh.hr\/wp-content\/uploads\/2026\/03\/Stol-za-manikuru-G031-8-150x150.webp",150,150,true],"medium":["https:\/\/www.meavia-mh.hr\/wp-content\/uploads\/2026\/03\/Stol-za-manikuru-G031-8-300x300.webp",300,300,true],"medium_large":["https:\/\/www.meavia-mh.hr\/wp-content\/uploads\/2026\/03\/Stol-za-manikuru-G031-8-768x768.webp",768,768,true],"large":["https:\/\/www.meavia-mh.hr\/wp-content\/uploads\/2026\/03\/Stol-za-manikuru-G031-8-1024x1024.webp",1024,1024,true],"1536x1536":["https:\/\/www.meavia-mh.hr\/wp-content\/uploads\/2026\/03\/Stol-za-manikuru-G031-8.webp",1200,1200,false],"2048x2048":["https:\/\/www.meavia-mh.hr\/wp-content\/uploads\/2026\/03\/Stol-za-manikuru-G031-8.webp",1200,1200,false],"trp-custom-language-flag":["https:\/\/www.meavia-mh.hr\/wp-content\/uploads\/2026\/03\/Stol-za-manikuru-G031-8-12x12.webp",12,12,true],"woocommerce_thumbnail":["https:\/\/www.meavia-mh.hr\/wp-content\/uploads\/2026\/03\/Stol-za-manikuru-G031-8-300x300.webp",300,300,true],"woocommerce_single":["https:\/\/www.meavia-mh.hr\/wp-content\/uploads\/2026\/03\/Stol-za-manikuru-G031-8-600x600.webp",600,600,true],"woocommerce_gallery_thumbnail":["https:\/\/www.meavia-mh.hr\/wp-content\/uploads\/2026\/03\/Stol-za-manikuru-G031-8-100x100.webp",100,100,true]},"uagb_author_info":{"display_name":"Zla Gol","author_link":"https:\/\/www.meavia-mh.hr\/sl\/author\/"},"uagb_comment_info":0,"uagb_excerpt":"Vrijeme isporuke: 10 - 15 radnih dana.","_links":{"self":[{"href":"https:\/\/www.meavia-mh.hr\/sl\/wp-json\/wp\/v2\/product\/47284","targetHints":{"allow":["GET"]}}],"collection":[{"href":"https:\/\/www.meavia-mh.hr\/sl\/wp-json\/wp\/v2\/product"}],"about":[{"href":"https:\/\/www.meavia-mh.hr\/sl\/wp-json\/wp\/v2\/types\/product"}],"replies":[{"embeddable":true,"href":"https:\/\/www.meavia-mh.hr\/sl\/wp-json\/wp\/v2\/comments?post=47284"}],"version-history":[{"count":1,"href":"https:\/\/www.meavia-mh.hr\/sl\/wp-json\/wp\/v2\/product\/47284\/revisions"}],"predecessor-version":[{"id":47287,"href":"https:\/\/www.meavia-mh.hr\/sl\/wp-json\/wp\/v2\/product\/47284\/revisions\/47287"}],"wp:featuredmedia":[{"embeddable":true,"href":"https:\/\/www.meavia-mh.hr\/sl\/wp-json\/wp\/v2\/media\/47276"}],"wp:attachment":[{"href":"https:\/\/www.meavia-mh.hr\/sl\/wp-json\/wp\/v2\/media?parent=47284"}],"wp:term":[{"taxonomy":"product_brand","embeddable":true,"href":"https:\/\/www.meavia-mh.hr\/sl\/wp-json\/wp\/v2\/product_brand?post=47284"},{"taxonomy":"product_cat","embeddable":true,"href":"https:\/\/www.meavia-mh.hr\/sl\/wp-json\/wp\/v2\/product_cat?post=47284"},{"taxonomy":"product_tag","embeddable":true,"href":"https:\/\/www.meavia-mh.hr\/sl\/wp-json\/wp\/v2\/product_tag?post=47284"}],"curies":[{"name":"delovni list","href":"https:\/\/api.w.org\/{rel}","templated":true}]}}