{"id":4726,"date":"2021-01-09T09:34:29","date_gmt":"2021-01-09T09:34:29","guid":{"rendered":"https:\/\/www.meavia-mh.hr\/?post_type=product&#038;p=4726"},"modified":"2025-09-20T20:05:44","modified_gmt":"2025-09-20T18:05:44","slug":"palu-argan-sol-za-kupku-stopala-8-600-g","status":"publish","type":"product","link":"https:\/\/www.meavia-mh.hr\/sl\/product\/palu-argan-sol-za-kupku-stopala-8-600-g\/","title":{"rendered":"PALU Arganova sol za kopeli za noge 8 - 600 g"},"content":{"rendered":"<p>Sol za kopeli PALU Argan je sol za kopeli za noge z arganovim prahom.\u00a0<strong>Argan<\/strong> (<em>Argania spinosa<\/em>) pomlajuje, \u010disti in intenzivno neguje ko\u017eo stopal, tako da so svilnato gladke.\u00a0<span style=\"font-size: 16px;font-style: normal\">Argan vsebuje zelo velike koli\u010dine nenasi\u010denih ma\u0161\u010dobnih kislin, vklju\u010dno z linolno kislino, ki ko\u017eo \u0161\u010diti in obnavlja. Ma\u0161\u010dobne kisline spodbujajo tudi medceli\u010dno oksigenacijo, kar pomaga obnoviti osnovno ravnovesje vode in lipidov v hidrolipidni plasti ko\u017ee. To prepre\u010duje, da bi se ko\u017ea izsu\u0161ila in izgubila elasti\u010dnost, kar pomeni\u00a0<\/span>prepre\u010devanje gub<span style=\"font-size: 16px;font-style: normal\">, ko\u017ea pa postane bolj mehka in napeta. Argan blagodejno vpliva na regeneracijo hidrolipidne plasti ko\u017ee, pove\u010duje dele\u017e hranil v ko\u017enih celicah, spodbuja medceli\u010dno oksigenacijo, nevtralizira \u0161kodljive proste radikale in \u0161\u010diti vezivno tkivo.<\/span><\/p>\n<p><span style=\"font-size: 16px;font-style: normal;text-align: justify\">Arganov les (<\/span><span style=\"font-size: 16px;font-style: italic;text-align: justify\">Argania spinosa<\/span><span style=\"font-size: 16px;font-style: normal;text-align: justify\">) raste le v jugozahodnem delu Maroka, njegove zdravilne lastnosti pa so znane \u017ee v starih \u010dasih. Dobro prena\u0161a su\u0161o, odporen je na visoke temperature in \u010de umre, lahko po 7 letih o\u017eivi. Iz tega razloga simbolizira potrpljenje in vzdr\u017eljivost, Berberi pa mu pravijo &quot;drevo \u017eivljenja&quot;.<\/span><\/p>\n<p>Sol za kopeli PALU Argan odli\u010dno pripravi stopala na pedikuro.<\/p>\n<p><span style=\"font-size: 16px;font-style: normal\">Izdelek je namenjen samo profesionalni uporabi.<\/span><\/p>\n<p>Po zdravljenju priporo\u010damo uporabo <a href=\"https:\/\/www.meavia-mh.hr\/sl\/product\/palu-maska-%e2%80%8b%e2%80%8bza-stopala-30-urea-9-200-ml\/\">PALU maska \u200b\u200bza noge 30% Urea.<\/a><\/p>\n<h6><strong>KAKO UPORABITI:<\/strong><\/h6>\n<p>2-3 \u017elice soli raztopite v 3 litrih tople vode. Noge namakajte 10-15 minut. Uporaba soli v kombinaciji z drugimi izdelki iz linije pove\u010da absorpcijo aktivnih snovi in pove\u010da u\u010dinek izdelka.<\/p>\n<h6>Vsebina: 600 g<\/h6>\n<h6><strong>Sestava:<\/strong><\/h6>\n<p>Natrijev klorid, betain, kokamidopropil betain, Aqua, tokoferol, koko-glukozid, gliceril oleat, lavril glukozid, pra\u0161ek lupine Argania Spinosa, citronska kislina, hidrogenirani palmovi gliceridi citrat, parfum, CI 19140, CI 147<\/p>","protected":false},"excerpt":{"rendered":"<p><img decoding=\"async\" class=\"alignnone wp-image-1574 size-thumbnail\" src=\"https:\/\/www.meavia-mh.hr\/wp-content\/uploads\/2020\/12\/palu-dermatologically-tested-150x150.png\" alt=\"palu dermatologically tested\" width=\"150\" height=\"150\" srcset=\"https:\/\/www.meavia-mh.hr\/wp-content\/uploads\/2020\/12\/palu-dermatologically-tested-150x150.png 150w, https:\/\/www.meavia-mh.hr\/wp-content\/uploads\/2020\/12\/palu-dermatologically-tested-100x100.png 100w, https:\/\/www.meavia-mh.hr\/wp-content\/uploads\/2020\/12\/palu-dermatologically-tested.png 252w\" sizes=\"(max-width: 150px) 100vw, 150px\" \/><\/p>","protected":false},"featured_media":4727,"comment_status":"open","ping_status":"closed","template":"","meta":{"_uag_custom_page_level_css":"","site-sidebar-layout":"default","site-content-layout":"default","ast-site-content-layout":"default","site-content-style":"default","site-sidebar-style":"default","ast-global-header-display":"","ast-banner-title-visibility":"","ast-main-header-display":"","ast-hfb-above-header-display":"","ast-hfb-below-header-display":"","ast-hfb-mobile-header-display":"","site-post-title":"","ast-breadcrumbs-content":"","ast-featured-img":"","footer-sml-layout":"","ast-disable-related-posts":"","theme-transparent-header-meta":"default","adv-header-id-meta":"","stick-header-meta":"default","header-above-stick-meta":"","header-main-stick-meta":"","header-below-stick-meta":"","astra-migrate-meta-layouts":"default","ast-page-background-enabled":"default","ast-page-background-meta":{"desktop":{"background-color":"var(--ast-global-color-4)","background-image":"","background-repeat":"repeat","background-position":"center center","background-size":"auto","background-attachment":"scroll","background-type":"","background-media":"","overlay-type":"","overlay-color":"","overlay-opacity":"","overlay-gradient":""},"tablet":{"background-color":"","background-image":"","background-repeat":"repeat","background-position":"center center","background-size":"auto","background-attachment":"scroll","background-type":"","background-media":"","overlay-type":"","overlay-color":"","overlay-opacity":"","overlay-gradient":""},"mobile":{"background-color":"","background-image":"","background-repeat":"repeat","background-position":"center center","background-size":"auto","background-attachment":"scroll","background-type":"","background-media":"","overlay-type":"","overlay-color":"","overlay-opacity":"","overlay-gradient":""}},"ast-content-background-meta":{"desktop":{"background-color":"var(--ast-global-color-5)","background-image":"","background-repeat":"repeat","background-position":"center center","background-size":"auto","background-attachment":"scroll","background-type":"","background-media":"","overlay-type":"","overlay-color":"","overlay-opacity":"","overlay-gradient":""},"tablet":{"background-color":"var(--ast-global-color-5)","background-image":"","background-repeat":"repeat","background-position":"center center","background-size":"auto","background-attachment":"scroll","background-type":"","background-media":"","overlay-type":"","overlay-color":"","overlay-opacity":"","overlay-gradient":""},"mobile":{"background-color":"var(--ast-global-color-5)","background-image":"","background-repeat":"repeat","background-position":"center center","background-size":"auto","background-attachment":"scroll","background-type":"","background-media":"","overlay-type":"","overlay-color":"","overlay-opacity":"","overlay-gradient":""}}},"product_brand":[606],"product_cat":[118,27],"product_tag":[227,226],"class_list":{"0":"post-4726","1":"product","2":"type-product","3":"status-publish","4":"has-post-thumbnail","6":"product_brand-palu","7":"product_cat-njegu-ruku-i-nogu","8":"product_cat-palu","9":"product_tag-njega-stopala","10":"product_tag-pedikura","11":"desktop-align-left","12":"tablet-align-left","13":"mobile-align-left","14":"ast-product-gallery-layout-horizontal-slider","15":"ast-product-gallery-with-no-image","16":"ast-product-tabs-layout-horizontal","18":"first","19":"outofstock","20":"taxable","21":"shipping-taxable","22":"purchasable","23":"product-type-simple"},"yoast_head":"<!-- This site is optimized with the Yoast SEO plugin v27.3 - https:\/\/yoast.com\/product\/yoast-seo-wordpress\/ -->\n<title>PALU Argan sol za kupku stopala 8 - 600 g &#8902; Mea Via Beauty<\/title>\n<meta name=\"description\" content=\"PALU Argan sol za kupku stopala 8 - 600 g &#8902; savr\u0161ena priprema za pedukuru stopala &#8902; regenerira ko\u017eu, \u010dine\u0107i je mek\u0161om i svilenkastijom\" \/>\n<meta name=\"robots\" content=\"index, follow, max-snippet:-1, max-image-preview:large, max-video-preview:-1\" \/>\n<link rel=\"canonical\" href=\"https:\/\/www.meavia-mh.hr\/sl\/product\/palu-argan-sol-za-kupku-stopala-8-600-g\/\" \/>\n<meta property=\"og:locale\" content=\"sl_SI\" \/>\n<meta property=\"og:type\" content=\"article\" \/>\n<meta property=\"og:title\" content=\"PALU Argan sol za kupku stopala 8 - 600 g &#8902; Mea Via Beauty\" \/>\n<meta property=\"og:description\" content=\"PALU Argan sol za kupku stopala 8 - 600 g &#8902; savr\u0161ena priprema za pedukuru stopala &#8902; regenerira ko\u017eu, \u010dine\u0107i je mek\u0161om i svilenkastijom\" \/>\n<meta property=\"og:url\" content=\"https:\/\/www.meavia-mh.hr\/sl\/product\/palu-argan-sol-za-kupku-stopala-8-600-g\/\" \/>\n<meta property=\"og:site_name\" content=\"Mea Via Beauty\" \/>\n<meta property=\"article:publisher\" content=\"https:\/\/www.facebook.com\/MeaViaNailsWorld\" \/>\n<meta property=\"article:modified_time\" content=\"2025-09-20T18:05:44+00:00\" \/>\n<meta property=\"og:image\" content=\"https:\/\/www.meavia-mh.hr\/wp-content\/uploads\/2021\/01\/PALU-Argan-sol-za-kupku-stopala-8-600-g.jpg\" \/>\n\t<meta property=\"og:image:width\" content=\"1322\" \/>\n\t<meta property=\"og:image:height\" content=\"1328\" \/>\n\t<meta property=\"og:image:type\" content=\"image\/jpeg\" \/>\n<meta name=\"twitter:card\" content=\"summary_large_image\" \/>\n<meta name=\"twitter:label1\" content=\"Est. reading time\" \/>\n\t<meta name=\"twitter:data1\" content=\"1 minuta\" \/>\n<script type=\"application\/ld+json\" class=\"yoast-schema-graph\">{\"@context\":\"https:\\\/\\\/schema.org\",\"@graph\":[{\"@type\":\"WebPage\",\"@id\":\"https:\\\/\\\/www.meavia-mh.hr\\\/product\\\/palu-argan-sol-za-kupku-stopala-8-600-g\\\/\",\"url\":\"https:\\\/\\\/www.meavia-mh.hr\\\/product\\\/palu-argan-sol-za-kupku-stopala-8-600-g\\\/\",\"name\":\"PALU Argan sol za kupku stopala 8 - 600 g &#8902; Mea Via Beauty\",\"isPartOf\":{\"@id\":\"https:\\\/\\\/meavia-mh.hr\\\/sl\\\/#website\"},\"primaryImageOfPage\":{\"@id\":\"https:\\\/\\\/www.meavia-mh.hr\\\/product\\\/palu-argan-sol-za-kupku-stopala-8-600-g\\\/#primaryimage\"},\"image\":{\"@id\":\"https:\\\/\\\/www.meavia-mh.hr\\\/product\\\/palu-argan-sol-za-kupku-stopala-8-600-g\\\/#primaryimage\"},\"thumbnailUrl\":\"https:\\\/\\\/www.meavia-mh.hr\\\/wp-content\\\/uploads\\\/2021\\\/01\\\/PALU-Argan-sol-za-kupku-stopala-8-600-g.jpg\",\"datePublished\":\"2021-01-09T09:34:29+00:00\",\"dateModified\":\"2025-09-20T18:05:44+00:00\",\"description\":\"PALU Argan sol za kupku stopala 8 - 600 g &#8902; savr\u0161ena priprema za pedukuru stopala &#8902; regenerira ko\u017eu, \u010dine\u0107i je mek\u0161om i svilenkastijom\",\"breadcrumb\":{\"@id\":\"https:\\\/\\\/www.meavia-mh.hr\\\/product\\\/palu-argan-sol-za-kupku-stopala-8-600-g\\\/#breadcrumb\"},\"inLanguage\":\"sl-SI\",\"potentialAction\":[{\"@type\":\"ReadAction\",\"target\":[\"https:\\\/\\\/www.meavia-mh.hr\\\/product\\\/palu-argan-sol-za-kupku-stopala-8-600-g\\\/\"]}]},{\"@type\":\"ImageObject\",\"inLanguage\":\"sl-SI\",\"@id\":\"https:\\\/\\\/www.meavia-mh.hr\\\/product\\\/palu-argan-sol-za-kupku-stopala-8-600-g\\\/#primaryimage\",\"url\":\"https:\\\/\\\/www.meavia-mh.hr\\\/wp-content\\\/uploads\\\/2021\\\/01\\\/PALU-Argan-sol-za-kupku-stopala-8-600-g.jpg\",\"contentUrl\":\"https:\\\/\\\/www.meavia-mh.hr\\\/wp-content\\\/uploads\\\/2021\\\/01\\\/PALU-Argan-sol-za-kupku-stopala-8-600-g.jpg\",\"width\":1322,\"height\":1328,\"caption\":\"PALU Argan sol za kupku stopala 8 - 600 g\"},{\"@type\":\"BreadcrumbList\",\"@id\":\"https:\\\/\\\/www.meavia-mh.hr\\\/product\\\/palu-argan-sol-za-kupku-stopala-8-600-g\\\/#breadcrumb\",\"itemListElement\":[{\"@type\":\"ListItem\",\"position\":1,\"name\":\"Po\u010detna stranica\",\"item\":\"https:\\\/\\\/www.meavia-mh.hr\\\/\"},{\"@type\":\"ListItem\",\"position\":2,\"name\":\"Trgovina\",\"item\":\"https:\\\/\\\/meavia-mh.hr\\\/sl\\\/store\\\/\"},{\"@type\":\"ListItem\",\"position\":3,\"name\":\"PALU Argan sol za kupku stopala 8 &#8211; 600 g\"}]},{\"@type\":\"WebSite\",\"@id\":\"https:\\\/\\\/meavia-mh.hr\\\/sl\\\/#website\",\"url\":\"https:\\\/\\\/meavia-mh.hr\\\/sl\\\/\",\"name\":\"Mea Via Beauty\",\"description\":\"Only The Best For Your Beauty\",\"publisher\":{\"@id\":\"https:\\\/\\\/meavia-mh.hr\\\/sl\\\/#organization\"},\"alternateName\":\"Mea Via Nails\",\"potentialAction\":[{\"@type\":\"SearchAction\",\"target\":{\"@type\":\"EntryPoint\",\"urlTemplate\":\"https:\\\/\\\/meavia-mh.hr\\\/sl\\\/?s={search_term_string}\"},\"query-input\":{\"@type\":\"PropertyValueSpecification\",\"valueRequired\":true,\"valueName\":\"search_term_string\"}}],\"inLanguage\":\"sl-SI\"},{\"@type\":\"Organization\",\"@id\":\"https:\\\/\\\/meavia-mh.hr\\\/sl\\\/#organization\",\"name\":\"Mea Via Nails World\",\"alternateName\":\"Mea Via\",\"url\":\"https:\\\/\\\/meavia-mh.hr\\\/sl\\\/\",\"logo\":{\"@type\":\"ImageObject\",\"inLanguage\":\"sl-SI\",\"@id\":\"https:\\\/\\\/meavia-mh.hr\\\/sl\\\/#\\\/schema\\\/logo\\\/image\\\/\",\"url\":\"https:\\\/\\\/www.meavia-mh.hr\\\/wp-content\\\/uploads\\\/2020\\\/12\\\/Mea-Via.png\",\"contentUrl\":\"https:\\\/\\\/www.meavia-mh.hr\\\/wp-content\\\/uploads\\\/2020\\\/12\\\/Mea-Via.png\",\"width\":1181,\"height\":393,\"caption\":\"Mea Via Nails World\"},\"image\":{\"@id\":\"https:\\\/\\\/meavia-mh.hr\\\/sl\\\/#\\\/schema\\\/logo\\\/image\\\/\"},\"sameAs\":[\"https:\\\/\\\/www.facebook.com\\\/MeaViaNailsWorld\",\"https:\\\/\\\/www.instagram.com\\\/mea_via_nails_world\\\/\",\"https:\\\/\\\/www.youtube.com\\\/channel\\\/UCECk0hpRWP6TN-EfA4ER96g\\\/featured\"]}]}<\/script>\n<!-- \/ Yoast SEO plugin. -->","yoast_head_json":{"title":"PALU Arganova sol za kopel stopal 8 - 600 g \u22c6 Mea Via Beauty","description":"PALU Arganova sol za kopel za noge 8 - 600 g \u22c6 odli\u010dna priprava na pedikuro stopal \u22c6 regenerira ko\u017eo, zaradi \u010desar je mehkej\u0161a in svilnata","robots":{"index":"index","follow":"follow","max-snippet":"max-snippet:-1","max-image-preview":"max-image-preview:large","max-video-preview":"max-video-preview:-1"},"canonical":"https:\/\/www.meavia-mh.hr\/sl\/product\/palu-argan-sol-za-kupku-stopala-8-600-g\/","og_locale":"sl_SI","og_type":"article","og_title":"PALU Argan sol za kupku stopala 8 - 600 g &#8902; Mea Via Beauty","og_description":"PALU Argan sol za kupku stopala 8 - 600 g &#8902; savr\u0161ena priprema za pedukuru stopala &#8902; regenerira ko\u017eu, \u010dine\u0107i je mek\u0161om i svilenkastijom","og_url":"https:\/\/www.meavia-mh.hr\/sl\/product\/palu-argan-sol-za-kupku-stopala-8-600-g\/","og_site_name":"Mea Via Beauty","article_publisher":"https:\/\/www.facebook.com\/MeaViaNailsWorld","article_modified_time":"2025-09-20T18:05:44+00:00","og_image":[{"width":1322,"height":1328,"url":"https:\/\/www.meavia-mh.hr\/wp-content\/uploads\/2021\/01\/PALU-Argan-sol-za-kupku-stopala-8-600-g.jpg","type":"image\/jpeg"}],"twitter_card":"summary_large_image","twitter_misc":{"Est. reading time":"1 minuta"},"schema":{"@context":"https:\/\/schema.org","@graph":[{"@type":"WebPage","@id":"https:\/\/www.meavia-mh.hr\/product\/palu-argan-sol-za-kupku-stopala-8-600-g\/","url":"https:\/\/www.meavia-mh.hr\/product\/palu-argan-sol-za-kupku-stopala-8-600-g\/","name":"PALU Arganova sol za kopel stopal 8 - 600 g \u22c6 Mea Via Beauty","isPartOf":{"@id":"https:\/\/meavia-mh.hr\/sl\/#website"},"primaryImageOfPage":{"@id":"https:\/\/www.meavia-mh.hr\/product\/palu-argan-sol-za-kupku-stopala-8-600-g\/#primaryimage"},"image":{"@id":"https:\/\/www.meavia-mh.hr\/product\/palu-argan-sol-za-kupku-stopala-8-600-g\/#primaryimage"},"thumbnailUrl":"https:\/\/www.meavia-mh.hr\/wp-content\/uploads\/2021\/01\/PALU-Argan-sol-za-kupku-stopala-8-600-g.jpg","datePublished":"2021-01-09T09:34:29+00:00","dateModified":"2025-09-20T18:05:44+00:00","description":"PALU Arganova sol za kopel za noge 8 - 600 g \u22c6 odli\u010dna priprava na pedikuro stopal \u22c6 regenerira ko\u017eo, zaradi \u010desar je mehkej\u0161a in svilnata","breadcrumb":{"@id":"https:\/\/www.meavia-mh.hr\/product\/palu-argan-sol-za-kupku-stopala-8-600-g\/#breadcrumb"},"inLanguage":"sl-SI","potentialAction":[{"@type":"ReadAction","target":["https:\/\/www.meavia-mh.hr\/product\/palu-argan-sol-za-kupku-stopala-8-600-g\/"]}]},{"@type":"ImageObject","inLanguage":"sl-SI","@id":"https:\/\/www.meavia-mh.hr\/product\/palu-argan-sol-za-kupku-stopala-8-600-g\/#primaryimage","url":"https:\/\/www.meavia-mh.hr\/wp-content\/uploads\/2021\/01\/PALU-Argan-sol-za-kupku-stopala-8-600-g.jpg","contentUrl":"https:\/\/www.meavia-mh.hr\/wp-content\/uploads\/2021\/01\/PALU-Argan-sol-za-kupku-stopala-8-600-g.jpg","width":1322,"height":1328,"caption":"PALU Argan sol za kupku stopala 8 - 600 g"},{"@type":"BreadcrumbList","@id":"https:\/\/www.meavia-mh.hr\/product\/palu-argan-sol-za-kupku-stopala-8-600-g\/#breadcrumb","itemListElement":[{"@type":"ListItem","position":1,"name":"Po\u010detna stranica","item":"https:\/\/www.meavia-mh.hr\/"},{"@type":"ListItem","position":2,"name":"Trgovina","item":"https:\/\/meavia-mh.hr\/sl\/store\/"},{"@type":"ListItem","position":3,"name":"PALU Argan sol za kupku stopala 8 &#8211; 600 g"}]},{"@type":"WebSite","@id":"https:\/\/meavia-mh.hr\/sl\/#website","url":"https:\/\/meavia-mh.hr\/sl\/","name":"MEA VIA BEAUTY","description":"Only The Best For Your Beauty","publisher":{"@id":"https:\/\/meavia-mh.hr\/sl\/#organization"},"alternateName":"Mea Via Nails","potentialAction":[{"@type":"SearchAction","target":{"@type":"EntryPoint","urlTemplate":"https:\/\/meavia-mh.hr\/sl\/?s={search_term_string}"},"query-input":{"@type":"PropertyValueSpecification","valueRequired":true,"valueName":"search_term_string"}}],"inLanguage":"sl-SI"},{"@type":"Organization","@id":"https:\/\/meavia-mh.hr\/sl\/#organization","name":"Mea Via Nails World","alternateName":"Mea Via","url":"https:\/\/meavia-mh.hr\/sl\/","logo":{"@type":"ImageObject","inLanguage":"sl-SI","@id":"https:\/\/meavia-mh.hr\/sl\/#\/schema\/logo\/image\/","url":"https:\/\/www.meavia-mh.hr\/wp-content\/uploads\/2020\/12\/Mea-Via.png","contentUrl":"https:\/\/www.meavia-mh.hr\/wp-content\/uploads\/2020\/12\/Mea-Via.png","width":1181,"height":393,"caption":"Mea Via Nails World"},"image":{"@id":"https:\/\/meavia-mh.hr\/sl\/#\/schema\/logo\/image\/"},"sameAs":["https:\/\/www.facebook.com\/MeaViaNailsWorld","https:\/\/www.instagram.com\/mea_via_nails_world\/","https:\/\/www.youtube.com\/channel\/UCECk0hpRWP6TN-EfA4ER96g\/featured"]}]}},"spectra_custom_meta":{"_edit_last":["1239"],"_edit_lock":["1612914717:1"],"_thumbnail_id":["4727"],"_wp_page_template":["default"],"_yoast_wpseo_focuskw":["Argan sol za kupku stopala"],"_yoast_wpseo_metadesc":["%%title%% %%sep%% savr\u0161ena priprema za pedukuru stopala %%sep%% regenerira ko\u017eu, \u010dine\u0107i je mek\u0161om i svilenkastijom"],"_yoast_wpseo_linkdex":["73"],"_yoast_wpseo_content_score":["90"],"_sku":["KAT05196"],"_regular_price":["17.9"],"total_sales":["14"],"_tax_status":["taxable"],"_tax_class":[""],"_manage_stock":["yes"],"_backorders":["no"],"_sold_individually":["no"],"_virtual":["no"],"_downloadable":["no"],"_download_limit":["-1"],"_download_expiry":["-1"],"_stock":["0.000000"],"_stock_status":["outofstock"],"_wc_average_rating":["0"],"_wc_review_count":["0"],"_product_version":["10.1.2"],"_price":["17.9"],"_yoast_wpseo_primary_product_cat":["118"],"site-sidebar-layout":["default"],"site-content-layout":["default"],"theme-transparent-header-meta":["default"],"stick-header-meta":["default"],"_woocs_regular_price_EUR":["17.9"],"_woocs_sale_price_EUR":["-1"],"_woocs_price_geo_countries":[""],"_woocs_regular_price_geo":[""],"_woocs_sale_price_geo":[""],"_yoast_wpseo_estimated-reading-time-minutes":[""],"uag_migration_processed":["1"],"_elementor_page_assets":["a:0:{}"],"_uag_page_assets":["a:9:{s:3:\"css\";s:0:\"\";s:2:\"js\";s:0:\"\";s:18:\"current_block_list\";a:3:{i:0;s:11:\"core\/search\";i:1;s:18:\"core\/legacy-widget\";i:2;s:27:\"woocommerce\/product-filters\";}s:8:\"uag_flag\";b:0;s:11:\"uag_version\";s:10:\"1775837063\";s:6:\"gfonts\";a:0:{}s:10:\"gfonts_url\";s:0:\"\";s:12:\"gfonts_files\";a:0:{}s:14:\"uag_faq_layout\";b:0;}"]},"uagb_featured_image_src":{"full":["https:\/\/www.meavia-mh.hr\/wp-content\/uploads\/2021\/01\/PALU-Argan-sol-za-kupku-stopala-8-600-g.jpg",1322,1328,false],"thumbnail":["https:\/\/www.meavia-mh.hr\/wp-content\/uploads\/2021\/01\/PALU-Argan-sol-za-kupku-stopala-8-600-g-150x150.jpg",150,150,true],"medium":["https:\/\/www.meavia-mh.hr\/wp-content\/uploads\/2021\/01\/PALU-Argan-sol-za-kupku-stopala-8-600-g-300x300.jpg",300,300,true],"medium_large":["https:\/\/www.meavia-mh.hr\/wp-content\/uploads\/2021\/01\/PALU-Argan-sol-za-kupku-stopala-8-600-g-768x771.jpg",768,771,true],"large":["https:\/\/www.meavia-mh.hr\/wp-content\/uploads\/2021\/01\/PALU-Argan-sol-za-kupku-stopala-8-600-g-1019x1024.jpg",1019,1024,true],"1536x1536":["https:\/\/www.meavia-mh.hr\/wp-content\/uploads\/2021\/01\/PALU-Argan-sol-za-kupku-stopala-8-600-g.jpg",1322,1328,false],"2048x2048":["https:\/\/www.meavia-mh.hr\/wp-content\/uploads\/2021\/01\/PALU-Argan-sol-za-kupku-stopala-8-600-g.jpg",1322,1328,false],"trp-custom-language-flag":["https:\/\/www.meavia-mh.hr\/wp-content\/uploads\/2021\/01\/PALU-Argan-sol-za-kupku-stopala-8-600-g.jpg",12,12,false],"woocommerce_thumbnail":["https:\/\/www.meavia-mh.hr\/wp-content\/uploads\/2021\/01\/PALU-Argan-sol-za-kupku-stopala-8-600-g-300x300.jpg",300,300,true],"woocommerce_single":["https:\/\/www.meavia-mh.hr\/wp-content\/uploads\/2021\/01\/PALU-Argan-sol-za-kupku-stopala-8-600-g-600x603.jpg",600,603,true],"woocommerce_gallery_thumbnail":["https:\/\/www.meavia-mh.hr\/wp-content\/uploads\/2021\/01\/PALU-Argan-sol-za-kupku-stopala-8-600-g-100x100.jpg",100,100,true]},"uagb_author_info":{"display_name":"Mea Via","author_link":"https:\/\/www.meavia-mh.hr\/sl\/author\/"},"uagb_comment_info":0,"uagb_excerpt":null,"_links":{"self":[{"href":"https:\/\/www.meavia-mh.hr\/sl\/wp-json\/wp\/v2\/product\/4726","targetHints":{"allow":["GET"]}}],"collection":[{"href":"https:\/\/www.meavia-mh.hr\/sl\/wp-json\/wp\/v2\/product"}],"about":[{"href":"https:\/\/www.meavia-mh.hr\/sl\/wp-json\/wp\/v2\/types\/product"}],"replies":[{"embeddable":true,"href":"https:\/\/www.meavia-mh.hr\/sl\/wp-json\/wp\/v2\/comments?post=4726"}],"version-history":[{"count":1,"href":"https:\/\/www.meavia-mh.hr\/sl\/wp-json\/wp\/v2\/product\/4726\/revisions"}],"predecessor-version":[{"id":31382,"href":"https:\/\/www.meavia-mh.hr\/sl\/wp-json\/wp\/v2\/product\/4726\/revisions\/31382"}],"wp:featuredmedia":[{"embeddable":true,"href":"https:\/\/www.meavia-mh.hr\/sl\/wp-json\/wp\/v2\/media\/4727"}],"wp:attachment":[{"href":"https:\/\/www.meavia-mh.hr\/sl\/wp-json\/wp\/v2\/media?parent=4726"}],"wp:term":[{"taxonomy":"product_brand","embeddable":true,"href":"https:\/\/www.meavia-mh.hr\/sl\/wp-json\/wp\/v2\/product_brand?post=4726"},{"taxonomy":"product_cat","embeddable":true,"href":"https:\/\/www.meavia-mh.hr\/sl\/wp-json\/wp\/v2\/product_cat?post=4726"},{"taxonomy":"product_tag","embeddable":true,"href":"https:\/\/www.meavia-mh.hr\/sl\/wp-json\/wp\/v2\/product_tag?post=4726"}],"curies":[{"name":"delovni list","href":"https:\/\/api.w.org\/{rel}","templated":true}]}}