{"id":4711,"date":"2021-01-08T21:28:13","date_gmt":"2021-01-08T21:28:13","guid":{"rendered":"https:\/\/www.meavia-mh.hr\/?post_type=product&#038;p=4711"},"modified":"2026-01-24T09:40:03","modified_gmt":"2026-01-24T08:40:03","slug":"palu-matrix-spider-gel-blue-mg6-5-g","status":"publish","type":"product","link":"https:\/\/www.meavia-mh.hr\/sl\/product\/palu-matrix-spider-gel-blue-mg6-5-g\/","title":{"rendered":"PALU Matrix spider gel Blue MG6 - 5 g"},"content":{"rendered":"<p>PALU Matrix spider gel Blue \u2013 nova generacija spider gela za vrhunske rezultate pri urejanju nohtov. Gel, ki se v nitkah razpleta kot pajkova mre\u017ea. Za poseben, edinstven u\u010dinek nanesite tudi na\u0161e <span style=\"color: #000000\"><a style=\"color: #000000\" href=\"https:\/\/www.meavia-mh.hr\/sl\/product\/palu-nail-art-chrome-prah-green-scarab-4\/\"><strong>Kromirani pigmenti<\/strong><\/a><\/span> na lepilni plasti Spider Gel za edinstven dizajn.<\/p>\n<ul>\n<li>pajek gel je zdru\u017eljiv z <a href=\"https:\/\/www.meavia-mh.hr\/sl\/product\/palu-gel-polish-trajni-lak-warsaw-pink-p6-11-ml\/\">trajni laki<\/a> in barvni gel. Poglej <a href=\"https:\/\/www.meavia-mh.hr\/sl\/product\/palu-gel-polish-trajni-lak-tokyo-green-gr4-11-ml\/\">na\u0161e barve trajnih lakov<\/a>.<\/li>\n<li>gel za okraske, tanke kot pajkova mre\u017ea<\/li>\n<li>kot nala\u0161\u010d za natan\u010dne okraske - tanke, ravne \u010drte in geometrijske vzorce<\/li>\n<li>brez \u0161kodljivih in strupenih snovi<\/li>\n<li>formula brez krutosti - na\u0161i izdelki niso testirani na \u017eivalih<\/li>\n<li>izdelek, namenjen profesionalni uporabi<\/li>\n<\/ul>\n<h6><span style=\"font-size: 16px\">Pakiranje: 5 g<\/span><\/h6>\n<h6><\/h6>\n<h6><strong>Na\u010din uporabe:<\/strong><\/h6>\n<p>Na predhodno pripravljen noht (s pik\u010dastim aplikatorjem ali \u010dopi\u010dem) nanesite majhno koli\u010dino PALU Matrix spider gel Blue. Gel nanesite z enim neprekinjenim gibom od ene to\u010dke do druge. Polimerizira v: UV\/LED \u2013 30-60 sek., UV \u2013 120 sek. Na koncu nanesete zaklju\u010dni sloj <a href=\"https:\/\/www.meavia-mh.hr\/sl\/product\/palu-top-coat-shine-1-11-ml\/\">PALU zgornji premaz.<\/a><\/p>","protected":false},"excerpt":{"rendered":"<p><img decoding=\"async\" class=\"alignnone wp-image-1574 size-thumbnail\" src=\"https:\/\/www.meavia-mh.hr\/wp-content\/uploads\/2020\/12\/palu-dermatologically-tested-150x150.png\" alt=\"palu dermatologically tested\" width=\"150\" height=\"150\" srcset=\"https:\/\/www.meavia-mh.hr\/wp-content\/uploads\/2020\/12\/palu-dermatologically-tested-150x150.png 150w, https:\/\/www.meavia-mh.hr\/wp-content\/uploads\/2020\/12\/palu-dermatologically-tested-100x100.png 100w, https:\/\/www.meavia-mh.hr\/wp-content\/uploads\/2020\/12\/palu-dermatologically-tested.png 252w\" sizes=\"(max-width: 150px) 100vw, 150px\" \/><\/p>","protected":false},"featured_media":4712,"comment_status":"closed","ping_status":"closed","template":"","meta":{"_uag_custom_page_level_css":"","site-sidebar-layout":"default","site-content-layout":null,"ast-site-content-layout":"default","site-content-style":"default","site-sidebar-style":"default","ast-global-header-display":"","ast-banner-title-visibility":"","ast-main-header-display":"","ast-hfb-above-header-display":"","ast-hfb-below-header-display":"","ast-hfb-mobile-header-display":"","site-post-title":"","ast-breadcrumbs-content":null,"ast-featured-img":"","footer-sml-layout":"","ast-disable-related-posts":"","theme-transparent-header-meta":"default","adv-header-id-meta":"","stick-header-meta":"default","header-above-stick-meta":"","header-main-stick-meta":"","header-below-stick-meta":"","astra-migrate-meta-layouts":"set","ast-page-background-enabled":"default","ast-page-background-meta":{"desktop":{"background-color":"var(--ast-global-color-4)","background-image":"","background-repeat":"repeat","background-position":"center center","background-size":"auto","background-attachment":"scroll","background-type":"","background-media":"","overlay-type":"","overlay-color":"","overlay-opacity":"","overlay-gradient":""},"tablet":{"background-color":"","background-image":"","background-repeat":"repeat","background-position":"center center","background-size":"auto","background-attachment":"scroll","background-type":"","background-media":"","overlay-type":"","overlay-color":"","overlay-opacity":"","overlay-gradient":""},"mobile":{"background-color":"","background-image":"","background-repeat":"repeat","background-position":"center center","background-size":"auto","background-attachment":"scroll","background-type":"","background-media":"","overlay-type":"","overlay-color":"","overlay-opacity":"","overlay-gradient":""}},"ast-content-background-meta":{"desktop":{"background-color":"var(--ast-global-color-5)","background-image":"","background-repeat":"repeat","background-position":"center center","background-size":"auto","background-attachment":"scroll","background-type":"","background-media":"","overlay-type":"","overlay-color":"","overlay-opacity":"","overlay-gradient":""},"tablet":{"background-color":"var(--ast-global-color-5)","background-image":"","background-repeat":"repeat","background-position":"center center","background-size":"auto","background-attachment":"scroll","background-type":"","background-media":"","overlay-type":"","overlay-color":"","overlay-opacity":"","overlay-gradient":""},"mobile":{"background-color":"var(--ast-global-color-5)","background-image":"","background-repeat":"repeat","background-position":"center center","background-size":"auto","background-attachment":"scroll","background-type":"","background-media":"","overlay-type":"","overlay-color":"","overlay-opacity":"","overlay-gradient":""}}},"product_brand":[606],"product_cat":[110,27],"product_tag":[225],"class_list":{"0":"post-4711","1":"product","2":"type-product","3":"status-publish","4":"has-post-thumbnail","6":"product_brand-palu","7":"product_cat-nail-art","8":"product_cat-palu","9":"product_tag-spider-gel","10":"desktop-align-left","11":"tablet-align-left","12":"mobile-align-left","13":"ast-product-gallery-layout-horizontal-slider","14":"ast-product-tabs-layout-horizontal","16":"first","17":"outofstock","18":"taxable","19":"shipping-taxable","20":"purchasable","21":"product-type-simple"},"yoast_head":"<!-- This site is optimized with the Yoast SEO plugin v27.4 - https:\/\/yoast.com\/product\/yoast-seo-wordpress\/ -->\n<title>PALU Matrix spider gel Blue MG6 - 5 g &#8902; Mea Via Beauty<\/title>\n<meta name=\"description\" content=\"PALU Matrix spider gel Blue MG6 - 5 g &#8902; precizne ukrase - tanke, ravne linije i geometrijske uzorke &#8902; bez \u0161tetnih i toksi\u010dnih tvari\" \/>\n<meta name=\"robots\" content=\"index, follow, max-snippet:-1, max-image-preview:large, max-video-preview:-1\" \/>\n<link rel=\"canonical\" href=\"https:\/\/www.meavia-mh.hr\/sl\/product\/palu-matrix-spider-gel-blue-mg6-5-g\/\" \/>\n<meta property=\"og:locale\" content=\"sl_SI\" \/>\n<meta property=\"og:type\" content=\"article\" \/>\n<meta property=\"og:title\" content=\"PALU Matrix spider gel Blue MG6 - 5 g &#8902; Mea Via Beauty\" \/>\n<meta property=\"og:description\" content=\"PALU Matrix spider gel Blue MG6 - 5 g &#8902; precizne ukrase - tanke, ravne linije i geometrijske uzorke &#8902; bez \u0161tetnih i toksi\u010dnih tvari\" \/>\n<meta property=\"og:url\" content=\"https:\/\/www.meavia-mh.hr\/sl\/product\/palu-matrix-spider-gel-blue-mg6-5-g\/\" \/>\n<meta property=\"og:site_name\" content=\"Mea Via Beauty\" \/>\n<meta property=\"article:publisher\" content=\"https:\/\/www.facebook.com\/MeaViaNailsWorld\" \/>\n<meta property=\"article:modified_time\" content=\"2026-01-24T08:40:03+00:00\" \/>\n<meta property=\"og:image\" content=\"https:\/\/www.meavia-mh.hr\/wp-content\/uploads\/2021\/01\/PALU-Matrix-spider-gel-Blue-MG6-5-g.jpg\" \/>\n\t<meta property=\"og:image:width\" content=\"1322\" \/>\n\t<meta property=\"og:image:height\" content=\"1328\" \/>\n\t<meta property=\"og:image:type\" content=\"image\/jpeg\" \/>\n<meta name=\"twitter:card\" content=\"summary_large_image\" \/>\n<meta name=\"twitter:label1\" content=\"Est. reading time\" \/>\n\t<meta name=\"twitter:data1\" content=\"1 minuta\" \/>\n<script type=\"application\/ld+json\" class=\"yoast-schema-graph\">{\"@context\":\"https:\\\/\\\/schema.org\",\"@graph\":[{\"@type\":\"WebPage\",\"@id\":\"https:\\\/\\\/www.meavia-mh.hr\\\/product\\\/palu-matrix-spider-gel-blue-mg6-5-g\\\/\",\"url\":\"https:\\\/\\\/www.meavia-mh.hr\\\/product\\\/palu-matrix-spider-gel-blue-mg6-5-g\\\/\",\"name\":\"PALU Matrix spider gel Blue MG6 - 5 g &#8902; Mea Via Beauty\",\"isPartOf\":{\"@id\":\"https:\\\/\\\/meavia-mh.hr\\\/sl\\\/#website\"},\"primaryImageOfPage\":{\"@id\":\"https:\\\/\\\/www.meavia-mh.hr\\\/product\\\/palu-matrix-spider-gel-blue-mg6-5-g\\\/#primaryimage\"},\"image\":{\"@id\":\"https:\\\/\\\/www.meavia-mh.hr\\\/product\\\/palu-matrix-spider-gel-blue-mg6-5-g\\\/#primaryimage\"},\"thumbnailUrl\":\"https:\\\/\\\/www.meavia-mh.hr\\\/wp-content\\\/uploads\\\/2021\\\/01\\\/PALU-Matrix-spider-gel-Blue-MG6-5-g.jpg\",\"datePublished\":\"2021-01-08T21:28:13+00:00\",\"dateModified\":\"2026-01-24T08:40:03+00:00\",\"description\":\"PALU Matrix spider gel Blue MG6 - 5 g &#8902; precizne ukrase - tanke, ravne linije i geometrijske uzorke &#8902; bez \u0161tetnih i toksi\u010dnih tvari\",\"breadcrumb\":{\"@id\":\"https:\\\/\\\/www.meavia-mh.hr\\\/product\\\/palu-matrix-spider-gel-blue-mg6-5-g\\\/#breadcrumb\"},\"inLanguage\":\"sl-SI\",\"potentialAction\":[{\"@type\":\"ReadAction\",\"target\":[\"https:\\\/\\\/www.meavia-mh.hr\\\/product\\\/palu-matrix-spider-gel-blue-mg6-5-g\\\/\"]}]},{\"@type\":\"ImageObject\",\"inLanguage\":\"sl-SI\",\"@id\":\"https:\\\/\\\/www.meavia-mh.hr\\\/product\\\/palu-matrix-spider-gel-blue-mg6-5-g\\\/#primaryimage\",\"url\":\"https:\\\/\\\/www.meavia-mh.hr\\\/wp-content\\\/uploads\\\/2021\\\/01\\\/PALU-Matrix-spider-gel-Blue-MG6-5-g.jpg\",\"contentUrl\":\"https:\\\/\\\/www.meavia-mh.hr\\\/wp-content\\\/uploads\\\/2021\\\/01\\\/PALU-Matrix-spider-gel-Blue-MG6-5-g.jpg\",\"width\":1322,\"height\":1328,\"caption\":\"PALU Matrix spider gel Blue MG6 - 5 g\"},{\"@type\":\"BreadcrumbList\",\"@id\":\"https:\\\/\\\/www.meavia-mh.hr\\\/product\\\/palu-matrix-spider-gel-blue-mg6-5-g\\\/#breadcrumb\",\"itemListElement\":[{\"@type\":\"ListItem\",\"position\":1,\"name\":\"Po\u010detna stranica\",\"item\":\"https:\\\/\\\/www.meavia-mh.hr\\\/\"},{\"@type\":\"ListItem\",\"position\":2,\"name\":\"Trgovina\",\"item\":\"https:\\\/\\\/meavia-mh.hr\\\/sl\\\/store\\\/\"},{\"@type\":\"ListItem\",\"position\":3,\"name\":\"PALU Matrix spider gel Blue MG6 &#8211; 5 g\"}]},{\"@type\":\"WebSite\",\"@id\":\"https:\\\/\\\/meavia-mh.hr\\\/sl\\\/#website\",\"url\":\"https:\\\/\\\/meavia-mh.hr\\\/sl\\\/\",\"name\":\"Mea Via Beauty\",\"description\":\"Only The Best For Your Beauty\",\"publisher\":{\"@id\":\"https:\\\/\\\/meavia-mh.hr\\\/sl\\\/#organization\"},\"alternateName\":\"Mea Via Nails\",\"potentialAction\":[{\"@type\":\"SearchAction\",\"target\":{\"@type\":\"EntryPoint\",\"urlTemplate\":\"https:\\\/\\\/meavia-mh.hr\\\/sl\\\/?s={search_term_string}\"},\"query-input\":{\"@type\":\"PropertyValueSpecification\",\"valueRequired\":true,\"valueName\":\"search_term_string\"}}],\"inLanguage\":\"sl-SI\"},{\"@type\":\"Organization\",\"@id\":\"https:\\\/\\\/meavia-mh.hr\\\/sl\\\/#organization\",\"name\":\"Mea Via Nails World\",\"alternateName\":\"Mea Via\",\"url\":\"https:\\\/\\\/meavia-mh.hr\\\/sl\\\/\",\"logo\":{\"@type\":\"ImageObject\",\"inLanguage\":\"sl-SI\",\"@id\":\"https:\\\/\\\/meavia-mh.hr\\\/sl\\\/#\\\/schema\\\/logo\\\/image\\\/\",\"url\":\"https:\\\/\\\/www.meavia-mh.hr\\\/wp-content\\\/uploads\\\/2020\\\/12\\\/Mea-Via.png\",\"contentUrl\":\"https:\\\/\\\/www.meavia-mh.hr\\\/wp-content\\\/uploads\\\/2020\\\/12\\\/Mea-Via.png\",\"width\":1181,\"height\":393,\"caption\":\"Mea Via Nails World\"},\"image\":{\"@id\":\"https:\\\/\\\/meavia-mh.hr\\\/sl\\\/#\\\/schema\\\/logo\\\/image\\\/\"},\"sameAs\":[\"https:\\\/\\\/www.facebook.com\\\/MeaViaNailsWorld\",\"https:\\\/\\\/www.instagram.com\\\/mea_via_nails_world\\\/\",\"https:\\\/\\\/www.youtube.com\\\/channel\\\/UCECk0hpRWP6TN-EfA4ER96g\\\/featured\"]}]}<\/script>\n<!-- \/ Yoast SEO plugin. -->","yoast_head_json":{"title":"PALU Matrix pajkov gel Blue MG6 - 5 g \u22c6 Mea Via Beauty","description":"PALU Matrix pajkov gel moder MG6 - 5 g \u22c6 natan\u010dne dekoracije - tanke, ravne \u010drte in geometrijski vzorci \u22c6 brez \u0161kodljivih in strupenih snovi","robots":{"index":"index","follow":"follow","max-snippet":"max-snippet:-1","max-image-preview":"max-image-preview:large","max-video-preview":"max-video-preview:-1"},"canonical":"https:\/\/www.meavia-mh.hr\/sl\/product\/palu-matrix-spider-gel-blue-mg6-5-g\/","og_locale":"sl_SI","og_type":"article","og_title":"PALU Matrix spider gel Blue MG6 - 5 g &#8902; Mea Via Beauty","og_description":"PALU Matrix spider gel Blue MG6 - 5 g &#8902; precizne ukrase - tanke, ravne linije i geometrijske uzorke &#8902; bez \u0161tetnih i toksi\u010dnih tvari","og_url":"https:\/\/www.meavia-mh.hr\/sl\/product\/palu-matrix-spider-gel-blue-mg6-5-g\/","og_site_name":"Mea Via Beauty","article_publisher":"https:\/\/www.facebook.com\/MeaViaNailsWorld","article_modified_time":"2026-01-24T08:40:03+00:00","og_image":[{"width":1322,"height":1328,"url":"https:\/\/www.meavia-mh.hr\/wp-content\/uploads\/2021\/01\/PALU-Matrix-spider-gel-Blue-MG6-5-g.jpg","type":"image\/jpeg"}],"twitter_card":"summary_large_image","twitter_misc":{"Est. reading time":"1 minuta"},"schema":{"@context":"https:\/\/schema.org","@graph":[{"@type":"WebPage","@id":"https:\/\/www.meavia-mh.hr\/product\/palu-matrix-spider-gel-blue-mg6-5-g\/","url":"https:\/\/www.meavia-mh.hr\/product\/palu-matrix-spider-gel-blue-mg6-5-g\/","name":"PALU Matrix pajkov gel Blue MG6 - 5 g \u22c6 Mea Via Beauty","isPartOf":{"@id":"https:\/\/meavia-mh.hr\/sl\/#website"},"primaryImageOfPage":{"@id":"https:\/\/www.meavia-mh.hr\/product\/palu-matrix-spider-gel-blue-mg6-5-g\/#primaryimage"},"image":{"@id":"https:\/\/www.meavia-mh.hr\/product\/palu-matrix-spider-gel-blue-mg6-5-g\/#primaryimage"},"thumbnailUrl":"https:\/\/www.meavia-mh.hr\/wp-content\/uploads\/2021\/01\/PALU-Matrix-spider-gel-Blue-MG6-5-g.jpg","datePublished":"2021-01-08T21:28:13+00:00","dateModified":"2026-01-24T08:40:03+00:00","description":"PALU Matrix pajkov gel moder MG6 - 5 g \u22c6 natan\u010dne dekoracije - tanke, ravne \u010drte in geometrijski vzorci \u22c6 brez \u0161kodljivih in strupenih snovi","breadcrumb":{"@id":"https:\/\/www.meavia-mh.hr\/product\/palu-matrix-spider-gel-blue-mg6-5-g\/#breadcrumb"},"inLanguage":"sl-SI","potentialAction":[{"@type":"ReadAction","target":["https:\/\/www.meavia-mh.hr\/product\/palu-matrix-spider-gel-blue-mg6-5-g\/"]}]},{"@type":"ImageObject","inLanguage":"sl-SI","@id":"https:\/\/www.meavia-mh.hr\/product\/palu-matrix-spider-gel-blue-mg6-5-g\/#primaryimage","url":"https:\/\/www.meavia-mh.hr\/wp-content\/uploads\/2021\/01\/PALU-Matrix-spider-gel-Blue-MG6-5-g.jpg","contentUrl":"https:\/\/www.meavia-mh.hr\/wp-content\/uploads\/2021\/01\/PALU-Matrix-spider-gel-Blue-MG6-5-g.jpg","width":1322,"height":1328,"caption":"PALU Matrix spider gel Blue MG6 - 5 g"},{"@type":"BreadcrumbList","@id":"https:\/\/www.meavia-mh.hr\/product\/palu-matrix-spider-gel-blue-mg6-5-g\/#breadcrumb","itemListElement":[{"@type":"ListItem","position":1,"name":"Po\u010detna stranica","item":"https:\/\/www.meavia-mh.hr\/"},{"@type":"ListItem","position":2,"name":"Trgovina","item":"https:\/\/meavia-mh.hr\/sl\/store\/"},{"@type":"ListItem","position":3,"name":"PALU Matrix spider gel Blue MG6 &#8211; 5 g"}]},{"@type":"WebSite","@id":"https:\/\/meavia-mh.hr\/sl\/#website","url":"https:\/\/meavia-mh.hr\/sl\/","name":"MEA VIA BEAUTY","description":"Only The Best For Your Beauty","publisher":{"@id":"https:\/\/meavia-mh.hr\/sl\/#organization"},"alternateName":"Mea Via Nails","potentialAction":[{"@type":"SearchAction","target":{"@type":"EntryPoint","urlTemplate":"https:\/\/meavia-mh.hr\/sl\/?s={search_term_string}"},"query-input":{"@type":"PropertyValueSpecification","valueRequired":true,"valueName":"search_term_string"}}],"inLanguage":"sl-SI"},{"@type":"Organization","@id":"https:\/\/meavia-mh.hr\/sl\/#organization","name":"Mea Via Nails World","alternateName":"Mea Via","url":"https:\/\/meavia-mh.hr\/sl\/","logo":{"@type":"ImageObject","inLanguage":"sl-SI","@id":"https:\/\/meavia-mh.hr\/sl\/#\/schema\/logo\/image\/","url":"https:\/\/www.meavia-mh.hr\/wp-content\/uploads\/2020\/12\/Mea-Via.png","contentUrl":"https:\/\/www.meavia-mh.hr\/wp-content\/uploads\/2020\/12\/Mea-Via.png","width":1181,"height":393,"caption":"Mea Via Nails World"},"image":{"@id":"https:\/\/meavia-mh.hr\/sl\/#\/schema\/logo\/image\/"},"sameAs":["https:\/\/www.facebook.com\/MeaViaNailsWorld","https:\/\/www.instagram.com\/mea_via_nails_world\/","https:\/\/www.youtube.com\/channel\/UCECk0hpRWP6TN-EfA4ER96g\/featured"]}]}},"spectra_custom_meta":{"_sku":["KAT06092"],"_regular_price":["7.95"],"total_sales":["28"],"_tax_status":["taxable"],"_tax_class":[""],"_manage_stock":["yes"],"_backorders":["no"],"_sold_individually":["no"],"_virtual":["no"],"_downloadable":["no"],"_product_image_gallery":["4714,4715,4713"],"_download_limit":["-1"],"_download_expiry":["-1"],"_thumbnail_id":["4712"],"_stock":["0.000000"],"_stock_status":["outofstock"],"_wc_average_rating":["0"],"_wc_review_count":["0"],"_product_version":["10.4.3"],"_price":["7.95"],"_oembed_6b57998198c0bbf46b4b0c9148f42c68":["<iframe title=\"MATRIX GEL\" width=\"898\" height=\"674\" src=\"https:\/\/www.youtube.com\/embed\/jg8E6m-BnsM?feature=oembed\" frameborder=\"0\" allow=\"accelerometer; autoplay; clipboard-write; encrypted-media; gyroscope; picture-in-picture\" allowfullscreen><\/iframe>"],"_oembed_time_6b57998198c0bbf46b4b0c9148f42c68":["1610138784"],"_oembed_340241149bffce8b9e8303d4a981c71e":["<iframe title=\"MATRIX GEL\" width=\"500\" height=\"375\" src=\"https:\/\/www.youtube.com\/embed\/jg8E6m-BnsM?feature=oembed\" frameborder=\"0\" allow=\"accelerometer; autoplay; clipboard-write; encrypted-media; gyroscope; picture-in-picture\" allowfullscreen><\/iframe>"],"_oembed_time_340241149bffce8b9e8303d4a981c71e":["1630074589"],"_wp_page_template":["default"],"_yoast_wpseo_focuskw":["PALU Matrix spider gel Blue"],"_yoast_wpseo_metadesc":["%%title%% %%sep%% precizne ukrase - tanke, ravne linije i geometrijske uzorke %%sep%% bez \u0161tetnih i toksi\u010dnih tvari"],"_yoast_wpseo_linkdex":["70"],"_yoast_wpseo_content_score":["90"],"_yoast_wpseo_primary_product_cat":["524"],"site-sidebar-layout":["default"],"site-content-layout":[null],"theme-transparent-header-meta":["default"],"stick-header-meta":["default"],"_oembed_36e4131502a837a7ff1b7d93d506e733":["<iframe title=\"MATRIX GEL\" width=\"922\" height=\"692\" src=\"https:\/\/www.youtube.com\/embed\/jg8E6m-BnsM?feature=oembed\" frameborder=\"0\" allow=\"accelerometer; autoplay; clipboard-write; encrypted-media; gyroscope; picture-in-picture\" allowfullscreen><\/iframe>"],"_oembed_time_36e4131502a837a7ff1b7d93d506e733":["1610139746"],"_edit_lock":["1754933648:1239"],"_edit_last":["1239"],"_oembed_a0c8169f3043fee3b842f84602f448d4":["<iframe title=\"MATRIX GEL\" width=\"1200\" height=\"900\" src=\"https:\/\/www.youtube.com\/embed\/jg8E6m-BnsM?feature=oembed\" frameborder=\"0\" allow=\"accelerometer; autoplay; clipboard-write; encrypted-media; gyroscope; picture-in-picture\" allowfullscreen><\/iframe>"],"_oembed_time_a0c8169f3043fee3b842f84602f448d4":["1610154627"],"_woocs_price_geo_countries":[""],"_woocs_regular_price_geo":[""],"_woocs_sale_price_geo":[""],"_yoast_wpseo_estimated-reading-time-minutes":["1"],"cartflows_redirect_flow_id":[""],"cartflows_add_to_cart_text":[""],"_woocs_regular_price_EUR":["7.95"],"_woocs_sale_price_EUR":["-1"],"_lowest_price_30_days":["7.95"],"_oembed_2fb71f6b281041f270fe745dae4635b0":["{{unknown}}"],"ast-site-content-layout":["default"],"site-content-style":["default"],"site-sidebar-style":["default"],"astra-migrate-meta-layouts":["set"],"_yoast_wpseo_primary_fb_product_set":[""],"_yoast_wpseo_wordproof_timestamp":[""],"uag_migration_processed":["1"],"ast-above-header-display":[null],"ast-below-header-display":[null],"footer-adv-display":[null],"adv-header-id-meta":[""],"ast-breadcrumbs-content":[null],"_elementor_page_assets":["a:0:{}"],"_uag_page_assets":["a:9:{s:3:\"css\";s:0:\"\";s:2:\"js\";s:0:\"\";s:18:\"current_block_list\";a:3:{i:0;s:11:\"core\/search\";i:1;s:18:\"core\/legacy-widget\";i:2;s:27:\"woocommerce\/product-filters\";}s:8:\"uag_flag\";b:0;s:11:\"uag_version\";s:10:\"1776403924\";s:6:\"gfonts\";a:0:{}s:10:\"gfonts_url\";s:0:\"\";s:12:\"gfonts_files\";a:0:{}s:14:\"uag_faq_layout\";b:0;}"]},"uagb_featured_image_src":{"full":["https:\/\/www.meavia-mh.hr\/wp-content\/uploads\/2021\/01\/PALU-Matrix-spider-gel-Blue-MG6-5-g.jpg",1322,1328,false],"thumbnail":["https:\/\/www.meavia-mh.hr\/wp-content\/uploads\/2021\/01\/PALU-Matrix-spider-gel-Blue-MG6-5-g-150x150.jpg",150,150,true],"medium":["https:\/\/www.meavia-mh.hr\/wp-content\/uploads\/2021\/01\/PALU-Matrix-spider-gel-Blue-MG6-5-g-300x300.jpg",300,300,true],"medium_large":["https:\/\/www.meavia-mh.hr\/wp-content\/uploads\/2021\/01\/PALU-Matrix-spider-gel-Blue-MG6-5-g-768x771.jpg",768,771,true],"large":["https:\/\/www.meavia-mh.hr\/wp-content\/uploads\/2021\/01\/PALU-Matrix-spider-gel-Blue-MG6-5-g-1019x1024.jpg",1019,1024,true],"1536x1536":["https:\/\/www.meavia-mh.hr\/wp-content\/uploads\/2021\/01\/PALU-Matrix-spider-gel-Blue-MG6-5-g.jpg",1322,1328,false],"2048x2048":["https:\/\/www.meavia-mh.hr\/wp-content\/uploads\/2021\/01\/PALU-Matrix-spider-gel-Blue-MG6-5-g.jpg",1322,1328,false],"trp-custom-language-flag":["https:\/\/www.meavia-mh.hr\/wp-content\/uploads\/2021\/01\/PALU-Matrix-spider-gel-Blue-MG6-5-g.jpg",12,12,false],"woocommerce_thumbnail":["https:\/\/www.meavia-mh.hr\/wp-content\/uploads\/2021\/01\/PALU-Matrix-spider-gel-Blue-MG6-5-g-300x300.jpg",300,300,true],"woocommerce_single":["https:\/\/www.meavia-mh.hr\/wp-content\/uploads\/2021\/01\/PALU-Matrix-spider-gel-Blue-MG6-5-g-600x603.jpg",600,603,true],"woocommerce_gallery_thumbnail":["https:\/\/www.meavia-mh.hr\/wp-content\/uploads\/2021\/01\/PALU-Matrix-spider-gel-Blue-MG6-5-g-100x100.jpg",100,100,true]},"uagb_author_info":{"display_name":"Mea Via","author_link":"https:\/\/www.meavia-mh.hr\/sl\/author\/"},"uagb_comment_info":0,"uagb_excerpt":null,"_links":{"self":[{"href":"https:\/\/www.meavia-mh.hr\/sl\/wp-json\/wp\/v2\/product\/4711","targetHints":{"allow":["GET"]}}],"collection":[{"href":"https:\/\/www.meavia-mh.hr\/sl\/wp-json\/wp\/v2\/product"}],"about":[{"href":"https:\/\/www.meavia-mh.hr\/sl\/wp-json\/wp\/v2\/types\/product"}],"replies":[{"embeddable":true,"href":"https:\/\/www.meavia-mh.hr\/sl\/wp-json\/wp\/v2\/comments?post=4711"}],"version-history":[{"count":2,"href":"https:\/\/www.meavia-mh.hr\/sl\/wp-json\/wp\/v2\/product\/4711\/revisions"}],"predecessor-version":[{"id":31383,"href":"https:\/\/www.meavia-mh.hr\/sl\/wp-json\/wp\/v2\/product\/4711\/revisions\/31383"}],"wp:featuredmedia":[{"embeddable":true,"href":"https:\/\/www.meavia-mh.hr\/sl\/wp-json\/wp\/v2\/media\/4712"}],"wp:attachment":[{"href":"https:\/\/www.meavia-mh.hr\/sl\/wp-json\/wp\/v2\/media?parent=4711"}],"wp:term":[{"taxonomy":"product_brand","embeddable":true,"href":"https:\/\/www.meavia-mh.hr\/sl\/wp-json\/wp\/v2\/product_brand?post=4711"},{"taxonomy":"product_cat","embeddable":true,"href":"https:\/\/www.meavia-mh.hr\/sl\/wp-json\/wp\/v2\/product_cat?post=4711"},{"taxonomy":"product_tag","embeddable":true,"href":"https:\/\/www.meavia-mh.hr\/sl\/wp-json\/wp\/v2\/product_tag?post=4711"}],"curies":[{"name":"delovni list","href":"https:\/\/api.w.org\/{rel}","templated":true}]}}