{"id":4663,"date":"2021-01-08T17:21:24","date_gmt":"2021-01-08T17:21:24","guid":{"rendered":"https:\/\/www.meavia-mh.hr\/?post_type=product&#038;p=4663"},"modified":"2024-07-05T15:49:42","modified_gmt":"2024-07-05T15:49:42","slug":"brusilica-za-nokte-dm208-40w-white","status":"publish","type":"product","link":"https:\/\/www.meavia-mh.hr\/sl\/product\/brusilica-za-nokte-dm208-40w-white\/","title":{"rendered":"Brusilnik za nohte DM208 40W bela"},"content":{"rendered":"<p>Brusilnik za nohte DM208 40W White - je zelo zmogljiv brusilnik za profesionalno in doma\u010do uporabo. Uporablja se lahko za manikuro ali pedikuro. Ve\u010dnamenska naprava, ki vam omogo\u010da, da nohtom daste obliko svojih sanj, popolnoma pripravite nohtno plo\u0161\u010do na naslednji stajling, popolnoma odstranite ko\u017eico za kombinirano manikuro in pedikura postane neverjetno enostavna in hitra. Ta naprava za nego in bru\u0161enje nohtov vam omogo\u010da hitro in u\u010dinkovito odstranjevanje <a href=\"https:\/\/www.meavia-mh.hr\/sl\/product\/palu-gel-polish-trajni-lak-tokyo-green-gr3-11-ml\/\">trajni lak<\/a>, <a href=\"https:\/\/www.meavia-mh.hr\/sl\/product\/palu-gradivni-gel-clear-50-ml\/\">gradivni gel<\/a>, <a href=\"https:\/\/www.meavia-mh.hr\/sl\/product\/palu-flexi-acryl-gel-peach-3-30-ml\/\">Akrilni gel<\/a> in lak za nohte - naravni in umetni.<\/p>\n<p>Zahvaljujo\u010d svoji mo\u010di mlin\u010dek ne izgubi vrtenja tudi v te\u017ekih pogojih. Brez\u010dasna bela barva bo kot nala\u0161\u010d za vsako notranjost.<\/p>\n<p><strong>Dva na\u010dina dela<\/strong> - z napravo lahko upravljate ro\u010dno ali no\u017eno - s stikalom izberite enega od na\u010dinov (roko \/ nogo). Vrtenja lahko ro\u010dno prilagodite z gumbi na napravi.<\/p>\n<p>Enostaven in popoln nadzor hitrosti v obmo\u010dju od 0 do 35.000 vrt.\/min.<\/p>\n<p>Z brusilko za nohte boste tudi dobili <strong>komplet 6 brusnih nastavkov (svedre) in 6 abrazivnih pokrov\u010dkov<\/strong>, ki vam bo pomagal pri hitrej\u0161em in la\u017ejem delu.<\/p>\n<p>Rezalniki so kot nala\u0161\u010d za odstranjevanje gela in akrilne mase, odstranjevanje obnohtne ko\u017eice okoli nohta, pa tudi za pedikuro.<\/p>\n<p><b>Ni vam ve\u010d treba skrbeti, da ne boste imeli pravega rezalnika.<\/b><\/p>\n<p><b>Dva rezila za keramiko<\/b>\u00a0 - ne\u017eno odstrani maso brez povzro\u010danja tresljajev. Poleg tega ne prena\u0161a toplote in ne povzro\u010da neprijetnega ob\u010dutka toplote. Popoln tudi za za\u010detnike.<\/p>\n<ul>\n<li><b>Kerami\u010dni rezalnik za obnohtno ko\u017eico, rde\u010d ozek,<\/b>\u00a0\u00a0odli\u010dno bo pomagal odstraniti ne\u017eeleno obnohtno ko\u017eico z nohtne gredi in nohtne plo\u0161\u010de.<\/li>\n<li><b><\/b>\u00a0Rezalnik\u00a0<b>srednje sto\u017e\u010dasta keramika<\/b>\u00a0rezalnik je za posebne naloge. Izdelan je iz najkakovostnej\u0161ih materialov: cirkonijevega oksida in nerjavnega jekla. Z njim boste odstranili ostanke gela, permanentnega laka ali akrila.<\/li>\n<\/ul>\n<p><b>Trije diamantni rezalniki<\/b>\u00a0\u00a0v \u010dudovitih mavri\u010dnih barvah je prava trojica za posebne naloge:<\/p>\n<ul>\n<li><b>zaobljen valj<\/b>\u00a0\u00a0dvignil bo povrhnjico okoli nohta<\/li>\n<li><b>solze bodo<\/b>\u00a0\u00a0&quot;Izbri\u0161ite&quot; ostanke epitelija iz prostora med nohti, dvignili pa boste tudi ko\u017eico in pripravili noht za nanos laka &quot;pod obnohtno ko\u017eico&quot;<\/li>\n<li><b>\u017eoga<\/b>\u00a0\u00a0bo dokon\u010dal in poliral ostanke epitelija - ni potrebe po kle\u0161\u010dah!<\/li>\n<\/ul>\n<p>Komplet vklju\u010duje tudi\u00a0\u00a0<b>odeje \/ kape<\/b>\u00a0\u00a0- \u010dvrsta in trpe\u017ena, odli\u010dno se oprime nosilca, obdelava je u\u010dinkovita, varna in natan\u010dna. Zahvaljujo\u010d njim dose\u017eemo najvi\u0161jo higieno pri delu, pospe\u0161imo in olaj\u0161amo delo. Brusilno kolo je postavljeno na laminiran papir, napolnjen z zrni peska.<\/p>\n<p><b>Rezalnike je mogo\u010de varno sterilizirati in razku\u017eiti.<\/b><\/p>\n<p>Glava TWIST-LOCK omogo\u010da enostavno menjavo brusilnega nastavka (svedra) naenkrat, brez nerodnih gumbov ali vretena, zato je idealna za delo, saj ni treba uporabljati sile.<\/p>\n<p>Ima dve smeri vrtenja in je namenjen levi\u010darjem in desni\u010darjem nohtov.<\/p>\n<p><strong>Komplet vklju\u010duje:<\/strong><\/p>\n<ul>\n<li>glava brusilke<\/li>\n<li>stojalo za mlin\u010dek<\/li>\n<li>no\u017eni pedal<\/li>\n<li>navodila<\/li>\n<li>set svedrov:\n<ul>\n<li>3 x diamantni sveder za obnohtno ko\u017eico in manikuro<\/li>\n<li>2 x sveder za keramiko za obnohtno ko\u017eico in manikuro<\/li>\n<li>1 xn<span style=\"font-size: 16px\">pritrditev abrazivnega pokrova zebra<\/span><\/li>\n<li>6 x abrazivna kapica za pedikuro in manikuro<\/li>\n<\/ul>\n<\/li>\n<\/ul>\n<h6>Oglejte si tudi video predstavitev:<\/h6>\n<div class=\"ast-oembed-container\" style=\"height: 100%;\"><iframe title=\"Brusilnik za nohte\" width=\"500\" height=\"281\" src=\"https:\/\/www.youtube.com\/embed\/AkkW1oVliqs?feature=oembed\" frameborder=\"0\" allow=\"accelerometer; autoplay; clipboard-write; encrypted-media; gyroscope; picture-in-picture; web-share\" referrerpolicy=\"strict-origin-when-cross-origin\" allowfullscreen><\/iframe><\/div>\n<p><strong>Tehni\u010dni podatki Lak za nohte DM208 40W Bela:<\/strong><\/p>\n<ul>\n<li>mo\u010d: 40W<\/li>\n<li>napajanje: 220-230V \/ 50-60Hz<\/li>\n<li>izhodna napetost 12V<\/li>\n<li>ergonomska oblika<\/li>\n<li>vrtenje: desno \/ levo<\/li>\n<li>stikalo in nadzor mo\u010di \/ osnovne hitrosti<\/li>\n<li>nadzor hitrosti od 0 do 35.000<\/li>\n<li>premer rezalnika 2,35<\/li>\n<li>Ro\u010daj TWIST-LOCK (zamenjajte sveder v enem obratu!)<\/li>\n<li>\n<div><span class=\"goog-text-highlight\">To je brusilnik <\/span>v skladu s standardi Evropske unije CE.<\/div>\n<\/li>\n<\/ul>\n<p><strong>Garancija: 12 mesecev<\/strong><\/p>","protected":false},"excerpt":{"rendered":"<p>Brusilica za nokte DM208 40W White &#8211; vrlo je sna\u017ena brusilica za profesionalnu i za ku\u0107nu upotrebu.\u00a0Mo\u017ee se koristiti za manikuru ili pedikuru.\u00a0Vi\u0161enamjenski ure\u0111aj koji vam omogu\u0107uje da noktima date oblik iz snova, savr\u0161eno pripremite plo\u010dicu nokta za sljede\u0107i styling, savr\u0161eno uklonite ko\u017eicu za kombiniranu manikuru, a pedikura postaje nevjerovatno jednostavna i brza. Ovaj ure\u0111aj [&hellip;]<\/p>\n","protected":false},"featured_media":8868,"comment_status":"closed","ping_status":"closed","template":"","meta":{"_uag_custom_page_level_css":"","site-sidebar-layout":"default","site-content-layout":null,"ast-site-content-layout":"default","site-content-style":"default","site-sidebar-style":"default","ast-global-header-display":"","ast-banner-title-visibility":"","ast-main-header-display":"","ast-hfb-above-header-display":"","ast-hfb-below-header-display":"","ast-hfb-mobile-header-display":"","site-post-title":"","ast-breadcrumbs-content":"","ast-featured-img":"","footer-sml-layout":"","ast-disable-related-posts":"","theme-transparent-header-meta":"default","adv-header-id-meta":"","stick-header-meta":"default","header-above-stick-meta":"","header-main-stick-meta":"","header-below-stick-meta":null,"astra-migrate-meta-layouts":"default","ast-page-background-enabled":"default","ast-page-background-meta":{"desktop":{"background-color":"var(--ast-global-color-4)","background-image":"","background-repeat":"repeat","background-position":"center center","background-size":"auto","background-attachment":"scroll","background-type":"","background-media":"","overlay-type":"","overlay-color":"","overlay-opacity":"","overlay-gradient":""},"tablet":{"background-color":"","background-image":"","background-repeat":"repeat","background-position":"center center","background-size":"auto","background-attachment":"scroll","background-type":"","background-media":"","overlay-type":"","overlay-color":"","overlay-opacity":"","overlay-gradient":""},"mobile":{"background-color":"","background-image":"","background-repeat":"repeat","background-position":"center center","background-size":"auto","background-attachment":"scroll","background-type":"","background-media":"","overlay-type":"","overlay-color":"","overlay-opacity":"","overlay-gradient":""}},"ast-content-background-meta":{"desktop":{"background-color":"var(--ast-global-color-5)","background-image":"","background-repeat":"repeat","background-position":"center center","background-size":"auto","background-attachment":"scroll","background-type":"","background-media":"","overlay-type":"","overlay-color":"","overlay-opacity":"","overlay-gradient":""},"tablet":{"background-color":"var(--ast-global-color-5)","background-image":"","background-repeat":"repeat","background-position":"center center","background-size":"auto","background-attachment":"scroll","background-type":"","background-media":"","overlay-type":"","overlay-color":"","overlay-opacity":"","overlay-gradient":""},"mobile":{"background-color":"var(--ast-global-color-5)","background-image":"","background-repeat":"repeat","background-position":"center center","background-size":"auto","background-attachment":"scroll","background-type":"","background-media":"","overlay-type":"","overlay-color":"","overlay-opacity":"","overlay-gradient":""}}},"product_brand":[],"product_cat":[535],"product_tag":[223],"class_list":{"0":"post-4663","1":"product","2":"type-product","3":"status-publish","4":"has-post-thumbnail","6":"product_cat-brusilice","7":"product_tag-brusilica-za-nokte","8":"desktop-align-left","9":"tablet-align-left","10":"mobile-align-left","11":"ast-product-gallery-layout-horizontal-slider","12":"ast-product-tabs-layout-horizontal","14":"first","15":"outofstock","16":"taxable","17":"shipping-taxable","18":"purchasable","19":"product-type-simple"},"yoast_head":"<!-- This site is optimized with the Yoast SEO plugin v27.5 - https:\/\/yoast.com\/product\/yoast-seo-wordpress\/ -->\n<title>Brusilica za nokte DM208 40W White &#8902; Mea Via Beauty<\/title>\n<meta name=\"description\" content=\"Brusilica za nokte DM208 40W White &#8902; brusilica za nokte &#8902; snaga 40W&#8902; za sve vrste gelova, akrila, trajnih lakova &#8902; top kvaliteta\" \/>\n<meta name=\"robots\" content=\"index, follow, max-snippet:-1, max-image-preview:large, max-video-preview:-1\" \/>\n<link rel=\"canonical\" href=\"https:\/\/www.meavia-mh.hr\/sl\/product\/brusilica-za-nokte-dm208-40w-white\/\" \/>\n<meta property=\"og:locale\" content=\"sl_SI\" \/>\n<meta property=\"og:type\" content=\"article\" \/>\n<meta property=\"og:title\" content=\"Brusilica za nokte DM208 40W White &#8902; Mea Via Beauty\" \/>\n<meta property=\"og:description\" content=\"Brusilica za nokte DM208 40W White &#8902; brusilica za nokte &#8902; snaga 40W&#8902; za sve vrste gelova, akrila, trajnih lakova &#8902; top kvaliteta\" \/>\n<meta property=\"og:url\" content=\"https:\/\/www.meavia-mh.hr\/sl\/product\/brusilica-za-nokte-dm208-40w-white\/\" \/>\n<meta property=\"og:site_name\" content=\"Mea Via Beauty\" \/>\n<meta property=\"article:publisher\" content=\"https:\/\/www.facebook.com\/MeaViaNailsWorld\" \/>\n<meta property=\"article:modified_time\" content=\"2024-07-05T15:49:42+00:00\" \/>\n<meta property=\"og:image\" content=\"https:\/\/www.meavia-mh.hr\/wp-content\/uploads\/2021\/01\/ezgif.com-gif-maker-441.jpg\" \/>\n\t<meta property=\"og:image:width\" content=\"1594\" \/>\n\t<meta property=\"og:image:height\" content=\"1570\" \/>\n\t<meta property=\"og:image:type\" content=\"image\/jpeg\" \/>\n<meta name=\"twitter:card\" content=\"summary_large_image\" \/>\n<meta name=\"twitter:label1\" content=\"Est. reading time\" \/>\n\t<meta name=\"twitter:data1\" content=\"3 minute\" \/>\n<script type=\"application\/ld+json\" class=\"yoast-schema-graph\">{\"@context\":\"https:\\\/\\\/schema.org\",\"@graph\":[{\"@type\":\"WebPage\",\"@id\":\"https:\\\/\\\/www.meavia-mh.hr\\\/product\\\/brusilica-za-nokte-dm208-40w-white\\\/\",\"url\":\"https:\\\/\\\/www.meavia-mh.hr\\\/product\\\/brusilica-za-nokte-dm208-40w-white\\\/\",\"name\":\"Brusilica za nokte DM208 40W White &#8902; Mea Via Beauty\",\"isPartOf\":{\"@id\":\"https:\\\/\\\/meavia-mh.hr\\\/sl\\\/#website\"},\"primaryImageOfPage\":{\"@id\":\"https:\\\/\\\/www.meavia-mh.hr\\\/product\\\/brusilica-za-nokte-dm208-40w-white\\\/#primaryimage\"},\"image\":{\"@id\":\"https:\\\/\\\/www.meavia-mh.hr\\\/product\\\/brusilica-za-nokte-dm208-40w-white\\\/#primaryimage\"},\"thumbnailUrl\":\"https:\\\/\\\/www.meavia-mh.hr\\\/wp-content\\\/uploads\\\/2021\\\/01\\\/ezgif.com-gif-maker-441.jpg\",\"datePublished\":\"2021-01-08T17:21:24+00:00\",\"dateModified\":\"2024-07-05T15:49:42+00:00\",\"description\":\"Brusilica za nokte DM208 40W White &#8902; brusilica za nokte &#8902; snaga 40W&#8902; za sve vrste gelova, akrila, trajnih lakova &#8902; top kvaliteta\",\"breadcrumb\":{\"@id\":\"https:\\\/\\\/www.meavia-mh.hr\\\/product\\\/brusilica-za-nokte-dm208-40w-white\\\/#breadcrumb\"},\"inLanguage\":\"sl-SI\",\"potentialAction\":[{\"@type\":\"ReadAction\",\"target\":[\"https:\\\/\\\/www.meavia-mh.hr\\\/product\\\/brusilica-za-nokte-dm208-40w-white\\\/\"]}]},{\"@type\":\"ImageObject\",\"inLanguage\":\"sl-SI\",\"@id\":\"https:\\\/\\\/www.meavia-mh.hr\\\/product\\\/brusilica-za-nokte-dm208-40w-white\\\/#primaryimage\",\"url\":\"https:\\\/\\\/www.meavia-mh.hr\\\/wp-content\\\/uploads\\\/2021\\\/01\\\/ezgif.com-gif-maker-441.jpg\",\"contentUrl\":\"https:\\\/\\\/www.meavia-mh.hr\\\/wp-content\\\/uploads\\\/2021\\\/01\\\/ezgif.com-gif-maker-441.jpg\",\"width\":1594,\"height\":1570,\"caption\":\"Brusilica za nokte\"},{\"@type\":\"BreadcrumbList\",\"@id\":\"https:\\\/\\\/www.meavia-mh.hr\\\/product\\\/brusilica-za-nokte-dm208-40w-white\\\/#breadcrumb\",\"itemListElement\":[{\"@type\":\"ListItem\",\"position\":1,\"name\":\"Po\u010detna stranica\",\"item\":\"https:\\\/\\\/www.meavia-mh.hr\\\/\"},{\"@type\":\"ListItem\",\"position\":2,\"name\":\"Trgovina\",\"item\":\"https:\\\/\\\/meavia-mh.hr\\\/sl\\\/store\\\/\"},{\"@type\":\"ListItem\",\"position\":3,\"name\":\"Brusilica za nokte DM208 40W White\"}]},{\"@type\":\"WebSite\",\"@id\":\"https:\\\/\\\/meavia-mh.hr\\\/sl\\\/#website\",\"url\":\"https:\\\/\\\/meavia-mh.hr\\\/sl\\\/\",\"name\":\"Mea Via Beauty\",\"description\":\"Only The Best For Your Beauty\",\"publisher\":{\"@id\":\"https:\\\/\\\/meavia-mh.hr\\\/sl\\\/#organization\"},\"alternateName\":\"Mea Via Nails\",\"potentialAction\":[{\"@type\":\"SearchAction\",\"target\":{\"@type\":\"EntryPoint\",\"urlTemplate\":\"https:\\\/\\\/meavia-mh.hr\\\/sl\\\/?s={search_term_string}\"},\"query-input\":{\"@type\":\"PropertyValueSpecification\",\"valueRequired\":true,\"valueName\":\"search_term_string\"}}],\"inLanguage\":\"sl-SI\"},{\"@type\":\"Organization\",\"@id\":\"https:\\\/\\\/meavia-mh.hr\\\/sl\\\/#organization\",\"name\":\"Mea Via Nails World\",\"alternateName\":\"Mea Via\",\"url\":\"https:\\\/\\\/meavia-mh.hr\\\/sl\\\/\",\"logo\":{\"@type\":\"ImageObject\",\"inLanguage\":\"sl-SI\",\"@id\":\"https:\\\/\\\/meavia-mh.hr\\\/sl\\\/#\\\/schema\\\/logo\\\/image\\\/\",\"url\":\"https:\\\/\\\/www.meavia-mh.hr\\\/wp-content\\\/uploads\\\/2020\\\/12\\\/Mea-Via.png\",\"contentUrl\":\"https:\\\/\\\/www.meavia-mh.hr\\\/wp-content\\\/uploads\\\/2020\\\/12\\\/Mea-Via.png\",\"width\":1181,\"height\":393,\"caption\":\"Mea Via Nails World\"},\"image\":{\"@id\":\"https:\\\/\\\/meavia-mh.hr\\\/sl\\\/#\\\/schema\\\/logo\\\/image\\\/\"},\"sameAs\":[\"https:\\\/\\\/www.facebook.com\\\/MeaViaNailsWorld\",\"https:\\\/\\\/www.instagram.com\\\/mea_via_nails_world\\\/\",\"https:\\\/\\\/www.youtube.com\\\/channel\\\/UCECk0hpRWP6TN-EfA4ER96g\\\/featured\"]}]}<\/script>\n<!-- \/ Yoast SEO plugin. -->","yoast_head_json":{"title":"Pilica za nohte DM208 40W bela \u22c6 Mea Via Beauty","description":"Brusilnik za nohte DM208 40W bela \u22c6 brusilnik za nohte \u22c6 mo\u010d 40W\u22c6 za vse vrste gelov, akrila, permanentnih lakov \u22c6 vrhunska kakovost","robots":{"index":"index","follow":"follow","max-snippet":"max-snippet:-1","max-image-preview":"max-image-preview:large","max-video-preview":"max-video-preview:-1"},"canonical":"https:\/\/www.meavia-mh.hr\/sl\/product\/brusilica-za-nokte-dm208-40w-white\/","og_locale":"sl_SI","og_type":"article","og_title":"Brusilica za nokte DM208 40W White &#8902; Mea Via Beauty","og_description":"Brusilica za nokte DM208 40W White &#8902; brusilica za nokte &#8902; snaga 40W&#8902; za sve vrste gelova, akrila, trajnih lakova &#8902; top kvaliteta","og_url":"https:\/\/www.meavia-mh.hr\/sl\/product\/brusilica-za-nokte-dm208-40w-white\/","og_site_name":"Mea Via Beauty","article_publisher":"https:\/\/www.facebook.com\/MeaViaNailsWorld","article_modified_time":"2024-07-05T15:49:42+00:00","og_image":[{"width":1594,"height":1570,"url":"https:\/\/www.meavia-mh.hr\/wp-content\/uploads\/2021\/01\/ezgif.com-gif-maker-441.jpg","type":"image\/jpeg"}],"twitter_card":"summary_large_image","twitter_misc":{"Est. reading time":"3 minute"},"schema":{"@context":"https:\/\/schema.org","@graph":[{"@type":"WebPage","@id":"https:\/\/www.meavia-mh.hr\/product\/brusilica-za-nokte-dm208-40w-white\/","url":"https:\/\/www.meavia-mh.hr\/product\/brusilica-za-nokte-dm208-40w-white\/","name":"Pilica za nohte DM208 40W bela \u22c6 Mea Via Beauty","isPartOf":{"@id":"https:\/\/meavia-mh.hr\/sl\/#website"},"primaryImageOfPage":{"@id":"https:\/\/www.meavia-mh.hr\/product\/brusilica-za-nokte-dm208-40w-white\/#primaryimage"},"image":{"@id":"https:\/\/www.meavia-mh.hr\/product\/brusilica-za-nokte-dm208-40w-white\/#primaryimage"},"thumbnailUrl":"https:\/\/www.meavia-mh.hr\/wp-content\/uploads\/2021\/01\/ezgif.com-gif-maker-441.jpg","datePublished":"2021-01-08T17:21:24+00:00","dateModified":"2024-07-05T15:49:42+00:00","description":"Brusilnik za nohte DM208 40W bela \u22c6 brusilnik za nohte \u22c6 mo\u010d 40W\u22c6 za vse vrste gelov, akrila, permanentnih lakov \u22c6 vrhunska kakovost","breadcrumb":{"@id":"https:\/\/www.meavia-mh.hr\/product\/brusilica-za-nokte-dm208-40w-white\/#breadcrumb"},"inLanguage":"sl-SI","potentialAction":[{"@type":"ReadAction","target":["https:\/\/www.meavia-mh.hr\/product\/brusilica-za-nokte-dm208-40w-white\/"]}]},{"@type":"ImageObject","inLanguage":"sl-SI","@id":"https:\/\/www.meavia-mh.hr\/product\/brusilica-za-nokte-dm208-40w-white\/#primaryimage","url":"https:\/\/www.meavia-mh.hr\/wp-content\/uploads\/2021\/01\/ezgif.com-gif-maker-441.jpg","contentUrl":"https:\/\/www.meavia-mh.hr\/wp-content\/uploads\/2021\/01\/ezgif.com-gif-maker-441.jpg","width":1594,"height":1570,"caption":"Brusilica za nokte"},{"@type":"BreadcrumbList","@id":"https:\/\/www.meavia-mh.hr\/product\/brusilica-za-nokte-dm208-40w-white\/#breadcrumb","itemListElement":[{"@type":"ListItem","position":1,"name":"Po\u010detna stranica","item":"https:\/\/www.meavia-mh.hr\/"},{"@type":"ListItem","position":2,"name":"Trgovina","item":"https:\/\/meavia-mh.hr\/sl\/store\/"},{"@type":"ListItem","position":3,"name":"Brusilica za nokte DM208 40W White"}]},{"@type":"WebSite","@id":"https:\/\/meavia-mh.hr\/sl\/#website","url":"https:\/\/meavia-mh.hr\/sl\/","name":"MEA VIA BEAUTY","description":"Only The Best For Your Beauty","publisher":{"@id":"https:\/\/meavia-mh.hr\/sl\/#organization"},"alternateName":"Mea Via Nails","potentialAction":[{"@type":"SearchAction","target":{"@type":"EntryPoint","urlTemplate":"https:\/\/meavia-mh.hr\/sl\/?s={search_term_string}"},"query-input":{"@type":"PropertyValueSpecification","valueRequired":true,"valueName":"search_term_string"}}],"inLanguage":"sl-SI"},{"@type":"Organization","@id":"https:\/\/meavia-mh.hr\/sl\/#organization","name":"Mea Via Nails World","alternateName":"Mea Via","url":"https:\/\/meavia-mh.hr\/sl\/","logo":{"@type":"ImageObject","inLanguage":"sl-SI","@id":"https:\/\/meavia-mh.hr\/sl\/#\/schema\/logo\/image\/","url":"https:\/\/www.meavia-mh.hr\/wp-content\/uploads\/2020\/12\/Mea-Via.png","contentUrl":"https:\/\/www.meavia-mh.hr\/wp-content\/uploads\/2020\/12\/Mea-Via.png","width":1181,"height":393,"caption":"Mea Via Nails World"},"image":{"@id":"https:\/\/meavia-mh.hr\/sl\/#\/schema\/logo\/image\/"},"sameAs":["https:\/\/www.facebook.com\/MeaViaNailsWorld","https:\/\/www.instagram.com\/mea_via_nails_world\/","https:\/\/www.youtube.com\/channel\/UCECk0hpRWP6TN-EfA4ER96g\/featured"]}]}},"spectra_custom_meta":{"_sku":["5903775383987"],"_regular_price":["79.62"],"total_sales":["15"],"_tax_status":["taxable"],"_tax_class":[""],"_manage_stock":["yes"],"_backorders":["no"],"_sold_individually":["no"],"_virtual":["no"],"_downloadable":["no"],"_download_limit":["-1"],"_download_expiry":["-1"],"_stock":["0"],"_stock_status":["outofstock"],"_wc_average_rating":["0"],"_wc_review_count":["0"],"_product_version":["8.4.0"],"_price":["79.62"],"_wp_page_template":["default"],"_yoast_wpseo_focuskw":["Brusilica za nokte DM208 40W White"],"_yoast_wpseo_linkdex":["83"],"_yoast_wpseo_content_score":["60"],"_yoast_wpseo_primary_product_cat":["114"],"site-sidebar-layout":["default"],"site-content-layout":[null],"theme-transparent-header-meta":["default"],"stick-header-meta":["default"],"_yoast_wpseo_metadesc":["%%title%% %%sep%% brusilica za nokte %%sep%% snaga 40W%%sep%% za sve vrste gelova, akrila, trajnih lakova %%sep%% top kvaliteta"],"_edit_lock":["1702823156:1239"],"_edit_last":["1239"],"_thumbnail_id":["8868"],"_yoast_wpseo_estimated-reading-time-minutes":["3"],"_woocs_price_geo_countries":[""],"_woocs_regular_price_geo":[""],"_woocs_sale_price_geo":[""],"cartflows_redirect_flow_id":[""],"cartflows_add_to_cart_text":[""],"_oembed_d6138060752852425187c857bf1ad80e":["<iframe title=\"Brusilica za nokte\" width=\"898\" height=\"505\" src=\"https:\/\/www.youtube.com\/embed\/AkkW1oVliqs?feature=oembed\" frameborder=\"0\" allow=\"accelerometer; autoplay; clipboard-write; encrypted-media; gyroscope; picture-in-picture\" allowfullscreen><\/iframe>"],"_oembed_time_d6138060752852425187c857bf1ad80e":["1630792830"],"_oembed_88830407e414e7d8be1779399fe4e544":["<iframe title=\"Brusilica za nokte\" width=\"500\" height=\"281\" src=\"https:\/\/www.youtube.com\/embed\/AkkW1oVliqs?feature=oembed\" frameborder=\"0\" allow=\"accelerometer; autoplay; clipboard-write; encrypted-media; gyroscope; picture-in-picture\" allowfullscreen><\/iframe>"],"_oembed_time_88830407e414e7d8be1779399fe4e544":["1631181821"],"_oembed_e79e5f066c8184b5003f30fa86e0cb4a":["<iframe title=\"Brusilica za nokte\" width=\"922\" height=\"519\" src=\"https:\/\/www.youtube.com\/embed\/AkkW1oVliqs?feature=oembed\" frameborder=\"0\" allow=\"accelerometer; autoplay; clipboard-write; encrypted-media; gyroscope; picture-in-picture\" allowfullscreen><\/iframe>"],"_oembed_time_e79e5f066c8184b5003f30fa86e0cb4a":["1630792868"],"_oembed_04e35dc9f874b32086dc4911689ec08f":["<iframe title=\"Brusilica za nokte\" width=\"1200\" height=\"675\" src=\"https:\/\/www.youtube.com\/embed\/AkkW1oVliqs?feature=oembed\" frameborder=\"0\" allow=\"accelerometer; autoplay; clipboard-write; encrypted-media; gyroscope; picture-in-picture\" allowfullscreen><\/iframe>"],"_oembed_time_04e35dc9f874b32086dc4911689ec08f":["1630841049"],"_product_image_gallery":["8870,8869,8867"],"_woocs_regular_price_EUR":["79.62"],"_woocs_sale_price_EUR":["-1"],"ast-below-header-display":[null],"footer-adv-display":[null],"adv-header-id-meta":[""],"header-below-stick-meta":[null],"_lowest_price_30_days":["79.62"],"_oembed_1e6721fc9d119a9ef0d038592c5c49df":["<iframe title=\"Brusilica za nokte\" width=\"500\" height=\"281\" src=\"https:\/\/www.youtube.com\/embed\/AkkW1oVliqs?feature=oembed\" frameborder=\"0\" allow=\"accelerometer; autoplay; clipboard-write; encrypted-media; gyroscope; picture-in-picture; web-share\" referrerpolicy=\"strict-origin-when-cross-origin\" allowfullscreen><\/iframe>"],"_oembed_time_1e6721fc9d119a9ef0d038592c5c49df":["1715816389"],"uag_migration_processed":["1"],"_elementor_page_assets":["a:0:{}"],"_uag_page_assets":["a:9:{s:3:\"css\";s:0:\"\";s:2:\"js\";s:0:\"\";s:18:\"current_block_list\";a:3:{i:0;s:11:\"core\/search\";i:1;s:18:\"core\/legacy-widget\";i:2;s:27:\"woocommerce\/product-filters\";}s:8:\"uag_flag\";b:0;s:11:\"uag_version\";s:10:\"1777652637\";s:6:\"gfonts\";a:0:{}s:10:\"gfonts_url\";s:0:\"\";s:12:\"gfonts_files\";a:0:{}s:14:\"uag_faq_layout\";b:0;}"]},"uagb_featured_image_src":{"full":["https:\/\/www.meavia-mh.hr\/wp-content\/uploads\/2021\/01\/ezgif.com-gif-maker-441.jpg",1594,1570,false],"thumbnail":["https:\/\/www.meavia-mh.hr\/wp-content\/uploads\/2021\/01\/ezgif.com-gif-maker-441-150x150.jpg",150,150,true],"medium":["https:\/\/www.meavia-mh.hr\/wp-content\/uploads\/2021\/01\/ezgif.com-gif-maker-441-300x295.jpg",300,295,true],"medium_large":["https:\/\/www.meavia-mh.hr\/wp-content\/uploads\/2021\/01\/ezgif.com-gif-maker-441-768x756.jpg",768,756,true],"large":["https:\/\/www.meavia-mh.hr\/wp-content\/uploads\/2021\/01\/ezgif.com-gif-maker-441-1024x1009.jpg",1024,1009,true],"1536x1536":["https:\/\/www.meavia-mh.hr\/wp-content\/uploads\/2021\/01\/ezgif.com-gif-maker-441-1536x1513.jpg",1536,1513,true],"2048x2048":["https:\/\/www.meavia-mh.hr\/wp-content\/uploads\/2021\/01\/ezgif.com-gif-maker-441.jpg",1594,1570,false],"trp-custom-language-flag":["https:\/\/www.meavia-mh.hr\/wp-content\/uploads\/2021\/01\/ezgif.com-gif-maker-441-12x12.jpg",12,12,true],"woocommerce_thumbnail":["https:\/\/www.meavia-mh.hr\/wp-content\/uploads\/2021\/01\/ezgif.com-gif-maker-441-300x300.jpg",300,300,true],"woocommerce_single":["https:\/\/www.meavia-mh.hr\/wp-content\/uploads\/2021\/01\/ezgif.com-gif-maker-441-600x591.jpg",600,591,true],"woocommerce_gallery_thumbnail":["https:\/\/www.meavia-mh.hr\/wp-content\/uploads\/2021\/01\/ezgif.com-gif-maker-441-100x100.jpg",100,100,true]},"uagb_author_info":{"display_name":"Mea Via","author_link":"https:\/\/www.meavia-mh.hr\/sl\/author\/"},"uagb_comment_info":0,"uagb_excerpt":"Brusilica za nokte DM208 40W White &#8211; vrlo je sna\u017ena brusilica za profesionalnu i za ku\u0107nu upotrebu.\u00a0Mo\u017ee se koristiti za manikuru ili pedikuru.\u00a0Vi\u0161enamjenski ure\u0111aj koji vam omogu\u0107uje da noktima date oblik iz snova, savr\u0161eno pripremite plo\u010dicu nokta za sljede\u0107i styling, savr\u0161eno uklonite ko\u017eicu za kombiniranu manikuru, a pedikura postaje nevjerovatno jednostavna i brza. Ovaj ure\u0111aj&hellip;","_links":{"self":[{"href":"https:\/\/www.meavia-mh.hr\/sl\/wp-json\/wp\/v2\/product\/4663","targetHints":{"allow":["GET"]}}],"collection":[{"href":"https:\/\/www.meavia-mh.hr\/sl\/wp-json\/wp\/v2\/product"}],"about":[{"href":"https:\/\/www.meavia-mh.hr\/sl\/wp-json\/wp\/v2\/types\/product"}],"replies":[{"embeddable":true,"href":"https:\/\/www.meavia-mh.hr\/sl\/wp-json\/wp\/v2\/comments?post=4663"}],"version-history":[{"count":2,"href":"https:\/\/www.meavia-mh.hr\/sl\/wp-json\/wp\/v2\/product\/4663\/revisions"}],"predecessor-version":[{"id":31391,"href":"https:\/\/www.meavia-mh.hr\/sl\/wp-json\/wp\/v2\/product\/4663\/revisions\/31391"}],"wp:featuredmedia":[{"embeddable":true,"href":"https:\/\/www.meavia-mh.hr\/sl\/wp-json\/wp\/v2\/media\/8868"}],"wp:attachment":[{"href":"https:\/\/www.meavia-mh.hr\/sl\/wp-json\/wp\/v2\/media?parent=4663"}],"wp:term":[{"taxonomy":"product_brand","embeddable":true,"href":"https:\/\/www.meavia-mh.hr\/sl\/wp-json\/wp\/v2\/product_brand?post=4663"},{"taxonomy":"product_cat","embeddable":true,"href":"https:\/\/www.meavia-mh.hr\/sl\/wp-json\/wp\/v2\/product_cat?post=4663"},{"taxonomy":"product_tag","embeddable":true,"href":"https:\/\/www.meavia-mh.hr\/sl\/wp-json\/wp\/v2\/product_tag?post=4663"}],"curies":[{"name":"delovni list","href":"https:\/\/api.w.org\/{rel}","templated":true}]}}