{"id":4660,"date":"2021-01-08T17:08:44","date_gmt":"2021-01-08T17:08:44","guid":{"rendered":"https:\/\/www.meavia-mh.hr\/?post_type=product&#038;p=4660"},"modified":"2024-07-05T15:49:42","modified_gmt":"2024-07-05T15:49:42","slug":"stylistic-lampa-uv-led-styl4-80w","status":"publish","type":"product","link":"https:\/\/www.meavia-mh.hr\/sl\/product\/stylistic-lampa-uv-led-styl4-80w\/","title":{"rendered":"Stylistic UV\/LED lu\u010dka STYL4 80W"},"content":{"rendered":"<p>Stilska UV \/ LED \u017earnica STYL4 80W - profesionalna svetilka za hitro in u\u010dinkovito strjevanje UV \/ LED gelov in trajnih lakov.<\/p>\n<ul>\n<li>Zasnovan za za\u0161\u010dito o\u010di med delom.<\/li>\n<li>Dual Led tehnologija - kombinacija LED in UV svetlobe (365 nm + 405 nm) vse polimerizira <a href=\"https:\/\/www.meavia-mh.hr\/sl\/product\/palu-gel-polish-trajni-lak-london-grey-g6-11ml\/\">trajni laki<\/a> in geli.<\/li>\n<li>42 enakomerno razporejenih LED diod naredi izdelek popolnoma polimeriziran in imeli boste ve\u010d svobode gibanja!<\/li>\n<li>\u017divljenjska doba naprave: 50.000 ur.<\/li>\n<li>Ne dra\u017ei o\u010di<\/li>\n<li>brez opeklin nohtne plo\u0161\u010de.<\/li>\n<\/ul>\n<h6>Tehni\u010dne specifikacije:<\/h6>\n<ul>\n<li>Senzor gibanja<\/li>\n<li>LED prikaz \u010dasa<\/li>\n<li>Od\u0161tevanje s 3 na\u010dini polimerizacije: 10, 30, 60 sekund<\/li>\n<li>Low Heat - na\u010din nizke temperature 99 s<\/li>\n<li>Napajalni vti\u010d<\/li>\n<li>Ro\u010daj za prena\u0161anje<\/li>\n<li>42 LED UV \/ LED (365 + 405nm)<\/li>\n<li>brez zamenjave \u017earnice<\/li>\n<li>Mo\u010d: 80W<\/li>\n<li>Dimenzije: 235 x 223 x 102 mm<\/li>\n<li>Barva: bela s snemljivo \u010drno podlago<\/li>\n<li>Garancijski rok: 12 mesecev<\/li>\n<li>Garancija velja ob obvezni predlo\u017eitvi ra\u010duna in embala\u017ee. Vse na\u0161e naprave so servisirane v poobla\u0161\u010denem servisu.<\/li>\n<li>Opomba: Pazite, da material ne pride v stik z \u017earnicami in senzorji. \u010ce pride, ga previdno o\u010distite, da ne po\u0161kodujete \u017earnic in senzorjev.<\/li>\n<\/ul>\n<h6>Uporabni\u0161ki priro\u010dnik Stilisti\u010dna svetilka UV \/ LED STYL4 80W:<\/h6>\n<ul>\n<li>Lu\u010dko z napajalnim kablom priklju\u010dite na vir napajanja.<\/li>\n<li>\u010casovnik ima 4 na\u010dine su\u0161enja: 10s, 30s, 60s in 99s (na\u010din z nizko toploto)<\/li>\n<li>Po zagonu \u017earnice lahko izberete ustrezen gumb \u010dasovnika, da se \u017earnica preklopi v stanje pripravljenosti in za\u010dne od\u0161tevati izbrani \u010das polimerizacije (vsak izdelek ima svoj \u010das polimerizacije).<\/li>\n<li>Po ponovnem pritisku na izbrani gumb za od\u0161tevanje med delovanjem lu\u010dka preide v stanje pripravljenosti.<\/li>\n<li>Ko vstavite roko, ne da bi izbrali \u010das delovanja, senzor gibanja samodejno vklopi svetilko v na\u010dinu 120s.<\/li>\n<li>Spreminjanje mo\u010di \u017earnice s 54W na 80W - ko izberete \u010das delovanja med 10s, 30s, 60s ali vstavite roko v svetilko in jo za\u017eenete s senzorjem gibanja - pritisnite in dr\u017eite gumb 99s \/ Double Power, to vam bo omogo\u010dilo za preklop mo\u010di z 80W na 54W. Mo\u010d svetilke je mogo\u010de spremeniti le, \u010de svetilka deluje v na\u010dinu izbire delovnega \u010dasa ali s senzorjem gibanja.<\/li>\n<li>Low Heat - ko dr\u017eite gumb 99s, bo naprava preklopila v na\u010din nizke temperature, tj.\u017earka postopoma pove\u010duje intenzivnost svetlobe, dokler ne dose\u017ee polne mo\u010di. Ta u\u010dinek pomeni, da postopek polimerizacije gelov ali hibridov ne povzro\u010di peko\u010dega ob\u010dutka na nohtni plo\u0161\u010di.<\/li>\n<li>Spomin na izbiro delovnega \u010dasa - tipke 10s, 30s, 60s, 99s imajo pomnilni\u0161ko funkcijo. Po izbiri dolo\u010denega \u010dasa si svetilka zapomni izbor in naslednji\u010d, ko postavite roko, se lu\u010dka za\u017eene s prej izbranim \u010dasom.<\/li>\n<li>\u010cas na LED zaslonu - po izbiri delovnega \u010dasa med 10s, 30s, 60s se \u010das \u0161teje od izbranega \u010dasa do ni\u010d. \u010ce je senzor gibanja aktiviran in se samodejno aktivira na\u010din 99s Low Heat, se \u010das izra\u010duna od 0 do 99s ali 120s, odvisno od izbrane mo\u017enosti.<\/li>\n<li>Ko kon\u010date, odklopite svetilko iz vira napajanja.<\/li>\n<\/ul>\n<h6>SPLO\u0160NE INFORMACIJE IN OPOZORILA:<\/h6>\n<ul>\n<li>Uporabite ustrezno napetost za \u017earnico. Ne dovolite, da naprava pride v stik z vodo.<\/li>\n<li>Ne uporabljajte LED svetilke:<br \/>\n- v mokrih prostorih,<br \/>\n- \u010de je napajalnik po\u0161kodovan<br \/>\n- \u010de je naprava ali priklju\u010dni kabel po\u0161kodovan<br \/>\n- \u010de je TIMER po\u0161kodovan.<\/li>\n<li>Napravo hranite stran od otrok.<\/li>\n<li>Naprava je namenjena za uporabo v zaprtih prostorih.<\/li>\n<\/ul>","protected":false},"excerpt":{"rendered":"<p>Stylistic lampa UV\/LED STYL4 80W &#8211; profesionalna lampa za brzo i u\u010dinkovito stvrdnjavanje UV\/LED gelova i trajnih lakova. Dizajnirana da pru\u017ei za\u0161titu va\u0161im o\u010dima tijekom rada. Dual Led tehnologija &#8211; kombinacija LED i UV svjetla (365 nm + 405 nm) polimerizira sve trajne lakove i gelove. 42 ravnomjerno raspore\u0111enih LED dioda \u010dini da \u0107e proizvod [&hellip;]<\/p>\n","protected":false},"featured_media":4661,"comment_status":"closed","ping_status":"closed","template":"","meta":{"_uag_custom_page_level_css":"","site-sidebar-layout":"default","site-content-layout":null,"ast-site-content-layout":"default","site-content-style":"default","site-sidebar-style":"default","ast-global-header-display":"","ast-banner-title-visibility":"","ast-main-header-display":"","ast-hfb-above-header-display":"","ast-hfb-below-header-display":"","ast-hfb-mobile-header-display":"","site-post-title":"","ast-breadcrumbs-content":"","ast-featured-img":"","footer-sml-layout":"","ast-disable-related-posts":"","theme-transparent-header-meta":"default","adv-header-id-meta":"","stick-header-meta":"default","header-above-stick-meta":"","header-main-stick-meta":"","header-below-stick-meta":"","astra-migrate-meta-layouts":"default","ast-page-background-enabled":"default","ast-page-background-meta":{"desktop":{"background-color":"var(--ast-global-color-4)","background-image":"","background-repeat":"repeat","background-position":"center center","background-size":"auto","background-attachment":"scroll","background-type":"","background-media":"","overlay-type":"","overlay-color":"","overlay-opacity":"","overlay-gradient":""},"tablet":{"background-color":"","background-image":"","background-repeat":"repeat","background-position":"center center","background-size":"auto","background-attachment":"scroll","background-type":"","background-media":"","overlay-type":"","overlay-color":"","overlay-opacity":"","overlay-gradient":""},"mobile":{"background-color":"","background-image":"","background-repeat":"repeat","background-position":"center center","background-size":"auto","background-attachment":"scroll","background-type":"","background-media":"","overlay-type":"","overlay-color":"","overlay-opacity":"","overlay-gradient":""}},"ast-content-background-meta":{"desktop":{"background-color":"var(--ast-global-color-5)","background-image":"","background-repeat":"repeat","background-position":"center center","background-size":"auto","background-attachment":"scroll","background-type":"","background-media":"","overlay-type":"","overlay-color":"","overlay-opacity":"","overlay-gradient":""},"tablet":{"background-color":"var(--ast-global-color-5)","background-image":"","background-repeat":"repeat","background-position":"center center","background-size":"auto","background-attachment":"scroll","background-type":"","background-media":"","overlay-type":"","overlay-color":"","overlay-opacity":"","overlay-gradient":""},"mobile":{"background-color":"var(--ast-global-color-5)","background-image":"","background-repeat":"repeat","background-position":"center center","background-size":"auto","background-attachment":"scroll","background-type":"","background-media":"","overlay-type":"","overlay-color":"","overlay-opacity":"","overlay-gradient":""}}},"product_brand":[],"product_cat":[220],"product_tag":[221],"class_list":{"0":"post-4660","1":"product","2":"type-product","3":"status-publish","4":"has-post-thumbnail","6":"product_cat-uvled-lampe","7":"product_tag-uv-led-lampa","8":"desktop-align-left","9":"tablet-align-left","10":"mobile-align-left","11":"ast-product-gallery-layout-horizontal-slider","12":"ast-product-tabs-layout-horizontal","14":"first","15":"outofstock","16":"taxable","17":"shipping-taxable","18":"purchasable","19":"product-type-simple"},"yoast_head":"<!-- This site is optimized with the Yoast SEO plugin v27.4 - https:\/\/yoast.com\/product\/yoast-seo-wordpress\/ -->\n<title>Stylistic lampa UV\/LED STYL4 80W &#8902; Mea Via Beauty<\/title>\n<meta name=\"description\" content=\"Stylistic lampa UV\/LED STYL4 80W &#8902; profesionalna lampa za nokte &#8902; snaga 80W&#8902; za sve vrste gelova, akrila, trajnih lakova &#8902; top kvaliteta\" \/>\n<meta name=\"robots\" content=\"index, follow, max-snippet:-1, max-image-preview:large, max-video-preview:-1\" \/>\n<link rel=\"canonical\" href=\"https:\/\/www.meavia-mh.hr\/sl\/product\/stylistic-lampa-uv-led-styl4-80w\/\" \/>\n<meta property=\"og:locale\" content=\"sl_SI\" \/>\n<meta property=\"og:type\" content=\"article\" \/>\n<meta property=\"og:title\" content=\"Stylistic lampa UV\/LED STYL4 80W &#8902; Mea Via Beauty\" \/>\n<meta property=\"og:description\" content=\"Stylistic lampa UV\/LED STYL4 80W &#8902; profesionalna lampa za nokte &#8902; snaga 80W&#8902; za sve vrste gelova, akrila, trajnih lakova &#8902; top kvaliteta\" \/>\n<meta property=\"og:url\" content=\"https:\/\/www.meavia-mh.hr\/sl\/product\/stylistic-lampa-uv-led-styl4-80w\/\" \/>\n<meta property=\"og:site_name\" content=\"Mea Via Beauty\" \/>\n<meta property=\"article:publisher\" content=\"https:\/\/www.facebook.com\/MeaViaNailsWorld\" \/>\n<meta property=\"article:modified_time\" content=\"2024-07-05T15:49:42+00:00\" \/>\n<meta property=\"og:image\" content=\"https:\/\/www.meavia-mh.hr\/wp-content\/uploads\/2021\/01\/Stylistic-lampa-UVLED-STYL4-80W.jpg\" \/>\n\t<meta property=\"og:image:width\" content=\"1408\" \/>\n\t<meta property=\"og:image:height\" content=\"1410\" \/>\n\t<meta property=\"og:image:type\" content=\"image\/jpeg\" \/>\n<meta name=\"twitter:card\" content=\"summary_large_image\" \/>\n<meta name=\"twitter:label1\" content=\"Est. reading time\" \/>\n\t<meta name=\"twitter:data1\" content=\"3 minute\" \/>\n<script type=\"application\/ld+json\" class=\"yoast-schema-graph\">{\"@context\":\"https:\\\/\\\/schema.org\",\"@graph\":[{\"@type\":\"WebPage\",\"@id\":\"https:\\\/\\\/www.meavia-mh.hr\\\/product\\\/stylistic-lampa-uv-led-styl4-80w\\\/\",\"url\":\"https:\\\/\\\/www.meavia-mh.hr\\\/product\\\/stylistic-lampa-uv-led-styl4-80w\\\/\",\"name\":\"Stylistic lampa UV\\\/LED STYL4 80W &#8902; Mea Via Beauty\",\"isPartOf\":{\"@id\":\"https:\\\/\\\/meavia-mh.hr\\\/sl\\\/#website\"},\"primaryImageOfPage\":{\"@id\":\"https:\\\/\\\/www.meavia-mh.hr\\\/product\\\/stylistic-lampa-uv-led-styl4-80w\\\/#primaryimage\"},\"image\":{\"@id\":\"https:\\\/\\\/www.meavia-mh.hr\\\/product\\\/stylistic-lampa-uv-led-styl4-80w\\\/#primaryimage\"},\"thumbnailUrl\":\"https:\\\/\\\/www.meavia-mh.hr\\\/wp-content\\\/uploads\\\/2021\\\/01\\\/Stylistic-lampa-UVLED-STYL4-80W.jpg\",\"datePublished\":\"2021-01-08T17:08:44+00:00\",\"dateModified\":\"2024-07-05T15:49:42+00:00\",\"description\":\"Stylistic lampa UV\\\/LED STYL4 80W &#8902; profesionalna lampa za nokte &#8902; snaga 80W&#8902; za sve vrste gelova, akrila, trajnih lakova &#8902; top kvaliteta\",\"breadcrumb\":{\"@id\":\"https:\\\/\\\/www.meavia-mh.hr\\\/product\\\/stylistic-lampa-uv-led-styl4-80w\\\/#breadcrumb\"},\"inLanguage\":\"sl-SI\",\"potentialAction\":[{\"@type\":\"ReadAction\",\"target\":[\"https:\\\/\\\/www.meavia-mh.hr\\\/product\\\/stylistic-lampa-uv-led-styl4-80w\\\/\"]}]},{\"@type\":\"ImageObject\",\"inLanguage\":\"sl-SI\",\"@id\":\"https:\\\/\\\/www.meavia-mh.hr\\\/product\\\/stylistic-lampa-uv-led-styl4-80w\\\/#primaryimage\",\"url\":\"https:\\\/\\\/www.meavia-mh.hr\\\/wp-content\\\/uploads\\\/2021\\\/01\\\/Stylistic-lampa-UVLED-STYL4-80W.jpg\",\"contentUrl\":\"https:\\\/\\\/www.meavia-mh.hr\\\/wp-content\\\/uploads\\\/2021\\\/01\\\/Stylistic-lampa-UVLED-STYL4-80W.jpg\",\"width\":1408,\"height\":1410,\"caption\":\"Stylistic lampa UV\\\/LED STYL4 80W\"},{\"@type\":\"BreadcrumbList\",\"@id\":\"https:\\\/\\\/www.meavia-mh.hr\\\/product\\\/stylistic-lampa-uv-led-styl4-80w\\\/#breadcrumb\",\"itemListElement\":[{\"@type\":\"ListItem\",\"position\":1,\"name\":\"Po\u010detna stranica\",\"item\":\"https:\\\/\\\/www.meavia-mh.hr\\\/\"},{\"@type\":\"ListItem\",\"position\":2,\"name\":\"Trgovina\",\"item\":\"https:\\\/\\\/meavia-mh.hr\\\/sl\\\/store\\\/\"},{\"@type\":\"ListItem\",\"position\":3,\"name\":\"Stylistic lampa UV\\\/LED STYL4 80W\"}]},{\"@type\":\"WebSite\",\"@id\":\"https:\\\/\\\/meavia-mh.hr\\\/sl\\\/#website\",\"url\":\"https:\\\/\\\/meavia-mh.hr\\\/sl\\\/\",\"name\":\"Mea Via Beauty\",\"description\":\"Only The Best For Your Beauty\",\"publisher\":{\"@id\":\"https:\\\/\\\/meavia-mh.hr\\\/sl\\\/#organization\"},\"alternateName\":\"Mea Via Nails\",\"potentialAction\":[{\"@type\":\"SearchAction\",\"target\":{\"@type\":\"EntryPoint\",\"urlTemplate\":\"https:\\\/\\\/meavia-mh.hr\\\/sl\\\/?s={search_term_string}\"},\"query-input\":{\"@type\":\"PropertyValueSpecification\",\"valueRequired\":true,\"valueName\":\"search_term_string\"}}],\"inLanguage\":\"sl-SI\"},{\"@type\":\"Organization\",\"@id\":\"https:\\\/\\\/meavia-mh.hr\\\/sl\\\/#organization\",\"name\":\"Mea Via Nails World\",\"alternateName\":\"Mea Via\",\"url\":\"https:\\\/\\\/meavia-mh.hr\\\/sl\\\/\",\"logo\":{\"@type\":\"ImageObject\",\"inLanguage\":\"sl-SI\",\"@id\":\"https:\\\/\\\/meavia-mh.hr\\\/sl\\\/#\\\/schema\\\/logo\\\/image\\\/\",\"url\":\"https:\\\/\\\/www.meavia-mh.hr\\\/wp-content\\\/uploads\\\/2020\\\/12\\\/Mea-Via.png\",\"contentUrl\":\"https:\\\/\\\/www.meavia-mh.hr\\\/wp-content\\\/uploads\\\/2020\\\/12\\\/Mea-Via.png\",\"width\":1181,\"height\":393,\"caption\":\"Mea Via Nails World\"},\"image\":{\"@id\":\"https:\\\/\\\/meavia-mh.hr\\\/sl\\\/#\\\/schema\\\/logo\\\/image\\\/\"},\"sameAs\":[\"https:\\\/\\\/www.facebook.com\\\/MeaViaNailsWorld\",\"https:\\\/\\\/www.instagram.com\\\/mea_via_nails_world\\\/\",\"https:\\\/\\\/www.youtube.com\\\/channel\\\/UCECk0hpRWP6TN-EfA4ER96g\\\/featured\"]}]}<\/script>\n<!-- \/ Yoast SEO plugin. -->","yoast_head_json":{"title":"Stylistic lampa UV\/LED STYL4 80W &#8902; Mea Via Beauty","description":"Stylistic lampa UV\/LED STYL4 80W &#8902; profesionalna lampa za nokte &#8902; snaga 80W&#8902; za sve vrste gelova, akrila, trajnih lakova &#8902; top kvaliteta","robots":{"index":"index","follow":"follow","max-snippet":"max-snippet:-1","max-image-preview":"max-image-preview:large","max-video-preview":"max-video-preview:-1"},"canonical":"https:\/\/www.meavia-mh.hr\/sl\/product\/stylistic-lampa-uv-led-styl4-80w\/","og_locale":"sl_SI","og_type":"article","og_title":"Stylistic lampa UV\/LED STYL4 80W &#8902; Mea Via Beauty","og_description":"Stylistic lampa UV\/LED STYL4 80W &#8902; profesionalna lampa za nokte &#8902; snaga 80W&#8902; za sve vrste gelova, akrila, trajnih lakova &#8902; top kvaliteta","og_url":"https:\/\/www.meavia-mh.hr\/sl\/product\/stylistic-lampa-uv-led-styl4-80w\/","og_site_name":"Mea Via Beauty","article_publisher":"https:\/\/www.facebook.com\/MeaViaNailsWorld","article_modified_time":"2024-07-05T15:49:42+00:00","og_image":[{"width":1408,"height":1410,"url":"https:\/\/www.meavia-mh.hr\/wp-content\/uploads\/2021\/01\/Stylistic-lampa-UVLED-STYL4-80W.jpg","type":"image\/jpeg"}],"twitter_card":"summary_large_image","twitter_misc":{"Est. reading time":"3 minute"},"schema":{"@context":"https:\/\/schema.org","@graph":[{"@type":"WebPage","@id":"https:\/\/www.meavia-mh.hr\/product\/stylistic-lampa-uv-led-styl4-80w\/","url":"https:\/\/www.meavia-mh.hr\/product\/stylistic-lampa-uv-led-styl4-80w\/","name":"Stylistic lampa UV\/LED STYL4 80W &#8902; Mea Via Beauty","isPartOf":{"@id":"https:\/\/meavia-mh.hr\/sl\/#website"},"primaryImageOfPage":{"@id":"https:\/\/www.meavia-mh.hr\/product\/stylistic-lampa-uv-led-styl4-80w\/#primaryimage"},"image":{"@id":"https:\/\/www.meavia-mh.hr\/product\/stylistic-lampa-uv-led-styl4-80w\/#primaryimage"},"thumbnailUrl":"https:\/\/www.meavia-mh.hr\/wp-content\/uploads\/2021\/01\/Stylistic-lampa-UVLED-STYL4-80W.jpg","datePublished":"2021-01-08T17:08:44+00:00","dateModified":"2024-07-05T15:49:42+00:00","description":"Stylistic lampa UV\/LED STYL4 80W &#8902; profesionalna lampa za nokte &#8902; snaga 80W&#8902; za sve vrste gelova, akrila, trajnih lakova &#8902; top kvaliteta","breadcrumb":{"@id":"https:\/\/www.meavia-mh.hr\/product\/stylistic-lampa-uv-led-styl4-80w\/#breadcrumb"},"inLanguage":"sl-SI","potentialAction":[{"@type":"ReadAction","target":["https:\/\/www.meavia-mh.hr\/product\/stylistic-lampa-uv-led-styl4-80w\/"]}]},{"@type":"ImageObject","inLanguage":"sl-SI","@id":"https:\/\/www.meavia-mh.hr\/product\/stylistic-lampa-uv-led-styl4-80w\/#primaryimage","url":"https:\/\/www.meavia-mh.hr\/wp-content\/uploads\/2021\/01\/Stylistic-lampa-UVLED-STYL4-80W.jpg","contentUrl":"https:\/\/www.meavia-mh.hr\/wp-content\/uploads\/2021\/01\/Stylistic-lampa-UVLED-STYL4-80W.jpg","width":1408,"height":1410,"caption":"Stylistic lampa UV\/LED STYL4 80W"},{"@type":"BreadcrumbList","@id":"https:\/\/www.meavia-mh.hr\/product\/stylistic-lampa-uv-led-styl4-80w\/#breadcrumb","itemListElement":[{"@type":"ListItem","position":1,"name":"Po\u010detna stranica","item":"https:\/\/www.meavia-mh.hr\/"},{"@type":"ListItem","position":2,"name":"Trgovina","item":"https:\/\/meavia-mh.hr\/sl\/store\/"},{"@type":"ListItem","position":3,"name":"Stylistic lampa UV\/LED STYL4 80W"}]},{"@type":"WebSite","@id":"https:\/\/meavia-mh.hr\/sl\/#website","url":"https:\/\/meavia-mh.hr\/sl\/","name":"MEA VIA BEAUTY","description":"Only The Best For Your Beauty","publisher":{"@id":"https:\/\/meavia-mh.hr\/sl\/#organization"},"alternateName":"Mea Via Nails","potentialAction":[{"@type":"SearchAction","target":{"@type":"EntryPoint","urlTemplate":"https:\/\/meavia-mh.hr\/sl\/?s={search_term_string}"},"query-input":{"@type":"PropertyValueSpecification","valueRequired":true,"valueName":"search_term_string"}}],"inLanguage":"sl-SI"},{"@type":"Organization","@id":"https:\/\/meavia-mh.hr\/sl\/#organization","name":"Mea Via Nails World","alternateName":"Mea Via","url":"https:\/\/meavia-mh.hr\/sl\/","logo":{"@type":"ImageObject","inLanguage":"sl-SI","@id":"https:\/\/meavia-mh.hr\/sl\/#\/schema\/logo\/image\/","url":"https:\/\/www.meavia-mh.hr\/wp-content\/uploads\/2020\/12\/Mea-Via.png","contentUrl":"https:\/\/www.meavia-mh.hr\/wp-content\/uploads\/2020\/12\/Mea-Via.png","width":1181,"height":393,"caption":"Mea Via Nails World"},"image":{"@id":"https:\/\/meavia-mh.hr\/sl\/#\/schema\/logo\/image\/"},"sameAs":["https:\/\/www.facebook.com\/MeaViaNailsWorld","https:\/\/www.instagram.com\/mea_via_nails_world\/","https:\/\/www.youtube.com\/channel\/UCECk0hpRWP6TN-EfA4ER96g\/featured"]}]}},"spectra_custom_meta":{"_sku":["ST-LMP-STYL-0004-001"],"_regular_price":["49.09"],"total_sales":["29"],"_tax_status":["taxable"],"_tax_class":[""],"_manage_stock":["yes"],"_backorders":["no"],"_sold_individually":["no"],"_virtual":["no"],"_downloadable":["no"],"_download_limit":["-1"],"_download_expiry":["-1"],"_thumbnail_id":["4661"],"_stock":["0"],"_stock_status":["outofstock"],"_wc_average_rating":["0"],"_wc_review_count":["0"],"_product_version":["8.4.0"],"_price":["49.09"],"_wp_page_template":["default"],"_yoast_wpseo_focuskw":["Stylistic lampa UV\/LED STYL4 80W"],"_yoast_wpseo_linkdex":["83"],"_yoast_wpseo_content_score":["90"],"_yoast_wpseo_primary_product_cat":["114"],"site-sidebar-layout":["default"],"site-content-layout":[null],"theme-transparent-header-meta":["default"],"stick-header-meta":["default"],"_yoast_wpseo_metadesc":["%%title%% %%sep%% profesionalna lampa za nokte %%sep%% snaga 80W%%sep%% za sve vrste gelova, akrila, trajnih lakova %%sep%% top kvaliteta"],"_edit_lock":["1702823172:1239"],"_edit_last":["1239"],"_yoast_wpseo_estimated-reading-time-minutes":["3"],"_woocs_price_geo_countries":[""],"_woocs_regular_price_geo":[""],"_woocs_sale_price_geo":[""],"cartflows_redirect_flow_id":[""],"cartflows_add_to_cart_text":[""],"_product_image_gallery":["7464,7496,7495,7494,7493,7492,7471"],"_woocs_regular_price_EUR":["49.09"],"_woocs_sale_price_EUR":["-1"],"footer-adv-display":[null],"adv-header-id-meta":[""],"_lowest_price_30_days":["49.09"],"uag_migration_processed":["1"],"_elementor_page_assets":["a:0:{}"],"_uag_page_assets":["a:9:{s:3:\"css\";s:0:\"\";s:2:\"js\";s:0:\"\";s:18:\"current_block_list\";a:3:{i:0;s:11:\"core\/search\";i:1;s:18:\"core\/legacy-widget\";i:2;s:27:\"woocommerce\/product-filters\";}s:8:\"uag_flag\";b:0;s:11:\"uag_version\";s:10:\"1776503599\";s:6:\"gfonts\";a:0:{}s:10:\"gfonts_url\";s:0:\"\";s:12:\"gfonts_files\";a:0:{}s:14:\"uag_faq_layout\";b:0;}"]},"uagb_featured_image_src":{"full":["https:\/\/www.meavia-mh.hr\/wp-content\/uploads\/2021\/01\/Stylistic-lampa-UVLED-STYL4-80W.jpg",1408,1410,false],"thumbnail":["https:\/\/www.meavia-mh.hr\/wp-content\/uploads\/2021\/01\/Stylistic-lampa-UVLED-STYL4-80W-150x150.jpg",150,150,true],"medium":["https:\/\/www.meavia-mh.hr\/wp-content\/uploads\/2021\/01\/Stylistic-lampa-UVLED-STYL4-80W-300x300.jpg",300,300,true],"medium_large":["https:\/\/www.meavia-mh.hr\/wp-content\/uploads\/2021\/01\/Stylistic-lampa-UVLED-STYL4-80W-768x769.jpg",768,769,true],"large":["https:\/\/www.meavia-mh.hr\/wp-content\/uploads\/2021\/01\/Stylistic-lampa-UVLED-STYL4-80W-1024x1024.jpg",1024,1024,true],"1536x1536":["https:\/\/www.meavia-mh.hr\/wp-content\/uploads\/2021\/01\/Stylistic-lampa-UVLED-STYL4-80W.jpg",1408,1410,false],"2048x2048":["https:\/\/www.meavia-mh.hr\/wp-content\/uploads\/2021\/01\/Stylistic-lampa-UVLED-STYL4-80W.jpg",1408,1410,false],"trp-custom-language-flag":["https:\/\/www.meavia-mh.hr\/wp-content\/uploads\/2021\/01\/Stylistic-lampa-UVLED-STYL4-80W.jpg",12,12,false],"woocommerce_thumbnail":["https:\/\/www.meavia-mh.hr\/wp-content\/uploads\/2021\/01\/Stylistic-lampa-UVLED-STYL4-80W-300x300.jpg",300,300,true],"woocommerce_single":["https:\/\/www.meavia-mh.hr\/wp-content\/uploads\/2021\/01\/Stylistic-lampa-UVLED-STYL4-80W-600x601.jpg",600,601,true],"woocommerce_gallery_thumbnail":["https:\/\/www.meavia-mh.hr\/wp-content\/uploads\/2021\/01\/Stylistic-lampa-UVLED-STYL4-80W-100x100.jpg",100,100,true]},"uagb_author_info":{"display_name":"Mea Via","author_link":"https:\/\/www.meavia-mh.hr\/sl\/author\/"},"uagb_comment_info":0,"uagb_excerpt":"Stylistic lampa UV\/LED STYL4 80W &#8211; profesionalna lampa za brzo i u\u010dinkovito stvrdnjavanje UV\/LED gelova i trajnih lakova. Dizajnirana da pru\u017ei za\u0161titu va\u0161im o\u010dima tijekom rada. Dual Led tehnologija &#8211; kombinacija LED i UV svjetla (365 nm + 405 nm) polimerizira sve trajne lakove i gelove. 42 ravnomjerno raspore\u0111enih LED dioda \u010dini da \u0107e proizvod&hellip;","_links":{"self":[{"href":"https:\/\/www.meavia-mh.hr\/sl\/wp-json\/wp\/v2\/product\/4660","targetHints":{"allow":["GET"]}}],"collection":[{"href":"https:\/\/www.meavia-mh.hr\/sl\/wp-json\/wp\/v2\/product"}],"about":[{"href":"https:\/\/www.meavia-mh.hr\/sl\/wp-json\/wp\/v2\/types\/product"}],"replies":[{"embeddable":true,"href":"https:\/\/www.meavia-mh.hr\/sl\/wp-json\/wp\/v2\/comments?post=4660"}],"version-history":[{"count":1,"href":"https:\/\/www.meavia-mh.hr\/sl\/wp-json\/wp\/v2\/product\/4660\/revisions"}],"predecessor-version":[{"id":25100,"href":"https:\/\/www.meavia-mh.hr\/sl\/wp-json\/wp\/v2\/product\/4660\/revisions\/25100"}],"wp:featuredmedia":[{"embeddable":true,"href":"https:\/\/www.meavia-mh.hr\/sl\/wp-json\/wp\/v2\/media\/4661"}],"wp:attachment":[{"href":"https:\/\/www.meavia-mh.hr\/sl\/wp-json\/wp\/v2\/media?parent=4660"}],"wp:term":[{"taxonomy":"product_brand","embeddable":true,"href":"https:\/\/www.meavia-mh.hr\/sl\/wp-json\/wp\/v2\/product_brand?post=4660"},{"taxonomy":"product_cat","embeddable":true,"href":"https:\/\/www.meavia-mh.hr\/sl\/wp-json\/wp\/v2\/product_cat?post=4660"},{"taxonomy":"product_tag","embeddable":true,"href":"https:\/\/www.meavia-mh.hr\/sl\/wp-json\/wp\/v2\/product_tag?post=4660"}],"curies":[{"name":"delovni list","href":"https:\/\/api.w.org\/{rel}","templated":true}]}}