{"id":4640,"date":"2021-01-08T15:54:41","date_gmt":"2021-01-08T15:54:41","guid":{"rendered":"https:\/\/www.meavia-mh.hr\/?post_type=product&#038;p=4640"},"modified":"2025-09-20T16:31:41","modified_gmt":"2025-09-20T14:31:41","slug":"palu-paint-uv-gel-white-2-7ml","status":"publish","type":"product","link":"https:\/\/www.meavia-mh.hr\/sl\/product\/palu-paint-uv-gel-white-2-7ml\/","title":{"rendered":"PALU Paint UV Gel White 2 - 7 ml"},"content":{"rendered":"<p>PALU Paint UV Gel White 2 je bel gel namenjen dekoriranju nohtov s sondo ali tankim \u010dopi\u010dem. Zaradi svoje goste konsistence je enostaven za uporabo. En nanos je dovolj za popolno, bogato in elegantno barvo brez napak in nepravilnosti.Po dekoriranju nohta je treba styling polimerizirati v UV\/LED \u017earnici in nanesti <a href=\"https:\/\/www.meavia-mh.hr\/sl\/product\/palu-top-coat-shine-1-11-ml\/\">PALU zaklju\u010dni premaz<\/a>.<\/p>\n<h6>Zna\u010dilnosti:<\/h6>\n<ul>\n<li>konsistenca: gosta<\/li>\n<li>idealno za dekoracijo, risanje, umetnost nohtov<\/li>\n<li>visoko pigmentirana barva<\/li>\n<li>varna formula: brez \u0161kodljivih in strupenih snovi<\/li>\n<li>brez krutosti (ni testirano na \u017eivalih)<\/li>\n<li>trajnost do 4 tedne<\/li>\n<li>PALU barvni geli so na voljo v 2 barvah: beli in \u010drni<\/li>\n<li>izdelek, namenjen profesionalni uporabi<\/li>\n<li>LED svetilka - 30 sek<\/li>\n<li>UV \u017earnica - 60 sek<\/li>\n<\/ul>\n<h6>Vsebina: 7 ml<\/h6>\n<h6><strong>Na\u010din uporabe:<\/strong><\/h6>\n<p>Na utrjeno podlago, na katero ste s \u010dopi\u010dem nanesli PALU permanentni lak, nanesite dekoracije s PALU Paint UV Gel White 2. Po kon\u010danem risanju polimerizirajte v UV\/LED \u017earnici. Na koncu uporabite finale <a href=\"https:\/\/www.meavia-mh.hr\/sl\/product\/palu-top-matt-no-wipe\/\">PALU Top Coat<\/a> (sijajni ali mat).<\/p>\n<p>PALU geli in materiali so izdelani po najvi\u0161jih zdravstvenih standardih.<\/p>\n<div id='gallery-1' class='gallery galleryid-4640 gallery-columns-4 gallery-size-thumbnail'><figure class='gallery-item'>\n\t\t\t<div class='gallery-icon landscape'>\n\t\t\t\t<a href='https:\/\/www.meavia-mh.hr\/sl\/?attachment_id=1578'><img decoding=\"async\" width=\"150\" height=\"150\" src=\"https:\/\/www.meavia-mh.hr\/wp-content\/uploads\/2020\/12\/palu-premium-quality-control-150x150.png\" class=\"attachment-thumbnail size-thumbnail\" alt=\"palu premium quality control\" srcset=\"https:\/\/www.meavia-mh.hr\/wp-content\/uploads\/2020\/12\/palu-premium-quality-control-150x150.png 150w, https:\/\/www.meavia-mh.hr\/wp-content\/uploads\/2020\/12\/palu-premium-quality-control-100x100.png 100w\" sizes=\"(max-width: 150px) 100vw, 150px\" \/><\/a>\n\t\t\t<\/div><\/figure><figure class='gallery-item'>\n\t\t\t<div class='gallery-icon portrait'>\n\t\t\t\t<a href='https:\/\/www.meavia-mh.hr\/sl\/?attachment_id=1576'><img decoding=\"async\" width=\"150\" height=\"150\" src=\"https:\/\/www.meavia-mh.hr\/wp-content\/uploads\/2020\/12\/palu-iso-certified-150x150.png\" class=\"attachment-thumbnail size-thumbnail\" alt=\"palu iso certified\" srcset=\"https:\/\/www.meavia-mh.hr\/wp-content\/uploads\/2020\/12\/palu-iso-certified-150x150.png 150w, https:\/\/www.meavia-mh.hr\/wp-content\/uploads\/2020\/12\/palu-iso-certified-100x100.png 100w\" sizes=\"(max-width: 150px) 100vw, 150px\" \/><\/a>\n\t\t\t<\/div><\/figure><figure class='gallery-item'>\n\t\t\t<div class='gallery-icon portrait'>\n\t\t\t\t<a href='https:\/\/www.meavia-mh.hr\/sl\/?attachment_id=1571'><img decoding=\"async\" width=\"150\" height=\"150\" src=\"https:\/\/www.meavia-mh.hr\/wp-content\/uploads\/2020\/12\/palu-always-lab-tested-150x150.png\" class=\"attachment-thumbnail size-thumbnail\" alt=\"palu always lab tested\" srcset=\"https:\/\/www.meavia-mh.hr\/wp-content\/uploads\/2020\/12\/palu-always-lab-tested-150x150.png 150w, https:\/\/www.meavia-mh.hr\/wp-content\/uploads\/2020\/12\/palu-always-lab-tested-100x100.png 100w\" sizes=\"(max-width: 150px) 100vw, 150px\" \/><\/a>\n\t\t\t<\/div><\/figure><figure class='gallery-item'>\n\t\t\t<div class='gallery-icon landscape'>\n\t\t\t\t<a href='https:\/\/www.meavia-mh.hr\/sl\/?attachment_id=1574'><img loading=\"lazy\" decoding=\"async\" width=\"150\" height=\"150\" src=\"https:\/\/www.meavia-mh.hr\/wp-content\/uploads\/2020\/12\/palu-dermatologically-tested-150x150.png\" class=\"attachment-thumbnail size-thumbnail\" alt=\"dermatologically tested\" srcset=\"https:\/\/www.meavia-mh.hr\/wp-content\/uploads\/2020\/12\/palu-dermatologically-tested-150x150.png 150w, https:\/\/www.meavia-mh.hr\/wp-content\/uploads\/2020\/12\/palu-dermatologically-tested-100x100.png 100w, https:\/\/www.meavia-mh.hr\/wp-content\/uploads\/2020\/12\/palu-dermatologically-tested.png 252w\" sizes=\"(max-width: 150px) 100vw, 150px\" \/><\/a>\n\t\t\t<\/div><\/figure><figure class='gallery-item'>\n\t\t\t<div class='gallery-icon portrait'>\n\t\t\t\t<a href='https:\/\/www.meavia-mh.hr\/sl\/?attachment_id=1573'><img loading=\"lazy\" decoding=\"async\" width=\"150\" height=\"150\" src=\"https:\/\/www.meavia-mh.hr\/wp-content\/uploads\/2020\/12\/palu-complies-with-legal-requirements-150x150.png\" class=\"attachment-thumbnail size-thumbnail\" alt=\"palu complies with legal requirements\" srcset=\"https:\/\/www.meavia-mh.hr\/wp-content\/uploads\/2020\/12\/palu-complies-with-legal-requirements-150x150.png 150w, https:\/\/www.meavia-mh.hr\/wp-content\/uploads\/2020\/12\/palu-complies-with-legal-requirements-100x100.png 100w\" sizes=\"(max-width: 150px) 100vw, 150px\" \/><\/a>\n\t\t\t<\/div><\/figure><figure class='gallery-item'>\n\t\t\t<div class='gallery-icon landscape'>\n\t\t\t\t<a href='https:\/\/www.meavia-mh.hr\/sl\/?attachment_id=1572'><img loading=\"lazy\" decoding=\"async\" width=\"150\" height=\"150\" src=\"https:\/\/www.meavia-mh.hr\/wp-content\/uploads\/2020\/12\/palu-colors-and-a-flawells-look-150x150.png\" class=\"attachment-thumbnail size-thumbnail\" alt=\"palu colors and a flawells look\" srcset=\"https:\/\/www.meavia-mh.hr\/wp-content\/uploads\/2020\/12\/palu-colors-and-a-flawells-look-150x150.png 150w, https:\/\/www.meavia-mh.hr\/wp-content\/uploads\/2020\/12\/palu-colors-and-a-flawells-look-100x100.png 100w\" sizes=\"(max-width: 150px) 100vw, 150px\" \/><\/a>\n\t\t\t<\/div><\/figure><figure class='gallery-item'>\n\t\t\t<div class='gallery-icon portrait'>\n\t\t\t\t<a href='https:\/\/www.meavia-mh.hr\/sl\/?attachment_id=1577'><img loading=\"lazy\" decoding=\"async\" width=\"150\" height=\"150\" src=\"https:\/\/www.meavia-mh.hr\/wp-content\/uploads\/2020\/12\/palu-new-tehnologies-150x150.png\" class=\"attachment-thumbnail size-thumbnail\" alt=\"palu new tehnologies\" srcset=\"https:\/\/www.meavia-mh.hr\/wp-content\/uploads\/2020\/12\/palu-new-tehnologies-150x150.png 150w, https:\/\/www.meavia-mh.hr\/wp-content\/uploads\/2020\/12\/palu-new-tehnologies-100x100.png 100w\" sizes=\"(max-width: 150px) 100vw, 150px\" \/><\/a>\n\t\t\t<\/div><\/figure><figure class='gallery-item'>\n\t\t\t<div class='gallery-icon portrait'>\n\t\t\t\t<a href='https:\/\/www.meavia-mh.hr\/sl\/?attachment_id=1579'><img loading=\"lazy\" decoding=\"async\" width=\"150\" height=\"150\" src=\"https:\/\/www.meavia-mh.hr\/wp-content\/uploads\/2020\/12\/palu-rae-materials-150x150.png\" class=\"attachment-thumbnail size-thumbnail\" alt=\"PALU raw materials\" srcset=\"https:\/\/www.meavia-mh.hr\/wp-content\/uploads\/2020\/12\/palu-rae-materials-150x150.png 150w, https:\/\/www.meavia-mh.hr\/wp-content\/uploads\/2020\/12\/palu-rae-materials-100x100.png 100w, https:\/\/www.meavia-mh.hr\/wp-content\/uploads\/2020\/12\/palu-rae-materials.png 260w\" sizes=\"(max-width: 150px) 100vw, 150px\" \/><\/a>\n\t\t\t<\/div><\/figure>\n\t\t<\/div>\n\n<p>&nbsp;<\/p>","protected":false},"excerpt":{"rendered":"<p><img loading=\"lazy\" decoding=\"async\" class=\"alignnone wp-image-1574 size-thumbnail\" src=\"https:\/\/www.meavia-mh.hr\/wp-content\/uploads\/2020\/12\/palu-dermatologically-tested-150x150.png\" alt=\"palu dermatologically tested\" width=\"150\" height=\"150\" srcset=\"https:\/\/www.meavia-mh.hr\/wp-content\/uploads\/2020\/12\/palu-dermatologically-tested-150x150.png 150w, https:\/\/www.meavia-mh.hr\/wp-content\/uploads\/2020\/12\/palu-dermatologically-tested-100x100.png 100w, https:\/\/www.meavia-mh.hr\/wp-content\/uploads\/2020\/12\/palu-dermatologically-tested.png 252w\" sizes=\"(max-width: 150px) 100vw, 150px\" \/><\/p>","protected":false},"featured_media":4646,"comment_status":"closed","ping_status":"closed","template":"","meta":{"_uag_custom_page_level_css":"","site-sidebar-layout":"default","site-content-layout":null,"ast-site-content-layout":"default","site-content-style":"default","site-sidebar-style":"default","ast-global-header-display":"","ast-banner-title-visibility":"","ast-main-header-display":"","ast-hfb-above-header-display":"","ast-hfb-below-header-display":"","ast-hfb-mobile-header-display":"","site-post-title":"","ast-breadcrumbs-content":null,"ast-featured-img":"","footer-sml-layout":"","ast-disable-related-posts":"","theme-transparent-header-meta":"default","adv-header-id-meta":"","stick-header-meta":"default","header-above-stick-meta":"","header-main-stick-meta":"","header-below-stick-meta":"","astra-migrate-meta-layouts":"default","ast-page-background-enabled":"default","ast-page-background-meta":{"desktop":{"background-color":"var(--ast-global-color-4)","background-image":"","background-repeat":"repeat","background-position":"center center","background-size":"auto","background-attachment":"scroll","background-type":"","background-media":"","overlay-type":"","overlay-color":"","overlay-opacity":"","overlay-gradient":""},"tablet":{"background-color":"","background-image":"","background-repeat":"repeat","background-position":"center center","background-size":"auto","background-attachment":"scroll","background-type":"","background-media":"","overlay-type":"","overlay-color":"","overlay-opacity":"","overlay-gradient":""},"mobile":{"background-color":"","background-image":"","background-repeat":"repeat","background-position":"center center","background-size":"auto","background-attachment":"scroll","background-type":"","background-media":"","overlay-type":"","overlay-color":"","overlay-opacity":"","overlay-gradient":""}},"ast-content-background-meta":{"desktop":{"background-color":"var(--ast-global-color-5)","background-image":"","background-repeat":"repeat","background-position":"center center","background-size":"auto","background-attachment":"scroll","background-type":"","background-media":"","overlay-type":"","overlay-color":"","overlay-opacity":"","overlay-gradient":""},"tablet":{"background-color":"var(--ast-global-color-5)","background-image":"","background-repeat":"repeat","background-position":"center center","background-size":"auto","background-attachment":"scroll","background-type":"","background-media":"","overlay-type":"","overlay-color":"","overlay-opacity":"","overlay-gradient":""},"mobile":{"background-color":"var(--ast-global-color-5)","background-image":"","background-repeat":"repeat","background-position":"center center","background-size":"auto","background-attachment":"scroll","background-type":"","background-media":"","overlay-type":"","overlay-color":"","overlay-opacity":"","overlay-gradient":""}}},"product_brand":[606],"product_cat":[110,27],"product_tag":[77],"class_list":{"0":"post-4640","1":"product","2":"type-product","3":"status-publish","4":"has-post-thumbnail","6":"product_brand-palu","7":"product_cat-nail-art","8":"product_cat-palu","9":"product_tag-paint-gel","10":"desktop-align-left","11":"tablet-align-left","12":"mobile-align-left","13":"ast-product-gallery-layout-horizontal-slider","14":"ast-product-tabs-layout-horizontal","16":"first","17":"outofstock","18":"taxable","19":"shipping-taxable","20":"purchasable","21":"product-type-simple"},"yoast_head":"<!-- This site is optimized with the Yoast SEO plugin v27.4 - https:\/\/yoast.com\/product\/yoast-seo-wordpress\/ -->\n<title>PALU Paint UV Gel White 2 - 7ml &#8902; Mea Via Beauty<\/title>\n<meta name=\"description\" content=\"PALU Paint UV Gel White 2 - 7ml &#8902; izrazito pigmentirana bijela paint boja &#8902; za crtanje, ukrase, nail art &#8902; bez \u0161tetnih i toksi\u010dnih tvari\" \/>\n<meta name=\"robots\" content=\"index, follow, max-snippet:-1, max-image-preview:large, max-video-preview:-1\" \/>\n<link rel=\"canonical\" href=\"https:\/\/www.meavia-mh.hr\/sl\/product\/palu-paint-uv-gel-white-2-7ml\/\" \/>\n<meta property=\"og:locale\" content=\"sl_SI\" \/>\n<meta property=\"og:type\" content=\"article\" \/>\n<meta property=\"og:title\" content=\"PALU Paint UV Gel White 2 - 7ml &#8902; Mea Via Beauty\" \/>\n<meta property=\"og:description\" content=\"PALU Paint UV Gel White 2 - 7ml &#8902; izrazito pigmentirana bijela paint boja &#8902; za crtanje, ukrase, nail art &#8902; bez \u0161tetnih i toksi\u010dnih tvari\" \/>\n<meta property=\"og:url\" content=\"https:\/\/www.meavia-mh.hr\/sl\/product\/palu-paint-uv-gel-white-2-7ml\/\" \/>\n<meta property=\"og:site_name\" content=\"Mea Via Beauty\" \/>\n<meta property=\"article:publisher\" content=\"https:\/\/www.facebook.com\/MeaViaNailsWorld\" \/>\n<meta property=\"article:modified_time\" content=\"2025-09-20T14:31:41+00:00\" \/>\n<meta property=\"og:image\" content=\"https:\/\/www.meavia-mh.hr\/wp-content\/uploads\/2021\/01\/PALU-Paint-UV-Gel-White-2-7ml.jpg\" \/>\n\t<meta property=\"og:image:width\" content=\"1342\" \/>\n\t<meta property=\"og:image:height\" content=\"1344\" \/>\n\t<meta property=\"og:image:type\" content=\"image\/jpeg\" \/>\n<meta name=\"twitter:card\" content=\"summary_large_image\" \/>\n<meta name=\"twitter:label1\" content=\"Est. reading time\" \/>\n\t<meta name=\"twitter:data1\" content=\"1 minuta\" \/>\n<script type=\"application\/ld+json\" class=\"yoast-schema-graph\">{\"@context\":\"https:\\\/\\\/schema.org\",\"@graph\":[{\"@type\":\"WebPage\",\"@id\":\"https:\\\/\\\/www.meavia-mh.hr\\\/product\\\/palu-paint-uv-gel-white-2-7ml\\\/\",\"url\":\"https:\\\/\\\/www.meavia-mh.hr\\\/product\\\/palu-paint-uv-gel-white-2-7ml\\\/\",\"name\":\"PALU Paint UV Gel White 2 - 7ml &#8902; Mea Via Beauty\",\"isPartOf\":{\"@id\":\"https:\\\/\\\/meavia-mh.hr\\\/sl\\\/#website\"},\"primaryImageOfPage\":{\"@id\":\"https:\\\/\\\/www.meavia-mh.hr\\\/product\\\/palu-paint-uv-gel-white-2-7ml\\\/#primaryimage\"},\"image\":{\"@id\":\"https:\\\/\\\/www.meavia-mh.hr\\\/product\\\/palu-paint-uv-gel-white-2-7ml\\\/#primaryimage\"},\"thumbnailUrl\":\"https:\\\/\\\/www.meavia-mh.hr\\\/wp-content\\\/uploads\\\/2021\\\/01\\\/PALU-Paint-UV-Gel-White-2-7ml.jpg\",\"datePublished\":\"2021-01-08T15:54:41+00:00\",\"dateModified\":\"2025-09-20T14:31:41+00:00\",\"description\":\"PALU Paint UV Gel White 2 - 7ml &#8902; izrazito pigmentirana bijela paint boja &#8902; za crtanje, ukrase, nail art &#8902; bez \u0161tetnih i toksi\u010dnih tvari\",\"breadcrumb\":{\"@id\":\"https:\\\/\\\/www.meavia-mh.hr\\\/product\\\/palu-paint-uv-gel-white-2-7ml\\\/#breadcrumb\"},\"inLanguage\":\"sl-SI\",\"potentialAction\":[{\"@type\":\"ReadAction\",\"target\":[\"https:\\\/\\\/www.meavia-mh.hr\\\/product\\\/palu-paint-uv-gel-white-2-7ml\\\/\"]}]},{\"@type\":\"ImageObject\",\"inLanguage\":\"sl-SI\",\"@id\":\"https:\\\/\\\/www.meavia-mh.hr\\\/product\\\/palu-paint-uv-gel-white-2-7ml\\\/#primaryimage\",\"url\":\"https:\\\/\\\/www.meavia-mh.hr\\\/wp-content\\\/uploads\\\/2021\\\/01\\\/PALU-Paint-UV-Gel-White-2-7ml.jpg\",\"contentUrl\":\"https:\\\/\\\/www.meavia-mh.hr\\\/wp-content\\\/uploads\\\/2021\\\/01\\\/PALU-Paint-UV-Gel-White-2-7ml.jpg\",\"width\":1342,\"height\":1344,\"caption\":\"PALU Paint UV Gel White 2 - 7ml\"},{\"@type\":\"BreadcrumbList\",\"@id\":\"https:\\\/\\\/www.meavia-mh.hr\\\/product\\\/palu-paint-uv-gel-white-2-7ml\\\/#breadcrumb\",\"itemListElement\":[{\"@type\":\"ListItem\",\"position\":1,\"name\":\"Po\u010detna stranica\",\"item\":\"https:\\\/\\\/www.meavia-mh.hr\\\/\"},{\"@type\":\"ListItem\",\"position\":2,\"name\":\"Trgovina\",\"item\":\"https:\\\/\\\/meavia-mh.hr\\\/sl\\\/store\\\/\"},{\"@type\":\"ListItem\",\"position\":3,\"name\":\"PALU Paint UV Gel White 2 &#8211; 7ml\"}]},{\"@type\":\"WebSite\",\"@id\":\"https:\\\/\\\/meavia-mh.hr\\\/sl\\\/#website\",\"url\":\"https:\\\/\\\/meavia-mh.hr\\\/sl\\\/\",\"name\":\"Mea Via Beauty\",\"description\":\"Only The Best For Your Beauty\",\"publisher\":{\"@id\":\"https:\\\/\\\/meavia-mh.hr\\\/sl\\\/#organization\"},\"alternateName\":\"Mea Via Nails\",\"potentialAction\":[{\"@type\":\"SearchAction\",\"target\":{\"@type\":\"EntryPoint\",\"urlTemplate\":\"https:\\\/\\\/meavia-mh.hr\\\/sl\\\/?s={search_term_string}\"},\"query-input\":{\"@type\":\"PropertyValueSpecification\",\"valueRequired\":true,\"valueName\":\"search_term_string\"}}],\"inLanguage\":\"sl-SI\"},{\"@type\":\"Organization\",\"@id\":\"https:\\\/\\\/meavia-mh.hr\\\/sl\\\/#organization\",\"name\":\"Mea Via Nails World\",\"alternateName\":\"Mea Via\",\"url\":\"https:\\\/\\\/meavia-mh.hr\\\/sl\\\/\",\"logo\":{\"@type\":\"ImageObject\",\"inLanguage\":\"sl-SI\",\"@id\":\"https:\\\/\\\/meavia-mh.hr\\\/sl\\\/#\\\/schema\\\/logo\\\/image\\\/\",\"url\":\"https:\\\/\\\/www.meavia-mh.hr\\\/wp-content\\\/uploads\\\/2020\\\/12\\\/Mea-Via.png\",\"contentUrl\":\"https:\\\/\\\/www.meavia-mh.hr\\\/wp-content\\\/uploads\\\/2020\\\/12\\\/Mea-Via.png\",\"width\":1181,\"height\":393,\"caption\":\"Mea Via Nails World\"},\"image\":{\"@id\":\"https:\\\/\\\/meavia-mh.hr\\\/sl\\\/#\\\/schema\\\/logo\\\/image\\\/\"},\"sameAs\":[\"https:\\\/\\\/www.facebook.com\\\/MeaViaNailsWorld\",\"https:\\\/\\\/www.instagram.com\\\/mea_via_nails_world\\\/\",\"https:\\\/\\\/www.youtube.com\\\/channel\\\/UCECk0hpRWP6TN-EfA4ER96g\\\/featured\"]}]}<\/script>\n<!-- \/ Yoast SEO plugin. -->","yoast_head_json":{"title":"PALU barvni UV gel bela 2 - 7 ml \u22c6 Mea Via Beauty","description":"PALU Barvni UV gel bela 2 - 7 ml \u22c6 visoko pigmentirana bela barva \u22c6 za risanje, dekoracije, poslikavo nohtov \u22c6 brez \u0161kodljivih in strupenih snovi","robots":{"index":"index","follow":"follow","max-snippet":"max-snippet:-1","max-image-preview":"max-image-preview:large","max-video-preview":"max-video-preview:-1"},"canonical":"https:\/\/www.meavia-mh.hr\/sl\/product\/palu-paint-uv-gel-white-2-7ml\/","og_locale":"sl_SI","og_type":"article","og_title":"PALU Paint UV Gel White 2 - 7ml &#8902; Mea Via Beauty","og_description":"PALU Paint UV Gel White 2 - 7ml &#8902; izrazito pigmentirana bijela paint boja &#8902; za crtanje, ukrase, nail art &#8902; bez \u0161tetnih i toksi\u010dnih tvari","og_url":"https:\/\/www.meavia-mh.hr\/sl\/product\/palu-paint-uv-gel-white-2-7ml\/","og_site_name":"Mea Via Beauty","article_publisher":"https:\/\/www.facebook.com\/MeaViaNailsWorld","article_modified_time":"2025-09-20T14:31:41+00:00","og_image":[{"width":1342,"height":1344,"url":"https:\/\/www.meavia-mh.hr\/wp-content\/uploads\/2021\/01\/PALU-Paint-UV-Gel-White-2-7ml.jpg","type":"image\/jpeg"}],"twitter_card":"summary_large_image","twitter_misc":{"Est. reading time":"1 minuta"},"schema":{"@context":"https:\/\/schema.org","@graph":[{"@type":"WebPage","@id":"https:\/\/www.meavia-mh.hr\/product\/palu-paint-uv-gel-white-2-7ml\/","url":"https:\/\/www.meavia-mh.hr\/product\/palu-paint-uv-gel-white-2-7ml\/","name":"PALU barvni UV gel bela 2 - 7 ml \u22c6 Mea Via Beauty","isPartOf":{"@id":"https:\/\/meavia-mh.hr\/sl\/#website"},"primaryImageOfPage":{"@id":"https:\/\/www.meavia-mh.hr\/product\/palu-paint-uv-gel-white-2-7ml\/#primaryimage"},"image":{"@id":"https:\/\/www.meavia-mh.hr\/product\/palu-paint-uv-gel-white-2-7ml\/#primaryimage"},"thumbnailUrl":"https:\/\/www.meavia-mh.hr\/wp-content\/uploads\/2021\/01\/PALU-Paint-UV-Gel-White-2-7ml.jpg","datePublished":"2021-01-08T15:54:41+00:00","dateModified":"2025-09-20T14:31:41+00:00","description":"PALU Barvni UV gel bela 2 - 7 ml \u22c6 visoko pigmentirana bela barva \u22c6 za risanje, dekoracije, poslikavo nohtov \u22c6 brez \u0161kodljivih in strupenih snovi","breadcrumb":{"@id":"https:\/\/www.meavia-mh.hr\/product\/palu-paint-uv-gel-white-2-7ml\/#breadcrumb"},"inLanguage":"sl-SI","potentialAction":[{"@type":"ReadAction","target":["https:\/\/www.meavia-mh.hr\/product\/palu-paint-uv-gel-white-2-7ml\/"]}]},{"@type":"ImageObject","inLanguage":"sl-SI","@id":"https:\/\/www.meavia-mh.hr\/product\/palu-paint-uv-gel-white-2-7ml\/#primaryimage","url":"https:\/\/www.meavia-mh.hr\/wp-content\/uploads\/2021\/01\/PALU-Paint-UV-Gel-White-2-7ml.jpg","contentUrl":"https:\/\/www.meavia-mh.hr\/wp-content\/uploads\/2021\/01\/PALU-Paint-UV-Gel-White-2-7ml.jpg","width":1342,"height":1344,"caption":"PALU Paint UV Gel White 2 - 7ml"},{"@type":"BreadcrumbList","@id":"https:\/\/www.meavia-mh.hr\/product\/palu-paint-uv-gel-white-2-7ml\/#breadcrumb","itemListElement":[{"@type":"ListItem","position":1,"name":"Po\u010detna stranica","item":"https:\/\/www.meavia-mh.hr\/"},{"@type":"ListItem","position":2,"name":"Trgovina","item":"https:\/\/meavia-mh.hr\/sl\/store\/"},{"@type":"ListItem","position":3,"name":"PALU Paint UV Gel White 2 &#8211; 7ml"}]},{"@type":"WebSite","@id":"https:\/\/meavia-mh.hr\/sl\/#website","url":"https:\/\/meavia-mh.hr\/sl\/","name":"MEA VIA BEAUTY","description":"Only The Best For Your Beauty","publisher":{"@id":"https:\/\/meavia-mh.hr\/sl\/#organization"},"alternateName":"Mea Via Nails","potentialAction":[{"@type":"SearchAction","target":{"@type":"EntryPoint","urlTemplate":"https:\/\/meavia-mh.hr\/sl\/?s={search_term_string}"},"query-input":{"@type":"PropertyValueSpecification","valueRequired":true,"valueName":"search_term_string"}}],"inLanguage":"sl-SI"},{"@type":"Organization","@id":"https:\/\/meavia-mh.hr\/sl\/#organization","name":"Mea Via Nails World","alternateName":"Mea Via","url":"https:\/\/meavia-mh.hr\/sl\/","logo":{"@type":"ImageObject","inLanguage":"sl-SI","@id":"https:\/\/meavia-mh.hr\/sl\/#\/schema\/logo\/image\/","url":"https:\/\/www.meavia-mh.hr\/wp-content\/uploads\/2020\/12\/Mea-Via.png","contentUrl":"https:\/\/www.meavia-mh.hr\/wp-content\/uploads\/2020\/12\/Mea-Via.png","width":1181,"height":393,"caption":"Mea Via Nails World"},"image":{"@id":"https:\/\/meavia-mh.hr\/sl\/#\/schema\/logo\/image\/"},"sameAs":["https:\/\/www.facebook.com\/MeaViaNailsWorld","https:\/\/www.instagram.com\/mea_via_nails_world\/","https:\/\/www.youtube.com\/channel\/UCECk0hpRWP6TN-EfA4ER96g\/featured"]}]}},"spectra_custom_meta":{"_sku":["KAT02095"],"_regular_price":["10.6"],"total_sales":["41"],"_tax_status":["taxable"],"_tax_class":[""],"_manage_stock":["yes"],"_backorders":["no"],"_sold_individually":["no"],"_virtual":["no"],"_downloadable":["no"],"_product_image_gallery":["4648,4649,4638,4647"],"_download_limit":["-1"],"_download_expiry":["-1"],"_thumbnail_id":["4646"],"_stock":["0.000000"],"_stock_status":["outofstock"],"_wc_average_rating":["0"],"_wc_review_count":["0"],"_product_version":["10.1.2"],"_price":["10.6"],"_wp_page_template":["default"],"_yoast_wpseo_focuskw":["PALU Paint UV Gel White"],"_yoast_wpseo_metadesc":["%%title%% %%sep%% izrazito pigmentirana bijela paint boja %%sep%% za crtanje, ukrase, nail art %%sep%% bez \u0161tetnih i toksi\u010dnih tvari"],"_yoast_wpseo_linkdex":["62"],"_yoast_wpseo_content_score":["90"],"site-sidebar-layout":["default"],"site-content-layout":[null],"theme-transparent-header-meta":["default"],"stick-header-meta":["default"],"_yoast_wpseo_primary_product_cat":["177"],"_edit_lock":["1758377350:1239"],"_edit_last":["1239"],"_woocs_regular_price_EUR":["10.6"],"_woocs_sale_price_EUR":["-1"],"_woocs_price_geo_countries":[""],"_woocs_regular_price_geo":[""],"_woocs_sale_price_geo":[""],"_yoast_wpseo_estimated-reading-time-minutes":[""],"_lowest_price_30_days":["10.6"],"uag_migration_processed":["1"],"ast-above-header-display":[null],"ast-below-header-display":[null],"footer-adv-display":[null],"adv-header-id-meta":[""],"ast-breadcrumbs-content":[null],"_uag_page_assets":["a:9:{s:3:\"css\";s:0:\"\";s:2:\"js\";s:0:\"\";s:18:\"current_block_list\";a:3:{i:0;s:11:\"core\/search\";i:1;s:18:\"core\/legacy-widget\";i:2;s:27:\"woocommerce\/product-filters\";}s:8:\"uag_flag\";b:0;s:11:\"uag_version\";s:10:\"1776341704\";s:6:\"gfonts\";a:0:{}s:10:\"gfonts_url\";s:0:\"\";s:12:\"gfonts_files\";a:0:{}s:14:\"uag_faq_layout\";b:0;}"],"_elementor_page_assets":["a:0:{}"]},"uagb_featured_image_src":{"full":["https:\/\/www.meavia-mh.hr\/wp-content\/uploads\/2021\/01\/PALU-Paint-UV-Gel-White-2-7ml.jpg",1342,1344,false],"thumbnail":["https:\/\/www.meavia-mh.hr\/wp-content\/uploads\/2021\/01\/PALU-Paint-UV-Gel-White-2-7ml-150x150.jpg",150,150,true],"medium":["https:\/\/www.meavia-mh.hr\/wp-content\/uploads\/2021\/01\/PALU-Paint-UV-Gel-White-2-7ml-300x300.jpg",300,300,true],"medium_large":["https:\/\/www.meavia-mh.hr\/wp-content\/uploads\/2021\/01\/PALU-Paint-UV-Gel-White-2-7ml-768x769.jpg",768,769,true],"large":["https:\/\/www.meavia-mh.hr\/wp-content\/uploads\/2021\/01\/PALU-Paint-UV-Gel-White-2-7ml-1022x1024.jpg",1022,1024,true],"1536x1536":["https:\/\/www.meavia-mh.hr\/wp-content\/uploads\/2021\/01\/PALU-Paint-UV-Gel-White-2-7ml.jpg",1342,1344,false],"2048x2048":["https:\/\/www.meavia-mh.hr\/wp-content\/uploads\/2021\/01\/PALU-Paint-UV-Gel-White-2-7ml.jpg",1342,1344,false],"trp-custom-language-flag":["https:\/\/www.meavia-mh.hr\/wp-content\/uploads\/2021\/01\/PALU-Paint-UV-Gel-White-2-7ml.jpg",12,12,false],"woocommerce_thumbnail":["https:\/\/www.meavia-mh.hr\/wp-content\/uploads\/2021\/01\/PALU-Paint-UV-Gel-White-2-7ml-300x300.jpg",300,300,true],"woocommerce_single":["https:\/\/www.meavia-mh.hr\/wp-content\/uploads\/2021\/01\/PALU-Paint-UV-Gel-White-2-7ml-600x601.jpg",600,601,true],"woocommerce_gallery_thumbnail":["https:\/\/www.meavia-mh.hr\/wp-content\/uploads\/2021\/01\/PALU-Paint-UV-Gel-White-2-7ml-100x100.jpg",100,100,true]},"uagb_author_info":{"display_name":"Mea Via","author_link":"https:\/\/www.meavia-mh.hr\/sl\/author\/"},"uagb_comment_info":0,"uagb_excerpt":null,"_links":{"self":[{"href":"https:\/\/www.meavia-mh.hr\/sl\/wp-json\/wp\/v2\/product\/4640","targetHints":{"allow":["GET"]}}],"collection":[{"href":"https:\/\/www.meavia-mh.hr\/sl\/wp-json\/wp\/v2\/product"}],"about":[{"href":"https:\/\/www.meavia-mh.hr\/sl\/wp-json\/wp\/v2\/types\/product"}],"replies":[{"embeddable":true,"href":"https:\/\/www.meavia-mh.hr\/sl\/wp-json\/wp\/v2\/comments?post=4640"}],"version-history":[{"count":1,"href":"https:\/\/www.meavia-mh.hr\/sl\/wp-json\/wp\/v2\/product\/4640\/revisions"}],"predecessor-version":[{"id":31392,"href":"https:\/\/www.meavia-mh.hr\/sl\/wp-json\/wp\/v2\/product\/4640\/revisions\/31392"}],"wp:featuredmedia":[{"embeddable":true,"href":"https:\/\/www.meavia-mh.hr\/sl\/wp-json\/wp\/v2\/media\/4646"}],"wp:attachment":[{"href":"https:\/\/www.meavia-mh.hr\/sl\/wp-json\/wp\/v2\/media?parent=4640"}],"wp:term":[{"taxonomy":"product_brand","embeddable":true,"href":"https:\/\/www.meavia-mh.hr\/sl\/wp-json\/wp\/v2\/product_brand?post=4640"},{"taxonomy":"product_cat","embeddable":true,"href":"https:\/\/www.meavia-mh.hr\/sl\/wp-json\/wp\/v2\/product_cat?post=4640"},{"taxonomy":"product_tag","embeddable":true,"href":"https:\/\/www.meavia-mh.hr\/sl\/wp-json\/wp\/v2\/product_tag?post=4640"}],"curies":[{"name":"delovni list","href":"https:\/\/api.w.org\/{rel}","templated":true}]}}