{"id":45566,"date":"2026-01-04T15:43:19","date_gmt":"2026-01-04T14:43:19","guid":{"rendered":"https:\/\/www.meavia-mh.hr\/?post_type=product&#038;p=45566"},"modified":"2026-01-24T09:14:14","modified_gmt":"2026-01-24T08:14:14","slug":"casica-za-tekucine-pro-3","status":"publish","type":"product","link":"https:\/\/www.meavia-mh.hr\/sl\/product\/casica-za-tekucine-pro-3\/","title":{"rendered":"Pro 3 teko\u010di lon\u010dek"},"content":{"rendered":"<p><span dir=\"auto\">Steklena skodelica za teko\u010dino s pokrovom ne bo le okrasila va\u0161e mize, temve\u010d bo va\u0161e izdelke tudi za\u0161\u010ditila pred prahom in drugimi onesna\u017eevalci. Uporabite jo lahko kot posodo za kozmeti\u010dne teko\u010dine (\u010distilo) ali kot skodelico za pripravo barv. Protizdrsni material na dnu skodelice bo prepre\u010dil drsenje.<\/span>\u00a0Zahvaljujo\u010d kompaktni in elegantni zasnovi je enostaven za uporabo in \u010di\u0161\u010denje, kar zagotavlja profesionalne rezultate vsaki\u010d.<\/p>\n<ul>\n<li><strong>Ve\u010dnamenska uporaba<\/strong>: idealno za me\u0161anje teko\u010din ali \u010distilne krta\u010de.<\/li>\n<li><strong>Material<\/strong>: visokokakovostno steklo, ki omogo\u010da dolgotrajno uporabo.<\/li>\n<li><strong>Enostavno vzdr\u017eevanje<\/strong>: hitro \u010di\u0161\u010denje in ponovna uporaba.<\/li>\n<\/ul>\n<p><strong>Velikost<\/strong>: 1 kos<\/p>\n<p><strong><span dir=\"auto\">dimenzije:<\/span><\/strong><\/p>\n<ul>\n<li><strong><span dir=\"auto\">Vi\u0161ina s pokrovom:<\/span><\/strong><span dir=\"auto\">\u00a0pribli\u017eno 4 cm<\/span><\/li>\n<li><strong><span dir=\"auto\">Vi\u0161ina brez pokrova:<\/span><\/strong><span dir=\"auto\">\u00a0pribli\u017eno 2 cm<\/span><\/li>\n<li><strong><span dir=\"auto\">Premer:<\/span><\/strong><span dir=\"auto\">\u00a0pribli\u017eno 4,5 cm<\/span><\/li>\n<\/ul>\n<p>Dodajte to nepogre\u0161ljivo orodje v svojo zbirko za popolne nohte in vrhunske rezultate!<\/p>","protected":false},"excerpt":{"rendered":"<p>Staklena \u010da\u0161ica za teku\u0107ine s poklopcem ne samo da \u0107e ukrasiti va\u0161 stol, ve\u0107 \u0107e i za\u0161tititi va\u0161e proizvode od pra\u0161ine i drugih one\u010di\u0161\u0107enja. Mo\u017eete je koristiti kao posudu za kozmeti\u010dke teku\u0107ine (sredstvo za \u010di\u0161\u0107enje) ili kao \u010da\u0161u za pripremu boja. Protuklizni materijal na dnu posude sprije\u010dit \u0107e njezino klizanje.\u00a0Zahvaljuju\u0107i njenom kompaktnom i elegantnom dizajnu, [&hellip;]<\/p>\n","protected":false},"featured_media":45569,"comment_status":"closed","ping_status":"closed","template":"","meta":{"_uag_custom_page_level_css":"","site-sidebar-layout":"default","site-content-layout":"","ast-site-content-layout":"default","site-content-style":"default","site-sidebar-style":"default","ast-global-header-display":"","ast-banner-title-visibility":"","ast-main-header-display":"","ast-hfb-above-header-display":"","ast-hfb-below-header-display":"","ast-hfb-mobile-header-display":"","site-post-title":"","ast-breadcrumbs-content":"","ast-featured-img":"","footer-sml-layout":"","ast-disable-related-posts":"","theme-transparent-header-meta":"default","adv-header-id-meta":"","stick-header-meta":"default","header-above-stick-meta":"","header-main-stick-meta":"","header-below-stick-meta":"","astra-migrate-meta-layouts":"set","ast-page-background-enabled":"default","ast-page-background-meta":{"desktop":{"background-color":"var(--ast-global-color-4)","background-image":"","background-repeat":"repeat","background-position":"center center","background-size":"auto","background-attachment":"scroll","background-type":"","background-media":"","overlay-type":"","overlay-color":"","overlay-opacity":"","overlay-gradient":""},"tablet":{"background-color":"","background-image":"","background-repeat":"repeat","background-position":"center center","background-size":"auto","background-attachment":"scroll","background-type":"","background-media":"","overlay-type":"","overlay-color":"","overlay-opacity":"","overlay-gradient":""},"mobile":{"background-color":"","background-image":"","background-repeat":"repeat","background-position":"center center","background-size":"auto","background-attachment":"scroll","background-type":"","background-media":"","overlay-type":"","overlay-color":"","overlay-opacity":"","overlay-gradient":""}},"ast-content-background-meta":{"desktop":{"background-color":"var(--ast-global-color-5)","background-image":"","background-repeat":"repeat","background-position":"center center","background-size":"auto","background-attachment":"scroll","background-type":"","background-media":"","overlay-type":"","overlay-color":"","overlay-opacity":"","overlay-gradient":""},"tablet":{"background-color":"var(--ast-global-color-5)","background-image":"","background-repeat":"repeat","background-position":"center center","background-size":"auto","background-attachment":"scroll","background-type":"","background-media":"","overlay-type":"","overlay-color":"","overlay-opacity":"","overlay-gradient":""},"mobile":{"background-color":"var(--ast-global-color-5)","background-image":"","background-repeat":"repeat","background-position":"center center","background-size":"auto","background-attachment":"scroll","background-type":"","background-media":"","overlay-type":"","overlay-color":"","overlay-opacity":"","overlay-gradient":""}}},"product_brand":[],"product_cat":[24,523],"product_tag":[265],"class_list":{"0":"post-45566","1":"product","2":"type-product","3":"status-publish","4":"has-post-thumbnail","6":"product_cat-dodaci","7":"product_cat-novo","8":"product_tag-casica-za-nail-tekucine","9":"desktop-align-left","10":"tablet-align-left","11":"mobile-align-left","12":"ast-product-gallery-layout-horizontal-slider","13":"ast-product-tabs-layout-horizontal","15":"first","16":"instock","17":"taxable","18":"shipping-taxable","19":"purchasable","20":"product-type-simple"},"yoast_head":"<!-- This site is optimized with the Yoast SEO plugin v27.4 - https:\/\/yoast.com\/product\/yoast-seo-wordpress\/ -->\n<title>\u010ca\u0161ica za teku\u0107ine Pro 3 &#8902; Mea Via Beauty<\/title>\n<meta name=\"description\" content=\"Mea Via Beauty &#8902; \u010ca\u0161ica za teku\u0107ine Pro 3 &#8902; staklena \u010da\u0161a za teku\u0107ine &#8902; za modeliranje noktiju &#8902; za nail design\" \/>\n<meta name=\"robots\" content=\"index, follow, max-snippet:-1, max-image-preview:large, max-video-preview:-1\" \/>\n<link rel=\"canonical\" href=\"https:\/\/www.meavia-mh.hr\/sl\/product\/casica-za-tekucine-pro-3\/\" \/>\n<meta property=\"og:locale\" content=\"sl_SI\" \/>\n<meta property=\"og:type\" content=\"article\" \/>\n<meta property=\"og:title\" content=\"\u010ca\u0161ica za teku\u0107ine Pro 3 &#8902; Mea Via Beauty\" \/>\n<meta property=\"og:description\" content=\"Mea Via Beauty &#8902; \u010ca\u0161ica za teku\u0107ine Pro 3 &#8902; staklena \u010da\u0161a za teku\u0107ine &#8902; za modeliranje noktiju &#8902; za nail design\" \/>\n<meta property=\"og:url\" content=\"https:\/\/www.meavia-mh.hr\/sl\/product\/casica-za-tekucine-pro-3\/\" \/>\n<meta property=\"og:site_name\" content=\"Mea Via Beauty\" \/>\n<meta property=\"article:publisher\" content=\"https:\/\/www.facebook.com\/MeaViaNailsWorld\" \/>\n<meta property=\"article:modified_time\" content=\"2026-01-24T08:14:14+00:00\" \/>\n<meta property=\"og:image\" content=\"https:\/\/www.meavia-mh.hr\/wp-content\/uploads\/2026\/01\/Casica-za-tekucine-Pro-3-1.webp\" \/>\n\t<meta property=\"og:image:width\" content=\"1000\" \/>\n\t<meta property=\"og:image:height\" content=\"1000\" \/>\n\t<meta property=\"og:image:type\" content=\"image\/webp\" \/>\n<meta name=\"twitter:card\" content=\"summary_large_image\" \/>\n<meta name=\"twitter:label1\" content=\"Est. reading time\" \/>\n\t<meta name=\"twitter:data1\" content=\"1 minuta\" \/>\n<script type=\"application\/ld+json\" class=\"yoast-schema-graph\">{\"@context\":\"https:\\\/\\\/schema.org\",\"@graph\":[{\"@type\":\"WebPage\",\"@id\":\"https:\\\/\\\/www.meavia-mh.hr\\\/product\\\/casica-za-tekucine-pro-3\\\/\",\"url\":\"https:\\\/\\\/www.meavia-mh.hr\\\/product\\\/casica-za-tekucine-pro-3\\\/\",\"name\":\"\u010ca\u0161ica za teku\u0107ine Pro 3 &#8902; Mea Via Beauty\",\"isPartOf\":{\"@id\":\"https:\\\/\\\/meavia-mh.hr\\\/sl\\\/#website\"},\"primaryImageOfPage\":{\"@id\":\"https:\\\/\\\/www.meavia-mh.hr\\\/product\\\/casica-za-tekucine-pro-3\\\/#primaryimage\"},\"image\":{\"@id\":\"https:\\\/\\\/www.meavia-mh.hr\\\/product\\\/casica-za-tekucine-pro-3\\\/#primaryimage\"},\"thumbnailUrl\":\"https:\\\/\\\/www.meavia-mh.hr\\\/wp-content\\\/uploads\\\/2026\\\/01\\\/Casica-za-tekucine-Pro-3-1.webp\",\"datePublished\":\"2026-01-04T14:43:19+00:00\",\"dateModified\":\"2026-01-24T08:14:14+00:00\",\"description\":\"Mea Via Beauty &#8902; \u010ca\u0161ica za teku\u0107ine Pro 3 &#8902; staklena \u010da\u0161a za teku\u0107ine &#8902; za modeliranje noktiju &#8902; za nail design\",\"breadcrumb\":{\"@id\":\"https:\\\/\\\/www.meavia-mh.hr\\\/product\\\/casica-za-tekucine-pro-3\\\/#breadcrumb\"},\"inLanguage\":\"sl-SI\",\"potentialAction\":[{\"@type\":\"ReadAction\",\"target\":[\"https:\\\/\\\/www.meavia-mh.hr\\\/product\\\/casica-za-tekucine-pro-3\\\/\"]}]},{\"@type\":\"ImageObject\",\"inLanguage\":\"sl-SI\",\"@id\":\"https:\\\/\\\/www.meavia-mh.hr\\\/product\\\/casica-za-tekucine-pro-3\\\/#primaryimage\",\"url\":\"https:\\\/\\\/www.meavia-mh.hr\\\/wp-content\\\/uploads\\\/2026\\\/01\\\/Casica-za-tekucine-Pro-3-1.webp\",\"contentUrl\":\"https:\\\/\\\/www.meavia-mh.hr\\\/wp-content\\\/uploads\\\/2026\\\/01\\\/Casica-za-tekucine-Pro-3-1.webp\",\"width\":1000,\"height\":1000,\"caption\":\"\u010ca\u0161ica za teku\u0107ine Pro 3\"},{\"@type\":\"BreadcrumbList\",\"@id\":\"https:\\\/\\\/www.meavia-mh.hr\\\/product\\\/casica-za-tekucine-pro-3\\\/#breadcrumb\",\"itemListElement\":[{\"@type\":\"ListItem\",\"position\":1,\"name\":\"Po\u010detna stranica\",\"item\":\"https:\\\/\\\/www.meavia-mh.hr\\\/\"},{\"@type\":\"ListItem\",\"position\":2,\"name\":\"Trgovina\",\"item\":\"https:\\\/\\\/meavia-mh.hr\\\/sl\\\/store\\\/\"},{\"@type\":\"ListItem\",\"position\":3,\"name\":\"\u010ca\u0161ica za teku\u0107ine Pro 3\"}]},{\"@type\":\"WebSite\",\"@id\":\"https:\\\/\\\/meavia-mh.hr\\\/sl\\\/#website\",\"url\":\"https:\\\/\\\/meavia-mh.hr\\\/sl\\\/\",\"name\":\"Mea Via Beauty\",\"description\":\"Only The Best For Your Beauty\",\"publisher\":{\"@id\":\"https:\\\/\\\/meavia-mh.hr\\\/sl\\\/#organization\"},\"alternateName\":\"Mea Via Nails\",\"potentialAction\":[{\"@type\":\"SearchAction\",\"target\":{\"@type\":\"EntryPoint\",\"urlTemplate\":\"https:\\\/\\\/meavia-mh.hr\\\/sl\\\/?s={search_term_string}\"},\"query-input\":{\"@type\":\"PropertyValueSpecification\",\"valueRequired\":true,\"valueName\":\"search_term_string\"}}],\"inLanguage\":\"sl-SI\"},{\"@type\":\"Organization\",\"@id\":\"https:\\\/\\\/meavia-mh.hr\\\/sl\\\/#organization\",\"name\":\"Mea Via Nails World\",\"alternateName\":\"Mea Via\",\"url\":\"https:\\\/\\\/meavia-mh.hr\\\/sl\\\/\",\"logo\":{\"@type\":\"ImageObject\",\"inLanguage\":\"sl-SI\",\"@id\":\"https:\\\/\\\/meavia-mh.hr\\\/sl\\\/#\\\/schema\\\/logo\\\/image\\\/\",\"url\":\"https:\\\/\\\/www.meavia-mh.hr\\\/wp-content\\\/uploads\\\/2020\\\/12\\\/Mea-Via.png\",\"contentUrl\":\"https:\\\/\\\/www.meavia-mh.hr\\\/wp-content\\\/uploads\\\/2020\\\/12\\\/Mea-Via.png\",\"width\":1181,\"height\":393,\"caption\":\"Mea Via Nails World\"},\"image\":{\"@id\":\"https:\\\/\\\/meavia-mh.hr\\\/sl\\\/#\\\/schema\\\/logo\\\/image\\\/\"},\"sameAs\":[\"https:\\\/\\\/www.facebook.com\\\/MeaViaNailsWorld\",\"https:\\\/\\\/www.instagram.com\\\/mea_via_nails_world\\\/\",\"https:\\\/\\\/www.youtube.com\\\/channel\\\/UCECk0hpRWP6TN-EfA4ER96g\\\/featured\"]}]}<\/script>\n<!-- \/ Yoast SEO plugin. -->","yoast_head_json":{"title":"Teko\u010dinska skodelica Pro 3 \u22c6 Mea Via Beauty","description":"Mea Via Beauty \u22c6 Liquid cup Pro 3 \u22c6 stekleni lon\u010dek za teko\u010dino \u22c6 za modeliranje nohtov \u22c6 za oblikovanje nohtov","robots":{"index":"index","follow":"follow","max-snippet":"max-snippet:-1","max-image-preview":"max-image-preview:large","max-video-preview":"max-video-preview:-1"},"canonical":"https:\/\/www.meavia-mh.hr\/sl\/product\/casica-za-tekucine-pro-3\/","og_locale":"sl_SI","og_type":"article","og_title":"\u010ca\u0161ica za teku\u0107ine Pro 3 &#8902; Mea Via Beauty","og_description":"Mea Via Beauty &#8902; \u010ca\u0161ica za teku\u0107ine Pro 3 &#8902; staklena \u010da\u0161a za teku\u0107ine &#8902; za modeliranje noktiju &#8902; za nail design","og_url":"https:\/\/www.meavia-mh.hr\/sl\/product\/casica-za-tekucine-pro-3\/","og_site_name":"Mea Via Beauty","article_publisher":"https:\/\/www.facebook.com\/MeaViaNailsWorld","article_modified_time":"2026-01-24T08:14:14+00:00","og_image":[{"width":1000,"height":1000,"url":"https:\/\/www.meavia-mh.hr\/wp-content\/uploads\/2026\/01\/Casica-za-tekucine-Pro-3-1.webp","type":"image\/webp"}],"twitter_card":"summary_large_image","twitter_misc":{"Est. reading time":"1 minuta"},"schema":{"@context":"https:\/\/schema.org","@graph":[{"@type":"WebPage","@id":"https:\/\/www.meavia-mh.hr\/product\/casica-za-tekucine-pro-3\/","url":"https:\/\/www.meavia-mh.hr\/product\/casica-za-tekucine-pro-3\/","name":"Teko\u010dinska skodelica Pro 3 \u22c6 Mea Via Beauty","isPartOf":{"@id":"https:\/\/meavia-mh.hr\/sl\/#website"},"primaryImageOfPage":{"@id":"https:\/\/www.meavia-mh.hr\/product\/casica-za-tekucine-pro-3\/#primaryimage"},"image":{"@id":"https:\/\/www.meavia-mh.hr\/product\/casica-za-tekucine-pro-3\/#primaryimage"},"thumbnailUrl":"https:\/\/www.meavia-mh.hr\/wp-content\/uploads\/2026\/01\/Casica-za-tekucine-Pro-3-1.webp","datePublished":"2026-01-04T14:43:19+00:00","dateModified":"2026-01-24T08:14:14+00:00","description":"Mea Via Beauty \u22c6 Liquid cup Pro 3 \u22c6 stekleni lon\u010dek za teko\u010dino \u22c6 za modeliranje nohtov \u22c6 za oblikovanje nohtov","breadcrumb":{"@id":"https:\/\/www.meavia-mh.hr\/product\/casica-za-tekucine-pro-3\/#breadcrumb"},"inLanguage":"sl-SI","potentialAction":[{"@type":"ReadAction","target":["https:\/\/www.meavia-mh.hr\/product\/casica-za-tekucine-pro-3\/"]}]},{"@type":"ImageObject","inLanguage":"sl-SI","@id":"https:\/\/www.meavia-mh.hr\/product\/casica-za-tekucine-pro-3\/#primaryimage","url":"https:\/\/www.meavia-mh.hr\/wp-content\/uploads\/2026\/01\/Casica-za-tekucine-Pro-3-1.webp","contentUrl":"https:\/\/www.meavia-mh.hr\/wp-content\/uploads\/2026\/01\/Casica-za-tekucine-Pro-3-1.webp","width":1000,"height":1000,"caption":"\u010ca\u0161ica za teku\u0107ine Pro 3"},{"@type":"BreadcrumbList","@id":"https:\/\/www.meavia-mh.hr\/product\/casica-za-tekucine-pro-3\/#breadcrumb","itemListElement":[{"@type":"ListItem","position":1,"name":"Po\u010detna stranica","item":"https:\/\/www.meavia-mh.hr\/"},{"@type":"ListItem","position":2,"name":"Trgovina","item":"https:\/\/meavia-mh.hr\/sl\/store\/"},{"@type":"ListItem","position":3,"name":"\u010ca\u0161ica za teku\u0107ine Pro 3"}]},{"@type":"WebSite","@id":"https:\/\/meavia-mh.hr\/sl\/#website","url":"https:\/\/meavia-mh.hr\/sl\/","name":"MEA VIA BEAUTY","description":"Only The Best For Your Beauty","publisher":{"@id":"https:\/\/meavia-mh.hr\/sl\/#organization"},"alternateName":"Mea Via Nails","potentialAction":[{"@type":"SearchAction","target":{"@type":"EntryPoint","urlTemplate":"https:\/\/meavia-mh.hr\/sl\/?s={search_term_string}"},"query-input":{"@type":"PropertyValueSpecification","valueRequired":true,"valueName":"search_term_string"}}],"inLanguage":"sl-SI"},{"@type":"Organization","@id":"https:\/\/meavia-mh.hr\/sl\/#organization","name":"Mea Via Nails World","alternateName":"Mea Via","url":"https:\/\/meavia-mh.hr\/sl\/","logo":{"@type":"ImageObject","inLanguage":"sl-SI","@id":"https:\/\/meavia-mh.hr\/sl\/#\/schema\/logo\/image\/","url":"https:\/\/www.meavia-mh.hr\/wp-content\/uploads\/2020\/12\/Mea-Via.png","contentUrl":"https:\/\/www.meavia-mh.hr\/wp-content\/uploads\/2020\/12\/Mea-Via.png","width":1181,"height":393,"caption":"Mea Via Nails World"},"image":{"@id":"https:\/\/meavia-mh.hr\/sl\/#\/schema\/logo\/image\/"},"sameAs":["https:\/\/www.facebook.com\/MeaViaNailsWorld","https:\/\/www.instagram.com\/mea_via_nails_world\/","https:\/\/www.youtube.com\/channel\/UCECk0hpRWP6TN-EfA4ER96g\/featured"]}]}},"spectra_custom_meta":{"_sku":["5903990558382"],"_regular_price":["2.20"],"total_sales":["0"],"_tax_status":["taxable"],"_tax_class":[""],"_manage_stock":["yes"],"_backorders":["no"],"_sold_individually":["no"],"_virtual":["no"],"_downloadable":["no"],"_product_image_gallery":["45568,45567,45570"],"_download_limit":["-1"],"_download_expiry":["-1"],"_thumbnail_id":["45569"],"_stock":["10"],"_stock_status":["instock"],"_wc_average_rating":["0"],"_wc_review_count":["0"],"_product_version":["10.4.3"],"_price":["2.20"],"_wp_page_template":["default"],"_yoast_wpseo_focuskw":["\u010da\u0161ica za teku\u0107ine"],"_yoast_wpseo_metadesc":["%%sitename%% %%sep%% %%title%% %%sep%% staklena \u010da\u0161a za teku\u0107ine %%sep%% za modeliranje noktiju %%sep%% za nail design"],"_yoast_wpseo_linkdex":["71"],"_yoast_wpseo_content_score":["90"],"_yoast_wpseo_primary_product_cat":["24"],"site-sidebar-layout":["default"],"theme-transparent-header-meta":["default"],"stick-header-meta":["default"],"_woocs_price_geo_countries":[""],"_woocs_regular_price_geo":[""],"_woocs_sale_price_geo":[""],"_yoast_wpseo_estimated-reading-time-minutes":["1"],"cartflows_redirect_flow_id":[""],"cartflows_add_to_cart_text":[""],"_woocs_regular_price_EUR":["1.31"],"_woocs_sale_price_EUR":["-1"],"_lowest_price_30_days":["0.99"],"uag_migration_processed":["1"],"ast-site-content-layout":["default"],"site-content-style":["default"],"site-sidebar-style":["default"],"_yoast_wpseo_primary_fb_product_set":[""],"_wc_facebook_sync_enabled":["yes"],"fb_visibility":["no"],"fb_product_description":[""],"fb_rich_text_description":[""],"_wc_facebook_product_image_source":["product"],"fb_product_video":["a:0:{}"],"fb_brand":[""],"fb_mpn":[""],"_yoast_wpseo_primary_product_brand":[""],"_last_change_time":["1767538027"],"_wc_facebook_sync_enabled_v2":["yes"],"fb_size":[""],"fb_color":[""],"fb_material":[""],"fb_pattern":[""],"fb_age_group":[""],"fb_gender":[""],"fb_product_condition":[""],"_wc_facebook_enhanced_catalog_attributes_capacity":[""],"_wc_facebook_enhanced_catalog_attributes_ingredients":[""],"_wc_facebook_enhanced_catalog_attributes_additional_features":[""],"_wc_facebook_enhanced_catalog_attributes_power_type":[""],"_wc_facebook_enhanced_catalog_attributes_stop_use_indications":[""],"_wc_facebook_enhanced_catalog_attributes_standard_features":[""],"_wc_facebook_enhanced_catalog_attributes_spf_value":[""],"_wc_facebook_enhanced_catalog_attributes_skin_type":[""],"_wc_facebook_enhanced_catalog_attributes_skin_tone":[""],"_wc_facebook_enhanced_catalog_attributes_skin_care_concern":[""],"_wc_facebook_enhanced_catalog_attributes_scent":[""],"_wc_facebook_enhanced_catalog_attributes_result_time":[""],"_wc_facebook_enhanced_catalog_attributes_product_form":[""],"_wc_facebook_enhanced_catalog_attributes_keywords":[""],"_wc_facebook_enhanced_catalog_attributes_is_powered":[""],"_wc_facebook_enhanced_catalog_attributes_instructions":[""],"_wc_facebook_enhanced_catalog_attributes_inactive_ingredients":[""],"_wc_facebook_enhanced_catalog_attributes_health_concern":[""],"_wc_facebook_enhanced_catalog_attributes_hair_type":[""],"_wc_facebook_enhanced_catalog_attributes_care_instructions":[""],"_wc_facebook_enhanced_catalog_attributes_body_part":[""],"_wc_facebook_enhanced_catalog_attributes_batteries_required":[""],"_wc_facebook_enhanced_catalog_attributes_wig_cap_type":[""],"_edit_lock":["1767537950:1239"],"_edit_last":["1239"],"astra-migrate-meta-layouts":["set"],"_elementor_page_assets":["a:0:{}"],"_uag_page_assets":["a:9:{s:3:\"css\";s:0:\"\";s:2:\"js\";s:0:\"\";s:18:\"current_block_list\";a:3:{i:0;s:11:\"core\/search\";i:1;s:18:\"core\/legacy-widget\";i:2;s:27:\"woocommerce\/product-filters\";}s:8:\"uag_flag\";b:0;s:11:\"uag_version\";s:10:\"1776770017\";s:6:\"gfonts\";a:0:{}s:10:\"gfonts_url\";s:0:\"\";s:12:\"gfonts_files\";a:0:{}s:14:\"uag_faq_layout\";b:0;}"]},"uagb_featured_image_src":{"full":["https:\/\/www.meavia-mh.hr\/wp-content\/uploads\/2026\/01\/Casica-za-tekucine-Pro-3-1.webp",1000,1000,false],"thumbnail":["https:\/\/www.meavia-mh.hr\/wp-content\/uploads\/2026\/01\/Casica-za-tekucine-Pro-3-1-150x150.webp",150,150,true],"medium":["https:\/\/www.meavia-mh.hr\/wp-content\/uploads\/2026\/01\/Casica-za-tekucine-Pro-3-1-300x300.webp",300,300,true],"medium_large":["https:\/\/www.meavia-mh.hr\/wp-content\/uploads\/2026\/01\/Casica-za-tekucine-Pro-3-1-768x768.webp",768,768,true],"large":["https:\/\/www.meavia-mh.hr\/wp-content\/uploads\/2026\/01\/Casica-za-tekucine-Pro-3-1.webp",1000,1000,false],"1536x1536":["https:\/\/www.meavia-mh.hr\/wp-content\/uploads\/2026\/01\/Casica-za-tekucine-Pro-3-1.webp",1000,1000,false],"2048x2048":["https:\/\/www.meavia-mh.hr\/wp-content\/uploads\/2026\/01\/Casica-za-tekucine-Pro-3-1.webp",1000,1000,false],"trp-custom-language-flag":["https:\/\/www.meavia-mh.hr\/wp-content\/uploads\/2026\/01\/Casica-za-tekucine-Pro-3-1-12x12.webp",12,12,true],"woocommerce_thumbnail":["https:\/\/www.meavia-mh.hr\/wp-content\/uploads\/2026\/01\/Casica-za-tekucine-Pro-3-1-300x300.webp",300,300,true],"woocommerce_single":["https:\/\/www.meavia-mh.hr\/wp-content\/uploads\/2026\/01\/Casica-za-tekucine-Pro-3-1-600x600.webp",600,600,true],"woocommerce_gallery_thumbnail":["https:\/\/www.meavia-mh.hr\/wp-content\/uploads\/2026\/01\/Casica-za-tekucine-Pro-3-1-100x100.webp",100,100,true]},"uagb_author_info":{"display_name":"Zla Gol","author_link":"https:\/\/www.meavia-mh.hr\/sl\/author\/"},"uagb_comment_info":0,"uagb_excerpt":"Staklena \u010da\u0161ica za teku\u0107ine s poklopcem ne samo da \u0107e ukrasiti va\u0161 stol, ve\u0107 \u0107e i za\u0161tititi va\u0161e proizvode od pra\u0161ine i drugih one\u010di\u0161\u0107enja. Mo\u017eete je koristiti kao posudu za kozmeti\u010dke teku\u0107ine (sredstvo za \u010di\u0161\u0107enje) ili kao \u010da\u0161u za pripremu boja. Protuklizni materijal na dnu posude sprije\u010dit \u0107e njezino klizanje.\u00a0Zahvaljuju\u0107i njenom kompaktnom i elegantnom dizajnu,&hellip;","_links":{"self":[{"href":"https:\/\/www.meavia-mh.hr\/sl\/wp-json\/wp\/v2\/product\/45566","targetHints":{"allow":["GET"]}}],"collection":[{"href":"https:\/\/www.meavia-mh.hr\/sl\/wp-json\/wp\/v2\/product"}],"about":[{"href":"https:\/\/www.meavia-mh.hr\/sl\/wp-json\/wp\/v2\/types\/product"}],"replies":[{"embeddable":true,"href":"https:\/\/www.meavia-mh.hr\/sl\/wp-json\/wp\/v2\/comments?post=45566"}],"version-history":[{"count":1,"href":"https:\/\/www.meavia-mh.hr\/sl\/wp-json\/wp\/v2\/product\/45566\/revisions"}],"predecessor-version":[{"id":45571,"href":"https:\/\/www.meavia-mh.hr\/sl\/wp-json\/wp\/v2\/product\/45566\/revisions\/45571"}],"wp:featuredmedia":[{"embeddable":true,"href":"https:\/\/www.meavia-mh.hr\/sl\/wp-json\/wp\/v2\/media\/45569"}],"wp:attachment":[{"href":"https:\/\/www.meavia-mh.hr\/sl\/wp-json\/wp\/v2\/media?parent=45566"}],"wp:term":[{"taxonomy":"product_brand","embeddable":true,"href":"https:\/\/www.meavia-mh.hr\/sl\/wp-json\/wp\/v2\/product_brand?post=45566"},{"taxonomy":"product_cat","embeddable":true,"href":"https:\/\/www.meavia-mh.hr\/sl\/wp-json\/wp\/v2\/product_cat?post=45566"},{"taxonomy":"product_tag","embeddable":true,"href":"https:\/\/www.meavia-mh.hr\/sl\/wp-json\/wp\/v2\/product_tag?post=45566"}],"curies":[{"name":"delovni list","href":"https:\/\/api.w.org\/{rel}","templated":true}]}}