{"id":45554,"date":"2026-01-04T15:26:22","date_gmt":"2026-01-04T14:26:22","guid":{"rendered":"https:\/\/www.meavia-mh.hr\/?post_type=product&#038;p=45554"},"modified":"2026-04-20T20:20:41","modified_gmt":"2026-04-20T19:20:41","slug":"vrecice-za-sterilizaciju-90-x-230-mm","status":"publish","type":"product","link":"https:\/\/www.meavia-mh.hr\/sl\/product\/vrecice-za-sterilizaciju-90-x-230-mm\/","title":{"rendered":"Sterilizacijske vre\u010dke 90 x 230 mm"},"content":{"rendered":"<p>Sterilizacijske vre\u010dke 90 x 230 mm (200 kosov) so idealen izdelek za varno sterilizacijo. <a href=\"https:\/\/www.meavia-mh.hr\/sl\/product\/staleks-pro-skarice-za-manikuru-smart-41-3\/\">\u0161karje<\/a>, potiskala, rezkarji in drugi pripomo\u010dki in instrumenti za manikuro in pedikuro. te <strong>samolepilni papir in folija<\/strong> Vre\u010dke so zasnovane za sterilizacijo s tla\u010dno paro ali etilen oksidom, kar zagotavlja maksimalno higieno in varnost. Te vre\u010dke so idealne za salone za nohte in lepotne salone, zobozdravstvene ordinacije ter zdravstvene ustanove, saj zagotavljajo varne pogoje shranjevanja sterilnih instrumentov.<\/p>\n<ul>\n<li><strong>Material<\/strong>: specialni medicinski papir (60g\/m2) in 7-slojna pregradna folija.<\/li>\n<li><strong>Trdnost in vzdr\u017eljivost<\/strong>: vre\u010dke so odporne na trganje in omogo\u010dajo varno sterilizacijo.<\/li>\n<li><strong>Certifikati<\/strong>: vre\u010dke so skladne z ISO: 11140, ISO: 11607<\/li>\n<li><strong>Enostaven za uporabo<\/strong>: samolepilna oblika omogo\u010da enostavno in varno zapiranje.<\/li>\n<li>Za profesionalno uporabo<\/li>\n<li><span dir=\"auto\"><span dir=\"auto\">Uporabljajte ga v skladu z navodili za uporabo ali etiketo.<\/span><\/span><\/li>\n<\/ul>\n<h3>Navodila:<\/h3>\n<ol>\n<li>Predmete previdno polo\u017eite v vre\u010dko.<\/li>\n<li>Odstranite za\u0161\u010ditni trak, prepognite vzdol\u017e perforacije in pritisnite, da se tesno zapre.<\/li>\n<li>Vre\u010dke zlo\u017eite tako, da gre papir na papir in folija na folijo.<\/li>\n<\/ol>\n<p><strong>Velikost<\/strong>: 200 kosov<br \/>\n<strong>Dimenzije<\/strong>: 90 mm x 230 mm<\/p>\n<p>Te sterilizacijske vre\u010dke so klju\u010dni del za vzdr\u017eevanje visokih higienskih standardov v vsakodnevni praksi vsakega salona za nohte!<\/p>","protected":false},"excerpt":{"rendered":"<p>Vre\u010dice za sterilizaciju 90 x 230 mm (200 kom) idealan je proizvod za sigurnu sterilizaciju \u0161karica, poguriva\u010da, freza te ostalih alata i instrumenata za manikuru i pedikuru. Ove samoljepljive papirno-folijske vre\u0107ice su dizajnirane za sterilizaciju parom pod pritiskom ili ethylenoxidom, osiguravaju\u0107i maksimalnu higijenu i sigurnost. Ove vre\u0107ice idealne su za nail i kozmeti\u010dke salone, \u00a0stomatolo\u0161ke [&hellip;]<\/p>\n","protected":false},"featured_media":45557,"comment_status":"closed","ping_status":"closed","template":"","meta":{"_uag_custom_page_level_css":"","site-sidebar-layout":"default","site-content-layout":"","ast-site-content-layout":"default","site-content-style":"default","site-sidebar-style":"default","ast-global-header-display":"","ast-banner-title-visibility":"","ast-main-header-display":"","ast-hfb-above-header-display":"","ast-hfb-below-header-display":"","ast-hfb-mobile-header-display":"","site-post-title":"","ast-breadcrumbs-content":"","ast-featured-img":"","footer-sml-layout":"","ast-disable-related-posts":"","theme-transparent-header-meta":"default","adv-header-id-meta":"","stick-header-meta":"default","header-above-stick-meta":"","header-main-stick-meta":"","header-below-stick-meta":"","astra-migrate-meta-layouts":"set","ast-page-background-enabled":"default","ast-page-background-meta":{"desktop":{"background-color":"var(--ast-global-color-4)","background-image":"","background-repeat":"repeat","background-position":"center center","background-size":"auto","background-attachment":"scroll","background-type":"","background-media":"","overlay-type":"","overlay-color":"","overlay-opacity":"","overlay-gradient":""},"tablet":{"background-color":"","background-image":"","background-repeat":"repeat","background-position":"center center","background-size":"auto","background-attachment":"scroll","background-type":"","background-media":"","overlay-type":"","overlay-color":"","overlay-opacity":"","overlay-gradient":""},"mobile":{"background-color":"","background-image":"","background-repeat":"repeat","background-position":"center center","background-size":"auto","background-attachment":"scroll","background-type":"","background-media":"","overlay-type":"","overlay-color":"","overlay-opacity":"","overlay-gradient":""}},"ast-content-background-meta":{"desktop":{"background-color":"var(--ast-global-color-5)","background-image":"","background-repeat":"repeat","background-position":"center center","background-size":"auto","background-attachment":"scroll","background-type":"","background-media":"","overlay-type":"","overlay-color":"","overlay-opacity":"","overlay-gradient":""},"tablet":{"background-color":"var(--ast-global-color-5)","background-image":"","background-repeat":"repeat","background-position":"center center","background-size":"auto","background-attachment":"scroll","background-type":"","background-media":"","overlay-type":"","overlay-color":"","overlay-opacity":"","overlay-gradient":""},"mobile":{"background-color":"var(--ast-global-color-5)","background-image":"","background-repeat":"repeat","background-position":"center center","background-size":"auto","background-attachment":"scroll","background-type":"","background-media":"","overlay-type":"","overlay-color":"","overlay-opacity":"","overlay-gradient":""}}},"product_brand":[],"product_cat":[24],"product_tag":[265],"class_list":{"0":"post-45554","1":"product","2":"type-product","3":"status-publish","4":"has-post-thumbnail","6":"product_cat-dodaci","7":"product_tag-casica-za-nail-tekucine","8":"desktop-align-left","9":"tablet-align-left","10":"mobile-align-left","11":"ast-product-gallery-layout-horizontal-slider","12":"ast-product-tabs-layout-horizontal","14":"first","15":"instock","16":"taxable","17":"shipping-taxable","18":"purchasable","19":"product-type-simple"},"yoast_head":"<!-- This site is optimized with the Yoast SEO plugin v27.4 - https:\/\/yoast.com\/product\/yoast-seo-wordpress\/ -->\n<title>Vre\u010dice za sterilizaciju 90 x 230 mm &#8902; Mea Via Beauty<\/title>\n<meta name=\"description\" content=\"Mea Via Beauty &#8902; Vre\u010dice za sterilizaciju 90 x 230 mm &#8902; za pedikuru i manikuru&#8902; za\u0161tita pribora za manikuru &#8902; higijensko \u010duvanje pribora\" \/>\n<meta name=\"robots\" content=\"index, follow, max-snippet:-1, max-image-preview:large, max-video-preview:-1\" \/>\n<link rel=\"canonical\" href=\"https:\/\/www.meavia-mh.hr\/sl\/product\/vrecice-za-sterilizaciju-90-x-230-mm\/\" \/>\n<meta property=\"og:locale\" content=\"sl_SI\" \/>\n<meta property=\"og:type\" content=\"article\" \/>\n<meta property=\"og:title\" content=\"Vre\u010dice za sterilizaciju 90 x 230 mm &#8902; Mea Via Beauty\" \/>\n<meta property=\"og:description\" content=\"Mea Via Beauty &#8902; Vre\u010dice za sterilizaciju 90 x 230 mm &#8902; za pedikuru i manikuru&#8902; za\u0161tita pribora za manikuru &#8902; higijensko \u010duvanje pribora\" \/>\n<meta property=\"og:url\" content=\"https:\/\/www.meavia-mh.hr\/sl\/product\/vrecice-za-sterilizaciju-90-x-230-mm\/\" \/>\n<meta property=\"og:site_name\" content=\"Mea Via Beauty\" \/>\n<meta property=\"article:publisher\" content=\"https:\/\/www.facebook.com\/MeaViaNailsWorld\" \/>\n<meta property=\"article:modified_time\" content=\"2026-04-20T19:20:41+00:00\" \/>\n<meta property=\"og:image\" content=\"https:\/\/www.meavia-mh.hr\/wp-content\/uploads\/2026\/01\/Vrecice-za-sterilizaciju-90-x-230-mm-2.webp\" \/>\n\t<meta property=\"og:image:width\" content=\"1000\" \/>\n\t<meta property=\"og:image:height\" content=\"1000\" \/>\n\t<meta property=\"og:image:type\" content=\"image\/webp\" \/>\n<meta name=\"twitter:card\" content=\"summary_large_image\" \/>\n<meta name=\"twitter:label1\" content=\"Est. reading time\" \/>\n\t<meta name=\"twitter:data1\" content=\"2 minuti\" \/>\n<script type=\"application\/ld+json\" class=\"yoast-schema-graph\">{\"@context\":\"https:\\\/\\\/schema.org\",\"@graph\":[{\"@type\":\"WebPage\",\"@id\":\"https:\\\/\\\/www.meavia-mh.hr\\\/product\\\/vrecice-za-sterilizaciju-90-x-230-mm\\\/\",\"url\":\"https:\\\/\\\/www.meavia-mh.hr\\\/product\\\/vrecice-za-sterilizaciju-90-x-230-mm\\\/\",\"name\":\"Vre\u010dice za sterilizaciju 90 x 230 mm &#8902; Mea Via Beauty\",\"isPartOf\":{\"@id\":\"https:\\\/\\\/meavia-mh.hr\\\/sl\\\/#website\"},\"primaryImageOfPage\":{\"@id\":\"https:\\\/\\\/www.meavia-mh.hr\\\/product\\\/vrecice-za-sterilizaciju-90-x-230-mm\\\/#primaryimage\"},\"image\":{\"@id\":\"https:\\\/\\\/www.meavia-mh.hr\\\/product\\\/vrecice-za-sterilizaciju-90-x-230-mm\\\/#primaryimage\"},\"thumbnailUrl\":\"https:\\\/\\\/www.meavia-mh.hr\\\/wp-content\\\/uploads\\\/2026\\\/01\\\/Vrecice-za-sterilizaciju-90-x-230-mm-2.webp\",\"datePublished\":\"2026-01-04T14:26:22+00:00\",\"dateModified\":\"2026-04-20T19:20:41+00:00\",\"description\":\"Mea Via Beauty &#8902; Vre\u010dice za sterilizaciju 90 x 230 mm &#8902; za pedikuru i manikuru&#8902; za\u0161tita pribora za manikuru &#8902; higijensko \u010duvanje pribora\",\"breadcrumb\":{\"@id\":\"https:\\\/\\\/www.meavia-mh.hr\\\/product\\\/vrecice-za-sterilizaciju-90-x-230-mm\\\/#breadcrumb\"},\"inLanguage\":\"sl-SI\",\"potentialAction\":[{\"@type\":\"ReadAction\",\"target\":[\"https:\\\/\\\/www.meavia-mh.hr\\\/product\\\/vrecice-za-sterilizaciju-90-x-230-mm\\\/\"]}]},{\"@type\":\"ImageObject\",\"inLanguage\":\"sl-SI\",\"@id\":\"https:\\\/\\\/www.meavia-mh.hr\\\/product\\\/vrecice-za-sterilizaciju-90-x-230-mm\\\/#primaryimage\",\"url\":\"https:\\\/\\\/www.meavia-mh.hr\\\/wp-content\\\/uploads\\\/2026\\\/01\\\/Vrecice-za-sterilizaciju-90-x-230-mm-2.webp\",\"contentUrl\":\"https:\\\/\\\/www.meavia-mh.hr\\\/wp-content\\\/uploads\\\/2026\\\/01\\\/Vrecice-za-sterilizaciju-90-x-230-mm-2.webp\",\"width\":1000,\"height\":1000,\"caption\":\"Vre\u010dice za sterilizaciju 90 x 230 mm\"},{\"@type\":\"BreadcrumbList\",\"@id\":\"https:\\\/\\\/www.meavia-mh.hr\\\/product\\\/vrecice-za-sterilizaciju-90-x-230-mm\\\/#breadcrumb\",\"itemListElement\":[{\"@type\":\"ListItem\",\"position\":1,\"name\":\"Po\u010detna stranica\",\"item\":\"https:\\\/\\\/www.meavia-mh.hr\\\/\"},{\"@type\":\"ListItem\",\"position\":2,\"name\":\"Trgovina\",\"item\":\"https:\\\/\\\/meavia-mh.hr\\\/sl\\\/store\\\/\"},{\"@type\":\"ListItem\",\"position\":3,\"name\":\"Vre\u010dice za sterilizaciju 90 x 230 mm\"}]},{\"@type\":\"WebSite\",\"@id\":\"https:\\\/\\\/meavia-mh.hr\\\/sl\\\/#website\",\"url\":\"https:\\\/\\\/meavia-mh.hr\\\/sl\\\/\",\"name\":\"Mea Via Beauty\",\"description\":\"Only The Best For Your Beauty\",\"publisher\":{\"@id\":\"https:\\\/\\\/meavia-mh.hr\\\/sl\\\/#organization\"},\"alternateName\":\"Mea Via Nails\",\"potentialAction\":[{\"@type\":\"SearchAction\",\"target\":{\"@type\":\"EntryPoint\",\"urlTemplate\":\"https:\\\/\\\/meavia-mh.hr\\\/sl\\\/?s={search_term_string}\"},\"query-input\":{\"@type\":\"PropertyValueSpecification\",\"valueRequired\":true,\"valueName\":\"search_term_string\"}}],\"inLanguage\":\"sl-SI\"},{\"@type\":\"Organization\",\"@id\":\"https:\\\/\\\/meavia-mh.hr\\\/sl\\\/#organization\",\"name\":\"Mea Via Nails World\",\"alternateName\":\"Mea Via\",\"url\":\"https:\\\/\\\/meavia-mh.hr\\\/sl\\\/\",\"logo\":{\"@type\":\"ImageObject\",\"inLanguage\":\"sl-SI\",\"@id\":\"https:\\\/\\\/meavia-mh.hr\\\/sl\\\/#\\\/schema\\\/logo\\\/image\\\/\",\"url\":\"https:\\\/\\\/www.meavia-mh.hr\\\/wp-content\\\/uploads\\\/2020\\\/12\\\/Mea-Via.png\",\"contentUrl\":\"https:\\\/\\\/www.meavia-mh.hr\\\/wp-content\\\/uploads\\\/2020\\\/12\\\/Mea-Via.png\",\"width\":1181,\"height\":393,\"caption\":\"Mea Via Nails World\"},\"image\":{\"@id\":\"https:\\\/\\\/meavia-mh.hr\\\/sl\\\/#\\\/schema\\\/logo\\\/image\\\/\"},\"sameAs\":[\"https:\\\/\\\/www.facebook.com\\\/MeaViaNailsWorld\",\"https:\\\/\\\/www.instagram.com\\\/mea_via_nails_world\\\/\",\"https:\\\/\\\/www.youtube.com\\\/channel\\\/UCECk0hpRWP6TN-EfA4ER96g\\\/featured\"]}]}<\/script>\n<!-- \/ Yoast SEO plugin. -->","yoast_head_json":{"title":"Vre\u010dke za sterilizacijo 90 x 230 mm \u22c6 Mea Via Beauty","description":"Mea Via Beauty \u22c6 Vre\u010dke za sterilizacijo 90 x 230 mm \u22c6 za pedikuro in manikuro \u22c6 za\u0161\u010dita pripomo\u010dkov za manikuro \u22c6 higiensko shranjevanje pripomo\u010dkov","robots":{"index":"index","follow":"follow","max-snippet":"max-snippet:-1","max-image-preview":"max-image-preview:large","max-video-preview":"max-video-preview:-1"},"canonical":"https:\/\/www.meavia-mh.hr\/sl\/product\/vrecice-za-sterilizaciju-90-x-230-mm\/","og_locale":"sl_SI","og_type":"article","og_title":"Vre\u010dice za sterilizaciju 90 x 230 mm &#8902; Mea Via Beauty","og_description":"Mea Via Beauty &#8902; Vre\u010dice za sterilizaciju 90 x 230 mm &#8902; za pedikuru i manikuru&#8902; za\u0161tita pribora za manikuru &#8902; higijensko \u010duvanje pribora","og_url":"https:\/\/www.meavia-mh.hr\/sl\/product\/vrecice-za-sterilizaciju-90-x-230-mm\/","og_site_name":"Mea Via Beauty","article_publisher":"https:\/\/www.facebook.com\/MeaViaNailsWorld","article_modified_time":"2026-04-20T19:20:41+00:00","og_image":[{"width":1000,"height":1000,"url":"https:\/\/www.meavia-mh.hr\/wp-content\/uploads\/2026\/01\/Vrecice-za-sterilizaciju-90-x-230-mm-2.webp","type":"image\/webp"}],"twitter_card":"summary_large_image","twitter_misc":{"Est. reading time":"2 minuti"},"schema":{"@context":"https:\/\/schema.org","@graph":[{"@type":"WebPage","@id":"https:\/\/www.meavia-mh.hr\/product\/vrecice-za-sterilizaciju-90-x-230-mm\/","url":"https:\/\/www.meavia-mh.hr\/product\/vrecice-za-sterilizaciju-90-x-230-mm\/","name":"Vre\u010dke za sterilizacijo 90 x 230 mm \u22c6 Mea Via Beauty","isPartOf":{"@id":"https:\/\/meavia-mh.hr\/sl\/#website"},"primaryImageOfPage":{"@id":"https:\/\/www.meavia-mh.hr\/product\/vrecice-za-sterilizaciju-90-x-230-mm\/#primaryimage"},"image":{"@id":"https:\/\/www.meavia-mh.hr\/product\/vrecice-za-sterilizaciju-90-x-230-mm\/#primaryimage"},"thumbnailUrl":"https:\/\/www.meavia-mh.hr\/wp-content\/uploads\/2026\/01\/Vrecice-za-sterilizaciju-90-x-230-mm-2.webp","datePublished":"2026-01-04T14:26:22+00:00","dateModified":"2026-04-20T19:20:41+00:00","description":"Mea Via Beauty \u22c6 Vre\u010dke za sterilizacijo 90 x 230 mm \u22c6 za pedikuro in manikuro \u22c6 za\u0161\u010dita pripomo\u010dkov za manikuro \u22c6 higiensko shranjevanje pripomo\u010dkov","breadcrumb":{"@id":"https:\/\/www.meavia-mh.hr\/product\/vrecice-za-sterilizaciju-90-x-230-mm\/#breadcrumb"},"inLanguage":"sl-SI","potentialAction":[{"@type":"ReadAction","target":["https:\/\/www.meavia-mh.hr\/product\/vrecice-za-sterilizaciju-90-x-230-mm\/"]}]},{"@type":"ImageObject","inLanguage":"sl-SI","@id":"https:\/\/www.meavia-mh.hr\/product\/vrecice-za-sterilizaciju-90-x-230-mm\/#primaryimage","url":"https:\/\/www.meavia-mh.hr\/wp-content\/uploads\/2026\/01\/Vrecice-za-sterilizaciju-90-x-230-mm-2.webp","contentUrl":"https:\/\/www.meavia-mh.hr\/wp-content\/uploads\/2026\/01\/Vrecice-za-sterilizaciju-90-x-230-mm-2.webp","width":1000,"height":1000,"caption":"Vre\u010dice za sterilizaciju 90 x 230 mm"},{"@type":"BreadcrumbList","@id":"https:\/\/www.meavia-mh.hr\/product\/vrecice-za-sterilizaciju-90-x-230-mm\/#breadcrumb","itemListElement":[{"@type":"ListItem","position":1,"name":"Po\u010detna stranica","item":"https:\/\/www.meavia-mh.hr\/"},{"@type":"ListItem","position":2,"name":"Trgovina","item":"https:\/\/meavia-mh.hr\/sl\/store\/"},{"@type":"ListItem","position":3,"name":"Vre\u010dice za sterilizaciju 90 x 230 mm"}]},{"@type":"WebSite","@id":"https:\/\/meavia-mh.hr\/sl\/#website","url":"https:\/\/meavia-mh.hr\/sl\/","name":"MEA VIA BEAUTY","description":"Only The Best For Your Beauty","publisher":{"@id":"https:\/\/meavia-mh.hr\/sl\/#organization"},"alternateName":"Mea Via Nails","potentialAction":[{"@type":"SearchAction","target":{"@type":"EntryPoint","urlTemplate":"https:\/\/meavia-mh.hr\/sl\/?s={search_term_string}"},"query-input":{"@type":"PropertyValueSpecification","valueRequired":true,"valueName":"search_term_string"}}],"inLanguage":"sl-SI"},{"@type":"Organization","@id":"https:\/\/meavia-mh.hr\/sl\/#organization","name":"Mea Via Nails World","alternateName":"Mea Via","url":"https:\/\/meavia-mh.hr\/sl\/","logo":{"@type":"ImageObject","inLanguage":"sl-SI","@id":"https:\/\/meavia-mh.hr\/sl\/#\/schema\/logo\/image\/","url":"https:\/\/www.meavia-mh.hr\/wp-content\/uploads\/2020\/12\/Mea-Via.png","contentUrl":"https:\/\/www.meavia-mh.hr\/wp-content\/uploads\/2020\/12\/Mea-Via.png","width":1181,"height":393,"caption":"Mea Via Nails World"},"image":{"@id":"https:\/\/meavia-mh.hr\/sl\/#\/schema\/logo\/image\/"},"sameAs":["https:\/\/www.facebook.com\/MeaViaNailsWorld","https:\/\/www.instagram.com\/mea_via_nails_world\/","https:\/\/www.youtube.com\/channel\/UCECk0hpRWP6TN-EfA4ER96g\/featured"]}]}},"spectra_custom_meta":{"_sku":["6948788171861"],"_regular_price":["9.99"],"total_sales":["2"],"_tax_status":["taxable"],"_tax_class":[""],"_manage_stock":["yes"],"_backorders":["no"],"_sold_individually":["no"],"_crosssell_ids":["a:2:{i:0;i:18575;i:1;i:12393;}"],"_virtual":["no"],"_downloadable":["no"],"_product_image_gallery":["45558,45556,45555,45548"],"_download_limit":["-1"],"_download_expiry":["-1"],"_thumbnail_id":["45557"],"_stock":["18"],"_stock_status":["instock"],"_wc_average_rating":["0"],"_wc_review_count":["0"],"_product_version":["10.7.0"],"_price":["9.99"],"_wp_page_template":["default"],"_yoast_wpseo_focuskw":["vre\u010dice za sterilizaciju"],"_yoast_wpseo_metadesc":["%%sitename%% %%sep%% %%title%% %%sep%% za pedikuru i manikuru%%sep%% za\u0161tita pribora za manikuru %%sep%% higijensko \u010duvanje pribora"],"_yoast_wpseo_linkdex":["70"],"_yoast_wpseo_content_score":["90"],"_yoast_wpseo_primary_product_cat":["24"],"site-sidebar-layout":["default"],"theme-transparent-header-meta":["default"],"stick-header-meta":["default"],"_woocs_price_geo_countries":[""],"_woocs_regular_price_geo":[""],"_woocs_sale_price_geo":[""],"_yoast_wpseo_estimated-reading-time-minutes":["2"],"cartflows_redirect_flow_id":[""],"cartflows_add_to_cart_text":[""],"_woocs_regular_price_EUR":["1.31"],"_woocs_sale_price_EUR":["-1"],"_lowest_price_30_days":["1.31"],"uag_migration_processed":["1"],"ast-site-content-layout":["default"],"site-content-style":["default"],"site-sidebar-style":["default"],"_yoast_wpseo_primary_fb_product_set":[""],"_last_change_time":["1776696488"],"_yoast_wpseo_primary_product_brand":[""],"_wc_facebook_sync_enabled_v2":["yes"],"fb_visibility":["yes"],"fb_product_description":[""],"fb_rich_text_description":[""],"_wc_facebook_product_image_source":["product"],"fb_product_video":["a:0:{}"],"fb_brand":[""],"fb_mpn":[""],"fb_size":[""],"fb_color":[""],"fb_material":[""],"fb_pattern":[""],"fb_age_group":[""],"fb_gender":[""],"fb_product_condition":[""],"_wc_facebook_enhanced_catalog_attributes_capacity":[""],"_wc_facebook_enhanced_catalog_attributes_ingredients":[""],"_wc_facebook_enhanced_catalog_attributes_additional_features":[""],"_wc_facebook_enhanced_catalog_attributes_power_type":[""],"_wc_facebook_enhanced_catalog_attributes_stop_use_indications":[""],"_wc_facebook_enhanced_catalog_attributes_standard_features":[""],"_wc_facebook_enhanced_catalog_attributes_spf_value":[""],"_wc_facebook_enhanced_catalog_attributes_skin_type":[""],"_wc_facebook_enhanced_catalog_attributes_skin_tone":[""],"_wc_facebook_enhanced_catalog_attributes_skin_care_concern":[""],"_wc_facebook_enhanced_catalog_attributes_scent":[""],"_wc_facebook_enhanced_catalog_attributes_result_time":[""],"_wc_facebook_enhanced_catalog_attributes_product_form":[""],"_wc_facebook_enhanced_catalog_attributes_keywords":[""],"_wc_facebook_enhanced_catalog_attributes_is_powered":[""],"_wc_facebook_enhanced_catalog_attributes_instructions":[""],"_wc_facebook_enhanced_catalog_attributes_inactive_ingredients":[""],"_wc_facebook_enhanced_catalog_attributes_health_concern":[""],"_wc_facebook_enhanced_catalog_attributes_hair_type":[""],"_wc_facebook_enhanced_catalog_attributes_care_instructions":[""],"_wc_facebook_enhanced_catalog_attributes_body_part":[""],"_wc_facebook_enhanced_catalog_attributes_batteries_required":[""],"_wc_facebook_enhanced_catalog_attributes_wig_cap_type":[""],"_edit_lock":["1767537028:1239"],"_edit_last":["1239"],"astra-migrate-meta-layouts":["set"],"_elementor_page_assets":["a:0:{}"],"_uag_page_assets":["a:9:{s:3:\"css\";s:0:\"\";s:2:\"js\";s:0:\"\";s:18:\"current_block_list\";a:3:{i:0;s:11:\"core\/search\";i:1;s:18:\"core\/legacy-widget\";i:2;s:27:\"woocommerce\/product-filters\";}s:8:\"uag_flag\";b:0;s:11:\"uag_version\";s:10:\"1776770017\";s:6:\"gfonts\";a:0:{}s:10:\"gfonts_url\";s:0:\"\";s:12:\"gfonts_files\";a:0:{}s:14:\"uag_faq_layout\";b:0;}"]},"uagb_featured_image_src":{"full":["https:\/\/www.meavia-mh.hr\/wp-content\/uploads\/2026\/01\/Vrecice-za-sterilizaciju-90-x-230-mm-2.webp",1000,1000,false],"thumbnail":["https:\/\/www.meavia-mh.hr\/wp-content\/uploads\/2026\/01\/Vrecice-za-sterilizaciju-90-x-230-mm-2-150x150.webp",150,150,true],"medium":["https:\/\/www.meavia-mh.hr\/wp-content\/uploads\/2026\/01\/Vrecice-za-sterilizaciju-90-x-230-mm-2-300x300.webp",300,300,true],"medium_large":["https:\/\/www.meavia-mh.hr\/wp-content\/uploads\/2026\/01\/Vrecice-za-sterilizaciju-90-x-230-mm-2-768x768.webp",768,768,true],"large":["https:\/\/www.meavia-mh.hr\/wp-content\/uploads\/2026\/01\/Vrecice-za-sterilizaciju-90-x-230-mm-2.webp",1000,1000,false],"1536x1536":["https:\/\/www.meavia-mh.hr\/wp-content\/uploads\/2026\/01\/Vrecice-za-sterilizaciju-90-x-230-mm-2.webp",1000,1000,false],"2048x2048":["https:\/\/www.meavia-mh.hr\/wp-content\/uploads\/2026\/01\/Vrecice-za-sterilizaciju-90-x-230-mm-2.webp",1000,1000,false],"trp-custom-language-flag":["https:\/\/www.meavia-mh.hr\/wp-content\/uploads\/2026\/01\/Vrecice-za-sterilizaciju-90-x-230-mm-2-12x12.webp",12,12,true],"woocommerce_thumbnail":["https:\/\/www.meavia-mh.hr\/wp-content\/uploads\/2026\/01\/Vrecice-za-sterilizaciju-90-x-230-mm-2-300x300.webp",300,300,true],"woocommerce_single":["https:\/\/www.meavia-mh.hr\/wp-content\/uploads\/2026\/01\/Vrecice-za-sterilizaciju-90-x-230-mm-2-600x600.webp",600,600,true],"woocommerce_gallery_thumbnail":["https:\/\/www.meavia-mh.hr\/wp-content\/uploads\/2026\/01\/Vrecice-za-sterilizaciju-90-x-230-mm-2-100x100.webp",100,100,true]},"uagb_author_info":{"display_name":"Zla Gol","author_link":"https:\/\/www.meavia-mh.hr\/sl\/author\/"},"uagb_comment_info":0,"uagb_excerpt":"Vre\u010dice za sterilizaciju 90 x 230 mm (200 kom) idealan je proizvod za sigurnu sterilizaciju \u0161karica, poguriva\u010da, freza te ostalih alata i instrumenata za manikuru i pedikuru. Ove samoljepljive papirno-folijske vre\u0107ice su dizajnirane za sterilizaciju parom pod pritiskom ili ethylenoxidom, osiguravaju\u0107i maksimalnu higijenu i sigurnost. Ove vre\u0107ice idealne su za nail i kozmeti\u010dke salone, \u00a0stomatolo\u0161ke&hellip;","_links":{"self":[{"href":"https:\/\/www.meavia-mh.hr\/sl\/wp-json\/wp\/v2\/product\/45554","targetHints":{"allow":["GET"]}}],"collection":[{"href":"https:\/\/www.meavia-mh.hr\/sl\/wp-json\/wp\/v2\/product"}],"about":[{"href":"https:\/\/www.meavia-mh.hr\/sl\/wp-json\/wp\/v2\/types\/product"}],"replies":[{"embeddable":true,"href":"https:\/\/www.meavia-mh.hr\/sl\/wp-json\/wp\/v2\/comments?post=45554"}],"version-history":[{"count":1,"href":"https:\/\/www.meavia-mh.hr\/sl\/wp-json\/wp\/v2\/product\/45554\/revisions"}],"predecessor-version":[{"id":45559,"href":"https:\/\/www.meavia-mh.hr\/sl\/wp-json\/wp\/v2\/product\/45554\/revisions\/45559"}],"wp:featuredmedia":[{"embeddable":true,"href":"https:\/\/www.meavia-mh.hr\/sl\/wp-json\/wp\/v2\/media\/45557"}],"wp:attachment":[{"href":"https:\/\/www.meavia-mh.hr\/sl\/wp-json\/wp\/v2\/media?parent=45554"}],"wp:term":[{"taxonomy":"product_brand","embeddable":true,"href":"https:\/\/www.meavia-mh.hr\/sl\/wp-json\/wp\/v2\/product_brand?post=45554"},{"taxonomy":"product_cat","embeddable":true,"href":"https:\/\/www.meavia-mh.hr\/sl\/wp-json\/wp\/v2\/product_cat?post=45554"},{"taxonomy":"product_tag","embeddable":true,"href":"https:\/\/www.meavia-mh.hr\/sl\/wp-json\/wp\/v2\/product_tag?post=45554"}],"curies":[{"name":"delovni list","href":"https:\/\/api.w.org\/{rel}","templated":true}]}}