{"id":45424,"date":"2025-12-28T10:42:26","date_gmt":"2025-12-28T09:42:26","guid":{"rendered":"https:\/\/www.meavia-mh.hr\/?post_type=product&#038;p=45424"},"modified":"2026-04-13T08:04:34","modified_gmt":"2026-04-13T07:04:34","slug":"cetkica-za-manikuru-pro","status":"publish","type":"product","link":"https:\/\/www.meavia-mh.hr\/sl\/product\/cetkica-za-manikuru-pro\/","title":{"rendered":"\u010copi\u010d za manikuro Pro"},"content":{"rendered":"<p><strong>Manikurna krta\u010da Pro \u2013 nepogre\u0161ljiv pripomo\u010dek za popolno higieno nohtov<\/strong><\/p>\n<p>Ta elegantna <strong>\u010dopi\u010d za manikuro<\/strong> vam bo pomagal odstraniti tudi najmanj\u0161e delce prahu po piljenju ali poliranju nohtov s polirnim blokom. Ta prakti\u010dna krta\u010dka se popolnoma prilega va\u0161i roki in zagotavlja enostavno in hitro odstranjevanje prahu. Mehke sinteti\u010dne \u0161\u010detine prepre\u010dujejo praske, krta\u010dka pa je opremljena s posebnim pokrov\u010dkom, ki ohranja \u0161\u010detine v brezhibnem stanju.<\/p>\n<ul>\n<li><strong>Ve\u010dnamenska uporaba<\/strong>: idealno za manikuro in pedikuro, odstranjuje prah in ostanke pigmenta.<\/li>\n<li><strong>Mehka sinteti\u010dna vlakna z optimalno trdnostjo<\/strong> <span dir=\"auto\">U\u010dinkovito \u010distijo, ne da bi po\u0161kodovali obnohtno ko\u017eico ali nohtno plo\u0161\u010do.<\/span><\/li>\n<li><strong>Ergonomska oblika<\/strong>: udoben ro\u010daj in enostavna uporaba.<\/li>\n<li><strong>Higiensko<\/strong>: krta\u010do je enostavno razku\u017eiti za ohranjanje \u010disto\u010de.<\/li>\n<li><span dir=\"auto\">Izdelano iz trpe\u017ene, obrabno odporne prozorne plastike.<\/span><\/li>\n<li><span dir=\"auto\">Primerno za vse tipe nohtov.<\/span><\/li>\n<li><span dir=\"auto\">Kompaktna velikost, idealna za delo.<\/span><\/li>\n<\/ul>\n<p><strong><span dir=\"auto\">dimenzije:<\/span><\/strong><\/p>\n<ul>\n<li><span dir=\"auto\">\u0160irina: 6,5 cm<\/span><\/li>\n<li><span dir=\"auto\">Vi\u0161ina: 3,5 cm<\/span><\/li>\n<li><span dir=\"auto\">Dol\u017eina \u010dopi\u010da: 4,2 cm<\/span><\/li>\n<\/ul>\n<p><strong>Velikost<\/strong>: 1 kos<\/p>\n<p>Dodajte ta eleganten in funkcionalen \u010dopi\u010d v svojo zbirko za brezhibno nego nohtov!<\/p>","protected":false},"excerpt":{"rendered":"<p>\u010cetkica za manikuru Pro \u2013 Nezaobilazan alat za savr\u0161enu higijenu noktiju Ova elegantna \u010detkica za manikuru pomo\u0107i \u0107e vam da uklonite i najsitnije \u010destice pra\u0161ine nakon turpijanja ili obrade noktiju polirnim blokom. Ova prakti\u010dna \u010detka savr\u0161eno le\u017ei u ruci, osiguravaju\u0107i jednostavno i brzo uklanjanje pra\u0161ine. Nje\u017ena sinteti\u010dka vlakna sprje\u010davaju ogrebotine, a \u010detkica je opremljena posebnim [&hellip;]<\/p>\n","protected":false},"featured_media":45427,"comment_status":"closed","ping_status":"closed","template":"","meta":{"_uag_custom_page_level_css":"","site-sidebar-layout":"default","site-content-layout":"","ast-site-content-layout":"default","site-content-style":"default","site-sidebar-style":"default","ast-global-header-display":"","ast-banner-title-visibility":"","ast-main-header-display":"","ast-hfb-above-header-display":"","ast-hfb-below-header-display":"","ast-hfb-mobile-header-display":"","site-post-title":"","ast-breadcrumbs-content":"","ast-featured-img":"","footer-sml-layout":"","ast-disable-related-posts":"","theme-transparent-header-meta":"default","adv-header-id-meta":"","stick-header-meta":"default","header-above-stick-meta":"","header-main-stick-meta":"","header-below-stick-meta":"","astra-migrate-meta-layouts":"set","ast-page-background-enabled":"default","ast-page-background-meta":{"desktop":{"background-color":"var(--ast-global-color-4)","background-image":"","background-repeat":"repeat","background-position":"center center","background-size":"auto","background-attachment":"scroll","background-type":"","background-media":"","overlay-type":"","overlay-color":"","overlay-opacity":"","overlay-gradient":""},"tablet":{"background-color":"","background-image":"","background-repeat":"repeat","background-position":"center center","background-size":"auto","background-attachment":"scroll","background-type":"","background-media":"","overlay-type":"","overlay-color":"","overlay-opacity":"","overlay-gradient":""},"mobile":{"background-color":"","background-image":"","background-repeat":"repeat","background-position":"center center","background-size":"auto","background-attachment":"scroll","background-type":"","background-media":"","overlay-type":"","overlay-color":"","overlay-opacity":"","overlay-gradient":""}},"ast-content-background-meta":{"desktop":{"background-color":"var(--ast-global-color-5)","background-image":"","background-repeat":"repeat","background-position":"center center","background-size":"auto","background-attachment":"scroll","background-type":"","background-media":"","overlay-type":"","overlay-color":"","overlay-opacity":"","overlay-gradient":""},"tablet":{"background-color":"var(--ast-global-color-5)","background-image":"","background-repeat":"repeat","background-position":"center center","background-size":"auto","background-attachment":"scroll","background-type":"","background-media":"","overlay-type":"","overlay-color":"","overlay-opacity":"","overlay-gradient":""},"mobile":{"background-color":"var(--ast-global-color-5)","background-image":"","background-repeat":"repeat","background-position":"center center","background-size":"auto","background-attachment":"scroll","background-type":"","background-media":"","overlay-type":"","overlay-color":"","overlay-opacity":"","overlay-gradient":""}}},"product_brand":[608],"product_cat":[24],"product_tag":[229],"class_list":{"0":"post-45424","1":"product","2":"type-product","3":"status-publish","4":"has-post-thumbnail","6":"product_brand-staleks","7":"product_cat-dodaci","8":"product_tag-cerkica-za-prasinu","9":"desktop-align-left","10":"tablet-align-left","11":"mobile-align-left","12":"ast-product-gallery-layout-horizontal-slider","13":"ast-product-tabs-layout-horizontal","15":"first","16":"instock","17":"taxable","18":"shipping-taxable","19":"purchasable","20":"product-type-simple"},"yoast_head":"<!-- This site is optimized with the Yoast SEO plugin v27.4 - https:\/\/yoast.com\/product\/yoast-seo-wordpress\/ -->\n<title>\u010cetkica za manikuru Pro &#8902; Mea Via Beauty<\/title>\n<meta name=\"description\" content=\"\u010cetkica za manikuru Pro &#8902; za pripremu nokta &#8902; \u010detka za pra\u0161inu &#8902; \u010detkica za manikuru &#8902; \u010detka za pediikuru &#8902; \u010detkica za nail design\" \/>\n<meta name=\"robots\" content=\"index, follow, max-snippet:-1, max-image-preview:large, max-video-preview:-1\" \/>\n<link rel=\"canonical\" href=\"https:\/\/www.meavia-mh.hr\/sl\/product\/cetkica-za-manikuru-pro\/\" \/>\n<meta property=\"og:locale\" content=\"sl_SI\" \/>\n<meta property=\"og:type\" content=\"article\" \/>\n<meta property=\"og:title\" content=\"\u010cetkica za manikuru Pro &#8902; Mea Via Beauty\" \/>\n<meta property=\"og:description\" content=\"\u010cetkica za manikuru Pro &#8902; za pripremu nokta &#8902; \u010detka za pra\u0161inu &#8902; \u010detkica za manikuru &#8902; \u010detka za pediikuru &#8902; \u010detkica za nail design\" \/>\n<meta property=\"og:url\" content=\"https:\/\/www.meavia-mh.hr\/sl\/product\/cetkica-za-manikuru-pro\/\" \/>\n<meta property=\"og:site_name\" content=\"Mea Via Beauty\" \/>\n<meta property=\"article:publisher\" content=\"https:\/\/www.facebook.com\/MeaViaNailsWorld\" \/>\n<meta property=\"article:modified_time\" content=\"2026-04-13T07:04:34+00:00\" \/>\n<meta property=\"og:image\" content=\"https:\/\/www.meavia-mh.hr\/wp-content\/uploads\/2025\/12\/Cetkica-za-manikuru-Pro-2.webp\" \/>\n\t<meta property=\"og:image:width\" content=\"1000\" \/>\n\t<meta property=\"og:image:height\" content=\"1000\" \/>\n\t<meta property=\"og:image:type\" content=\"image\/webp\" \/>\n<meta name=\"twitter:card\" content=\"summary_large_image\" \/>\n<meta name=\"twitter:label1\" content=\"Est. reading time\" \/>\n\t<meta name=\"twitter:data1\" content=\"2 minuti\" \/>\n<script type=\"application\/ld+json\" class=\"yoast-schema-graph\">{\"@context\":\"https:\\\/\\\/schema.org\",\"@graph\":[{\"@type\":\"WebPage\",\"@id\":\"https:\\\/\\\/www.meavia-mh.hr\\\/product\\\/cetkica-za-manikuru-pro\\\/\",\"url\":\"https:\\\/\\\/www.meavia-mh.hr\\\/product\\\/cetkica-za-manikuru-pro\\\/\",\"name\":\"\u010cetkica za manikuru Pro &#8902; Mea Via Beauty\",\"isPartOf\":{\"@id\":\"https:\\\/\\\/meavia-mh.hr\\\/sl\\\/#website\"},\"primaryImageOfPage\":{\"@id\":\"https:\\\/\\\/www.meavia-mh.hr\\\/product\\\/cetkica-za-manikuru-pro\\\/#primaryimage\"},\"image\":{\"@id\":\"https:\\\/\\\/www.meavia-mh.hr\\\/product\\\/cetkica-za-manikuru-pro\\\/#primaryimage\"},\"thumbnailUrl\":\"https:\\\/\\\/www.meavia-mh.hr\\\/wp-content\\\/uploads\\\/2025\\\/12\\\/Cetkica-za-manikuru-Pro-2.webp\",\"datePublished\":\"2025-12-28T09:42:26+00:00\",\"dateModified\":\"2026-04-13T07:04:34+00:00\",\"description\":\"\u010cetkica za manikuru Pro &#8902; za pripremu nokta &#8902; \u010detka za pra\u0161inu &#8902; \u010detkica za manikuru &#8902; \u010detka za pediikuru &#8902; \u010detkica za nail design\",\"breadcrumb\":{\"@id\":\"https:\\\/\\\/www.meavia-mh.hr\\\/product\\\/cetkica-za-manikuru-pro\\\/#breadcrumb\"},\"inLanguage\":\"sl-SI\",\"potentialAction\":[{\"@type\":\"ReadAction\",\"target\":[\"https:\\\/\\\/www.meavia-mh.hr\\\/product\\\/cetkica-za-manikuru-pro\\\/\"]}]},{\"@type\":\"ImageObject\",\"inLanguage\":\"sl-SI\",\"@id\":\"https:\\\/\\\/www.meavia-mh.hr\\\/product\\\/cetkica-za-manikuru-pro\\\/#primaryimage\",\"url\":\"https:\\\/\\\/www.meavia-mh.hr\\\/wp-content\\\/uploads\\\/2025\\\/12\\\/Cetkica-za-manikuru-Pro-2.webp\",\"contentUrl\":\"https:\\\/\\\/www.meavia-mh.hr\\\/wp-content\\\/uploads\\\/2025\\\/12\\\/Cetkica-za-manikuru-Pro-2.webp\",\"width\":1000,\"height\":1000,\"caption\":\"\u010cetkica za manikuru Pro\"},{\"@type\":\"BreadcrumbList\",\"@id\":\"https:\\\/\\\/www.meavia-mh.hr\\\/product\\\/cetkica-za-manikuru-pro\\\/#breadcrumb\",\"itemListElement\":[{\"@type\":\"ListItem\",\"position\":1,\"name\":\"Po\u010detna stranica\",\"item\":\"https:\\\/\\\/www.meavia-mh.hr\\\/\"},{\"@type\":\"ListItem\",\"position\":2,\"name\":\"Trgovina\",\"item\":\"https:\\\/\\\/meavia-mh.hr\\\/sl\\\/store\\\/\"},{\"@type\":\"ListItem\",\"position\":3,\"name\":\"\u010cetkica za manikuru Pro\"}]},{\"@type\":\"WebSite\",\"@id\":\"https:\\\/\\\/meavia-mh.hr\\\/sl\\\/#website\",\"url\":\"https:\\\/\\\/meavia-mh.hr\\\/sl\\\/\",\"name\":\"Mea Via Beauty\",\"description\":\"Only The Best For Your Beauty\",\"publisher\":{\"@id\":\"https:\\\/\\\/meavia-mh.hr\\\/sl\\\/#organization\"},\"alternateName\":\"Mea Via Nails\",\"potentialAction\":[{\"@type\":\"SearchAction\",\"target\":{\"@type\":\"EntryPoint\",\"urlTemplate\":\"https:\\\/\\\/meavia-mh.hr\\\/sl\\\/?s={search_term_string}\"},\"query-input\":{\"@type\":\"PropertyValueSpecification\",\"valueRequired\":true,\"valueName\":\"search_term_string\"}}],\"inLanguage\":\"sl-SI\"},{\"@type\":\"Organization\",\"@id\":\"https:\\\/\\\/meavia-mh.hr\\\/sl\\\/#organization\",\"name\":\"Mea Via Nails World\",\"alternateName\":\"Mea Via\",\"url\":\"https:\\\/\\\/meavia-mh.hr\\\/sl\\\/\",\"logo\":{\"@type\":\"ImageObject\",\"inLanguage\":\"sl-SI\",\"@id\":\"https:\\\/\\\/meavia-mh.hr\\\/sl\\\/#\\\/schema\\\/logo\\\/image\\\/\",\"url\":\"https:\\\/\\\/www.meavia-mh.hr\\\/wp-content\\\/uploads\\\/2020\\\/12\\\/Mea-Via.png\",\"contentUrl\":\"https:\\\/\\\/www.meavia-mh.hr\\\/wp-content\\\/uploads\\\/2020\\\/12\\\/Mea-Via.png\",\"width\":1181,\"height\":393,\"caption\":\"Mea Via Nails World\"},\"image\":{\"@id\":\"https:\\\/\\\/meavia-mh.hr\\\/sl\\\/#\\\/schema\\\/logo\\\/image\\\/\"},\"sameAs\":[\"https:\\\/\\\/www.facebook.com\\\/MeaViaNailsWorld\",\"https:\\\/\\\/www.instagram.com\\\/mea_via_nails_world\\\/\",\"https:\\\/\\\/www.youtube.com\\\/channel\\\/UCECk0hpRWP6TN-EfA4ER96g\\\/featured\"]}]}<\/script>\n<!-- \/ Yoast SEO plugin. -->","yoast_head_json":{"title":"\u010copi\u010d za manikuro Pro \u22c6 Mea Via Beauty","description":"\u010copi\u010d za manikuro Pro \u22c6 za pripravo nohtov \u22c6 \u010dopi\u010d za brisanje prahu \u22c6 \u010dopi\u010d za manikuro \u22c6 \u010dopi\u010d za pedikuro \u22c6 \u010dopi\u010d za oblikovanje nohtov","robots":{"index":"index","follow":"follow","max-snippet":"max-snippet:-1","max-image-preview":"max-image-preview:large","max-video-preview":"max-video-preview:-1"},"canonical":"https:\/\/www.meavia-mh.hr\/sl\/product\/cetkica-za-manikuru-pro\/","og_locale":"sl_SI","og_type":"article","og_title":"\u010cetkica za manikuru Pro &#8902; Mea Via Beauty","og_description":"\u010cetkica za manikuru Pro &#8902; za pripremu nokta &#8902; \u010detka za pra\u0161inu &#8902; \u010detkica za manikuru &#8902; \u010detka za pediikuru &#8902; \u010detkica za nail design","og_url":"https:\/\/www.meavia-mh.hr\/sl\/product\/cetkica-za-manikuru-pro\/","og_site_name":"Mea Via Beauty","article_publisher":"https:\/\/www.facebook.com\/MeaViaNailsWorld","article_modified_time":"2026-04-13T07:04:34+00:00","og_image":[{"width":1000,"height":1000,"url":"https:\/\/www.meavia-mh.hr\/wp-content\/uploads\/2025\/12\/Cetkica-za-manikuru-Pro-2.webp","type":"image\/webp"}],"twitter_card":"summary_large_image","twitter_misc":{"Est. reading time":"2 minuti"},"schema":{"@context":"https:\/\/schema.org","@graph":[{"@type":"WebPage","@id":"https:\/\/www.meavia-mh.hr\/product\/cetkica-za-manikuru-pro\/","url":"https:\/\/www.meavia-mh.hr\/product\/cetkica-za-manikuru-pro\/","name":"\u010copi\u010d za manikuro Pro \u22c6 Mea Via Beauty","isPartOf":{"@id":"https:\/\/meavia-mh.hr\/sl\/#website"},"primaryImageOfPage":{"@id":"https:\/\/www.meavia-mh.hr\/product\/cetkica-za-manikuru-pro\/#primaryimage"},"image":{"@id":"https:\/\/www.meavia-mh.hr\/product\/cetkica-za-manikuru-pro\/#primaryimage"},"thumbnailUrl":"https:\/\/www.meavia-mh.hr\/wp-content\/uploads\/2025\/12\/Cetkica-za-manikuru-Pro-2.webp","datePublished":"2025-12-28T09:42:26+00:00","dateModified":"2026-04-13T07:04:34+00:00","description":"\u010copi\u010d za manikuro Pro \u22c6 za pripravo nohtov \u22c6 \u010dopi\u010d za brisanje prahu \u22c6 \u010dopi\u010d za manikuro \u22c6 \u010dopi\u010d za pedikuro \u22c6 \u010dopi\u010d za oblikovanje nohtov","breadcrumb":{"@id":"https:\/\/www.meavia-mh.hr\/product\/cetkica-za-manikuru-pro\/#breadcrumb"},"inLanguage":"sl-SI","potentialAction":[{"@type":"ReadAction","target":["https:\/\/www.meavia-mh.hr\/product\/cetkica-za-manikuru-pro\/"]}]},{"@type":"ImageObject","inLanguage":"sl-SI","@id":"https:\/\/www.meavia-mh.hr\/product\/cetkica-za-manikuru-pro\/#primaryimage","url":"https:\/\/www.meavia-mh.hr\/wp-content\/uploads\/2025\/12\/Cetkica-za-manikuru-Pro-2.webp","contentUrl":"https:\/\/www.meavia-mh.hr\/wp-content\/uploads\/2025\/12\/Cetkica-za-manikuru-Pro-2.webp","width":1000,"height":1000,"caption":"\u010cetkica za manikuru Pro"},{"@type":"BreadcrumbList","@id":"https:\/\/www.meavia-mh.hr\/product\/cetkica-za-manikuru-pro\/#breadcrumb","itemListElement":[{"@type":"ListItem","position":1,"name":"Po\u010detna stranica","item":"https:\/\/www.meavia-mh.hr\/"},{"@type":"ListItem","position":2,"name":"Trgovina","item":"https:\/\/meavia-mh.hr\/sl\/store\/"},{"@type":"ListItem","position":3,"name":"\u010cetkica za manikuru Pro"}]},{"@type":"WebSite","@id":"https:\/\/meavia-mh.hr\/sl\/#website","url":"https:\/\/meavia-mh.hr\/sl\/","name":"MEA VIA BEAUTY","description":"Only The Best For Your Beauty","publisher":{"@id":"https:\/\/meavia-mh.hr\/sl\/#organization"},"alternateName":"Mea Via Nails","potentialAction":[{"@type":"SearchAction","target":{"@type":"EntryPoint","urlTemplate":"https:\/\/meavia-mh.hr\/sl\/?s={search_term_string}"},"query-input":{"@type":"PropertyValueSpecification","valueRequired":true,"valueName":"search_term_string"}}],"inLanguage":"sl-SI"},{"@type":"Organization","@id":"https:\/\/meavia-mh.hr\/sl\/#organization","name":"Mea Via Nails World","alternateName":"Mea Via","url":"https:\/\/meavia-mh.hr\/sl\/","logo":{"@type":"ImageObject","inLanguage":"sl-SI","@id":"https:\/\/meavia-mh.hr\/sl\/#\/schema\/logo\/image\/","url":"https:\/\/www.meavia-mh.hr\/wp-content\/uploads\/2020\/12\/Mea-Via.png","contentUrl":"https:\/\/www.meavia-mh.hr\/wp-content\/uploads\/2020\/12\/Mea-Via.png","width":1181,"height":393,"caption":"Mea Via Nails World"},"image":{"@id":"https:\/\/meavia-mh.hr\/sl\/#\/schema\/logo\/image\/"},"sameAs":["https:\/\/www.facebook.com\/MeaViaNailsWorld","https:\/\/www.instagram.com\/mea_via_nails_world\/","https:\/\/www.youtube.com\/channel\/UCECk0hpRWP6TN-EfA4ER96g\/featured"]}]}},"spectra_custom_meta":{"_sku":["5901960301648"],"_regular_price":["0.59"],"total_sales":["3"],"_tax_status":["taxable"],"_tax_class":[""],"_manage_stock":["yes"],"_backorders":["no"],"_sold_individually":["no"],"_virtual":["no"],"_downloadable":["no"],"_product_image_gallery":["45425,45426"],"_download_limit":["-1"],"_download_expiry":["-1"],"_thumbnail_id":["45427"],"_stock":["197"],"_stock_status":["instock"],"_wc_average_rating":["0"],"_wc_review_count":["0"],"_product_version":["10.6.2"],"_price":["0.59"],"_wp_page_template":["default"],"_yoast_wpseo_focuskw":["\u010cetkica za manikuru"],"_yoast_wpseo_metadesc":["%%title%% %%sep%% za pripremu nokta %%sep%% \u010detka za pra\u0161inu %%sep%% \u010detkica za manikuru %%sep%% \u010detka za pediikuru %%sep%% \u010detkica za nail design"],"_yoast_wpseo_linkdex":["73"],"_yoast_wpseo_content_score":["90"],"_yoast_wpseo_primary_product_cat":["24"],"site-sidebar-layout":["default"],"theme-transparent-header-meta":["default"],"stick-header-meta":["default"],"_yoast_wpseo_estimated-reading-time-minutes":["2"],"_woocs_price_geo_countries":[""],"_woocs_regular_price_geo":[""],"_woocs_sale_price_geo":[""],"cartflows_redirect_flow_id":[""],"cartflows_add_to_cart_text":[""],"_woocs_regular_price_EUR":["1.31"],"_woocs_sale_price_EUR":["-1"],"_lowest_price_30_days":["1.31"],"uag_migration_processed":["1"],"ast-site-content-layout":["default"],"site-content-style":["default"],"site-sidebar-style":["default"],"_yoast_wpseo_primary_fb_product_set":[""],"_last_change_time":["1766915613"],"_wc_facebook_sync_enabled_v2":["yes"],"fb_visibility":["yes"],"fb_product_description":[""],"fb_rich_text_description":[""],"_wc_facebook_product_image_source":["product"],"fb_product_video":["a:0:{}"],"fb_brand":[""],"fb_mpn":[""],"fb_size":[""],"fb_color":[""],"fb_material":[""],"fb_pattern":[""],"fb_age_group":[""],"fb_gender":[""],"fb_product_condition":[""],"_wc_facebook_enhanced_catalog_attributes_capacity":[""],"_wc_facebook_enhanced_catalog_attributes_ingredients":[""],"_wc_facebook_enhanced_catalog_attributes_additional_features":[""],"_wc_facebook_enhanced_catalog_attributes_power_type":[""],"_wc_facebook_enhanced_catalog_attributes_stop_use_indications":[""],"_wc_facebook_enhanced_catalog_attributes_standard_features":[""],"_wc_facebook_enhanced_catalog_attributes_spf_value":[""],"_wc_facebook_enhanced_catalog_attributes_skin_type":[""],"_wc_facebook_enhanced_catalog_attributes_skin_tone":[""],"_wc_facebook_enhanced_catalog_attributes_skin_care_concern":[""],"_wc_facebook_enhanced_catalog_attributes_scent":[""],"_wc_facebook_enhanced_catalog_attributes_result_time":[""],"_wc_facebook_enhanced_catalog_attributes_product_form":[""],"_wc_facebook_enhanced_catalog_attributes_keywords":[""],"_wc_facebook_enhanced_catalog_attributes_is_powered":[""],"_wc_facebook_enhanced_catalog_attributes_instructions":[""],"_wc_facebook_enhanced_catalog_attributes_inactive_ingredients":[""],"_wc_facebook_enhanced_catalog_attributes_health_concern":[""],"_wc_facebook_enhanced_catalog_attributes_hair_type":[""],"_wc_facebook_enhanced_catalog_attributes_care_instructions":[""],"_wc_facebook_enhanced_catalog_attributes_body_part":[""],"_wc_facebook_enhanced_catalog_attributes_batteries_required":[""],"_wc_facebook_enhanced_catalog_attributes_wig_cap_type":[""],"_yoast_wpseo_primary_product_brand":[""],"_edit_lock":["1766915733:1239"],"_edit_last":["1239"],"astra-migrate-meta-layouts":["set"],"_elementor_page_assets":["a:0:{}"],"_uag_page_assets":["a:9:{s:3:\"css\";s:0:\"\";s:2:\"js\";s:0:\"\";s:18:\"current_block_list\";a:3:{i:0;s:11:\"core\/search\";i:1;s:18:\"core\/legacy-widget\";i:2;s:27:\"woocommerce\/product-filters\";}s:8:\"uag_flag\";b:0;s:11:\"uag_version\";s:10:\"1776760064\";s:6:\"gfonts\";a:0:{}s:10:\"gfonts_url\";s:0:\"\";s:12:\"gfonts_files\";a:0:{}s:14:\"uag_faq_layout\";b:0;}"]},"uagb_featured_image_src":{"full":["https:\/\/www.meavia-mh.hr\/wp-content\/uploads\/2025\/12\/Cetkica-za-manikuru-Pro-2.webp",1000,1000,false],"thumbnail":["https:\/\/www.meavia-mh.hr\/wp-content\/uploads\/2025\/12\/Cetkica-za-manikuru-Pro-2-150x150.webp",150,150,true],"medium":["https:\/\/www.meavia-mh.hr\/wp-content\/uploads\/2025\/12\/Cetkica-za-manikuru-Pro-2-300x300.webp",300,300,true],"medium_large":["https:\/\/www.meavia-mh.hr\/wp-content\/uploads\/2025\/12\/Cetkica-za-manikuru-Pro-2-768x768.webp",768,768,true],"large":["https:\/\/www.meavia-mh.hr\/wp-content\/uploads\/2025\/12\/Cetkica-za-manikuru-Pro-2.webp",1000,1000,false],"1536x1536":["https:\/\/www.meavia-mh.hr\/wp-content\/uploads\/2025\/12\/Cetkica-za-manikuru-Pro-2.webp",1000,1000,false],"2048x2048":["https:\/\/www.meavia-mh.hr\/wp-content\/uploads\/2025\/12\/Cetkica-za-manikuru-Pro-2.webp",1000,1000,false],"trp-custom-language-flag":["https:\/\/www.meavia-mh.hr\/wp-content\/uploads\/2025\/12\/Cetkica-za-manikuru-Pro-2-12x12.webp",12,12,true],"woocommerce_thumbnail":["https:\/\/www.meavia-mh.hr\/wp-content\/uploads\/2025\/12\/Cetkica-za-manikuru-Pro-2-300x300.webp",300,300,true],"woocommerce_single":["https:\/\/www.meavia-mh.hr\/wp-content\/uploads\/2025\/12\/Cetkica-za-manikuru-Pro-2-600x600.webp",600,600,true],"woocommerce_gallery_thumbnail":["https:\/\/www.meavia-mh.hr\/wp-content\/uploads\/2025\/12\/Cetkica-za-manikuru-Pro-2-100x100.webp",100,100,true]},"uagb_author_info":{"display_name":"Zla Gol","author_link":"https:\/\/www.meavia-mh.hr\/sl\/author\/"},"uagb_comment_info":0,"uagb_excerpt":"\u010cetkica za manikuru Pro \u2013 Nezaobilazan alat za savr\u0161enu higijenu noktiju Ova elegantna \u010detkica za manikuru pomo\u0107i \u0107e vam da uklonite i najsitnije \u010destice pra\u0161ine nakon turpijanja ili obrade noktiju polirnim blokom. Ova prakti\u010dna \u010detka savr\u0161eno le\u017ei u ruci, osiguravaju\u0107i jednostavno i brzo uklanjanje pra\u0161ine. Nje\u017ena sinteti\u010dka vlakna sprje\u010davaju ogrebotine, a \u010detkica je opremljena posebnim&hellip;","_links":{"self":[{"href":"https:\/\/www.meavia-mh.hr\/sl\/wp-json\/wp\/v2\/product\/45424","targetHints":{"allow":["GET"]}}],"collection":[{"href":"https:\/\/www.meavia-mh.hr\/sl\/wp-json\/wp\/v2\/product"}],"about":[{"href":"https:\/\/www.meavia-mh.hr\/sl\/wp-json\/wp\/v2\/types\/product"}],"replies":[{"embeddable":true,"href":"https:\/\/www.meavia-mh.hr\/sl\/wp-json\/wp\/v2\/comments?post=45424"}],"version-history":[{"count":1,"href":"https:\/\/www.meavia-mh.hr\/sl\/wp-json\/wp\/v2\/product\/45424\/revisions"}],"predecessor-version":[{"id":45428,"href":"https:\/\/www.meavia-mh.hr\/sl\/wp-json\/wp\/v2\/product\/45424\/revisions\/45428"}],"wp:featuredmedia":[{"embeddable":true,"href":"https:\/\/www.meavia-mh.hr\/sl\/wp-json\/wp\/v2\/media\/45427"}],"wp:attachment":[{"href":"https:\/\/www.meavia-mh.hr\/sl\/wp-json\/wp\/v2\/media?parent=45424"}],"wp:term":[{"taxonomy":"product_brand","embeddable":true,"href":"https:\/\/www.meavia-mh.hr\/sl\/wp-json\/wp\/v2\/product_brand?post=45424"},{"taxonomy":"product_cat","embeddable":true,"href":"https:\/\/www.meavia-mh.hr\/sl\/wp-json\/wp\/v2\/product_cat?post=45424"},{"taxonomy":"product_tag","embeddable":true,"href":"https:\/\/www.meavia-mh.hr\/sl\/wp-json\/wp\/v2\/product_tag?post=45424"}],"curies":[{"name":"delovni list","href":"https:\/\/api.w.org\/{rel}","templated":true}]}}