{"id":45417,"date":"2025-12-27T20:18:15","date_gmt":"2025-12-27T19:18:15","guid":{"rendered":"https:\/\/www.meavia-mh.hr\/?post_type=product&#038;p=45417"},"modified":"2026-04-16T15:42:36","modified_gmt":"2026-04-16T14:42:36","slug":"rukavice-nitrilne-pink-fuksija-m","status":"publish","type":"product","link":"https:\/\/www.meavia-mh.hr\/sl\/product\/rukavice-nitrilne-pink-fuksija-m\/","title":{"rendered":"Nitrilne rokavice roza fuksija \u2013 M"},"content":{"rendered":"<p>Rokavice v roza barvi fuksije zdru\u017eujejo eleganco, vzdr\u017eljivost in funkcionalnost. Idealne so za uporabo v salonih za nohte in kozmeti\u010dnih salonih. Te rokavice v \u010dudoviti barvi fuksije poudarjajo presti\u017e in profesionalnost, hkrati pa \u0161\u010ditijo va\u0161e roke in jim dajejo sodoben videz. Njihova intenzivna roza barva jih lo\u010di od standardnih rokavic, zaradi \u010desar so priljubljena izbira med profesionalci.<\/p>\n<p><span class=\"\">Posebna tekstura na prstih rokavic omogo\u010da varen oprijem orodja in prepre\u010duje, da bi po nesre\u010di zdrsnilo ven. <\/span>Zavihana man\u0161eta omogo\u010da enostavno obuvanje, univerzalna oblika pa se prilega tako desni kot levi roki.<\/p>\n<p>Pri name\u0161\u010danju umetnih nohtov, trajnega laka ali manikure pridete v stik z razli\u010dnimi kemi\u010dnimi pripravki (trajni odstranjevalec laka,\u00a0<a href=\"https:\/\/www.meavia-mh.hr\/sl\/product\/palu-bonder-no-acid-primer-2-11ml\/\">primer<\/a>,\u00a0<a href=\"https:\/\/www.meavia-mh.hr\/sl\/product\/ikon-iq-x10-airdry-bonder-15ml\/\">superbond<\/a>, uv gel...itd) in s prahom. Kombinacija prahu umetnega gela ali permanentnega laka z razli\u010dnimi kemi\u010dnimi pripravki lahko povzro\u010di ne\u017eelene alergijske reakcije ko\u017ee. Za\u0161\u010ditne rokavice iz nitrila bodo va\u0161o ko\u017eo za\u0161\u010ditile pred ne\u017eelenimi vplivi.<\/p>\n<p>Nitrilne rokavice brez pudra so izdelane z uporabo najnovej\u0161ih tehnolo\u0161kih dose\u017ekov, ki zagotavljajo izjemno udobje in u\u010dinkovitost. Vzdr\u017eljiv nitrilni material je neverjetno mehak, hkrati pa zagotavlja odli\u010dno kemi\u010dno odpornost in za\u0161\u010dito. Izbolj\u0161ana ob\u010dutljivost vam omogo\u010da natan\u010dno delo z manj\u0161imi predmeti.<\/p>\n<p>Nitrilne rokavice imajo bolj\u0161i koeficient mehanske in kemijske za\u0161\u010dite v primerjavi z rokavicami iz lateksa ali vinila. Nitrilne rokavice so narejene iz nitrila, umetne sinteti\u010dno proizvedene gume (drugo ime za akrilonitril-butadien) in so nadomestek naravnega kav\u010duka. Glavna prednost nitrilnih rokavic je njihova antialergijska lastnost 100% v primerjavi z rokavicami iz drugih materialov (lateks, vinil).<\/p>\n<h6>Specifikacije nitrilnih rokavic:<\/h6>\n<ul>\n<li>velikost: M<\/li>\n<li>barva rokavic: roza fuksija<\/li>\n<li>brez prahu<\/li>\n<li><span style=\"font-size: 1.1em; font-weight: bold;\">Pakiranje: 100 kosov \/ \u0161katla<\/span><\/li>\n<\/ul>\n<h4><strong>Shranjevanje rokavic:<\/strong><\/h4>\n<ul>\n<li>Priporo\u010dljivo je, da rokavice hranite v suhem prostoru pri 5-30 \u00b0C in jih za\u0161\u010ditite pred son\u010dno svetlobo in fluorescen\u010dno svetlobo.<\/li>\n<li>Priporo\u010dena relativna vla\u017enost predala za rokavice je 60 \u00b1 20%.<\/li>\n<li>Rokavice hranite vsaj 1 m stran od grelnikov, virov ognja in ozona<\/li>\n<li>Ne shranjujte v bli\u017eini topil, olj, goriv, ma\u0161\u010dob.<\/li>\n<\/ul>","protected":false},"excerpt":{"rendered":"<p>Rukavice Pink Fuksija kombiniraju eleganciju, izdr\u017eljivost i funkcionalnost. Idelane za kori\u0161tenje u salonima za nokte i kozmeti\u010dkim salonima. Ove rukavice u prekrasnoj fuksija boji nagla\u0161avaju presti\u017e i profesionalnost, a istovremeno \u0161tite va\u0161e ruke i daju im moderan izgled. Njihova intenzivna ru\u017ei\u010dasta boja izdvaja ih od standardnih rukavica, \u0161to ih \u010dini popularnim izborom me\u0111u profesionalcim Posebna [&hellip;]<\/p>\n","protected":false},"featured_media":45422,"comment_status":"closed","ping_status":"closed","template":"","meta":{"_uag_custom_page_level_css":"","site-sidebar-layout":"default","site-content-layout":"","ast-site-content-layout":"default","site-content-style":"default","site-sidebar-style":"default","ast-global-header-display":"","ast-banner-title-visibility":"","ast-main-header-display":"","ast-hfb-above-header-display":"","ast-hfb-below-header-display":"","ast-hfb-mobile-header-display":"","site-post-title":"","ast-breadcrumbs-content":"","ast-featured-img":"","footer-sml-layout":"","ast-disable-related-posts":"","theme-transparent-header-meta":"default","adv-header-id-meta":"","stick-header-meta":"default","header-above-stick-meta":"","header-main-stick-meta":"","header-below-stick-meta":"","astra-migrate-meta-layouts":"set","ast-page-background-enabled":"default","ast-page-background-meta":{"desktop":{"background-color":"var(--ast-global-color-4)","background-image":"","background-repeat":"repeat","background-position":"center center","background-size":"auto","background-attachment":"scroll","background-type":"","background-media":"","overlay-type":"","overlay-color":"","overlay-opacity":"","overlay-gradient":""},"tablet":{"background-color":"","background-image":"","background-repeat":"repeat","background-position":"center center","background-size":"auto","background-attachment":"scroll","background-type":"","background-media":"","overlay-type":"","overlay-color":"","overlay-opacity":"","overlay-gradient":""},"mobile":{"background-color":"","background-image":"","background-repeat":"repeat","background-position":"center center","background-size":"auto","background-attachment":"scroll","background-type":"","background-media":"","overlay-type":"","overlay-color":"","overlay-opacity":"","overlay-gradient":""}},"ast-content-background-meta":{"desktop":{"background-color":"var(--ast-global-color-5)","background-image":"","background-repeat":"repeat","background-position":"center center","background-size":"auto","background-attachment":"scroll","background-type":"","background-media":"","overlay-type":"","overlay-color":"","overlay-opacity":"","overlay-gradient":""},"tablet":{"background-color":"var(--ast-global-color-5)","background-image":"","background-repeat":"repeat","background-position":"center center","background-size":"auto","background-attachment":"scroll","background-type":"","background-media":"","overlay-type":"","overlay-color":"","overlay-opacity":"","overlay-gradient":""},"mobile":{"background-color":"var(--ast-global-color-5)","background-image":"","background-repeat":"repeat","background-position":"center center","background-size":"auto","background-attachment":"scroll","background-type":"","background-media":"","overlay-type":"","overlay-color":"","overlay-opacity":"","overlay-gradient":""}}},"product_brand":[],"product_cat":[24,118],"product_tag":[254,255],"class_list":{"0":"post-45417","1":"product","2":"type-product","3":"status-publish","4":"has-post-thumbnail","6":"product_cat-dodaci","7":"product_cat-njegu-ruku-i-nogu","8":"product_tag-nitrilne-rukavice","9":"product_tag-rukavice","10":"desktop-align-left","11":"tablet-align-left","12":"mobile-align-left","13":"ast-product-gallery-layout-horizontal-slider","14":"ast-product-tabs-layout-horizontal","16":"first","17":"instock","18":"taxable","19":"shipping-taxable","20":"purchasable","21":"product-type-simple"},"yoast_head":"<!-- This site is optimized with the Yoast SEO plugin v27.4 - https:\/\/yoast.com\/product\/yoast-seo-wordpress\/ -->\n<title>Rukavice nitrilne Pink Fuksija - M &#8902; Mea Via Beauty<\/title>\n<meta name=\"description\" content=\"Rukavice nitrilne Pink Fuksija - M &#8902; premium kvaliteta &#8902; proizvedeno prema medicinskim standardima &#8902; \u0161titi ruke od \u0161tetnog utecaja kemikalija\" \/>\n<meta name=\"robots\" content=\"index, follow, max-snippet:-1, max-image-preview:large, max-video-preview:-1\" \/>\n<link rel=\"canonical\" href=\"https:\/\/www.meavia-mh.hr\/sl\/product\/rukavice-nitrilne-pink-fuksija-m\/\" \/>\n<meta property=\"og:locale\" content=\"sl_SI\" \/>\n<meta property=\"og:type\" content=\"article\" \/>\n<meta property=\"og:title\" content=\"Rukavice nitrilne Pink Fuksija - M &#8902; Mea Via Beauty\" \/>\n<meta property=\"og:description\" content=\"Rukavice nitrilne Pink Fuksija - M &#8902; premium kvaliteta &#8902; proizvedeno prema medicinskim standardima &#8902; \u0161titi ruke od \u0161tetnog utecaja kemikalija\" \/>\n<meta property=\"og:url\" content=\"https:\/\/www.meavia-mh.hr\/sl\/product\/rukavice-nitrilne-pink-fuksija-m\/\" \/>\n<meta property=\"og:site_name\" content=\"Mea Via Beauty\" \/>\n<meta property=\"article:publisher\" content=\"https:\/\/www.facebook.com\/MeaViaNailsWorld\" \/>\n<meta property=\"article:modified_time\" content=\"2026-04-16T14:42:36+00:00\" \/>\n<meta property=\"og:image\" content=\"https:\/\/www.meavia-mh.hr\/wp-content\/uploads\/2025\/12\/Rukavice-nitrilne-Pink-Fuksija-2.webp\" \/>\n\t<meta property=\"og:image:width\" content=\"1000\" \/>\n\t<meta property=\"og:image:height\" content=\"1000\" \/>\n\t<meta property=\"og:image:type\" content=\"image\/webp\" \/>\n<meta name=\"twitter:card\" content=\"summary_large_image\" \/>\n<meta name=\"twitter:label1\" content=\"Est. reading time\" \/>\n\t<meta name=\"twitter:data1\" content=\"2 minuti\" \/>\n<script type=\"application\/ld+json\" class=\"yoast-schema-graph\">{\"@context\":\"https:\\\/\\\/schema.org\",\"@graph\":[{\"@type\":\"WebPage\",\"@id\":\"https:\\\/\\\/www.meavia-mh.hr\\\/product\\\/rukavice-nitrilne-pink-fuksija-m\\\/\",\"url\":\"https:\\\/\\\/www.meavia-mh.hr\\\/product\\\/rukavice-nitrilne-pink-fuksija-m\\\/\",\"name\":\"Rukavice nitrilne Pink Fuksija - M &#8902; Mea Via Beauty\",\"isPartOf\":{\"@id\":\"https:\\\/\\\/meavia-mh.hr\\\/sl\\\/#website\"},\"primaryImageOfPage\":{\"@id\":\"https:\\\/\\\/www.meavia-mh.hr\\\/product\\\/rukavice-nitrilne-pink-fuksija-m\\\/#primaryimage\"},\"image\":{\"@id\":\"https:\\\/\\\/www.meavia-mh.hr\\\/product\\\/rukavice-nitrilne-pink-fuksija-m\\\/#primaryimage\"},\"thumbnailUrl\":\"https:\\\/\\\/www.meavia-mh.hr\\\/wp-content\\\/uploads\\\/2025\\\/12\\\/Rukavice-nitrilne-Pink-Fuksija-2.webp\",\"datePublished\":\"2025-12-27T19:18:15+00:00\",\"dateModified\":\"2026-04-16T14:42:36+00:00\",\"description\":\"Rukavice nitrilne Pink Fuksija - M &#8902; premium kvaliteta &#8902; proizvedeno prema medicinskim standardima &#8902; \u0161titi ruke od \u0161tetnog utecaja kemikalija\",\"breadcrumb\":{\"@id\":\"https:\\\/\\\/www.meavia-mh.hr\\\/product\\\/rukavice-nitrilne-pink-fuksija-m\\\/#breadcrumb\"},\"inLanguage\":\"sl-SI\",\"potentialAction\":[{\"@type\":\"ReadAction\",\"target\":[\"https:\\\/\\\/www.meavia-mh.hr\\\/product\\\/rukavice-nitrilne-pink-fuksija-m\\\/\"]}]},{\"@type\":\"ImageObject\",\"inLanguage\":\"sl-SI\",\"@id\":\"https:\\\/\\\/www.meavia-mh.hr\\\/product\\\/rukavice-nitrilne-pink-fuksija-m\\\/#primaryimage\",\"url\":\"https:\\\/\\\/www.meavia-mh.hr\\\/wp-content\\\/uploads\\\/2025\\\/12\\\/Rukavice-nitrilne-Pink-Fuksija-2.webp\",\"contentUrl\":\"https:\\\/\\\/www.meavia-mh.hr\\\/wp-content\\\/uploads\\\/2025\\\/12\\\/Rukavice-nitrilne-Pink-Fuksija-2.webp\",\"width\":1000,\"height\":1000,\"caption\":\"Rukavice nitrilne Pink Fuksija\"},{\"@type\":\"BreadcrumbList\",\"@id\":\"https:\\\/\\\/www.meavia-mh.hr\\\/product\\\/rukavice-nitrilne-pink-fuksija-m\\\/#breadcrumb\",\"itemListElement\":[{\"@type\":\"ListItem\",\"position\":1,\"name\":\"Po\u010detna stranica\",\"item\":\"https:\\\/\\\/www.meavia-mh.hr\\\/\"},{\"@type\":\"ListItem\",\"position\":2,\"name\":\"Trgovina\",\"item\":\"https:\\\/\\\/meavia-mh.hr\\\/sl\\\/store\\\/\"},{\"@type\":\"ListItem\",\"position\":3,\"name\":\"Rukavice nitrilne Pink Fuksija &#8211; M\"}]},{\"@type\":\"WebSite\",\"@id\":\"https:\\\/\\\/meavia-mh.hr\\\/sl\\\/#website\",\"url\":\"https:\\\/\\\/meavia-mh.hr\\\/sl\\\/\",\"name\":\"Mea Via Beauty\",\"description\":\"Only The Best For Your Beauty\",\"publisher\":{\"@id\":\"https:\\\/\\\/meavia-mh.hr\\\/sl\\\/#organization\"},\"alternateName\":\"Mea Via Nails\",\"potentialAction\":[{\"@type\":\"SearchAction\",\"target\":{\"@type\":\"EntryPoint\",\"urlTemplate\":\"https:\\\/\\\/meavia-mh.hr\\\/sl\\\/?s={search_term_string}\"},\"query-input\":{\"@type\":\"PropertyValueSpecification\",\"valueRequired\":true,\"valueName\":\"search_term_string\"}}],\"inLanguage\":\"sl-SI\"},{\"@type\":\"Organization\",\"@id\":\"https:\\\/\\\/meavia-mh.hr\\\/sl\\\/#organization\",\"name\":\"Mea Via Nails World\",\"alternateName\":\"Mea Via\",\"url\":\"https:\\\/\\\/meavia-mh.hr\\\/sl\\\/\",\"logo\":{\"@type\":\"ImageObject\",\"inLanguage\":\"sl-SI\",\"@id\":\"https:\\\/\\\/meavia-mh.hr\\\/sl\\\/#\\\/schema\\\/logo\\\/image\\\/\",\"url\":\"https:\\\/\\\/www.meavia-mh.hr\\\/wp-content\\\/uploads\\\/2020\\\/12\\\/Mea-Via.png\",\"contentUrl\":\"https:\\\/\\\/www.meavia-mh.hr\\\/wp-content\\\/uploads\\\/2020\\\/12\\\/Mea-Via.png\",\"width\":1181,\"height\":393,\"caption\":\"Mea Via Nails World\"},\"image\":{\"@id\":\"https:\\\/\\\/meavia-mh.hr\\\/sl\\\/#\\\/schema\\\/logo\\\/image\\\/\"},\"sameAs\":[\"https:\\\/\\\/www.facebook.com\\\/MeaViaNailsWorld\",\"https:\\\/\\\/www.instagram.com\\\/mea_via_nails_world\\\/\",\"https:\\\/\\\/www.youtube.com\\\/channel\\\/UCECk0hpRWP6TN-EfA4ER96g\\\/featured\"]}]}<\/script>\n<!-- \/ Yoast SEO plugin. -->","yoast_head_json":{"title":"Rokavice iz nitrila, roza fuksija - M \u22c6 Mea Via Beauty","description":"Nitrilne rokavice Roza fuksija - M \u22c6 vrhunska kakovost \u22c6 izdelane v skladu z medicinskimi standardi \u22c6 \u0161\u010ditijo roke pred \u0161kodljivimi u\u010dinki kemikalij","robots":{"index":"index","follow":"follow","max-snippet":"max-snippet:-1","max-image-preview":"max-image-preview:large","max-video-preview":"max-video-preview:-1"},"canonical":"https:\/\/www.meavia-mh.hr\/sl\/product\/rukavice-nitrilne-pink-fuksija-m\/","og_locale":"sl_SI","og_type":"article","og_title":"Rukavice nitrilne Pink Fuksija - M &#8902; Mea Via Beauty","og_description":"Rukavice nitrilne Pink Fuksija - M &#8902; premium kvaliteta &#8902; proizvedeno prema medicinskim standardima &#8902; \u0161titi ruke od \u0161tetnog utecaja kemikalija","og_url":"https:\/\/www.meavia-mh.hr\/sl\/product\/rukavice-nitrilne-pink-fuksija-m\/","og_site_name":"Mea Via Beauty","article_publisher":"https:\/\/www.facebook.com\/MeaViaNailsWorld","article_modified_time":"2026-04-16T14:42:36+00:00","og_image":[{"width":1000,"height":1000,"url":"https:\/\/www.meavia-mh.hr\/wp-content\/uploads\/2025\/12\/Rukavice-nitrilne-Pink-Fuksija-2.webp","type":"image\/webp"}],"twitter_card":"summary_large_image","twitter_misc":{"Est. reading time":"2 minuti"},"schema":{"@context":"https:\/\/schema.org","@graph":[{"@type":"WebPage","@id":"https:\/\/www.meavia-mh.hr\/product\/rukavice-nitrilne-pink-fuksija-m\/","url":"https:\/\/www.meavia-mh.hr\/product\/rukavice-nitrilne-pink-fuksija-m\/","name":"Rokavice iz nitrila, roza fuksija - M \u22c6 Mea Via Beauty","isPartOf":{"@id":"https:\/\/meavia-mh.hr\/sl\/#website"},"primaryImageOfPage":{"@id":"https:\/\/www.meavia-mh.hr\/product\/rukavice-nitrilne-pink-fuksija-m\/#primaryimage"},"image":{"@id":"https:\/\/www.meavia-mh.hr\/product\/rukavice-nitrilne-pink-fuksija-m\/#primaryimage"},"thumbnailUrl":"https:\/\/www.meavia-mh.hr\/wp-content\/uploads\/2025\/12\/Rukavice-nitrilne-Pink-Fuksija-2.webp","datePublished":"2025-12-27T19:18:15+00:00","dateModified":"2026-04-16T14:42:36+00:00","description":"Nitrilne rokavice Roza fuksija - M \u22c6 vrhunska kakovost \u22c6 izdelane v skladu z medicinskimi standardi \u22c6 \u0161\u010ditijo roke pred \u0161kodljivimi u\u010dinki kemikalij","breadcrumb":{"@id":"https:\/\/www.meavia-mh.hr\/product\/rukavice-nitrilne-pink-fuksija-m\/#breadcrumb"},"inLanguage":"sl-SI","potentialAction":[{"@type":"ReadAction","target":["https:\/\/www.meavia-mh.hr\/product\/rukavice-nitrilne-pink-fuksija-m\/"]}]},{"@type":"ImageObject","inLanguage":"sl-SI","@id":"https:\/\/www.meavia-mh.hr\/product\/rukavice-nitrilne-pink-fuksija-m\/#primaryimage","url":"https:\/\/www.meavia-mh.hr\/wp-content\/uploads\/2025\/12\/Rukavice-nitrilne-Pink-Fuksija-2.webp","contentUrl":"https:\/\/www.meavia-mh.hr\/wp-content\/uploads\/2025\/12\/Rukavice-nitrilne-Pink-Fuksija-2.webp","width":1000,"height":1000,"caption":"Rukavice nitrilne Pink Fuksija"},{"@type":"BreadcrumbList","@id":"https:\/\/www.meavia-mh.hr\/product\/rukavice-nitrilne-pink-fuksija-m\/#breadcrumb","itemListElement":[{"@type":"ListItem","position":1,"name":"Po\u010detna stranica","item":"https:\/\/www.meavia-mh.hr\/"},{"@type":"ListItem","position":2,"name":"Trgovina","item":"https:\/\/meavia-mh.hr\/sl\/store\/"},{"@type":"ListItem","position":3,"name":"Rukavice nitrilne Pink Fuksija &#8211; M"}]},{"@type":"WebSite","@id":"https:\/\/meavia-mh.hr\/sl\/#website","url":"https:\/\/meavia-mh.hr\/sl\/","name":"MEA VIA BEAUTY","description":"Only The Best For Your Beauty","publisher":{"@id":"https:\/\/meavia-mh.hr\/sl\/#organization"},"alternateName":"Mea Via Nails","potentialAction":[{"@type":"SearchAction","target":{"@type":"EntryPoint","urlTemplate":"https:\/\/meavia-mh.hr\/sl\/?s={search_term_string}"},"query-input":{"@type":"PropertyValueSpecification","valueRequired":true,"valueName":"search_term_string"}}],"inLanguage":"sl-SI"},{"@type":"Organization","@id":"https:\/\/meavia-mh.hr\/sl\/#organization","name":"Mea Via Nails World","alternateName":"Mea Via","url":"https:\/\/meavia-mh.hr\/sl\/","logo":{"@type":"ImageObject","inLanguage":"sl-SI","@id":"https:\/\/meavia-mh.hr\/sl\/#\/schema\/logo\/image\/","url":"https:\/\/www.meavia-mh.hr\/wp-content\/uploads\/2020\/12\/Mea-Via.png","contentUrl":"https:\/\/www.meavia-mh.hr\/wp-content\/uploads\/2020\/12\/Mea-Via.png","width":1181,"height":393,"caption":"Mea Via Nails World"},"image":{"@id":"https:\/\/meavia-mh.hr\/sl\/#\/schema\/logo\/image\/"},"sameAs":["https:\/\/www.facebook.com\/MeaViaNailsWorld","https:\/\/www.instagram.com\/mea_via_nails_world\/","https:\/\/www.youtube.com\/channel\/UCECk0hpRWP6TN-EfA4ER96g\/featured"]}]}},"spectra_custom_meta":{"_sku":["5904703658160"],"_regular_price":["6.59"],"total_sales":["2"],"_tax_status":["taxable"],"_tax_class":[""],"_manage_stock":["yes"],"_backorders":["no"],"_sold_individually":["no"],"_virtual":["no"],"_downloadable":["no"],"_product_image_gallery":["45420,45421"],"_download_limit":["-1"],"_download_expiry":["-1"],"_thumbnail_id":["45422"],"_stock":["13"],"_stock_status":["instock"],"_wc_average_rating":["0"],"_wc_review_count":["0"],"_product_attributes":["a:1:{s:8:\"velicina\";a:6:{s:4:\"name\";s:9:\"Veli\u010dina\";s:5:\"value\";s:9:\"S | M | L\";s:8:\"position\";i:0;s:10:\"is_visible\";i:1;s:12:\"is_variation\";i:1;s:11:\"is_taxonomy\";i:0;}}"],"_product_version":["10.7.0"],"_price":["6.59"],"_wp_page_template":["default"],"_yoast_wpseo_focuskw":["nitrilne rukavice"],"_yoast_wpseo_metadesc":["%%title%% %%sep%% premium kvaliteta %%sep%% proizvedeno prema medicinskim standardima %%sep%% \u0161titi ruke od \u0161tetnog utecaja kemikalija"],"_yoast_wpseo_linkdex":["79"],"_yoast_wpseo_content_score":["90"],"_yoast_wpseo_estimated-reading-time-minutes":["2"],"_yoast_wpseo_primary_product_cat":["24"],"site-sidebar-layout":["default"],"site-content-layout":[""],"theme-transparent-header-meta":["default"],"stick-header-meta":["default"],"_woocs_price_geo_countries":[""],"_woocs_regular_price_geo":[""],"_woocs_sale_price_geo":[""],"cartflows_redirect_flow_id":[""],"cartflows_add_to_cart_text":[""],"_woocs_regular_price_EUR":["15.25"],"_woocs_sale_price_EUR":["-1"],"_yoast_wpseo_wordproof_timestamp":[""],"_lowest_price_30_days":["7.00"],"_yoast_wpseo_primary_fb_product_set":[""],"ast-site-content-layout":["default"],"site-content-style":["default"],"site-sidebar-style":["default"],"uag_migration_processed":["1"],"ast-above-header-display":[""],"ast-below-header-display":[""],"fb_brand":[""],"_yoast_wpseo_primary_product_brand":[""],"fb_mpn":[""],"fb_size":[""],"fb_color":[""],"fb_material":[""],"fb_pattern":[""],"fb_age_group":[""],"fb_gender":[""],"fb_product_condition":[""],"_wc_facebook_sync_enabled":["yes"],"fb_visibility":["yes"],"_wc_facebook_sync_enabled_v2":["yes"],"fb_product_description":[""],"fb_rich_text_description":[""],"_wc_facebook_product_image_source":["product"],"fb_product_video":["a:0:{}"],"_wc_facebook_enhanced_catalog_attributes_capacity":[""],"_wc_facebook_enhanced_catalog_attributes_ingredients":[""],"_wc_facebook_enhanced_catalog_attributes_additional_features":[""],"_wc_facebook_enhanced_catalog_attributes_power_type":[""],"_wc_facebook_enhanced_catalog_attributes_stop_use_indications":[""],"_wc_facebook_enhanced_catalog_attributes_standard_features":[""],"_wc_facebook_enhanced_catalog_attributes_spf_value":[""],"_wc_facebook_enhanced_catalog_attributes_skin_type":[""],"_wc_facebook_enhanced_catalog_attributes_skin_tone":[""],"_wc_facebook_enhanced_catalog_attributes_skin_care_concern":[""],"_wc_facebook_enhanced_catalog_attributes_scent":[""],"_wc_facebook_enhanced_catalog_attributes_result_time":[""],"_wc_facebook_enhanced_catalog_attributes_product_form":[""],"_wc_facebook_enhanced_catalog_attributes_keywords":[""],"_wc_facebook_enhanced_catalog_attributes_is_powered":[""],"_wc_facebook_enhanced_catalog_attributes_instructions":[""],"_wc_facebook_enhanced_catalog_attributes_inactive_ingredients":[""],"_wc_facebook_enhanced_catalog_attributes_health_concern":[""],"_wc_facebook_enhanced_catalog_attributes_hair_type":[""],"_wc_facebook_enhanced_catalog_attributes_care_instructions":[""],"_wc_facebook_enhanced_catalog_attributes_body_part":[""],"_wc_facebook_enhanced_catalog_attributes_batteries_required":[""],"_wc_facebook_enhanced_catalog_attributes_wig_cap_type":[""],"_last_change_time":["1766914602"],"_edit_lock":["1766914488:1239"],"_edit_last":["1239"],"astra-migrate-meta-layouts":["set"],"_elementor_page_assets":["a:0:{}"],"_uag_page_assets":["a:9:{s:3:\"css\";s:0:\"\";s:2:\"js\";s:0:\"\";s:18:\"current_block_list\";a:3:{i:0;s:11:\"core\/search\";i:1;s:18:\"core\/legacy-widget\";i:2;s:27:\"woocommerce\/product-filters\";}s:8:\"uag_flag\";b:0;s:11:\"uag_version\";s:10:\"1776414062\";s:6:\"gfonts\";a:0:{}s:10:\"gfonts_url\";s:0:\"\";s:12:\"gfonts_files\";a:0:{}s:14:\"uag_faq_layout\";b:0;}"]},"uagb_featured_image_src":{"full":["https:\/\/www.meavia-mh.hr\/wp-content\/uploads\/2025\/12\/Rukavice-nitrilne-Pink-Fuksija-2.webp",1000,1000,false],"thumbnail":["https:\/\/www.meavia-mh.hr\/wp-content\/uploads\/2025\/12\/Rukavice-nitrilne-Pink-Fuksija-2-150x150.webp",150,150,true],"medium":["https:\/\/www.meavia-mh.hr\/wp-content\/uploads\/2025\/12\/Rukavice-nitrilne-Pink-Fuksija-2-300x300.webp",300,300,true],"medium_large":["https:\/\/www.meavia-mh.hr\/wp-content\/uploads\/2025\/12\/Rukavice-nitrilne-Pink-Fuksija-2-768x768.webp",768,768,true],"large":["https:\/\/www.meavia-mh.hr\/wp-content\/uploads\/2025\/12\/Rukavice-nitrilne-Pink-Fuksija-2.webp",1000,1000,false],"1536x1536":["https:\/\/www.meavia-mh.hr\/wp-content\/uploads\/2025\/12\/Rukavice-nitrilne-Pink-Fuksija-2.webp",1000,1000,false],"2048x2048":["https:\/\/www.meavia-mh.hr\/wp-content\/uploads\/2025\/12\/Rukavice-nitrilne-Pink-Fuksija-2.webp",1000,1000,false],"trp-custom-language-flag":["https:\/\/www.meavia-mh.hr\/wp-content\/uploads\/2025\/12\/Rukavice-nitrilne-Pink-Fuksija-2-12x12.webp",12,12,true],"woocommerce_thumbnail":["https:\/\/www.meavia-mh.hr\/wp-content\/uploads\/2025\/12\/Rukavice-nitrilne-Pink-Fuksija-2-300x300.webp",300,300,true],"woocommerce_single":["https:\/\/www.meavia-mh.hr\/wp-content\/uploads\/2025\/12\/Rukavice-nitrilne-Pink-Fuksija-2-600x600.webp",600,600,true],"woocommerce_gallery_thumbnail":["https:\/\/www.meavia-mh.hr\/wp-content\/uploads\/2025\/12\/Rukavice-nitrilne-Pink-Fuksija-2-100x100.webp",100,100,true]},"uagb_author_info":{"display_name":"Zla Gol","author_link":"https:\/\/www.meavia-mh.hr\/sl\/author\/"},"uagb_comment_info":0,"uagb_excerpt":"Rukavice Pink Fuksija kombiniraju eleganciju, izdr\u017eljivost i funkcionalnost. Idelane za kori\u0161tenje u salonima za nokte i kozmeti\u010dkim salonima. Ove rukavice u prekrasnoj fuksija boji nagla\u0161avaju presti\u017e i profesionalnost, a istovremeno \u0161tite va\u0161e ruke i daju im moderan izgled. Njihova intenzivna ru\u017ei\u010dasta boja izdvaja ih od standardnih rukavica, \u0161to ih \u010dini popularnim izborom me\u0111u profesionalcim Posebna&hellip;","_links":{"self":[{"href":"https:\/\/www.meavia-mh.hr\/sl\/wp-json\/wp\/v2\/product\/45417","targetHints":{"allow":["GET"]}}],"collection":[{"href":"https:\/\/www.meavia-mh.hr\/sl\/wp-json\/wp\/v2\/product"}],"about":[{"href":"https:\/\/www.meavia-mh.hr\/sl\/wp-json\/wp\/v2\/types\/product"}],"replies":[{"embeddable":true,"href":"https:\/\/www.meavia-mh.hr\/sl\/wp-json\/wp\/v2\/comments?post=45417"}],"version-history":[{"count":1,"href":"https:\/\/www.meavia-mh.hr\/sl\/wp-json\/wp\/v2\/product\/45417\/revisions"}],"predecessor-version":[{"id":45423,"href":"https:\/\/www.meavia-mh.hr\/sl\/wp-json\/wp\/v2\/product\/45417\/revisions\/45423"}],"wp:featuredmedia":[{"embeddable":true,"href":"https:\/\/www.meavia-mh.hr\/sl\/wp-json\/wp\/v2\/media\/45422"}],"wp:attachment":[{"href":"https:\/\/www.meavia-mh.hr\/sl\/wp-json\/wp\/v2\/media?parent=45417"}],"wp:term":[{"taxonomy":"product_brand","embeddable":true,"href":"https:\/\/www.meavia-mh.hr\/sl\/wp-json\/wp\/v2\/product_brand?post=45417"},{"taxonomy":"product_cat","embeddable":true,"href":"https:\/\/www.meavia-mh.hr\/sl\/wp-json\/wp\/v2\/product_cat?post=45417"},{"taxonomy":"product_tag","embeddable":true,"href":"https:\/\/www.meavia-mh.hr\/sl\/wp-json\/wp\/v2\/product_tag?post=45417"}],"curies":[{"name":"delovni list","href":"https:\/\/api.w.org\/{rel}","templated":true}]}}