{"id":4336,"date":"2021-01-06T09:09:53","date_gmt":"2021-01-06T09:09:53","guid":{"rendered":"https:\/\/www.meavia-mh.hr\/?post_type=product&#038;p=4336"},"modified":"2026-01-24T08:31:28","modified_gmt":"2026-01-24T07:31:28","slug":"palu-gradivni-gel-clear-50-ml","status":"publish","type":"product","link":"https:\/\/www.meavia-mh.hr\/sl\/product\/palu-gradivni-gel-clear-50-ml\/","title":{"rendered":"PALU gradbeni gel Clear - 50 ml"},"content":{"rendered":"<p>Gradbeni gel PALU Clear - 50 ml je brezbarven, enofazni gradbeni gel, namenjen podalj\u0161anju na \u0161ablonah ali konicah naravne nohtne plo\u0161\u010de. Zaradi svoje goste, samorazlivne konsistence je enostaven za nana\u0161anje.<span class=\"Apple-converted-space\">\u00a0<\/span><\/p>\n<h6>Zna\u010dilnosti:<\/h6>\n<ul>\n<li>konsistenca: gosta<\/li>\n<li>samoniveliranje<\/li>\n<li>zagotavlja dober oprijem<\/li>\n<li>ustvarja trdo nohtno plo\u0161\u010do, odporno na drobljenje<\/li>\n<li>enostaven za uporabo<\/li>\n<li>ne pu\u0161\u010da in ne te\u010de v povrhnjico<\/li>\n<li>varna gel formula brez \u0161kodljivih in strupenih snovi<\/li>\n<li>pu\u0161\u010da lepljivo disperzijsko plast<\/li>\n<li>na voljo v treh velikostih: 15 ml, 30 ml in 50 ml,<\/li>\n<li>na voljo v 4 barvah: <a href=\"https:\/\/www.meavia-mh.hr\/sl\/product\/palu-gradivni-gel-clear-30-ml\/\">Clear<\/a>, <a href=\"https:\/\/www.meavia-mh.hr\/sl\/product\/palu-gradivni-gel-white-15-ml\/\">Bela<\/a>, <a href=\"https:\/\/www.meavia-mh.hr\/sl\/product\/palu-gradivni-gel-pink-30-ml\/\">Roza (mle\u010dno roza)<\/a> in <a href=\"https:\/\/www.meavia-mh.hr\/sl\/product\/palu-gradivni-gel-pink-15-ml\/\">Pokrov (barva nohtov)<\/a><\/li>\n<li>izdelek, namenjen profesionalni uporabi<\/li>\n<li>polimerizacija 30\/60 sekund - odvisno od mo\u010di \u017earnice<\/li>\n<\/ul>\n<h6><span style=\"font-size: 16px\">Pakiranje: 50 ml<\/span><\/h6>\n<p>&nbsp;<\/p>\n<h6>UPORABA:<\/h6>\n<p>Nohtno plo\u0161\u010do rahlo polirajte s polirnim blokom. V primeru podalj\u0161anja nohta postavite \u0161ablono za podalj\u0161anje pod nohtno plo\u0161\u010do. S \u010dopi\u010dem nanesite tanko plast <strong>PALU gradbeni gel Clear - 50 ml<\/strong> in polimeriziramo v svetilki. Nato nanesite \u0161e en sloj gela in zgradite \u017eeleno dol\u017eino nohtov, nato polimerizirajte v UV \/ LED svetilki. Po polimerizaciji odstranite predlogo in oblikujte noht s srednje zrnato ra\u0161po. Nato na naneseno plo\u0161\u010do nanesite plast PALU soak off trajnega laka za nohte in na koncu <a href=\"https:\/\/www.meavia-mh.hr\/sl\/product\/palu-top-coat-shine-1-11-ml\/\">PALU Top Coat nadlak<\/a>.<span class=\"Apple-converted-space\">\u00a0<\/span><\/p>\n<h6>Vrhunska kvaliteta za va\u0161e nohte<\/h6>\n<p>Ste vedeli, da so izdelki PALU dermatolo\u0161ko testirani in proizvedeni v skladu z najvi\u0161jimi standardi za kozmeti\u010dno industrijo, vklju\u010dno z ISO 22716, GMP - Dobre proizvodne prakse, uporaba surovin evropskega izvora iz skupine Cosmetic Grade in Premium Quality Control. Izdelki PALU so veganski in niso testirani na \u017eivalih.<\/p>\n<p><strong>Sestava \/ SESTAVINE \/ (INCI): <\/strong><\/p>\n<p>DI-HEMA TRIMETILHEKSIL DIKARBAMAT, PPG-3 GLYCERYL ETHER TRIACRYLATE, TRIMETHILOLPROPAN TRIMETACRYLATE, HEMA, ETIL TRIMETILBENZOIL FENYLCHYCHIFOSPHINY<\/p>\n<h6>Video predstavitev PALU builder gelov<\/h6>\n<div class=\"ast-oembed-container\" style=\"height: 100%;\"><iframe title=\"PALU gradivni geli\" width=\"500\" height=\"375\" src=\"https:\/\/www.youtube.com\/embed\/ABp1EkuwvfI?feature=oembed\" frameborder=\"0\" allow=\"accelerometer; autoplay; clipboard-write; encrypted-media; gyroscope; picture-in-picture; web-share\" referrerpolicy=\"strict-origin-when-cross-origin\" allowfullscreen><\/iframe><\/div>","protected":false},"excerpt":{"rendered":"<p><a href=\"https:\/\/www.meavia-mh.hr\/wp-content\/uploads\/2022\/07\/1-3.jpg\"><img decoding=\"async\" class=\"alignnone size-thumbnail wp-image-14687\" src=\"https:\/\/www.meavia-mh.hr\/wp-content\/uploads\/2022\/07\/1-3-150x150.jpg\" alt=\"Dermatologically tested\" width=\"150\" height=\"150\" srcset=\"https:\/\/www.meavia-mh.hr\/wp-content\/uploads\/2022\/07\/1-3-150x150.jpg 150w, https:\/\/www.meavia-mh.hr\/wp-content\/uploads\/2022\/07\/1-3-300x300.jpg 300w, https:\/\/www.meavia-mh.hr\/wp-content\/uploads\/2022\/07\/1-3-1024x1024.jpg 1024w, https:\/\/www.meavia-mh.hr\/wp-content\/uploads\/2022\/07\/1-3-768x768.jpg 768w, https:\/\/www.meavia-mh.hr\/wp-content\/uploads\/2022\/07\/1-3-12x12.jpg 12w, https:\/\/www.meavia-mh.hr\/wp-content\/uploads\/2022\/07\/1-3-600x600.jpg 600w, https:\/\/www.meavia-mh.hr\/wp-content\/uploads\/2022\/07\/1-3-100x100.jpg 100w, https:\/\/www.meavia-mh.hr\/wp-content\/uploads\/2022\/07\/1-3.jpg 1080w\" sizes=\"(max-width: 150px) 100vw, 150px\" \/><\/a><\/p>","protected":false},"featured_media":4309,"comment_status":"closed","ping_status":"closed","template":"","meta":{"_uag_custom_page_level_css":"","site-sidebar-layout":"default","site-content-layout":null,"ast-site-content-layout":"default","site-content-style":"default","site-sidebar-style":"default","ast-global-header-display":"","ast-banner-title-visibility":"","ast-main-header-display":"","ast-hfb-above-header-display":"","ast-hfb-below-header-display":"","ast-hfb-mobile-header-display":"","site-post-title":"","ast-breadcrumbs-content":null,"ast-featured-img":"","footer-sml-layout":"","ast-disable-related-posts":"","theme-transparent-header-meta":"default","adv-header-id-meta":"","stick-header-meta":"default","header-above-stick-meta":"","header-main-stick-meta":"","header-below-stick-meta":"","astra-migrate-meta-layouts":"default","ast-page-background-enabled":"default","ast-page-background-meta":{"desktop":{"background-color":"var(--ast-global-color-4)","background-image":"","background-repeat":"repeat","background-position":"center center","background-size":"auto","background-attachment":"scroll","background-type":"","background-media":"","overlay-type":"","overlay-color":"","overlay-opacity":"","overlay-gradient":""},"tablet":{"background-color":"","background-image":"","background-repeat":"repeat","background-position":"center center","background-size":"auto","background-attachment":"scroll","background-type":"","background-media":"","overlay-type":"","overlay-color":"","overlay-opacity":"","overlay-gradient":""},"mobile":{"background-color":"","background-image":"","background-repeat":"repeat","background-position":"center center","background-size":"auto","background-attachment":"scroll","background-type":"","background-media":"","overlay-type":"","overlay-color":"","overlay-opacity":"","overlay-gradient":""}},"ast-content-background-meta":{"desktop":{"background-color":"var(--ast-global-color-5)","background-image":"","background-repeat":"repeat","background-position":"center center","background-size":"auto","background-attachment":"scroll","background-type":"","background-media":"","overlay-type":"","overlay-color":"","overlay-opacity":"","overlay-gradient":""},"tablet":{"background-color":"var(--ast-global-color-5)","background-image":"","background-repeat":"repeat","background-position":"center center","background-size":"auto","background-attachment":"scroll","background-type":"","background-media":"","overlay-type":"","overlay-color":"","overlay-opacity":"","overlay-gradient":""},"mobile":{"background-color":"var(--ast-global-color-5)","background-image":"","background-repeat":"repeat","background-position":"center center","background-size":"auto","background-attachment":"scroll","background-type":"","background-media":"","overlay-type":"","overlay-color":"","overlay-opacity":"","overlay-gradient":""}}},"product_brand":[606],"product_cat":[27,205],"product_tag":[123,124],"class_list":{"0":"post-4336","1":"product","2":"type-product","3":"status-publish","4":"has-post-thumbnail","6":"product_brand-palu","7":"product_cat-palu","8":"product_cat-palu-builder-gel","9":"product_tag-builder-gel","10":"product_tag-gradivni-gel","11":"desktop-align-left","12":"tablet-align-left","13":"mobile-align-left","14":"ast-product-gallery-layout-horizontal-slider","15":"ast-product-tabs-layout-horizontal","17":"first","18":"outofstock","19":"taxable","20":"shipping-taxable","21":"purchasable","22":"product-type-simple"},"yoast_head":"<!-- This site is optimized with the Yoast SEO plugin v27.4 - https:\/\/yoast.com\/product\/yoast-seo-wordpress\/ -->\n<title>PALU gradivni gel Clear - 50 ml &#8902; builder gel &#8902; Mea Via Beauty<\/title>\n<meta name=\"description\" content=\"PALU gradivni gel Clear - 50 ml &#8902; builder gel za izgradnju nokta &#8902; samoniveliraju\u0107i &#8902; top kvaliteta &#8902; bez \u0161tetnih i toksi\u010dnih tvari\" \/>\n<meta name=\"robots\" content=\"index, follow, max-snippet:-1, max-image-preview:large, max-video-preview:-1\" \/>\n<link rel=\"canonical\" href=\"https:\/\/www.meavia-mh.hr\/sl\/product\/palu-gradivni-gel-clear-50-ml\/\" \/>\n<meta property=\"og:locale\" content=\"sl_SI\" \/>\n<meta property=\"og:type\" content=\"article\" \/>\n<meta property=\"og:title\" content=\"PALU gradivni gel Clear - 50 ml &#8902; builder gel &#8902; Mea Via Beauty\" \/>\n<meta property=\"og:description\" content=\"PALU gradivni gel Clear - 50 ml &#8902; builder gel za izgradnju nokta &#8902; samoniveliraju\u0107i &#8902; top kvaliteta &#8902; bez \u0161tetnih i toksi\u010dnih tvari\" \/>\n<meta property=\"og:url\" content=\"https:\/\/www.meavia-mh.hr\/sl\/product\/palu-gradivni-gel-clear-50-ml\/\" \/>\n<meta property=\"og:site_name\" content=\"Mea Via Beauty\" \/>\n<meta property=\"article:publisher\" content=\"https:\/\/www.facebook.com\/MeaViaNailsWorld\" \/>\n<meta property=\"article:modified_time\" content=\"2026-01-24T07:31:28+00:00\" \/>\n<meta property=\"og:image\" content=\"https:\/\/www.meavia-mh.hr\/wp-content\/uploads\/2021\/01\/PALU-gradivni-gel-Clear-15-ml.jpg\" \/>\n\t<meta property=\"og:image:width\" content=\"1538\" \/>\n\t<meta property=\"og:image:height\" content=\"1394\" \/>\n\t<meta property=\"og:image:type\" content=\"image\/jpeg\" \/>\n<meta name=\"twitter:card\" content=\"summary_large_image\" \/>\n<meta name=\"twitter:label1\" content=\"Est. reading time\" \/>\n\t<meta name=\"twitter:data1\" content=\"2 minuti\" \/>\n<script type=\"application\/ld+json\" class=\"yoast-schema-graph\">{\"@context\":\"https:\\\/\\\/schema.org\",\"@graph\":[{\"@type\":\"WebPage\",\"@id\":\"https:\\\/\\\/www.meavia-mh.hr\\\/product\\\/palu-gradivni-gel-clear-50-ml\\\/\",\"url\":\"https:\\\/\\\/www.meavia-mh.hr\\\/product\\\/palu-gradivni-gel-clear-50-ml\\\/\",\"name\":\"PALU gradivni gel Clear - 50 ml &#8902; builder gel &#8902; Mea Via Beauty\",\"isPartOf\":{\"@id\":\"https:\\\/\\\/meavia-mh.hr\\\/sl\\\/#website\"},\"primaryImageOfPage\":{\"@id\":\"https:\\\/\\\/www.meavia-mh.hr\\\/product\\\/palu-gradivni-gel-clear-50-ml\\\/#primaryimage\"},\"image\":{\"@id\":\"https:\\\/\\\/www.meavia-mh.hr\\\/product\\\/palu-gradivni-gel-clear-50-ml\\\/#primaryimage\"},\"thumbnailUrl\":\"https:\\\/\\\/www.meavia-mh.hr\\\/wp-content\\\/uploads\\\/2021\\\/01\\\/PALU-gradivni-gel-Clear-15-ml.jpg\",\"datePublished\":\"2021-01-06T09:09:53+00:00\",\"dateModified\":\"2026-01-24T07:31:28+00:00\",\"description\":\"PALU gradivni gel Clear - 50 ml &#8902; builder gel za izgradnju nokta &#8902; samoniveliraju\u0107i &#8902; top kvaliteta &#8902; bez \u0161tetnih i toksi\u010dnih tvari\",\"breadcrumb\":{\"@id\":\"https:\\\/\\\/www.meavia-mh.hr\\\/product\\\/palu-gradivni-gel-clear-50-ml\\\/#breadcrumb\"},\"inLanguage\":\"sl-SI\",\"potentialAction\":[{\"@type\":\"ReadAction\",\"target\":[\"https:\\\/\\\/www.meavia-mh.hr\\\/product\\\/palu-gradivni-gel-clear-50-ml\\\/\"]}]},{\"@type\":\"ImageObject\",\"inLanguage\":\"sl-SI\",\"@id\":\"https:\\\/\\\/www.meavia-mh.hr\\\/product\\\/palu-gradivni-gel-clear-50-ml\\\/#primaryimage\",\"url\":\"https:\\\/\\\/www.meavia-mh.hr\\\/wp-content\\\/uploads\\\/2021\\\/01\\\/PALU-gradivni-gel-Clear-15-ml.jpg\",\"contentUrl\":\"https:\\\/\\\/www.meavia-mh.hr\\\/wp-content\\\/uploads\\\/2021\\\/01\\\/PALU-gradivni-gel-Clear-15-ml.jpg\",\"width\":1538,\"height\":1394,\"caption\":\"PALU gradivni gel Clear\"},{\"@type\":\"BreadcrumbList\",\"@id\":\"https:\\\/\\\/www.meavia-mh.hr\\\/product\\\/palu-gradivni-gel-clear-50-ml\\\/#breadcrumb\",\"itemListElement\":[{\"@type\":\"ListItem\",\"position\":1,\"name\":\"Po\u010detna stranica\",\"item\":\"https:\\\/\\\/www.meavia-mh.hr\\\/\"},{\"@type\":\"ListItem\",\"position\":2,\"name\":\"Trgovina\",\"item\":\"https:\\\/\\\/meavia-mh.hr\\\/sl\\\/store\\\/\"},{\"@type\":\"ListItem\",\"position\":3,\"name\":\"PALU gradivni gel Clear &#8211; 50 ml\"}]},{\"@type\":\"WebSite\",\"@id\":\"https:\\\/\\\/meavia-mh.hr\\\/sl\\\/#website\",\"url\":\"https:\\\/\\\/meavia-mh.hr\\\/sl\\\/\",\"name\":\"Mea Via Beauty\",\"description\":\"Only The Best For Your Beauty\",\"publisher\":{\"@id\":\"https:\\\/\\\/meavia-mh.hr\\\/sl\\\/#organization\"},\"alternateName\":\"Mea Via Nails\",\"potentialAction\":[{\"@type\":\"SearchAction\",\"target\":{\"@type\":\"EntryPoint\",\"urlTemplate\":\"https:\\\/\\\/meavia-mh.hr\\\/sl\\\/?s={search_term_string}\"},\"query-input\":{\"@type\":\"PropertyValueSpecification\",\"valueRequired\":true,\"valueName\":\"search_term_string\"}}],\"inLanguage\":\"sl-SI\"},{\"@type\":\"Organization\",\"@id\":\"https:\\\/\\\/meavia-mh.hr\\\/sl\\\/#organization\",\"name\":\"Mea Via Nails World\",\"alternateName\":\"Mea Via\",\"url\":\"https:\\\/\\\/meavia-mh.hr\\\/sl\\\/\",\"logo\":{\"@type\":\"ImageObject\",\"inLanguage\":\"sl-SI\",\"@id\":\"https:\\\/\\\/meavia-mh.hr\\\/sl\\\/#\\\/schema\\\/logo\\\/image\\\/\",\"url\":\"https:\\\/\\\/www.meavia-mh.hr\\\/wp-content\\\/uploads\\\/2020\\\/12\\\/Mea-Via.png\",\"contentUrl\":\"https:\\\/\\\/www.meavia-mh.hr\\\/wp-content\\\/uploads\\\/2020\\\/12\\\/Mea-Via.png\",\"width\":1181,\"height\":393,\"caption\":\"Mea Via Nails World\"},\"image\":{\"@id\":\"https:\\\/\\\/meavia-mh.hr\\\/sl\\\/#\\\/schema\\\/logo\\\/image\\\/\"},\"sameAs\":[\"https:\\\/\\\/www.facebook.com\\\/MeaViaNailsWorld\",\"https:\\\/\\\/www.instagram.com\\\/mea_via_nails_world\\\/\",\"https:\\\/\\\/www.youtube.com\\\/channel\\\/UCECk0hpRWP6TN-EfA4ER96g\\\/featured\"]}]}<\/script>\n<!-- \/ Yoast SEO plugin. -->","yoast_head_json":{"title":"PALU gradbeni gel Clear - 50 ml \u22c6 gradbeni gel \u22c6 Mea Via Beauty","description":"PALU gradilni gel Prozoren - 50 ml \u22c6 gradilni gel za izdelavo nohtov \u22c6 samonivelirni \u22c6 vrhunska kakovost \u22c6 brez \u0161kodljivih in strupenih snovi","robots":{"index":"index","follow":"follow","max-snippet":"max-snippet:-1","max-image-preview":"max-image-preview:large","max-video-preview":"max-video-preview:-1"},"canonical":"https:\/\/www.meavia-mh.hr\/sl\/product\/palu-gradivni-gel-clear-50-ml\/","og_locale":"sl_SI","og_type":"article","og_title":"PALU gradivni gel Clear - 50 ml &#8902; builder gel &#8902; Mea Via Beauty","og_description":"PALU gradivni gel Clear - 50 ml &#8902; builder gel za izgradnju nokta &#8902; samoniveliraju\u0107i &#8902; top kvaliteta &#8902; bez \u0161tetnih i toksi\u010dnih tvari","og_url":"https:\/\/www.meavia-mh.hr\/sl\/product\/palu-gradivni-gel-clear-50-ml\/","og_site_name":"Mea Via Beauty","article_publisher":"https:\/\/www.facebook.com\/MeaViaNailsWorld","article_modified_time":"2026-01-24T07:31:28+00:00","og_image":[{"width":1538,"height":1394,"url":"https:\/\/www.meavia-mh.hr\/wp-content\/uploads\/2021\/01\/PALU-gradivni-gel-Clear-15-ml.jpg","type":"image\/jpeg"}],"twitter_card":"summary_large_image","twitter_misc":{"Est. reading time":"2 minuti"},"schema":{"@context":"https:\/\/schema.org","@graph":[{"@type":"WebPage","@id":"https:\/\/www.meavia-mh.hr\/product\/palu-gradivni-gel-clear-50-ml\/","url":"https:\/\/www.meavia-mh.hr\/product\/palu-gradivni-gel-clear-50-ml\/","name":"PALU gradbeni gel Clear - 50 ml \u22c6 gradbeni gel \u22c6 Mea Via Beauty","isPartOf":{"@id":"https:\/\/meavia-mh.hr\/sl\/#website"},"primaryImageOfPage":{"@id":"https:\/\/www.meavia-mh.hr\/product\/palu-gradivni-gel-clear-50-ml\/#primaryimage"},"image":{"@id":"https:\/\/www.meavia-mh.hr\/product\/palu-gradivni-gel-clear-50-ml\/#primaryimage"},"thumbnailUrl":"https:\/\/www.meavia-mh.hr\/wp-content\/uploads\/2021\/01\/PALU-gradivni-gel-Clear-15-ml.jpg","datePublished":"2021-01-06T09:09:53+00:00","dateModified":"2026-01-24T07:31:28+00:00","description":"PALU gradilni gel Prozoren - 50 ml \u22c6 gradilni gel za izdelavo nohtov \u22c6 samonivelirni \u22c6 vrhunska kakovost \u22c6 brez \u0161kodljivih in strupenih snovi","breadcrumb":{"@id":"https:\/\/www.meavia-mh.hr\/product\/palu-gradivni-gel-clear-50-ml\/#breadcrumb"},"inLanguage":"sl-SI","potentialAction":[{"@type":"ReadAction","target":["https:\/\/www.meavia-mh.hr\/product\/palu-gradivni-gel-clear-50-ml\/"]}]},{"@type":"ImageObject","inLanguage":"sl-SI","@id":"https:\/\/www.meavia-mh.hr\/product\/palu-gradivni-gel-clear-50-ml\/#primaryimage","url":"https:\/\/www.meavia-mh.hr\/wp-content\/uploads\/2021\/01\/PALU-gradivni-gel-Clear-15-ml.jpg","contentUrl":"https:\/\/www.meavia-mh.hr\/wp-content\/uploads\/2021\/01\/PALU-gradivni-gel-Clear-15-ml.jpg","width":1538,"height":1394,"caption":"PALU gradivni gel Clear"},{"@type":"BreadcrumbList","@id":"https:\/\/www.meavia-mh.hr\/product\/palu-gradivni-gel-clear-50-ml\/#breadcrumb","itemListElement":[{"@type":"ListItem","position":1,"name":"Po\u010detna stranica","item":"https:\/\/www.meavia-mh.hr\/"},{"@type":"ListItem","position":2,"name":"Trgovina","item":"https:\/\/meavia-mh.hr\/sl\/store\/"},{"@type":"ListItem","position":3,"name":"PALU gradivni gel Clear &#8211; 50 ml"}]},{"@type":"WebSite","@id":"https:\/\/meavia-mh.hr\/sl\/#website","url":"https:\/\/meavia-mh.hr\/sl\/","name":"MEA VIA BEAUTY","description":"Only The Best For Your Beauty","publisher":{"@id":"https:\/\/meavia-mh.hr\/sl\/#organization"},"alternateName":"Mea Via Nails","potentialAction":[{"@type":"SearchAction","target":{"@type":"EntryPoint","urlTemplate":"https:\/\/meavia-mh.hr\/sl\/?s={search_term_string}"},"query-input":{"@type":"PropertyValueSpecification","valueRequired":true,"valueName":"search_term_string"}}],"inLanguage":"sl-SI"},{"@type":"Organization","@id":"https:\/\/meavia-mh.hr\/sl\/#organization","name":"Mea Via Nails World","alternateName":"Mea Via","url":"https:\/\/meavia-mh.hr\/sl\/","logo":{"@type":"ImageObject","inLanguage":"sl-SI","@id":"https:\/\/meavia-mh.hr\/sl\/#\/schema\/logo\/image\/","url":"https:\/\/www.meavia-mh.hr\/wp-content\/uploads\/2020\/12\/Mea-Via.png","contentUrl":"https:\/\/www.meavia-mh.hr\/wp-content\/uploads\/2020\/12\/Mea-Via.png","width":1181,"height":393,"caption":"Mea Via Nails World"},"image":{"@id":"https:\/\/meavia-mh.hr\/sl\/#\/schema\/logo\/image\/"},"sameAs":["https:\/\/www.facebook.com\/MeaViaNailsWorld","https:\/\/www.instagram.com\/mea_via_nails_world\/","https:\/\/www.youtube.com\/channel\/UCECk0hpRWP6TN-EfA4ER96g\/featured"]}]}},"spectra_custom_meta":{"_sku":["KAT03929"],"_regular_price":["21.99"],"total_sales":["476"],"_tax_status":["taxable"],"_tax_class":[""],"_manage_stock":["yes"],"_backorders":["no"],"_sold_individually":["no"],"_virtual":["no"],"_downloadable":["no"],"_product_image_gallery":["4310"],"_download_limit":["-1"],"_download_expiry":["-1"],"_thumbnail_id":["4309"],"_stock":["0.000000"],"_stock_status":["outofstock"],"_wc_average_rating":["0"],"_wc_review_count":["0"],"_product_version":["10.4.3"],"_price":["21.99"],"_wp_page_template":["default"],"_yoast_wpseo_focuskw":["PALU gradivni gel Clear - 50 ml"],"_yoast_wpseo_title":["%%title%% %%page%% %%sep%% builder gel %%sep%% %%sitename%%"],"_yoast_wpseo_metadesc":["%%title%% %%sep%% builder gel za izgradnju nokta %%sep%% samoniveliraju\u0107i %%sep%% top kvaliteta %%sep%% bez \u0161tetnih i toksi\u010dnih tvari"],"_yoast_wpseo_linkdex":["81"],"_yoast_wpseo_content_score":["90"],"_yoast_wpseo_primary_product_cat":["205"],"site-sidebar-layout":["default"],"site-content-layout":[null],"theme-transparent-header-meta":["default"],"stick-header-meta":["default"],"_edit_lock":["1762729525:1239"],"_edit_last":["1239"],"_yoast_wpseo_estimated-reading-time-minutes":["2"],"cartflows_redirect_flow_id":[""],"cartflows_add_to_cart_text":[""],"_woocs_price_geo_countries":[""],"_woocs_regular_price_geo":[""],"_woocs_sale_price_geo":[""],"_oembed_61a54d53de9b0b4dffb649614fffd6af":["<iframe title=\"PALU builder gels\" width=\"500\" height=\"375\" src=\"https:\/\/www.youtube.com\/embed\/ABp1EkuwvfI?feature=oembed\" frameborder=\"0\" allow=\"accelerometer; autoplay; clipboard-write; encrypted-media; gyroscope; picture-in-picture\" allowfullscreen><\/iframe>"],"_oembed_time_61a54d53de9b0b4dffb649614fffd6af":["1666378098"],"_oembed_83538aa71500cc0ead3e691943e1f422":["<iframe title=\"PALU builder gels\" width=\"898\" height=\"674\" src=\"https:\/\/www.youtube.com\/embed\/ABp1EkuwvfI?feature=oembed\" frameborder=\"0\" allow=\"accelerometer; autoplay; clipboard-write; encrypted-media; gyroscope; picture-in-picture\" allowfullscreen><\/iframe>"],"_oembed_time_83538aa71500cc0ead3e691943e1f422":["1623529379"],"_oembed_f0aa7877f04b3892d703afa66c94f255":["<iframe title=\"PALU builder gels\" width=\"922\" height=\"692\" src=\"https:\/\/www.youtube.com\/embed\/ABp1EkuwvfI?feature=oembed\" frameborder=\"0\" allow=\"accelerometer; autoplay; clipboard-write; encrypted-media; gyroscope; picture-in-picture\" allowfullscreen><\/iframe>"],"_oembed_time_f0aa7877f04b3892d703afa66c94f255":["1623529456"],"_oembed_ad2ead22a439f9bb300d399faafc2ed6":["<iframe title=\"PALU builder gels\" width=\"1200\" height=\"900\" src=\"https:\/\/www.youtube.com\/embed\/ABp1EkuwvfI?feature=oembed\" frameborder=\"0\" allow=\"accelerometer; autoplay; clipboard-write; encrypted-media; gyroscope; picture-in-picture\" allowfullscreen><\/iframe>"],"_oembed_time_ad2ead22a439f9bb300d399faafc2ed6":["1623614763"],"ast-below-header-display":[null],"_yoast_wpseo_wordproof_timestamp":[""],"_woocs_regular_price_EUR":["21.99"],"_woocs_sale_price_EUR":["-1"],"_lowest_price_30_days":["18.69"],"_oembed_32301a5f120515f93fbc8f9efb7abeff":["<iframe title=\"PALU builder gels\" width=\"500\" height=\"375\" src=\"https:\/\/www.youtube.com\/embed\/ABp1EkuwvfI?feature=oembed\" frameborder=\"0\" allow=\"accelerometer; autoplay; clipboard-write; encrypted-media; gyroscope; picture-in-picture; web-share\" referrerpolicy=\"strict-origin-when-cross-origin\" allowfullscreen><\/iframe>"],"_oembed_time_32301a5f120515f93fbc8f9efb7abeff":["1715407193"],"uag_migration_processed":["1"],"_last_change_time":["1762729525"],"ast-above-header-display":[null],"footer-adv-display":[null],"adv-header-id-meta":[""],"ast-breadcrumbs-content":[null],"_elementor_page_assets":["a:0:{}"],"_uag_page_assets":["a:9:{s:3:\"css\";s:0:\"\";s:2:\"js\";s:0:\"\";s:18:\"current_block_list\";a:3:{i:0;s:11:\"core\/search\";i:1;s:18:\"core\/legacy-widget\";i:2;s:27:\"woocommerce\/product-filters\";}s:8:\"uag_flag\";b:0;s:11:\"uag_version\";s:10:\"1776503599\";s:6:\"gfonts\";a:0:{}s:10:\"gfonts_url\";s:0:\"\";s:12:\"gfonts_files\";a:0:{}s:14:\"uag_faq_layout\";b:0;}"]},"uagb_featured_image_src":{"full":["https:\/\/www.meavia-mh.hr\/wp-content\/uploads\/2021\/01\/PALU-gradivni-gel-Clear-15-ml.jpg",1538,1394,false],"thumbnail":["https:\/\/www.meavia-mh.hr\/wp-content\/uploads\/2021\/01\/PALU-gradivni-gel-Clear-15-ml-150x150.jpg",150,150,true],"medium":["https:\/\/www.meavia-mh.hr\/wp-content\/uploads\/2021\/01\/PALU-gradivni-gel-Clear-15-ml-300x272.jpg",300,272,true],"medium_large":["https:\/\/www.meavia-mh.hr\/wp-content\/uploads\/2021\/01\/PALU-gradivni-gel-Clear-15-ml-768x696.jpg",768,696,true],"large":["https:\/\/www.meavia-mh.hr\/wp-content\/uploads\/2021\/01\/PALU-gradivni-gel-Clear-15-ml-1024x928.jpg",1024,928,true],"1536x1536":["https:\/\/www.meavia-mh.hr\/wp-content\/uploads\/2021\/01\/PALU-gradivni-gel-Clear-15-ml-1536x1392.jpg",1536,1392,true],"2048x2048":["https:\/\/www.meavia-mh.hr\/wp-content\/uploads\/2021\/01\/PALU-gradivni-gel-Clear-15-ml.jpg",1538,1394,false],"trp-custom-language-flag":["https:\/\/www.meavia-mh.hr\/wp-content\/uploads\/2021\/01\/PALU-gradivni-gel-Clear-15-ml.jpg",13,12,false],"woocommerce_thumbnail":["https:\/\/www.meavia-mh.hr\/wp-content\/uploads\/2021\/01\/PALU-gradivni-gel-Clear-15-ml-300x300.jpg",300,300,true],"woocommerce_single":["https:\/\/www.meavia-mh.hr\/wp-content\/uploads\/2021\/01\/PALU-gradivni-gel-Clear-15-ml-600x544.jpg",600,544,true],"woocommerce_gallery_thumbnail":["https:\/\/www.meavia-mh.hr\/wp-content\/uploads\/2021\/01\/PALU-gradivni-gel-Clear-15-ml-100x100.jpg",100,100,true]},"uagb_author_info":{"display_name":"Mea Via","author_link":"https:\/\/www.meavia-mh.hr\/sl\/author\/"},"uagb_comment_info":0,"uagb_excerpt":null,"_links":{"self":[{"href":"https:\/\/www.meavia-mh.hr\/sl\/wp-json\/wp\/v2\/product\/4336","targetHints":{"allow":["GET"]}}],"collection":[{"href":"https:\/\/www.meavia-mh.hr\/sl\/wp-json\/wp\/v2\/product"}],"about":[{"href":"https:\/\/www.meavia-mh.hr\/sl\/wp-json\/wp\/v2\/types\/product"}],"replies":[{"embeddable":true,"href":"https:\/\/www.meavia-mh.hr\/sl\/wp-json\/wp\/v2\/comments?post=4336"}],"version-history":[{"count":1,"href":"https:\/\/www.meavia-mh.hr\/sl\/wp-json\/wp\/v2\/product\/4336\/revisions"}],"predecessor-version":[{"id":31438,"href":"https:\/\/www.meavia-mh.hr\/sl\/wp-json\/wp\/v2\/product\/4336\/revisions\/31438"}],"wp:featuredmedia":[{"embeddable":true,"href":"https:\/\/www.meavia-mh.hr\/sl\/wp-json\/wp\/v2\/media\/4309"}],"wp:attachment":[{"href":"https:\/\/www.meavia-mh.hr\/sl\/wp-json\/wp\/v2\/media?parent=4336"}],"wp:term":[{"taxonomy":"product_brand","embeddable":true,"href":"https:\/\/www.meavia-mh.hr\/sl\/wp-json\/wp\/v2\/product_brand?post=4336"},{"taxonomy":"product_cat","embeddable":true,"href":"https:\/\/www.meavia-mh.hr\/sl\/wp-json\/wp\/v2\/product_cat?post=4336"},{"taxonomy":"product_tag","embeddable":true,"href":"https:\/\/www.meavia-mh.hr\/sl\/wp-json\/wp\/v2\/product_tag?post=4336"}],"curies":[{"name":"delovni list","href":"https:\/\/api.w.org\/{rel}","templated":true}]}}