{"id":43342,"date":"2025-11-15T21:54:47","date_gmt":"2025-11-15T19:54:47","guid":{"rendered":"https:\/\/www.meavia-mh.hr\/?post_type=product&#038;p=43342"},"modified":"2026-04-13T08:03:12","modified_gmt":"2026-04-13T07:03:12","slug":"yoshi-top-coat-milky","status":"publish","type":"product","link":"https:\/\/www.meavia-mh.hr\/sl\/product\/yoshi-top-coat-milky\/","title":{"rendered":"YOSHI top coat Milky"},"content":{"rendered":"<p data-start=\"337\" data-end=\"708\"><strong>YOSHI top coat Milky<\/strong>\u00a0<span dir=\"auto\">je <strong>polprozoren mle\u010dni nadlak<\/strong> ki va\u0161im nohtom doda subtilnost in eleganco. Njegov ne\u017een mle\u010dni odtenek je klju\u010d do popolnih stilov, kot so baby boomer, ne\u017eni francoski ali princeskini nohti. Ta izdelek ne le zaokro\u017ei videz, temve\u010d mu daje tudi edinstven zna\u010daj in profesionalen videz.\u00a0<\/span><\/p>\n<h3 data-start=\"337\" data-end=\"708\"><strong data-start=\"1116\" data-end=\"1141\">Glavne zna\u010dilnosti:<\/strong><\/h3>\n<ul>\n<li><strong><span dir=\"auto\"><span dir=\"auto\">Idealno za generacije baby boom: <\/span><\/span><\/strong><span dir=\"auto\"><span dir=\"auto\">S svojo tanko prekrivnostjo ta nadlak \u010dudovito zgladi sen\u010dne linije in ustvari brezhiben preliv. Va\u0161a generacija baby boomerjev bo dosegla subtilen, naraven u\u010dinek, ki bo navdu\u0161il vsako stranko.<\/span><\/span><\/li>\n<li><strong><span dir=\"auto\"><span dir=\"auto\">Ne\u017een francoski lak na dosegu roke: <\/span><\/span><\/strong><span dir=\"auto\"><span dir=\"auto\">Zamenjajte svoj tradicionalni nadlak s to mle\u010dno belo barvo za ne\u017een, sodoben in ne\u017een francoski u\u010dinek. Nadlak bo poudaril eleganco va\u0161ega stila in va\u0161im nohtom dal edinstven \u010dar.<\/span><\/span><\/li>\n<li><strong><span dir=\"auto\"><span dir=\"auto\">Vsestranska zasnova: <\/span><\/span><\/strong><span dir=\"auto\"><span dir=\"auto\">Popoln za princeskine nohte in kot zaklju\u010dni dotik za gel ali hibridne nohte. Njegova prosojna formula doda mehkobo in naraven sijaj.<\/span><\/span><\/li>\n<li><b><span dir=\"auto\">\u010cas su\u0161enja: <\/span><\/b><em style=\"font-size: 16px;\"><span dir=\"auto\">90 sekund LED\/120 sekund UV<\/span><\/em><\/li>\n<li><strong><span dir=\"auto\">LED\u00a0<\/span><span dir=\"auto\"><strong>\/V<\/strong>Formula V<\/span><\/strong><span dir=\"auto\"> \u2013 zdru\u017eljivo z vsemi svetilkami, zagotavlja hitro in u\u010dinkovito strjevanje<\/span><\/li>\n<li><strong>Barva: <\/strong><span dir=\"auto\">polprozorna mle\u010dna<\/span><\/li>\n<li><strong>Formula BREZ TPO in HEMA<\/strong><\/li>\n<li><strong><span dir=\"auto\">Za profesionalno uporabo<\/span><\/strong><\/li>\n<li><strong>Pakiranje: 10 ml<\/strong><\/li>\n<\/ul>\n<h3 data-start=\"1833\" data-end=\"1868\"><strong data-start=\"1837\" data-end=\"1868\">Uporaba in prednosti pri delu:<\/strong><\/h3>\n<p><strong><span dir=\"auto\">YOSHI polprozoren mle\u010dni nadlak<\/span><\/strong><span dir=\"auto\">\u00a0ni le pika na i \u2013 je na\u010din, da svojim nohtom dodate kan\u010dek ne\u017enosti in elegance, zaradi \u010desar bodo va\u0161i dizajni resni\u010dno izstopali. Izberite ga in u\u017eivajte v u\u010dinku popolnoma poliranih, ne\u017eno izdelanih nohtov, ki bodo pritegnili pozornost in poudarili va\u0161o edinstvenost.<\/span><\/p>\n<div id=\"text-4064319298\" class=\"text margin-bottom-12\">\n<h4>YOSHI \u2013 vrhunska kakovost in varnost brez kompromisov<\/h4>\n<\/div>\n<div id=\"text-1277917301\" class=\"text margin-top-12, margin-bottom-12\">\n<p><strong data-start=\"0\" data-end=\"19\" data-is-only-node=\"\">Izdelki YOSHI<\/strong> predstavljajo popolno kombinacijo <strong data-start=\"47\" data-end=\"108\">vrhunska kakovost, varnost in profesionalni standardi<\/strong>. Na\u0161e formule so <strong data-start=\"126\" data-end=\"157\">100% brez spojin TPO in HEMA<\/strong>, kar pomeni, da so ne\u017eni do ko\u017ee, varni in v celoti skladni s predpisi EU. <strong data-start=\"243\" data-end=\"288\">YOSHI ne testira svojih izdelkov na \u017eivalih<\/strong>, ker verjamemo v eti\u010dno lepoto in odgovorno proizvodnjo. Vsak izdelek je razvit z namenom zagotavljanja <strong data-start=\"391\" data-end=\"438\">vzdr\u017eljivost, stabilnost in maksimalna varnost<\/strong> \u2013 brez iritacij in nepotrebnih kompromisov. Z YOSHI izberete vi <strong data-start=\"500\" data-end=\"522\">lepota brez tveganja<\/strong>, izdelki, ki jim lahko zaupate, in rezultati, ki navdu\u0161ujejo z vsako uporabo.<\/p>\n<p><strong style=\"font-size: 1.2em;\">SESTAVA\/Ingredients\/INCI:\u00a0<\/strong><\/p>\n<\/div>\n<p>Akrilatni kopolimer, cikloheksil metakrilat\/etilheksil metakrilat kopolimer, etilheksil dimetil PABA, P-hidroksianizol, CI 77120, CI 19140.<\/p>\n<p><em><span class=\"\">* navedena sestava se lahko spremeni. <\/span><span class=\"\">Celotno sestavo INCI najdete na embala\u017ei izdelka.<\/span><\/em><\/p>\n<p>&nbsp;<\/p>","protected":false},"excerpt":{"rendered":"<ul>\n<li><span dir=\"auto\">\u0161\u010diti nohtno plo\u0161\u010do<\/span><\/li>\n<li>polprozoren mle\u010dni nadlak<\/li>\n<li>Formula brez TPO in HEMA<\/li>\n<\/ul>","protected":false},"featured_media":43343,"comment_status":"closed","ping_status":"closed","template":"","meta":{"_uag_custom_page_level_css":"","site-sidebar-layout":"default","site-content-layout":null,"ast-site-content-layout":"default","site-content-style":"default","site-sidebar-style":"default","ast-global-header-display":"","ast-banner-title-visibility":"","ast-main-header-display":"","ast-hfb-above-header-display":"","ast-hfb-below-header-display":"","ast-hfb-mobile-header-display":"","site-post-title":"","ast-breadcrumbs-content":null,"ast-featured-img":"","footer-sml-layout":"","ast-disable-related-posts":"","theme-transparent-header-meta":"default","adv-header-id-meta":"","stick-header-meta":"default","header-above-stick-meta":"","header-main-stick-meta":"","header-below-stick-meta":"","astra-migrate-meta-layouts":"set","ast-page-background-enabled":"default","ast-page-background-meta":{"desktop":{"background-color":"var(--ast-global-color-4)","background-image":"","background-repeat":"repeat","background-position":"center center","background-size":"auto","background-attachment":"scroll","background-type":"","background-media":"","overlay-type":"","overlay-color":"","overlay-opacity":"","overlay-gradient":""},"tablet":{"background-color":"","background-image":"","background-repeat":"repeat","background-position":"center center","background-size":"auto","background-attachment":"scroll","background-type":"","background-media":"","overlay-type":"","overlay-color":"","overlay-opacity":"","overlay-gradient":""},"mobile":{"background-color":"","background-image":"","background-repeat":"repeat","background-position":"center center","background-size":"auto","background-attachment":"scroll","background-type":"","background-media":"","overlay-type":"","overlay-color":"","overlay-opacity":"","overlay-gradient":""}},"ast-content-background-meta":{"desktop":{"background-color":"var(--ast-global-color-5)","background-image":"","background-repeat":"repeat","background-position":"center center","background-size":"auto","background-attachment":"scroll","background-type":"","background-media":"","overlay-type":"","overlay-color":"","overlay-opacity":"","overlay-gradient":""},"tablet":{"background-color":"var(--ast-global-color-5)","background-image":"","background-repeat":"repeat","background-position":"center center","background-size":"auto","background-attachment":"scroll","background-type":"","background-media":"","overlay-type":"","overlay-color":"","overlay-opacity":"","overlay-gradient":""},"mobile":{"background-color":"var(--ast-global-color-5)","background-image":"","background-repeat":"repeat","background-position":"center center","background-size":"auto","background-attachment":"scroll","background-type":"","background-media":"","overlay-type":"","overlay-color":"","overlay-opacity":"","overlay-gradient":""}}},"product_brand":[],"product_cat":[726,523,676,642,679],"product_tag":[648,655],"class_list":{"0":"post-43342","1":"product","2":"type-product","3":"status-publish","4":"has-post-thumbnail","6":"product_cat-effect-glitter-top-coat","7":"product_cat-novo","8":"product_cat-top-coat","9":"product_cat-yoshi","10":"product_cat-yoshi-top-coat","11":"product_tag-yoshi","12":"product_tag-yoshi-base","13":"desktop-align-left","14":"tablet-align-left","15":"mobile-align-left","16":"ast-product-gallery-layout-horizontal-slider","17":"ast-product-tabs-layout-horizontal","19":"first","20":"instock","21":"taxable","22":"shipping-taxable","23":"purchasable","24":"product-type-simple"},"yoast_head":"<!-- This site is optimized with the Yoast SEO plugin v27.4 - https:\/\/yoast.com\/product\/yoast-seo-wordpress\/ -->\n<title>YOSHI top coat Milky &#8902; Mea Via Beauty<\/title>\n<meta name=\"description\" content=\"YOSHI top coat Milky &#8902; zavrr\u0161ni mlije\u010dni top coat za nokte &#8902; top coat za gelove i hibridne lakove &#8902; \u0161titi manikuru &#8902; mije\u010dna manikura&#8902; HEMA Free\" \/>\n<meta name=\"robots\" content=\"index, follow, max-snippet:-1, max-image-preview:large, max-video-preview:-1\" \/>\n<link rel=\"canonical\" href=\"https:\/\/www.meavia-mh.hr\/sl\/product\/yoshi-top-coat-milky\/\" \/>\n<meta property=\"og:locale\" content=\"sl_SI\" \/>\n<meta property=\"og:type\" content=\"article\" \/>\n<meta property=\"og:title\" content=\"YOSHI top coat Milky &#8902; Mea Via Beauty\" \/>\n<meta property=\"og:description\" content=\"YOSHI top coat Milky &#8902; zavrr\u0161ni mlije\u010dni top coat za nokte &#8902; top coat za gelove i hibridne lakove &#8902; \u0161titi manikuru &#8902; mije\u010dna manikura&#8902; HEMA Free\" \/>\n<meta property=\"og:url\" content=\"https:\/\/www.meavia-mh.hr\/sl\/product\/yoshi-top-coat-milky\/\" \/>\n<meta property=\"og:site_name\" content=\"Mea Via Beauty\" \/>\n<meta property=\"article:publisher\" content=\"https:\/\/www.facebook.com\/MeaViaNailsWorld\" \/>\n<meta property=\"article:modified_time\" content=\"2026-04-13T07:03:12+00:00\" \/>\n<meta property=\"og:image\" content=\"https:\/\/www.meavia-mh.hr\/wp-content\/uploads\/2025\/11\/MilkyTop_1.webp\" \/>\n\t<meta property=\"og:image:width\" content=\"1800\" \/>\n\t<meta property=\"og:image:height\" content=\"1800\" \/>\n\t<meta property=\"og:image:type\" content=\"image\/webp\" \/>\n<meta name=\"twitter:card\" content=\"summary_large_image\" \/>\n<meta name=\"twitter:label1\" content=\"Est. reading time\" \/>\n\t<meta name=\"twitter:data1\" content=\"3 minute\" \/>\n<script type=\"application\/ld+json\" class=\"yoast-schema-graph\">{\"@context\":\"https:\\\/\\\/schema.org\",\"@graph\":[{\"@type\":\"WebPage\",\"@id\":\"https:\\\/\\\/www.meavia-mh.hr\\\/product\\\/yoshi-top-coat-milky\\\/\",\"url\":\"https:\\\/\\\/www.meavia-mh.hr\\\/product\\\/yoshi-top-coat-milky\\\/\",\"name\":\"YOSHI top coat Milky &#8902; Mea Via Beauty\",\"isPartOf\":{\"@id\":\"https:\\\/\\\/meavia-mh.hr\\\/sl\\\/#website\"},\"primaryImageOfPage\":{\"@id\":\"https:\\\/\\\/www.meavia-mh.hr\\\/product\\\/yoshi-top-coat-milky\\\/#primaryimage\"},\"image\":{\"@id\":\"https:\\\/\\\/www.meavia-mh.hr\\\/product\\\/yoshi-top-coat-milky\\\/#primaryimage\"},\"thumbnailUrl\":\"https:\\\/\\\/www.meavia-mh.hr\\\/wp-content\\\/uploads\\\/2025\\\/11\\\/MilkyTop_1.webp\",\"datePublished\":\"2025-11-15T19:54:47+00:00\",\"dateModified\":\"2026-04-13T07:03:12+00:00\",\"description\":\"YOSHI top coat Milky &#8902; zavrr\u0161ni mlije\u010dni top coat za nokte &#8902; top coat za gelove i hibridne lakove &#8902; \u0161titi manikuru &#8902; mije\u010dna manikura&#8902; HEMA Free\",\"breadcrumb\":{\"@id\":\"https:\\\/\\\/www.meavia-mh.hr\\\/product\\\/yoshi-top-coat-milky\\\/#breadcrumb\"},\"inLanguage\":\"sl-SI\",\"potentialAction\":[{\"@type\":\"ReadAction\",\"target\":[\"https:\\\/\\\/www.meavia-mh.hr\\\/product\\\/yoshi-top-coat-milky\\\/\"]}]},{\"@type\":\"ImageObject\",\"inLanguage\":\"sl-SI\",\"@id\":\"https:\\\/\\\/www.meavia-mh.hr\\\/product\\\/yoshi-top-coat-milky\\\/#primaryimage\",\"url\":\"https:\\\/\\\/www.meavia-mh.hr\\\/wp-content\\\/uploads\\\/2025\\\/11\\\/MilkyTop_1.webp\",\"contentUrl\":\"https:\\\/\\\/www.meavia-mh.hr\\\/wp-content\\\/uploads\\\/2025\\\/11\\\/MilkyTop_1.webp\",\"width\":1800,\"height\":1800,\"caption\":\"YOSHI top coat Milky\"},{\"@type\":\"BreadcrumbList\",\"@id\":\"https:\\\/\\\/www.meavia-mh.hr\\\/product\\\/yoshi-top-coat-milky\\\/#breadcrumb\",\"itemListElement\":[{\"@type\":\"ListItem\",\"position\":1,\"name\":\"Po\u010detna stranica\",\"item\":\"https:\\\/\\\/www.meavia-mh.hr\\\/\"},{\"@type\":\"ListItem\",\"position\":2,\"name\":\"Trgovina\",\"item\":\"https:\\\/\\\/meavia-mh.hr\\\/sl\\\/store\\\/\"},{\"@type\":\"ListItem\",\"position\":3,\"name\":\"YOSHI top coat Milky\"}]},{\"@type\":\"WebSite\",\"@id\":\"https:\\\/\\\/meavia-mh.hr\\\/sl\\\/#website\",\"url\":\"https:\\\/\\\/meavia-mh.hr\\\/sl\\\/\",\"name\":\"Mea Via Beauty\",\"description\":\"Only The Best For Your Beauty\",\"publisher\":{\"@id\":\"https:\\\/\\\/meavia-mh.hr\\\/sl\\\/#organization\"},\"alternateName\":\"Mea Via Nails\",\"potentialAction\":[{\"@type\":\"SearchAction\",\"target\":{\"@type\":\"EntryPoint\",\"urlTemplate\":\"https:\\\/\\\/meavia-mh.hr\\\/sl\\\/?s={search_term_string}\"},\"query-input\":{\"@type\":\"PropertyValueSpecification\",\"valueRequired\":true,\"valueName\":\"search_term_string\"}}],\"inLanguage\":\"sl-SI\"},{\"@type\":\"Organization\",\"@id\":\"https:\\\/\\\/meavia-mh.hr\\\/sl\\\/#organization\",\"name\":\"Mea Via Nails World\",\"alternateName\":\"Mea Via\",\"url\":\"https:\\\/\\\/meavia-mh.hr\\\/sl\\\/\",\"logo\":{\"@type\":\"ImageObject\",\"inLanguage\":\"sl-SI\",\"@id\":\"https:\\\/\\\/meavia-mh.hr\\\/sl\\\/#\\\/schema\\\/logo\\\/image\\\/\",\"url\":\"https:\\\/\\\/www.meavia-mh.hr\\\/wp-content\\\/uploads\\\/2020\\\/12\\\/Mea-Via.png\",\"contentUrl\":\"https:\\\/\\\/www.meavia-mh.hr\\\/wp-content\\\/uploads\\\/2020\\\/12\\\/Mea-Via.png\",\"width\":1181,\"height\":393,\"caption\":\"Mea Via Nails World\"},\"image\":{\"@id\":\"https:\\\/\\\/meavia-mh.hr\\\/sl\\\/#\\\/schema\\\/logo\\\/image\\\/\"},\"sameAs\":[\"https:\\\/\\\/www.facebook.com\\\/MeaViaNailsWorld\",\"https:\\\/\\\/www.instagram.com\\\/mea_via_nails_world\\\/\",\"https:\\\/\\\/www.youtube.com\\\/channel\\\/UCECk0hpRWP6TN-EfA4ER96g\\\/featured\"]}]}<\/script>\n<!-- \/ Yoast SEO plugin. -->","yoast_head_json":{"title":"YOSHI nadlak Milky \u22c6 Mea Via Beauty","description":"YOSHI nadlak Mle\u010dni \u22c6 zaklju\u010dni mle\u010dni nadlak za nohte \u22c6 nadlak za gele in hibridne lake \u22c6 \u0161\u010diti manikuro \u22c6 mobilna manikura \u22c6 brez HEMA","robots":{"index":"index","follow":"follow","max-snippet":"max-snippet:-1","max-image-preview":"max-image-preview:large","max-video-preview":"max-video-preview:-1"},"canonical":"https:\/\/www.meavia-mh.hr\/sl\/product\/yoshi-top-coat-milky\/","og_locale":"sl_SI","og_type":"article","og_title":"YOSHI top coat Milky &#8902; Mea Via Beauty","og_description":"YOSHI top coat Milky &#8902; zavrr\u0161ni mlije\u010dni top coat za nokte &#8902; top coat za gelove i hibridne lakove &#8902; \u0161titi manikuru &#8902; mije\u010dna manikura&#8902; HEMA Free","og_url":"https:\/\/www.meavia-mh.hr\/sl\/product\/yoshi-top-coat-milky\/","og_site_name":"Mea Via Beauty","article_publisher":"https:\/\/www.facebook.com\/MeaViaNailsWorld","article_modified_time":"2026-04-13T07:03:12+00:00","og_image":[{"width":1800,"height":1800,"url":"https:\/\/www.meavia-mh.hr\/wp-content\/uploads\/2025\/11\/MilkyTop_1.webp","type":"image\/webp"}],"twitter_card":"summary_large_image","twitter_misc":{"Est. reading time":"3 minute"},"schema":{"@context":"https:\/\/schema.org","@graph":[{"@type":"WebPage","@id":"https:\/\/www.meavia-mh.hr\/product\/yoshi-top-coat-milky\/","url":"https:\/\/www.meavia-mh.hr\/product\/yoshi-top-coat-milky\/","name":"YOSHI nadlak Milky \u22c6 Mea Via Beauty","isPartOf":{"@id":"https:\/\/meavia-mh.hr\/sl\/#website"},"primaryImageOfPage":{"@id":"https:\/\/www.meavia-mh.hr\/product\/yoshi-top-coat-milky\/#primaryimage"},"image":{"@id":"https:\/\/www.meavia-mh.hr\/product\/yoshi-top-coat-milky\/#primaryimage"},"thumbnailUrl":"https:\/\/www.meavia-mh.hr\/wp-content\/uploads\/2025\/11\/MilkyTop_1.webp","datePublished":"2025-11-15T19:54:47+00:00","dateModified":"2026-04-13T07:03:12+00:00","description":"YOSHI nadlak Mle\u010dni \u22c6 zaklju\u010dni mle\u010dni nadlak za nohte \u22c6 nadlak za gele in hibridne lake \u22c6 \u0161\u010diti manikuro \u22c6 mobilna manikura \u22c6 brez HEMA","breadcrumb":{"@id":"https:\/\/www.meavia-mh.hr\/product\/yoshi-top-coat-milky\/#breadcrumb"},"inLanguage":"sl-SI","potentialAction":[{"@type":"ReadAction","target":["https:\/\/www.meavia-mh.hr\/product\/yoshi-top-coat-milky\/"]}]},{"@type":"ImageObject","inLanguage":"sl-SI","@id":"https:\/\/www.meavia-mh.hr\/product\/yoshi-top-coat-milky\/#primaryimage","url":"https:\/\/www.meavia-mh.hr\/wp-content\/uploads\/2025\/11\/MilkyTop_1.webp","contentUrl":"https:\/\/www.meavia-mh.hr\/wp-content\/uploads\/2025\/11\/MilkyTop_1.webp","width":1800,"height":1800,"caption":"YOSHI top coat Milky"},{"@type":"BreadcrumbList","@id":"https:\/\/www.meavia-mh.hr\/product\/yoshi-top-coat-milky\/#breadcrumb","itemListElement":[{"@type":"ListItem","position":1,"name":"Po\u010detna stranica","item":"https:\/\/www.meavia-mh.hr\/"},{"@type":"ListItem","position":2,"name":"Trgovina","item":"https:\/\/meavia-mh.hr\/sl\/store\/"},{"@type":"ListItem","position":3,"name":"YOSHI top coat Milky"}]},{"@type":"WebSite","@id":"https:\/\/meavia-mh.hr\/sl\/#website","url":"https:\/\/meavia-mh.hr\/sl\/","name":"MEA VIA BEAUTY","description":"Only The Best For Your Beauty","publisher":{"@id":"https:\/\/meavia-mh.hr\/sl\/#organization"},"alternateName":"Mea Via Nails","potentialAction":[{"@type":"SearchAction","target":{"@type":"EntryPoint","urlTemplate":"https:\/\/meavia-mh.hr\/sl\/?s={search_term_string}"},"query-input":{"@type":"PropertyValueSpecification","valueRequired":true,"valueName":"search_term_string"}}],"inLanguage":"sl-SI"},{"@type":"Organization","@id":"https:\/\/meavia-mh.hr\/sl\/#organization","name":"Mea Via Nails World","alternateName":"Mea Via","url":"https:\/\/meavia-mh.hr\/sl\/","logo":{"@type":"ImageObject","inLanguage":"sl-SI","@id":"https:\/\/meavia-mh.hr\/sl\/#\/schema\/logo\/image\/","url":"https:\/\/www.meavia-mh.hr\/wp-content\/uploads\/2020\/12\/Mea-Via.png","contentUrl":"https:\/\/www.meavia-mh.hr\/wp-content\/uploads\/2020\/12\/Mea-Via.png","width":1181,"height":393,"caption":"Mea Via Nails World"},"image":{"@id":"https:\/\/meavia-mh.hr\/sl\/#\/schema\/logo\/image\/"},"sameAs":["https:\/\/www.facebook.com\/MeaViaNailsWorld","https:\/\/www.instagram.com\/mea_via_nails_world\/","https:\/\/www.youtube.com\/channel\/UCECk0hpRWP6TN-EfA4ER96g\/featured"]}]}},"spectra_custom_meta":{"_sku":["5905036894164"],"_regular_price":["10.80"],"total_sales":["3"],"_tax_status":["taxable"],"_tax_class":[""],"_manage_stock":["yes"],"_backorders":["no"],"_sold_individually":["no"],"_virtual":["no"],"_downloadable":["no"],"_product_image_gallery":["43344,43346,43345"],"_download_limit":["-1"],"_download_expiry":["-1"],"_thumbnail_id":["43343"],"_stock":["7"],"_stock_status":["instock"],"_wc_average_rating":["0"],"_wc_review_count":["0"],"_product_version":["10.6.2"],"_price":["10.80"],"_wp_page_template":["default"],"cartflows_redirect_flow_id":[""],"cartflows_add_to_cart_text":[""],"_last_change_time":["1770182670"],"site-sidebar-layout":["default"],"ast-site-content-layout":["default"],"site-content-style":["default"],"site-sidebar-style":["default"],"theme-transparent-header-meta":["default"],"stick-header-meta":["default"],"_yoast_wpseo_primary_product_brand":[""],"_yoast_wpseo_primary_product_cat":["642"],"_yoast_wpseo_focuskw":["YOSHI top coat"],"_yoast_wpseo_metadesc":["%%title%% %%sep%% zavrr\u0161ni mlije\u010dni top coat za nokte %%sep%% top coat za gelove i hibridne lakove %%sep%% \u0161titi manikuru %%sep%% mije\u010dna manikura%%sep%% HEMA Free"],"_yoast_wpseo_linkdex":["82"],"_yoast_wpseo_content_score":["90"],"_yoast_wpseo_estimated-reading-time-minutes":["3"],"_wc_facebook_sync_enabled_v2":["yes"],"fb_visibility":["no"],"fb_product_description":[""],"fb_rich_text_description":[""],"_wc_facebook_product_image_source":["product"],"fb_product_video":["a:0:{}"],"fb_brand":[""],"fb_mpn":[""],"fb_size":[""],"fb_color":[""],"fb_material":[""],"fb_pattern":[""],"fb_age_group":[""],"fb_gender":[""],"fb_product_condition":[""],"_wc_facebook_google_product_category":[""],"_wc_facebook_enhanced_catalog_attributes_capacity":[""],"_wc_facebook_enhanced_catalog_attributes_ingredients":[""],"_wc_facebook_enhanced_catalog_attributes_additional_features":[""],"_wc_facebook_enhanced_catalog_attributes_power_type":[""],"_wc_facebook_enhanced_catalog_attributes_stop_use_indications":[""],"_wc_facebook_enhanced_catalog_attributes_standard_features":[""],"_wc_facebook_enhanced_catalog_attributes_spf_value":[""],"_wc_facebook_enhanced_catalog_attributes_skin_type":[""],"_wc_facebook_enhanced_catalog_attributes_skin_tone":[""],"_wc_facebook_enhanced_catalog_attributes_skin_care_concern":[""],"_wc_facebook_enhanced_catalog_attributes_scent":[""],"_wc_facebook_enhanced_catalog_attributes_result_time":[""],"_wc_facebook_enhanced_catalog_attributes_product_form":[""],"_wc_facebook_enhanced_catalog_attributes_keywords":[""],"_wc_facebook_enhanced_catalog_attributes_is_powered":[""],"_wc_facebook_enhanced_catalog_attributes_instructions":[""],"_wc_facebook_enhanced_catalog_attributes_inactive_ingredients":[""],"_wc_facebook_enhanced_catalog_attributes_health_concern":[""],"_wc_facebook_enhanced_catalog_attributes_hair_type":[""],"_wc_facebook_enhanced_catalog_attributes_care_instructions":[""],"_wc_facebook_enhanced_catalog_attributes_body_part":[""],"_wc_facebook_enhanced_catalog_attributes_batteries_required":[""],"_wc_facebook_enhanced_catalog_attributes_wig_cap_type":[""],"_oembed_9b2dd634e4c93be460e85cf8e4f43971":["<iframe title=\"YOSHI in bottle AcryLIQ Gel - Mea Via Nails Wolrd\" width=\"500\" height=\"281\" src=\"https:\/\/www.youtube.com\/embed\/APCf44tTSp0?feature=oembed&enablejsapi=1&origin=https:\/\/www.meavia-mh.hr\" frameborder=\"0\" allow=\"accelerometer; autoplay; clipboard-write; encrypted-media; gyroscope; picture-in-picture; web-share\" referrerpolicy=\"strict-origin-when-cross-origin\" allowfullscreen><\/iframe>"],"_oembed_time_9b2dd634e4c93be460e85cf8e4f43971":["1762904580"],"_oembed_904c3e09d2eb03f99927cc741a2eda20":["<iframe title=\"YOSHI in bottle AcryLIQ Gel - Mea Via Nails Wolrd\" width=\"896\" height=\"504\" src=\"https:\/\/www.youtube.com\/embed\/APCf44tTSp0?feature=oembed&enablejsapi=1&origin=https:\/\/www.meavia-mh.hr\" frameborder=\"0\" allow=\"accelerometer; autoplay; clipboard-write; encrypted-media; gyroscope; picture-in-picture; web-share\" referrerpolicy=\"strict-origin-when-cross-origin\" allowfullscreen><\/iframe>"],"_oembed_time_904c3e09d2eb03f99927cc741a2eda20":["1762904582"],"_oembed_eb32031ed08aac53d5506cff1d88b7cb":["<iframe title=\"YOSHI in bottle AcryLIQ Gel - Mea Via Nails Wolrd\" width=\"922\" height=\"519\" src=\"https:\/\/www.youtube.com\/embed\/APCf44tTSp0?feature=oembed&enablejsapi=1&origin=https:\/\/www.meavia-mh.hr\" frameborder=\"0\" allow=\"accelerometer; autoplay; clipboard-write; encrypted-media; gyroscope; picture-in-picture; web-share\" referrerpolicy=\"strict-origin-when-cross-origin\" allowfullscreen><\/iframe>"],"_oembed_time_eb32031ed08aac53d5506cff1d88b7cb":["1762904604"],"_oembed_6ac69b4bba90a8f29f5cf6e5791610f7":["<iframe title=\"YOSHI in bottle AcryLIQ Gel - Mea Via Nails Wolrd\" width=\"1200\" height=\"675\" src=\"https:\/\/www.youtube.com\/embed\/APCf44tTSp0?feature=oembed\" frameborder=\"0\" allow=\"accelerometer; autoplay; clipboard-write; encrypted-media; gyroscope; picture-in-picture; web-share\" referrerpolicy=\"strict-origin-when-cross-origin\" allowfullscreen><\/iframe>"],"_oembed_time_6ac69b4bba90a8f29f5cf6e5791610f7":["1762904617"],"_edit_lock":["1768070137:1239"],"_edit_last":["1239"],"astra-migrate-meta-layouts":["set"],"ast-above-header-display":[null],"ast-below-header-display":[null],"site-content-layout":[null],"footer-adv-display":[null],"adv-header-id-meta":[""],"ast-breadcrumbs-content":[null],"_elementor_page_assets":["a:0:{}"],"_uag_page_assets":["a:9:{s:3:\"css\";s:0:\"\";s:2:\"js\";s:0:\"\";s:18:\"current_block_list\";a:3:{i:0;s:11:\"core\/search\";i:1;s:18:\"core\/legacy-widget\";i:2;s:27:\"woocommerce\/product-filters\";}s:8:\"uag_flag\";b:0;s:11:\"uag_version\";s:10:\"1776503599\";s:6:\"gfonts\";a:0:{}s:10:\"gfonts_url\";s:0:\"\";s:12:\"gfonts_files\";a:0:{}s:14:\"uag_faq_layout\";b:0;}"]},"uagb_featured_image_src":{"full":["https:\/\/www.meavia-mh.hr\/wp-content\/uploads\/2025\/11\/MilkyTop_1.webp",1800,1800,false],"thumbnail":["https:\/\/www.meavia-mh.hr\/wp-content\/uploads\/2025\/11\/MilkyTop_1-150x150.webp",150,150,true],"medium":["https:\/\/www.meavia-mh.hr\/wp-content\/uploads\/2025\/11\/MilkyTop_1-300x300.webp",300,300,true],"medium_large":["https:\/\/www.meavia-mh.hr\/wp-content\/uploads\/2025\/11\/MilkyTop_1-768x768.webp",768,768,true],"large":["https:\/\/www.meavia-mh.hr\/wp-content\/uploads\/2025\/11\/MilkyTop_1-1024x1024.webp",1024,1024,true],"1536x1536":["https:\/\/www.meavia-mh.hr\/wp-content\/uploads\/2025\/11\/MilkyTop_1-1536x1536.webp",1536,1536,true],"2048x2048":["https:\/\/www.meavia-mh.hr\/wp-content\/uploads\/2025\/11\/MilkyTop_1.webp",1800,1800,false],"trp-custom-language-flag":["https:\/\/www.meavia-mh.hr\/wp-content\/uploads\/2025\/11\/MilkyTop_1-12x12.webp",12,12,true],"woocommerce_thumbnail":["https:\/\/www.meavia-mh.hr\/wp-content\/uploads\/2025\/11\/MilkyTop_1-300x300.webp",300,300,true],"woocommerce_single":["https:\/\/www.meavia-mh.hr\/wp-content\/uploads\/2025\/11\/MilkyTop_1-600x600.webp",600,600,true],"woocommerce_gallery_thumbnail":["https:\/\/www.meavia-mh.hr\/wp-content\/uploads\/2025\/11\/MilkyTop_1-100x100.webp",100,100,true]},"uagb_author_info":{"display_name":"Zla Gol","author_link":"https:\/\/www.meavia-mh.hr\/sl\/author\/"},"uagb_comment_info":0,"uagb_excerpt":"\u0161titi plo\u010du nokta poluprozirni mlije\u010dni top coat TPO &amp; HEMA Free formula","_links":{"self":[{"href":"https:\/\/www.meavia-mh.hr\/sl\/wp-json\/wp\/v2\/product\/43342","targetHints":{"allow":["GET"]}}],"collection":[{"href":"https:\/\/www.meavia-mh.hr\/sl\/wp-json\/wp\/v2\/product"}],"about":[{"href":"https:\/\/www.meavia-mh.hr\/sl\/wp-json\/wp\/v2\/types\/product"}],"replies":[{"embeddable":true,"href":"https:\/\/www.meavia-mh.hr\/sl\/wp-json\/wp\/v2\/comments?post=43342"}],"version-history":[{"count":3,"href":"https:\/\/www.meavia-mh.hr\/sl\/wp-json\/wp\/v2\/product\/43342\/revisions"}],"predecessor-version":[{"id":43364,"href":"https:\/\/www.meavia-mh.hr\/sl\/wp-json\/wp\/v2\/product\/43342\/revisions\/43364"}],"wp:featuredmedia":[{"embeddable":true,"href":"https:\/\/www.meavia-mh.hr\/sl\/wp-json\/wp\/v2\/media\/43343"}],"wp:attachment":[{"href":"https:\/\/www.meavia-mh.hr\/sl\/wp-json\/wp\/v2\/media?parent=43342"}],"wp:term":[{"taxonomy":"product_brand","embeddable":true,"href":"https:\/\/www.meavia-mh.hr\/sl\/wp-json\/wp\/v2\/product_brand?post=43342"},{"taxonomy":"product_cat","embeddable":true,"href":"https:\/\/www.meavia-mh.hr\/sl\/wp-json\/wp\/v2\/product_cat?post=43342"},{"taxonomy":"product_tag","embeddable":true,"href":"https:\/\/www.meavia-mh.hr\/sl\/wp-json\/wp\/v2\/product_tag?post=43342"}],"curies":[{"name":"delovni list","href":"https:\/\/api.w.org\/{rel}","templated":true}]}}