{"id":4296,"date":"2021-01-05T21:05:23","date_gmt":"2021-01-05T21:05:23","guid":{"rendered":"https:\/\/www.meavia-mh.hr\/?post_type=product&#038;p=4296"},"modified":"2025-09-20T19:32:17","modified_gmt":"2025-09-20T17:32:17","slug":"palu-flexi-acryl-gel-peach-3-30-ml","status":"publish","type":"product","link":"https:\/\/www.meavia-mh.hr\/sl\/product\/palu-flexi-acryl-gel-peach-3-30-ml\/","title":{"rendered":"PALU Flexi Acryl gel Peach 3 \u2013 30 ml"},"content":{"rendered":"<p>Palu Flexi Acryl Peach gel zdru\u017euje lastnosti gela in akrila v enem izdelku. Je trd kot akril, hkrati pa je pro\u017een in enostaven za uporabo kot gel. Je la\u017eji od gela ali akrila, zato nohtov ne obremenjuje. Uporablja se za krepitev naravne nohtne plo\u0161\u010de in njeno podalj\u0161anje. Na voljo je v obliki gostega gela, ki ne te\u010de, zato ga lahko nanesemo na 5 nohtov hkrati. PALU Flexi Acryl Peach gel se ne strdi hitro, zato vam pri nana\u0161anju izdelka in oblikovanju oblike nohtov ni treba hiteti. Je brez vonja in med polimerizacijo ne gori, disperzijska plast ni. Ni ob\u010dutljiv na temperaturo okolice.<span class=\"Apple-converted-space\">\u00a0<\/span><\/p>\n<h6>Zna\u010dilnosti:<\/h6>\n<ul>\n<li>konsistenca: gosta<\/li>\n<li>disperzijske plasti ni<\/li>\n<li>tr\u0161i od obi\u010dajnega gradbenega gela<\/li>\n<li>odporen na po\u0161kodbe<\/li>\n<li>se popolnoma oprime nohta, kar zagotavlja dolgo \u017eivljenjsko dobo<\/li>\n<li>med delovanjem se ne strdi<\/li>\n<li>enostaven za uporabo tudi za za\u010detnike<\/li>\n<li>brez vonja, ne dra\u017ei dihalnega sistema<\/li>\n<li>med polimerizacijo ne povzro\u010da zbadanja<\/li>\n<li>varna formula za zdrave in lepe nohte<\/li>\n<li>trajnost do 4 tedne<\/li>\n<li>na voljo v 5 barvah: prozorna, bela, kava, roza9 in breskev<\/li>\n<li>izdelek, namenjen profesionalni uporabi<\/li>\n<li>str<span style=\"font-size: 16px\">polimerizacija 60-120 sekund, odvisno od jakosti UV \/ LED \u017earnice<\/span><\/li>\n<\/ul>\n<h6>Vsebina: 30 ml<\/h6>\n<p>&nbsp;<\/p>\n<h6>Uporaba:<\/h6>\n<p>Razku\u017eite roke. Razporedite noht in povrhnjico. Nohte matirajte z odbojnikom za razmaz 180. Nohte razmastite <a href=\"https:\/\/www.meavia-mh.hr\/sl\/product\/palu-cleaner-2-500-ml\/\">PALU Cleanerom.<\/a>\u00a0Prijavite se <a href=\"https:\/\/www.meavia-mh.hr\/sl\/product\/palu-baza-11-ml\/\">PALU Bazu<\/a>\u00a0in polimerizirajte noht v UV \/ LED lu\u010dki. Poravnajte in postavite predlogo pod noht. Prijavite se <a href=\"https:\/\/www.meavia-mh.hr\/sl\/product\/palu-primer-acid-1-11ml\/\">Primer PALU<\/a>. Na nohtno plo\u0161\u010do nanesite tanko plast hibridnega namakanja s podlage in na predlogi predloge ustvarite tanko okostje. Su\u0161ite v UV \/ LED \u017earnici 60 sekund. Na nohtno plo\u0161\u010do nanesite FLEXI Acryl gel. Krta\u010do namo\u010dite v \u010distilo PALU in na nohte nanesite FLEXI GEL tako, da ustvarite krivuljo C nohta in enakomerno prekrijete njegovo celotno povr\u0161ino. Polimerizirajte v UV \/ LED \u017earnici. Pripravite povr\u0161ino nohtov z mre\u017eo 180 mre\u017eico, mat z BUFFER 180-240. Odpra\u0161ite in o\u010distite s \u010distilom.<\/p>\n<h6>Podrobna video navodila:<\/h6>\n<div class=\"ast-oembed-container\" style=\"height: 100%;\"><iframe title=\"Ponudba Flexi Gelem\" width=\"500\" height=\"375\" src=\"https:\/\/www.youtube.com\/embed\/_R3-F1XyXhY?feature=oembed\" frameborder=\"0\" allow=\"accelerometer; autoplay; clipboard-write; encrypted-media; gyroscope; picture-in-picture; web-share\" referrerpolicy=\"strict-origin-when-cross-origin\" allowfullscreen><\/iframe><\/div>","protected":false},"excerpt":{"rendered":"<p><img decoding=\"async\" class=\"alignnone wp-image-1574 size-thumbnail\" src=\"https:\/\/www.meavia-mh.hr\/wp-content\/uploads\/2020\/12\/palu-dermatologically-tested-150x150.png\" alt=\"palu dermatologically tested\" width=\"150\" height=\"150\" srcset=\"https:\/\/www.meavia-mh.hr\/wp-content\/uploads\/2020\/12\/palu-dermatologically-tested-150x150.png 150w, https:\/\/www.meavia-mh.hr\/wp-content\/uploads\/2020\/12\/palu-dermatologically-tested-100x100.png 100w, https:\/\/www.meavia-mh.hr\/wp-content\/uploads\/2020\/12\/palu-dermatologically-tested.png 252w\" sizes=\"(max-width: 150px) 100vw, 150px\" \/><\/p>","protected":false},"featured_media":4302,"comment_status":"open","ping_status":"closed","template":"","meta":{"_uag_custom_page_level_css":"","site-sidebar-layout":"default","site-content-layout":"default","ast-site-content-layout":"default","site-content-style":"default","site-sidebar-style":"default","ast-global-header-display":"","ast-banner-title-visibility":"","ast-main-header-display":"","ast-hfb-above-header-display":"","ast-hfb-below-header-display":"","ast-hfb-mobile-header-display":"","site-post-title":"","ast-breadcrumbs-content":"","ast-featured-img":"","footer-sml-layout":"","ast-disable-related-posts":"","theme-transparent-header-meta":"default","adv-header-id-meta":"","stick-header-meta":"default","header-above-stick-meta":"","header-main-stick-meta":"","header-below-stick-meta":"","astra-migrate-meta-layouts":"default","ast-page-background-enabled":"default","ast-page-background-meta":{"desktop":{"background-color":"var(--ast-global-color-4)","background-image":"","background-repeat":"repeat","background-position":"center center","background-size":"auto","background-attachment":"scroll","background-type":"","background-media":"","overlay-type":"","overlay-color":"","overlay-opacity":"","overlay-gradient":""},"tablet":{"background-color":"","background-image":"","background-repeat":"repeat","background-position":"center center","background-size":"auto","background-attachment":"scroll","background-type":"","background-media":"","overlay-type":"","overlay-color":"","overlay-opacity":"","overlay-gradient":""},"mobile":{"background-color":"","background-image":"","background-repeat":"repeat","background-position":"center center","background-size":"auto","background-attachment":"scroll","background-type":"","background-media":"","overlay-type":"","overlay-color":"","overlay-opacity":"","overlay-gradient":""}},"ast-content-background-meta":{"desktop":{"background-color":"var(--ast-global-color-5)","background-image":"","background-repeat":"repeat","background-position":"center center","background-size":"auto","background-attachment":"scroll","background-type":"","background-media":"","overlay-type":"","overlay-color":"","overlay-opacity":"","overlay-gradient":""},"tablet":{"background-color":"var(--ast-global-color-5)","background-image":"","background-repeat":"repeat","background-position":"center center","background-size":"auto","background-attachment":"scroll","background-type":"","background-media":"","overlay-type":"","overlay-color":"","overlay-opacity":"","overlay-gradient":""},"mobile":{"background-color":"var(--ast-global-color-5)","background-image":"","background-repeat":"repeat","background-position":"center center","background-size":"auto","background-attachment":"scroll","background-type":"","background-media":"","overlay-type":"","overlay-color":"","overlay-opacity":"","overlay-gradient":""}}},"product_brand":[606],"product_cat":[27,207],"product_tag":[176],"class_list":{"0":"post-4296","1":"product","2":"type-product","3":"status-publish","4":"has-post-thumbnail","6":"product_brand-palu","7":"product_cat-palu","8":"product_cat-palu-acryl-gel","9":"product_tag-acryl-gel","10":"desktop-align-left","11":"tablet-align-left","12":"mobile-align-left","13":"ast-product-gallery-layout-horizontal-slider","14":"ast-product-gallery-with-no-image","15":"ast-product-tabs-layout-horizontal","17":"first","18":"outofstock","19":"taxable","20":"shipping-taxable","21":"purchasable","22":"product-type-simple"},"yoast_head":"<!-- This site is optimized with the Yoast SEO plugin v27.3 - https:\/\/yoast.com\/product\/yoast-seo-wordpress\/ -->\n<title>PALU Flexi Acryl gel Peach 3 - 30 ml &#8902; Mea Via Beauty<\/title>\n<meta name=\"description\" content=\"PALU Flexi Acryl gel Peach 3 - 30 ml &#8902; akril gel bez mirisa i peckanja prilikom polimerizacije &#8902; vrhunska kvaliteta &#8902; bez \u0161tetnih tvari\" \/>\n<meta name=\"robots\" content=\"index, follow, max-snippet:-1, max-image-preview:large, max-video-preview:-1\" \/>\n<link rel=\"canonical\" href=\"https:\/\/www.meavia-mh.hr\/sl\/product\/palu-flexi-acryl-gel-peach-3-30-ml\/\" \/>\n<meta property=\"og:locale\" content=\"sl_SI\" \/>\n<meta property=\"og:type\" content=\"article\" \/>\n<meta property=\"og:title\" content=\"PALU Flexi Acryl gel Peach 3 - 30 ml &#8902; Mea Via Beauty\" \/>\n<meta property=\"og:description\" content=\"PALU Flexi Acryl gel Peach 3 - 30 ml &#8902; akril gel bez mirisa i peckanja prilikom polimerizacije &#8902; vrhunska kvaliteta &#8902; bez \u0161tetnih tvari\" \/>\n<meta property=\"og:url\" content=\"https:\/\/www.meavia-mh.hr\/sl\/product\/palu-flexi-acryl-gel-peach-3-30-ml\/\" \/>\n<meta property=\"og:site_name\" content=\"Mea Via Beauty\" \/>\n<meta property=\"article:publisher\" content=\"https:\/\/www.facebook.com\/MeaViaNailsWorld\" \/>\n<meta property=\"article:modified_time\" content=\"2025-09-20T17:32:17+00:00\" \/>\n<meta property=\"og:image\" content=\"https:\/\/www.meavia-mh.hr\/wp-content\/uploads\/2021\/01\/PALU-Flexi-Acryl-gel-Peach-3-30-ml.jpg\" \/>\n\t<meta property=\"og:image:width\" content=\"1502\" \/>\n\t<meta property=\"og:image:height\" content=\"1460\" \/>\n\t<meta property=\"og:image:type\" content=\"image\/jpeg\" \/>\n<meta name=\"twitter:card\" content=\"summary_large_image\" \/>\n<meta name=\"twitter:label1\" content=\"Est. reading time\" \/>\n\t<meta name=\"twitter:data1\" content=\"2 minuti\" \/>\n<script type=\"application\/ld+json\" class=\"yoast-schema-graph\">{\"@context\":\"https:\\\/\\\/schema.org\",\"@graph\":[{\"@type\":\"WebPage\",\"@id\":\"https:\\\/\\\/www.meavia-mh.hr\\\/product\\\/palu-flexi-acryl-gel-peach-3-30-ml\\\/\",\"url\":\"https:\\\/\\\/www.meavia-mh.hr\\\/product\\\/palu-flexi-acryl-gel-peach-3-30-ml\\\/\",\"name\":\"PALU Flexi Acryl gel Peach 3 - 30 ml &#8902; Mea Via Beauty\",\"isPartOf\":{\"@id\":\"https:\\\/\\\/meavia-mh.hr\\\/sl\\\/#website\"},\"primaryImageOfPage\":{\"@id\":\"https:\\\/\\\/www.meavia-mh.hr\\\/product\\\/palu-flexi-acryl-gel-peach-3-30-ml\\\/#primaryimage\"},\"image\":{\"@id\":\"https:\\\/\\\/www.meavia-mh.hr\\\/product\\\/palu-flexi-acryl-gel-peach-3-30-ml\\\/#primaryimage\"},\"thumbnailUrl\":\"https:\\\/\\\/www.meavia-mh.hr\\\/wp-content\\\/uploads\\\/2021\\\/01\\\/PALU-Flexi-Acryl-gel-Peach-3-30-ml.jpg\",\"datePublished\":\"2021-01-05T21:05:23+00:00\",\"dateModified\":\"2025-09-20T17:32:17+00:00\",\"description\":\"PALU Flexi Acryl gel Peach 3 - 30 ml &#8902; akril gel bez mirisa i peckanja prilikom polimerizacije &#8902; vrhunska kvaliteta &#8902; bez \u0161tetnih tvari\",\"breadcrumb\":{\"@id\":\"https:\\\/\\\/www.meavia-mh.hr\\\/product\\\/palu-flexi-acryl-gel-peach-3-30-ml\\\/#breadcrumb\"},\"inLanguage\":\"sl-SI\",\"potentialAction\":[{\"@type\":\"ReadAction\",\"target\":[\"https:\\\/\\\/www.meavia-mh.hr\\\/product\\\/palu-flexi-acryl-gel-peach-3-30-ml\\\/\"]}]},{\"@type\":\"ImageObject\",\"inLanguage\":\"sl-SI\",\"@id\":\"https:\\\/\\\/www.meavia-mh.hr\\\/product\\\/palu-flexi-acryl-gel-peach-3-30-ml\\\/#primaryimage\",\"url\":\"https:\\\/\\\/www.meavia-mh.hr\\\/wp-content\\\/uploads\\\/2021\\\/01\\\/PALU-Flexi-Acryl-gel-Peach-3-30-ml.jpg\",\"contentUrl\":\"https:\\\/\\\/www.meavia-mh.hr\\\/wp-content\\\/uploads\\\/2021\\\/01\\\/PALU-Flexi-Acryl-gel-Peach-3-30-ml.jpg\",\"width\":1502,\"height\":1460,\"caption\":\"PALU Flexi Acryl gel Peach 3 - 30 ml\"},{\"@type\":\"BreadcrumbList\",\"@id\":\"https:\\\/\\\/www.meavia-mh.hr\\\/product\\\/palu-flexi-acryl-gel-peach-3-30-ml\\\/#breadcrumb\",\"itemListElement\":[{\"@type\":\"ListItem\",\"position\":1,\"name\":\"Po\u010detna stranica\",\"item\":\"https:\\\/\\\/www.meavia-mh.hr\\\/\"},{\"@type\":\"ListItem\",\"position\":2,\"name\":\"Trgovina\",\"item\":\"https:\\\/\\\/meavia-mh.hr\\\/sl\\\/store\\\/\"},{\"@type\":\"ListItem\",\"position\":3,\"name\":\"PALU Flexi Acryl gel Peach 3 &#8211; 30 ml\"}]},{\"@type\":\"WebSite\",\"@id\":\"https:\\\/\\\/meavia-mh.hr\\\/sl\\\/#website\",\"url\":\"https:\\\/\\\/meavia-mh.hr\\\/sl\\\/\",\"name\":\"Mea Via Beauty\",\"description\":\"Only The Best For Your Beauty\",\"publisher\":{\"@id\":\"https:\\\/\\\/meavia-mh.hr\\\/sl\\\/#organization\"},\"alternateName\":\"Mea Via Nails\",\"potentialAction\":[{\"@type\":\"SearchAction\",\"target\":{\"@type\":\"EntryPoint\",\"urlTemplate\":\"https:\\\/\\\/meavia-mh.hr\\\/sl\\\/?s={search_term_string}\"},\"query-input\":{\"@type\":\"PropertyValueSpecification\",\"valueRequired\":true,\"valueName\":\"search_term_string\"}}],\"inLanguage\":\"sl-SI\"},{\"@type\":\"Organization\",\"@id\":\"https:\\\/\\\/meavia-mh.hr\\\/sl\\\/#organization\",\"name\":\"Mea Via Nails World\",\"alternateName\":\"Mea Via\",\"url\":\"https:\\\/\\\/meavia-mh.hr\\\/sl\\\/\",\"logo\":{\"@type\":\"ImageObject\",\"inLanguage\":\"sl-SI\",\"@id\":\"https:\\\/\\\/meavia-mh.hr\\\/sl\\\/#\\\/schema\\\/logo\\\/image\\\/\",\"url\":\"https:\\\/\\\/www.meavia-mh.hr\\\/wp-content\\\/uploads\\\/2020\\\/12\\\/Mea-Via.png\",\"contentUrl\":\"https:\\\/\\\/www.meavia-mh.hr\\\/wp-content\\\/uploads\\\/2020\\\/12\\\/Mea-Via.png\",\"width\":1181,\"height\":393,\"caption\":\"Mea Via Nails World\"},\"image\":{\"@id\":\"https:\\\/\\\/meavia-mh.hr\\\/sl\\\/#\\\/schema\\\/logo\\\/image\\\/\"},\"sameAs\":[\"https:\\\/\\\/www.facebook.com\\\/MeaViaNailsWorld\",\"https:\\\/\\\/www.instagram.com\\\/mea_via_nails_world\\\/\",\"https:\\\/\\\/www.youtube.com\\\/channel\\\/UCECk0hpRWP6TN-EfA4ER96g\\\/featured\"]}]}<\/script>\n<!-- \/ Yoast SEO plugin. -->","yoast_head_json":{"title":"PALU Flexi akrilni gel breskev 3 - 30 ml \u22c6 Mea Via Beauty","description":"PALU Flexi akrilni gel Peach 3 - 30 ml \u22c6 akrilni gel brez vonja in peko\u010dega ob\u010dutka med polimerizacijo \u22c6 vrhunska kakovost \u22c6 brez \u0161kodljivih snovi","robots":{"index":"index","follow":"follow","max-snippet":"max-snippet:-1","max-image-preview":"max-image-preview:large","max-video-preview":"max-video-preview:-1"},"canonical":"https:\/\/www.meavia-mh.hr\/sl\/product\/palu-flexi-acryl-gel-peach-3-30-ml\/","og_locale":"sl_SI","og_type":"article","og_title":"PALU Flexi Acryl gel Peach 3 - 30 ml &#8902; Mea Via Beauty","og_description":"PALU Flexi Acryl gel Peach 3 - 30 ml &#8902; akril gel bez mirisa i peckanja prilikom polimerizacije &#8902; vrhunska kvaliteta &#8902; bez \u0161tetnih tvari","og_url":"https:\/\/www.meavia-mh.hr\/sl\/product\/palu-flexi-acryl-gel-peach-3-30-ml\/","og_site_name":"Mea Via Beauty","article_publisher":"https:\/\/www.facebook.com\/MeaViaNailsWorld","article_modified_time":"2025-09-20T17:32:17+00:00","og_image":[{"width":1502,"height":1460,"url":"https:\/\/www.meavia-mh.hr\/wp-content\/uploads\/2021\/01\/PALU-Flexi-Acryl-gel-Peach-3-30-ml.jpg","type":"image\/jpeg"}],"twitter_card":"summary_large_image","twitter_misc":{"Est. reading time":"2 minuti"},"schema":{"@context":"https:\/\/schema.org","@graph":[{"@type":"WebPage","@id":"https:\/\/www.meavia-mh.hr\/product\/palu-flexi-acryl-gel-peach-3-30-ml\/","url":"https:\/\/www.meavia-mh.hr\/product\/palu-flexi-acryl-gel-peach-3-30-ml\/","name":"PALU Flexi akrilni gel breskev 3 - 30 ml \u22c6 Mea Via Beauty","isPartOf":{"@id":"https:\/\/meavia-mh.hr\/sl\/#website"},"primaryImageOfPage":{"@id":"https:\/\/www.meavia-mh.hr\/product\/palu-flexi-acryl-gel-peach-3-30-ml\/#primaryimage"},"image":{"@id":"https:\/\/www.meavia-mh.hr\/product\/palu-flexi-acryl-gel-peach-3-30-ml\/#primaryimage"},"thumbnailUrl":"https:\/\/www.meavia-mh.hr\/wp-content\/uploads\/2021\/01\/PALU-Flexi-Acryl-gel-Peach-3-30-ml.jpg","datePublished":"2021-01-05T21:05:23+00:00","dateModified":"2025-09-20T17:32:17+00:00","description":"PALU Flexi akrilni gel Peach 3 - 30 ml \u22c6 akrilni gel brez vonja in peko\u010dega ob\u010dutka med polimerizacijo \u22c6 vrhunska kakovost \u22c6 brez \u0161kodljivih snovi","breadcrumb":{"@id":"https:\/\/www.meavia-mh.hr\/product\/palu-flexi-acryl-gel-peach-3-30-ml\/#breadcrumb"},"inLanguage":"sl-SI","potentialAction":[{"@type":"ReadAction","target":["https:\/\/www.meavia-mh.hr\/product\/palu-flexi-acryl-gel-peach-3-30-ml\/"]}]},{"@type":"ImageObject","inLanguage":"sl-SI","@id":"https:\/\/www.meavia-mh.hr\/product\/palu-flexi-acryl-gel-peach-3-30-ml\/#primaryimage","url":"https:\/\/www.meavia-mh.hr\/wp-content\/uploads\/2021\/01\/PALU-Flexi-Acryl-gel-Peach-3-30-ml.jpg","contentUrl":"https:\/\/www.meavia-mh.hr\/wp-content\/uploads\/2021\/01\/PALU-Flexi-Acryl-gel-Peach-3-30-ml.jpg","width":1502,"height":1460,"caption":"PALU Flexi Acryl gel Peach 3 - 30 ml"},{"@type":"BreadcrumbList","@id":"https:\/\/www.meavia-mh.hr\/product\/palu-flexi-acryl-gel-peach-3-30-ml\/#breadcrumb","itemListElement":[{"@type":"ListItem","position":1,"name":"Po\u010detna stranica","item":"https:\/\/www.meavia-mh.hr\/"},{"@type":"ListItem","position":2,"name":"Trgovina","item":"https:\/\/meavia-mh.hr\/sl\/store\/"},{"@type":"ListItem","position":3,"name":"PALU Flexi Acryl gel Peach 3 &#8211; 30 ml"}]},{"@type":"WebSite","@id":"https:\/\/meavia-mh.hr\/sl\/#website","url":"https:\/\/meavia-mh.hr\/sl\/","name":"MEA VIA BEAUTY","description":"Only The Best For Your Beauty","publisher":{"@id":"https:\/\/meavia-mh.hr\/sl\/#organization"},"alternateName":"Mea Via Nails","potentialAction":[{"@type":"SearchAction","target":{"@type":"EntryPoint","urlTemplate":"https:\/\/meavia-mh.hr\/sl\/?s={search_term_string}"},"query-input":{"@type":"PropertyValueSpecification","valueRequired":true,"valueName":"search_term_string"}}],"inLanguage":"sl-SI"},{"@type":"Organization","@id":"https:\/\/meavia-mh.hr\/sl\/#organization","name":"Mea Via Nails World","alternateName":"Mea Via","url":"https:\/\/meavia-mh.hr\/sl\/","logo":{"@type":"ImageObject","inLanguage":"sl-SI","@id":"https:\/\/meavia-mh.hr\/sl\/#\/schema\/logo\/image\/","url":"https:\/\/www.meavia-mh.hr\/wp-content\/uploads\/2020\/12\/Mea-Via.png","contentUrl":"https:\/\/www.meavia-mh.hr\/wp-content\/uploads\/2020\/12\/Mea-Via.png","width":1181,"height":393,"caption":"Mea Via Nails World"},"image":{"@id":"https:\/\/meavia-mh.hr\/sl\/#\/schema\/logo\/image\/"},"sameAs":["https:\/\/www.facebook.com\/MeaViaNailsWorld","https:\/\/www.instagram.com\/mea_via_nails_world\/","https:\/\/www.youtube.com\/channel\/UCECk0hpRWP6TN-EfA4ER96g\/featured"]}]}},"spectra_custom_meta":{"_sku":["KAT04911"],"_regular_price":["15.99"],"total_sales":["42"],"_tax_status":["taxable"],"_tax_class":[""],"_manage_stock":["yes"],"_backorders":["no"],"_sold_individually":["no"],"_virtual":["no"],"_downloadable":["no"],"_download_limit":["-1"],"_download_expiry":["-1"],"_thumbnail_id":["4302"],"_stock":["0.000000"],"_stock_status":["outofstock"],"_wc_average_rating":["0"],"_wc_review_count":["0"],"_product_version":["10.1.2"],"_price":["15.99"],"_oembed_c05616be7d88bdfb3cf6f5d69da71027":["<iframe title=\"Przed\u0142u\u017canie Flexi Gelem\" width=\"500\" height=\"375\" src=\"https:\/\/www.youtube.com\/embed\/_R3-F1XyXhY?feature=oembed\" frameborder=\"0\" allow=\"accelerometer; autoplay; clipboard-write; encrypted-media; gyroscope; picture-in-picture\" allowfullscreen><\/iframe>"],"_oembed_time_c05616be7d88bdfb3cf6f5d69da71027":["1612972677"],"_oembed_c951127ee79943f967a6aa728acc08f4":["<iframe title=\"Przed\u0142u\u017canie Flexi Gelem\" width=\"898\" height=\"674\" src=\"https:\/\/www.youtube.com\/embed\/_R3-F1XyXhY?feature=oembed\" frameborder=\"0\" allow=\"accelerometer; autoplay; clipboard-write; encrypted-media; gyroscope; picture-in-picture\" allowfullscreen><\/iframe>"],"_oembed_time_c951127ee79943f967a6aa728acc08f4":["1609876685"],"_wp_page_template":["default"],"_yoast_wpseo_content_score":["90"],"_yoast_wpseo_primary_product_cat":["207"],"site-sidebar-layout":["default"],"site-content-layout":["default"],"theme-transparent-header-meta":["default"],"stick-header-meta":["default"],"_oembed_748d0692e8e582f2732bf8267378d101":["<iframe title=\"Przed\u0142u\u017canie Flexi Gelem\" width=\"922\" height=\"692\" src=\"https:\/\/www.youtube.com\/embed\/_R3-F1XyXhY?feature=oembed\" frameborder=\"0\" allow=\"accelerometer; autoplay; clipboard-write; encrypted-media; gyroscope; picture-in-picture\" allowfullscreen><\/iframe>"],"_oembed_time_748d0692e8e582f2732bf8267378d101":["1609876942"],"_yoast_wpseo_focuskw":["PALU Flexi Acryl gel Peach"],"_yoast_wpseo_metadesc":["%%title%% %%sep%% akril gel bez mirisa i peckanja prilikom polimerizacije %%sep%% vrhunska kvaliteta %%sep%% bez \u0161tetnih tvari"],"_yoast_wpseo_linkdex":["77"],"_edit_lock":["1613037330:1"],"_edit_last":["1239"],"_oembed_d2f69b61642bc1a6eef0f04d69fa8739":["<iframe title=\"Przed\u0142u\u017canie Flexi Gelem\" width=\"1200\" height=\"900\" src=\"https:\/\/www.youtube.com\/embed\/_R3-F1XyXhY?feature=oembed\" frameborder=\"0\" allow=\"accelerometer; autoplay; clipboard-write; encrypted-media; gyroscope; picture-in-picture\" allowfullscreen><\/iframe>"],"_oembed_time_d2f69b61642bc1a6eef0f04d69fa8739":["1609904223"],"_woocs_regular_price_EUR":["14.47"],"_woocs_sale_price_EUR":["-1"],"_woocs_price_geo_countries":[""],"_woocs_regular_price_geo":[""],"_woocs_sale_price_geo":[""],"_yoast_wpseo_estimated-reading-time-minutes":[""],"_oembed_624cd7ed73c9d922817c1ffddb7ae9df":["<iframe title=\"Przed\u0142u\u017canie Flexi Gelem\" width=\"500\" height=\"375\" src=\"https:\/\/www.youtube.com\/embed\/_R3-F1XyXhY?feature=oembed\" frameborder=\"0\" allow=\"accelerometer; autoplay; clipboard-write; encrypted-media; gyroscope; picture-in-picture; web-share\" referrerpolicy=\"strict-origin-when-cross-origin\" allowfullscreen><\/iframe>"],"_oembed_time_624cd7ed73c9d922817c1ffddb7ae9df":["1717201464"],"uag_migration_processed":["1"],"_elementor_page_assets":["a:0:{}"],"_uag_page_assets":["a:9:{s:3:\"css\";s:0:\"\";s:2:\"js\";s:0:\"\";s:18:\"current_block_list\";a:3:{i:0;s:11:\"core\/search\";i:1;s:18:\"core\/legacy-widget\";i:2;s:27:\"woocommerce\/product-filters\";}s:8:\"uag_flag\";b:0;s:11:\"uag_version\";s:10:\"1775837063\";s:6:\"gfonts\";a:0:{}s:10:\"gfonts_url\";s:0:\"\";s:12:\"gfonts_files\";a:0:{}s:14:\"uag_faq_layout\";b:0;}"]},"uagb_featured_image_src":{"full":["https:\/\/www.meavia-mh.hr\/wp-content\/uploads\/2021\/01\/PALU-Flexi-Acryl-gel-Peach-3-30-ml.jpg",1502,1460,false],"thumbnail":["https:\/\/www.meavia-mh.hr\/wp-content\/uploads\/2021\/01\/PALU-Flexi-Acryl-gel-Peach-3-30-ml-150x150.jpg",150,150,true],"medium":["https:\/\/www.meavia-mh.hr\/wp-content\/uploads\/2021\/01\/PALU-Flexi-Acryl-gel-Peach-3-30-ml-300x292.jpg",300,292,true],"medium_large":["https:\/\/www.meavia-mh.hr\/wp-content\/uploads\/2021\/01\/PALU-Flexi-Acryl-gel-Peach-3-30-ml-768x747.jpg",768,747,true],"large":["https:\/\/www.meavia-mh.hr\/wp-content\/uploads\/2021\/01\/PALU-Flexi-Acryl-gel-Peach-3-30-ml-1024x995.jpg",1024,995,true],"1536x1536":["https:\/\/www.meavia-mh.hr\/wp-content\/uploads\/2021\/01\/PALU-Flexi-Acryl-gel-Peach-3-30-ml.jpg",1502,1460,false],"2048x2048":["https:\/\/www.meavia-mh.hr\/wp-content\/uploads\/2021\/01\/PALU-Flexi-Acryl-gel-Peach-3-30-ml.jpg",1502,1460,false],"trp-custom-language-flag":["https:\/\/www.meavia-mh.hr\/wp-content\/uploads\/2021\/01\/PALU-Flexi-Acryl-gel-Peach-3-30-ml.jpg",12,12,false],"woocommerce_thumbnail":["https:\/\/www.meavia-mh.hr\/wp-content\/uploads\/2021\/01\/PALU-Flexi-Acryl-gel-Peach-3-30-ml-300x300.jpg",300,300,true],"woocommerce_single":["https:\/\/www.meavia-mh.hr\/wp-content\/uploads\/2021\/01\/PALU-Flexi-Acryl-gel-Peach-3-30-ml-600x583.jpg",600,583,true],"woocommerce_gallery_thumbnail":["https:\/\/www.meavia-mh.hr\/wp-content\/uploads\/2021\/01\/PALU-Flexi-Acryl-gel-Peach-3-30-ml-100x100.jpg",100,100,true]},"uagb_author_info":{"display_name":"Mea Via","author_link":"https:\/\/www.meavia-mh.hr\/sl\/author\/"},"uagb_comment_info":0,"uagb_excerpt":null,"_links":{"self":[{"href":"https:\/\/www.meavia-mh.hr\/sl\/wp-json\/wp\/v2\/product\/4296","targetHints":{"allow":["GET"]}}],"collection":[{"href":"https:\/\/www.meavia-mh.hr\/sl\/wp-json\/wp\/v2\/product"}],"about":[{"href":"https:\/\/www.meavia-mh.hr\/sl\/wp-json\/wp\/v2\/types\/product"}],"replies":[{"embeddable":true,"href":"https:\/\/www.meavia-mh.hr\/sl\/wp-json\/wp\/v2\/comments?post=4296"}],"version-history":[{"count":1,"href":"https:\/\/www.meavia-mh.hr\/sl\/wp-json\/wp\/v2\/product\/4296\/revisions"}],"predecessor-version":[{"id":31447,"href":"https:\/\/www.meavia-mh.hr\/sl\/wp-json\/wp\/v2\/product\/4296\/revisions\/31447"}],"wp:featuredmedia":[{"embeddable":true,"href":"https:\/\/www.meavia-mh.hr\/sl\/wp-json\/wp\/v2\/media\/4302"}],"wp:attachment":[{"href":"https:\/\/www.meavia-mh.hr\/sl\/wp-json\/wp\/v2\/media?parent=4296"}],"wp:term":[{"taxonomy":"product_brand","embeddable":true,"href":"https:\/\/www.meavia-mh.hr\/sl\/wp-json\/wp\/v2\/product_brand?post=4296"},{"taxonomy":"product_cat","embeddable":true,"href":"https:\/\/www.meavia-mh.hr\/sl\/wp-json\/wp\/v2\/product_cat?post=4296"},{"taxonomy":"product_tag","embeddable":true,"href":"https:\/\/www.meavia-mh.hr\/sl\/wp-json\/wp\/v2\/product_tag?post=4296"}],"curies":[{"name":"delovni list","href":"https:\/\/api.w.org\/{rel}","templated":true}]}}