{"id":4280,"date":"2021-01-05T16:09:08","date_gmt":"2021-01-05T16:09:08","guid":{"rendered":"https:\/\/www.meavia-mh.hr\/?post_type=product&#038;p=4280"},"modified":"2026-04-13T08:00:47","modified_gmt":"2026-04-13T07:00:47","slug":"palu-top-coat-shine-1-11-ml","status":"publish","type":"product","link":"https:\/\/www.meavia-mh.hr\/sl\/product\/palu-top-coat-shine-1-11-ml\/","title":{"rendered":"PALU Top Coat Shine"},"content":{"rendered":"<p>PALU Nadlak Shine doda va\u0161emu nohtnemu dizajnu obstojnost in intenziven sijaj. Zagotavlja odpornost proti praskam in rumenenju ter privla\u010den u\u010dinek &quot;mokrih nohtov&quot;.<\/p>\n<h3>Zna\u010dilnosti:<\/h3>\n<ul>\n<li>zagotavlja za\u0161\u010dito za permanentni lak za nohte<\/li>\n<li><span style=\"font-size: 16px;\">ima disperzijsko plast<\/span><\/li>\n<li>mo\u010dan sijaj<\/li>\n<li>enostaven za uporabo<\/li>\n<li>odpornost na praske in rumenenje<\/li>\n<li>konsistenca: redka<\/li>\n<li>za dolgotrajen sijaj na nohtih (do 30 dni)<\/li>\n<li><strong>Varna formula brez \u0161kodljivih in strupenih snovi. Ne vsebuje: TPO, toluena, DBP, formaldehida, formaldehidne smole, kafre, TPHP, ksilena, triklosana.<\/strong><\/li>\n<li>proizvedeno v Evropski uniji<\/li>\n<li>vse surovine s poreklom iz EU<\/li>\n<li>izdelek, namenjen profesionalni uporabi<\/li>\n<li>UV\/LED svetilka \u2013 najmanj 60 sekund, odvisno od mo\u010di naprave.<\/li>\n<li>Vsebina: 11 ml<\/li>\n<\/ul>\n<h4>Izberite svoj idealen PALU nadlak:<\/h4>\n<figure id=\"attachment_41525\" aria-describedby=\"caption-attachment-41525\" style=\"width: 2048px\" class=\"wp-caption aligncenter\"><a href=\"https:\/\/www.meavia-mh.hr\/wp-content\/uploads\/2021\/01\/PALU-top-coat-karakteristike-usporedba.jpg\"><img fetchpriority=\"high\" decoding=\"async\" class=\"wp-image-41525 size-full\" src=\"https:\/\/www.meavia-mh.hr\/wp-content\/uploads\/2021\/01\/PALU-top-coat-karakteristike-usporedba.jpg\" alt=\"PALU-top coat karakteristike usporedba\" width=\"2048\" height=\"858\" srcset=\"https:\/\/www.meavia-mh.hr\/wp-content\/uploads\/2021\/01\/PALU-top-coat-karakteristike-usporedba.jpg 2048w, https:\/\/www.meavia-mh.hr\/wp-content\/uploads\/2021\/01\/PALU-top-coat-karakteristike-usporedba-300x126.jpg 300w, https:\/\/www.meavia-mh.hr\/wp-content\/uploads\/2021\/01\/PALU-top-coat-karakteristike-usporedba-1024x429.jpg 1024w, https:\/\/www.meavia-mh.hr\/wp-content\/uploads\/2021\/01\/PALU-top-coat-karakteristike-usporedba-768x322.jpg 768w, https:\/\/www.meavia-mh.hr\/wp-content\/uploads\/2021\/01\/PALU-top-coat-karakteristike-usporedba-1536x644.jpg 1536w, https:\/\/www.meavia-mh.hr\/wp-content\/uploads\/2021\/01\/PALU-top-coat-karakteristike-usporedba-18x8.jpg 18w, https:\/\/www.meavia-mh.hr\/wp-content\/uploads\/2021\/01\/PALU-top-coat-karakteristike-usporedba-600x251.jpg 600w\" sizes=\"(max-width: 2048px) 100vw, 2048px\" \/><\/a><figcaption id=\"caption-attachment-41525\" class=\"wp-caption-text\">Primerjava lastnosti PALU-kon\u010dnega premaza<\/figcaption><\/figure>\n<h4><strong>Na\u010din uporabe:<\/strong><\/h4>\n<p>Nohtno plo\u0161\u010do rahlo polirajte s polirnim blokom. Na razma\u0161\u010deno plo\u0161\u010do nanesite en sloj podlage <a href=\"https:\/\/www.meavia-mh.hr\/sl\/product\/palu-cleaner-2-500-ml\/\">PALU Cleanerom<\/a> in posu\u0161ite v UV\/LED svetilki. Nato na strjeno podlago nanesite tanko plast permanentnega laka (soak off\/gel lak) v barvi in ga posu\u0161ite v UV\/LED svetilki. Nato nanesite plast PALU Top Coat Shine in posu\u0161ite v UV\/LED svetilki vsaj 60 sekund. Po polimerizaciji obri\u0161ite lepljivo plast. <a href=\"https:\/\/www.meavia-mh.hr\/sl\/product\/palu-cleaner-2-500-ml\/\">PALU Cleanerom<\/a>.<\/p>\n<h4>Vrhunska kvaliteta za va\u0161e nohte!<\/h4>\n<p>Ali veste, da so izdelki PALU\u00a0<strong>dermatolo\u0161ko preizku\u0161en<\/strong>\u00a0in proizvedeno po najvi\u0161jih standardih za kozmeti\u010dno industrijo, vklju\u010dno z ISO 22716, GMP - Good Manufacturing Practices, uporabo surovin evropskega porekla iz skupine Cosmetic Grade in Premium Quality Control. Izdelki PALU so\u00a0<strong>vegansko in ni testirano na \u017eivalih<\/strong>. Varna formula brez \u0161kodljivih in strupenih snovi.\u00a0<strong>Formula ne vsebuje: toluena, DBP, formaldehida, formaldehidne smole, kafre, TPHP, ksilena, triklosana, TPO.<\/strong><\/p>\n<h4><strong>SESTAVA\/Sestavine\/INCI:\u00a0<\/strong><\/h4>\n<p>Di-HEMA trimetilheksil dikarbamat, hidroksipropil metakrilat, HEMA, silicijev dioksid, hidroksicikloheksil fenil keton, etil trimetilbenzoil fenilfosfinat, CI 60725<\/p>\n<p><em><span class=\"\">* navedena sestava se lahko spremeni.\u00a0<\/span><span class=\"\">Celotno sestavo INCI najdete na embala\u017ei izdelka.<\/span><\/em><\/p>","protected":false},"excerpt":{"rendered":"<p><a href=\"https:\/\/www.meavia-mh.hr\/wp-content\/uploads\/2020\/12\/palu-logo-2.png\"><img decoding=\"async\" class=\"alignnone size-thumbnail wp-image-1580\" src=\"https:\/\/www.meavia-mh.hr\/wp-content\/uploads\/2020\/12\/palu-logo-2-150x150.png\" alt=\"PALU salon system logo\" width=\"150\" height=\"150\" srcset=\"https:\/\/www.meavia-mh.hr\/wp-content\/uploads\/2020\/12\/palu-logo-2-150x150.png 150w, https:\/\/www.meavia-mh.hr\/wp-content\/uploads\/2020\/12\/palu-logo-2-300x300.png 300w, https:\/\/www.meavia-mh.hr\/wp-content\/uploads\/2020\/12\/palu-logo-2-100x100.png 100w\" sizes=\"(max-width: 150px) 100vw, 150px\" \/><\/a><\/p>","protected":false},"featured_media":4281,"comment_status":"closed","ping_status":"closed","template":"","meta":{"_uag_custom_page_level_css":"","site-sidebar-layout":"default","site-content-layout":null,"ast-site-content-layout":"default","site-content-style":"default","site-sidebar-style":"default","ast-global-header-display":"","ast-banner-title-visibility":"","ast-main-header-display":"","ast-hfb-above-header-display":"","ast-hfb-below-header-display":"","ast-hfb-mobile-header-display":"","site-post-title":"","ast-breadcrumbs-content":null,"ast-featured-img":"","footer-sml-layout":"","ast-disable-related-posts":"","theme-transparent-header-meta":"default","adv-header-id-meta":"","stick-header-meta":"default","header-above-stick-meta":"","header-main-stick-meta":"","header-below-stick-meta":"","astra-migrate-meta-layouts":"set","ast-page-background-enabled":"default","ast-page-background-meta":{"desktop":{"background-color":"var(--ast-global-color-4)","background-image":"","background-repeat":"repeat","background-position":"center center","background-size":"auto","background-attachment":"scroll","background-type":"","background-media":"","overlay-type":"","overlay-color":"","overlay-opacity":"","overlay-gradient":""},"tablet":{"background-color":"","background-image":"","background-repeat":"repeat","background-position":"center center","background-size":"auto","background-attachment":"scroll","background-type":"","background-media":"","overlay-type":"","overlay-color":"","overlay-opacity":"","overlay-gradient":""},"mobile":{"background-color":"","background-image":"","background-repeat":"repeat","background-position":"center center","background-size":"auto","background-attachment":"scroll","background-type":"","background-media":"","overlay-type":"","overlay-color":"","overlay-opacity":"","overlay-gradient":""}},"ast-content-background-meta":{"desktop":{"background-color":"var(--ast-global-color-5)","background-image":"","background-repeat":"repeat","background-position":"center center","background-size":"auto","background-attachment":"scroll","background-type":"","background-media":"","overlay-type":"","overlay-color":"","overlay-opacity":"","overlay-gradient":""},"tablet":{"background-color":"var(--ast-global-color-5)","background-image":"","background-repeat":"repeat","background-position":"center center","background-size":"auto","background-attachment":"scroll","background-type":"","background-media":"","overlay-type":"","overlay-color":"","overlay-opacity":"","overlay-gradient":""},"mobile":{"background-color":"var(--ast-global-color-5)","background-image":"","background-repeat":"repeat","background-position":"center center","background-size":"auto","background-attachment":"scroll","background-type":"","background-media":"","overlay-type":"","overlay-color":"","overlay-opacity":"","overlay-gradient":""}}},"product_brand":[606],"product_cat":[724,27,677,676],"product_tag":[157],"class_list":{"0":"post-4280","1":"product","2":"type-product","3":"status-publish","4":"has-post-thumbnail","6":"product_brand-palu","7":"product_cat-classic-no-wipe-top-coat","8":"product_cat-palu","9":"product_cat-palu-top-coat-top-coat","10":"product_cat-top-coat","11":"product_tag-top-coat","12":"desktop-align-left","13":"tablet-align-left","14":"mobile-align-left","15":"ast-product-gallery-layout-horizontal-slider","16":"ast-product-tabs-layout-horizontal","18":"first","19":"outofstock","20":"taxable","21":"shipping-taxable","22":"purchasable","23":"product-type-simple"},"yoast_head":"<!-- This site is optimized with the Yoast SEO plugin v27.5 - https:\/\/yoast.com\/product\/yoast-seo-wordpress\/ -->\n<title>PALU Top Coat Shine intenzivan zavr\u0161ni sjaj &#8902; Mea Via Beauty<\/title>\n<meta name=\"description\" content=\"PALU Top Coat Shine &#8902; pru\u017ea za\u0161titu trajnog laka &#8902; trajnost do 30 dana &#8902; dermatolo\u0161ki testiran &#8902; bez \u0161tetnih i toksi\u010dnih tvari\" \/>\n<meta name=\"robots\" content=\"index, follow, max-snippet:-1, max-image-preview:large, max-video-preview:-1\" \/>\n<link rel=\"canonical\" href=\"https:\/\/www.meavia-mh.hr\/sl\/product\/palu-top-coat-shine-1-11-ml\/\" \/>\n<meta property=\"og:locale\" content=\"sl_SI\" \/>\n<meta property=\"og:type\" content=\"article\" \/>\n<meta property=\"og:title\" content=\"PALU Top Coat Shine intenzivan zavr\u0161ni sjaj &#8902; Mea Via Beauty\" \/>\n<meta property=\"og:description\" content=\"PALU Top Coat Shine &#8902; pru\u017ea za\u0161titu trajnog laka &#8902; trajnost do 30 dana &#8902; dermatolo\u0161ki testiran &#8902; bez \u0161tetnih i toksi\u010dnih tvari\" \/>\n<meta property=\"og:url\" content=\"https:\/\/www.meavia-mh.hr\/sl\/product\/palu-top-coat-shine-1-11-ml\/\" \/>\n<meta property=\"og:site_name\" content=\"Mea Via Beauty\" \/>\n<meta property=\"article:publisher\" content=\"https:\/\/www.facebook.com\/MeaViaNailsWorld\" \/>\n<meta property=\"article:modified_time\" content=\"2026-04-13T07:00:47+00:00\" \/>\n<meta property=\"og:image\" content=\"https:\/\/www.meavia-mh.hr\/wp-content\/uploads\/2021\/01\/PALU-Top-Coat-Shine-1-11ml.jpg\" \/>\n\t<meta property=\"og:image:width\" content=\"1134\" \/>\n\t<meta property=\"og:image:height\" content=\"1216\" \/>\n\t<meta property=\"og:image:type\" content=\"image\/jpeg\" \/>\n<meta name=\"twitter:card\" content=\"summary_large_image\" \/>\n<meta name=\"twitter:label1\" content=\"Est. reading time\" \/>\n\t<meta name=\"twitter:data1\" content=\"2 minuti\" \/>\n<script type=\"application\/ld+json\" class=\"yoast-schema-graph\">{\"@context\":\"https:\\\/\\\/schema.org\",\"@graph\":[{\"@type\":\"WebPage\",\"@id\":\"https:\\\/\\\/www.meavia-mh.hr\\\/product\\\/palu-top-coat-shine-1-11-ml\\\/\",\"url\":\"https:\\\/\\\/www.meavia-mh.hr\\\/product\\\/palu-top-coat-shine-1-11-ml\\\/\",\"name\":\"PALU Top Coat Shine intenzivan zavr\u0161ni sjaj &#8902; Mea Via Beauty\",\"isPartOf\":{\"@id\":\"https:\\\/\\\/meavia-mh.hr\\\/sl\\\/#website\"},\"primaryImageOfPage\":{\"@id\":\"https:\\\/\\\/www.meavia-mh.hr\\\/product\\\/palu-top-coat-shine-1-11-ml\\\/#primaryimage\"},\"image\":{\"@id\":\"https:\\\/\\\/www.meavia-mh.hr\\\/product\\\/palu-top-coat-shine-1-11-ml\\\/#primaryimage\"},\"thumbnailUrl\":\"https:\\\/\\\/www.meavia-mh.hr\\\/wp-content\\\/uploads\\\/2021\\\/01\\\/PALU-Top-Coat-Shine-1-11ml.jpg\",\"datePublished\":\"2021-01-05T16:09:08+00:00\",\"dateModified\":\"2026-04-13T07:00:47+00:00\",\"description\":\"PALU Top Coat Shine &#8902; pru\u017ea za\u0161titu trajnog laka &#8902; trajnost do 30 dana &#8902; dermatolo\u0161ki testiran &#8902; bez \u0161tetnih i toksi\u010dnih tvari\",\"breadcrumb\":{\"@id\":\"https:\\\/\\\/www.meavia-mh.hr\\\/product\\\/palu-top-coat-shine-1-11-ml\\\/#breadcrumb\"},\"inLanguage\":\"sl-SI\",\"potentialAction\":[{\"@type\":\"ReadAction\",\"target\":[\"https:\\\/\\\/www.meavia-mh.hr\\\/product\\\/palu-top-coat-shine-1-11-ml\\\/\"]}]},{\"@type\":\"ImageObject\",\"inLanguage\":\"sl-SI\",\"@id\":\"https:\\\/\\\/www.meavia-mh.hr\\\/product\\\/palu-top-coat-shine-1-11-ml\\\/#primaryimage\",\"url\":\"https:\\\/\\\/www.meavia-mh.hr\\\/wp-content\\\/uploads\\\/2021\\\/01\\\/PALU-Top-Coat-Shine-1-11ml.jpg\",\"contentUrl\":\"https:\\\/\\\/www.meavia-mh.hr\\\/wp-content\\\/uploads\\\/2021\\\/01\\\/PALU-Top-Coat-Shine-1-11ml.jpg\",\"width\":1134,\"height\":1216,\"caption\":\"PALU Top Coat Shine 1 - 11ml\"},{\"@type\":\"BreadcrumbList\",\"@id\":\"https:\\\/\\\/www.meavia-mh.hr\\\/product\\\/palu-top-coat-shine-1-11-ml\\\/#breadcrumb\",\"itemListElement\":[{\"@type\":\"ListItem\",\"position\":1,\"name\":\"Po\u010detna stranica\",\"item\":\"https:\\\/\\\/www.meavia-mh.hr\\\/\"},{\"@type\":\"ListItem\",\"position\":2,\"name\":\"Trgovina\",\"item\":\"https:\\\/\\\/meavia-mh.hr\\\/sl\\\/store\\\/\"},{\"@type\":\"ListItem\",\"position\":3,\"name\":\"PALU Top Coat Shine\"}]},{\"@type\":\"WebSite\",\"@id\":\"https:\\\/\\\/meavia-mh.hr\\\/sl\\\/#website\",\"url\":\"https:\\\/\\\/meavia-mh.hr\\\/sl\\\/\",\"name\":\"Mea Via Beauty\",\"description\":\"Only The Best For Your Beauty\",\"publisher\":{\"@id\":\"https:\\\/\\\/meavia-mh.hr\\\/sl\\\/#organization\"},\"alternateName\":\"Mea Via Nails\",\"potentialAction\":[{\"@type\":\"SearchAction\",\"target\":{\"@type\":\"EntryPoint\",\"urlTemplate\":\"https:\\\/\\\/meavia-mh.hr\\\/sl\\\/?s={search_term_string}\"},\"query-input\":{\"@type\":\"PropertyValueSpecification\",\"valueRequired\":true,\"valueName\":\"search_term_string\"}}],\"inLanguage\":\"sl-SI\"},{\"@type\":\"Organization\",\"@id\":\"https:\\\/\\\/meavia-mh.hr\\\/sl\\\/#organization\",\"name\":\"Mea Via Nails World\",\"alternateName\":\"Mea Via\",\"url\":\"https:\\\/\\\/meavia-mh.hr\\\/sl\\\/\",\"logo\":{\"@type\":\"ImageObject\",\"inLanguage\":\"sl-SI\",\"@id\":\"https:\\\/\\\/meavia-mh.hr\\\/sl\\\/#\\\/schema\\\/logo\\\/image\\\/\",\"url\":\"https:\\\/\\\/www.meavia-mh.hr\\\/wp-content\\\/uploads\\\/2020\\\/12\\\/Mea-Via.png\",\"contentUrl\":\"https:\\\/\\\/www.meavia-mh.hr\\\/wp-content\\\/uploads\\\/2020\\\/12\\\/Mea-Via.png\",\"width\":1181,\"height\":393,\"caption\":\"Mea Via Nails World\"},\"image\":{\"@id\":\"https:\\\/\\\/meavia-mh.hr\\\/sl\\\/#\\\/schema\\\/logo\\\/image\\\/\"},\"sameAs\":[\"https:\\\/\\\/www.facebook.com\\\/MeaViaNailsWorld\",\"https:\\\/\\\/www.instagram.com\\\/mea_via_nails_world\\\/\",\"https:\\\/\\\/www.youtube.com\\\/channel\\\/UCECk0hpRWP6TN-EfA4ER96g\\\/featured\"]}]}<\/script>\n<!-- \/ Yoast SEO plugin. -->","yoast_head_json":{"title":"PALU Nadlak Shine intenziven zaklju\u010dni sijaj \u22c6 Mea Via Beauty","description":"PALU Nadlak Shine \u22c6 zagotavlja za\u0161\u010dito permanentnega laka \u22c6 obstojnost do 30 dni \u22c6 dermatolo\u0161ko testirano \u22c6 brez \u0161kodljivih in strupenih snovi","robots":{"index":"index","follow":"follow","max-snippet":"max-snippet:-1","max-image-preview":"max-image-preview:large","max-video-preview":"max-video-preview:-1"},"canonical":"https:\/\/www.meavia-mh.hr\/sl\/product\/palu-top-coat-shine-1-11-ml\/","og_locale":"sl_SI","og_type":"article","og_title":"PALU Top Coat Shine intenzivan zavr\u0161ni sjaj &#8902; Mea Via Beauty","og_description":"PALU Top Coat Shine &#8902; pru\u017ea za\u0161titu trajnog laka &#8902; trajnost do 30 dana &#8902; dermatolo\u0161ki testiran &#8902; bez \u0161tetnih i toksi\u010dnih tvari","og_url":"https:\/\/www.meavia-mh.hr\/sl\/product\/palu-top-coat-shine-1-11-ml\/","og_site_name":"Mea Via Beauty","article_publisher":"https:\/\/www.facebook.com\/MeaViaNailsWorld","article_modified_time":"2026-04-13T07:00:47+00:00","og_image":[{"width":1134,"height":1216,"url":"https:\/\/www.meavia-mh.hr\/wp-content\/uploads\/2021\/01\/PALU-Top-Coat-Shine-1-11ml.jpg","type":"image\/jpeg"}],"twitter_card":"summary_large_image","twitter_misc":{"Est. reading time":"2 minuti"},"schema":{"@context":"https:\/\/schema.org","@graph":[{"@type":"WebPage","@id":"https:\/\/www.meavia-mh.hr\/product\/palu-top-coat-shine-1-11-ml\/","url":"https:\/\/www.meavia-mh.hr\/product\/palu-top-coat-shine-1-11-ml\/","name":"PALU Nadlak Shine intenziven zaklju\u010dni sijaj \u22c6 Mea Via Beauty","isPartOf":{"@id":"https:\/\/meavia-mh.hr\/sl\/#website"},"primaryImageOfPage":{"@id":"https:\/\/www.meavia-mh.hr\/product\/palu-top-coat-shine-1-11-ml\/#primaryimage"},"image":{"@id":"https:\/\/www.meavia-mh.hr\/product\/palu-top-coat-shine-1-11-ml\/#primaryimage"},"thumbnailUrl":"https:\/\/www.meavia-mh.hr\/wp-content\/uploads\/2021\/01\/PALU-Top-Coat-Shine-1-11ml.jpg","datePublished":"2021-01-05T16:09:08+00:00","dateModified":"2026-04-13T07:00:47+00:00","description":"PALU Nadlak Shine \u22c6 zagotavlja za\u0161\u010dito permanentnega laka \u22c6 obstojnost do 30 dni \u22c6 dermatolo\u0161ko testirano \u22c6 brez \u0161kodljivih in strupenih snovi","breadcrumb":{"@id":"https:\/\/www.meavia-mh.hr\/product\/palu-top-coat-shine-1-11-ml\/#breadcrumb"},"inLanguage":"sl-SI","potentialAction":[{"@type":"ReadAction","target":["https:\/\/www.meavia-mh.hr\/product\/palu-top-coat-shine-1-11-ml\/"]}]},{"@type":"ImageObject","inLanguage":"sl-SI","@id":"https:\/\/www.meavia-mh.hr\/product\/palu-top-coat-shine-1-11-ml\/#primaryimage","url":"https:\/\/www.meavia-mh.hr\/wp-content\/uploads\/2021\/01\/PALU-Top-Coat-Shine-1-11ml.jpg","contentUrl":"https:\/\/www.meavia-mh.hr\/wp-content\/uploads\/2021\/01\/PALU-Top-Coat-Shine-1-11ml.jpg","width":1134,"height":1216,"caption":"PALU Top Coat Shine 1 - 11ml"},{"@type":"BreadcrumbList","@id":"https:\/\/www.meavia-mh.hr\/product\/palu-top-coat-shine-1-11-ml\/#breadcrumb","itemListElement":[{"@type":"ListItem","position":1,"name":"Po\u010detna stranica","item":"https:\/\/www.meavia-mh.hr\/"},{"@type":"ListItem","position":2,"name":"Trgovina","item":"https:\/\/meavia-mh.hr\/sl\/store\/"},{"@type":"ListItem","position":3,"name":"PALU Top Coat Shine"}]},{"@type":"WebSite","@id":"https:\/\/meavia-mh.hr\/sl\/#website","url":"https:\/\/meavia-mh.hr\/sl\/","name":"MEA VIA BEAUTY","description":"Only The Best For Your Beauty","publisher":{"@id":"https:\/\/meavia-mh.hr\/sl\/#organization"},"alternateName":"Mea Via Nails","potentialAction":[{"@type":"SearchAction","target":{"@type":"EntryPoint","urlTemplate":"https:\/\/meavia-mh.hr\/sl\/?s={search_term_string}"},"query-input":{"@type":"PropertyValueSpecification","valueRequired":true,"valueName":"search_term_string"}}],"inLanguage":"sl-SI"},{"@type":"Organization","@id":"https:\/\/meavia-mh.hr\/sl\/#organization","name":"Mea Via Nails World","alternateName":"Mea Via","url":"https:\/\/meavia-mh.hr\/sl\/","logo":{"@type":"ImageObject","inLanguage":"sl-SI","@id":"https:\/\/meavia-mh.hr\/sl\/#\/schema\/logo\/image\/","url":"https:\/\/www.meavia-mh.hr\/wp-content\/uploads\/2020\/12\/Mea-Via.png","contentUrl":"https:\/\/www.meavia-mh.hr\/wp-content\/uploads\/2020\/12\/Mea-Via.png","width":1181,"height":393,"caption":"Mea Via Nails World"},"image":{"@id":"https:\/\/meavia-mh.hr\/sl\/#\/schema\/logo\/image\/"},"sameAs":["https:\/\/www.facebook.com\/MeaViaNailsWorld","https:\/\/www.instagram.com\/mea_via_nails_world\/","https:\/\/www.youtube.com\/channel\/UCECk0hpRWP6TN-EfA4ER96g\/featured"]}]}},"spectra_custom_meta":{"_sku":["KAT02086"],"_regular_price":["10.99"],"total_sales":["628"],"_tax_status":["taxable"],"_tax_class":[""],"_manage_stock":["yes"],"_backorders":["no"],"_sold_individually":["no"],"_virtual":["no"],"_downloadable":["no"],"_download_limit":["-1"],"_download_expiry":["-1"],"_thumbnail_id":["4281"],"_stock":["0"],"_stock_status":["outofstock"],"_wc_average_rating":["0"],"_wc_review_count":["0"],"_product_version":["10.6.2"],"_price":["10.99"],"_wp_page_template":["default"],"_yoast_wpseo_content_score":["90"],"_yoast_wpseo_primary_product_cat":[""],"site-sidebar-layout":["default"],"site-content-layout":[null],"theme-transparent-header-meta":["default"],"stick-header-meta":["default"],"_oembed_dde4af1e5ff9128957cfd432ce393edb":["<iframe title=\"Water Effect PALU\" width=\"500\" height=\"375\" src=\"https:\/\/www.youtube.com\/embed\/QrNlYzB0mPE?feature=oembed\" frameborder=\"0\" allow=\"accelerometer; autoplay; clipboard-write; encrypted-media; gyroscope; picture-in-picture\" allowfullscreen><\/iframe>"],"_oembed_time_dde4af1e5ff9128957cfd432ce393edb":["1609178412"],"_oembed_4752adb7de750cb0d97d3498f41ef6aa":["<iframe title=\"Water Effect PALU\" width=\"898\" height=\"674\" src=\"https:\/\/www.youtube.com\/embed\/QrNlYzB0mPE?feature=oembed\" frameborder=\"0\" allow=\"accelerometer; autoplay; clipboard-write; encrypted-media; gyroscope; picture-in-picture\" allowfullscreen><\/iframe>"],"_oembed_time_4752adb7de750cb0d97d3498f41ef6aa":["1609178413"],"_yoast_wpseo_focuskw":["PALU Top coat shine"],"_yoast_wpseo_metadesc":["%%title%% %%sep%% pru\u017ea za\u0161titu trajnog laka %%sep%% trajnost do 30 dana %%sep%% dermatolo\u0161ki testiran %%sep%% bez \u0161tetnih i toksi\u010dnih tvari"],"_yoast_wpseo_linkdex":["89"],"_oembed_482998e93046fefe25a58455efc48ce2":["<iframe title=\"Water Effect PALU\" width=\"922\" height=\"692\" src=\"https:\/\/www.youtube.com\/embed\/QrNlYzB0mPE?feature=oembed\" frameborder=\"0\" allow=\"accelerometer; autoplay; clipboard-write; encrypted-media; gyroscope; picture-in-picture\" allowfullscreen><\/iframe>"],"_oembed_time_482998e93046fefe25a58455efc48ce2":["1609180842"],"_oembed_5ace3956fa1281082e1524c09a148a3e":["<iframe title=\"Water Effect PALU\" width=\"1200\" height=\"900\" src=\"https:\/\/www.youtube.com\/embed\/QrNlYzB0mPE?feature=oembed\" frameborder=\"0\" allow=\"accelerometer; autoplay; clipboard-write; encrypted-media; gyroscope; picture-in-picture\" allowfullscreen><\/iframe>"],"_oembed_time_5ace3956fa1281082e1524c09a148a3e":["1609181326"],"_yoast_wpseo_title":["%%title%% %%page%% intenzivan zavr\u0161ni sjaj %%sep%% %%sitename%%"],"_edit_lock":["1768069236:1239"],"_edit_last":["1239"],"_woocs_price_geo_countries":[""],"_woocs_regular_price_geo":[""],"_woocs_sale_price_geo":[""],"_yoast_wpseo_estimated-reading-time-minutes":["2"],"ast-below-header-display":[null],"_yoast_wpseo_wordproof_timestamp":[""],"cartflows_redirect_flow_id":[""],"cartflows_add_to_cart_text":[""],"_woocs_regular_price_EUR":["8.59"],"_woocs_sale_price_EUR":["-1"],"_lowest_price_30_days":["8.59"],"uag_migration_processed":["1"],"ast-above-header-display":[null],"fb_product_item_id":["27587087004240212"],"_product_image_gallery":["41525,41215,41513,40357"],"_wc_facebook_sync_enabled":["yes"],"fb_visibility":["yes"],"fb_product_description":[""],"fb_rich_text_description":[""],"_wc_facebook_product_image_source":["product"],"fb_product_video":["a:0:{}"],"fb_brand":[""],"fb_mpn":[""],"fb_size":[""],"fb_color":[""],"fb_material":[""],"fb_pattern":[""],"fb_age_group":[""],"fb_gender":[""],"fb_product_condition":[""],"ast-site-content-layout":["default"],"site-content-style":["default"],"site-sidebar-style":["default"],"_yoast_wpseo_primary_product_brand":[""],"astra-migrate-meta-layouts":["set"],"_last_change_time":["1775209337"],"footer-adv-display":[null],"adv-header-id-meta":[""],"ast-breadcrumbs-content":[null],"_elementor_page_assets":["a:0:{}"],"_uag_page_assets":["a:9:{s:3:\"css\";s:0:\"\";s:2:\"js\";s:0:\"\";s:18:\"current_block_list\";a:3:{i:0;s:11:\"core\/search\";i:1;s:18:\"core\/legacy-widget\";i:2;s:27:\"woocommerce\/product-filters\";}s:8:\"uag_flag\";b:0;s:11:\"uag_version\";s:10:\"1777652637\";s:6:\"gfonts\";a:0:{}s:10:\"gfonts_url\";s:0:\"\";s:12:\"gfonts_files\";a:0:{}s:14:\"uag_faq_layout\";b:0;}"]},"uagb_featured_image_src":{"full":["https:\/\/www.meavia-mh.hr\/wp-content\/uploads\/2021\/01\/PALU-Top-Coat-Shine-1-11ml.jpg",1134,1216,false],"thumbnail":["https:\/\/www.meavia-mh.hr\/wp-content\/uploads\/2021\/01\/PALU-Top-Coat-Shine-1-11ml-150x150.jpg",150,150,true],"medium":["https:\/\/www.meavia-mh.hr\/wp-content\/uploads\/2021\/01\/PALU-Top-Coat-Shine-1-11ml-280x300.jpg",280,300,true],"medium_large":["https:\/\/www.meavia-mh.hr\/wp-content\/uploads\/2021\/01\/PALU-Top-Coat-Shine-1-11ml-768x824.jpg",768,824,true],"large":["https:\/\/www.meavia-mh.hr\/wp-content\/uploads\/2021\/01\/PALU-Top-Coat-Shine-1-11ml-955x1024.jpg",955,1024,true],"1536x1536":["https:\/\/www.meavia-mh.hr\/wp-content\/uploads\/2021\/01\/PALU-Top-Coat-Shine-1-11ml.jpg",1134,1216,false],"2048x2048":["https:\/\/www.meavia-mh.hr\/wp-content\/uploads\/2021\/01\/PALU-Top-Coat-Shine-1-11ml.jpg",1134,1216,false],"trp-custom-language-flag":["https:\/\/www.meavia-mh.hr\/wp-content\/uploads\/2021\/01\/PALU-Top-Coat-Shine-1-11ml.jpg",11,12,false],"woocommerce_thumbnail":["https:\/\/www.meavia-mh.hr\/wp-content\/uploads\/2021\/01\/PALU-Top-Coat-Shine-1-11ml-300x300.jpg",300,300,true],"woocommerce_single":["https:\/\/www.meavia-mh.hr\/wp-content\/uploads\/2021\/01\/PALU-Top-Coat-Shine-1-11ml-600x643.jpg",600,643,true],"woocommerce_gallery_thumbnail":["https:\/\/www.meavia-mh.hr\/wp-content\/uploads\/2021\/01\/PALU-Top-Coat-Shine-1-11ml-100x100.jpg",100,100,true]},"uagb_author_info":{"display_name":"Mea Via","author_link":"https:\/\/www.meavia-mh.hr\/sl\/author\/"},"uagb_comment_info":0,"uagb_excerpt":null,"_links":{"self":[{"href":"https:\/\/www.meavia-mh.hr\/sl\/wp-json\/wp\/v2\/product\/4280","targetHints":{"allow":["GET"]}}],"collection":[{"href":"https:\/\/www.meavia-mh.hr\/sl\/wp-json\/wp\/v2\/product"}],"about":[{"href":"https:\/\/www.meavia-mh.hr\/sl\/wp-json\/wp\/v2\/types\/product"}],"replies":[{"embeddable":true,"href":"https:\/\/www.meavia-mh.hr\/sl\/wp-json\/wp\/v2\/comments?post=4280"}],"version-history":[{"count":6,"href":"https:\/\/www.meavia-mh.hr\/sl\/wp-json\/wp\/v2\/product\/4280\/revisions"}],"predecessor-version":[{"id":41527,"href":"https:\/\/www.meavia-mh.hr\/sl\/wp-json\/wp\/v2\/product\/4280\/revisions\/41527"}],"wp:featuredmedia":[{"embeddable":true,"href":"https:\/\/www.meavia-mh.hr\/sl\/wp-json\/wp\/v2\/media\/4281"}],"wp:attachment":[{"href":"https:\/\/www.meavia-mh.hr\/sl\/wp-json\/wp\/v2\/media?parent=4280"}],"wp:term":[{"taxonomy":"product_brand","embeddable":true,"href":"https:\/\/www.meavia-mh.hr\/sl\/wp-json\/wp\/v2\/product_brand?post=4280"},{"taxonomy":"product_cat","embeddable":true,"href":"https:\/\/www.meavia-mh.hr\/sl\/wp-json\/wp\/v2\/product_cat?post=4280"},{"taxonomy":"product_tag","embeddable":true,"href":"https:\/\/www.meavia-mh.hr\/sl\/wp-json\/wp\/v2\/product_tag?post=4280"}],"curies":[{"name":"delovni list","href":"https:\/\/api.w.org\/{rel}","templated":true}]}}