{"id":42564,"date":"2025-10-15T09:08:02","date_gmt":"2025-10-15T07:08:02","guid":{"rendered":"https:\/\/www.meavia-mh.hr\/?post_type=product&#038;p=42564"},"modified":"2026-01-29T22:51:26","modified_gmt":"2026-01-29T21:51:26","slug":"reklamni-display-za-nokte-na-stalku-60-kom","status":"publish","type":"product","link":"https:\/\/www.meavia-mh.hr\/sl\/product\/reklamni-display-za-nokte-na-stalku-60-kom\/","title":{"rendered":"Reklamni stojalnik za nohte \u2013 60 kosov"},"content":{"rendered":"<p>Stojalo za nohte je odli\u010den na\u010din, da barvam lakov za nohte daste novo dimenzijo. Stojalo za nohte je najla\u017eji na\u010din, da svojim strankam poka\u017eete bogastvo barv, ki jih imate v svojem salonu. Barvna paleta je zasnovana za enostavno predstavitev in primerjavo. Vse, kar \u017eelite preizkusiti in pokazati. Preprosto in pregledno stojalo z<strong> 60 barvnih vzorcev<\/strong>Zanimiv spiralni dizajn bo spektakularna dekoracija za vsako dnevno sobo!<\/p>\n<p>Uporablja se za prikaz barv <a href=\"https:\/\/www.meavia-mh.hr\/sl\/product\/ikon-iq-prima-gel-polish-trajni-lak-millie-15-ml\/\">trajni laki<\/a>, <a href=\"https:\/\/www.meavia-mh.hr\/sl\/product\/palu-base-rubber-14-11ml\/\">gumijasta podlaga<\/a>, <a href=\"https:\/\/www.meavia-mh.hr\/sl\/product\/palu-matrix-spider-gel-silver-mg3-5-g\/\">pajkovi geli<\/a>, <a href=\"https:\/\/www.meavia-mh.hr\/sl\/product\/ikon-iq-inspire-painting-gel-sandhamn-5-ml\/\">barvni geli<\/a> ali za va\u0161e stilizacije nail art.<\/p>\n<p><strong>Barva: prozorna<\/strong><\/p>\n<p><strong>Material: plastika<\/strong><\/p>\n<p><strong>\u0160tevilo vzorcev: 60<\/strong><\/p>\n<p><strong><span dir=\"auto\"><span class=\"\" dir=\"auto\">Na\u010din sestavljanja:<\/span><\/span><\/strong><br \/>\n<span dir=\"auto\"><span class=\"\" dir=\"auto\">\u2022 Postavite stojalo in v luknjo vstavite plasti\u010dno palico; <\/span><\/span><br \/>\n<span dir=\"auto\"><span class=\"\" dir=\"auto\">\u2022 Pal\u010dke \u0161ablone napeljite skozi palico in jih pove\u017eite z jezi\u010dki; <\/span><\/span><br \/>\n<span dir=\"auto\"><span class=\"\" dir=\"auto\">\u2022 Namestite pokrov\u010dek na palico; <\/span><\/span><br \/>\n<span dir=\"auto\"><span class=\"\" dir=\"auto\">\u2022 Razmaknite pal\u010dke, da razkrijete konice.<\/span><\/span><\/p>\n<p><strong><span dir=\"auto\">dimenzije:<\/span><\/strong><br \/>\n<span dir=\"auto\">Dol\u017eina konice: 25 mm <\/span><br \/>\n<span dir=\"auto\">Celotna dol\u017eina palice: 12,5 cm <\/span><br \/>\n<span dir=\"auto\">Skupna vi\u0161ina: 16 cm<\/span><\/p>","protected":false},"excerpt":{"rendered":"<p>Reklamni display za nokte na stalku odli\u010dan je na\u010din da poklonite bojama svojih kolor lakova novu dimenziju. Reklamni display za nokte na stalku najednostavnji je na\u010din da va\u0161im klijentima poka\u017eete bogatstvo boja kojima raspola\u017eete u svom salonu. Paleta za isprobavanje nijansi boja dizajnirana je za lak\u0161u prezentaciju i usporedbu. Sve \u0161to \u017eelite isprobati i pokazati. [&hellip;]<\/p>\n","protected":false},"featured_media":42565,"comment_status":"closed","ping_status":"closed","template":"","meta":{"_uag_custom_page_level_css":"","site-sidebar-layout":"default","site-content-layout":"default","ast-site-content-layout":"default","site-content-style":"default","site-sidebar-style":"default","ast-global-header-display":"","ast-banner-title-visibility":"","ast-main-header-display":"","ast-hfb-above-header-display":"","ast-hfb-below-header-display":"","ast-hfb-mobile-header-display":"","site-post-title":"","ast-breadcrumbs-content":"","ast-featured-img":"","footer-sml-layout":"","ast-disable-related-posts":"","theme-transparent-header-meta":"default","adv-header-id-meta":"","stick-header-meta":"default","header-above-stick-meta":"","header-main-stick-meta":"","header-below-stick-meta":"","astra-migrate-meta-layouts":"set","ast-page-background-enabled":"default","ast-page-background-meta":{"desktop":{"background-color":"var(--ast-global-color-4)","background-image":"","background-repeat":"repeat","background-position":"center center","background-size":"auto","background-attachment":"scroll","background-type":"","background-media":"","overlay-type":"","overlay-color":"","overlay-opacity":"","overlay-gradient":""},"tablet":{"background-color":"","background-image":"","background-repeat":"repeat","background-position":"center center","background-size":"auto","background-attachment":"scroll","background-type":"","background-media":"","overlay-type":"","overlay-color":"","overlay-opacity":"","overlay-gradient":""},"mobile":{"background-color":"","background-image":"","background-repeat":"repeat","background-position":"center center","background-size":"auto","background-attachment":"scroll","background-type":"","background-media":"","overlay-type":"","overlay-color":"","overlay-opacity":"","overlay-gradient":""}},"ast-content-background-meta":{"desktop":{"background-color":"var(--ast-global-color-5)","background-image":"","background-repeat":"repeat","background-position":"center center","background-size":"auto","background-attachment":"scroll","background-type":"","background-media":"","overlay-type":"","overlay-color":"","overlay-opacity":"","overlay-gradient":""},"tablet":{"background-color":"var(--ast-global-color-5)","background-image":"","background-repeat":"repeat","background-position":"center center","background-size":"auto","background-attachment":"scroll","background-type":"","background-media":"","overlay-type":"","overlay-color":"","overlay-opacity":"","overlay-gradient":""},"mobile":{"background-color":"var(--ast-global-color-5)","background-image":"","background-repeat":"repeat","background-position":"center center","background-size":"auto","background-attachment":"scroll","background-type":"","background-media":"","overlay-type":"","overlay-color":"","overlay-opacity":"","overlay-gradient":""}}},"product_brand":[],"product_cat":[24],"product_tag":[260,129],"class_list":{"0":"post-42564","1":"product","2":"type-product","3":"status-publish","4":"has-post-thumbnail","6":"product_cat-dodaci","7":"product_tag-display","8":"product_tag-tipse","9":"desktop-align-left","10":"tablet-align-left","11":"mobile-align-left","12":"ast-product-gallery-layout-horizontal-slider","13":"ast-product-tabs-layout-horizontal","15":"first","16":"instock","17":"taxable","18":"shipping-taxable","19":"purchasable","20":"product-type-simple"},"yoast_head":"<!-- This site is optimized with the Yoast SEO plugin v27.4 - https:\/\/yoast.com\/product\/yoast-seo-wordpress\/ -->\n<title>Reklamni display za nokte na stalku - 60 kom &#8902; promo tipse &#8902; Mea Via Beauty<\/title>\n<meta name=\"description\" content=\"Mea Via Beauty &#8902; Reklamni display za nokte na stalku - 60 kom &#8902; reklamne tipse &#8902; za prezentaciju boja za nokte &#8902; za nail art\" \/>\n<meta name=\"robots\" content=\"index, follow, max-snippet:-1, max-image-preview:large, max-video-preview:-1\" \/>\n<link rel=\"canonical\" href=\"https:\/\/www.meavia-mh.hr\/sl\/product\/reklamni-display-za-nokte-na-stalku-60-kom\/\" \/>\n<meta property=\"og:locale\" content=\"sl_SI\" \/>\n<meta property=\"og:type\" content=\"article\" \/>\n<meta property=\"og:title\" content=\"Reklamni display za nokte na stalku - 60 kom &#8902; promo tipse &#8902; Mea Via Beauty\" \/>\n<meta property=\"og:description\" content=\"Mea Via Beauty &#8902; Reklamni display za nokte na stalku - 60 kom &#8902; reklamne tipse &#8902; za prezentaciju boja za nokte &#8902; za nail art\" \/>\n<meta property=\"og:url\" content=\"https:\/\/www.meavia-mh.hr\/sl\/product\/reklamni-display-za-nokte-na-stalku-60-kom\/\" \/>\n<meta property=\"og:site_name\" content=\"Mea Via Beauty\" \/>\n<meta property=\"article:publisher\" content=\"https:\/\/www.facebook.com\/MeaViaNailsWorld\" \/>\n<meta property=\"article:modified_time\" content=\"2026-01-29T21:51:26+00:00\" \/>\n<meta property=\"og:image\" content=\"https:\/\/www.meavia-mh.hr\/wp-content\/uploads\/2025\/10\/Reklamni-display-za-nokte-na-stalku-\u2013-60-kom.webp\" \/>\n\t<meta property=\"og:image:width\" content=\"1200\" \/>\n\t<meta property=\"og:image:height\" content=\"1200\" \/>\n\t<meta property=\"og:image:type\" content=\"image\/webp\" \/>\n<meta name=\"twitter:card\" content=\"summary_large_image\" \/>\n<meta name=\"twitter:label1\" content=\"Est. reading time\" \/>\n\t<meta name=\"twitter:data1\" content=\"1 minuta\" \/>\n<script type=\"application\/ld+json\" class=\"yoast-schema-graph\">{\"@context\":\"https:\\\/\\\/schema.org\",\"@graph\":[{\"@type\":\"WebPage\",\"@id\":\"https:\\\/\\\/www.meavia-mh.hr\\\/product\\\/reklamni-display-za-nokte-na-stalku-60-kom\\\/\",\"url\":\"https:\\\/\\\/www.meavia-mh.hr\\\/product\\\/reklamni-display-za-nokte-na-stalku-60-kom\\\/\",\"name\":\"Reklamni display za nokte na stalku - 60 kom &#8902; promo tipse &#8902; Mea Via Beauty\",\"isPartOf\":{\"@id\":\"https:\\\/\\\/meavia-mh.hr\\\/sl\\\/#website\"},\"primaryImageOfPage\":{\"@id\":\"https:\\\/\\\/www.meavia-mh.hr\\\/product\\\/reklamni-display-za-nokte-na-stalku-60-kom\\\/#primaryimage\"},\"image\":{\"@id\":\"https:\\\/\\\/www.meavia-mh.hr\\\/product\\\/reklamni-display-za-nokte-na-stalku-60-kom\\\/#primaryimage\"},\"thumbnailUrl\":\"https:\\\/\\\/www.meavia-mh.hr\\\/wp-content\\\/uploads\\\/2025\\\/10\\\/Reklamni-display-za-nokte-na-stalku-\u2013-60-kom.webp\",\"datePublished\":\"2025-10-15T07:08:02+00:00\",\"dateModified\":\"2026-01-29T21:51:26+00:00\",\"description\":\"Mea Via Beauty &#8902; Reklamni display za nokte na stalku - 60 kom &#8902; reklamne tipse &#8902; za prezentaciju boja za nokte &#8902; za nail art\",\"breadcrumb\":{\"@id\":\"https:\\\/\\\/www.meavia-mh.hr\\\/product\\\/reklamni-display-za-nokte-na-stalku-60-kom\\\/#breadcrumb\"},\"inLanguage\":\"sl-SI\",\"potentialAction\":[{\"@type\":\"ReadAction\",\"target\":[\"https:\\\/\\\/www.meavia-mh.hr\\\/product\\\/reklamni-display-za-nokte-na-stalku-60-kom\\\/\"]}]},{\"@type\":\"ImageObject\",\"inLanguage\":\"sl-SI\",\"@id\":\"https:\\\/\\\/www.meavia-mh.hr\\\/product\\\/reklamni-display-za-nokte-na-stalku-60-kom\\\/#primaryimage\",\"url\":\"https:\\\/\\\/www.meavia-mh.hr\\\/wp-content\\\/uploads\\\/2025\\\/10\\\/Reklamni-display-za-nokte-na-stalku-\u2013-60-kom.webp\",\"contentUrl\":\"https:\\\/\\\/www.meavia-mh.hr\\\/wp-content\\\/uploads\\\/2025\\\/10\\\/Reklamni-display-za-nokte-na-stalku-\u2013-60-kom.webp\",\"width\":1200,\"height\":1200,\"caption\":\"Reklamni display za nokte na stalku - 60 kom\"},{\"@type\":\"BreadcrumbList\",\"@id\":\"https:\\\/\\\/www.meavia-mh.hr\\\/product\\\/reklamni-display-za-nokte-na-stalku-60-kom\\\/#breadcrumb\",\"itemListElement\":[{\"@type\":\"ListItem\",\"position\":1,\"name\":\"Po\u010detna stranica\",\"item\":\"https:\\\/\\\/www.meavia-mh.hr\\\/\"},{\"@type\":\"ListItem\",\"position\":2,\"name\":\"Trgovina\",\"item\":\"https:\\\/\\\/meavia-mh.hr\\\/sl\\\/store\\\/\"},{\"@type\":\"ListItem\",\"position\":3,\"name\":\"Reklamni display za nokte na stalku &#8211; 60 kom\"}]},{\"@type\":\"WebSite\",\"@id\":\"https:\\\/\\\/meavia-mh.hr\\\/sl\\\/#website\",\"url\":\"https:\\\/\\\/meavia-mh.hr\\\/sl\\\/\",\"name\":\"Mea Via Beauty\",\"description\":\"Only The Best For Your Beauty\",\"publisher\":{\"@id\":\"https:\\\/\\\/meavia-mh.hr\\\/sl\\\/#organization\"},\"alternateName\":\"Mea Via Nails\",\"potentialAction\":[{\"@type\":\"SearchAction\",\"target\":{\"@type\":\"EntryPoint\",\"urlTemplate\":\"https:\\\/\\\/meavia-mh.hr\\\/sl\\\/?s={search_term_string}\"},\"query-input\":{\"@type\":\"PropertyValueSpecification\",\"valueRequired\":true,\"valueName\":\"search_term_string\"}}],\"inLanguage\":\"sl-SI\"},{\"@type\":\"Organization\",\"@id\":\"https:\\\/\\\/meavia-mh.hr\\\/sl\\\/#organization\",\"name\":\"Mea Via Nails World\",\"alternateName\":\"Mea Via\",\"url\":\"https:\\\/\\\/meavia-mh.hr\\\/sl\\\/\",\"logo\":{\"@type\":\"ImageObject\",\"inLanguage\":\"sl-SI\",\"@id\":\"https:\\\/\\\/meavia-mh.hr\\\/sl\\\/#\\\/schema\\\/logo\\\/image\\\/\",\"url\":\"https:\\\/\\\/www.meavia-mh.hr\\\/wp-content\\\/uploads\\\/2020\\\/12\\\/Mea-Via.png\",\"contentUrl\":\"https:\\\/\\\/www.meavia-mh.hr\\\/wp-content\\\/uploads\\\/2020\\\/12\\\/Mea-Via.png\",\"width\":1181,\"height\":393,\"caption\":\"Mea Via Nails World\"},\"image\":{\"@id\":\"https:\\\/\\\/meavia-mh.hr\\\/sl\\\/#\\\/schema\\\/logo\\\/image\\\/\"},\"sameAs\":[\"https:\\\/\\\/www.facebook.com\\\/MeaViaNailsWorld\",\"https:\\\/\\\/www.instagram.com\\\/mea_via_nails_world\\\/\",\"https:\\\/\\\/www.youtube.com\\\/channel\\\/UCECk0hpRWP6TN-EfA4ER96g\\\/featured\"]}]}<\/script>\n<!-- \/ Yoast SEO plugin. -->","yoast_head_json":{"title":"Reklamni stojalnik za nohte - 60 kosov \u22c6 promocijski nasveti \u22c6 Mea Via Beauty","description":"Mea Via Beauty \u22c6 Reklamni stojalnik za nohte - 60 kosov \u22c6 reklamni namigi \u22c6 za predstavitev barv za nohte \u22c6 za poslikavo nohtov","robots":{"index":"index","follow":"follow","max-snippet":"max-snippet:-1","max-image-preview":"max-image-preview:large","max-video-preview":"max-video-preview:-1"},"canonical":"https:\/\/www.meavia-mh.hr\/sl\/product\/reklamni-display-za-nokte-na-stalku-60-kom\/","og_locale":"sl_SI","og_type":"article","og_title":"Reklamni display za nokte na stalku - 60 kom &#8902; promo tipse &#8902; Mea Via Beauty","og_description":"Mea Via Beauty &#8902; Reklamni display za nokte na stalku - 60 kom &#8902; reklamne tipse &#8902; za prezentaciju boja za nokte &#8902; za nail art","og_url":"https:\/\/www.meavia-mh.hr\/sl\/product\/reklamni-display-za-nokte-na-stalku-60-kom\/","og_site_name":"Mea Via Beauty","article_publisher":"https:\/\/www.facebook.com\/MeaViaNailsWorld","article_modified_time":"2026-01-29T21:51:26+00:00","og_image":[{"width":1200,"height":1200,"url":"https:\/\/www.meavia-mh.hr\/wp-content\/uploads\/2025\/10\/Reklamni-display-za-nokte-na-stalku-\u2013-60-kom.webp","type":"image\/webp"}],"twitter_card":"summary_large_image","twitter_misc":{"Est. reading time":"1 minuta"},"schema":{"@context":"https:\/\/schema.org","@graph":[{"@type":"WebPage","@id":"https:\/\/www.meavia-mh.hr\/product\/reklamni-display-za-nokte-na-stalku-60-kom\/","url":"https:\/\/www.meavia-mh.hr\/product\/reklamni-display-za-nokte-na-stalku-60-kom\/","name":"Reklamni stojalnik za nohte - 60 kosov \u22c6 promocijski nasveti \u22c6 Mea Via Beauty","isPartOf":{"@id":"https:\/\/meavia-mh.hr\/sl\/#website"},"primaryImageOfPage":{"@id":"https:\/\/www.meavia-mh.hr\/product\/reklamni-display-za-nokte-na-stalku-60-kom\/#primaryimage"},"image":{"@id":"https:\/\/www.meavia-mh.hr\/product\/reklamni-display-za-nokte-na-stalku-60-kom\/#primaryimage"},"thumbnailUrl":"https:\/\/www.meavia-mh.hr\/wp-content\/uploads\/2025\/10\/Reklamni-display-za-nokte-na-stalku-\u2013-60-kom.webp","datePublished":"2025-10-15T07:08:02+00:00","dateModified":"2026-01-29T21:51:26+00:00","description":"Mea Via Beauty \u22c6 Reklamni stojalnik za nohte - 60 kosov \u22c6 reklamni namigi \u22c6 za predstavitev barv za nohte \u22c6 za poslikavo nohtov","breadcrumb":{"@id":"https:\/\/www.meavia-mh.hr\/product\/reklamni-display-za-nokte-na-stalku-60-kom\/#breadcrumb"},"inLanguage":"sl-SI","potentialAction":[{"@type":"ReadAction","target":["https:\/\/www.meavia-mh.hr\/product\/reklamni-display-za-nokte-na-stalku-60-kom\/"]}]},{"@type":"ImageObject","inLanguage":"sl-SI","@id":"https:\/\/www.meavia-mh.hr\/product\/reklamni-display-za-nokte-na-stalku-60-kom\/#primaryimage","url":"https:\/\/www.meavia-mh.hr\/wp-content\/uploads\/2025\/10\/Reklamni-display-za-nokte-na-stalku-\u2013-60-kom.webp","contentUrl":"https:\/\/www.meavia-mh.hr\/wp-content\/uploads\/2025\/10\/Reklamni-display-za-nokte-na-stalku-\u2013-60-kom.webp","width":1200,"height":1200,"caption":"Reklamni display za nokte na stalku - 60 kom"},{"@type":"BreadcrumbList","@id":"https:\/\/www.meavia-mh.hr\/product\/reklamni-display-za-nokte-na-stalku-60-kom\/#breadcrumb","itemListElement":[{"@type":"ListItem","position":1,"name":"Po\u010detna stranica","item":"https:\/\/www.meavia-mh.hr\/"},{"@type":"ListItem","position":2,"name":"Trgovina","item":"https:\/\/meavia-mh.hr\/sl\/store\/"},{"@type":"ListItem","position":3,"name":"Reklamni display za nokte na stalku &#8211; 60 kom"}]},{"@type":"WebSite","@id":"https:\/\/meavia-mh.hr\/sl\/#website","url":"https:\/\/meavia-mh.hr\/sl\/","name":"MEA VIA BEAUTY","description":"Only The Best For Your Beauty","publisher":{"@id":"https:\/\/meavia-mh.hr\/sl\/#organization"},"alternateName":"Mea Via Nails","potentialAction":[{"@type":"SearchAction","target":{"@type":"EntryPoint","urlTemplate":"https:\/\/meavia-mh.hr\/sl\/?s={search_term_string}"},"query-input":{"@type":"PropertyValueSpecification","valueRequired":true,"valueName":"search_term_string"}}],"inLanguage":"sl-SI"},{"@type":"Organization","@id":"https:\/\/meavia-mh.hr\/sl\/#organization","name":"Mea Via Nails World","alternateName":"Mea Via","url":"https:\/\/meavia-mh.hr\/sl\/","logo":{"@type":"ImageObject","inLanguage":"sl-SI","@id":"https:\/\/meavia-mh.hr\/sl\/#\/schema\/logo\/image\/","url":"https:\/\/www.meavia-mh.hr\/wp-content\/uploads\/2020\/12\/Mea-Via.png","contentUrl":"https:\/\/www.meavia-mh.hr\/wp-content\/uploads\/2020\/12\/Mea-Via.png","width":1181,"height":393,"caption":"Mea Via Nails World"},"image":{"@id":"https:\/\/meavia-mh.hr\/sl\/#\/schema\/logo\/image\/"},"sameAs":["https:\/\/www.facebook.com\/MeaViaNailsWorld","https:\/\/www.instagram.com\/mea_via_nails_world\/","https:\/\/www.youtube.com\/channel\/UCECk0hpRWP6TN-EfA4ER96g\/featured"]}]}},"spectra_custom_meta":{"_sku":["144345"],"_regular_price":["7.90"],"total_sales":["2"],"_tax_status":["taxable"],"_tax_class":[""],"_manage_stock":["yes"],"_backorders":["no"],"_sold_individually":["no"],"_virtual":["no"],"_downloadable":["no"],"_product_image_gallery":["42567,42566"],"_download_limit":["-1"],"_download_expiry":["-1"],"_thumbnail_id":["42565"],"_stock":["3"],"_stock_status":["instock"],"_wc_average_rating":["0"],"_wc_review_count":["0"],"_product_version":["10.4.3"],"_price":["7.90"],"_wp_page_template":["default"],"_yoast_wpseo_focuskw":["Reklamni display za nokte na stalku"],"_yoast_wpseo_metadesc":["%%sitename%% %%sep%% %%title%% %%sep%% reklamne tipse %%sep%% za prezentaciju boja za nokte %%sep%% za nail art"],"_yoast_wpseo_linkdex":["79"],"_yoast_wpseo_content_score":["90"],"_yoast_wpseo_primary_product_cat":["24"],"site-sidebar-layout":["default"],"site-content-layout":["default"],"theme-transparent-header-meta":["default"],"stick-header-meta":["default"],"_woocs_price_geo_countries":[""],"_woocs_regular_price_geo":[""],"_woocs_sale_price_geo":[""],"_yoast_wpseo_estimated-reading-time-minutes":["1"],"cartflows_redirect_flow_id":[""],"cartflows_add_to_cart_text":[""],"_yoast_wpseo_title":["%%title%% %%page%% %%sep%% promo tipse %%sep%% %%sitename%%"],"_woocs_regular_price_EUR":["1.05"],"_woocs_sale_price_EUR":["-1"],"_lowest_price_30_days":["1.05"],"_yoast_wpseo_wordproof_timestamp":[""],"_yoast_wpseo_primary_fb_product_set":[""],"uag_migration_processed":["1"],"_edit_lock":["1760512539:1239"],"_edit_last":["1239"],"_last_change_time":["1760550507"],"_wc_facebook_sync_enabled_v2":["yes"],"fb_visibility":["yes"],"fb_product_description":[""],"fb_rich_text_description":[""],"_wc_facebook_product_image_source":["product"],"fb_product_video":["a:0:{}"],"fb_brand":[""],"fb_mpn":[""],"fb_size":[""],"fb_color":[""],"fb_material":[""],"fb_pattern":[""],"fb_age_group":[""],"fb_gender":[""],"fb_product_condition":[""],"_wc_facebook_enhanced_catalog_attributes_capacity":[""],"_wc_facebook_enhanced_catalog_attributes_ingredients":[""],"_wc_facebook_enhanced_catalog_attributes_additional_features":[""],"_wc_facebook_enhanced_catalog_attributes_power_type":[""],"_wc_facebook_enhanced_catalog_attributes_stop_use_indications":[""],"_wc_facebook_enhanced_catalog_attributes_standard_features":[""],"_wc_facebook_enhanced_catalog_attributes_spf_value":[""],"_wc_facebook_enhanced_catalog_attributes_skin_type":[""],"_wc_facebook_enhanced_catalog_attributes_skin_tone":[""],"_wc_facebook_enhanced_catalog_attributes_skin_care_concern":[""],"_wc_facebook_enhanced_catalog_attributes_scent":[""],"_wc_facebook_enhanced_catalog_attributes_result_time":[""],"_wc_facebook_enhanced_catalog_attributes_product_form":[""],"_wc_facebook_enhanced_catalog_attributes_keywords":[""],"_wc_facebook_enhanced_catalog_attributes_is_powered":[""],"_wc_facebook_enhanced_catalog_attributes_instructions":[""],"_wc_facebook_enhanced_catalog_attributes_inactive_ingredients":[""],"_wc_facebook_enhanced_catalog_attributes_health_concern":[""],"_wc_facebook_enhanced_catalog_attributes_hair_type":[""],"_wc_facebook_enhanced_catalog_attributes_care_instructions":[""],"_wc_facebook_enhanced_catalog_attributes_body_part":[""],"_wc_facebook_enhanced_catalog_attributes_batteries_required":[""],"_wc_facebook_enhanced_catalog_attributes_wig_cap_type":[""],"ast-site-content-layout":["default"],"site-content-style":["default"],"site-sidebar-style":["default"],"astra-migrate-meta-layouts":["set"],"_yoast_wpseo_primary_product_brand":[""],"_elementor_page_assets":["a:0:{}"],"_uag_page_assets":["a:9:{s:3:\"css\";s:0:\"\";s:2:\"js\";s:0:\"\";s:18:\"current_block_list\";a:3:{i:0;s:11:\"core\/search\";i:1;s:18:\"core\/legacy-widget\";i:2;s:27:\"woocommerce\/product-filters\";}s:8:\"uag_flag\";b:0;s:11:\"uag_version\";s:10:\"1776403924\";s:6:\"gfonts\";a:0:{}s:10:\"gfonts_url\";s:0:\"\";s:12:\"gfonts_files\";a:0:{}s:14:\"uag_faq_layout\";b:0;}"]},"uagb_featured_image_src":{"full":["https:\/\/www.meavia-mh.hr\/wp-content\/uploads\/2025\/10\/Reklamni-display-za-nokte-na-stalku-\u2013-60-kom.webp",1200,1200,false],"thumbnail":["https:\/\/www.meavia-mh.hr\/wp-content\/uploads\/2025\/10\/Reklamni-display-za-nokte-na-stalku-\u2013-60-kom-150x150.webp",150,150,true],"medium":["https:\/\/www.meavia-mh.hr\/wp-content\/uploads\/2025\/10\/Reklamni-display-za-nokte-na-stalku-\u2013-60-kom-300x300.webp",300,300,true],"medium_large":["https:\/\/www.meavia-mh.hr\/wp-content\/uploads\/2025\/10\/Reklamni-display-za-nokte-na-stalku-\u2013-60-kom-768x768.webp",768,768,true],"large":["https:\/\/www.meavia-mh.hr\/wp-content\/uploads\/2025\/10\/Reklamni-display-za-nokte-na-stalku-\u2013-60-kom-1024x1024.webp",1024,1024,true],"1536x1536":["https:\/\/www.meavia-mh.hr\/wp-content\/uploads\/2025\/10\/Reklamni-display-za-nokte-na-stalku-\u2013-60-kom.webp",1200,1200,false],"2048x2048":["https:\/\/www.meavia-mh.hr\/wp-content\/uploads\/2025\/10\/Reklamni-display-za-nokte-na-stalku-\u2013-60-kom.webp",1200,1200,false],"trp-custom-language-flag":["https:\/\/www.meavia-mh.hr\/wp-content\/uploads\/2025\/10\/Reklamni-display-za-nokte-na-stalku-\u2013-60-kom-12x12.webp",12,12,true],"woocommerce_thumbnail":["https:\/\/www.meavia-mh.hr\/wp-content\/uploads\/2025\/10\/Reklamni-display-za-nokte-na-stalku-\u2013-60-kom-300x300.webp",300,300,true],"woocommerce_single":["https:\/\/www.meavia-mh.hr\/wp-content\/uploads\/2025\/10\/Reklamni-display-za-nokte-na-stalku-\u2013-60-kom-600x600.webp",600,600,true],"woocommerce_gallery_thumbnail":["https:\/\/www.meavia-mh.hr\/wp-content\/uploads\/2025\/10\/Reklamni-display-za-nokte-na-stalku-\u2013-60-kom-100x100.webp",100,100,true]},"uagb_author_info":{"display_name":"Zla Gol","author_link":"https:\/\/www.meavia-mh.hr\/sl\/author\/"},"uagb_comment_info":0,"uagb_excerpt":"Reklamni display za nokte na stalku odli\u010dan je na\u010din da poklonite bojama svojih kolor lakova novu dimenziju. Reklamni display za nokte na stalku najednostavnji je na\u010din da va\u0161im klijentima poka\u017eete bogatstvo boja kojima raspola\u017eete u svom salonu. Paleta za isprobavanje nijansi boja dizajnirana je za lak\u0161u prezentaciju i usporedbu. Sve \u0161to \u017eelite isprobati i pokazati.&hellip;","_links":{"self":[{"href":"https:\/\/www.meavia-mh.hr\/sl\/wp-json\/wp\/v2\/product\/42564","targetHints":{"allow":["GET"]}}],"collection":[{"href":"https:\/\/www.meavia-mh.hr\/sl\/wp-json\/wp\/v2\/product"}],"about":[{"href":"https:\/\/www.meavia-mh.hr\/sl\/wp-json\/wp\/v2\/types\/product"}],"replies":[{"embeddable":true,"href":"https:\/\/www.meavia-mh.hr\/sl\/wp-json\/wp\/v2\/comments?post=42564"}],"version-history":[{"count":1,"href":"https:\/\/www.meavia-mh.hr\/sl\/wp-json\/wp\/v2\/product\/42564\/revisions"}],"predecessor-version":[{"id":42568,"href":"https:\/\/www.meavia-mh.hr\/sl\/wp-json\/wp\/v2\/product\/42564\/revisions\/42568"}],"wp:featuredmedia":[{"embeddable":true,"href":"https:\/\/www.meavia-mh.hr\/sl\/wp-json\/wp\/v2\/media\/42565"}],"wp:attachment":[{"href":"https:\/\/www.meavia-mh.hr\/sl\/wp-json\/wp\/v2\/media?parent=42564"}],"wp:term":[{"taxonomy":"product_brand","embeddable":true,"href":"https:\/\/www.meavia-mh.hr\/sl\/wp-json\/wp\/v2\/product_brand?post=42564"},{"taxonomy":"product_cat","embeddable":true,"href":"https:\/\/www.meavia-mh.hr\/sl\/wp-json\/wp\/v2\/product_cat?post=42564"},{"taxonomy":"product_tag","embeddable":true,"href":"https:\/\/www.meavia-mh.hr\/sl\/wp-json\/wp\/v2\/product_tag?post=42564"}],"curies":[{"name":"delovni list","href":"https:\/\/api.w.org\/{rel}","templated":true}]}}