{"id":42560,"date":"2025-10-15T08:58:00","date_gmt":"2025-10-15T06:58:00","guid":{"rendered":"https:\/\/www.meavia-mh.hr\/?post_type=product&#038;p=42560"},"modified":"2026-04-17T07:49:08","modified_gmt":"2026-04-17T06:49:08","slug":"set-keramickih-nastavaka-za-brusilicu","status":"publish","type":"product","link":"https:\/\/www.meavia-mh.hr\/sl\/product\/set-keramickih-nastavaka-za-brusilicu\/","title":{"rendered":"Komplet kerami\u010dnih nastavkov za brusilnik"},"content":{"rendered":"<p><span class=\"\">Komplet kerami\u010dnih nastavkov za brusilnik je namenjen odstranjevanju permanentnih lakov za nohte, gelov in akrila. Zahvaljujo\u010d trdnemu kerami\u010dnemu materialu imajo nastavki veliko dalj\u0161o \u017eivljenjsko dobo kot drugi nastavki, prednost kerami\u010dnega materiala pa je, da se med bru\u0161enjem ne segreje tako hitro kot drugi materiali.<\/span><\/p>\n<ul>\n<li>Univerzalni nastavki za oblikovanje nohtov<\/li>\n<li>Idealen komplet prilog<\/li>\n<li>Zelo trden in vzdr\u017eljiv material<\/li>\n<li>\u0160obo je mogo\u010de razku\u017eiti in sterilizirati<\/li>\n<li>Z lahkoto odstrani stare usedline, ne da bi povzro\u010dil tresljaje<\/li>\n<li>Mo\u010dna in trpe\u017ena<\/li>\n<li>Prilega se vsakemu brusilniku za nohte z glavo za obra\u010danje in zaklepanje<\/li>\n<li>Izdelek za profesionalno uporabo<\/li>\n<li><span style=\"font-size: 1.1em; font-weight: bold;\">Pakiranje: 5 kosov nastavkov<\/span><\/li>\n<\/ul>\n<h6>Kerami\u010dni nastavek za brusilko za nohte:<\/h6>\n<p><span class=\"\">Pred za\u010detkom manikure je treba nohtno plo\u0161\u010do pravilno pripraviti. <\/span><span class=\"\">Potreben pripomo\u010dek za to je brusilka za nohte z ustrezno izbranimi brusilnimi nastavki (rezalniki). V na\u0161i ponudbi lahko najdete ve\u010d modelov in vrst brusilk za nohte, kot so <a href=\"https:\/\/www.meavia-mh.hr\/sl\/product\/brusilica-za-nokte-marathon-3-champion-white-h200\/\">Marathon Champion<\/a>,\u00a0 <a href=\"https:\/\/www.meavia-mh.hr\/sl\/product\/brusilica-za-nokte-marathon-k35-cube-hot-pink-h20\/\">Marathon Cube 35<\/a>, <a href=\"https:\/\/www.meavia-mh.hr\/sl\/product\/brusilica-za-nokte-sprint-48-white\/\">Sprint 48<\/a>, <a href=\"https:\/\/www.meavia-mh.hr\/sl\/product\/brusilica-za-nokte-portable-jd308\/\">JD308<\/a> \u2026<\/span><\/p>\n<p>Kerami\u010dni podalj\u0161ki za <a href=\"https:\/\/www.meavia-mh.hr\/sl\/product\/palu-brusilica-za-nokte-portable-nail-file-machine-black-white\/\">\u0161\u010dipalke za nohte<\/a> so najbolj univerzalni in se najpogosteje uporabljajo pri delu v salonih za manikuro in pedikuro. Nadaljevanje za <a href=\"https:\/\/www.meavia-mh.hr\/sl\/product\/palu-brusilica-za-nokte-portable-nail-file-machine-white-pink\/\">brusilnik za nohte<\/a><span class=\"\"> izdelana je iz zelo trpe\u017enega, kvalitetnega, kerami\u010dnega materiala \u2013 cirkonijevega oksida, zaradi \u010desar je izjemno trpe\u017ena in vzdr\u017eljiva.<\/span>\u00a0Odvisno od stopnjevanja in oblike jih lahko uporabimo za odstranjevanje povrhnjice okoli nohta, matiranje nohtne plo\u0161\u010de in odstranjevanje starega gela, akrila ali trajnega laka. <span class=\"\">Primerni so tudi za za\u010detnike, ki \u0161e niso v celoti izku\u0161eni z izvajanjem tretmaja. <\/span><\/p>\n<p>Nastavki za bru\u0161enje nohtov so razli\u010dnih oblik: sto\u017eec, zaobljen sto\u017eec, cilinder, zaobljen valj, solza, kroglica, sto\u017eec ali disk. Najbolj priljubljeni so krogla, obrnjen sto\u017eec in zaobljen valj. Imajo tudi razli\u010dne stopnje finosti, od najmanj\u0161ih, ki so zelo ne\u017eni do povrhnjice, pa vse do zelo debelih, za odstranjevanje trajnih lakov, gelov in akrilnih gelov.<\/p>\n<p><span class=\"\">Zaradi \u0161iroke palete oblik in finosti gradacije so univerzalni podalj\u0161ki za brusilce nohtov, ki jih lahko uporabljamo za delo z nohti in obnohtno ko\u017eico.<\/span><\/p>\n<p>Glede na finost gradacije lahko podalj\u0161ke razvrstimo v naslednje skupine:<\/p>\n<ul>\n<li>XF (Extra Fine) - rumena oznaka: ekstra fino<\/li>\n<li>F (Fino) - rde\u010da oznaka: ne\u017ena finost<\/li>\n<li>M (Medium) - modra oznaka: srednja finost<\/li>\n<li>C (Coarse) - zelena oznaka: groba finost<\/li>\n<li>XC (Extra Coarse) - \u010drna oznaka: zelo groba<\/li>\n<\/ul>\n<p>Kerami\u010dne rezalnike za nohte odli\u010dno in hitro odstranijo trajni lak, gel, akril in oblikovanje nohtne plo\u0161\u010de. Kerami\u010dne pilice za nohte omogo\u010dajo tudi \u010di\u0161\u010denje nohtov od spodaj. Z izbiro prave konice lahko natan\u010dno odstranite prej\u0161nji stajling, ki je zelo blizu nohtne plo\u0161\u010de, ne da bi to vplivalo na strukturo nohta.<\/p>\n<h6>Namen rezalnikov za keramiko:<\/h6>\n<ul>\n<li>odstranjevanje trajnega laka, gela ali akrila<\/li>\n<li>odstranjevanje obnohtne ko\u017eice in poliranje nohtov<\/li>\n<li>\u010di\u0161\u010denje nohtov<\/li>\n<li>odstranjevanje in poliranje ne\u017ene ko\u017ee in naravnih nohtov<\/li>\n<li>zagotavlja manj invazivno delovanje in zmanj\u0161uje tveganje za po\u0161kodbe<\/li>\n<li>kot nala\u0161\u010d za zaklju\u010dek manikure in nohtov<\/li>\n<li>pred nanosom akrilnega gela matirajte naravno nohtno plo\u0161\u010do<\/li>\n<li>gelsko poliranje, odstranjuje ostanke baze<\/li>\n<li>za odstranjevanje kurjih o\u010des, mehurjev<\/li>\n<\/ul>","protected":false},"excerpt":{"rendered":"<p>Set kerami\u010dkih nastavaka za brusilicu namijenjen je uklanjanju trajnih lakova,\u00a0 gelova i akrila. Zahvaljuju\u0107i \u010dvrstom kerami\u010dkom materijalu, nastavci imaju puno dulji \u017eivotni vijek od drugih nastavaka, a prednost kerami\u010dkog materijala je i to \u0161to se tijekom bru\u0161enja ne zagrijava tako brzo kao ostali materijali. Univerzalni nastavci za oblikovanje nokta Idealan set nastavaka Vrlo tvrd i [&hellip;]<\/p>\n","protected":false},"featured_media":42562,"comment_status":"closed","ping_status":"closed","template":"","meta":{"_uag_custom_page_level_css":"","site-sidebar-layout":"default","site-content-layout":"","ast-site-content-layout":"default","site-content-style":"default","site-sidebar-style":"default","ast-global-header-display":"","ast-banner-title-visibility":"","ast-main-header-display":"","ast-hfb-above-header-display":"","ast-hfb-below-header-display":"","ast-hfb-mobile-header-display":"","site-post-title":"","ast-breadcrumbs-content":"","ast-featured-img":"","footer-sml-layout":"","ast-disable-related-posts":"","theme-transparent-header-meta":"default","adv-header-id-meta":"","stick-header-meta":"default","header-above-stick-meta":"","header-main-stick-meta":"","header-below-stick-meta":"","astra-migrate-meta-layouts":"set","ast-page-background-enabled":"default","ast-page-background-meta":{"desktop":{"background-color":"var(--ast-global-color-4)","background-image":"","background-repeat":"repeat","background-position":"center center","background-size":"auto","background-attachment":"scroll","background-type":"","background-media":"","overlay-type":"","overlay-color":"","overlay-opacity":"","overlay-gradient":""},"tablet":{"background-color":"","background-image":"","background-repeat":"repeat","background-position":"center center","background-size":"auto","background-attachment":"scroll","background-type":"","background-media":"","overlay-type":"","overlay-color":"","overlay-opacity":"","overlay-gradient":""},"mobile":{"background-color":"","background-image":"","background-repeat":"repeat","background-position":"center center","background-size":"auto","background-attachment":"scroll","background-type":"","background-media":"","overlay-type":"","overlay-color":"","overlay-opacity":"","overlay-gradient":""}},"ast-content-background-meta":{"desktop":{"background-color":"var(--ast-global-color-5)","background-image":"","background-repeat":"repeat","background-position":"center center","background-size":"auto","background-attachment":"scroll","background-type":"","background-media":"","overlay-type":"","overlay-color":"","overlay-opacity":"","overlay-gradient":""},"tablet":{"background-color":"var(--ast-global-color-5)","background-image":"","background-repeat":"repeat","background-position":"center center","background-size":"auto","background-attachment":"scroll","background-type":"","background-media":"","overlay-type":"","overlay-color":"","overlay-opacity":"","overlay-gradient":""},"mobile":{"background-color":"var(--ast-global-color-5)","background-image":"","background-repeat":"repeat","background-position":"center center","background-size":"auto","background-attachment":"scroll","background-type":"","background-media":"","overlay-type":"","overlay-color":"","overlay-opacity":"","overlay-gradient":""}}},"product_brand":[],"product_cat":[537],"product_tag":[257],"class_list":{"0":"post-42560","1":"product","2":"type-product","3":"status-publish","4":"has-post-thumbnail","6":"product_cat-nastavci-za-brusilice","7":"product_tag-nastavak-za-brusilicu","8":"desktop-align-left","9":"tablet-align-left","10":"mobile-align-left","11":"ast-product-gallery-layout-horizontal-slider","12":"ast-product-tabs-layout-horizontal","14":"first","15":"instock","16":"taxable","17":"shipping-taxable","18":"purchasable","19":"product-type-simple"},"yoast_head":"<!-- This site is optimized with the Yoast SEO plugin v27.4 - https:\/\/yoast.com\/product\/yoast-seo-wordpress\/ -->\n<title>Set kerami\u010dkih nastavaka za brusilicu &#8902; Mea Via Nail Shop<\/title>\n<meta name=\"description\" content=\"Set kerami\u010dkih nastavaka za brusilicu &#8902; top kvaliteta &#8902; za uklanjanje trajnog laka, gela ili akrila &#8902; mogu\u0107e sterilizirati\" \/>\n<meta name=\"robots\" content=\"index, follow, max-snippet:-1, max-image-preview:large, max-video-preview:-1\" \/>\n<link rel=\"canonical\" href=\"https:\/\/www.meavia-mh.hr\/sl\/product\/set-keramickih-nastavaka-za-brusilicu\/\" \/>\n<meta property=\"og:locale\" content=\"sl_SI\" \/>\n<meta property=\"og:type\" content=\"article\" \/>\n<meta property=\"og:title\" content=\"Set kerami\u010dkih nastavaka za brusilicu &#8902; Mea Via Nail Shop\" \/>\n<meta property=\"og:description\" content=\"Set kerami\u010dkih nastavaka za brusilicu &#8902; top kvaliteta &#8902; za uklanjanje trajnog laka, gela ili akrila &#8902; mogu\u0107e sterilizirati\" \/>\n<meta property=\"og:url\" content=\"https:\/\/www.meavia-mh.hr\/sl\/product\/set-keramickih-nastavaka-za-brusilicu\/\" \/>\n<meta property=\"og:site_name\" content=\"Mea Via Beauty\" \/>\n<meta property=\"article:publisher\" content=\"https:\/\/www.facebook.com\/MeaViaNailsWorld\" \/>\n<meta property=\"article:modified_time\" content=\"2026-04-17T06:49:08+00:00\" \/>\n<meta property=\"og:image\" content=\"https:\/\/www.meavia-mh.hr\/wp-content\/uploads\/2025\/10\/147958_01_1909.webp\" \/>\n\t<meta property=\"og:image:width\" content=\"1200\" \/>\n\t<meta property=\"og:image:height\" content=\"1200\" \/>\n\t<meta property=\"og:image:type\" content=\"image\/webp\" \/>\n<meta name=\"twitter:card\" content=\"summary_large_image\" \/>\n<meta name=\"twitter:label1\" content=\"Est. reading time\" \/>\n\t<meta name=\"twitter:data1\" content=\"3 minute\" \/>\n<script type=\"application\/ld+json\" class=\"yoast-schema-graph\">{\"@context\":\"https:\\\/\\\/schema.org\",\"@graph\":[{\"@type\":\"WebPage\",\"@id\":\"https:\\\/\\\/www.meavia-mh.hr\\\/product\\\/set-keramickih-nastavaka-za-brusilicu\\\/\",\"url\":\"https:\\\/\\\/www.meavia-mh.hr\\\/product\\\/set-keramickih-nastavaka-za-brusilicu\\\/\",\"name\":\"Set kerami\u010dkih nastavaka za brusilicu &#8902; Mea Via Nail Shop\",\"isPartOf\":{\"@id\":\"https:\\\/\\\/meavia-mh.hr\\\/sl\\\/#website\"},\"primaryImageOfPage\":{\"@id\":\"https:\\\/\\\/www.meavia-mh.hr\\\/product\\\/set-keramickih-nastavaka-za-brusilicu\\\/#primaryimage\"},\"image\":{\"@id\":\"https:\\\/\\\/www.meavia-mh.hr\\\/product\\\/set-keramickih-nastavaka-za-brusilicu\\\/#primaryimage\"},\"thumbnailUrl\":\"https:\\\/\\\/www.meavia-mh.hr\\\/wp-content\\\/uploads\\\/2025\\\/10\\\/147958_01_1909.webp\",\"datePublished\":\"2025-10-15T06:58:00+00:00\",\"dateModified\":\"2026-04-17T06:49:08+00:00\",\"description\":\"Set kerami\u010dkih nastavaka za brusilicu &#8902; top kvaliteta &#8902; za uklanjanje trajnog laka, gela ili akrila &#8902; mogu\u0107e sterilizirati\",\"breadcrumb\":{\"@id\":\"https:\\\/\\\/www.meavia-mh.hr\\\/product\\\/set-keramickih-nastavaka-za-brusilicu\\\/#breadcrumb\"},\"inLanguage\":\"sl-SI\",\"potentialAction\":[{\"@type\":\"ReadAction\",\"target\":[\"https:\\\/\\\/www.meavia-mh.hr\\\/product\\\/set-keramickih-nastavaka-za-brusilicu\\\/\"]}]},{\"@type\":\"ImageObject\",\"inLanguage\":\"sl-SI\",\"@id\":\"https:\\\/\\\/www.meavia-mh.hr\\\/product\\\/set-keramickih-nastavaka-za-brusilicu\\\/#primaryimage\",\"url\":\"https:\\\/\\\/www.meavia-mh.hr\\\/wp-content\\\/uploads\\\/2025\\\/10\\\/147958_01_1909.webp\",\"contentUrl\":\"https:\\\/\\\/www.meavia-mh.hr\\\/wp-content\\\/uploads\\\/2025\\\/10\\\/147958_01_1909.webp\",\"width\":1200,\"height\":1200,\"caption\":\"Set kerami\u010dkih nastavaka za brusilicu\"},{\"@type\":\"BreadcrumbList\",\"@id\":\"https:\\\/\\\/www.meavia-mh.hr\\\/product\\\/set-keramickih-nastavaka-za-brusilicu\\\/#breadcrumb\",\"itemListElement\":[{\"@type\":\"ListItem\",\"position\":1,\"name\":\"Po\u010detna stranica\",\"item\":\"https:\\\/\\\/www.meavia-mh.hr\\\/\"},{\"@type\":\"ListItem\",\"position\":2,\"name\":\"Trgovina\",\"item\":\"https:\\\/\\\/meavia-mh.hr\\\/sl\\\/store\\\/\"},{\"@type\":\"ListItem\",\"position\":3,\"name\":\"Set kerami\u010dkih nastavaka za brusilicu\"}]},{\"@type\":\"WebSite\",\"@id\":\"https:\\\/\\\/meavia-mh.hr\\\/sl\\\/#website\",\"url\":\"https:\\\/\\\/meavia-mh.hr\\\/sl\\\/\",\"name\":\"Mea Via Beauty\",\"description\":\"Only The Best For Your Beauty\",\"publisher\":{\"@id\":\"https:\\\/\\\/meavia-mh.hr\\\/sl\\\/#organization\"},\"alternateName\":\"Mea Via Nails\",\"potentialAction\":[{\"@type\":\"SearchAction\",\"target\":{\"@type\":\"EntryPoint\",\"urlTemplate\":\"https:\\\/\\\/meavia-mh.hr\\\/sl\\\/?s={search_term_string}\"},\"query-input\":{\"@type\":\"PropertyValueSpecification\",\"valueRequired\":true,\"valueName\":\"search_term_string\"}}],\"inLanguage\":\"sl-SI\"},{\"@type\":\"Organization\",\"@id\":\"https:\\\/\\\/meavia-mh.hr\\\/sl\\\/#organization\",\"name\":\"Mea Via Nails World\",\"alternateName\":\"Mea Via\",\"url\":\"https:\\\/\\\/meavia-mh.hr\\\/sl\\\/\",\"logo\":{\"@type\":\"ImageObject\",\"inLanguage\":\"sl-SI\",\"@id\":\"https:\\\/\\\/meavia-mh.hr\\\/sl\\\/#\\\/schema\\\/logo\\\/image\\\/\",\"url\":\"https:\\\/\\\/www.meavia-mh.hr\\\/wp-content\\\/uploads\\\/2020\\\/12\\\/Mea-Via.png\",\"contentUrl\":\"https:\\\/\\\/www.meavia-mh.hr\\\/wp-content\\\/uploads\\\/2020\\\/12\\\/Mea-Via.png\",\"width\":1181,\"height\":393,\"caption\":\"Mea Via Nails World\"},\"image\":{\"@id\":\"https:\\\/\\\/meavia-mh.hr\\\/sl\\\/#\\\/schema\\\/logo\\\/image\\\/\"},\"sameAs\":[\"https:\\\/\\\/www.facebook.com\\\/MeaViaNailsWorld\",\"https:\\\/\\\/www.instagram.com\\\/mea_via_nails_world\\\/\",\"https:\\\/\\\/www.youtube.com\\\/channel\\\/UCECk0hpRWP6TN-EfA4ER96g\\\/featured\"]}]}<\/script>\n<!-- \/ Yoast SEO plugin. -->","yoast_head_json":{"title":"Komplet nastavkov za kerami\u010dni brusilnik \u22c6 Mea Via Nail Shop","description":"Komplet kerami\u010dnih nastavkov za brusilnik \u22c6 vrhunska kakovost \u22c6 za odstranjevanje permanentnega laka, gela ali akrila \u22c6 mo\u017enost sterilizacije","robots":{"index":"index","follow":"follow","max-snippet":"max-snippet:-1","max-image-preview":"max-image-preview:large","max-video-preview":"max-video-preview:-1"},"canonical":"https:\/\/www.meavia-mh.hr\/sl\/product\/set-keramickih-nastavaka-za-brusilicu\/","og_locale":"sl_SI","og_type":"article","og_title":"Set kerami\u010dkih nastavaka za brusilicu &#8902; Mea Via Nail Shop","og_description":"Set kerami\u010dkih nastavaka za brusilicu &#8902; top kvaliteta &#8902; za uklanjanje trajnog laka, gela ili akrila &#8902; mogu\u0107e sterilizirati","og_url":"https:\/\/www.meavia-mh.hr\/sl\/product\/set-keramickih-nastavaka-za-brusilicu\/","og_site_name":"Mea Via Beauty","article_publisher":"https:\/\/www.facebook.com\/MeaViaNailsWorld","article_modified_time":"2026-04-17T06:49:08+00:00","og_image":[{"width":1200,"height":1200,"url":"https:\/\/www.meavia-mh.hr\/wp-content\/uploads\/2025\/10\/147958_01_1909.webp","type":"image\/webp"}],"twitter_card":"summary_large_image","twitter_misc":{"Est. reading time":"3 minute"},"schema":{"@context":"https:\/\/schema.org","@graph":[{"@type":"WebPage","@id":"https:\/\/www.meavia-mh.hr\/product\/set-keramickih-nastavaka-za-brusilicu\/","url":"https:\/\/www.meavia-mh.hr\/product\/set-keramickih-nastavaka-za-brusilicu\/","name":"Komplet nastavkov za kerami\u010dni brusilnik \u22c6 Mea Via Nail Shop","isPartOf":{"@id":"https:\/\/meavia-mh.hr\/sl\/#website"},"primaryImageOfPage":{"@id":"https:\/\/www.meavia-mh.hr\/product\/set-keramickih-nastavaka-za-brusilicu\/#primaryimage"},"image":{"@id":"https:\/\/www.meavia-mh.hr\/product\/set-keramickih-nastavaka-za-brusilicu\/#primaryimage"},"thumbnailUrl":"https:\/\/www.meavia-mh.hr\/wp-content\/uploads\/2025\/10\/147958_01_1909.webp","datePublished":"2025-10-15T06:58:00+00:00","dateModified":"2026-04-17T06:49:08+00:00","description":"Komplet kerami\u010dnih nastavkov za brusilnik \u22c6 vrhunska kakovost \u22c6 za odstranjevanje permanentnega laka, gela ali akrila \u22c6 mo\u017enost sterilizacije","breadcrumb":{"@id":"https:\/\/www.meavia-mh.hr\/product\/set-keramickih-nastavaka-za-brusilicu\/#breadcrumb"},"inLanguage":"sl-SI","potentialAction":[{"@type":"ReadAction","target":["https:\/\/www.meavia-mh.hr\/product\/set-keramickih-nastavaka-za-brusilicu\/"]}]},{"@type":"ImageObject","inLanguage":"sl-SI","@id":"https:\/\/www.meavia-mh.hr\/product\/set-keramickih-nastavaka-za-brusilicu\/#primaryimage","url":"https:\/\/www.meavia-mh.hr\/wp-content\/uploads\/2025\/10\/147958_01_1909.webp","contentUrl":"https:\/\/www.meavia-mh.hr\/wp-content\/uploads\/2025\/10\/147958_01_1909.webp","width":1200,"height":1200,"caption":"Set kerami\u010dkih nastavaka za brusilicu"},{"@type":"BreadcrumbList","@id":"https:\/\/www.meavia-mh.hr\/product\/set-keramickih-nastavaka-za-brusilicu\/#breadcrumb","itemListElement":[{"@type":"ListItem","position":1,"name":"Po\u010detna stranica","item":"https:\/\/www.meavia-mh.hr\/"},{"@type":"ListItem","position":2,"name":"Trgovina","item":"https:\/\/meavia-mh.hr\/sl\/store\/"},{"@type":"ListItem","position":3,"name":"Set kerami\u010dkih nastavaka za brusilicu"}]},{"@type":"WebSite","@id":"https:\/\/meavia-mh.hr\/sl\/#website","url":"https:\/\/meavia-mh.hr\/sl\/","name":"MEA VIA BEAUTY","description":"Only The Best For Your Beauty","publisher":{"@id":"https:\/\/meavia-mh.hr\/sl\/#organization"},"alternateName":"Mea Via Nails","potentialAction":[{"@type":"SearchAction","target":{"@type":"EntryPoint","urlTemplate":"https:\/\/meavia-mh.hr\/sl\/?s={search_term_string}"},"query-input":{"@type":"PropertyValueSpecification","valueRequired":true,"valueName":"search_term_string"}}],"inLanguage":"sl-SI"},{"@type":"Organization","@id":"https:\/\/meavia-mh.hr\/sl\/#organization","name":"Mea Via Nails World","alternateName":"Mea Via","url":"https:\/\/meavia-mh.hr\/sl\/","logo":{"@type":"ImageObject","inLanguage":"sl-SI","@id":"https:\/\/meavia-mh.hr\/sl\/#\/schema\/logo\/image\/","url":"https:\/\/www.meavia-mh.hr\/wp-content\/uploads\/2020\/12\/Mea-Via.png","contentUrl":"https:\/\/www.meavia-mh.hr\/wp-content\/uploads\/2020\/12\/Mea-Via.png","width":1181,"height":393,"caption":"Mea Via Nails World"},"image":{"@id":"https:\/\/meavia-mh.hr\/sl\/#\/schema\/logo\/image\/"},"sameAs":["https:\/\/www.facebook.com\/MeaViaNailsWorld","https:\/\/www.instagram.com\/mea_via_nails_world\/","https:\/\/www.youtube.com\/channel\/UCECk0hpRWP6TN-EfA4ER96g\/featured"]}]}},"spectra_custom_meta":{"_sku":["147958"],"_regular_price":["11.99"],"total_sales":["4"],"_tax_status":["taxable"],"_tax_class":[""],"_manage_stock":["yes"],"_backorders":["no"],"_sold_individually":["no"],"_virtual":["no"],"_downloadable":["no"],"_product_image_gallery":["42561,10172"],"_download_limit":["-1"],"_download_expiry":["-1"],"_thumbnail_id":["42562"],"_stock":["1"],"_stock_status":["instock"],"_wc_average_rating":["0"],"_wc_review_count":["0"],"_product_version":["10.7.0"],"_price":["11.99"],"_wp_page_template":["default"],"_yoast_wpseo_content_score":["90"],"_yoast_wpseo_estimated-reading-time-minutes":["3"],"_woocs_price_geo_countries":[""],"_woocs_regular_price_geo":[""],"_woocs_sale_price_geo":[""],"_yoast_wpseo_primary_product_cat":[""],"site-sidebar-layout":["default"],"theme-transparent-header-meta":["default"],"stick-header-meta":["default"],"_yoast_wpseo_focuskw":["Kerami\u010dki nastavak za brusilicu za nokte"],"_yoast_wpseo_metadesc":["%%title%% %%sep%% top kvaliteta %%sep%% za uklanjanje trajnog laka, gela ili akrila %%sep%% mogu\u0107e sterilizirati"],"_yoast_wpseo_linkdex":["72"],"_yoast_wpseo_title":["%%title%% %%page%% %%sep%% Mea Via Nail Shop"],"cartflows_redirect_flow_id":[""],"cartflows_add_to_cart_text":[""],"_woocs_regular_price_EUR":["9.94"],"_woocs_sale_price_EUR":["-1"],"_lowest_price_30_days":["9.94"],"uag_migration_processed":["1"],"_edit_lock":["1760512038:1239"],"_edit_last":["1239"],"_last_change_time":["1766011828"],"_wc_facebook_sync_enabled_v2":["yes"],"fb_visibility":["yes"],"fb_product_description":[""],"fb_rich_text_description":[""],"_wc_facebook_product_image_source":["product"],"fb_product_video":["a:0:{}"],"fb_brand":[""],"fb_mpn":[""],"fb_size":[""],"fb_color":[""],"fb_material":[""],"fb_pattern":[""],"fb_age_group":[""],"fb_gender":[""],"fb_product_condition":[""],"ast-site-content-layout":["default"],"site-content-style":["default"],"site-sidebar-style":["default"],"astra-migrate-meta-layouts":["set"],"_yoast_wpseo_primary_product_brand":[""],"_elementor_page_assets":["a:0:{}"],"_uag_page_assets":["a:9:{s:3:\"css\";s:0:\"\";s:2:\"js\";s:0:\"\";s:18:\"current_block_list\";a:3:{i:0;s:11:\"core\/search\";i:1;s:18:\"core\/legacy-widget\";i:2;s:27:\"woocommerce\/product-filters\";}s:8:\"uag_flag\";b:0;s:11:\"uag_version\";s:10:\"1776536848\";s:6:\"gfonts\";a:0:{}s:10:\"gfonts_url\";s:0:\"\";s:12:\"gfonts_files\";a:0:{}s:14:\"uag_faq_layout\";b:0;}"]},"uagb_featured_image_src":{"full":["https:\/\/www.meavia-mh.hr\/wp-content\/uploads\/2025\/10\/147958_01_1909.webp",1200,1200,false],"thumbnail":["https:\/\/www.meavia-mh.hr\/wp-content\/uploads\/2025\/10\/147958_01_1909-150x150.webp",150,150,true],"medium":["https:\/\/www.meavia-mh.hr\/wp-content\/uploads\/2025\/10\/147958_01_1909-300x300.webp",300,300,true],"medium_large":["https:\/\/www.meavia-mh.hr\/wp-content\/uploads\/2025\/10\/147958_01_1909-768x768.webp",768,768,true],"large":["https:\/\/www.meavia-mh.hr\/wp-content\/uploads\/2025\/10\/147958_01_1909-1024x1024.webp",1024,1024,true],"1536x1536":["https:\/\/www.meavia-mh.hr\/wp-content\/uploads\/2025\/10\/147958_01_1909.webp",1200,1200,false],"2048x2048":["https:\/\/www.meavia-mh.hr\/wp-content\/uploads\/2025\/10\/147958_01_1909.webp",1200,1200,false],"trp-custom-language-flag":["https:\/\/www.meavia-mh.hr\/wp-content\/uploads\/2025\/10\/147958_01_1909-12x12.webp",12,12,true],"woocommerce_thumbnail":["https:\/\/www.meavia-mh.hr\/wp-content\/uploads\/2025\/10\/147958_01_1909-300x300.webp",300,300,true],"woocommerce_single":["https:\/\/www.meavia-mh.hr\/wp-content\/uploads\/2025\/10\/147958_01_1909-600x600.webp",600,600,true],"woocommerce_gallery_thumbnail":["https:\/\/www.meavia-mh.hr\/wp-content\/uploads\/2025\/10\/147958_01_1909-100x100.webp",100,100,true]},"uagb_author_info":{"display_name":"Zla Gol","author_link":"https:\/\/www.meavia-mh.hr\/sl\/author\/"},"uagb_comment_info":0,"uagb_excerpt":"Set kerami\u010dkih nastavaka za brusilicu namijenjen je uklanjanju trajnih lakova,\u00a0 gelova i akrila. Zahvaljuju\u0107i \u010dvrstom kerami\u010dkom materijalu, nastavci imaju puno dulji \u017eivotni vijek od drugih nastavaka, a prednost kerami\u010dkog materijala je i to \u0161to se tijekom bru\u0161enja ne zagrijava tako brzo kao ostali materijali. Univerzalni nastavci za oblikovanje nokta Idealan set nastavaka Vrlo tvrd i&hellip;","_links":{"self":[{"href":"https:\/\/www.meavia-mh.hr\/sl\/wp-json\/wp\/v2\/product\/42560","targetHints":{"allow":["GET"]}}],"collection":[{"href":"https:\/\/www.meavia-mh.hr\/sl\/wp-json\/wp\/v2\/product"}],"about":[{"href":"https:\/\/www.meavia-mh.hr\/sl\/wp-json\/wp\/v2\/types\/product"}],"replies":[{"embeddable":true,"href":"https:\/\/www.meavia-mh.hr\/sl\/wp-json\/wp\/v2\/comments?post=42560"}],"version-history":[{"count":1,"href":"https:\/\/www.meavia-mh.hr\/sl\/wp-json\/wp\/v2\/product\/42560\/revisions"}],"predecessor-version":[{"id":42563,"href":"https:\/\/www.meavia-mh.hr\/sl\/wp-json\/wp\/v2\/product\/42560\/revisions\/42563"}],"wp:featuredmedia":[{"embeddable":true,"href":"https:\/\/www.meavia-mh.hr\/sl\/wp-json\/wp\/v2\/media\/42562"}],"wp:attachment":[{"href":"https:\/\/www.meavia-mh.hr\/sl\/wp-json\/wp\/v2\/media?parent=42560"}],"wp:term":[{"taxonomy":"product_brand","embeddable":true,"href":"https:\/\/www.meavia-mh.hr\/sl\/wp-json\/wp\/v2\/product_brand?post=42560"},{"taxonomy":"product_cat","embeddable":true,"href":"https:\/\/www.meavia-mh.hr\/sl\/wp-json\/wp\/v2\/product_cat?post=42560"},{"taxonomy":"product_tag","embeddable":true,"href":"https:\/\/www.meavia-mh.hr\/sl\/wp-json\/wp\/v2\/product_tag?post=42560"}],"curies":[{"name":"delovni list","href":"https:\/\/api.w.org\/{rel}","templated":true}]}}