{"id":42419,"date":"2025-10-05T15:52:45","date_gmt":"2025-10-05T13:52:45","guid":{"rendered":"https:\/\/www.meavia-mh.hr\/?post_type=product&#038;p=42419"},"modified":"2026-04-16T15:41:29","modified_gmt":"2026-04-16T14:41:29","slug":"staleks-drveni-stapici-expert-za-manikuru-100-kom","status":"publish","type":"product","link":"https:\/\/www.meavia-mh.hr\/sl\/product\/staleks-drveni-stapici-expert-za-manikuru-100-kom\/","title":{"rendered":"Staleks Expert lesene pal\u010dke za manikuro - 100 kosov"},"content":{"rendered":"<p>Leseni manikurski pal\u010dki Staleks so odli\u010dni za potiskanje obnohtne ko\u017eice in \u010di\u0161\u010denje pod in okoli nohtov. Z ravnim, zaobljenim in koni\u010dastim koncem za optimalno nego nohtov. <strong>Komplet 100 kosov po najbolj\u0161i ceni.<\/strong><\/p>\n<p><span style=\"font-size: 16px; font-style: normal;\">Lesene manikirne palice so na enem koncu splo\u0161\u010dene, na drugem pa ostra konica.\u00a0<\/span><span style=\"font-size: 16px; font-style: normal;\">Enostaven za uporabo in uporabo.\u00a0<\/span><span style=\"font-size: 16px;\">Lesena pal\u010dka za enkratno uporabo, ki se uporablja za premikanje in odstranjevanje ko\u017eice. Dol\u017eina pal\u010dke 7,5 cm.<\/span><\/p>\n<h6><span style=\"font-size: 17.600000381469727px; font-style: normal; font-weight: bold;\">Pakiranje: 100 kosov<\/span><\/h6>\n<p>Palice so narejene iz oran\u017enega lesa, zato ni \u0161kodljiva za nohte ali ko\u017eo.\u00a0<span style=\"font-size: 16px; font-style: normal;\">Tudi ta les ima razku\u017eevalni u\u010dinek, kar je pomembno tudi za tak postopek, kot je manikura.\u00a0<\/span><span style=\"font-size: 16px;\">Zahvaljujo\u010d njegovi<\/span><span style=\"font-size: 16px;\">\u00a0elasti\u010dna povr\u0161ina, ki ni izpostavljena razslojevanju in razpokanju, palice ne bodo travmatizirale povr\u0161ine nohtov in okolja ko\u017ee.<\/span><\/p>\n<p>Palice za nohte se pogosto uporabljajo v salonih in se najpogosteje uporabljajo pri ve\u010d postopkih nohtov:<\/p>\n<ul>\n<li><strong>Odstranjevanje umazanije pod nohtom.\u00a0<\/strong>Palica vam omogo\u010da hitro in natan\u010dno \u010di\u0161\u010denje nohta od znotraj. \u010ce \u017eelite to narediti, dr\u017eite oster konec manikirnega orodja pod nohtom. Pomembno je upo\u0161tevati dejstvo, da bolj pogosto kot jih uporabljajo za izvajanje tega postopka, pogosteje jih je treba spreminjati.<\/li>\n<li><strong>Odstranjevanje obnohtne ko\u017eice.\u00a0<\/strong>Ta postopek je glavna naloga palice. Topa stran slu\u017ei za potiskanje ko\u017eice na noht. Pred izvedbo tega postopka je priporo\u010dljivo ko\u017eo okoli nohta navla\u017eiti s posebnimi sredstvi. Koni\u010dasti rob palice vam bo pomagal pri soo\u010danju s trdo ko\u017eico. Delovati je treba po\u010dasi in brez pritiska z lesenimi palicami, da ne po\u0161kodujemo povrhnjice in nohta.<\/li>\n<li><strong>Odstranjevanje odve\u010dnega materiala (<a href=\"https:\/\/www.meavia-mh.hr\/sl\/product\/palu-gradivni-gel-cover-50-ml\/\">gel<\/a>, <a href=\"https:\/\/www.meavia-mh.hr\/sl\/product\/palu-gel-polish-trajni-lak-toronto-t6-11-ml\/\">trajni lak<\/a>) s ko\u017eice. <\/strong>Manikirna palica je nenadomestljiv pomo\u010dnik pri odstranjevanju odve\u010dnega materiala z laka, gela ali akrila.<\/li>\n<li><strong>Okraski in nohti. <\/strong>Manikirne pal\u010dke vam bodo pomagale ne\u017eno in natan\u010dno na nohte nanesti okrasne kamne, nakit, kroglice, ble\u0161\u010dice, kamen\u010dke in druge okraske. Prav tako jih je mogo\u010de uporabiti za nana\u0161anje <a href=\"https:\/\/www.meavia-mh.hr\/sl\/product\/palu-matrix-spider-gel-gold-mg4-5-g\/\">pajek gel.<\/a><\/li>\n<li><strong>Me\u0161anje barv.<\/strong> S palicami boste la\u017eje me\u0161ali barvne gele in trajne lake v razli\u010dnih barvah.<\/li>\n<\/ul>","protected":false},"excerpt":{"rendered":"<p>Pakiranje po 100 kosov.<\/p>\n<p>Dol\u017eina palice 7,5 cm.<\/p>","protected":false},"featured_media":42421,"comment_status":"closed","ping_status":"closed","template":"","meta":{"_uag_custom_page_level_css":"","site-sidebar-layout":"default","site-content-layout":null,"ast-site-content-layout":"default","site-content-style":"default","site-sidebar-style":"default","ast-global-header-display":"","ast-banner-title-visibility":"","ast-main-header-display":"","ast-hfb-above-header-display":"","ast-hfb-below-header-display":"","ast-hfb-mobile-header-display":"","site-post-title":"","ast-breadcrumbs-content":null,"ast-featured-img":"","footer-sml-layout":"","ast-disable-related-posts":"","theme-transparent-header-meta":"default","adv-header-id-meta":"","stick-header-meta":"default","header-above-stick-meta":"","header-main-stick-meta":"","header-below-stick-meta":"","astra-migrate-meta-layouts":"set","ast-page-background-enabled":"default","ast-page-background-meta":{"desktop":{"background-color":"var(--ast-global-color-4)","background-image":"","background-repeat":"repeat","background-position":"center center","background-size":"auto","background-attachment":"scroll","background-type":"","background-media":"","overlay-type":"","overlay-color":"","overlay-opacity":"","overlay-gradient":""},"tablet":{"background-color":"","background-image":"","background-repeat":"repeat","background-position":"center center","background-size":"auto","background-attachment":"scroll","background-type":"","background-media":"","overlay-type":"","overlay-color":"","overlay-opacity":"","overlay-gradient":""},"mobile":{"background-color":"","background-image":"","background-repeat":"repeat","background-position":"center center","background-size":"auto","background-attachment":"scroll","background-type":"","background-media":"","overlay-type":"","overlay-color":"","overlay-opacity":"","overlay-gradient":""}},"ast-content-background-meta":{"desktop":{"background-color":"var(--ast-global-color-5)","background-image":"","background-repeat":"repeat","background-position":"center center","background-size":"auto","background-attachment":"scroll","background-type":"","background-media":"","overlay-type":"","overlay-color":"","overlay-opacity":"","overlay-gradient":""},"tablet":{"background-color":"var(--ast-global-color-5)","background-image":"","background-repeat":"repeat","background-position":"center center","background-size":"auto","background-attachment":"scroll","background-type":"","background-media":"","overlay-type":"","overlay-color":"","overlay-opacity":"","overlay-gradient":""},"mobile":{"background-color":"var(--ast-global-color-5)","background-image":"","background-repeat":"repeat","background-position":"center center","background-size":"auto","background-attachment":"scroll","background-type":"","background-media":"","overlay-type":"","overlay-color":"","overlay-opacity":"","overlay-gradient":""}}},"product_brand":[608],"product_cat":[24,247,369],"product_tag":[246,244,226,245],"class_list":{"0":"post-42419","1":"product","2":"type-product","3":"status-publish","4":"has-post-thumbnail","6":"product_brand-staleks","7":"product_cat-dodaci","8":"product_cat-pribor-za-manikuru","9":"product_cat-staleks","10":"product_tag-accessorise","11":"product_tag-manikura","12":"product_tag-pedikura","13":"product_tag-stapici-za-manikuru","14":"desktop-align-left","15":"tablet-align-left","16":"mobile-align-left","17":"ast-product-gallery-layout-horizontal-slider","18":"ast-product-tabs-layout-horizontal","20":"first","21":"instock","22":"taxable","23":"shipping-taxable","24":"purchasable","25":"product-type-simple"},"yoast_head":"<!-- This site is optimized with the Yoast SEO plugin v27.4 - https:\/\/yoast.com\/product\/yoast-seo-wordpress\/ -->\n<title>Staleks drveni \u0161tapi\u0107i Expert za manikuru - 100 kom &#8902; Mea Via Beauty<\/title>\n<meta name=\"description\" content=\"Staleks drveni \u0161tapi\u0107i Expert za manikuru - 100 kom &#8902; veliko pakiranje od 100 komada &#8902; za potiskivane zanoktica &#8902; za ure\u0111ivane kutikule &#8902; uklanjanje gela, laka\" \/>\n<meta name=\"robots\" content=\"index, follow, max-snippet:-1, max-image-preview:large, max-video-preview:-1\" \/>\n<link rel=\"canonical\" href=\"https:\/\/www.meavia-mh.hr\/sl\/product\/staleks-drveni-stapici-expert-za-manikuru-100-kom\/\" \/>\n<meta property=\"og:locale\" content=\"sl_SI\" \/>\n<meta property=\"og:type\" content=\"article\" \/>\n<meta property=\"og:title\" content=\"Staleks drveni \u0161tapi\u0107i Expert za manikuru - 100 kom &#8902; Mea Via Beauty\" \/>\n<meta property=\"og:description\" content=\"Staleks drveni \u0161tapi\u0107i Expert za manikuru - 100 kom &#8902; veliko pakiranje od 100 komada &#8902; za potiskivane zanoktica &#8902; za ure\u0111ivane kutikule &#8902; uklanjanje gela, laka\" \/>\n<meta property=\"og:url\" content=\"https:\/\/www.meavia-mh.hr\/sl\/product\/staleks-drveni-stapici-expert-za-manikuru-100-kom\/\" \/>\n<meta property=\"og:site_name\" content=\"Mea Via Beauty\" \/>\n<meta property=\"article:publisher\" content=\"https:\/\/www.facebook.com\/MeaViaNailsWorld\" \/>\n<meta property=\"article:modified_time\" content=\"2026-04-16T14:41:29+00:00\" \/>\n<meta property=\"og:image\" content=\"https:\/\/www.meavia-mh.hr\/wp-content\/uploads\/2025\/10\/cfa530527a39735f23611480255e8225.webp\" \/>\n\t<meta property=\"og:image:width\" content=\"1300\" \/>\n\t<meta property=\"og:image:height\" content=\"1300\" \/>\n\t<meta property=\"og:image:type\" content=\"image\/webp\" \/>\n<meta name=\"twitter:card\" content=\"summary_large_image\" \/>\n<meta name=\"twitter:label1\" content=\"Est. reading time\" \/>\n\t<meta name=\"twitter:data1\" content=\"2 minuti\" \/>\n<script type=\"application\/ld+json\" class=\"yoast-schema-graph\">{\"@context\":\"https:\\\/\\\/schema.org\",\"@graph\":[{\"@type\":\"WebPage\",\"@id\":\"https:\\\/\\\/www.meavia-mh.hr\\\/product\\\/staleks-drveni-stapici-expert-za-manikuru-100-kom\\\/\",\"url\":\"https:\\\/\\\/www.meavia-mh.hr\\\/product\\\/staleks-drveni-stapici-expert-za-manikuru-100-kom\\\/\",\"name\":\"Staleks drveni \u0161tapi\u0107i Expert za manikuru - 100 kom &#8902; Mea Via Beauty\",\"isPartOf\":{\"@id\":\"https:\\\/\\\/meavia-mh.hr\\\/sl\\\/#website\"},\"primaryImageOfPage\":{\"@id\":\"https:\\\/\\\/www.meavia-mh.hr\\\/product\\\/staleks-drveni-stapici-expert-za-manikuru-100-kom\\\/#primaryimage\"},\"image\":{\"@id\":\"https:\\\/\\\/www.meavia-mh.hr\\\/product\\\/staleks-drveni-stapici-expert-za-manikuru-100-kom\\\/#primaryimage\"},\"thumbnailUrl\":\"https:\\\/\\\/www.meavia-mh.hr\\\/wp-content\\\/uploads\\\/2025\\\/10\\\/cfa530527a39735f23611480255e8225.webp\",\"datePublished\":\"2025-10-05T13:52:45+00:00\",\"dateModified\":\"2026-04-16T14:41:29+00:00\",\"description\":\"Staleks drveni \u0161tapi\u0107i Expert za manikuru - 100 kom &#8902; veliko pakiranje od 100 komada &#8902; za potiskivane zanoktica &#8902; za ure\u0111ivane kutikule &#8902; uklanjanje gela, laka\",\"breadcrumb\":{\"@id\":\"https:\\\/\\\/www.meavia-mh.hr\\\/product\\\/staleks-drveni-stapici-expert-za-manikuru-100-kom\\\/#breadcrumb\"},\"inLanguage\":\"sl-SI\",\"potentialAction\":[{\"@type\":\"ReadAction\",\"target\":[\"https:\\\/\\\/www.meavia-mh.hr\\\/product\\\/staleks-drveni-stapici-expert-za-manikuru-100-kom\\\/\"]}]},{\"@type\":\"ImageObject\",\"inLanguage\":\"sl-SI\",\"@id\":\"https:\\\/\\\/www.meavia-mh.hr\\\/product\\\/staleks-drveni-stapici-expert-za-manikuru-100-kom\\\/#primaryimage\",\"url\":\"https:\\\/\\\/www.meavia-mh.hr\\\/wp-content\\\/uploads\\\/2025\\\/10\\\/cfa530527a39735f23611480255e8225.webp\",\"contentUrl\":\"https:\\\/\\\/www.meavia-mh.hr\\\/wp-content\\\/uploads\\\/2025\\\/10\\\/cfa530527a39735f23611480255e8225.webp\",\"width\":1300,\"height\":1300,\"caption\":\"Staleks drveni \u0161tapi\u0107i Expert za manikuru - 100 kom\"},{\"@type\":\"BreadcrumbList\",\"@id\":\"https:\\\/\\\/www.meavia-mh.hr\\\/product\\\/staleks-drveni-stapici-expert-za-manikuru-100-kom\\\/#breadcrumb\",\"itemListElement\":[{\"@type\":\"ListItem\",\"position\":1,\"name\":\"Po\u010detna stranica\",\"item\":\"https:\\\/\\\/www.meavia-mh.hr\\\/\"},{\"@type\":\"ListItem\",\"position\":2,\"name\":\"Trgovina\",\"item\":\"https:\\\/\\\/meavia-mh.hr\\\/sl\\\/store\\\/\"},{\"@type\":\"ListItem\",\"position\":3,\"name\":\"Staleks drveni \u0161tapi\u0107i Expert za manikuru &#8211; 100 kom\"}]},{\"@type\":\"WebSite\",\"@id\":\"https:\\\/\\\/meavia-mh.hr\\\/sl\\\/#website\",\"url\":\"https:\\\/\\\/meavia-mh.hr\\\/sl\\\/\",\"name\":\"Mea Via Beauty\",\"description\":\"Only The Best For Your Beauty\",\"publisher\":{\"@id\":\"https:\\\/\\\/meavia-mh.hr\\\/sl\\\/#organization\"},\"alternateName\":\"Mea Via Nails\",\"potentialAction\":[{\"@type\":\"SearchAction\",\"target\":{\"@type\":\"EntryPoint\",\"urlTemplate\":\"https:\\\/\\\/meavia-mh.hr\\\/sl\\\/?s={search_term_string}\"},\"query-input\":{\"@type\":\"PropertyValueSpecification\",\"valueRequired\":true,\"valueName\":\"search_term_string\"}}],\"inLanguage\":\"sl-SI\"},{\"@type\":\"Organization\",\"@id\":\"https:\\\/\\\/meavia-mh.hr\\\/sl\\\/#organization\",\"name\":\"Mea Via Nails World\",\"alternateName\":\"Mea Via\",\"url\":\"https:\\\/\\\/meavia-mh.hr\\\/sl\\\/\",\"logo\":{\"@type\":\"ImageObject\",\"inLanguage\":\"sl-SI\",\"@id\":\"https:\\\/\\\/meavia-mh.hr\\\/sl\\\/#\\\/schema\\\/logo\\\/image\\\/\",\"url\":\"https:\\\/\\\/www.meavia-mh.hr\\\/wp-content\\\/uploads\\\/2020\\\/12\\\/Mea-Via.png\",\"contentUrl\":\"https:\\\/\\\/www.meavia-mh.hr\\\/wp-content\\\/uploads\\\/2020\\\/12\\\/Mea-Via.png\",\"width\":1181,\"height\":393,\"caption\":\"Mea Via Nails World\"},\"image\":{\"@id\":\"https:\\\/\\\/meavia-mh.hr\\\/sl\\\/#\\\/schema\\\/logo\\\/image\\\/\"},\"sameAs\":[\"https:\\\/\\\/www.facebook.com\\\/MeaViaNailsWorld\",\"https:\\\/\\\/www.instagram.com\\\/mea_via_nails_world\\\/\",\"https:\\\/\\\/www.youtube.com\\\/channel\\\/UCECk0hpRWP6TN-EfA4ER96g\\\/featured\"]}]}<\/script>\n<!-- \/ Yoast SEO plugin. -->","yoast_head_json":{"title":"Staleks lesene pal\u010dke Expert za manikuro - 100 kosov \u22c6 Mea Via Beauty","description":"Staleks Expert lesene pal\u010dke za manikuro - 100 kosov \u22c6 veliko pakiranje 100 kosov \u22c6 za potiskanje obnohtne ko\u017eice \u22c6 za stri\u017eenje obnohtne ko\u017eice \u22c6 odstranjevanje gela, laka za nohte","robots":{"index":"index","follow":"follow","max-snippet":"max-snippet:-1","max-image-preview":"max-image-preview:large","max-video-preview":"max-video-preview:-1"},"canonical":"https:\/\/www.meavia-mh.hr\/sl\/product\/staleks-drveni-stapici-expert-za-manikuru-100-kom\/","og_locale":"sl_SI","og_type":"article","og_title":"Staleks drveni \u0161tapi\u0107i Expert za manikuru - 100 kom &#8902; Mea Via Beauty","og_description":"Staleks drveni \u0161tapi\u0107i Expert za manikuru - 100 kom &#8902; veliko pakiranje od 100 komada &#8902; za potiskivane zanoktica &#8902; za ure\u0111ivane kutikule &#8902; uklanjanje gela, laka","og_url":"https:\/\/www.meavia-mh.hr\/sl\/product\/staleks-drveni-stapici-expert-za-manikuru-100-kom\/","og_site_name":"Mea Via Beauty","article_publisher":"https:\/\/www.facebook.com\/MeaViaNailsWorld","article_modified_time":"2026-04-16T14:41:29+00:00","og_image":[{"width":1300,"height":1300,"url":"https:\/\/www.meavia-mh.hr\/wp-content\/uploads\/2025\/10\/cfa530527a39735f23611480255e8225.webp","type":"image\/webp"}],"twitter_card":"summary_large_image","twitter_misc":{"Est. reading time":"2 minuti"},"schema":{"@context":"https:\/\/schema.org","@graph":[{"@type":"WebPage","@id":"https:\/\/www.meavia-mh.hr\/product\/staleks-drveni-stapici-expert-za-manikuru-100-kom\/","url":"https:\/\/www.meavia-mh.hr\/product\/staleks-drveni-stapici-expert-za-manikuru-100-kom\/","name":"Staleks lesene pal\u010dke Expert za manikuro - 100 kosov \u22c6 Mea Via Beauty","isPartOf":{"@id":"https:\/\/meavia-mh.hr\/sl\/#website"},"primaryImageOfPage":{"@id":"https:\/\/www.meavia-mh.hr\/product\/staleks-drveni-stapici-expert-za-manikuru-100-kom\/#primaryimage"},"image":{"@id":"https:\/\/www.meavia-mh.hr\/product\/staleks-drveni-stapici-expert-za-manikuru-100-kom\/#primaryimage"},"thumbnailUrl":"https:\/\/www.meavia-mh.hr\/wp-content\/uploads\/2025\/10\/cfa530527a39735f23611480255e8225.webp","datePublished":"2025-10-05T13:52:45+00:00","dateModified":"2026-04-16T14:41:29+00:00","description":"Staleks Expert lesene pal\u010dke za manikuro - 100 kosov \u22c6 veliko pakiranje 100 kosov \u22c6 za potiskanje obnohtne ko\u017eice \u22c6 za stri\u017eenje obnohtne ko\u017eice \u22c6 odstranjevanje gela, laka za nohte","breadcrumb":{"@id":"https:\/\/www.meavia-mh.hr\/product\/staleks-drveni-stapici-expert-za-manikuru-100-kom\/#breadcrumb"},"inLanguage":"sl-SI","potentialAction":[{"@type":"ReadAction","target":["https:\/\/www.meavia-mh.hr\/product\/staleks-drveni-stapici-expert-za-manikuru-100-kom\/"]}]},{"@type":"ImageObject","inLanguage":"sl-SI","@id":"https:\/\/www.meavia-mh.hr\/product\/staleks-drveni-stapici-expert-za-manikuru-100-kom\/#primaryimage","url":"https:\/\/www.meavia-mh.hr\/wp-content\/uploads\/2025\/10\/cfa530527a39735f23611480255e8225.webp","contentUrl":"https:\/\/www.meavia-mh.hr\/wp-content\/uploads\/2025\/10\/cfa530527a39735f23611480255e8225.webp","width":1300,"height":1300,"caption":"Staleks drveni \u0161tapi\u0107i Expert za manikuru - 100 kom"},{"@type":"BreadcrumbList","@id":"https:\/\/www.meavia-mh.hr\/product\/staleks-drveni-stapici-expert-za-manikuru-100-kom\/#breadcrumb","itemListElement":[{"@type":"ListItem","position":1,"name":"Po\u010detna stranica","item":"https:\/\/www.meavia-mh.hr\/"},{"@type":"ListItem","position":2,"name":"Trgovina","item":"https:\/\/meavia-mh.hr\/sl\/store\/"},{"@type":"ListItem","position":3,"name":"Staleks drveni \u0161tapi\u0107i Expert za manikuru &#8211; 100 kom"}]},{"@type":"WebSite","@id":"https:\/\/meavia-mh.hr\/sl\/#website","url":"https:\/\/meavia-mh.hr\/sl\/","name":"MEA VIA BEAUTY","description":"Only The Best For Your Beauty","publisher":{"@id":"https:\/\/meavia-mh.hr\/sl\/#organization"},"alternateName":"Mea Via Nails","potentialAction":[{"@type":"SearchAction","target":{"@type":"EntryPoint","urlTemplate":"https:\/\/meavia-mh.hr\/sl\/?s={search_term_string}"},"query-input":{"@type":"PropertyValueSpecification","valueRequired":true,"valueName":"search_term_string"}}],"inLanguage":"sl-SI"},{"@type":"Organization","@id":"https:\/\/meavia-mh.hr\/sl\/#organization","name":"Mea Via Nails World","alternateName":"Mea Via","url":"https:\/\/meavia-mh.hr\/sl\/","logo":{"@type":"ImageObject","inLanguage":"sl-SI","@id":"https:\/\/meavia-mh.hr\/sl\/#\/schema\/logo\/image\/","url":"https:\/\/www.meavia-mh.hr\/wp-content\/uploads\/2020\/12\/Mea-Via.png","contentUrl":"https:\/\/www.meavia-mh.hr\/wp-content\/uploads\/2020\/12\/Mea-Via.png","width":1181,"height":393,"caption":"Mea Via Nails World"},"image":{"@id":"https:\/\/meavia-mh.hr\/sl\/#\/schema\/logo\/image\/"},"sameAs":["https:\/\/www.facebook.com\/MeaViaNailsWorld","https:\/\/www.instagram.com\/mea_via_nails_world\/","https:\/\/www.youtube.com\/channel\/UCECk0hpRWP6TN-EfA4ER96g\/featured"]}]}},"spectra_custom_meta":{"_sku":["DOS-20\/100"],"_regular_price":["1.49"],"total_sales":["21"],"_tax_status":["taxable"],"_tax_class":[""],"_manage_stock":["yes"],"_backorders":["no"],"_sold_individually":["no"],"_virtual":["no"],"_downloadable":["no"],"_product_image_gallery":["5422,5421,8843,42420"],"_download_limit":["-1"],"_download_expiry":["-1"],"_thumbnail_id":["42421"],"_stock":["1"],"_stock_status":["instock"],"_wc_average_rating":["0"],"_wc_review_count":["0"],"_product_version":["10.7.0"],"_price":["1.49"],"_wp_page_template":["default"],"_yoast_wpseo_focuskw":["\u0161tapi\u0107i za manikuru"],"_yoast_wpseo_metadesc":["%%title%% %%sep%% veliko pakiranje od 100 komada %%sep%% za potiskivane zanoktica %%sep%% za ure\u0111ivane kutikule %%sep%% uklanjanje gela, laka"],"_yoast_wpseo_linkdex":["81"],"_yoast_wpseo_content_score":["90"],"_yoast_wpseo_primary_product_cat":["24"],"site-sidebar-layout":["default"],"site-content-layout":[null],"theme-transparent-header-meta":["default"],"stick-header-meta":["default"],"_yoast_wpseo_estimated-reading-time-minutes":["2"],"_woocs_price_geo_countries":[""],"_woocs_regular_price_geo":[""],"_woocs_sale_price_geo":[""],"cartflows_redirect_flow_id":[""],"cartflows_add_to_cart_text":[""],"_woocs_regular_price_EUR":["1.05"],"_woocs_sale_price_EUR":["-1"],"_lowest_price_30_days":["1.05"],"uag_migration_processed":["1"],"_edit_lock":["1765471167:1239"],"_edit_last":["1239"],"_last_change_time":["1769577753"],"_global_unique_id":["4823126601380"],"_wc_facebook_sync_enabled_v2":["yes"],"fb_visibility":["yes"],"fb_product_description":[""],"fb_rich_text_description":[""],"_wc_facebook_product_image_source":["product"],"fb_product_video":["a:0:{}"],"fb_brand":[""],"fb_mpn":[""],"fb_size":[""],"fb_color":[""],"fb_material":[""],"fb_pattern":[""],"fb_age_group":[""],"fb_gender":[""],"fb_product_condition":[""],"_wc_facebook_enhanced_catalog_attributes_capacity":[""],"_wc_facebook_enhanced_catalog_attributes_ingredients":[""],"_wc_facebook_enhanced_catalog_attributes_additional_features":[""],"_wc_facebook_enhanced_catalog_attributes_power_type":[""],"_wc_facebook_enhanced_catalog_attributes_stop_use_indications":[""],"_wc_facebook_enhanced_catalog_attributes_standard_features":[""],"_wc_facebook_enhanced_catalog_attributes_spf_value":[""],"_wc_facebook_enhanced_catalog_attributes_skin_type":[""],"_wc_facebook_enhanced_catalog_attributes_skin_tone":[""],"_wc_facebook_enhanced_catalog_attributes_skin_care_concern":[""],"_wc_facebook_enhanced_catalog_attributes_scent":[""],"_wc_facebook_enhanced_catalog_attributes_result_time":[""],"_wc_facebook_enhanced_catalog_attributes_product_form":[""],"_wc_facebook_enhanced_catalog_attributes_keywords":[""],"_wc_facebook_enhanced_catalog_attributes_is_powered":[""],"_wc_facebook_enhanced_catalog_attributes_instructions":[""],"_wc_facebook_enhanced_catalog_attributes_inactive_ingredients":[""],"_wc_facebook_enhanced_catalog_attributes_health_concern":[""],"_wc_facebook_enhanced_catalog_attributes_hair_type":[""],"_wc_facebook_enhanced_catalog_attributes_care_instructions":[""],"_wc_facebook_enhanced_catalog_attributes_body_part":[""],"_wc_facebook_enhanced_catalog_attributes_batteries_required":[""],"_wc_facebook_enhanced_catalog_attributes_wig_cap_type":[""],"ast-site-content-layout":["default"],"site-content-style":["default"],"site-sidebar-style":["default"],"astra-migrate-meta-layouts":["set"],"_yoast_wpseo_primary_product_brand":[""],"ast-above-header-display":[null],"ast-below-header-display":[null],"footer-adv-display":[null],"adv-header-id-meta":[""],"ast-breadcrumbs-content":[null],"_elementor_page_assets":["a:0:{}"],"_uag_page_assets":["a:9:{s:3:\"css\";s:0:\"\";s:2:\"js\";s:0:\"\";s:18:\"current_block_list\";a:3:{i:0;s:11:\"core\/search\";i:1;s:18:\"core\/legacy-widget\";i:2;s:27:\"woocommerce\/product-filters\";}s:8:\"uag_flag\";b:0;s:11:\"uag_version\";s:10:\"1776414062\";s:6:\"gfonts\";a:0:{}s:10:\"gfonts_url\";s:0:\"\";s:12:\"gfonts_files\";a:0:{}s:14:\"uag_faq_layout\";b:0;}"]},"uagb_featured_image_src":{"full":["https:\/\/www.meavia-mh.hr\/wp-content\/uploads\/2025\/10\/cfa530527a39735f23611480255e8225.webp",1300,1300,false],"thumbnail":["https:\/\/www.meavia-mh.hr\/wp-content\/uploads\/2025\/10\/cfa530527a39735f23611480255e8225-150x150.webp",150,150,true],"medium":["https:\/\/www.meavia-mh.hr\/wp-content\/uploads\/2025\/10\/cfa530527a39735f23611480255e8225-300x300.webp",300,300,true],"medium_large":["https:\/\/www.meavia-mh.hr\/wp-content\/uploads\/2025\/10\/cfa530527a39735f23611480255e8225-768x768.webp",768,768,true],"large":["https:\/\/www.meavia-mh.hr\/wp-content\/uploads\/2025\/10\/cfa530527a39735f23611480255e8225-1024x1024.webp",1024,1024,true],"1536x1536":["https:\/\/www.meavia-mh.hr\/wp-content\/uploads\/2025\/10\/cfa530527a39735f23611480255e8225.webp",1300,1300,false],"2048x2048":["https:\/\/www.meavia-mh.hr\/wp-content\/uploads\/2025\/10\/cfa530527a39735f23611480255e8225.webp",1300,1300,false],"trp-custom-language-flag":["https:\/\/www.meavia-mh.hr\/wp-content\/uploads\/2025\/10\/cfa530527a39735f23611480255e8225-12x12.webp",12,12,true],"woocommerce_thumbnail":["https:\/\/www.meavia-mh.hr\/wp-content\/uploads\/2025\/10\/cfa530527a39735f23611480255e8225-300x300.webp",300,300,true],"woocommerce_single":["https:\/\/www.meavia-mh.hr\/wp-content\/uploads\/2025\/10\/cfa530527a39735f23611480255e8225-600x600.webp",600,600,true],"woocommerce_gallery_thumbnail":["https:\/\/www.meavia-mh.hr\/wp-content\/uploads\/2025\/10\/cfa530527a39735f23611480255e8225-100x100.webp",100,100,true]},"uagb_author_info":{"display_name":"Zla Gol","author_link":"https:\/\/www.meavia-mh.hr\/sl\/author\/"},"uagb_comment_info":0,"uagb_excerpt":"Pakiranje od 100 komada. Du\u017eina \u0161tapi\u0107a 7,5 cm.","_links":{"self":[{"href":"https:\/\/www.meavia-mh.hr\/sl\/wp-json\/wp\/v2\/product\/42419","targetHints":{"allow":["GET"]}}],"collection":[{"href":"https:\/\/www.meavia-mh.hr\/sl\/wp-json\/wp\/v2\/product"}],"about":[{"href":"https:\/\/www.meavia-mh.hr\/sl\/wp-json\/wp\/v2\/types\/product"}],"replies":[{"embeddable":true,"href":"https:\/\/www.meavia-mh.hr\/sl\/wp-json\/wp\/v2\/comments?post=42419"}],"version-history":[{"count":1,"href":"https:\/\/www.meavia-mh.hr\/sl\/wp-json\/wp\/v2\/product\/42419\/revisions"}],"predecessor-version":[{"id":42422,"href":"https:\/\/www.meavia-mh.hr\/sl\/wp-json\/wp\/v2\/product\/42419\/revisions\/42422"}],"wp:featuredmedia":[{"embeddable":true,"href":"https:\/\/www.meavia-mh.hr\/sl\/wp-json\/wp\/v2\/media\/42421"}],"wp:attachment":[{"href":"https:\/\/www.meavia-mh.hr\/sl\/wp-json\/wp\/v2\/media?parent=42419"}],"wp:term":[{"taxonomy":"product_brand","embeddable":true,"href":"https:\/\/www.meavia-mh.hr\/sl\/wp-json\/wp\/v2\/product_brand?post=42419"},{"taxonomy":"product_cat","embeddable":true,"href":"https:\/\/www.meavia-mh.hr\/sl\/wp-json\/wp\/v2\/product_cat?post=42419"},{"taxonomy":"product_tag","embeddable":true,"href":"https:\/\/www.meavia-mh.hr\/sl\/wp-json\/wp\/v2\/product_tag?post=42419"}],"curies":[{"name":"delovni list","href":"https:\/\/api.w.org\/{rel}","templated":true}]}}