{"id":42062,"date":"2025-09-14T09:53:37","date_gmt":"2025-09-14T07:53:37","guid":{"rendered":"https:\/\/www.meavia-mh.hr\/?post_type=product&#038;p=42062"},"modified":"2026-04-16T15:37:52","modified_gmt":"2026-04-16T14:37:52","slug":"claresa-remover","status":"publish","type":"product","link":"https:\/\/www.meavia-mh.hr\/sl\/product\/claresa-remover\/","title":{"rendered":"Claresa Remover"},"content":{"rendered":"<p>Claresa Remover je visokokakovostna teko\u010dina za ne\u017eno odstranjevanje permanentnega laka za nohte (soak off), ne da bi pri tem po\u0161kodovala nohtno plo\u0161\u010do. To je izdelek, ki se uporablja za odstranjevanje laka za nohte in drugih izdelkov, ki so bili naneseni na nohte. Claresa Remover ima ve\u010d zna\u010dilnosti:<\/p>\n<ul>\n<li>Pospe\u0161i odstranjevanje permanentnega laka za nohte (<span style=\"font-size: 16px; font-style: normal;\">namo\u010dite se)<\/span><\/li>\n<li>Ima prijeten, ne\u017een vonj po \u010de\u0161njah.<\/li>\n<li>zelo u\u010dinkovit<\/li>\n<li>Dermatolo\u0161ko testirano<\/li>\n<li>Vrhunska kakovost<\/li>\n<li>Izdelek namenjen profesionalni uporabi<\/li>\n<li>Pakiranje: <strong>100 ml in 500 ml<\/strong><\/li>\n<\/ul>\n<div class=\"mceTemp\"><\/div>\n<h4><span class=\"\">Odstranjevalec \u2013 u\u010dinkovit na\u010din odstranjevanja permanentnega laka za nohte<\/span><\/h4>\n<p><span class=\"\">Obstaja ve\u010d u\u010dinkovitih na\u010dinov za odstranjevanje permanentnega laka in najbolj znani so ti <a href=\"https:\/\/www.meavia-mh.hr\/sl\/product\/brusilica-za-nokte-portable-star-pro-rose\/\">brusilnik za nohte<\/a> s svedrom in acetonom. <\/span>Vendar je dale\u010d najvarnej\u0161i <strong>Odstranjevalec Claresa<\/strong> ki ne\u017eno, a u\u010dinkovito odstrani permanentni lak brez po\u0161kodb nohtov, kar je zelo pomembno pri kasnej\u0161em oblikovanju. Pravilno odstranjevanje permanentnega laka vam omogo\u010da, da ohranite svoje nohte zdrave in lepe, kar olaj\u0161a izvedbo naslednjega oblikovanja nohtov. \u0160e ve\u010d, tudi najbolj\u0161i permanentni laki z najbolj\u0161imi sestavinami ne bodo obstojni, \u010de so nohti mo\u010dno po\u0161kodovani.\u00a0<span class=\"\">Zato, da bi dolgo \u010dasa lahko u\u017eivali v lepem videzu nohtov in izvedenem stylingu, je treba poskrbeti za visoko kakovost izdelka in pravilno izvajati vse tretmaje.\u00a0<\/span><\/p>\n<p><span class=\"\">Permanentni laki vam omogo\u010dajo ustvarjanje odli\u010dnih stilov za vsako prilo\u017enost. <\/span>Zanimive barve lakov za nohte spodbujajo domi\u0161ljijo in kreativnost, zaradi \u010desar se lahko poigrate z neverjetnimi vzorci in ustvarite nove stile, ki bodo pritegnili poglede in navdu\u0161ili vsakogar! Vendar pa je pogosto vpra\u0161anje: <strong>kako odstraniti permanentni lak za nohte<\/strong>? <span class=\"\">Re\u0161itev je na\u0161 zanesljiv odstranjevalec, s katerim boste varno in u\u010dinkovito odstranili permanentni lak brez po\u0161kodb nohtne plo\u0161\u010de! <\/span>Zahvaljujo\u010d temu se lahko neskon\u010dno igrate s stilizacijami in jih spreminjate takoj, ko vam postane dolg\u010das.<\/p>\n<h4><span class=\"\">Za koga je Remover?\u00a0<\/span><\/h4>\n<p>Mnogi se spra\u0161ujejo, kako odstraniti permanentni lak z acetonom? <span class=\"\">Je zelo preprosta, lahko pa tudi po\u0161koduje nohtno plo\u0161\u010do, zato naj se odlo\u010dijo \u017eenske, ki imajo te\u017eave s \u0161ibkimi nohti, ki so nagnjeni k po\u0161kodbam.<strong>\u00a0Odstranjevalec Claresa. <\/strong><\/span>Je izjemno u\u010dinkovit, ne\u017een in popolnoma varen za va\u0161e nohte! Poleg tega lep\u0161e di\u0161i kot aceton, zato je njegova uporaba veliko prijetnej\u0161a.<\/p>\n<h4>Kako uporabljati odstranjevalec nohtov:<\/h4>\n<p><span class=\"\"><strong>Claresa Remover<\/strong> je popoln na\u010din za hitro, enostavno in ne\u017eno odstranjevanje permanentnega laka za nohte. <\/span>Tukaj je opisano, kako varno odstraniti permanentni lak za nohte:<\/p>\n<ol>\n<li>Zgornjo plast manikure (hibridni vrh) popilite s pilico granulacije 100\/180, pri tem pa pazite, da ne po\u0161kodujete nohtne plo\u0161\u010de.<\/li>\n<li><span class=\"\">Namo\u010dite ga <a href=\"https:\/\/www.meavia-mh.hr\/sl\/product\/blazinice-za-nokte-1000-kom\/\">blazinice<\/a> v odstranjevalec in ga ovijte okoli nohta z uporabo <strong><a href=\"https:\/\/www.meavia-mh.hr\/sl\/product\/kvacice-za-uklanjanje-trajnog-laka-transparent-10-kom\/\">silikonske sponke za odstranjevanje permanentnega laka<\/a><\/strong> ali aluminijasto folijo.\u00a0<\/span><\/li>\n<li>Po\u010dakajte 5 do 10 minut, da se lak raztopi.<\/li>\n<li>Odstranite lak <a href=\"https:\/\/www.meavia-mh.hr\/sl\/product\/drveni-stapici-za-manikuru-10-kom\/\">lesene pal\u010dke za manikuro<\/a><\/li>\n<li>Zgladite nohtno plo\u0161\u010do <a href=\"https:\/\/www.meavia-mh.hr\/sl\/product\/stylistc-blok-za-poliranje-180\/\">Stilski blok za poliranje.<\/a><\/li>\n<li>Postavite svojo najljub\u0161o <a href=\"https:\/\/www.meavia-mh.hr\/sl\/product\/claresa-ulje-za-kutikulu-mango\/\">Claresa olje za obnohtno ko\u017eico<\/a>.<\/li>\n<\/ol>\n<p>Pomembno je, da upo\u0161tevate navodila proizvajalca in odstranjevalec nohtov uporabljate v dobro prezra\u010devanem prostoru, da prepre\u010dite vdihavanje \u0161kodljivih hlapov.<\/p>\n<p><b>Sestavine\/<\/b><strong>Ingredients:<\/strong> Aceton, Aqua, parfum, citral, linalool, cimet, alfa-izometil ionon, limonen, evgenol<\/p>\n<h4>Previdnostni ukrepi:<\/h4>\n<ul>\n<li>Hraniti izven pogleda in dosega otrok.<\/li>\n<li>Izogibajte se stiku z o\u010dmi.<\/li>\n<li>Ne uporabljajte v primeru preob\u010dutljivosti na katero koli sestavino izdelka.<\/li>\n<li>V primeru kakr\u0161nih koli ne\u017eelenih u\u010dinkov ali preob\u010dutljivosti, kot so peko\u010d ob\u010dutek, srbenje, pordelost ipd., je treba zdravilo prekiniti.<\/li>\n<li>Ne uporabljajte na na\u010din, ki ni v skladu z namenom.<\/li>\n<li>Ne uporabljajte po poteku roka uporabnosti.<\/li>\n<li>Pozorno preberite navodila za uporabo<\/li>\n<\/ul>","protected":false},"excerpt":{"rendered":"<p>Teko\u010dina za odstranjevanje gel laka.<\/p>","protected":false},"featured_media":42065,"comment_status":"closed","ping_status":"closed","template":"","meta":{"_uag_custom_page_level_css":"","site-sidebar-layout":"default","site-content-layout":"","ast-site-content-layout":"default","site-content-style":"default","site-sidebar-style":"default","ast-global-header-display":"","ast-banner-title-visibility":"","ast-main-header-display":"","ast-hfb-above-header-display":"","ast-hfb-below-header-display":"","ast-hfb-mobile-header-display":"","site-post-title":"","ast-breadcrumbs-content":"","ast-featured-img":"","footer-sml-layout":"","ast-disable-related-posts":"","theme-transparent-header-meta":"default","adv-header-id-meta":"","stick-header-meta":"default","header-above-stick-meta":"","header-main-stick-meta":"","header-below-stick-meta":"","astra-migrate-meta-layouts":"set","ast-page-background-enabled":"default","ast-page-background-meta":{"desktop":{"background-color":"var(--ast-global-color-4)","background-image":"","background-repeat":"repeat","background-position":"center center","background-size":"auto","background-attachment":"scroll","background-type":"","background-media":"","overlay-type":"","overlay-color":"","overlay-opacity":"","overlay-gradient":""},"tablet":{"background-color":"","background-image":"","background-repeat":"repeat","background-position":"center center","background-size":"auto","background-attachment":"scroll","background-type":"","background-media":"","overlay-type":"","overlay-color":"","overlay-opacity":"","overlay-gradient":""},"mobile":{"background-color":"","background-image":"","background-repeat":"repeat","background-position":"center center","background-size":"auto","background-attachment":"scroll","background-type":"","background-media":"","overlay-type":"","overlay-color":"","overlay-opacity":"","overlay-gradient":""}},"ast-content-background-meta":{"desktop":{"background-color":"var(--ast-global-color-5)","background-image":"","background-repeat":"repeat","background-position":"center center","background-size":"auto","background-attachment":"scroll","background-type":"","background-media":"","overlay-type":"","overlay-color":"","overlay-opacity":"","overlay-gradient":""},"tablet":{"background-color":"var(--ast-global-color-5)","background-image":"","background-repeat":"repeat","background-position":"center center","background-size":"auto","background-attachment":"scroll","background-type":"","background-media":"","overlay-type":"","overlay-color":"","overlay-opacity":"","overlay-gradient":""},"mobile":{"background-color":"var(--ast-global-color-5)","background-image":"","background-repeat":"repeat","background-position":"center center","background-size":"auto","background-attachment":"scroll","background-type":"","background-media":"","overlay-type":"","overlay-color":"","overlay-opacity":"","overlay-gradient":""}}},"product_brand":[607],"product_cat":[524,534,115],"product_tag":[212],"class_list":{"0":"post-42062","1":"product","2":"type-product","3":"status-publish","4":"has-post-thumbnail","6":"product_brand-claresa","7":"product_cat-akcija","8":"product_cat-claresa","9":"product_cat-pripremne-tekucine","10":"product_tag-remover","11":"desktop-align-left","12":"tablet-align-left","13":"mobile-align-left","14":"ast-product-gallery-layout-horizontal-slider","15":"ast-product-single-variable","16":"ast-product-tabs-layout-horizontal","18":"first","19":"instock","20":"sale","21":"taxable","22":"shipping-taxable","23":"purchasable","24":"product-type-variable"},"yoast_head":"<!-- This site is optimized with the Yoast SEO plugin v27.4 - https:\/\/yoast.com\/product\/yoast-seo-wordpress\/ -->\n<title>Claresa Remover &#8902; Mea Via Beauty teku\u0107ina za skidanje trajnog laka<\/title>\n<meta name=\"description\" content=\"Claresa Remover &#8902; za\u00a0nje\u017eno uklanje trajnog laka (soak off) &#8902; bez o\u0161te\u0107enja plo\u010de nokta &#8902; vrlo u\u010dinkovit\u00a0&#8902; ugodnog mirisa tre\u0161nje &#8902; najbolja cijena\" \/>\n<meta name=\"robots\" content=\"index, follow, max-snippet:-1, max-image-preview:large, max-video-preview:-1\" \/>\n<link rel=\"canonical\" href=\"https:\/\/www.meavia-mh.hr\/sl\/product\/claresa-remover\/\" \/>\n<meta property=\"og:locale\" content=\"sl_SI\" \/>\n<meta property=\"og:type\" content=\"article\" \/>\n<meta property=\"og:title\" content=\"Claresa Remover &#8902; Mea Via Beauty teku\u0107ina za skidanje trajnog laka\" \/>\n<meta property=\"og:description\" content=\"Claresa Remover &#8902; za\u00a0nje\u017eno uklanje trajnog laka (soak off) &#8902; bez o\u0161te\u0107enja plo\u010de nokta &#8902; vrlo u\u010dinkovit\u00a0&#8902; ugodnog mirisa tre\u0161nje &#8902; najbolja cijena\" \/>\n<meta property=\"og:url\" content=\"https:\/\/www.meavia-mh.hr\/sl\/product\/claresa-remover\/\" \/>\n<meta property=\"og:site_name\" content=\"Mea Via Beauty\" \/>\n<meta property=\"article:publisher\" content=\"https:\/\/www.facebook.com\/MeaViaNailsWorld\" \/>\n<meta property=\"article:modified_time\" content=\"2026-04-16T14:37:52+00:00\" \/>\n<meta property=\"og:image\" content=\"https:\/\/www.meavia-mh.hr\/wp-content\/uploads\/2025\/09\/Removerr_500ml-min.jpg\" \/>\n\t<meta property=\"og:image:width\" content=\"1500\" \/>\n\t<meta property=\"og:image:height\" content=\"1500\" \/>\n\t<meta property=\"og:image:type\" content=\"image\/jpeg\" \/>\n<meta name=\"twitter:card\" content=\"summary_large_image\" \/>\n<meta name=\"twitter:label1\" content=\"Est. reading time\" \/>\n\t<meta name=\"twitter:data1\" content=\"3 minute\" \/>\n<script type=\"application\/ld+json\" class=\"yoast-schema-graph\">{\"@context\":\"https:\\\/\\\/schema.org\",\"@graph\":[{\"@type\":\"WebPage\",\"@id\":\"https:\\\/\\\/www.meavia-mh.hr\\\/product\\\/claresa-remover\\\/\",\"url\":\"https:\\\/\\\/www.meavia-mh.hr\\\/product\\\/claresa-remover\\\/\",\"name\":\"Claresa Remover &#8902; Mea Via Beauty teku\u0107ina za skidanje trajnog laka\",\"isPartOf\":{\"@id\":\"https:\\\/\\\/meavia-mh.hr\\\/sl\\\/#website\"},\"primaryImageOfPage\":{\"@id\":\"https:\\\/\\\/www.meavia-mh.hr\\\/product\\\/claresa-remover\\\/#primaryimage\"},\"image\":{\"@id\":\"https:\\\/\\\/www.meavia-mh.hr\\\/product\\\/claresa-remover\\\/#primaryimage\"},\"thumbnailUrl\":\"https:\\\/\\\/www.meavia-mh.hr\\\/wp-content\\\/uploads\\\/2025\\\/09\\\/Removerr_500ml-min.jpg\",\"datePublished\":\"2025-09-14T07:53:37+00:00\",\"dateModified\":\"2026-04-16T14:37:52+00:00\",\"description\":\"Claresa Remover &#8902; za\u00a0nje\u017eno uklanje trajnog laka (soak off) &#8902; bez o\u0161te\u0107enja plo\u010de nokta &#8902; vrlo u\u010dinkovit\u00a0&#8902; ugodnog mirisa tre\u0161nje &#8902; najbolja cijena\",\"breadcrumb\":{\"@id\":\"https:\\\/\\\/www.meavia-mh.hr\\\/product\\\/claresa-remover\\\/#breadcrumb\"},\"inLanguage\":\"sl-SI\",\"potentialAction\":[{\"@type\":\"ReadAction\",\"target\":[\"https:\\\/\\\/www.meavia-mh.hr\\\/product\\\/claresa-remover\\\/\"]}]},{\"@type\":\"ImageObject\",\"inLanguage\":\"sl-SI\",\"@id\":\"https:\\\/\\\/www.meavia-mh.hr\\\/product\\\/claresa-remover\\\/#primaryimage\",\"url\":\"https:\\\/\\\/www.meavia-mh.hr\\\/wp-content\\\/uploads\\\/2025\\\/09\\\/Removerr_500ml-min.jpg\",\"contentUrl\":\"https:\\\/\\\/www.meavia-mh.hr\\\/wp-content\\\/uploads\\\/2025\\\/09\\\/Removerr_500ml-min.jpg\",\"width\":1500,\"height\":1500,\"caption\":\"Claresa Remover 500 ml\"},{\"@type\":\"BreadcrumbList\",\"@id\":\"https:\\\/\\\/www.meavia-mh.hr\\\/product\\\/claresa-remover\\\/#breadcrumb\",\"itemListElement\":[{\"@type\":\"ListItem\",\"position\":1,\"name\":\"Po\u010detna stranica\",\"item\":\"https:\\\/\\\/www.meavia-mh.hr\\\/\"},{\"@type\":\"ListItem\",\"position\":2,\"name\":\"Trgovina\",\"item\":\"https:\\\/\\\/meavia-mh.hr\\\/sl\\\/store\\\/\"},{\"@type\":\"ListItem\",\"position\":3,\"name\":\"Claresa Remover\"}]},{\"@type\":\"WebSite\",\"@id\":\"https:\\\/\\\/meavia-mh.hr\\\/sl\\\/#website\",\"url\":\"https:\\\/\\\/meavia-mh.hr\\\/sl\\\/\",\"name\":\"Mea Via Beauty\",\"description\":\"Only The Best For Your Beauty\",\"publisher\":{\"@id\":\"https:\\\/\\\/meavia-mh.hr\\\/sl\\\/#organization\"},\"alternateName\":\"Mea Via Nails\",\"potentialAction\":[{\"@type\":\"SearchAction\",\"target\":{\"@type\":\"EntryPoint\",\"urlTemplate\":\"https:\\\/\\\/meavia-mh.hr\\\/sl\\\/?s={search_term_string}\"},\"query-input\":{\"@type\":\"PropertyValueSpecification\",\"valueRequired\":true,\"valueName\":\"search_term_string\"}}],\"inLanguage\":\"sl-SI\"},{\"@type\":\"Organization\",\"@id\":\"https:\\\/\\\/meavia-mh.hr\\\/sl\\\/#organization\",\"name\":\"Mea Via Nails World\",\"alternateName\":\"Mea Via\",\"url\":\"https:\\\/\\\/meavia-mh.hr\\\/sl\\\/\",\"logo\":{\"@type\":\"ImageObject\",\"inLanguage\":\"sl-SI\",\"@id\":\"https:\\\/\\\/meavia-mh.hr\\\/sl\\\/#\\\/schema\\\/logo\\\/image\\\/\",\"url\":\"https:\\\/\\\/www.meavia-mh.hr\\\/wp-content\\\/uploads\\\/2020\\\/12\\\/Mea-Via.png\",\"contentUrl\":\"https:\\\/\\\/www.meavia-mh.hr\\\/wp-content\\\/uploads\\\/2020\\\/12\\\/Mea-Via.png\",\"width\":1181,\"height\":393,\"caption\":\"Mea Via Nails World\"},\"image\":{\"@id\":\"https:\\\/\\\/meavia-mh.hr\\\/sl\\\/#\\\/schema\\\/logo\\\/image\\\/\"},\"sameAs\":[\"https:\\\/\\\/www.facebook.com\\\/MeaViaNailsWorld\",\"https:\\\/\\\/www.instagram.com\\\/mea_via_nails_world\\\/\",\"https:\\\/\\\/www.youtube.com\\\/channel\\\/UCECk0hpRWP6TN-EfA4ER96g\\\/featured\"]}]}<\/script>\n<!-- \/ Yoast SEO plugin. -->","yoast_head_json":{"title":"Claresa odstranjevalec laka \u22c6 Mea Via Beauty teko\u010dina za odstranjevanje permanentnega laka za nohte","description":"Odstranjevalec Claresa \u22c6 za ne\u017eno odstranjevanje permanentnega laka za nohte (soak off) \u22c6 brez po\u0161kodb nohtne plo\u0161\u010de \u22c6 zelo u\u010dinkovito \u22c6 prijeten vonj po \u010de\u0161nji \u22c6 najbolj\u0161a cena","robots":{"index":"index","follow":"follow","max-snippet":"max-snippet:-1","max-image-preview":"max-image-preview:large","max-video-preview":"max-video-preview:-1"},"canonical":"https:\/\/www.meavia-mh.hr\/sl\/product\/claresa-remover\/","og_locale":"sl_SI","og_type":"article","og_title":"Claresa Remover &#8902; Mea Via Beauty teku\u0107ina za skidanje trajnog laka","og_description":"Claresa Remover &#8902; za\u00a0nje\u017eno uklanje trajnog laka (soak off) &#8902; bez o\u0161te\u0107enja plo\u010de nokta &#8902; vrlo u\u010dinkovit\u00a0&#8902; ugodnog mirisa tre\u0161nje &#8902; najbolja cijena","og_url":"https:\/\/www.meavia-mh.hr\/sl\/product\/claresa-remover\/","og_site_name":"Mea Via Beauty","article_publisher":"https:\/\/www.facebook.com\/MeaViaNailsWorld","article_modified_time":"2026-04-16T14:37:52+00:00","og_image":[{"width":1500,"height":1500,"url":"https:\/\/www.meavia-mh.hr\/wp-content\/uploads\/2025\/09\/Removerr_500ml-min.jpg","type":"image\/jpeg"}],"twitter_card":"summary_large_image","twitter_misc":{"Est. reading time":"3 minute"},"schema":{"@context":"https:\/\/schema.org","@graph":[{"@type":"WebPage","@id":"https:\/\/www.meavia-mh.hr\/product\/claresa-remover\/","url":"https:\/\/www.meavia-mh.hr\/product\/claresa-remover\/","name":"Claresa odstranjevalec laka \u22c6 Mea Via Beauty teko\u010dina za odstranjevanje permanentnega laka za nohte","isPartOf":{"@id":"https:\/\/meavia-mh.hr\/sl\/#website"},"primaryImageOfPage":{"@id":"https:\/\/www.meavia-mh.hr\/product\/claresa-remover\/#primaryimage"},"image":{"@id":"https:\/\/www.meavia-mh.hr\/product\/claresa-remover\/#primaryimage"},"thumbnailUrl":"https:\/\/www.meavia-mh.hr\/wp-content\/uploads\/2025\/09\/Removerr_500ml-min.jpg","datePublished":"2025-09-14T07:53:37+00:00","dateModified":"2026-04-16T14:37:52+00:00","description":"Odstranjevalec Claresa \u22c6 za ne\u017eno odstranjevanje permanentnega laka za nohte (soak off) \u22c6 brez po\u0161kodb nohtne plo\u0161\u010de \u22c6 zelo u\u010dinkovito \u22c6 prijeten vonj po \u010de\u0161nji \u22c6 najbolj\u0161a cena","breadcrumb":{"@id":"https:\/\/www.meavia-mh.hr\/product\/claresa-remover\/#breadcrumb"},"inLanguage":"sl-SI","potentialAction":[{"@type":"ReadAction","target":["https:\/\/www.meavia-mh.hr\/product\/claresa-remover\/"]}]},{"@type":"ImageObject","inLanguage":"sl-SI","@id":"https:\/\/www.meavia-mh.hr\/product\/claresa-remover\/#primaryimage","url":"https:\/\/www.meavia-mh.hr\/wp-content\/uploads\/2025\/09\/Removerr_500ml-min.jpg","contentUrl":"https:\/\/www.meavia-mh.hr\/wp-content\/uploads\/2025\/09\/Removerr_500ml-min.jpg","width":1500,"height":1500,"caption":"Claresa Remover 500 ml"},{"@type":"BreadcrumbList","@id":"https:\/\/www.meavia-mh.hr\/product\/claresa-remover\/#breadcrumb","itemListElement":[{"@type":"ListItem","position":1,"name":"Po\u010detna stranica","item":"https:\/\/www.meavia-mh.hr\/"},{"@type":"ListItem","position":2,"name":"Trgovina","item":"https:\/\/meavia-mh.hr\/sl\/store\/"},{"@type":"ListItem","position":3,"name":"Claresa Remover"}]},{"@type":"WebSite","@id":"https:\/\/meavia-mh.hr\/sl\/#website","url":"https:\/\/meavia-mh.hr\/sl\/","name":"MEA VIA BEAUTY","description":"Only The Best For Your Beauty","publisher":{"@id":"https:\/\/meavia-mh.hr\/sl\/#organization"},"alternateName":"Mea Via Nails","potentialAction":[{"@type":"SearchAction","target":{"@type":"EntryPoint","urlTemplate":"https:\/\/meavia-mh.hr\/sl\/?s={search_term_string}"},"query-input":{"@type":"PropertyValueSpecification","valueRequired":true,"valueName":"search_term_string"}}],"inLanguage":"sl-SI"},{"@type":"Organization","@id":"https:\/\/meavia-mh.hr\/sl\/#organization","name":"Mea Via Nails World","alternateName":"Mea Via","url":"https:\/\/meavia-mh.hr\/sl\/","logo":{"@type":"ImageObject","inLanguage":"sl-SI","@id":"https:\/\/meavia-mh.hr\/sl\/#\/schema\/logo\/image\/","url":"https:\/\/www.meavia-mh.hr\/wp-content\/uploads\/2020\/12\/Mea-Via.png","contentUrl":"https:\/\/www.meavia-mh.hr\/wp-content\/uploads\/2020\/12\/Mea-Via.png","width":1181,"height":393,"caption":"Mea Via Nails World"},"image":{"@id":"https:\/\/meavia-mh.hr\/sl\/#\/schema\/logo\/image\/"},"sameAs":["https:\/\/www.facebook.com\/MeaViaNailsWorld","https:\/\/www.instagram.com\/mea_via_nails_world\/","https:\/\/www.youtube.com\/channel\/UCECk0hpRWP6TN-EfA4ER96g\/featured"]}]}},"spectra_custom_meta":{"total_sales":["14"],"_tax_status":["taxable"],"_tax_class":[""],"_manage_stock":["no"],"_backorders":["no"],"_sold_individually":["no"],"_virtual":["no"],"_downloadable":["no"],"_product_image_gallery":["16932,16933"],"_download_limit":["-1"],"_download_expiry":["-1"],"_thumbnail_id":["42065"],"_stock":[null],"_stock_status":["instock"],"_wc_average_rating":["0"],"_wc_review_count":["0"],"_product_attributes":["a:1:{s:9:\"pakiranje\";a:6:{s:4:\"name\";s:9:\"Pakiranje\";s:5:\"value\";s:15:\"100 ml | 500 ml\";s:8:\"position\";i:0;s:10:\"is_visible\";i:1;s:12:\"is_variation\";i:1;s:11:\"is_taxonomy\";i:0;}}"],"_product_version":["10.7.0"],"_wc_facebook_sync_enabled":["yes"],"_wp_page_template":["default"],"cartflows_redirect_flow_id":[""],"cartflows_add_to_cart_text":[""],"fb_brand":[""],"fb_mpn":[""],"fb_size":[""],"fb_color":[""],"fb_material":[""],"fb_pattern":[""],"fb_age_group":[""],"fb_gender":[""],"fb_product_condition":[""],"fb_visibility":["no"],"fb_product_description":[""],"fb_rich_text_description":[""],"_wc_facebook_product_image_source":["product"],"fb_product_video":["a:0:{}"],"site-sidebar-layout":["default"],"ast-site-content-layout":["default"],"site-content-style":["default"],"site-sidebar-style":["default"],"theme-transparent-header-meta":["default"],"stick-header-meta":["default"],"_yoast_wpseo_primary_product_brand":[""],"_yoast_wpseo_primary_product_cat":["115"],"_yoast_wpseo_focuskw":["remover"],"_yoast_wpseo_metadesc":["%%title%% %%sep%% za\u00a0nje\u017eno uklanje trajnog laka (soak off) %%sep%% bez o\u0161te\u0107enja plo\u010de nokta %%sep%% vrlo u\u010dinkovit\u00a0%%sep%% ugodnog mirisa tre\u0161nje %%sep%% najbolja cijena"],"_yoast_wpseo_linkdex":["84"],"_yoast_wpseo_content_score":["90"],"_yoast_wpseo_estimated-reading-time-minutes":["3"],"ast-above-header-display":[""],"ast-below-header-display":[""],"site-content-layout":[""],"_edit_lock":["1757846802:1239"],"_edit_last":["1239"],"fb_product_group_id":["987896413440079"],"_yoast_wpseo_title":["%%title%% %%page%% %%sep%% %%sitename%% teku\u0107ina za skidanje trajnog laka"],"astra-migrate-meta-layouts":["set"],"_wc_facebook_sync_enabled_v2":["yes"],"_price":["1.76","6.50"],"_elementor_page_assets":["a:0:{}"],"_uag_page_assets":["a:9:{s:3:\"css\";s:0:\"\";s:2:\"js\";s:0:\"\";s:18:\"current_block_list\";a:3:{i:0;s:11:\"core\/search\";i:1;s:18:\"core\/legacy-widget\";i:2;s:27:\"woocommerce\/product-filters\";}s:8:\"uag_flag\";b:0;s:11:\"uag_version\";s:10:\"1776403924\";s:6:\"gfonts\";a:0:{}s:10:\"gfonts_url\";s:0:\"\";s:12:\"gfonts_files\";a:0:{}s:14:\"uag_faq_layout\";b:0;}"]},"uagb_featured_image_src":{"full":["https:\/\/www.meavia-mh.hr\/wp-content\/uploads\/2025\/09\/Removerr_500ml-min.jpg",1500,1500,false],"thumbnail":["https:\/\/www.meavia-mh.hr\/wp-content\/uploads\/2025\/09\/Removerr_500ml-min-150x150.jpg",150,150,true],"medium":["https:\/\/www.meavia-mh.hr\/wp-content\/uploads\/2025\/09\/Removerr_500ml-min-300x300.jpg",300,300,true],"medium_large":["https:\/\/www.meavia-mh.hr\/wp-content\/uploads\/2025\/09\/Removerr_500ml-min-768x768.jpg",768,768,true],"large":["https:\/\/www.meavia-mh.hr\/wp-content\/uploads\/2025\/09\/Removerr_500ml-min-1024x1024.jpg",1024,1024,true],"1536x1536":["https:\/\/www.meavia-mh.hr\/wp-content\/uploads\/2025\/09\/Removerr_500ml-min.jpg",1500,1500,false],"2048x2048":["https:\/\/www.meavia-mh.hr\/wp-content\/uploads\/2025\/09\/Removerr_500ml-min.jpg",1500,1500,false],"trp-custom-language-flag":["https:\/\/www.meavia-mh.hr\/wp-content\/uploads\/2025\/09\/Removerr_500ml-min-12x12.jpg",12,12,true],"woocommerce_thumbnail":["https:\/\/www.meavia-mh.hr\/wp-content\/uploads\/2025\/09\/Removerr_500ml-min-300x300.jpg",300,300,true],"woocommerce_single":["https:\/\/www.meavia-mh.hr\/wp-content\/uploads\/2025\/09\/Removerr_500ml-min-600x600.jpg",600,600,true],"woocommerce_gallery_thumbnail":["https:\/\/www.meavia-mh.hr\/wp-content\/uploads\/2025\/09\/Removerr_500ml-min-100x100.jpg",100,100,true]},"uagb_author_info":{"display_name":"Zla Gol","author_link":"https:\/\/www.meavia-mh.hr\/sl\/author\/"},"uagb_comment_info":0,"uagb_excerpt":"Teku\u0107ina za skidanje gel lakova.","_links":{"self":[{"href":"https:\/\/www.meavia-mh.hr\/sl\/wp-json\/wp\/v2\/product\/42062","targetHints":{"allow":["GET"]}}],"collection":[{"href":"https:\/\/www.meavia-mh.hr\/sl\/wp-json\/wp\/v2\/product"}],"about":[{"href":"https:\/\/www.meavia-mh.hr\/sl\/wp-json\/wp\/v2\/types\/product"}],"replies":[{"embeddable":true,"href":"https:\/\/www.meavia-mh.hr\/sl\/wp-json\/wp\/v2\/comments?post=42062"}],"version-history":[{"count":1,"href":"https:\/\/www.meavia-mh.hr\/sl\/wp-json\/wp\/v2\/product\/42062\/revisions"}],"predecessor-version":[{"id":42068,"href":"https:\/\/www.meavia-mh.hr\/sl\/wp-json\/wp\/v2\/product\/42062\/revisions\/42068"}],"wp:featuredmedia":[{"embeddable":true,"href":"https:\/\/www.meavia-mh.hr\/sl\/wp-json\/wp\/v2\/media\/42065"}],"wp:attachment":[{"href":"https:\/\/www.meavia-mh.hr\/sl\/wp-json\/wp\/v2\/media?parent=42062"}],"wp:term":[{"taxonomy":"product_brand","embeddable":true,"href":"https:\/\/www.meavia-mh.hr\/sl\/wp-json\/wp\/v2\/product_brand?post=42062"},{"taxonomy":"product_cat","embeddable":true,"href":"https:\/\/www.meavia-mh.hr\/sl\/wp-json\/wp\/v2\/product_cat?post=42062"},{"taxonomy":"product_tag","embeddable":true,"href":"https:\/\/www.meavia-mh.hr\/sl\/wp-json\/wp\/v2\/product_tag?post=42062"}],"curies":[{"name":"delovni list","href":"https:\/\/api.w.org\/{rel}","templated":true}]}}