{"id":42047,"date":"2025-09-13T15:59:55","date_gmt":"2025-09-13T13:59:55","guid":{"rendered":"https:\/\/www.meavia-mh.hr\/?post_type=product&#038;p=42047"},"modified":"2026-04-16T15:39:04","modified_gmt":"2026-04-16T14:39:04","slug":"palu-cleaner","status":"publish","type":"product","link":"https:\/\/www.meavia-mh.hr\/sl\/product\/palu-cleaner\/","title":{"rendered":"PALU cleaner"},"content":{"rendered":"<p><strong>PALU Cleaner<\/strong> je visokokakovostna teko\u010dina za \u010di\u0161\u010denje in razma\u0161\u010devanje nohtne plo\u0161\u010de ter odstranjevanje &quot;lepljive&quot; disperzijske plasti. Namenjena je odstranjevanju disperzijske lepilne plasti, ki nastane pri nana\u0161anju permanentnih lakov in gelov za nohte. Vsebuje visoko koncentracijo izopropilnega alkohola, ki u\u010dinkovito razmasti in odstrani vlago z nohtne plo\u0161\u010de ter zagotavlja odli\u010dno pripravo na naslednje korake oblikovanja.<\/p>\n<p><span class=\"Apple-converted-space\"><span class=\"\">Zahvale gredo <strong>\u010cistilo PALU<\/strong> pravilno boste pripravili nohtno plo\u0161\u010do in va\u0161a manikura bo obstojnej\u0161a kot kadarkoli. C<\/span><span class=\"\">za \u010di\u0161\u010denje disperzijske plasti lahko uporabite tudi leaner, t.i\u00a0<\/span>lepilo, ki nastane po strjevanju permanentnih lakov in gelov.<\/span><\/p>\n<ul>\n<li><span dir=\"auto\"><span dir=\"auto\">Dezinficira in razmasti nohtno plo\u0161\u010do<\/span><\/span><\/li>\n<li><span dir=\"auto\"><span dir=\"auto\">U\u010dinkovito odstrani disperzijsko plast<\/span><\/span><\/li>\n<li><span dir=\"auto\"><span dir=\"auto\">Zagotavlja pove\u010dan oprijem izdelka na oblikovalno povr\u0161ino<\/span><\/span><\/li>\n<li><span dir=\"auto\"><span dir=\"auto\">Zagotavlja visok sijaj<\/span><\/span><\/li>\n<li>Brez vonja<\/li>\n<li>Dermatolo\u0161ko testirano<\/li>\n<li>Vrhunska kakovost<\/li>\n<li>Izdelek namenjen profesionalni uporabi<\/li>\n<li>Pakiranje: <strong>100 ml, 500 ml, 1000 ml<\/strong><\/li>\n<\/ul>\n<p><a href=\"https:\/\/www.meavia-mh.hr\/wp-content\/uploads\/2025\/09\/PALU-cleaner.webp\"><img fetchpriority=\"high\" decoding=\"async\" class=\"wp-image-42054 size-full\" src=\"https:\/\/www.meavia-mh.hr\/wp-content\/uploads\/2025\/09\/PALU-cleaner.webp\" alt=\"PALU-cleaner-karakteristike\" width=\"1358\" height=\"1920\" srcset=\"https:\/\/www.meavia-mh.hr\/wp-content\/uploads\/2025\/09\/PALU-cleaner.webp 1358w, https:\/\/www.meavia-mh.hr\/wp-content\/uploads\/2025\/09\/PALU-cleaner-212x300.webp 212w, https:\/\/www.meavia-mh.hr\/wp-content\/uploads\/2025\/09\/PALU-cleaner-724x1024.webp 724w, https:\/\/www.meavia-mh.hr\/wp-content\/uploads\/2025\/09\/PALU-cleaner-768x1086.webp 768w, https:\/\/www.meavia-mh.hr\/wp-content\/uploads\/2025\/09\/PALU-cleaner-1086x1536.webp 1086w, https:\/\/www.meavia-mh.hr\/wp-content\/uploads\/2025\/09\/PALU-cleaner-8x12.webp 8w, https:\/\/www.meavia-mh.hr\/wp-content\/uploads\/2025\/09\/PALU-cleaner-600x848.webp 600w\" sizes=\"(max-width: 1358px) 100vw, 1358px\" \/><\/a><\/p>\n<p><span class=\"\">Profesionalno <strong>PALU Cleaner<\/strong> odli\u010dno odstrani vse ne\u010disto\u010de in ma\u0161\u010dobo z nohtne plo\u0161\u010de. <\/span><span class=\"\">Zahvaljujo\u010d temu boste pove\u010dali oprijem akrilne ali gel mase, va\u0161 stil pa bo veliko bolj obstojen. <\/span><span class=\"\">To je nujen korak, ki ga izvajajo profesionalni stilisti za nohte in vam bo omogo\u010dil, da pove\u010date obstojnost va\u0161e manikure. <\/span>Brez zloma ali pomanjkanja stila v enem preprostem koraku!<\/p>\n<h2><span class=\"\">U\u010dinkovit stil<\/span><\/h2>\n<p>Sanjate o lepi stilizaciji va\u0161ih nohtov, a se bojite, da se bo va\u0161a manikura med \u010di\u0161\u010denjem ali delom po\u0161kodovala in pokvarila? <span class=\"\">Ali pa imate morda te\u017eavo, da va\u0161i gelirani ali akrilni nohti niso obstojni tako dolgo, kot bi si \u017eeleli? <\/span>Zahvaljujo\u010d uporabi Cleanerja bo va\u0161 lep stajling izgledal odli\u010dno tudi po nekaj tednih. Dober oprijem bo podalj\u0161al obstojnost in va\u0161i nohti bodo dolgo izgledali odli\u010dno. Poleg tega ste lahko z uporabo \u010distila prepri\u010dani, da med oblikovanjem nohtov ne bo prihajalo do grdih zra\u010dnih mehur\u010dkov in dvigovanja mase, kar je nujno za kon\u010dni, lep videz na\u0161ih nohtov.<\/p>\n<h4><strong>KAKO UPORABITI:<\/strong><\/h4>\n<p><span class=\"\">Majhna koli\u010dina je dovolj, da se u\u010dinkovito znebite vse umazanije in ma\u0161\u010dobe ter pove\u010date obstojnost oblikovanja nohtov. \u010cistilec<\/span>\u00a0nana\u0161a se na naravno nohtno plo\u0161\u010do, ki je \u017ee matirana in o\u010di\u0161\u010dena prahu. <span class=\"\">Nohtno plo\u0161\u010do si preprosto umijte z majhno koli\u010dino \u010distila in po\u010dakajte nekaj sekund, da izhlapi, in va\u0161i nohti bodo pripravljeni na kakr\u0161no koli oblikovanje, o katerem sanjate! <\/span>Profesionalni stilisti za nohte radi izbirajo <strong>PALU Cleaner<\/strong> zaradi visoke u\u010dinkovitosti.<br \/>\nVatne blazinice namo\u010dite v \u010distilo PALU in obri\u0161ite vsak noht. Nanesite naslednje sloje hibridne manikure: <a href=\"https:\/\/www.meavia-mh.hr\/sl\/product\/palu-baza-11-ml\/\">bazo<\/a>, <a href=\"https:\/\/www.meavia-mh.hr\/sl\/product\/palu-water-effect-ink-we5\/\">permanentni lak<\/a> in <a href=\"https:\/\/www.meavia-mh.hr\/sl\/product\/palu-top-matt-no-wipe\/\">PALU top ma\u010dka<\/a>. Po kon\u010danem obri\u0161ite zgornji del nohta <a href=\"https:\/\/www.meavia-mh.hr\/sl\/product\/blazinice-za-nokte-1000-kom\/\">bomba\u017ena krpa (podloga)<\/a> namo\u010deno v \u010distilu PALU, dokler disperzijska plast popolnoma ne izgine.<\/p>\n<h4>Sestava\/INCI:<\/h4>\n<p>Izopropilni alkohol, voda<\/p>","protected":false},"excerpt":{"rendered":"<p>Teko\u010dina za \u010di\u0161\u010denje in razma\u0161\u010devanje nohtne plo\u0161\u010de.<\/p>","protected":false},"featured_media":42052,"comment_status":"closed","ping_status":"closed","template":"","meta":{"_uag_custom_page_level_css":"","site-sidebar-layout":"default","site-content-layout":"","ast-site-content-layout":"default","site-content-style":"default","site-sidebar-style":"default","ast-global-header-display":"","ast-banner-title-visibility":"","ast-main-header-display":"","ast-hfb-above-header-display":"","ast-hfb-below-header-display":"","ast-hfb-mobile-header-display":"","site-post-title":"","ast-breadcrumbs-content":"","ast-featured-img":"","footer-sml-layout":"","ast-disable-related-posts":"","theme-transparent-header-meta":"default","adv-header-id-meta":"","stick-header-meta":"default","header-above-stick-meta":"","header-main-stick-meta":"","header-below-stick-meta":"","astra-migrate-meta-layouts":"set","ast-page-background-enabled":"default","ast-page-background-meta":{"desktop":{"background-color":"var(--ast-global-color-4)","background-image":"","background-repeat":"repeat","background-position":"center center","background-size":"auto","background-attachment":"scroll","background-type":"","background-media":"","overlay-type":"","overlay-color":"","overlay-opacity":"","overlay-gradient":""},"tablet":{"background-color":"","background-image":"","background-repeat":"repeat","background-position":"center center","background-size":"auto","background-attachment":"scroll","background-type":"","background-media":"","overlay-type":"","overlay-color":"","overlay-opacity":"","overlay-gradient":""},"mobile":{"background-color":"","background-image":"","background-repeat":"repeat","background-position":"center center","background-size":"auto","background-attachment":"scroll","background-type":"","background-media":"","overlay-type":"","overlay-color":"","overlay-opacity":"","overlay-gradient":""}},"ast-content-background-meta":{"desktop":{"background-color":"var(--ast-global-color-5)","background-image":"","background-repeat":"repeat","background-position":"center center","background-size":"auto","background-attachment":"scroll","background-type":"","background-media":"","overlay-type":"","overlay-color":"","overlay-opacity":"","overlay-gradient":""},"tablet":{"background-color":"var(--ast-global-color-5)","background-image":"","background-repeat":"repeat","background-position":"center center","background-size":"auto","background-attachment":"scroll","background-type":"","background-media":"","overlay-type":"","overlay-color":"","overlay-opacity":"","overlay-gradient":""},"mobile":{"background-color":"var(--ast-global-color-5)","background-image":"","background-repeat":"repeat","background-position":"center center","background-size":"auto","background-attachment":"scroll","background-type":"","background-media":"","overlay-type":"","overlay-color":"","overlay-opacity":"","overlay-gradient":""}}},"product_brand":[607,606],"product_cat":[27,115],"product_tag":[199],"class_list":{"0":"post-42047","1":"product","2":"type-product","3":"status-publish","4":"has-post-thumbnail","6":"product_brand-claresa","7":"product_brand-palu","8":"product_cat-palu","9":"product_cat-pripremne-tekucine","10":"product_tag-cleaner","11":"desktop-align-left","12":"tablet-align-left","13":"mobile-align-left","14":"ast-product-gallery-layout-horizontal-slider","15":"ast-product-single-variable","16":"ast-product-tabs-layout-horizontal","18":"first","19":"instock","20":"taxable","21":"shipping-taxable","22":"purchasable","23":"product-type-variable"},"yoast_head":"<!-- This site is optimized with the Yoast SEO plugin v27.4 - https:\/\/yoast.com\/product\/yoast-seo-wordpress\/ -->\n<title>PALU cleaner &#8902; Mea Via Beauty<\/title>\n<meta name=\"description\" content=\"PALU cleaner &#8902; za \u010di\u0161\u0107enje i odma\u0161\u0107ivanje plo\u010de nokta &#8902; za brisanje disperzijskog sloja &#8902; odma\u0161\u0107uje plo\u010du nokta bez isu\u0161ivanja &#8902; najbolja cijena\" \/>\n<meta name=\"robots\" content=\"index, follow, max-snippet:-1, max-image-preview:large, max-video-preview:-1\" \/>\n<link rel=\"canonical\" href=\"https:\/\/www.meavia-mh.hr\/sl\/product\/palu-cleaner\/\" \/>\n<meta property=\"og:locale\" content=\"sl_SI\" \/>\n<meta property=\"og:type\" content=\"article\" \/>\n<meta property=\"og:title\" content=\"PALU cleaner &#8902; Mea Via Beauty\" \/>\n<meta property=\"og:description\" content=\"PALU cleaner &#8902; za \u010di\u0161\u0107enje i odma\u0161\u0107ivanje plo\u010de nokta &#8902; za brisanje disperzijskog sloja &#8902; odma\u0161\u0107uje plo\u010du nokta bez isu\u0161ivanja &#8902; najbolja cijena\" \/>\n<meta property=\"og:url\" content=\"https:\/\/www.meavia-mh.hr\/sl\/product\/palu-cleaner\/\" \/>\n<meta property=\"og:site_name\" content=\"Mea Via Beauty\" \/>\n<meta property=\"article:publisher\" content=\"https:\/\/www.facebook.com\/MeaViaNailsWorld\" \/>\n<meta property=\"article:modified_time\" content=\"2026-04-16T14:39:04+00:00\" \/>\n<meta property=\"og:image\" content=\"https:\/\/www.meavia-mh.hr\/wp-content\/uploads\/2025\/09\/palu-cleaner-500.webp\" \/>\n\t<meta property=\"og:image:width\" content=\"1500\" \/>\n\t<meta property=\"og:image:height\" content=\"1500\" \/>\n\t<meta property=\"og:image:type\" content=\"image\/webp\" \/>\n<meta name=\"twitter:card\" content=\"summary_large_image\" \/>\n<meta name=\"twitter:label1\" content=\"Est. reading time\" \/>\n\t<meta name=\"twitter:data1\" content=\"3 minute\" \/>\n<script type=\"application\/ld+json\" class=\"yoast-schema-graph\">{\"@context\":\"https:\\\/\\\/schema.org\",\"@graph\":[{\"@type\":\"WebPage\",\"@id\":\"https:\\\/\\\/www.meavia-mh.hr\\\/product\\\/palu-cleaner\\\/\",\"url\":\"https:\\\/\\\/www.meavia-mh.hr\\\/product\\\/palu-cleaner\\\/\",\"name\":\"PALU cleaner &#8902; Mea Via Beauty\",\"isPartOf\":{\"@id\":\"https:\\\/\\\/meavia-mh.hr\\\/sl\\\/#website\"},\"primaryImageOfPage\":{\"@id\":\"https:\\\/\\\/www.meavia-mh.hr\\\/product\\\/palu-cleaner\\\/#primaryimage\"},\"image\":{\"@id\":\"https:\\\/\\\/www.meavia-mh.hr\\\/product\\\/palu-cleaner\\\/#primaryimage\"},\"thumbnailUrl\":\"https:\\\/\\\/www.meavia-mh.hr\\\/wp-content\\\/uploads\\\/2025\\\/09\\\/palu-cleaner-500.webp\",\"datePublished\":\"2025-09-13T13:59:55+00:00\",\"dateModified\":\"2026-04-16T14:39:04+00:00\",\"description\":\"PALU cleaner &#8902; za \u010di\u0161\u0107enje i odma\u0161\u0107ivanje plo\u010de nokta &#8902; za brisanje disperzijskog sloja &#8902; odma\u0161\u0107uje plo\u010du nokta bez isu\u0161ivanja &#8902; najbolja cijena\",\"breadcrumb\":{\"@id\":\"https:\\\/\\\/www.meavia-mh.hr\\\/product\\\/palu-cleaner\\\/#breadcrumb\"},\"inLanguage\":\"sl-SI\",\"potentialAction\":[{\"@type\":\"ReadAction\",\"target\":[\"https:\\\/\\\/www.meavia-mh.hr\\\/product\\\/palu-cleaner\\\/\"]}]},{\"@type\":\"ImageObject\",\"inLanguage\":\"sl-SI\",\"@id\":\"https:\\\/\\\/www.meavia-mh.hr\\\/product\\\/palu-cleaner\\\/#primaryimage\",\"url\":\"https:\\\/\\\/www.meavia-mh.hr\\\/wp-content\\\/uploads\\\/2025\\\/09\\\/palu-cleaner-500.webp\",\"contentUrl\":\"https:\\\/\\\/www.meavia-mh.hr\\\/wp-content\\\/uploads\\\/2025\\\/09\\\/palu-cleaner-500.webp\",\"width\":1500,\"height\":1500,\"caption\":\"palu-cleaner-500\"},{\"@type\":\"BreadcrumbList\",\"@id\":\"https:\\\/\\\/www.meavia-mh.hr\\\/product\\\/palu-cleaner\\\/#breadcrumb\",\"itemListElement\":[{\"@type\":\"ListItem\",\"position\":1,\"name\":\"Po\u010detna stranica\",\"item\":\"https:\\\/\\\/www.meavia-mh.hr\\\/\"},{\"@type\":\"ListItem\",\"position\":2,\"name\":\"Trgovina\",\"item\":\"https:\\\/\\\/meavia-mh.hr\\\/sl\\\/store\\\/\"},{\"@type\":\"ListItem\",\"position\":3,\"name\":\"PALU cleaner\"}]},{\"@type\":\"WebSite\",\"@id\":\"https:\\\/\\\/meavia-mh.hr\\\/sl\\\/#website\",\"url\":\"https:\\\/\\\/meavia-mh.hr\\\/sl\\\/\",\"name\":\"Mea Via Beauty\",\"description\":\"Only The Best For Your Beauty\",\"publisher\":{\"@id\":\"https:\\\/\\\/meavia-mh.hr\\\/sl\\\/#organization\"},\"alternateName\":\"Mea Via Nails\",\"potentialAction\":[{\"@type\":\"SearchAction\",\"target\":{\"@type\":\"EntryPoint\",\"urlTemplate\":\"https:\\\/\\\/meavia-mh.hr\\\/sl\\\/?s={search_term_string}\"},\"query-input\":{\"@type\":\"PropertyValueSpecification\",\"valueRequired\":true,\"valueName\":\"search_term_string\"}}],\"inLanguage\":\"sl-SI\"},{\"@type\":\"Organization\",\"@id\":\"https:\\\/\\\/meavia-mh.hr\\\/sl\\\/#organization\",\"name\":\"Mea Via Nails World\",\"alternateName\":\"Mea Via\",\"url\":\"https:\\\/\\\/meavia-mh.hr\\\/sl\\\/\",\"logo\":{\"@type\":\"ImageObject\",\"inLanguage\":\"sl-SI\",\"@id\":\"https:\\\/\\\/meavia-mh.hr\\\/sl\\\/#\\\/schema\\\/logo\\\/image\\\/\",\"url\":\"https:\\\/\\\/www.meavia-mh.hr\\\/wp-content\\\/uploads\\\/2020\\\/12\\\/Mea-Via.png\",\"contentUrl\":\"https:\\\/\\\/www.meavia-mh.hr\\\/wp-content\\\/uploads\\\/2020\\\/12\\\/Mea-Via.png\",\"width\":1181,\"height\":393,\"caption\":\"Mea Via Nails World\"},\"image\":{\"@id\":\"https:\\\/\\\/meavia-mh.hr\\\/sl\\\/#\\\/schema\\\/logo\\\/image\\\/\"},\"sameAs\":[\"https:\\\/\\\/www.facebook.com\\\/MeaViaNailsWorld\",\"https:\\\/\\\/www.instagram.com\\\/mea_via_nails_world\\\/\",\"https:\\\/\\\/www.youtube.com\\\/channel\\\/UCECk0hpRWP6TN-EfA4ER96g\\\/featured\"]}]}<\/script>\n<!-- \/ Yoast SEO plugin. -->","yoast_head_json":{"title":"\u010cistilo PALU \u22c6 Mea Via Beauty","description":"\u010cistilo PALU \u22c6 za \u010di\u0161\u010denje in razma\u0161\u010devanje nohtne plo\u0161\u010de \u22c6 za odstranjevanje disperzijske plasti \u22c6 razma\u0161\u010devanje nohtne plo\u0161\u010de brez izsu\u0161evanja \u22c6 najbolj\u0161a cena","robots":{"index":"index","follow":"follow","max-snippet":"max-snippet:-1","max-image-preview":"max-image-preview:large","max-video-preview":"max-video-preview:-1"},"canonical":"https:\/\/www.meavia-mh.hr\/sl\/product\/palu-cleaner\/","og_locale":"sl_SI","og_type":"article","og_title":"PALU cleaner &#8902; Mea Via Beauty","og_description":"PALU cleaner &#8902; za \u010di\u0161\u0107enje i odma\u0161\u0107ivanje plo\u010de nokta &#8902; za brisanje disperzijskog sloja &#8902; odma\u0161\u0107uje plo\u010du nokta bez isu\u0161ivanja &#8902; najbolja cijena","og_url":"https:\/\/www.meavia-mh.hr\/sl\/product\/palu-cleaner\/","og_site_name":"Mea Via Beauty","article_publisher":"https:\/\/www.facebook.com\/MeaViaNailsWorld","article_modified_time":"2026-04-16T14:39:04+00:00","og_image":[{"width":1500,"height":1500,"url":"https:\/\/www.meavia-mh.hr\/wp-content\/uploads\/2025\/09\/palu-cleaner-500.webp","type":"image\/webp"}],"twitter_card":"summary_large_image","twitter_misc":{"Est. reading time":"3 minute"},"schema":{"@context":"https:\/\/schema.org","@graph":[{"@type":"WebPage","@id":"https:\/\/www.meavia-mh.hr\/product\/palu-cleaner\/","url":"https:\/\/www.meavia-mh.hr\/product\/palu-cleaner\/","name":"\u010cistilo PALU \u22c6 Mea Via Beauty","isPartOf":{"@id":"https:\/\/meavia-mh.hr\/sl\/#website"},"primaryImageOfPage":{"@id":"https:\/\/www.meavia-mh.hr\/product\/palu-cleaner\/#primaryimage"},"image":{"@id":"https:\/\/www.meavia-mh.hr\/product\/palu-cleaner\/#primaryimage"},"thumbnailUrl":"https:\/\/www.meavia-mh.hr\/wp-content\/uploads\/2025\/09\/palu-cleaner-500.webp","datePublished":"2025-09-13T13:59:55+00:00","dateModified":"2026-04-16T14:39:04+00:00","description":"\u010cistilo PALU \u22c6 za \u010di\u0161\u010denje in razma\u0161\u010devanje nohtne plo\u0161\u010de \u22c6 za odstranjevanje disperzijske plasti \u22c6 razma\u0161\u010devanje nohtne plo\u0161\u010de brez izsu\u0161evanja \u22c6 najbolj\u0161a cena","breadcrumb":{"@id":"https:\/\/www.meavia-mh.hr\/product\/palu-cleaner\/#breadcrumb"},"inLanguage":"sl-SI","potentialAction":[{"@type":"ReadAction","target":["https:\/\/www.meavia-mh.hr\/product\/palu-cleaner\/"]}]},{"@type":"ImageObject","inLanguage":"sl-SI","@id":"https:\/\/www.meavia-mh.hr\/product\/palu-cleaner\/#primaryimage","url":"https:\/\/www.meavia-mh.hr\/wp-content\/uploads\/2025\/09\/palu-cleaner-500.webp","contentUrl":"https:\/\/www.meavia-mh.hr\/wp-content\/uploads\/2025\/09\/palu-cleaner-500.webp","width":1500,"height":1500,"caption":"palu-cleaner-500"},{"@type":"BreadcrumbList","@id":"https:\/\/www.meavia-mh.hr\/product\/palu-cleaner\/#breadcrumb","itemListElement":[{"@type":"ListItem","position":1,"name":"Po\u010detna stranica","item":"https:\/\/www.meavia-mh.hr\/"},{"@type":"ListItem","position":2,"name":"Trgovina","item":"https:\/\/meavia-mh.hr\/sl\/store\/"},{"@type":"ListItem","position":3,"name":"PALU cleaner"}]},{"@type":"WebSite","@id":"https:\/\/meavia-mh.hr\/sl\/#website","url":"https:\/\/meavia-mh.hr\/sl\/","name":"MEA VIA BEAUTY","description":"Only The Best For Your Beauty","publisher":{"@id":"https:\/\/meavia-mh.hr\/sl\/#organization"},"alternateName":"Mea Via Nails","potentialAction":[{"@type":"SearchAction","target":{"@type":"EntryPoint","urlTemplate":"https:\/\/meavia-mh.hr\/sl\/?s={search_term_string}"},"query-input":{"@type":"PropertyValueSpecification","valueRequired":true,"valueName":"search_term_string"}}],"inLanguage":"sl-SI"},{"@type":"Organization","@id":"https:\/\/meavia-mh.hr\/sl\/#organization","name":"Mea Via Nails World","alternateName":"Mea Via","url":"https:\/\/meavia-mh.hr\/sl\/","logo":{"@type":"ImageObject","inLanguage":"sl-SI","@id":"https:\/\/meavia-mh.hr\/sl\/#\/schema\/logo\/image\/","url":"https:\/\/www.meavia-mh.hr\/wp-content\/uploads\/2020\/12\/Mea-Via.png","contentUrl":"https:\/\/www.meavia-mh.hr\/wp-content\/uploads\/2020\/12\/Mea-Via.png","width":1181,"height":393,"caption":"Mea Via Nails World"},"image":{"@id":"https:\/\/meavia-mh.hr\/sl\/#\/schema\/logo\/image\/"},"sameAs":["https:\/\/www.facebook.com\/MeaViaNailsWorld","https:\/\/www.instagram.com\/mea_via_nails_world\/","https:\/\/www.youtube.com\/channel\/UCECk0hpRWP6TN-EfA4ER96g\/featured"]}]}},"spectra_custom_meta":{"total_sales":["62"],"_tax_status":["taxable"],"_tax_class":[""],"_manage_stock":["no"],"_backorders":["no"],"_sold_individually":["no"],"_virtual":["no"],"_downloadable":["no"],"_product_image_gallery":["42054"],"_download_limit":["-1"],"_download_expiry":["-1"],"_thumbnail_id":["42052"],"_stock":[null],"_stock_status":["instock"],"_wc_average_rating":["0"],"_wc_review_count":["0"],"_product_attributes":["a:1:{s:9:\"pakiranje\";a:6:{s:4:\"name\";s:9:\"Pakiranje\";s:5:\"value\";s:25:\"100 ml | 500 ml | 1000 ml\";s:8:\"position\";i:0;s:10:\"is_visible\";i:1;s:12:\"is_variation\";i:1;s:11:\"is_taxonomy\";i:0;}}"],"_product_version":["10.7.0"],"_wc_facebook_sync_enabled":["yes"],"_wp_page_template":["default"],"cartflows_redirect_flow_id":[""],"cartflows_add_to_cart_text":[""],"fb_brand":[""],"fb_mpn":[""],"fb_size":[""],"fb_color":[""],"fb_material":[""],"fb_pattern":[""],"fb_age_group":[""],"fb_gender":[""],"fb_product_condition":[""],"fb_visibility":["no"],"fb_product_description":[""],"fb_rich_text_description":[""],"_wc_facebook_product_image_source":["product"],"fb_product_video":["a:0:{}"],"site-sidebar-layout":["default"],"ast-site-content-layout":["default"],"site-content-style":["default"],"site-sidebar-style":["default"],"theme-transparent-header-meta":["default"],"stick-header-meta":["default"],"_yoast_wpseo_primary_product_brand":[""],"_yoast_wpseo_primary_product_cat":["115"],"_yoast_wpseo_focuskw":["cleaner"],"_yoast_wpseo_metadesc":["%%title%% %%sep%% za \u010di\u0161\u0107enje i odma\u0161\u0107ivanje plo\u010de nokta %%sep%% za brisanje disperzijskog sloja %%sep%% odma\u0161\u0107uje plo\u010du nokta bez isu\u0161ivanja %%sep%% najbolja cijena"],"_yoast_wpseo_linkdex":["84"],"_yoast_wpseo_content_score":["90"],"_yoast_wpseo_estimated-reading-time-minutes":["3"],"ast-above-header-display":[""],"ast-below-header-display":[""],"site-content-layout":[""],"_edit_lock":["1764544550:1239"],"_edit_last":["1239"],"fb_product_group_id":["1856566235257324"],"_wc_facebook_sync_enabled_v2":["yes"],"astra-migrate-meta-layouts":["set"],"_wc_facebook_enhanced_catalog_attributes_capacity":[""],"_wc_facebook_enhanced_catalog_attributes_ingredients":[""],"_wc_facebook_enhanced_catalog_attributes_additional_features":[""],"_wc_facebook_enhanced_catalog_attributes_power_type":[""],"_wc_facebook_enhanced_catalog_attributes_stop_use_indications":[""],"_wc_facebook_enhanced_catalog_attributes_standard_features":[""],"_wc_facebook_enhanced_catalog_attributes_spf_value":[""],"_wc_facebook_enhanced_catalog_attributes_skin_type":[""],"_wc_facebook_enhanced_catalog_attributes_skin_tone":[""],"_wc_facebook_enhanced_catalog_attributes_skin_care_concern":[""],"_wc_facebook_enhanced_catalog_attributes_scent":[""],"_wc_facebook_enhanced_catalog_attributes_result_time":[""],"_wc_facebook_enhanced_catalog_attributes_product_form":[""],"_wc_facebook_enhanced_catalog_attributes_keywords":[""],"_wc_facebook_enhanced_catalog_attributes_is_powered":[""],"_wc_facebook_enhanced_catalog_attributes_instructions":[""],"_wc_facebook_enhanced_catalog_attributes_inactive_ingredients":[""],"_wc_facebook_enhanced_catalog_attributes_health_concern":[""],"_wc_facebook_enhanced_catalog_attributes_hair_type":[""],"_wc_facebook_enhanced_catalog_attributes_care_instructions":[""],"_wc_facebook_enhanced_catalog_attributes_body_part":[""],"_wc_facebook_enhanced_catalog_attributes_batteries_required":[""],"_wc_facebook_enhanced_catalog_attributes_wig_cap_type":[""],"_last_change_time":["1770231750"],"_price":["6.99","9.50"],"_uag_page_assets":["a:9:{s:3:\"css\";s:0:\"\";s:2:\"js\";s:0:\"\";s:18:\"current_block_list\";a:3:{i:0;s:11:\"core\/search\";i:1;s:18:\"core\/legacy-widget\";i:2;s:27:\"woocommerce\/product-filters\";}s:8:\"uag_flag\";b:0;s:11:\"uag_version\";s:10:\"1776341704\";s:6:\"gfonts\";a:0:{}s:10:\"gfonts_url\";s:0:\"\";s:12:\"gfonts_files\";a:0:{}s:14:\"uag_faq_layout\";b:0;}"],"_elementor_page_assets":["a:0:{}"]},"uagb_featured_image_src":{"full":["https:\/\/www.meavia-mh.hr\/wp-content\/uploads\/2025\/09\/palu-cleaner-500.webp",1500,1500,false],"thumbnail":["https:\/\/www.meavia-mh.hr\/wp-content\/uploads\/2025\/09\/palu-cleaner-500-150x150.webp",150,150,true],"medium":["https:\/\/www.meavia-mh.hr\/wp-content\/uploads\/2025\/09\/palu-cleaner-500-300x300.webp",300,300,true],"medium_large":["https:\/\/www.meavia-mh.hr\/wp-content\/uploads\/2025\/09\/palu-cleaner-500-768x768.webp",768,768,true],"large":["https:\/\/www.meavia-mh.hr\/wp-content\/uploads\/2025\/09\/palu-cleaner-500-1024x1024.webp",1024,1024,true],"1536x1536":["https:\/\/www.meavia-mh.hr\/wp-content\/uploads\/2025\/09\/palu-cleaner-500.webp",1500,1500,false],"2048x2048":["https:\/\/www.meavia-mh.hr\/wp-content\/uploads\/2025\/09\/palu-cleaner-500.webp",1500,1500,false],"trp-custom-language-flag":["https:\/\/www.meavia-mh.hr\/wp-content\/uploads\/2025\/09\/palu-cleaner-500-12x12.webp",12,12,true],"woocommerce_thumbnail":["https:\/\/www.meavia-mh.hr\/wp-content\/uploads\/2025\/09\/palu-cleaner-500-300x300.webp",300,300,true],"woocommerce_single":["https:\/\/www.meavia-mh.hr\/wp-content\/uploads\/2025\/09\/palu-cleaner-500-600x600.webp",600,600,true],"woocommerce_gallery_thumbnail":["https:\/\/www.meavia-mh.hr\/wp-content\/uploads\/2025\/09\/palu-cleaner-500-100x100.webp",100,100,true]},"uagb_author_info":{"display_name":"Zla Gol","author_link":"https:\/\/www.meavia-mh.hr\/sl\/author\/"},"uagb_comment_info":0,"uagb_excerpt":"Teku\u0107ina za \u010di\u0161\u0107enje i odma\u0161\u0107ivanje plo\u010de nokta.","_links":{"self":[{"href":"https:\/\/www.meavia-mh.hr\/sl\/wp-json\/wp\/v2\/product\/42047","targetHints":{"allow":["GET"]}}],"collection":[{"href":"https:\/\/www.meavia-mh.hr\/sl\/wp-json\/wp\/v2\/product"}],"about":[{"href":"https:\/\/www.meavia-mh.hr\/sl\/wp-json\/wp\/v2\/types\/product"}],"replies":[{"embeddable":true,"href":"https:\/\/www.meavia-mh.hr\/sl\/wp-json\/wp\/v2\/comments?post=42047"}],"version-history":[{"count":1,"href":"https:\/\/www.meavia-mh.hr\/sl\/wp-json\/wp\/v2\/product\/42047\/revisions"}],"predecessor-version":[{"id":42056,"href":"https:\/\/www.meavia-mh.hr\/sl\/wp-json\/wp\/v2\/product\/42047\/revisions\/42056"}],"wp:featuredmedia":[{"embeddable":true,"href":"https:\/\/www.meavia-mh.hr\/sl\/wp-json\/wp\/v2\/media\/42052"}],"wp:attachment":[{"href":"https:\/\/www.meavia-mh.hr\/sl\/wp-json\/wp\/v2\/media?parent=42047"}],"wp:term":[{"taxonomy":"product_brand","embeddable":true,"href":"https:\/\/www.meavia-mh.hr\/sl\/wp-json\/wp\/v2\/product_brand?post=42047"},{"taxonomy":"product_cat","embeddable":true,"href":"https:\/\/www.meavia-mh.hr\/sl\/wp-json\/wp\/v2\/product_cat?post=42047"},{"taxonomy":"product_tag","embeddable":true,"href":"https:\/\/www.meavia-mh.hr\/sl\/wp-json\/wp\/v2\/product_tag?post=42047"}],"curies":[{"name":"delovni list","href":"https:\/\/api.w.org\/{rel}","templated":true}]}}