{"id":41962,"date":"2025-09-11T11:31:37","date_gmt":"2025-09-11T09:31:37","guid":{"rendered":"https:\/\/www.meavia-mh.hr\/?post_type=product&#038;p=41962"},"modified":"2026-04-07T08:57:27","modified_gmt":"2026-04-07T07:57:27","slug":"palu-ulje-za-kutikulu-cherry-crush","status":"publish","type":"product","link":"https:\/\/www.meavia-mh.hr\/sl\/product\/palu-ulje-za-kutikulu-cherry-crush\/","title":{"rendered":"PALU  olje za obnohtno ko\u017eico Cherry Crush"},"content":{"rendered":"<p>Preizkusite ga <strong>Olje za obnohtno ko\u017eico PALU Cherry Crush 15 ml<\/strong> in svojim rokam privo\u0161\u010dite nego, ki si jo zaslu\u017eijo, s so\u010dnim vonjem \u010de\u0161nje, ki spominja na brezskrbne poletne dni.<\/p>\n<p>Ta vla\u017eilni oljni serum je idealen za vse, ki si \u017eelite lepih, negovanih in mehkih rok. Formula obogatena z oljem sladkega mandlja in oljem breskove ko\u0161\u010dice poskrbi za globoko hidracijo, hkrati pa meh\u010da ko\u017eo in ji vra\u010da elasti\u010dnost. Zahvaljujo\u010d prakti\u010dni embala\u017ei s pipeto je olje enostavno za uporabo, bodisi doma, v salonu ali na poti.<\/p>\n<p><strong>Olje za obnohtno ko\u017eico PALU je na voljo v ve\u010d di\u0161avnih notah:<\/strong><\/p>\n<ul>\n<li><a href=\"https:\/\/www.meavia-mh.hr\/sl\/proizvod\/palu-ulje-za-kutikulu-wild-island\/\"><strong>DIVJI OTOK<\/strong><\/a> \u2013 sve\u017e, citrusni vonj, kot divji sprehod po neznanih pokrajinah.<\/li>\n<li><a href=\"https:\/\/www.meavia-mh.hr\/sl\/proizvod\/palu-ulje-za-kutikulu-botanical-garden\/\"><strong>BOTANI\u010cNI VRT<\/strong><\/a> \u2013 cvetli\u010dna, sladka di\u0161ava s prevladujo\u010dimi notami belega cvetja, ki spominja na sprehod po cvetli\u010dnih vrtovih.<\/li>\n<li><a href=\"https:\/\/www.meavia-mh.hr\/sl\/product\/palu-ulje-za-kutikulu-cherry-crush\/\"><strong><span dir=\"auto\">\u010cE\u0160NJEV DROBE<\/span><\/strong><\/a><span dir=\"auto\">\u00a0\u2013 so\u010den vonj \u010de\u0161nje, ki vas spominja na brezskrbne poletne dni.<\/span><\/li>\n<\/ul>\n<figure id=\"attachment_41965\" aria-describedby=\"caption-attachment-41965\" style=\"width: 724px\" class=\"wp-caption aligncenter\"><a href=\"https:\/\/www.meavia-mh.hr\/wp-content\/uploads\/2025\/09\/Palu-oliwka-wisnia-en-1920px.webp\"><img fetchpriority=\"high\" decoding=\"async\" class=\"wp-image-41965 size-large\" src=\"https:\/\/www.meavia-mh.hr\/wp-content\/uploads\/2025\/09\/Palu-oliwka-wisnia-en-1920px-724x1024.webp\" alt=\"PALU ulje za kutikulu\" width=\"724\" height=\"1024\" srcset=\"https:\/\/www.meavia-mh.hr\/wp-content\/uploads\/2025\/09\/Palu-oliwka-wisnia-en-1920px-724x1024.webp 724w, https:\/\/www.meavia-mh.hr\/wp-content\/uploads\/2025\/09\/Palu-oliwka-wisnia-en-1920px-212x300.webp 212w, https:\/\/www.meavia-mh.hr\/wp-content\/uploads\/2025\/09\/Palu-oliwka-wisnia-en-1920px-768x1086.webp 768w, https:\/\/www.meavia-mh.hr\/wp-content\/uploads\/2025\/09\/Palu-oliwka-wisnia-en-1920px-1086x1536.webp 1086w, https:\/\/www.meavia-mh.hr\/wp-content\/uploads\/2025\/09\/Palu-oliwka-wisnia-en-1920px-8x12.webp 8w, https:\/\/www.meavia-mh.hr\/wp-content\/uploads\/2025\/09\/Palu-oliwka-wisnia-en-1920px-600x848.webp 600w, https:\/\/www.meavia-mh.hr\/wp-content\/uploads\/2025\/09\/Palu-oliwka-wisnia-en-1920px.webp 1358w\" sizes=\"(max-width: 724px) 100vw, 724px\" \/><\/a><figcaption id=\"caption-attachment-41965\" class=\"wp-caption-text\">Olje za obnohtno ko\u017eico PALU<\/figcaption><\/figure>\n<p><strong><span class=\"\">Vpliv olja na stanje<\/span><\/strong><span class=\"\"> obnohtno ko\u017eico <\/span><strong><span class=\"\">je nesporno<\/span><\/strong><span class=\"\"> - kaj pa nohti? <\/span>Ali vla\u017eilne lastnosti izdelka vplivajo tudi na nohtno plo\u0161\u010do? To! <strong>Olja imajo hranilne lastnosti ne le za obnohtno ko\u017eico<\/strong>, ampak tudi za nohte. Sestava olj, ki jih vsebujejo, jih naredi mo\u010dnej\u0161e in izjemno hidrirane. Poleg tega poskrbijo za bolj\u0161o mikrocirkulacijo pod nohtno plo\u0161\u010do in jo vidno zgladijo. <strong>Prijavite se in se prepri\u010dajte sami<\/strong> kako popolni bodo va\u0161i nohti in obnohtna ko\u017eica.<\/p>\n<p><span class=\"\">Popolna hidracija, popolna regeneracija in \u010dudovit vonj, v katerega se boste zaljubili \u017ee ob prvem nanosu! <\/span><strong><span class=\"\">Vsako lepo oblikovanje nohtov se za\u010dne z negovano ko\u017eo rok<\/span><\/strong> \u2013 zato je vla\u017eilno olje nujno potreben izdelek v va\u0161i kozmeti\u010dni torbici. Podarite svojim rokam nego, ki si jo zaslu\u017eijo, z oljem za obnohtno ko\u017eico in nohte Palu Botanical Garden. Naro\u010dite \u0161e danes!<\/p>\n<h3>Klju\u010dne prednosti:<\/h3>\n<ul>\n<li>Prepre\u010duje izsu\u0161itev ko\u017ee okoli nohtov<\/li>\n<li>Izbolj\u0161a videz in stanje ko\u017ee<\/li>\n<li>Hidrira in meh\u010da<\/li>\n<li>Olje sladkega mandlja in breskove ko\u0161\u010dice poskrbita za nego in elasti\u010dnost<\/li>\n<li>Hitro se vpije<\/li>\n<li>Na voljo v ve\u010d o\u010darljivih vonjih<\/li>\n<li>\n<h5>Pakiranje: 15 ml<\/h5>\n<\/li>\n<\/ul>\n<h4><strong>Vrsta uporabe:<\/strong><\/h4>\n<p>Olje nanesite na \u010disto ko\u017eo okoli nohtov in ne\u017eno masirajte, dokler se ne vpije.<\/p>\n<h4>SESTAVA\/Ingredients\/INCI:<\/h4>\n<p style=\"font-weight: 400;\">Paraffinum Liquidum, Prunus Amygdalus Dulcis Oil, Prunus Persica Kernel Oil, Parfum, Amyl Cinnamal, Limonene +\/- CI 16255, CI 42090, CI 19140, CI 26100<\/p>\n<p><em><span class=\"\">* navedena sestava se lahko spremeni.\u00a0<\/span><span class=\"\">Celotno sestavo INCI najdete na embala\u017ei izdelka.<\/span><\/em><\/p>\n<h5>Previdnostni ukrepi:<\/h5>\n<ul>\n<li>Hraniti izven pogleda in dosega otrok.<\/li>\n<li>Izogibajte se stiku z o\u010dmi.<\/li>\n<li>Ne uporabljajte v primeru preob\u010dutljivosti na katero koli sestavino izdelka.<\/li>\n<li>V primeru kakr\u0161nih koli ne\u017eelenih u\u010dinkov ali preob\u010dutljivosti, kot so peko\u010d ob\u010dutek, srbenje, pordelost ipd., je treba zdravilo prekiniti.<\/li>\n<li>Ne uporabljajte na na\u010din, ki ni v skladu z namenom.<\/li>\n<li>Ne uporabljajte po poteku roka uporabnosti.<\/li>\n<\/ul>\n<p>Cena se nana\u0161a na prodajo preko interneta. Fotografija izdelka morda ne bo v celoti ustrezala dejanskemu izgledu in vsebini izdelka. V primeru tehni\u010dnih napak Mea Via ne prevzema odgovornosti za to\u010dnost prikazanih cen in fotografij.\u00a0<em>Upo\u0161tevajte, da se po najbolj\u0161ih mo\u010deh trudimo zagotoviti, da slika, predstavljena na spletnem mestu, najbolje odra\u017ea dejanske barve na\u0161ih izdelkov. Dejavniki, ki jih med brskanjem ne moremo nadzorovati, kot so osvetlitev, vrsta uporabljene elektronske opreme, nastavitve zaslona ali grafi\u010dna kartica - vplivajo na sprejem\/interpretacijo gledane slike.<\/em><\/p>","protected":false},"excerpt":{"rendered":"<ul>\n<li>Prepre\u010duje izsu\u0161itev ko\u017ee okoli nohtov<\/li>\n<li>Izbolj\u0161a videz in stanje ko\u017ee<\/li>\n<li>Hidrira in meh\u010da<\/li>\n<\/ul>","protected":false},"featured_media":41964,"comment_status":"closed","ping_status":"closed","template":"","meta":{"_uag_custom_page_level_css":"","site-sidebar-layout":"default","site-content-layout":"","ast-site-content-layout":"default","site-content-style":"default","site-sidebar-style":"default","ast-global-header-display":"","ast-banner-title-visibility":"","ast-main-header-display":"","ast-hfb-above-header-display":"","ast-hfb-below-header-display":"","ast-hfb-mobile-header-display":"","site-post-title":"","ast-breadcrumbs-content":"","ast-featured-img":"","footer-sml-layout":"","ast-disable-related-posts":"","theme-transparent-header-meta":"default","adv-header-id-meta":"","stick-header-meta":"default","header-above-stick-meta":"","header-main-stick-meta":"","header-below-stick-meta":"","astra-migrate-meta-layouts":"set","ast-page-background-enabled":"default","ast-page-background-meta":{"desktop":{"background-color":"var(--ast-global-color-4)","background-image":"","background-repeat":"repeat","background-position":"center center","background-size":"auto","background-attachment":"scroll","background-type":"","background-media":"","overlay-type":"","overlay-color":"","overlay-opacity":"","overlay-gradient":""},"tablet":{"background-color":"","background-image":"","background-repeat":"repeat","background-position":"center center","background-size":"auto","background-attachment":"scroll","background-type":"","background-media":"","overlay-type":"","overlay-color":"","overlay-opacity":"","overlay-gradient":""},"mobile":{"background-color":"","background-image":"","background-repeat":"repeat","background-position":"center center","background-size":"auto","background-attachment":"scroll","background-type":"","background-media":"","overlay-type":"","overlay-color":"","overlay-opacity":"","overlay-gradient":""}},"ast-content-background-meta":{"desktop":{"background-color":"var(--ast-global-color-5)","background-image":"","background-repeat":"repeat","background-position":"center center","background-size":"auto","background-attachment":"scroll","background-type":"","background-media":"","overlay-type":"","overlay-color":"","overlay-opacity":"","overlay-gradient":""},"tablet":{"background-color":"var(--ast-global-color-5)","background-image":"","background-repeat":"repeat","background-position":"center center","background-size":"auto","background-attachment":"scroll","background-type":"","background-media":"","overlay-type":"","overlay-color":"","overlay-opacity":"","overlay-gradient":""},"mobile":{"background-color":"var(--ast-global-color-5)","background-image":"","background-repeat":"repeat","background-position":"center center","background-size":"auto","background-attachment":"scroll","background-type":"","background-media":"","overlay-type":"","overlay-color":"","overlay-opacity":"","overlay-gradient":""}}},"product_brand":[606],"product_cat":[118,523,27],"product_tag":[325,326],"class_list":{"0":"post-41962","1":"product","2":"type-product","3":"status-publish","4":"has-post-thumbnail","6":"product_brand-palu","7":"product_cat-njegu-ruku-i-nogu","8":"product_cat-novo","9":"product_cat-palu","10":"product_tag-ulje-za-kutikulu","11":"product_tag-ulje-za-zanoktice","12":"desktop-align-left","13":"tablet-align-left","14":"mobile-align-left","15":"ast-product-gallery-layout-horizontal-slider","16":"ast-product-tabs-layout-horizontal","18":"first","19":"instock","20":"taxable","21":"shipping-taxable","22":"purchasable","23":"product-type-simple"},"yoast_head":"<!-- This site is optimized with the Yoast SEO plugin v27.4 - https:\/\/yoast.com\/product\/yoast-seo-wordpress\/ -->\n<title>PALU ulje za kutikulu Cherry Crush &#8902; Mea Via Beauty<\/title>\n<meta name=\"description\" content=\"PALU ulje za kutikulu Cherry Crush &#8902; hidratantno ulje za zanoktice &#8902; vrhunska kvaliteta &#8902; oboga\u0107eno hranjivim sastojcima &#8902; njeguje i \u0161titi nokte\" \/>\n<meta name=\"robots\" content=\"index, follow, max-snippet:-1, max-image-preview:large, max-video-preview:-1\" \/>\n<link rel=\"canonical\" href=\"https:\/\/www.meavia-mh.hr\/sl\/product\/palu-ulje-za-kutikulu-cherry-crush\/\" \/>\n<meta property=\"og:locale\" content=\"sl_SI\" \/>\n<meta property=\"og:type\" content=\"article\" \/>\n<meta property=\"og:title\" content=\"PALU ulje za kutikulu Cherry Crush &#8902; Mea Via Beauty\" \/>\n<meta property=\"og:description\" content=\"PALU ulje za kutikulu Cherry Crush &#8902; hidratantno ulje za zanoktice &#8902; vrhunska kvaliteta &#8902; oboga\u0107eno hranjivim sastojcima &#8902; njeguje i \u0161titi nokte\" \/>\n<meta property=\"og:url\" content=\"https:\/\/www.meavia-mh.hr\/sl\/product\/palu-ulje-za-kutikulu-cherry-crush\/\" \/>\n<meta property=\"og:site_name\" content=\"Mea Via Beauty\" \/>\n<meta property=\"article:publisher\" content=\"https:\/\/www.facebook.com\/MeaViaNailsWorld\" \/>\n<meta property=\"article:modified_time\" content=\"2026-04-07T07:57:27+00:00\" \/>\n<meta property=\"og:image\" content=\"https:\/\/www.meavia-mh.hr\/wp-content\/uploads\/2025\/09\/PALU_CHERRY-CRUSH_white.webp\" \/>\n\t<meta property=\"og:image:width\" content=\"1500\" \/>\n\t<meta property=\"og:image:height\" content=\"1500\" \/>\n\t<meta property=\"og:image:type\" content=\"image\/webp\" \/>\n<meta name=\"twitter:card\" content=\"summary_large_image\" \/>\n<meta name=\"twitter:label1\" content=\"Est. reading time\" \/>\n\t<meta name=\"twitter:data1\" content=\"4 minute\" \/>\n<script type=\"application\/ld+json\" class=\"yoast-schema-graph\">{\"@context\":\"https:\\\/\\\/schema.org\",\"@graph\":[{\"@type\":\"WebPage\",\"@id\":\"https:\\\/\\\/www.meavia-mh.hr\\\/product\\\/palu-ulje-za-kutikulu-cherry-crush\\\/\",\"url\":\"https:\\\/\\\/www.meavia-mh.hr\\\/product\\\/palu-ulje-za-kutikulu-cherry-crush\\\/\",\"name\":\"PALU ulje za kutikulu Cherry Crush &#8902; Mea Via Beauty\",\"isPartOf\":{\"@id\":\"https:\\\/\\\/meavia-mh.hr\\\/sl\\\/#website\"},\"primaryImageOfPage\":{\"@id\":\"https:\\\/\\\/www.meavia-mh.hr\\\/product\\\/palu-ulje-za-kutikulu-cherry-crush\\\/#primaryimage\"},\"image\":{\"@id\":\"https:\\\/\\\/www.meavia-mh.hr\\\/product\\\/palu-ulje-za-kutikulu-cherry-crush\\\/#primaryimage\"},\"thumbnailUrl\":\"https:\\\/\\\/www.meavia-mh.hr\\\/wp-content\\\/uploads\\\/2025\\\/09\\\/PALU_CHERRY-CRUSH_white.webp\",\"datePublished\":\"2025-09-11T09:31:37+00:00\",\"dateModified\":\"2026-04-07T07:57:27+00:00\",\"description\":\"PALU ulje za kutikulu Cherry Crush &#8902; hidratantno ulje za zanoktice &#8902; vrhunska kvaliteta &#8902; oboga\u0107eno hranjivim sastojcima &#8902; njeguje i \u0161titi nokte\",\"breadcrumb\":{\"@id\":\"https:\\\/\\\/www.meavia-mh.hr\\\/product\\\/palu-ulje-za-kutikulu-cherry-crush\\\/#breadcrumb\"},\"inLanguage\":\"sl-SI\",\"potentialAction\":[{\"@type\":\"ReadAction\",\"target\":[\"https:\\\/\\\/www.meavia-mh.hr\\\/product\\\/palu-ulje-za-kutikulu-cherry-crush\\\/\"]}]},{\"@type\":\"ImageObject\",\"inLanguage\":\"sl-SI\",\"@id\":\"https:\\\/\\\/www.meavia-mh.hr\\\/product\\\/palu-ulje-za-kutikulu-cherry-crush\\\/#primaryimage\",\"url\":\"https:\\\/\\\/www.meavia-mh.hr\\\/wp-content\\\/uploads\\\/2025\\\/09\\\/PALU_CHERRY-CRUSH_white.webp\",\"contentUrl\":\"https:\\\/\\\/www.meavia-mh.hr\\\/wp-content\\\/uploads\\\/2025\\\/09\\\/PALU_CHERRY-CRUSH_white.webp\",\"width\":1500,\"height\":1500,\"caption\":\"PALU ulje za kutikulu Cherry Crush\"},{\"@type\":\"BreadcrumbList\",\"@id\":\"https:\\\/\\\/www.meavia-mh.hr\\\/product\\\/palu-ulje-za-kutikulu-cherry-crush\\\/#breadcrumb\",\"itemListElement\":[{\"@type\":\"ListItem\",\"position\":1,\"name\":\"Po\u010detna stranica\",\"item\":\"https:\\\/\\\/www.meavia-mh.hr\\\/\"},{\"@type\":\"ListItem\",\"position\":2,\"name\":\"Trgovina\",\"item\":\"https:\\\/\\\/meavia-mh.hr\\\/sl\\\/store\\\/\"},{\"@type\":\"ListItem\",\"position\":3,\"name\":\"PALU ulje za kutikulu Cherry Crush\"}]},{\"@type\":\"WebSite\",\"@id\":\"https:\\\/\\\/meavia-mh.hr\\\/sl\\\/#website\",\"url\":\"https:\\\/\\\/meavia-mh.hr\\\/sl\\\/\",\"name\":\"Mea Via Beauty\",\"description\":\"Only The Best For Your Beauty\",\"publisher\":{\"@id\":\"https:\\\/\\\/meavia-mh.hr\\\/sl\\\/#organization\"},\"alternateName\":\"Mea Via Nails\",\"potentialAction\":[{\"@type\":\"SearchAction\",\"target\":{\"@type\":\"EntryPoint\",\"urlTemplate\":\"https:\\\/\\\/meavia-mh.hr\\\/sl\\\/?s={search_term_string}\"},\"query-input\":{\"@type\":\"PropertyValueSpecification\",\"valueRequired\":true,\"valueName\":\"search_term_string\"}}],\"inLanguage\":\"sl-SI\"},{\"@type\":\"Organization\",\"@id\":\"https:\\\/\\\/meavia-mh.hr\\\/sl\\\/#organization\",\"name\":\"Mea Via Nails World\",\"alternateName\":\"Mea Via\",\"url\":\"https:\\\/\\\/meavia-mh.hr\\\/sl\\\/\",\"logo\":{\"@type\":\"ImageObject\",\"inLanguage\":\"sl-SI\",\"@id\":\"https:\\\/\\\/meavia-mh.hr\\\/sl\\\/#\\\/schema\\\/logo\\\/image\\\/\",\"url\":\"https:\\\/\\\/www.meavia-mh.hr\\\/wp-content\\\/uploads\\\/2020\\\/12\\\/Mea-Via.png\",\"contentUrl\":\"https:\\\/\\\/www.meavia-mh.hr\\\/wp-content\\\/uploads\\\/2020\\\/12\\\/Mea-Via.png\",\"width\":1181,\"height\":393,\"caption\":\"Mea Via Nails World\"},\"image\":{\"@id\":\"https:\\\/\\\/meavia-mh.hr\\\/sl\\\/#\\\/schema\\\/logo\\\/image\\\/\"},\"sameAs\":[\"https:\\\/\\\/www.facebook.com\\\/MeaViaNailsWorld\",\"https:\\\/\\\/www.instagram.com\\\/mea_via_nails_world\\\/\",\"https:\\\/\\\/www.youtube.com\\\/channel\\\/UCECk0hpRWP6TN-EfA4ER96g\\\/featured\"]}]}<\/script>\n<!-- \/ Yoast SEO plugin. -->","yoast_head_json":{"title":"PALU olje za obnohtno ko\u017eico Cherry Crush \u22c6 Mea Via Beauty","description":"PALU olje za obnohtno ko\u017eico Cherry Crush \u22c6 vla\u017eilno olje za obnohtno ko\u017eico \u22c6 vrhunska kakovost \u22c6 obogateno s hranili \u22c6 neguje in \u0161\u010diti nohte","robots":{"index":"index","follow":"follow","max-snippet":"max-snippet:-1","max-image-preview":"max-image-preview:large","max-video-preview":"max-video-preview:-1"},"canonical":"https:\/\/www.meavia-mh.hr\/sl\/product\/palu-ulje-za-kutikulu-cherry-crush\/","og_locale":"sl_SI","og_type":"article","og_title":"PALU ulje za kutikulu Cherry Crush &#8902; Mea Via Beauty","og_description":"PALU ulje za kutikulu Cherry Crush &#8902; hidratantno ulje za zanoktice &#8902; vrhunska kvaliteta &#8902; oboga\u0107eno hranjivim sastojcima &#8902; njeguje i \u0161titi nokte","og_url":"https:\/\/www.meavia-mh.hr\/sl\/product\/palu-ulje-za-kutikulu-cherry-crush\/","og_site_name":"Mea Via Beauty","article_publisher":"https:\/\/www.facebook.com\/MeaViaNailsWorld","article_modified_time":"2026-04-07T07:57:27+00:00","og_image":[{"width":1500,"height":1500,"url":"https:\/\/www.meavia-mh.hr\/wp-content\/uploads\/2025\/09\/PALU_CHERRY-CRUSH_white.webp","type":"image\/webp"}],"twitter_card":"summary_large_image","twitter_misc":{"Est. reading time":"4 minute"},"schema":{"@context":"https:\/\/schema.org","@graph":[{"@type":"WebPage","@id":"https:\/\/www.meavia-mh.hr\/product\/palu-ulje-za-kutikulu-cherry-crush\/","url":"https:\/\/www.meavia-mh.hr\/product\/palu-ulje-za-kutikulu-cherry-crush\/","name":"PALU olje za obnohtno ko\u017eico Cherry Crush \u22c6 Mea Via Beauty","isPartOf":{"@id":"https:\/\/meavia-mh.hr\/sl\/#website"},"primaryImageOfPage":{"@id":"https:\/\/www.meavia-mh.hr\/product\/palu-ulje-za-kutikulu-cherry-crush\/#primaryimage"},"image":{"@id":"https:\/\/www.meavia-mh.hr\/product\/palu-ulje-za-kutikulu-cherry-crush\/#primaryimage"},"thumbnailUrl":"https:\/\/www.meavia-mh.hr\/wp-content\/uploads\/2025\/09\/PALU_CHERRY-CRUSH_white.webp","datePublished":"2025-09-11T09:31:37+00:00","dateModified":"2026-04-07T07:57:27+00:00","description":"PALU olje za obnohtno ko\u017eico Cherry Crush \u22c6 vla\u017eilno olje za obnohtno ko\u017eico \u22c6 vrhunska kakovost \u22c6 obogateno s hranili \u22c6 neguje in \u0161\u010diti nohte","breadcrumb":{"@id":"https:\/\/www.meavia-mh.hr\/product\/palu-ulje-za-kutikulu-cherry-crush\/#breadcrumb"},"inLanguage":"sl-SI","potentialAction":[{"@type":"ReadAction","target":["https:\/\/www.meavia-mh.hr\/product\/palu-ulje-za-kutikulu-cherry-crush\/"]}]},{"@type":"ImageObject","inLanguage":"sl-SI","@id":"https:\/\/www.meavia-mh.hr\/product\/palu-ulje-za-kutikulu-cherry-crush\/#primaryimage","url":"https:\/\/www.meavia-mh.hr\/wp-content\/uploads\/2025\/09\/PALU_CHERRY-CRUSH_white.webp","contentUrl":"https:\/\/www.meavia-mh.hr\/wp-content\/uploads\/2025\/09\/PALU_CHERRY-CRUSH_white.webp","width":1500,"height":1500,"caption":"PALU ulje za kutikulu Cherry Crush"},{"@type":"BreadcrumbList","@id":"https:\/\/www.meavia-mh.hr\/product\/palu-ulje-za-kutikulu-cherry-crush\/#breadcrumb","itemListElement":[{"@type":"ListItem","position":1,"name":"Po\u010detna stranica","item":"https:\/\/www.meavia-mh.hr\/"},{"@type":"ListItem","position":2,"name":"Trgovina","item":"https:\/\/meavia-mh.hr\/sl\/store\/"},{"@type":"ListItem","position":3,"name":"PALU ulje za kutikulu Cherry Crush"}]},{"@type":"WebSite","@id":"https:\/\/meavia-mh.hr\/sl\/#website","url":"https:\/\/meavia-mh.hr\/sl\/","name":"MEA VIA BEAUTY","description":"Only The Best For Your Beauty","publisher":{"@id":"https:\/\/meavia-mh.hr\/sl\/#organization"},"alternateName":"Mea Via Nails","potentialAction":[{"@type":"SearchAction","target":{"@type":"EntryPoint","urlTemplate":"https:\/\/meavia-mh.hr\/sl\/?s={search_term_string}"},"query-input":{"@type":"PropertyValueSpecification","valueRequired":true,"valueName":"search_term_string"}}],"inLanguage":"sl-SI"},{"@type":"Organization","@id":"https:\/\/meavia-mh.hr\/sl\/#organization","name":"Mea Via Nails World","alternateName":"Mea Via","url":"https:\/\/meavia-mh.hr\/sl\/","logo":{"@type":"ImageObject","inLanguage":"sl-SI","@id":"https:\/\/meavia-mh.hr\/sl\/#\/schema\/logo\/image\/","url":"https:\/\/www.meavia-mh.hr\/wp-content\/uploads\/2020\/12\/Mea-Via.png","contentUrl":"https:\/\/www.meavia-mh.hr\/wp-content\/uploads\/2020\/12\/Mea-Via.png","width":1181,"height":393,"caption":"Mea Via Nails World"},"image":{"@id":"https:\/\/meavia-mh.hr\/sl\/#\/schema\/logo\/image\/"},"sameAs":["https:\/\/www.facebook.com\/MeaViaNailsWorld","https:\/\/www.instagram.com\/mea_via_nails_world\/","https:\/\/www.youtube.com\/channel\/UCECk0hpRWP6TN-EfA4ER96g\/featured"]}]}},"spectra_custom_meta":{"_sku":["5903819839005"],"_regular_price":["3.99"],"total_sales":["37"],"_tax_status":["taxable"],"_tax_class":[""],"_manage_stock":["yes"],"_backorders":["no"],"_sold_individually":["no"],"_virtual":["no"],"_downloadable":["no"],"_product_image_gallery":["41965,41963"],"_download_limit":["-1"],"_download_expiry":["-1"],"_thumbnail_id":["41964"],"_stock":["3"],"_stock_status":["instock"],"_wc_average_rating":["0"],"_wc_review_count":["0"],"_product_version":["10.6.2"],"_price":["3.99"],"_wp_page_template":["default"],"_yoast_wpseo_focuskw":["ulje za kutikulu"],"_yoast_wpseo_linkdex":["84"],"_yoast_wpseo_content_score":["90"],"_yoast_wpseo_estimated-reading-time-minutes":["4"],"_yoast_wpseo_wordproof_timestamp":[""],"cartflows_redirect_flow_id":[""],"cartflows_add_to_cart_text":[""],"_woocs_price_geo_countries":[""],"_woocs_regular_price_geo":[""],"_woocs_sale_price_geo":[""],"site-sidebar-layout":["default"],"theme-transparent-header-meta":["default"],"stick-header-meta":["default"],"_yoast_wpseo_primary_product_cat":["118"],"_yoast_wpseo_metadesc":["%%title%% %%sep%% hidratantno ulje za zanoktice %%sep%% vrhunska kvaliteta %%sep%% oboga\u0107eno hranjivim sastojcima %%sep%% njeguje i \u0161titi nokte"],"_woocs_regular_price_EUR":["2.12"],"_woocs_sale_price_EUR":["-1"],"_lowest_price_30_days":["2.12"],"ast-site-content-layout":["default"],"site-content-style":["default"],"site-sidebar-style":["default"],"_yoast_wpseo_primary_fb_product_set":[""],"uag_migration_processed":["1"],"ast-above-header-display":[""],"ast-below-header-display":[""],"site-content-layout":[""],"_wc_facebook_sync_enabled":["yes"],"fb_visibility":["yes"],"fb_product_description":[""],"fb_rich_text_description":[""],"_wc_facebook_product_image_source":["product"],"fb_product_video":["a:0:{}"],"fb_brand":[""],"fb_mpn":[""],"fb_size":[""],"fb_color":[""],"fb_material":[""],"fb_pattern":[""],"fb_age_group":[""],"fb_gender":[""],"fb_product_condition":[""],"_yoast_wpseo_primary_product_brand":[""],"_edit_lock":["1759582422:1239"],"_edit_last":["1239"],"astra-migrate-meta-layouts":["set"],"_last_change_time":["1774583929"],"_uag_page_assets":["a:9:{s:3:\"css\";s:0:\"\";s:2:\"js\";s:0:\"\";s:18:\"current_block_list\";a:3:{i:0;s:11:\"core\/search\";i:1;s:18:\"core\/legacy-widget\";i:2;s:27:\"woocommerce\/product-filters\";}s:8:\"uag_flag\";b:0;s:11:\"uag_version\";s:10:\"1776341704\";s:6:\"gfonts\";a:0:{}s:10:\"gfonts_url\";s:0:\"\";s:12:\"gfonts_files\";a:0:{}s:14:\"uag_faq_layout\";b:0;}"],"_elementor_page_assets":["a:0:{}"]},"uagb_featured_image_src":{"full":["https:\/\/www.meavia-mh.hr\/wp-content\/uploads\/2025\/09\/PALU_CHERRY-CRUSH_white.webp",1500,1500,false],"thumbnail":["https:\/\/www.meavia-mh.hr\/wp-content\/uploads\/2025\/09\/PALU_CHERRY-CRUSH_white-150x150.webp",150,150,true],"medium":["https:\/\/www.meavia-mh.hr\/wp-content\/uploads\/2025\/09\/PALU_CHERRY-CRUSH_white-300x300.webp",300,300,true],"medium_large":["https:\/\/www.meavia-mh.hr\/wp-content\/uploads\/2025\/09\/PALU_CHERRY-CRUSH_white-768x768.webp",768,768,true],"large":["https:\/\/www.meavia-mh.hr\/wp-content\/uploads\/2025\/09\/PALU_CHERRY-CRUSH_white-1024x1024.webp",1024,1024,true],"1536x1536":["https:\/\/www.meavia-mh.hr\/wp-content\/uploads\/2025\/09\/PALU_CHERRY-CRUSH_white.webp",1500,1500,false],"2048x2048":["https:\/\/www.meavia-mh.hr\/wp-content\/uploads\/2025\/09\/PALU_CHERRY-CRUSH_white.webp",1500,1500,false],"trp-custom-language-flag":["https:\/\/www.meavia-mh.hr\/wp-content\/uploads\/2025\/09\/PALU_CHERRY-CRUSH_white-12x12.webp",12,12,true],"woocommerce_thumbnail":["https:\/\/www.meavia-mh.hr\/wp-content\/uploads\/2025\/09\/PALU_CHERRY-CRUSH_white-300x300.webp",300,300,true],"woocommerce_single":["https:\/\/www.meavia-mh.hr\/wp-content\/uploads\/2025\/09\/PALU_CHERRY-CRUSH_white-600x600.webp",600,600,true],"woocommerce_gallery_thumbnail":["https:\/\/www.meavia-mh.hr\/wp-content\/uploads\/2025\/09\/PALU_CHERRY-CRUSH_white-100x100.webp",100,100,true]},"uagb_author_info":{"display_name":"Zla Gol","author_link":"https:\/\/www.meavia-mh.hr\/sl\/author\/"},"uagb_comment_info":0,"uagb_excerpt":"Sprje\u010dava isu\u0161ivanje ko\u017eice oko noktiju Pobolj\u0161ava izgled i stanje ko\u017eice Hidratizira i omek\u0161ava","_links":{"self":[{"href":"https:\/\/www.meavia-mh.hr\/sl\/wp-json\/wp\/v2\/product\/41962","targetHints":{"allow":["GET"]}}],"collection":[{"href":"https:\/\/www.meavia-mh.hr\/sl\/wp-json\/wp\/v2\/product"}],"about":[{"href":"https:\/\/www.meavia-mh.hr\/sl\/wp-json\/wp\/v2\/types\/product"}],"replies":[{"embeddable":true,"href":"https:\/\/www.meavia-mh.hr\/sl\/wp-json\/wp\/v2\/comments?post=41962"}],"version-history":[{"count":2,"href":"https:\/\/www.meavia-mh.hr\/sl\/wp-json\/wp\/v2\/product\/41962\/revisions"}],"predecessor-version":[{"id":41967,"href":"https:\/\/www.meavia-mh.hr\/sl\/wp-json\/wp\/v2\/product\/41962\/revisions\/41967"}],"wp:featuredmedia":[{"embeddable":true,"href":"https:\/\/www.meavia-mh.hr\/sl\/wp-json\/wp\/v2\/media\/41964"}],"wp:attachment":[{"href":"https:\/\/www.meavia-mh.hr\/sl\/wp-json\/wp\/v2\/media?parent=41962"}],"wp:term":[{"taxonomy":"product_brand","embeddable":true,"href":"https:\/\/www.meavia-mh.hr\/sl\/wp-json\/wp\/v2\/product_brand?post=41962"},{"taxonomy":"product_cat","embeddable":true,"href":"https:\/\/www.meavia-mh.hr\/sl\/wp-json\/wp\/v2\/product_cat?post=41962"},{"taxonomy":"product_tag","embeddable":true,"href":"https:\/\/www.meavia-mh.hr\/sl\/wp-json\/wp\/v2\/product_tag?post=41962"}],"curies":[{"name":"delovni list","href":"https:\/\/api.w.org\/{rel}","templated":true}]}}