{"id":3979,"date":"2020-12-28T17:48:03","date_gmt":"2020-12-28T17:48:03","guid":{"rendered":"https:\/\/www.meavia-mh.hr\/?post_type=product&#038;p=3979"},"modified":"2026-01-24T08:20:04","modified_gmt":"2026-01-24T07:20:04","slug":"palu-water-effect-ink-we1","status":"publish","type":"product","link":"https:\/\/www.meavia-mh.hr\/sl\/product\/palu-water-effect-ink-we1\/","title":{"rendered":"PALU Water Effect ink WE1"},"content":{"rendered":"<p>\u010crnilo PALU Water Effect WE1 (u\u010dinek vodnega \u010drnila) je nov u\u010dinek, ki bo razveselil va\u0161e stranke in na njihovih nohtih ustvaril \u010dudovite u\u010dinke, kot so dim, marmor ali akvarel.<\/p>\n<ul>\n<li>kot nala\u0161\u010d za okraske, kot so dim, marmor in akvarel<\/li>\n<li>vam daje neomejene mo\u017enosti za ustvarjanje ozadij za oblikovanje in elegantne dekoracije<\/li>\n<li>zelo u\u010dinkovit in enostaven za uporabo<\/li>\n<li>na voljo v 9 osnovnih barvah, ki se popolnoma me\u0161ajo, kar daje neomejene mo\u017enosti barv pri dekoriranju<\/li>\n<li>za mokro oblikovanje<\/li>\n<li>zelo hitro se zamegli in v kratkem \u010dasu ustvari izvirne in u\u010dinkovite okraske<\/li>\n<li>dermatolo\u0161ko preizku\u0161en izdelek<\/li>\n<li>brez \u0161kodljivih in strupenih snovi<\/li>\n<\/ul>\n<h6>Pakiranje: 6 ml<\/h6>\n<p><strong>KAKO UPORABITI:<\/strong><\/p>\n<p>Na strjeno plast hibridnega (trajnega) laka nanesite majhno koli\u010dino <strong>PALU \u010crnilo z vodnim u\u010dinkom WE1<\/strong>, postavljanje pik razli\u010dnih velikosti. Pridobljene vzorce nanesite z vla\u017eno krta\u010do <a href=\"https:\/\/www.meavia-mh.hr\/sl\/product\/palu-water-effect-thinner\/\">Razred\u010dilo za efekt vode PALU<\/a> (razred\u010dilo za vodni u\u010dinek tnte). \u010ce \u017eelite pove\u010dati intenzivnost barve, po\u010dakajte nekaj \u010dasa, nato ponovite nanos. Pustite, da se posu\u0161i. Na koncu nanesite \u0161e zaklju\u010dni sloj, kot je - <a href=\"https:\/\/www.meavia-mh.hr\/sl\/product\/palu-top-matt-no-wipe\/\">PALU Top Matt Brez brisanja.<\/a><\/p>\n<h6>Video navodila za uporabo:<\/h6>\n<p><a href=\"https:\/\/youtu.be\/QrNlYzB0mPE\">https:\/\/youtu.be\/QrNlYzB0mPE<\/a><\/p>\n<p>&nbsp;<\/p>\n<p><strong>SESTAVA:<\/strong><\/p>\n<p>SESTAVINE: METIL, ALKOHOL, ACETON, (+\/-) CI 77891, CI 77007, CI 15880, CI 73360, CI 19140, CI 77266, CI 74260, CI 77019, CI 74160<\/p>","protected":false},"excerpt":{"rendered":"<p><img decoding=\"async\" class=\"alignnone wp-image-1574 size-thumbnail\" src=\"https:\/\/www.meavia-mh.hr\/wp-content\/uploads\/2020\/12\/palu-dermatologically-tested-150x150.png\" alt=\"palu dermatologically tested\" width=\"150\" height=\"150\" srcset=\"https:\/\/www.meavia-mh.hr\/wp-content\/uploads\/2020\/12\/palu-dermatologically-tested-150x150.png 150w, https:\/\/www.meavia-mh.hr\/wp-content\/uploads\/2020\/12\/palu-dermatologically-tested-100x100.png 100w, https:\/\/www.meavia-mh.hr\/wp-content\/uploads\/2020\/12\/palu-dermatologically-tested.png 252w\" sizes=\"(max-width: 150px) 100vw, 150px\" \/><\/p>","protected":false},"featured_media":3985,"comment_status":"closed","ping_status":"closed","template":"","meta":{"_uag_custom_page_level_css":"","site-sidebar-layout":"default","site-content-layout":null,"ast-site-content-layout":"default","site-content-style":"default","site-sidebar-style":"default","ast-global-header-display":"","ast-banner-title-visibility":"","ast-main-header-display":"","ast-hfb-above-header-display":"","ast-hfb-below-header-display":"","ast-hfb-mobile-header-display":"","site-post-title":"","ast-breadcrumbs-content":null,"ast-featured-img":"","footer-sml-layout":"","ast-disable-related-posts":"","theme-transparent-header-meta":"default","adv-header-id-meta":"","stick-header-meta":"default","header-above-stick-meta":"","header-main-stick-meta":"","header-below-stick-meta":"","astra-migrate-meta-layouts":"default","ast-page-background-enabled":"default","ast-page-background-meta":{"desktop":{"background-color":"var(--ast-global-color-4)","background-image":"","background-repeat":"repeat","background-position":"center center","background-size":"auto","background-attachment":"scroll","background-type":"","background-media":"","overlay-type":"","overlay-color":"","overlay-opacity":"","overlay-gradient":""},"tablet":{"background-color":"","background-image":"","background-repeat":"repeat","background-position":"center center","background-size":"auto","background-attachment":"scroll","background-type":"","background-media":"","overlay-type":"","overlay-color":"","overlay-opacity":"","overlay-gradient":""},"mobile":{"background-color":"","background-image":"","background-repeat":"repeat","background-position":"center center","background-size":"auto","background-attachment":"scroll","background-type":"","background-media":"","overlay-type":"","overlay-color":"","overlay-opacity":"","overlay-gradient":""}},"ast-content-background-meta":{"desktop":{"background-color":"var(--ast-global-color-5)","background-image":"","background-repeat":"repeat","background-position":"center center","background-size":"auto","background-attachment":"scroll","background-type":"","background-media":"","overlay-type":"","overlay-color":"","overlay-opacity":"","overlay-gradient":""},"tablet":{"background-color":"var(--ast-global-color-5)","background-image":"","background-repeat":"repeat","background-position":"center center","background-size":"auto","background-attachment":"scroll","background-type":"","background-media":"","overlay-type":"","overlay-color":"","overlay-opacity":"","overlay-gradient":""},"mobile":{"background-color":"var(--ast-global-color-5)","background-image":"","background-repeat":"repeat","background-position":"center center","background-size":"auto","background-attachment":"scroll","background-type":"","background-media":"","overlay-type":"","overlay-color":"","overlay-opacity":"","overlay-gradient":""}}},"product_brand":[606],"product_cat":[110,27,121,411],"product_tag":[70,37,201],"class_list":{"0":"post-3979","1":"product","2":"type-product","3":"status-publish","4":"has-post-thumbnail","6":"product_brand-palu","7":"product_cat-nail-art","8":"product_cat-palu","9":"product_cat-palu-trajni-lak-gel-polish","10":"product_cat-water-effect-ink","11":"product_tag-polish","12":"product_tag-trajni-lak","13":"product_tag-water-effect","14":"desktop-align-left","15":"tablet-align-left","16":"mobile-align-left","17":"ast-product-gallery-layout-horizontal-slider","18":"ast-product-tabs-layout-horizontal","20":"first","21":"outofstock","22":"taxable","23":"shipping-taxable","24":"purchasable","25":"product-type-simple"},"yoast_head":"<!-- This site is optimized with the Yoast SEO plugin v27.4 - https:\/\/yoast.com\/product\/yoast-seo-wordpress\/ -->\n<title>PALU Water Effect ink WE1 &#8902; Mea Via Beauty Vodeni efekt tinte<\/title>\n<meta name=\"description\" content=\"PALU Water Effect ink WE1 &#8902; vodeni efekt tinte za trajni lak &#8902; savr\u0161eno za ukrase poput dima, mramora i akvarela &#8902; dermatolo\u0161ki testiran\" \/>\n<meta name=\"robots\" content=\"index, follow, max-snippet:-1, max-image-preview:large, max-video-preview:-1\" \/>\n<link rel=\"canonical\" href=\"https:\/\/www.meavia-mh.hr\/sl\/product\/palu-water-effect-ink-we1\/\" \/>\n<meta property=\"og:locale\" content=\"sl_SI\" \/>\n<meta property=\"og:type\" content=\"article\" \/>\n<meta property=\"og:title\" content=\"PALU Water Effect ink WE1 &#8902; Mea Via Beauty Vodeni efekt tinte\" \/>\n<meta property=\"og:description\" content=\"PALU Water Effect ink WE1 &#8902; vodeni efekt tinte za trajni lak &#8902; savr\u0161eno za ukrase poput dima, mramora i akvarela &#8902; dermatolo\u0161ki testiran\" \/>\n<meta property=\"og:url\" content=\"https:\/\/www.meavia-mh.hr\/sl\/product\/palu-water-effect-ink-we1\/\" \/>\n<meta property=\"og:site_name\" content=\"Mea Via Beauty\" \/>\n<meta property=\"article:publisher\" content=\"https:\/\/www.facebook.com\/MeaViaNailsWorld\" \/>\n<meta property=\"article:modified_time\" content=\"2026-01-24T07:20:04+00:00\" \/>\n<meta property=\"og:image\" content=\"https:\/\/www.meavia-mh.hr\/wp-content\/uploads\/2020\/12\/PALU-Water-Effect-ink-WE1.jpg\" \/>\n\t<meta property=\"og:image:width\" content=\"1310\" \/>\n\t<meta property=\"og:image:height\" content=\"1414\" \/>\n\t<meta property=\"og:image:type\" content=\"image\/jpeg\" \/>\n<meta name=\"twitter:card\" content=\"summary_large_image\" \/>\n<meta name=\"twitter:label1\" content=\"Est. reading time\" \/>\n\t<meta name=\"twitter:data1\" content=\"1 minuta\" \/>\n<script type=\"application\/ld+json\" class=\"yoast-schema-graph\">{\"@context\":\"https:\\\/\\\/schema.org\",\"@graph\":[{\"@type\":\"WebPage\",\"@id\":\"https:\\\/\\\/www.meavia-mh.hr\\\/product\\\/palu-water-effect-ink-we1\\\/\",\"url\":\"https:\\\/\\\/www.meavia-mh.hr\\\/product\\\/palu-water-effect-ink-we1\\\/\",\"name\":\"PALU Water Effect ink WE1 &#8902; Mea Via Beauty Vodeni efekt tinte\",\"isPartOf\":{\"@id\":\"https:\\\/\\\/meavia-mh.hr\\\/sl\\\/#website\"},\"primaryImageOfPage\":{\"@id\":\"https:\\\/\\\/www.meavia-mh.hr\\\/product\\\/palu-water-effect-ink-we1\\\/#primaryimage\"},\"image\":{\"@id\":\"https:\\\/\\\/www.meavia-mh.hr\\\/product\\\/palu-water-effect-ink-we1\\\/#primaryimage\"},\"thumbnailUrl\":\"https:\\\/\\\/www.meavia-mh.hr\\\/wp-content\\\/uploads\\\/2020\\\/12\\\/PALU-Water-Effect-ink-WE1.jpg\",\"datePublished\":\"2020-12-28T17:48:03+00:00\",\"dateModified\":\"2026-01-24T07:20:04+00:00\",\"description\":\"PALU Water Effect ink WE1 &#8902; vodeni efekt tinte za trajni lak &#8902; savr\u0161eno za ukrase poput dima, mramora i akvarela &#8902; dermatolo\u0161ki testiran\",\"breadcrumb\":{\"@id\":\"https:\\\/\\\/www.meavia-mh.hr\\\/product\\\/palu-water-effect-ink-we1\\\/#breadcrumb\"},\"inLanguage\":\"sl-SI\",\"potentialAction\":[{\"@type\":\"ReadAction\",\"target\":[\"https:\\\/\\\/www.meavia-mh.hr\\\/product\\\/palu-water-effect-ink-we1\\\/\"]}]},{\"@type\":\"ImageObject\",\"inLanguage\":\"sl-SI\",\"@id\":\"https:\\\/\\\/www.meavia-mh.hr\\\/product\\\/palu-water-effect-ink-we1\\\/#primaryimage\",\"url\":\"https:\\\/\\\/www.meavia-mh.hr\\\/wp-content\\\/uploads\\\/2020\\\/12\\\/PALU-Water-Effect-ink-WE1.jpg\",\"contentUrl\":\"https:\\\/\\\/www.meavia-mh.hr\\\/wp-content\\\/uploads\\\/2020\\\/12\\\/PALU-Water-Effect-ink-WE1.jpg\",\"width\":1310,\"height\":1414,\"caption\":\"PALU Water Effect ink WE1\"},{\"@type\":\"BreadcrumbList\",\"@id\":\"https:\\\/\\\/www.meavia-mh.hr\\\/product\\\/palu-water-effect-ink-we1\\\/#breadcrumb\",\"itemListElement\":[{\"@type\":\"ListItem\",\"position\":1,\"name\":\"Po\u010detna stranica\",\"item\":\"https:\\\/\\\/www.meavia-mh.hr\\\/\"},{\"@type\":\"ListItem\",\"position\":2,\"name\":\"Trgovina\",\"item\":\"https:\\\/\\\/meavia-mh.hr\\\/sl\\\/store\\\/\"},{\"@type\":\"ListItem\",\"position\":3,\"name\":\"PALU Water Effect ink WE1\"}]},{\"@type\":\"WebSite\",\"@id\":\"https:\\\/\\\/meavia-mh.hr\\\/sl\\\/#website\",\"url\":\"https:\\\/\\\/meavia-mh.hr\\\/sl\\\/\",\"name\":\"Mea Via Beauty\",\"description\":\"Only The Best For Your Beauty\",\"publisher\":{\"@id\":\"https:\\\/\\\/meavia-mh.hr\\\/sl\\\/#organization\"},\"alternateName\":\"Mea Via Nails\",\"potentialAction\":[{\"@type\":\"SearchAction\",\"target\":{\"@type\":\"EntryPoint\",\"urlTemplate\":\"https:\\\/\\\/meavia-mh.hr\\\/sl\\\/?s={search_term_string}\"},\"query-input\":{\"@type\":\"PropertyValueSpecification\",\"valueRequired\":true,\"valueName\":\"search_term_string\"}}],\"inLanguage\":\"sl-SI\"},{\"@type\":\"Organization\",\"@id\":\"https:\\\/\\\/meavia-mh.hr\\\/sl\\\/#organization\",\"name\":\"Mea Via Nails World\",\"alternateName\":\"Mea Via\",\"url\":\"https:\\\/\\\/meavia-mh.hr\\\/sl\\\/\",\"logo\":{\"@type\":\"ImageObject\",\"inLanguage\":\"sl-SI\",\"@id\":\"https:\\\/\\\/meavia-mh.hr\\\/sl\\\/#\\\/schema\\\/logo\\\/image\\\/\",\"url\":\"https:\\\/\\\/www.meavia-mh.hr\\\/wp-content\\\/uploads\\\/2020\\\/12\\\/Mea-Via.png\",\"contentUrl\":\"https:\\\/\\\/www.meavia-mh.hr\\\/wp-content\\\/uploads\\\/2020\\\/12\\\/Mea-Via.png\",\"width\":1181,\"height\":393,\"caption\":\"Mea Via Nails World\"},\"image\":{\"@id\":\"https:\\\/\\\/meavia-mh.hr\\\/sl\\\/#\\\/schema\\\/logo\\\/image\\\/\"},\"sameAs\":[\"https:\\\/\\\/www.facebook.com\\\/MeaViaNailsWorld\",\"https:\\\/\\\/www.instagram.com\\\/mea_via_nails_world\\\/\",\"https:\\\/\\\/www.youtube.com\\\/channel\\\/UCECk0hpRWP6TN-EfA4ER96g\\\/featured\"]}]}<\/script>\n<!-- \/ Yoast SEO plugin. -->","yoast_head_json":{"title":"PALU \u010crnilo z vodnim u\u010dinkom WE1 \u22c6 \u010crnilo z vodnim u\u010dinkom Mea Via Beauty","description":"PALU \u010drnilo z vodnim u\u010dinkom WE1 \u22c6 \u010drnilo z vodnim u\u010dinkom za permanentni lak \u22c6 idealno za dekoracije, kot so dim, marmor in akvarel \u22c6 dermatolo\u0161ko testirano","robots":{"index":"index","follow":"follow","max-snippet":"max-snippet:-1","max-image-preview":"max-image-preview:large","max-video-preview":"max-video-preview:-1"},"canonical":"https:\/\/www.meavia-mh.hr\/sl\/product\/palu-water-effect-ink-we1\/","og_locale":"sl_SI","og_type":"article","og_title":"PALU Water Effect ink WE1 &#8902; Mea Via Beauty Vodeni efekt tinte","og_description":"PALU Water Effect ink WE1 &#8902; vodeni efekt tinte za trajni lak &#8902; savr\u0161eno za ukrase poput dima, mramora i akvarela &#8902; dermatolo\u0161ki testiran","og_url":"https:\/\/www.meavia-mh.hr\/sl\/product\/palu-water-effect-ink-we1\/","og_site_name":"Mea Via Beauty","article_publisher":"https:\/\/www.facebook.com\/MeaViaNailsWorld","article_modified_time":"2026-01-24T07:20:04+00:00","og_image":[{"width":1310,"height":1414,"url":"https:\/\/www.meavia-mh.hr\/wp-content\/uploads\/2020\/12\/PALU-Water-Effect-ink-WE1.jpg","type":"image\/jpeg"}],"twitter_card":"summary_large_image","twitter_misc":{"Est. reading time":"1 minuta"},"schema":{"@context":"https:\/\/schema.org","@graph":[{"@type":"WebPage","@id":"https:\/\/www.meavia-mh.hr\/product\/palu-water-effect-ink-we1\/","url":"https:\/\/www.meavia-mh.hr\/product\/palu-water-effect-ink-we1\/","name":"PALU \u010crnilo z vodnim u\u010dinkom WE1 \u22c6 \u010crnilo z vodnim u\u010dinkom Mea Via Beauty","isPartOf":{"@id":"https:\/\/meavia-mh.hr\/sl\/#website"},"primaryImageOfPage":{"@id":"https:\/\/www.meavia-mh.hr\/product\/palu-water-effect-ink-we1\/#primaryimage"},"image":{"@id":"https:\/\/www.meavia-mh.hr\/product\/palu-water-effect-ink-we1\/#primaryimage"},"thumbnailUrl":"https:\/\/www.meavia-mh.hr\/wp-content\/uploads\/2020\/12\/PALU-Water-Effect-ink-WE1.jpg","datePublished":"2020-12-28T17:48:03+00:00","dateModified":"2026-01-24T07:20:04+00:00","description":"PALU \u010drnilo z vodnim u\u010dinkom WE1 \u22c6 \u010drnilo z vodnim u\u010dinkom za permanentni lak \u22c6 idealno za dekoracije, kot so dim, marmor in akvarel \u22c6 dermatolo\u0161ko testirano","breadcrumb":{"@id":"https:\/\/www.meavia-mh.hr\/product\/palu-water-effect-ink-we1\/#breadcrumb"},"inLanguage":"sl-SI","potentialAction":[{"@type":"ReadAction","target":["https:\/\/www.meavia-mh.hr\/product\/palu-water-effect-ink-we1\/"]}]},{"@type":"ImageObject","inLanguage":"sl-SI","@id":"https:\/\/www.meavia-mh.hr\/product\/palu-water-effect-ink-we1\/#primaryimage","url":"https:\/\/www.meavia-mh.hr\/wp-content\/uploads\/2020\/12\/PALU-Water-Effect-ink-WE1.jpg","contentUrl":"https:\/\/www.meavia-mh.hr\/wp-content\/uploads\/2020\/12\/PALU-Water-Effect-ink-WE1.jpg","width":1310,"height":1414,"caption":"PALU Water Effect ink WE1"},{"@type":"BreadcrumbList","@id":"https:\/\/www.meavia-mh.hr\/product\/palu-water-effect-ink-we1\/#breadcrumb","itemListElement":[{"@type":"ListItem","position":1,"name":"Po\u010detna stranica","item":"https:\/\/www.meavia-mh.hr\/"},{"@type":"ListItem","position":2,"name":"Trgovina","item":"https:\/\/meavia-mh.hr\/sl\/store\/"},{"@type":"ListItem","position":3,"name":"PALU Water Effect ink WE1"}]},{"@type":"WebSite","@id":"https:\/\/meavia-mh.hr\/sl\/#website","url":"https:\/\/meavia-mh.hr\/sl\/","name":"MEA VIA BEAUTY","description":"Only The Best For Your Beauty","publisher":{"@id":"https:\/\/meavia-mh.hr\/sl\/#organization"},"alternateName":"Mea Via Nails","potentialAction":[{"@type":"SearchAction","target":{"@type":"EntryPoint","urlTemplate":"https:\/\/meavia-mh.hr\/sl\/?s={search_term_string}"},"query-input":{"@type":"PropertyValueSpecification","valueRequired":true,"valueName":"search_term_string"}}],"inLanguage":"sl-SI"},{"@type":"Organization","@id":"https:\/\/meavia-mh.hr\/sl\/#organization","name":"Mea Via Nails World","alternateName":"Mea Via","url":"https:\/\/meavia-mh.hr\/sl\/","logo":{"@type":"ImageObject","inLanguage":"sl-SI","@id":"https:\/\/meavia-mh.hr\/sl\/#\/schema\/logo\/image\/","url":"https:\/\/www.meavia-mh.hr\/wp-content\/uploads\/2020\/12\/Mea-Via.png","contentUrl":"https:\/\/www.meavia-mh.hr\/wp-content\/uploads\/2020\/12\/Mea-Via.png","width":1181,"height":393,"caption":"Mea Via Nails World"},"image":{"@id":"https:\/\/meavia-mh.hr\/sl\/#\/schema\/logo\/image\/"},"sameAs":["https:\/\/www.facebook.com\/MeaViaNailsWorld","https:\/\/www.instagram.com\/mea_via_nails_world\/","https:\/\/www.youtube.com\/channel\/UCECk0hpRWP6TN-EfA4ER96g\/featured"]}]}},"spectra_custom_meta":{"_edit_last":["1239"],"_edit_lock":["1754933512:1239"],"_wp_page_template":["default"],"_yoast_wpseo_content_score":["90"],"total_sales":["31"],"_tax_status":["taxable"],"_tax_class":[""],"_manage_stock":["yes"],"_backorders":["no"],"_sold_individually":["no"],"_virtual":["no"],"_downloadable":["no"],"_download_limit":["-1"],"_download_expiry":["-1"],"_stock":["0.000000"],"_stock_status":["outofstock"],"_wc_average_rating":["0"],"_wc_review_count":["0"],"_product_version":["10.4.3"],"_yoast_wpseo_primary_product_cat":["121"],"site-sidebar-layout":["default"],"site-content-layout":[null],"theme-transparent-header-meta":["default"],"stick-header-meta":["default"],"_oembed_dde4af1e5ff9128957cfd432ce393edb":["<iframe title=\"Water Effect PALU\" width=\"500\" height=\"375\" src=\"https:\/\/www.youtube.com\/embed\/QrNlYzB0mPE?feature=oembed\" frameborder=\"0\" allow=\"accelerometer; autoplay; clipboard-write; encrypted-media; gyroscope; picture-in-picture\" allowfullscreen><\/iframe>"],"_oembed_time_dde4af1e5ff9128957cfd432ce393edb":["1612950672"],"_oembed_4752adb7de750cb0d97d3498f41ef6aa":["<iframe title=\"Water Effect PALU\" width=\"898\" height=\"674\" src=\"https:\/\/www.youtube.com\/embed\/QrNlYzB0mPE?feature=oembed\" frameborder=\"0\" allow=\"accelerometer; autoplay; clipboard-write; encrypted-media; gyroscope; picture-in-picture\" allowfullscreen><\/iframe>"],"_oembed_time_4752adb7de750cb0d97d3498f41ef6aa":["1609178413"],"_yoast_wpseo_focuskw":["PALU Water Effect ink WE1"],"_yoast_wpseo_metadesc":["%%title%% %%sep%% vodeni efekt tinte za trajni lak %%sep%% savr\u0161eno za ukrase poput dima, mramora i akvarela %%sep%% dermatolo\u0161ki testiran"],"_yoast_wpseo_linkdex":["64"],"_sku":["KAT05994"],"_regular_price":["7.99"],"_price":["7.99"],"_oembed_482998e93046fefe25a58455efc48ce2":["<iframe title=\"Water Effect PALU\" width=\"922\" height=\"692\" src=\"https:\/\/www.youtube.com\/embed\/QrNlYzB0mPE?feature=oembed\" frameborder=\"0\" allow=\"accelerometer; autoplay; clipboard-write; encrypted-media; gyroscope; picture-in-picture\" allowfullscreen><\/iframe>"],"_oembed_time_482998e93046fefe25a58455efc48ce2":["1609180842"],"_oembed_5ace3956fa1281082e1524c09a148a3e":["<iframe title=\"Water Effect PALU\" width=\"1200\" height=\"900\" src=\"https:\/\/www.youtube.com\/embed\/QrNlYzB0mPE?feature=oembed\" frameborder=\"0\" allow=\"accelerometer; autoplay; clipboard-write; encrypted-media; gyroscope; picture-in-picture\" allowfullscreen><\/iframe>"],"_oembed_time_5ace3956fa1281082e1524c09a148a3e":["1609181326"],"_thumbnail_id":["3985"],"_product_image_gallery":["3987,3986"],"_yoast_wpseo_title":["%%title%% %%page%% %%sep%% %%sitename%% Vodeni efekt tinte"],"_yoast_wpseo_estimated-reading-time-minutes":["1"],"_woocs_regular_price_EUR":["5.3"],"_woocs_sale_price_EUR":["-1"],"_woocs_price_geo_countries":[""],"_woocs_regular_price_geo":[""],"_woocs_sale_price_geo":[""],"_lowest_price_30_days":["5.3"],"_oembed_afbbf937f39bd20770ec61a2894a0ac2":["{{unknown}}"],"uag_migration_processed":["1"],"ast-above-header-display":[null],"ast-below-header-display":[null],"footer-adv-display":[null],"adv-header-id-meta":[""],"ast-breadcrumbs-content":[null],"_uag_page_assets":["a:9:{s:3:\"css\";s:0:\"\";s:2:\"js\";s:0:\"\";s:18:\"current_block_list\";a:3:{i:0;s:11:\"core\/search\";i:1;s:18:\"core\/legacy-widget\";i:2;s:27:\"woocommerce\/product-filters\";}s:8:\"uag_flag\";b:0;s:11:\"uag_version\";s:10:\"1776802693\";s:6:\"gfonts\";a:0:{}s:10:\"gfonts_url\";s:0:\"\";s:12:\"gfonts_files\";a:0:{}s:14:\"uag_faq_layout\";b:0;}"]},"uagb_featured_image_src":{"full":["https:\/\/www.meavia-mh.hr\/wp-content\/uploads\/2020\/12\/PALU-Water-Effect-ink-WE1.jpg",1310,1414,false],"thumbnail":["https:\/\/www.meavia-mh.hr\/wp-content\/uploads\/2020\/12\/PALU-Water-Effect-ink-WE1-150x150.jpg",150,150,true],"medium":["https:\/\/www.meavia-mh.hr\/wp-content\/uploads\/2020\/12\/PALU-Water-Effect-ink-WE1-278x300.jpg",278,300,true],"medium_large":["https:\/\/www.meavia-mh.hr\/wp-content\/uploads\/2020\/12\/PALU-Water-Effect-ink-WE1-768x829.jpg",768,829,true],"large":["https:\/\/www.meavia-mh.hr\/wp-content\/uploads\/2020\/12\/PALU-Water-Effect-ink-WE1-949x1024.jpg",949,1024,true],"1536x1536":["https:\/\/www.meavia-mh.hr\/wp-content\/uploads\/2020\/12\/PALU-Water-Effect-ink-WE1.jpg",1310,1414,false],"2048x2048":["https:\/\/www.meavia-mh.hr\/wp-content\/uploads\/2020\/12\/PALU-Water-Effect-ink-WE1.jpg",1310,1414,false],"trp-custom-language-flag":["https:\/\/www.meavia-mh.hr\/wp-content\/uploads\/2020\/12\/PALU-Water-Effect-ink-WE1.jpg",11,12,false],"woocommerce_thumbnail":["https:\/\/www.meavia-mh.hr\/wp-content\/uploads\/2020\/12\/PALU-Water-Effect-ink-WE1-300x300.jpg",300,300,true],"woocommerce_single":["https:\/\/www.meavia-mh.hr\/wp-content\/uploads\/2020\/12\/PALU-Water-Effect-ink-WE1-600x648.jpg",600,648,true],"woocommerce_gallery_thumbnail":["https:\/\/www.meavia-mh.hr\/wp-content\/uploads\/2020\/12\/PALU-Water-Effect-ink-WE1-100x100.jpg",100,100,true]},"uagb_author_info":{"display_name":"Mea Via","author_link":"https:\/\/www.meavia-mh.hr\/sl\/author\/"},"uagb_comment_info":0,"uagb_excerpt":null,"_links":{"self":[{"href":"https:\/\/www.meavia-mh.hr\/sl\/wp-json\/wp\/v2\/product\/3979","targetHints":{"allow":["GET"]}}],"collection":[{"href":"https:\/\/www.meavia-mh.hr\/sl\/wp-json\/wp\/v2\/product"}],"about":[{"href":"https:\/\/www.meavia-mh.hr\/sl\/wp-json\/wp\/v2\/types\/product"}],"replies":[{"embeddable":true,"href":"https:\/\/www.meavia-mh.hr\/sl\/wp-json\/wp\/v2\/comments?post=3979"}],"version-history":[{"count":1,"href":"https:\/\/www.meavia-mh.hr\/sl\/wp-json\/wp\/v2\/product\/3979\/revisions"}],"predecessor-version":[{"id":31464,"href":"https:\/\/www.meavia-mh.hr\/sl\/wp-json\/wp\/v2\/product\/3979\/revisions\/31464"}],"wp:featuredmedia":[{"embeddable":true,"href":"https:\/\/www.meavia-mh.hr\/sl\/wp-json\/wp\/v2\/media\/3985"}],"wp:attachment":[{"href":"https:\/\/www.meavia-mh.hr\/sl\/wp-json\/wp\/v2\/media?parent=3979"}],"wp:term":[{"taxonomy":"product_brand","embeddable":true,"href":"https:\/\/www.meavia-mh.hr\/sl\/wp-json\/wp\/v2\/product_brand?post=3979"},{"taxonomy":"product_cat","embeddable":true,"href":"https:\/\/www.meavia-mh.hr\/sl\/wp-json\/wp\/v2\/product_cat?post=3979"},{"taxonomy":"product_tag","embeddable":true,"href":"https:\/\/www.meavia-mh.hr\/sl\/wp-json\/wp\/v2\/product_tag?post=3979"}],"curies":[{"name":"delovni list","href":"https:\/\/api.w.org\/{rel}","templated":true}]}}